{"id":98411,"date":"2026-04-22T08:02:57","date_gmt":"2026-04-22T06:02:57","guid":{"rendered":"https:\/\/bien-etreiris.ch\/produktpraesentation\/aromatherapie\/selbst-herstellen\/distillation\/"},"modified":"2026-04-22T08:05:59","modified_gmt":"2026-04-22T06:05:59","slug":"distillation","status":"publish","type":"page","link":"https:\/\/bien-etreiris.ch\/de\/produktpraesentation\/aromatherapie\/selbst-herstellen\/material-zur-herstellung\/distillation\/","title":{"rendered":"DISTILLATION"},"content":{"rendered":"\n<h2>Distillation<\/h2>\n<p>La <b>distillation<\/b> est un proc\u00e9d\u00e9 de s\u00e9paration de m\u00e9lange de substances liquides dont les temp\u00e9ratures d'\u00e9bullition sont diff\u00e9rentes. Elle permet de s\u00e9parer les constituants d'un m\u00e9lange homog\u00e8ne. Sous l'effet de la chaleur ou d'une faible pression (loi des gaz parfaits), les substances se vaporisent successivement, et la vapeur obtenue est liqu\u00e9fi\u00e9e pour donner le distillat.<\/p>\n<p>&nbsp;<\/p>\n\n\n","protected":false},"excerpt":{"rendered":"<p>Distillation La distillation est un proc\u00e9d\u00e9 de s\u00e9paration de m\u00e9lange de substances liquides dont les temp\u00e9ratures d'\u00e9bullition sont diff\u00e9rentes. Elle permet de s\u00e9parer les constituants d'un m\u00e9lange homog\u00e8ne. Sous l'effet de la chaleur ou d'une faible pression (loi des gaz parfaits), les substances se vaporisent successivement, et la vapeur obtenue est liqu\u00e9fi\u00e9e pour donner le distillat. &nbsp;<\/p>\n","protected":false},"author":1,"featured_media":98407,"parent":21207,"menu_order":6,"comment_status":"closed","ping_status":"closed","template":"page-with-child.php","meta":{"_acf_changed":false,"ngg_post_thumbnail":0,"footnotes":""},"class_list":["post-98411","page","type-page","status-publish","has-post-thumbnail","hentry"],"acf":[],"yoast_head":"<!-- This site is optimized with the Yoast SEO plugin v27.4 - https:\/\/yoast.com\/product\/yoast-seo-wordpress\/ -->\n<title>DISTILLATION - WOHLBEFINDEN<\/title>\n<meta name=\"robots\" content=\"index, follow, max-snippet:-1, max-image-preview:large, max-video-preview:-1\" \/>\n<link rel=\"canonical\" href=\"https:\/\/bien-etreiris.ch\/de\/produktpraesentation\/aromatherapie\/selbst-herstellen\/material-zur-herstellung\/distillation\/\" \/>\n<meta property=\"og:locale\" content=\"de_DE\" \/>\n<meta property=\"og:type\" content=\"article\" \/>\n<meta property=\"og:title\" content=\"DISTILLATION - WOHLBEFINDEN\" \/>\n<meta property=\"og:description\" content=\"Distillation La distillation est un proc\u00e9d\u00e9 de s\u00e9paration de m\u00e9lange de substances liquides dont les temp\u00e9ratures d&#039;\u00e9bullition sont diff\u00e9rentes. Elle permet de s\u00e9parer les constituants d&#039;un m\u00e9lange homog\u00e8ne. Sous l&#039;effet de la chaleur ou d&#039;une faible pression (loi des gaz parfaits), les substances se vaporisent successivement, et la vapeur obtenue est liqu\u00e9fi\u00e9e pour donner le distillat. &nbsp;\" \/>\n<meta property=\"og:url\" content=\"https:\/\/bien-etreiris.ch\/de\/produktpraesentation\/aromatherapie\/selbst-herstellen\/material-zur-herstellung\/distillation\/\" \/>\n<meta property=\"og:site_name\" content=\"WOHLBEFINDEN\" \/>\n<meta property=\"article:publisher\" content=\"https:\/\/www.facebook.com\/bienetreiris\/\" \/>\n<meta property=\"article:modified_time\" content=\"2026-04-22T06:05:59+00:00\" \/>\n<meta property=\"og:image\" content=\"https:\/\/bien-etreiris.ch\/wp-content\/uploads\/2026\/04\/image-acceuil-2-.jpg\" \/>\n\t<meta property=\"og:image:width\" content=\"500\" \/>\n\t<meta property=\"og:image:height\" content=\"333\" \/>\n\t<meta property=\"og:image:type\" content=\"image\/jpeg\" \/>\n<meta name=\"twitter:label1\" content=\"Gesch\u00e4tzte Lesezeit\" \/>\n\t<meta name=\"twitter:data1\" content=\"1\u00a0Minute\" \/>\n<script type=\"application\/ld+json\" class=\"yoast-schema-graph\">{\"@context\":\"https:\\\/\\\/schema.org\",\"@graph\":[{\"@type\":\"WebPage\",\"@id\":\"https:\\\/\\\/bien-etreiris.ch\\\/de\\\/produktpraesentation\\\/aromatherapie\\\/selbst-herstellen\\\/material-zur-herstellung\\\/distillation\\\/\",\"url\":\"https:\\\/\\\/bien-etreiris.ch\\\/de\\\/produktpraesentation\\\/aromatherapie\\\/selbst-herstellen\\\/material-zur-herstellung\\\/distillation\\\/\",\"name\":\"DISTILLATION - WOHLBEFINDEN\",\"isPartOf\":{\"@id\":\"https:\\\/\\\/bien-etreiris.ch\\\/de\\\/#website\"},\"primaryImageOfPage\":{\"@id\":\"https:\\\/\\\/bien-etreiris.ch\\\/de\\\/produktpraesentation\\\/aromatherapie\\\/selbst-herstellen\\\/material-zur-herstellung\\\/distillation\\\/#primaryimage\"},\"image\":{\"@id\":\"https:\\\/\\\/bien-etreiris.ch\\\/de\\\/produktpraesentation\\\/aromatherapie\\\/selbst-herstellen\\\/material-zur-herstellung\\\/distillation\\\/#primaryimage\"},\"thumbnailUrl\":\"https:\\\/\\\/bien-etreiris.ch\\\/wp-content\\\/uploads\\\/2026\\\/04\\\/image-acceuil-2-.jpg\",\"datePublished\":\"2026-04-22T06:02:57+00:00\",\"dateModified\":\"2026-04-22T06:05:59+00:00\",\"breadcrumb\":{\"@id\":\"https:\\\/\\\/bien-etreiris.ch\\\/de\\\/produktpraesentation\\\/aromatherapie\\\/selbst-herstellen\\\/material-zur-herstellung\\\/distillation\\\/#breadcrumb\"},\"inLanguage\":\"de\",\"potentialAction\":[{\"@type\":\"ReadAction\",\"target\":[\"https:\\\/\\\/bien-etreiris.ch\\\/de\\\/produktpraesentation\\\/aromatherapie\\\/selbst-herstellen\\\/material-zur-herstellung\\\/distillation\\\/\"]}]},{\"@type\":\"ImageObject\",\"inLanguage\":\"de\",\"@id\":\"https:\\\/\\\/bien-etreiris.ch\\\/de\\\/produktpraesentation\\\/aromatherapie\\\/selbst-herstellen\\\/material-zur-herstellung\\\/distillation\\\/#primaryimage\",\"url\":\"https:\\\/\\\/bien-etreiris.ch\\\/wp-content\\\/uploads\\\/2026\\\/04\\\/image-acceuil-2-.jpg\",\"contentUrl\":\"https:\\\/\\\/bien-etreiris.ch\\\/wp-content\\\/uploads\\\/2026\\\/04\\\/image-acceuil-2-.jpg\",\"width\":500,\"height\":333},{\"@type\":\"BreadcrumbList\",\"@id\":\"https:\\\/\\\/bien-etreiris.ch\\\/de\\\/produktpraesentation\\\/aromatherapie\\\/selbst-herstellen\\\/material-zur-herstellung\\\/distillation\\\/#breadcrumb\",\"itemListElement\":[{\"@type\":\"ListItem\",\"position\":1,\"name\":\"Home\",\"item\":\"https:\\\/\\\/bien-etreiris.ch\\\/de\\\/\"},{\"@type\":\"ListItem\",\"position\":2,\"name\":\"PRODUKTPR\u00c4SENTATION\",\"item\":\"https:\\\/\\\/bien-etreiris.ch\\\/de\\\/produktpraesentation\\\/\"},{\"@type\":\"ListItem\",\"position\":3,\"name\":\"AROMATHERAPIE\",\"item\":\"https:\\\/\\\/bien-etreiris.ch\\\/de\\\/produktpraesentation\\\/aromatherapie\\\/\"},{\"@type\":\"ListItem\",\"position\":4,\"name\":\"SELBST HERSTELLEN&#8230;\",\"item\":\"https:\\\/\\\/bien-etreiris.ch\\\/de\\\/produktpraesentation\\\/aromatherapie\\\/selbst-herstellen\\\/\"},{\"@type\":\"ListItem\",\"position\":5,\"name\":\"MATERIAL ZUR HERSTELLUNG\",\"item\":\"https:\\\/\\\/bien-etreiris.ch\\\/de\\\/produktpraesentation\\\/aromatherapie\\\/selbst-herstellen\\\/material-zur-herstellung\\\/\"},{\"@type\":\"ListItem\",\"position\":6,\"name\":\"DISTILLATION\"}]},{\"@type\":\"WebSite\",\"@id\":\"https:\\\/\\\/bien-etreiris.ch\\\/de\\\/#website\",\"url\":\"https:\\\/\\\/bien-etreiris.ch\\\/de\\\/\",\"name\":\"Bien-\u00eatre Iris\",\"description\":\"IHRE Gesundheit ist uns wichtig\",\"potentialAction\":[{\"@type\":\"SearchAction\",\"target\":{\"@type\":\"EntryPoint\",\"urlTemplate\":\"https:\\\/\\\/bien-etreiris.ch\\\/de\\\/?s={search_term_string}\"},\"query-input\":{\"@type\":\"PropertyValueSpecification\",\"valueRequired\":true,\"valueName\":\"search_term_string\"}}],\"inLanguage\":\"de\"}]}<\/script>\n<!-- \/ Yoast SEO plugin. -->","yoast_head_json":{"title":"DISTILLATION - WOHLBEFINDEN","robots":{"index":"index","follow":"follow","max-snippet":"max-snippet:-1","max-image-preview":"max-image-preview:large","max-video-preview":"max-video-preview:-1"},"canonical":"https:\/\/bien-etreiris.ch\/de\/produktpraesentation\/aromatherapie\/selbst-herstellen\/material-zur-herstellung\/distillation\/","og_locale":"de_DE","og_type":"article","og_title":"DISTILLATION - WOHLBEFINDEN","og_description":"Distillation La distillation est un proc\u00e9d\u00e9 de s\u00e9paration de m\u00e9lange de substances liquides dont les temp\u00e9ratures d'\u00e9bullition sont diff\u00e9rentes. Elle permet de s\u00e9parer les constituants d'un m\u00e9lange homog\u00e8ne. Sous l'effet de la chaleur ou d'une faible pression (loi des gaz parfaits), les substances se vaporisent successivement, et la vapeur obtenue est liqu\u00e9fi\u00e9e pour donner le distillat. &nbsp;","og_url":"https:\/\/bien-etreiris.ch\/de\/produktpraesentation\/aromatherapie\/selbst-herstellen\/material-zur-herstellung\/distillation\/","og_site_name":"WOHLBEFINDEN","article_publisher":"https:\/\/www.facebook.com\/bienetreiris\/","article_modified_time":"2026-04-22T06:05:59+00:00","og_image":[{"width":500,"height":333,"url":"https:\/\/bien-etreiris.ch\/wp-content\/uploads\/2026\/04\/image-acceuil-2-.jpg","type":"image\/jpeg"}],"twitter_misc":{"Gesch\u00e4tzte Lesezeit":"1\u00a0Minute"},"schema":{"@context":"https:\/\/schema.org","@graph":[{"@type":"WebPage","@id":"https:\/\/bien-etreiris.ch\/de\/produktpraesentation\/aromatherapie\/selbst-herstellen\/material-zur-herstellung\/distillation\/","url":"https:\/\/bien-etreiris.ch\/de\/produktpraesentation\/aromatherapie\/selbst-herstellen\/material-zur-herstellung\/distillation\/","name":"DISTILLATION - WOHLBEFINDEN","isPartOf":{"@id":"https:\/\/bien-etreiris.ch\/de\/#website"},"primaryImageOfPage":{"@id":"https:\/\/bien-etreiris.ch\/de\/produktpraesentation\/aromatherapie\/selbst-herstellen\/material-zur-herstellung\/distillation\/#primaryimage"},"image":{"@id":"https:\/\/bien-etreiris.ch\/de\/produktpraesentation\/aromatherapie\/selbst-herstellen\/material-zur-herstellung\/distillation\/#primaryimage"},"thumbnailUrl":"https:\/\/bien-etreiris.ch\/wp-content\/uploads\/2026\/04\/image-acceuil-2-.jpg","datePublished":"2026-04-22T06:02:57+00:00","dateModified":"2026-04-22T06:05:59+00:00","breadcrumb":{"@id":"https:\/\/bien-etreiris.ch\/de\/produktpraesentation\/aromatherapie\/selbst-herstellen\/material-zur-herstellung\/distillation\/#breadcrumb"},"inLanguage":"de","potentialAction":[{"@type":"ReadAction","target":["https:\/\/bien-etreiris.ch\/de\/produktpraesentation\/aromatherapie\/selbst-herstellen\/material-zur-herstellung\/distillation\/"]}]},{"@type":"ImageObject","inLanguage":"de","@id":"https:\/\/bien-etreiris.ch\/de\/produktpraesentation\/aromatherapie\/selbst-herstellen\/material-zur-herstellung\/distillation\/#primaryimage","url":"https:\/\/bien-etreiris.ch\/wp-content\/uploads\/2026\/04\/image-acceuil-2-.jpg","contentUrl":"https:\/\/bien-etreiris.ch\/wp-content\/uploads\/2026\/04\/image-acceuil-2-.jpg","width":500,"height":333},{"@type":"BreadcrumbList","@id":"https:\/\/bien-etreiris.ch\/de\/produktpraesentation\/aromatherapie\/selbst-herstellen\/material-zur-herstellung\/distillation\/#breadcrumb","itemListElement":[{"@type":"ListItem","position":1,"name":"Home","item":"https:\/\/bien-etreiris.ch\/de\/"},{"@type":"ListItem","position":2,"name":"PRODUKTPR\u00c4SENTATION","item":"https:\/\/bien-etreiris.ch\/de\/produktpraesentation\/"},{"@type":"ListItem","position":3,"name":"AROMATHERAPIE","item":"https:\/\/bien-etreiris.ch\/de\/produktpraesentation\/aromatherapie\/"},{"@type":"ListItem","position":4,"name":"SELBST HERSTELLEN&#8230;","item":"https:\/\/bien-etreiris.ch\/de\/produktpraesentation\/aromatherapie\/selbst-herstellen\/"},{"@type":"ListItem","position":5,"name":"MATERIAL ZUR HERSTELLUNG","item":"https:\/\/bien-etreiris.ch\/de\/produktpraesentation\/aromatherapie\/selbst-herstellen\/material-zur-herstellung\/"},{"@type":"ListItem","position":6,"name":"DISTILLATION"}]},{"@type":"WebSite","@id":"https:\/\/bien-etreiris.ch\/de\/#website","url":"https:\/\/bien-etreiris.ch\/de\/","name":"Bien-\u00eatre Iris","description":"IHRE Gesundheit ist uns wichtig","potentialAction":[{"@type":"SearchAction","target":{"@type":"EntryPoint","urlTemplate":"https:\/\/bien-etreiris.ch\/de\/?s={search_term_string}"},"query-input":{"@type":"PropertyValueSpecification","valueRequired":true,"valueName":"search_term_string"}}],"inLanguage":"de"}]}},"_links":{"self":[{"href":"https:\/\/bien-etreiris.ch\/de\/wp-json\/wp\/v2\/pages\/98411","targetHints":{"allow":["GET"]}}],"collection":[{"href":"https:\/\/bien-etreiris.ch\/de\/wp-json\/wp\/v2\/pages"}],"about":[{"href":"https:\/\/bien-etreiris.ch\/de\/wp-json\/wp\/v2\/types\/page"}],"author":[{"embeddable":true,"href":"https:\/\/bien-etreiris.ch\/de\/wp-json\/wp\/v2\/users\/1"}],"replies":[{"embeddable":true,"href":"https:\/\/bien-etreiris.ch\/de\/wp-json\/wp\/v2\/comments?post=98411"}],"version-history":[{"count":1,"href":"https:\/\/bien-etreiris.ch\/de\/wp-json\/wp\/v2\/pages\/98411\/revisions"}],"predecessor-version":[{"id":98413,"href":"https:\/\/bien-etreiris.ch\/de\/wp-json\/wp\/v2\/pages\/98411\/revisions\/98413"}],"up":[{"embeddable":true,"href":"https:\/\/bien-etreiris.ch\/de\/wp-json\/wp\/v2\/pages\/21207"}],"wp:featuredmedia":[{"embeddable":true,"href":"https:\/\/bien-etreiris.ch\/de\/wp-json\/wp\/v2\/media\/98407"}],"wp:attachment":[{"href":"https:\/\/bien-etreiris.ch\/de\/wp-json\/wp\/v2\/media?parent=98411"}],"curies":[{"name":"wp","href":"https:\/\/api.w.org\/{rel}","templated":true}]}}