{"id":98326,"date":"2026-03-13T23:32:09","date_gmt":"2026-03-13T21:32:09","guid":{"rendered":"https:\/\/bien-etreiris.ch\/produktpraesentation\/hygiene\/haushaltsreinigung\/haushaltsseifen\/waesche-waschen\/copeaux-de-savon\/"},"modified":"2026-03-13T23:58:47","modified_gmt":"2026-03-13T21:58:47","slug":"copeaux-de-savon","status":"publish","type":"page","link":"https:\/\/bien-etreiris.ch\/de\/produktpraesentation\/hygiene\/haushaltsreinigung\/haushaltsseifen\/waesche-waschen\/copeaux-de-savon\/","title":{"rendered":"COPEAUX DE SAVON"},"content":{"rendered":"<h2 class=\"h1 mb-1\">Copeaux de Savon de Marseille<\/h2>\n<p>&nbsp;<\/p>\n<p><img loading=\"lazy\" decoding=\"async\" class=\"size-full wp-image-98321 alignleft\" src=\"https:\/\/bien-etreiris.ch\/wp-content\/uploads\/2026\/03\/Copeaux-sac-en-tissu.png\" alt=\"\" width=\"488\" height=\"504\" srcset=\"https:\/\/bien-etreiris.ch\/wp-content\/uploads\/2026\/03\/Copeaux-sac-en-tissu.png 488w, https:\/\/bien-etreiris.ch\/wp-content\/uploads\/2026\/03\/Copeaux-sac-en-tissu-290x300.png 290w\" sizes=\"auto, (max-width: 488px) 100vw, 488px\" \/><\/p>\n<p>&nbsp;<\/p>\n<p>&nbsp;<\/p>\n<p>&nbsp;<\/p>\n<p>&nbsp;<\/p>\n<p>&nbsp;<\/p>\n<p>&nbsp;<\/p>\n<p>&nbsp;<\/p>\n<h4><a href=\"https:\/\/bien-etreiris.ch\/de\/unsere-marken\/marius-fabre\/\" target=\"_blank\" rel=\"noopener\"><span style=\"color: #ffffff;\">MARIUS FABRE<\/span><\/a><\/h4>\n<p>&nbsp;<\/p>\n<p>Vrac en 10 g<strong> CHF 0.30<\/strong><\/p>\n<p>&nbsp;<\/p>\n<p>&nbsp;<\/p>\n<p>&nbsp;<\/p>\n<p>&nbsp;<\/p>\n<p>&nbsp;<\/p>\n<p>Depuis 1900 et quatre g\u00e9n\u00e9rations familiales, \u00e0 Salon-de-Provence, Marius Fabre&nbsp;perp\u00e9te&nbsp;la fabrication traditionnelle du savon de Marseille, cuit en chaudron.<\/p>\n<p>Innovation 2020&nbsp;: A l\u2019occasion de leur 120\u00e8me anniversaire, ils&nbsp;ont&nbsp;r\u00e9ussi \u00e0 supprimer l\u2019huile de palme de tous leurs savons.<\/p>\n<p>Elle est \u00e0 pr\u00e9sent remplac\u00e9e par&nbsp;<em>l\u2019huile de tournesol ol\u00e9ique<\/em>, une huile tr\u00e8s sp\u00e9ciale pr\u00e9sentant de nombreux atouts et s\u2019inscrivant dans la continuit\u00e9 de la philosophie de la savonnerie Marius Fabre&nbsp;:&nbsp;<strong>fabriquer des produits naturels, respectueux de l\u2019homme et de l\u2019environnement.<\/strong><\/p>\n<p>Garantis sans colorant, sans parfum ni additif, leurs&nbsp;copeaux de savon de Marseille sont recommand\u00e9s pour un&nbsp;<strong>lavage doux et efficace<\/strong>&nbsp;de tous les textiles, en particulier du linge d\u00e9licat (linge de b\u00e9b\u00e9, laine, soie, dentelle, etc.). Ils sont aussi biod\u00e9gradables et sans phosphates.<\/p>\n<p>&nbsp;<\/p>\n<h4><strong>Comment fabriquer sa lessive maison aux copeaux<\/strong><\/h4>\n<p><strong>Lavage \u00e0 la main<\/strong><\/p>\n<p>Diluer 20g de copeaux dans 1 litre d\u2019eau tr\u00e8s chaude. Bien secouer puis rallonger avec 1 litre d\u2019eau chaude suppl\u00e9mentaire. Pour les lainages, utiliser de l\u2019eau froide.<\/p>\n<p>&nbsp;<\/p>\n<p><strong>Lavage en machine<\/strong><\/p>\n<p>Diluer 20g de copeaux dans \u00bd litre d\u2019eau tr\u00e8s chaude, bien secouer, puis rallonger avec \u00bd litre suppl\u00e9mentaire d\u2019eau tr\u00e8s chaude. Verser 100ml du m\u00e9lange dans le tiroir de la machine ou dans le tambour. Ne pas d\u00e9passer la dose indiqu\u00e9e pour \u00e9viter une mousse trop abondante.<\/p>\n<p>&nbsp;<\/p>\n<h4><strong>Conseils pratiques&nbsp;<\/strong><\/h4>\n<ul style=\"list-style-type: disc;\">\n<li>Ajouter un verre de vinaigre blanc dans le compartiment de l'assouplissant (assouplit et d\u00e9tartre).<\/li>\n<li>Pour parfumer votre lessive, ajouter quelques gouttes d\u2019huiles essentielles (lavande, arbre \u00e0 th\u00e9, agrumes\u2026).<\/li>\n<li>Pour un linge parfaitement blanc, rajouter une cuill\u00e8re \u00e0 soupe de bicarbonate de soude ou une petite poign\u00e9e de cristaux de soude.<\/li>\n<\/ul>\n<p>&nbsp;<\/p>\n<h4><em>Composition<\/em><\/h4>\n<ul style=\"list-style-type: disc;\">\n<li>Huiles 100 % v\u00e9g\u00e9tales (Huile de tournesol ol\u00e9ique, huile de coprah)<\/li>\n<li><em>Sans colorant, sans parfum, sans conservateur<\/em><\/li>\n<li><em>Sans additif chimique<\/em><\/li>\n<li><em><strong>Sans huile de palme<\/strong><\/em><\/li>\n<\/ul>\n<p>&nbsp;<\/p>\n<p>Savon 30% et plus (Sodium Sunflowerseedate, Sodium Cocoate)<\/p>\n<p>&nbsp;<\/p>\n<p>Contient aussi&nbsp;: Aqua, Glycerin, Sodium chloride, Sodium hydroxide<\/p>\n<p>&nbsp;<\/p>\n<p>La glyc\u00e9rine contenue dans leurs savons de Marseille n\u2019est pas rajout\u00e9e, c\u2019est celle contenue naturellement dans l\u2019huile v\u00e9g\u00e9tale. A l\u2019issue des 10 jours de cuisson et des nombreux rin\u00e7ages, il n\u2019en reste qu\u2019une infime partie. L\u2019authentique savon de Marseille, fabriqu\u00e9 selon le proc\u00e9d\u00e9 traditionnel, est en effet un savon non glyc\u00e9rin\u00e9.<\/p>\n<p>&nbsp;<\/p>\n<p>&nbsp;<\/p>\n<p>&nbsp;<\/p>\n","protected":false},"excerpt":{"rendered":"<p>Copeaux de Savon de Marseille &nbsp; &nbsp; &nbsp; &nbsp; &nbsp; &nbsp; &nbsp; &nbsp; MARIUS FABRE &nbsp; Vrac en 10 g CHF 0.30 &nbsp; &nbsp; &nbsp; &nbsp; &nbsp; Depuis 1900 et quatre g\u00e9n\u00e9rations familiales, \u00e0 Salon-de-Provence, Marius Fabre&nbsp;perp\u00e9te&nbsp;la fabrication traditionnelle du savon de Marseille, cuit en chaudron. Innovation 2020&nbsp;: A l\u2019occasion de leur 120\u00e8me anniversaire, ils&nbsp;ont&nbsp;r\u00e9ussi \u00e0 supprimer l\u2019huile de palme&nbsp;<a href=\"https:\/\/bien-etreiris.ch\/de\/produktpraesentation\/hygiene\/haushaltsreinigung\/haushaltsseifen\/waesche-waschen\/copeaux-de-savon\/\" class=\"read-more\">Weiter lesen<\/a><\/p>\n","protected":false},"author":1,"featured_media":98317,"parent":48953,"menu_order":3,"comment_status":"closed","ping_status":"closed","template":"page-with-child.php","meta":{"_acf_changed":false,"ngg_post_thumbnail":0,"footnotes":""},"class_list":["post-98326","page","type-page","status-publish","has-post-thumbnail","hentry"],"acf":[],"yoast_head":"<!-- This site is optimized with the Yoast SEO plugin v27.4 - https:\/\/yoast.com\/product\/yoast-seo-wordpress\/ -->\n<title>COPEAUX DE SAVON - WOHLBEFINDEN<\/title>\n<meta name=\"robots\" content=\"index, follow, max-snippet:-1, max-image-preview:large, max-video-preview:-1\" \/>\n<link rel=\"canonical\" href=\"https:\/\/bien-etreiris.ch\/de\/produktpraesentation\/hygiene\/haushaltsreinigung\/haushaltsseifen\/waesche-waschen\/copeaux-de-savon\/\" \/>\n<meta property=\"og:locale\" content=\"de_DE\" \/>\n<meta property=\"og:type\" content=\"article\" \/>\n<meta property=\"og:title\" content=\"COPEAUX DE SAVON - WOHLBEFINDEN\" \/>\n<meta property=\"og:description\" content=\"Copeaux de Savon de Marseille &nbsp; &nbsp; &nbsp; &nbsp; &nbsp; &nbsp; &nbsp; &nbsp; MARIUS FABRE &nbsp; Vrac en 10 g CHF 0.30 &nbsp; &nbsp; &nbsp; &nbsp; &nbsp; Depuis 1900 et quatre g\u00e9n\u00e9rations familiales, \u00e0 Salon-de-Provence, Marius Fabre&nbsp;perp\u00e9te&nbsp;la fabrication traditionnelle du savon de Marseille, cuit en chaudron. Innovation 2020&nbsp;: A l\u2019occasion de leur 120\u00e8me anniversaire, ils&nbsp;ont&nbsp;r\u00e9ussi \u00e0 supprimer l\u2019huile de palme&nbsp;Weiter lesen\" \/>\n<meta property=\"og:url\" content=\"https:\/\/bien-etreiris.ch\/de\/produktpraesentation\/hygiene\/haushaltsreinigung\/haushaltsseifen\/waesche-waschen\/copeaux-de-savon\/\" \/>\n<meta property=\"og:site_name\" content=\"WOHLBEFINDEN\" \/>\n<meta property=\"article:publisher\" content=\"https:\/\/www.facebook.com\/bienetreiris\/\" \/>\n<meta property=\"article:modified_time\" content=\"2026-03-13T21:58:47+00:00\" \/>\n<meta property=\"og:image\" content=\"https:\/\/bien-etreiris.ch\/wp-content\/uploads\/2026\/03\/acceuil-Marius-Fabre.jpg\" \/>\n\t<meta property=\"og:image:width\" content=\"500\" \/>\n\t<meta property=\"og:image:height\" content=\"333\" \/>\n\t<meta property=\"og:image:type\" content=\"image\/jpeg\" \/>\n<meta name=\"twitter:label1\" content=\"Gesch\u00e4tzte Lesezeit\" \/>\n\t<meta name=\"twitter:data1\" content=\"3\u00a0Minuten\" \/>\n<script type=\"application\/ld+json\" class=\"yoast-schema-graph\">{\"@context\":\"https:\\\/\\\/schema.org\",\"@graph\":[{\"@type\":\"WebPage\",\"@id\":\"https:\\\/\\\/bien-etreiris.ch\\\/de\\\/produktpraesentation\\\/hygiene\\\/haushaltsreinigung\\\/haushaltsseifen\\\/waesche-waschen\\\/copeaux-de-savon\\\/\",\"url\":\"https:\\\/\\\/bien-etreiris.ch\\\/de\\\/produktpraesentation\\\/hygiene\\\/haushaltsreinigung\\\/haushaltsseifen\\\/waesche-waschen\\\/copeaux-de-savon\\\/\",\"name\":\"COPEAUX DE SAVON - WOHLBEFINDEN\",\"isPartOf\":{\"@id\":\"https:\\\/\\\/bien-etreiris.ch\\\/de\\\/#website\"},\"primaryImageOfPage\":{\"@id\":\"https:\\\/\\\/bien-etreiris.ch\\\/de\\\/produktpraesentation\\\/hygiene\\\/haushaltsreinigung\\\/haushaltsseifen\\\/waesche-waschen\\\/copeaux-de-savon\\\/#primaryimage\"},\"image\":{\"@id\":\"https:\\\/\\\/bien-etreiris.ch\\\/de\\\/produktpraesentation\\\/hygiene\\\/haushaltsreinigung\\\/haushaltsseifen\\\/waesche-waschen\\\/copeaux-de-savon\\\/#primaryimage\"},\"thumbnailUrl\":\"https:\\\/\\\/bien-etreiris.ch\\\/wp-content\\\/uploads\\\/2026\\\/03\\\/acceuil-Marius-Fabre.jpg\",\"datePublished\":\"2026-03-13T21:32:09+00:00\",\"dateModified\":\"2026-03-13T21:58:47+00:00\",\"breadcrumb\":{\"@id\":\"https:\\\/\\\/bien-etreiris.ch\\\/de\\\/produktpraesentation\\\/hygiene\\\/haushaltsreinigung\\\/haushaltsseifen\\\/waesche-waschen\\\/copeaux-de-savon\\\/#breadcrumb\"},\"inLanguage\":\"de\",\"potentialAction\":[{\"@type\":\"ReadAction\",\"target\":[\"https:\\\/\\\/bien-etreiris.ch\\\/de\\\/produktpraesentation\\\/hygiene\\\/haushaltsreinigung\\\/haushaltsseifen\\\/waesche-waschen\\\/copeaux-de-savon\\\/\"]}]},{\"@type\":\"ImageObject\",\"inLanguage\":\"de\",\"@id\":\"https:\\\/\\\/bien-etreiris.ch\\\/de\\\/produktpraesentation\\\/hygiene\\\/haushaltsreinigung\\\/haushaltsseifen\\\/waesche-waschen\\\/copeaux-de-savon\\\/#primaryimage\",\"url\":\"https:\\\/\\\/bien-etreiris.ch\\\/wp-content\\\/uploads\\\/2026\\\/03\\\/acceuil-Marius-Fabre.jpg\",\"contentUrl\":\"https:\\\/\\\/bien-etreiris.ch\\\/wp-content\\\/uploads\\\/2026\\\/03\\\/acceuil-Marius-Fabre.jpg\",\"width\":500,\"height\":333},{\"@type\":\"BreadcrumbList\",\"@id\":\"https:\\\/\\\/bien-etreiris.ch\\\/de\\\/produktpraesentation\\\/hygiene\\\/haushaltsreinigung\\\/haushaltsseifen\\\/waesche-waschen\\\/copeaux-de-savon\\\/#breadcrumb\",\"itemListElement\":[{\"@type\":\"ListItem\",\"position\":1,\"name\":\"Home\",\"item\":\"https:\\\/\\\/bien-etreiris.ch\\\/de\\\/\"},{\"@type\":\"ListItem\",\"position\":2,\"name\":\"PRODUKTPR\u00c4SENTATION\",\"item\":\"https:\\\/\\\/bien-etreiris.ch\\\/de\\\/produktpraesentation\\\/\"},{\"@type\":\"ListItem\",\"position\":3,\"name\":\"HYGIENE\",\"item\":\"https:\\\/\\\/bien-etreiris.ch\\\/de\\\/produktpraesentation\\\/hygiene\\\/\"},{\"@type\":\"ListItem\",\"position\":4,\"name\":\"HAUSHALTSREINIGUNG\",\"item\":\"https:\\\/\\\/bien-etreiris.ch\\\/de\\\/produktpraesentation\\\/hygiene\\\/haushaltsreinigung\\\/\"},{\"@type\":\"ListItem\",\"position\":5,\"name\":\"HAUSHALTSSEIFEN\",\"item\":\"https:\\\/\\\/bien-etreiris.ch\\\/de\\\/produktpraesentation\\\/hygiene\\\/haushaltsreinigung\\\/haushaltsseifen\\\/\"},{\"@type\":\"ListItem\",\"position\":6,\"name\":\"W\u00c4SCHE WASCHEN\",\"item\":\"https:\\\/\\\/bien-etreiris.ch\\\/de\\\/produktpraesentation\\\/hygiene\\\/haushaltsreinigung\\\/haushaltsseifen\\\/waesche-waschen\\\/\"},{\"@type\":\"ListItem\",\"position\":7,\"name\":\"COPEAUX DE SAVON\"}]},{\"@type\":\"WebSite\",\"@id\":\"https:\\\/\\\/bien-etreiris.ch\\\/de\\\/#website\",\"url\":\"https:\\\/\\\/bien-etreiris.ch\\\/de\\\/\",\"name\":\"Bien-\u00eatre Iris\",\"description\":\"IHRE Gesundheit ist uns wichtig\",\"potentialAction\":[{\"@type\":\"SearchAction\",\"target\":{\"@type\":\"EntryPoint\",\"urlTemplate\":\"https:\\\/\\\/bien-etreiris.ch\\\/de\\\/?s={search_term_string}\"},\"query-input\":{\"@type\":\"PropertyValueSpecification\",\"valueRequired\":true,\"valueName\":\"search_term_string\"}}],\"inLanguage\":\"de\"}]}<\/script>\n<!-- \/ Yoast SEO plugin. -->","yoast_head_json":{"title":"COPEAUX DE SAVON - WOHLBEFINDEN","robots":{"index":"index","follow":"follow","max-snippet":"max-snippet:-1","max-image-preview":"max-image-preview:large","max-video-preview":"max-video-preview:-1"},"canonical":"https:\/\/bien-etreiris.ch\/de\/produktpraesentation\/hygiene\/haushaltsreinigung\/haushaltsseifen\/waesche-waschen\/copeaux-de-savon\/","og_locale":"de_DE","og_type":"article","og_title":"COPEAUX DE SAVON - WOHLBEFINDEN","og_description":"Copeaux de Savon de Marseille &nbsp; &nbsp; &nbsp; &nbsp; &nbsp; &nbsp; &nbsp; &nbsp; MARIUS FABRE &nbsp; Vrac en 10 g CHF 0.30 &nbsp; &nbsp; &nbsp; &nbsp; &nbsp; Depuis 1900 et quatre g\u00e9n\u00e9rations familiales, \u00e0 Salon-de-Provence, Marius Fabre&nbsp;perp\u00e9te&nbsp;la fabrication traditionnelle du savon de Marseille, cuit en chaudron. Innovation 2020&nbsp;: A l\u2019occasion de leur 120\u00e8me anniversaire, ils&nbsp;ont&nbsp;r\u00e9ussi \u00e0 supprimer l\u2019huile de palme&nbsp;Weiter lesen","og_url":"https:\/\/bien-etreiris.ch\/de\/produktpraesentation\/hygiene\/haushaltsreinigung\/haushaltsseifen\/waesche-waschen\/copeaux-de-savon\/","og_site_name":"WOHLBEFINDEN","article_publisher":"https:\/\/www.facebook.com\/bienetreiris\/","article_modified_time":"2026-03-13T21:58:47+00:00","og_image":[{"width":500,"height":333,"url":"https:\/\/bien-etreiris.ch\/wp-content\/uploads\/2026\/03\/acceuil-Marius-Fabre.jpg","type":"image\/jpeg"}],"twitter_misc":{"Gesch\u00e4tzte Lesezeit":"3\u00a0Minuten"},"schema":{"@context":"https:\/\/schema.org","@graph":[{"@type":"WebPage","@id":"https:\/\/bien-etreiris.ch\/de\/produktpraesentation\/hygiene\/haushaltsreinigung\/haushaltsseifen\/waesche-waschen\/copeaux-de-savon\/","url":"https:\/\/bien-etreiris.ch\/de\/produktpraesentation\/hygiene\/haushaltsreinigung\/haushaltsseifen\/waesche-waschen\/copeaux-de-savon\/","name":"COPEAUX DE SAVON - WOHLBEFINDEN","isPartOf":{"@id":"https:\/\/bien-etreiris.ch\/de\/#website"},"primaryImageOfPage":{"@id":"https:\/\/bien-etreiris.ch\/de\/produktpraesentation\/hygiene\/haushaltsreinigung\/haushaltsseifen\/waesche-waschen\/copeaux-de-savon\/#primaryimage"},"image":{"@id":"https:\/\/bien-etreiris.ch\/de\/produktpraesentation\/hygiene\/haushaltsreinigung\/haushaltsseifen\/waesche-waschen\/copeaux-de-savon\/#primaryimage"},"thumbnailUrl":"https:\/\/bien-etreiris.ch\/wp-content\/uploads\/2026\/03\/acceuil-Marius-Fabre.jpg","datePublished":"2026-03-13T21:32:09+00:00","dateModified":"2026-03-13T21:58:47+00:00","breadcrumb":{"@id":"https:\/\/bien-etreiris.ch\/de\/produktpraesentation\/hygiene\/haushaltsreinigung\/haushaltsseifen\/waesche-waschen\/copeaux-de-savon\/#breadcrumb"},"inLanguage":"de","potentialAction":[{"@type":"ReadAction","target":["https:\/\/bien-etreiris.ch\/de\/produktpraesentation\/hygiene\/haushaltsreinigung\/haushaltsseifen\/waesche-waschen\/copeaux-de-savon\/"]}]},{"@type":"ImageObject","inLanguage":"de","@id":"https:\/\/bien-etreiris.ch\/de\/produktpraesentation\/hygiene\/haushaltsreinigung\/haushaltsseifen\/waesche-waschen\/copeaux-de-savon\/#primaryimage","url":"https:\/\/bien-etreiris.ch\/wp-content\/uploads\/2026\/03\/acceuil-Marius-Fabre.jpg","contentUrl":"https:\/\/bien-etreiris.ch\/wp-content\/uploads\/2026\/03\/acceuil-Marius-Fabre.jpg","width":500,"height":333},{"@type":"BreadcrumbList","@id":"https:\/\/bien-etreiris.ch\/de\/produktpraesentation\/hygiene\/haushaltsreinigung\/haushaltsseifen\/waesche-waschen\/copeaux-de-savon\/#breadcrumb","itemListElement":[{"@type":"ListItem","position":1,"name":"Home","item":"https:\/\/bien-etreiris.ch\/de\/"},{"@type":"ListItem","position":2,"name":"PRODUKTPR\u00c4SENTATION","item":"https:\/\/bien-etreiris.ch\/de\/produktpraesentation\/"},{"@type":"ListItem","position":3,"name":"HYGIENE","item":"https:\/\/bien-etreiris.ch\/de\/produktpraesentation\/hygiene\/"},{"@type":"ListItem","position":4,"name":"HAUSHALTSREINIGUNG","item":"https:\/\/bien-etreiris.ch\/de\/produktpraesentation\/hygiene\/haushaltsreinigung\/"},{"@type":"ListItem","position":5,"name":"HAUSHALTSSEIFEN","item":"https:\/\/bien-etreiris.ch\/de\/produktpraesentation\/hygiene\/haushaltsreinigung\/haushaltsseifen\/"},{"@type":"ListItem","position":6,"name":"W\u00c4SCHE WASCHEN","item":"https:\/\/bien-etreiris.ch\/de\/produktpraesentation\/hygiene\/haushaltsreinigung\/haushaltsseifen\/waesche-waschen\/"},{"@type":"ListItem","position":7,"name":"COPEAUX DE SAVON"}]},{"@type":"WebSite","@id":"https:\/\/bien-etreiris.ch\/de\/#website","url":"https:\/\/bien-etreiris.ch\/de\/","name":"Bien-\u00eatre Iris","description":"IHRE Gesundheit ist uns wichtig","potentialAction":[{"@type":"SearchAction","target":{"@type":"EntryPoint","urlTemplate":"https:\/\/bien-etreiris.ch\/de\/?s={search_term_string}"},"query-input":{"@type":"PropertyValueSpecification","valueRequired":true,"valueName":"search_term_string"}}],"inLanguage":"de"}]}},"_links":{"self":[{"href":"https:\/\/bien-etreiris.ch\/de\/wp-json\/wp\/v2\/pages\/98326","targetHints":{"allow":["GET"]}}],"collection":[{"href":"https:\/\/bien-etreiris.ch\/de\/wp-json\/wp\/v2\/pages"}],"about":[{"href":"https:\/\/bien-etreiris.ch\/de\/wp-json\/wp\/v2\/types\/page"}],"author":[{"embeddable":true,"href":"https:\/\/bien-etreiris.ch\/de\/wp-json\/wp\/v2\/users\/1"}],"replies":[{"embeddable":true,"href":"https:\/\/bien-etreiris.ch\/de\/wp-json\/wp\/v2\/comments?post=98326"}],"version-history":[{"count":8,"href":"https:\/\/bien-etreiris.ch\/de\/wp-json\/wp\/v2\/pages\/98326\/revisions"}],"predecessor-version":[{"id":98350,"href":"https:\/\/bien-etreiris.ch\/de\/wp-json\/wp\/v2\/pages\/98326\/revisions\/98350"}],"up":[{"embeddable":true,"href":"https:\/\/bien-etreiris.ch\/de\/wp-json\/wp\/v2\/pages\/48953"}],"wp:featuredmedia":[{"embeddable":true,"href":"https:\/\/bien-etreiris.ch\/de\/wp-json\/wp\/v2\/media\/98317"}],"wp:attachment":[{"href":"https:\/\/bien-etreiris.ch\/de\/wp-json\/wp\/v2\/media?parent=98326"}],"curies":[{"name":"wp","href":"https:\/\/api.w.org\/{rel}","templated":true}]}}