{"id":98030,"date":"2026-03-12T02:17:06","date_gmt":"2026-03-12T00:17:06","guid":{"rendered":"https:\/\/bien-etreiris.ch\/ratgeber-klarheit-beratung\/gesunder-lebensstil\/naehrstoffe\/lebensmittel\/getraenke\/cafe-decafeine\/"},"modified":"2026-03-12T11:40:19","modified_gmt":"2026-03-12T09:40:19","slug":"cafe-decafeine","status":"publish","type":"page","link":"https:\/\/bien-etreiris.ch\/de\/produktpraesentation\/gesundes-leben\/gesunde-lebensmittel\/getraenke\/cafe-decafeine\/","title":{"rendered":"CAFE DECAFEINE"},"content":{"rendered":"<h2>Caf\u00e9 d\u00e9caf\u00e9in\u00e9 \u00e0 filtr\u00e9 avec un cafeti\u00e8re \u00e0 piston<\/h2>\n<p>&nbsp;<\/p>\n<h4>Caf\u00e9 Chicor\u00e9e<\/h4>\n<p><img loading=\"lazy\" decoding=\"async\" class=\"wp-image-98066 alignleft\" src=\"https:\/\/bien-etreiris.ch\/wp-content\/uploads\/2026\/03\/Chicoree.png\" alt=\"\" width=\"359\" height=\"678\" srcset=\"https:\/\/bien-etreiris.ch\/wp-content\/uploads\/2026\/03\/Chicoree.png 781w, https:\/\/bien-etreiris.ch\/wp-content\/uploads\/2026\/03\/Chicoree-159x300.png 159w, https:\/\/bien-etreiris.ch\/wp-content\/uploads\/2026\/03\/Chicoree-542x1024.png 542w, https:\/\/bien-etreiris.ch\/wp-content\/uploads\/2026\/03\/Chicoree-768x1451.png 768w\" sizes=\"auto, (max-width: 359px) 100vw, 359px\" \/><\/p>\n<p>&nbsp;<\/p>\n<p>&nbsp;<\/p>\n<p><img loading=\"lazy\" decoding=\"async\" class=\"alignnone  wp-image-98094\" src=\"https:\/\/bien-etreiris.ch\/wp-content\/uploads\/2026\/03\/Chicoree-indication.jpg\" alt=\"\" width=\"251\" height=\"592\" srcset=\"https:\/\/bien-etreiris.ch\/wp-content\/uploads\/2026\/03\/Chicoree-indication.jpg 350w, https:\/\/bien-etreiris.ch\/wp-content\/uploads\/2026\/03\/Chicoree-indication-127x300.jpg 127w\" sizes=\"auto, (max-width: 251px) 100vw, 251px\" \/><\/p>\n<p>&nbsp;<\/p>\n<p>&nbsp;<\/p>\n<p>&nbsp;<\/p>\n<p>Pour tous ceux qui souhaitent parfois une alternative ou un compl\u00e9ment (aromatique) au caf\u00e9 en grains. <b>Comme rituel matinal rafra\u00eechissant et amer, mais aussi le soir<\/b>, pour terminer la journ\u00e9e de mani\u00e8re agr\u00e9able, avec un go\u00fbt amer et sans caf\u00e9ine. 100 % racine de chicor\u00e9e biologique torr\u00e9fi\u00e9e au feu.<\/p>\n<ul style=\"list-style-type: disc;\">\n<li>Alternative au caf\u00e9 sans caf\u00e9ine<\/li>\n<li><strong>\u00e0 base de racines de chicor\u00e9e torr\u00e9fi\u00e9es au feu<\/strong><\/li>\n<li>torr\u00e9fi\u00e9es et moulues par des experts en caf\u00e9<\/li>\n<li>convient <b>pour la cafeti\u00e8re \u00e0 piston, l'infusion ou le filtre<\/b><\/li>\n<\/ul>\n<p>&nbsp;<\/p>\n<p>160 g <strong>CHF 11.00<\/strong><\/p>\n<p>&nbsp;<\/p>\n<p>&nbsp;<\/p>\n<p>&nbsp;<\/p>\n<hr>\n<h4>Caf\u00e9 d'\u00e9pautre<\/h4>\n<p><img loading=\"lazy\" decoding=\"async\" class=\"wp-image-98070 alignleft\" src=\"https:\/\/bien-etreiris.ch\/wp-content\/uploads\/2026\/03\/epautre.png\" alt=\"\" width=\"359\" height=\"678\" srcset=\"https:\/\/bien-etreiris.ch\/wp-content\/uploads\/2026\/03\/epautre.png 781w, https:\/\/bien-etreiris.ch\/wp-content\/uploads\/2026\/03\/epautre-159x300.png 159w, https:\/\/bien-etreiris.ch\/wp-content\/uploads\/2026\/03\/epautre-542x1024.png 542w, https:\/\/bien-etreiris.ch\/wp-content\/uploads\/2026\/03\/epautre-768x1451.png 768w\" sizes=\"auto, (max-width: 359px) 100vw, 359px\" \/><\/p>\n<p>&nbsp;<\/p>\n<p><img loading=\"lazy\" decoding=\"async\" class=\"alignnone  wp-image-98076\" src=\"https:\/\/bien-etreiris.ch\/wp-content\/uploads\/2026\/03\/epeautre-inducation.jpg\" alt=\"\" width=\"237\" height=\"565\" srcset=\"https:\/\/bien-etreiris.ch\/wp-content\/uploads\/2026\/03\/epeautre-inducation.jpg 345w, https:\/\/bien-etreiris.ch\/wp-content\/uploads\/2026\/03\/epeautre-inducation-126x300.jpg 126w\" sizes=\"auto, (max-width: 237px) 100vw, 237px\" \/><\/p>\n<p>&nbsp;<\/p>\n<p>&nbsp;<\/p>\n<p>Le caf\u00e9 d'\u00e9peautre Naturkraftwerke est compos\u00e9 \u00e0 100 % <b>de grains d'\u00e9peautre anciens d\u00e9licatement torr\u00e9fi\u00e9s et moulus<\/b>. Pur, simple et cors\u00e9. <b>Pour tous les amateurs de caf\u00e9 : bien plus qu'un simple substitut.<\/b><\/p>\n<ul>\n<li>\u00c0 partir d'<b>\u00e9peautre Demeter<\/b><\/li>\n<li>Torr\u00e9fi\u00e9 \u00e0 feu doux et moulu en Suisse<\/li>\n<li>Go\u00fbt fin et <b>rond avec des ar\u00f4mes de torr\u00e9faction et de noisette<\/b><\/li>\n<li>Pour caf\u00e9 filtre, cafeti\u00e8re \u00e0 piston ou cafeti\u00e8re italienne (moka)<\/li>\n<li><strong>Sans caf\u00e9ine<\/strong><\/li>\n<\/ul>\n<p>&nbsp;<\/p>\n<p>300 g <strong>CHF 11.50<\/strong><\/p>\n<p>&nbsp;<\/p>\n<p>&nbsp;<\/p>\n<hr>\n<h4>Caf\u00e9&nbsp; de racine de pissenlit<\/h4>\n<p><img loading=\"lazy\" decoding=\"async\" class=\"wp-image-98073 alignleft\" src=\"https:\/\/bien-etreiris.ch\/wp-content\/uploads\/2026\/03\/rasin-de-pissenlit.png\" alt=\"\" width=\"359\" height=\"678\" srcset=\"https:\/\/bien-etreiris.ch\/wp-content\/uploads\/2026\/03\/rasin-de-pissenlit.png 938w, https:\/\/bien-etreiris.ch\/wp-content\/uploads\/2026\/03\/rasin-de-pissenlit-159x300.png 159w, https:\/\/bien-etreiris.ch\/wp-content\/uploads\/2026\/03\/rasin-de-pissenlit-542x1024.png 542w, https:\/\/bien-etreiris.ch\/wp-content\/uploads\/2026\/03\/rasin-de-pissenlit-768x1451.png 768w, https:\/\/bien-etreiris.ch\/wp-content\/uploads\/2026\/03\/rasin-de-pissenlit-813x1536.png 813w\" sizes=\"auto, (max-width: 359px) 100vw, 359px\" \/><\/p>\n<p><img loading=\"lazy\" decoding=\"async\" class=\"wp-image-98083 alignleft\" src=\"https:\/\/bien-etreiris.ch\/wp-content\/uploads\/2026\/03\/rasin-de-pissenlit-indigation.jpg\" alt=\"\" width=\"251\" height=\"597\" srcset=\"https:\/\/bien-etreiris.ch\/wp-content\/uploads\/2026\/03\/rasin-de-pissenlit-indigation.jpg 347w, https:\/\/bien-etreiris.ch\/wp-content\/uploads\/2026\/03\/rasin-de-pissenlit-indigation-126x300.jpg 126w\" sizes=\"auto, (max-width: 251px) 100vw, 251px\" \/><\/p>\n<p>&nbsp;<\/p>\n<p>&nbsp;<\/p>\n<p>&nbsp;<\/p>\n<p>&nbsp;<\/p>\n<p>&nbsp;<\/p>\n<p>&nbsp;<\/p>\n<p>&nbsp;<\/p>\n<p>&nbsp;<\/p>\n<p>&nbsp;<\/p>\n<p>&nbsp;<\/p>\n<p>&nbsp;<\/p>\n<p>&nbsp;<\/p>\n<p>&nbsp;<\/p>\n<p>&nbsp;<\/p>\n<p>&nbsp;<\/p>\n<p>&nbsp;<\/p>\n<p>&nbsp;<\/p>\n<p>&nbsp;<\/p>\n<p>Le caf\u00e9 biologique \u00e0 base de racines de pissenlit de <strong><a href=\"https:\/\/bien-etreiris.ch\/de\/unsere-marken\/naturkraftwerke\/\" target=\"_blank\" rel=\"noopener\"><span style=\"color: #0000ff;\">NATURKRAFTWERKE<\/span><\/a><\/strong> est une boisson pr\u00e9par\u00e9e \u00e0 partir de racines de pissenlit torr\u00e9fi\u00e9es \u00e0 100 %.<br \/>\nCoupe grossi\u00e8re.<\/p>\n<p>300 g <strong>CHF 16,50<\/strong>&nbsp;<\/p>\n","protected":false},"excerpt":{"rendered":"<p>Caf\u00e9 d\u00e9caf\u00e9in\u00e9 \u00e0 filtr\u00e9 avec un cafeti\u00e8re \u00e0 piston &nbsp; Caf\u00e9 Chicor\u00e9e &nbsp; &nbsp; &nbsp; &nbsp; &nbsp; Pour tous ceux qui souhaitent parfois une alternative ou un compl\u00e9ment (aromatique) au caf\u00e9 en grains. Comme rituel matinal rafra\u00eechissant et amer, mais aussi le soir, pour terminer la journ\u00e9e de mani\u00e8re agr\u00e9able, avec un go\u00fbt amer et sans caf\u00e9ine. 100 % racine&nbsp;<a href=\"https:\/\/bien-etreiris.ch\/de\/produktpraesentation\/gesundes-leben\/gesunde-lebensmittel\/getraenke\/cafe-decafeine\/\" class=\"read-more\">Weiter lesen<\/a><\/p>\n","protected":false},"author":1,"featured_media":98027,"parent":41475,"menu_order":34,"comment_status":"closed","ping_status":"closed","template":"page-with-child.php","meta":{"_acf_changed":false,"ngg_post_thumbnail":0,"footnotes":""},"class_list":["post-98030","page","type-page","status-publish","has-post-thumbnail","hentry"],"acf":[],"yoast_head":"<!-- This site is optimized with the Yoast SEO plugin v27.5 - https:\/\/yoast.com\/product\/yoast-seo-wordpress\/ -->\n<title>CAFE DECAFEINE - WOHLBEFINDEN<\/title>\n<meta name=\"robots\" content=\"index, follow, max-snippet:-1, max-image-preview:large, max-video-preview:-1\" \/>\n<link rel=\"canonical\" href=\"https:\/\/bien-etreiris.ch\/de\/produktpraesentation\/gesundes-leben\/gesunde-lebensmittel\/getraenke\/cafe-decafeine\/\" \/>\n<meta property=\"og:locale\" content=\"de_DE\" \/>\n<meta property=\"og:type\" content=\"article\" \/>\n<meta property=\"og:title\" content=\"CAFE DECAFEINE - WOHLBEFINDEN\" \/>\n<meta property=\"og:description\" content=\"Caf\u00e9 d\u00e9caf\u00e9in\u00e9 \u00e0 filtr\u00e9 avec un cafeti\u00e8re \u00e0 piston &nbsp; Caf\u00e9 Chicor\u00e9e &nbsp; &nbsp; &nbsp; &nbsp; &nbsp; Pour tous ceux qui souhaitent parfois une alternative ou un compl\u00e9ment (aromatique) au caf\u00e9 en grains. Comme rituel matinal rafra\u00eechissant et amer, mais aussi le soir, pour terminer la journ\u00e9e de mani\u00e8re agr\u00e9able, avec un go\u00fbt amer et sans caf\u00e9ine. 100 % racine&nbsp;Weiter lesen\" \/>\n<meta property=\"og:url\" content=\"https:\/\/bien-etreiris.ch\/de\/produktpraesentation\/gesundes-leben\/gesunde-lebensmittel\/getraenke\/cafe-decafeine\/\" \/>\n<meta property=\"og:site_name\" content=\"WOHLBEFINDEN\" \/>\n<meta property=\"article:publisher\" content=\"https:\/\/www.facebook.com\/bienetreiris\/\" \/>\n<meta property=\"article:modified_time\" content=\"2026-03-12T09:40:19+00:00\" \/>\n<meta property=\"og:image\" content=\"https:\/\/bien-etreiris.ch\/wp-content\/uploads\/2026\/03\/Cafe-decafeine.jpg\" \/>\n\t<meta property=\"og:image:width\" content=\"500\" \/>\n\t<meta property=\"og:image:height\" content=\"333\" \/>\n\t<meta property=\"og:image:type\" content=\"image\/jpeg\" \/>\n<meta name=\"twitter:label1\" content=\"Gesch\u00e4tzte Lesezeit\" \/>\n\t<meta name=\"twitter:data1\" content=\"3\u00a0Minuten\" \/>\n<script type=\"application\/ld+json\" class=\"yoast-schema-graph\">{\"@context\":\"https:\\\/\\\/schema.org\",\"@graph\":[{\"@type\":\"WebPage\",\"@id\":\"https:\\\/\\\/bien-etreiris.ch\\\/de\\\/produktpraesentation\\\/gesundes-leben\\\/gesunde-lebensmittel\\\/getraenke\\\/cafe-decafeine\\\/\",\"url\":\"https:\\\/\\\/bien-etreiris.ch\\\/de\\\/produktpraesentation\\\/gesundes-leben\\\/gesunde-lebensmittel\\\/getraenke\\\/cafe-decafeine\\\/\",\"name\":\"CAFE DECAFEINE - WOHLBEFINDEN\",\"isPartOf\":{\"@id\":\"https:\\\/\\\/bien-etreiris.ch\\\/de\\\/#website\"},\"primaryImageOfPage\":{\"@id\":\"https:\\\/\\\/bien-etreiris.ch\\\/de\\\/produktpraesentation\\\/gesundes-leben\\\/gesunde-lebensmittel\\\/getraenke\\\/cafe-decafeine\\\/#primaryimage\"},\"image\":{\"@id\":\"https:\\\/\\\/bien-etreiris.ch\\\/de\\\/produktpraesentation\\\/gesundes-leben\\\/gesunde-lebensmittel\\\/getraenke\\\/cafe-decafeine\\\/#primaryimage\"},\"thumbnailUrl\":\"https:\\\/\\\/bien-etreiris.ch\\\/wp-content\\\/uploads\\\/2026\\\/03\\\/Cafe-decafeine.jpg\",\"datePublished\":\"2026-03-12T00:17:06+00:00\",\"dateModified\":\"2026-03-12T09:40:19+00:00\",\"breadcrumb\":{\"@id\":\"https:\\\/\\\/bien-etreiris.ch\\\/de\\\/produktpraesentation\\\/gesundes-leben\\\/gesunde-lebensmittel\\\/getraenke\\\/cafe-decafeine\\\/#breadcrumb\"},\"inLanguage\":\"de\",\"potentialAction\":[{\"@type\":\"ReadAction\",\"target\":[\"https:\\\/\\\/bien-etreiris.ch\\\/de\\\/produktpraesentation\\\/gesundes-leben\\\/gesunde-lebensmittel\\\/getraenke\\\/cafe-decafeine\\\/\"]}]},{\"@type\":\"ImageObject\",\"inLanguage\":\"de\",\"@id\":\"https:\\\/\\\/bien-etreiris.ch\\\/de\\\/produktpraesentation\\\/gesundes-leben\\\/gesunde-lebensmittel\\\/getraenke\\\/cafe-decafeine\\\/#primaryimage\",\"url\":\"https:\\\/\\\/bien-etreiris.ch\\\/wp-content\\\/uploads\\\/2026\\\/03\\\/Cafe-decafeine.jpg\",\"contentUrl\":\"https:\\\/\\\/bien-etreiris.ch\\\/wp-content\\\/uploads\\\/2026\\\/03\\\/Cafe-decafeine.jpg\",\"width\":500,\"height\":333},{\"@type\":\"BreadcrumbList\",\"@id\":\"https:\\\/\\\/bien-etreiris.ch\\\/de\\\/produktpraesentation\\\/gesundes-leben\\\/gesunde-lebensmittel\\\/getraenke\\\/cafe-decafeine\\\/#breadcrumb\",\"itemListElement\":[{\"@type\":\"ListItem\",\"position\":1,\"name\":\"Home\",\"item\":\"https:\\\/\\\/bien-etreiris.ch\\\/de\\\/\"},{\"@type\":\"ListItem\",\"position\":2,\"name\":\"PRODUKTPR\u00c4SENTATION\",\"item\":\"https:\\\/\\\/bien-etreiris.ch\\\/de\\\/produktpraesentation\\\/\"},{\"@type\":\"ListItem\",\"position\":3,\"name\":\"GESUNDES LEBEN\",\"item\":\"https:\\\/\\\/bien-etreiris.ch\\\/de\\\/produktpraesentation\\\/gesundes-leben\\\/\"},{\"@type\":\"ListItem\",\"position\":4,\"name\":\"GESUNDE LEBENSMITTEL\",\"item\":\"https:\\\/\\\/bien-etreiris.ch\\\/de\\\/produktpraesentation\\\/gesundes-leben\\\/gesunde-lebensmittel\\\/\"},{\"@type\":\"ListItem\",\"position\":5,\"name\":\"GETR\u00c4NKE\",\"item\":\"https:\\\/\\\/bien-etreiris.ch\\\/de\\\/produktpraesentation\\\/gesundes-leben\\\/gesunde-lebensmittel\\\/getraenke\\\/\"},{\"@type\":\"ListItem\",\"position\":6,\"name\":\"CAFE DECAFEINE\"}]},{\"@type\":\"WebSite\",\"@id\":\"https:\\\/\\\/bien-etreiris.ch\\\/de\\\/#website\",\"url\":\"https:\\\/\\\/bien-etreiris.ch\\\/de\\\/\",\"name\":\"Bien-\u00eatre Iris\",\"description\":\"IHRE Gesundheit ist uns wichtig\",\"potentialAction\":[{\"@type\":\"SearchAction\",\"target\":{\"@type\":\"EntryPoint\",\"urlTemplate\":\"https:\\\/\\\/bien-etreiris.ch\\\/de\\\/?s={search_term_string}\"},\"query-input\":{\"@type\":\"PropertyValueSpecification\",\"valueRequired\":true,\"valueName\":\"search_term_string\"}}],\"inLanguage\":\"de\"}]}<\/script>\n<!-- \/ Yoast SEO plugin. -->","yoast_head_json":{"title":"CAFE DECAFEINE - WOHLBEFINDEN","robots":{"index":"index","follow":"follow","max-snippet":"max-snippet:-1","max-image-preview":"max-image-preview:large","max-video-preview":"max-video-preview:-1"},"canonical":"https:\/\/bien-etreiris.ch\/de\/produktpraesentation\/gesundes-leben\/gesunde-lebensmittel\/getraenke\/cafe-decafeine\/","og_locale":"de_DE","og_type":"article","og_title":"CAFE DECAFEINE - WOHLBEFINDEN","og_description":"Caf\u00e9 d\u00e9caf\u00e9in\u00e9 \u00e0 filtr\u00e9 avec un cafeti\u00e8re \u00e0 piston &nbsp; Caf\u00e9 Chicor\u00e9e &nbsp; &nbsp; &nbsp; &nbsp; &nbsp; Pour tous ceux qui souhaitent parfois une alternative ou un compl\u00e9ment (aromatique) au caf\u00e9 en grains. Comme rituel matinal rafra\u00eechissant et amer, mais aussi le soir, pour terminer la journ\u00e9e de mani\u00e8re agr\u00e9able, avec un go\u00fbt amer et sans caf\u00e9ine. 100 % racine&nbsp;Weiter lesen","og_url":"https:\/\/bien-etreiris.ch\/de\/produktpraesentation\/gesundes-leben\/gesunde-lebensmittel\/getraenke\/cafe-decafeine\/","og_site_name":"WOHLBEFINDEN","article_publisher":"https:\/\/www.facebook.com\/bienetreiris\/","article_modified_time":"2026-03-12T09:40:19+00:00","og_image":[{"width":500,"height":333,"url":"https:\/\/bien-etreiris.ch\/wp-content\/uploads\/2026\/03\/Cafe-decafeine.jpg","type":"image\/jpeg"}],"twitter_misc":{"Gesch\u00e4tzte Lesezeit":"3\u00a0Minuten"},"schema":{"@context":"https:\/\/schema.org","@graph":[{"@type":"WebPage","@id":"https:\/\/bien-etreiris.ch\/de\/produktpraesentation\/gesundes-leben\/gesunde-lebensmittel\/getraenke\/cafe-decafeine\/","url":"https:\/\/bien-etreiris.ch\/de\/produktpraesentation\/gesundes-leben\/gesunde-lebensmittel\/getraenke\/cafe-decafeine\/","name":"CAFE DECAFEINE - WOHLBEFINDEN","isPartOf":{"@id":"https:\/\/bien-etreiris.ch\/de\/#website"},"primaryImageOfPage":{"@id":"https:\/\/bien-etreiris.ch\/de\/produktpraesentation\/gesundes-leben\/gesunde-lebensmittel\/getraenke\/cafe-decafeine\/#primaryimage"},"image":{"@id":"https:\/\/bien-etreiris.ch\/de\/produktpraesentation\/gesundes-leben\/gesunde-lebensmittel\/getraenke\/cafe-decafeine\/#primaryimage"},"thumbnailUrl":"https:\/\/bien-etreiris.ch\/wp-content\/uploads\/2026\/03\/Cafe-decafeine.jpg","datePublished":"2026-03-12T00:17:06+00:00","dateModified":"2026-03-12T09:40:19+00:00","breadcrumb":{"@id":"https:\/\/bien-etreiris.ch\/de\/produktpraesentation\/gesundes-leben\/gesunde-lebensmittel\/getraenke\/cafe-decafeine\/#breadcrumb"},"inLanguage":"de","potentialAction":[{"@type":"ReadAction","target":["https:\/\/bien-etreiris.ch\/de\/produktpraesentation\/gesundes-leben\/gesunde-lebensmittel\/getraenke\/cafe-decafeine\/"]}]},{"@type":"ImageObject","inLanguage":"de","@id":"https:\/\/bien-etreiris.ch\/de\/produktpraesentation\/gesundes-leben\/gesunde-lebensmittel\/getraenke\/cafe-decafeine\/#primaryimage","url":"https:\/\/bien-etreiris.ch\/wp-content\/uploads\/2026\/03\/Cafe-decafeine.jpg","contentUrl":"https:\/\/bien-etreiris.ch\/wp-content\/uploads\/2026\/03\/Cafe-decafeine.jpg","width":500,"height":333},{"@type":"BreadcrumbList","@id":"https:\/\/bien-etreiris.ch\/de\/produktpraesentation\/gesundes-leben\/gesunde-lebensmittel\/getraenke\/cafe-decafeine\/#breadcrumb","itemListElement":[{"@type":"ListItem","position":1,"name":"Home","item":"https:\/\/bien-etreiris.ch\/de\/"},{"@type":"ListItem","position":2,"name":"PRODUKTPR\u00c4SENTATION","item":"https:\/\/bien-etreiris.ch\/de\/produktpraesentation\/"},{"@type":"ListItem","position":3,"name":"GESUNDES LEBEN","item":"https:\/\/bien-etreiris.ch\/de\/produktpraesentation\/gesundes-leben\/"},{"@type":"ListItem","position":4,"name":"GESUNDE LEBENSMITTEL","item":"https:\/\/bien-etreiris.ch\/de\/produktpraesentation\/gesundes-leben\/gesunde-lebensmittel\/"},{"@type":"ListItem","position":5,"name":"GETR\u00c4NKE","item":"https:\/\/bien-etreiris.ch\/de\/produktpraesentation\/gesundes-leben\/gesunde-lebensmittel\/getraenke\/"},{"@type":"ListItem","position":6,"name":"CAFE DECAFEINE"}]},{"@type":"WebSite","@id":"https:\/\/bien-etreiris.ch\/de\/#website","url":"https:\/\/bien-etreiris.ch\/de\/","name":"Bien-\u00eatre Iris","description":"IHRE Gesundheit ist uns wichtig","potentialAction":[{"@type":"SearchAction","target":{"@type":"EntryPoint","urlTemplate":"https:\/\/bien-etreiris.ch\/de\/?s={search_term_string}"},"query-input":{"@type":"PropertyValueSpecification","valueRequired":true,"valueName":"search_term_string"}}],"inLanguage":"de"}]}},"_links":{"self":[{"href":"https:\/\/bien-etreiris.ch\/de\/wp-json\/wp\/v2\/pages\/98030","targetHints":{"allow":["GET"]}}],"collection":[{"href":"https:\/\/bien-etreiris.ch\/de\/wp-json\/wp\/v2\/pages"}],"about":[{"href":"https:\/\/bien-etreiris.ch\/de\/wp-json\/wp\/v2\/types\/page"}],"author":[{"embeddable":true,"href":"https:\/\/bien-etreiris.ch\/de\/wp-json\/wp\/v2\/users\/1"}],"replies":[{"embeddable":true,"href":"https:\/\/bien-etreiris.ch\/de\/wp-json\/wp\/v2\/comments?post=98030"}],"version-history":[{"count":7,"href":"https:\/\/bien-etreiris.ch\/de\/wp-json\/wp\/v2\/pages\/98030\/revisions"}],"predecessor-version":[{"id":98143,"href":"https:\/\/bien-etreiris.ch\/de\/wp-json\/wp\/v2\/pages\/98030\/revisions\/98143"}],"up":[{"embeddable":true,"href":"https:\/\/bien-etreiris.ch\/de\/wp-json\/wp\/v2\/pages\/41475"}],"wp:featuredmedia":[{"embeddable":true,"href":"https:\/\/bien-etreiris.ch\/de\/wp-json\/wp\/v2\/media\/98027"}],"wp:attachment":[{"href":"https:\/\/bien-etreiris.ch\/de\/wp-json\/wp\/v2\/media?parent=98030"}],"curies":[{"name":"wp","href":"https:\/\/api.w.org\/{rel}","templated":true}]}}