{"id":97938,"date":"2026-03-11T23:49:45","date_gmt":"2026-03-11T21:49:45","guid":{"rendered":"https:\/\/bien-etreiris.ch\/fleurs-de-foin\/"},"modified":"2026-03-12T00:09:59","modified_gmt":"2026-03-11T22:09:59","slug":"fleurs-de-foin","status":"publish","type":"page","link":"https:\/\/bien-etreiris.ch\/de\/produktpraesentation\/entspannen\/badezusaetze\/fleurs-de-foin\/","title":{"rendered":"FLEURS DE FOIN"},"content":{"rendered":"<h2 class=\"p-product-details__title t-headline2\"><span data-v-bb731c22=\"\">Fleurs de foin&nbsp;<\/span><\/h2>\n\n\n<p><img loading=\"lazy\" decoding=\"async\" class=\"wp-image-97932 alignleft\" src=\"https:\/\/bien-etreiris.ch\/wp-content\/uploads\/2026\/03\/Fleurs-de-foin-Bain.png\" alt=\"\" width=\"210\" height=\"537\" srcset=\"https:\/\/bien-etreiris.ch\/wp-content\/uploads\/2026\/03\/Fleurs-de-foin-Bain.png 577w, https:\/\/bien-etreiris.ch\/wp-content\/uploads\/2026\/03\/Fleurs-de-foin-Bain-117x300.png 117w, https:\/\/bien-etreiris.ch\/wp-content\/uploads\/2026\/03\/Fleurs-de-foin-Bain-400x1024.png 400w\" sizes=\"auto, (max-width: 210px) 100vw, 210px\" \/><\/p>\n<p>&nbsp;<\/p>\n<p>&nbsp;<\/p>\n<p>&nbsp;<\/p>\n<p>&nbsp;<\/p>\n<h4><a href=\"https:\/\/bien-etreiris.ch\/de\/unsere-marken\/naturkraftwerke\/\" target=\"_blank\" rel=\"noopener\"><span style=\"color: #000080;\">NATURKRAFTWERKE<\/span><\/a><\/h4>\n<p>&nbsp;<\/p>\n<p>Un bain aux fleurs de foin <b>d\u00e9tend et apaise<\/b>, et procure la profondeur enivrante d'une nature intacte. Issu d'une collaboration partenariale.<\/p>\n<ul style=\"list-style-type: disc;\">\n<li>Avec <b>du foin de montagne Demeter provenant du Domleschg<\/b><\/li>\n<li><b>Fabriqu\u00e9 \u00e0 la main<\/b> selon la recette NaturKraftWerke par une petite entreprise familiale traditionnelle de cosm\u00e9tiques naturels bas\u00e9e dans le canton de Zurich<\/li>\n<li>Pour <b>les bains complets et partiels<\/b><\/li>\n<li>\u00c9galement pour les <b>enveloppements et les compresses<\/b><\/li>\n<li>Naturellement sans additifs synth\u00e9tiques, conservateurs ni parfums<\/li>\n<li>Une <b>prairie sauvage Demeter<\/b> dans votre salle de bain<\/li>\n<\/ul>\n<p>&nbsp;<\/p>\n<p><strong>250 ml CHF 25.00<\/strong><\/p>\n<p>&nbsp;<\/p>\n<p>&nbsp;<\/p>\n<p>&nbsp;<\/p>\n<p>&nbsp;<\/p>\n\n\n\n<h2>Extrait de fleurs de foin avec du foin de montagne Demeter provenant du Dolmetsche<\/h2>\n<p>Notre bain aux fleurs de foin est compos\u00e9 exclusivement d'un extrait alcoolique et aqueux de fleurs de foin et d'une petite quantit\u00e9 d'huiles essentielles naturelles. Les fleurs de foin proviennent <b>du foin de montagne Demeter<\/b> parfum\u00e9 de Dolmetsche, dans les Grisons. Les fleurs de foin (<b><i>Flores graminis<\/i><\/b>) ou fleurs d'herbe sont <b>un m\u00e9lange de fleurs, de graines et de feuilles de diff\u00e9rentes plantes des prairies<\/b>. Les parties r\u00e9colt\u00e9es des plantes sont s\u00e9ch\u00e9es, nettoy\u00e9es, puis transform\u00e9es pour la pr\u00e9paration de l'extrait de fleurs de foin. La fabrication soign\u00e9e du bain aux fleurs de foin est assur\u00e9e pour nous par une petite entreprise familiale traditionnelle de cosm\u00e9tiques naturels bas\u00e9e dans le canton de Zurich. Bien s\u00fbr, selon notre recette.<\/p>\n<p>L'extrait convient pour les bains complets et partiels, mais aussi pour les enveloppements et les compresses.<\/p>\n<p>Notre bain aux fleurs de foin t'offre <b>un moment de d\u00e9tente et d'apaisement !<\/b><\/p>\n<p>&nbsp;<\/p>\n<h2>Des fleurs de foin ?<\/h2>\n<p>En Europe centrale, les applications \u00e0 base de fleurs et de graines de plantes des prairies <b>sont connues depuis des si\u00e8cles<\/b>. Les fleurs de foin d\u00e9signent <b>un m\u00e9lange parfum\u00e9, vari\u00e9 et color\u00e9<\/b> de fleurs, de graines et de petites parties de plantes des prairies, en particulier des gramin\u00e9es. Plus de 100 esp\u00e8ces v\u00e9g\u00e9tales diff\u00e9rentes poussent par exemple sur une prairie de montagne maigre. <b>Diverses pr\u00e9parations \u00e0 base de fleurs de foin sont d\u00e9crites et transmises dans la litt\u00e9rature.<\/b> Comme nous appr\u00e9cions et cultivons les recettes, pr\u00e9parations et formulations modernes et innovantes ainsi que traditionnelles, nous sommes de grands fans des fleurs de foin et de leurs possibilit\u00e9s d'application. Nous trouvons passionnante et belle leur simplicit\u00e9, leur <b>parfum de prairie estivale<\/b> et les nombreuses histoires qui les entourent.<\/p>\n<p>Nous avons d\u00e9velopp\u00e9 ce bain afin que les fleurs de foin n'aient pas besoin d'\u00eatre infus\u00e9es, mac\u00e9r\u00e9es ou pr\u00e9par\u00e9es d'une autre mani\u00e8re \u00e0 la maison. Un <b>extrait de fleurs de foin pr\u00eat \u00e0 l'emploi<\/b>.<\/p>\n<p>&nbsp;<\/p>\n<h2>Utilisation<\/h2>\n<p>Pour les bains complets et partiels. Convient \u00e9galement pour les enveloppements et les compresses.<\/p>\n<p>Pour un bain complet, verser environ 30 ml dans le bain.<\/p>\n<p>Agiter avant utilisation.<\/p>\n<p>&nbsp;<\/p>\n<p><strong>INCI :<\/strong> AQUA, GRAMINIS FLORIS* (HAY FLOWER) EXTRACT, ETHANOL**(AGRAR), NATURAL ORGANIC FRAGRANCE COMPOSITION**<\/p>\n<p>*certifi\u00e9 Demeter, **certifi\u00e9 biologique<\/p>\n","protected":false},"excerpt":{"rendered":"<p>Fleurs de foin&nbsp; &nbsp; &nbsp; &nbsp; &nbsp; NATURKRAFTWERKE &nbsp; Un bain aux fleurs de foin d\u00e9tend et apaise, et procure la profondeur enivrante d'une nature intacte. Issu d'une collaboration partenariale. Avec du foin de montagne Demeter provenant du Domleschg Fabriqu\u00e9 \u00e0 la main selon la recette NaturKraftWerke par une petite entreprise familiale traditionnelle de cosm\u00e9tiques naturels bas\u00e9e dans le canton&nbsp;<a href=\"https:\/\/bien-etreiris.ch\/de\/produktpraesentation\/entspannen\/badezusaetze\/fleurs-de-foin\/\" class=\"read-more\">Weiter lesen<\/a><\/p>\n","protected":false},"author":1,"featured_media":97931,"parent":13348,"menu_order":36,"comment_status":"closed","ping_status":"closed","template":"page-with-child.php","meta":{"_acf_changed":false,"ngg_post_thumbnail":0,"footnotes":""},"class_list":["post-97938","page","type-page","status-publish","has-post-thumbnail","hentry"],"acf":[],"yoast_head":"<!-- This site is optimized with the Yoast SEO plugin v27.6 - https:\/\/yoast.com\/product\/yoast-seo-wordpress\/ -->\n<title>FLEURS DE FOIN - WOHLBEFINDEN<\/title>\n<meta name=\"robots\" content=\"index, follow, max-snippet:-1, max-image-preview:large, max-video-preview:-1\" \/>\n<link rel=\"canonical\" href=\"https:\/\/bien-etreiris.ch\/de\/produktpraesentation\/entspannen\/badezusaetze\/fleurs-de-foin\/\" \/>\n<meta property=\"og:locale\" content=\"de_DE\" \/>\n<meta property=\"og:type\" content=\"article\" \/>\n<meta property=\"og:title\" content=\"FLEURS DE FOIN - WOHLBEFINDEN\" \/>\n<meta property=\"og:description\" content=\"Fleurs de foin&nbsp; &nbsp; &nbsp; &nbsp; &nbsp; NATURKRAFTWERKE &nbsp; Un bain aux fleurs de foin d\u00e9tend et apaise, et procure la profondeur enivrante d&#039;une nature intacte. Issu d&#039;une collaboration partenariale. Avec du foin de montagne Demeter provenant du Domleschg Fabriqu\u00e9 \u00e0 la main selon la recette NaturKraftWerke par une petite entreprise familiale traditionnelle de cosm\u00e9tiques naturels bas\u00e9e dans le canton&nbsp;Weiter lesen\" \/>\n<meta property=\"og:url\" content=\"https:\/\/bien-etreiris.ch\/de\/produktpraesentation\/entspannen\/badezusaetze\/fleurs-de-foin\/\" \/>\n<meta property=\"og:site_name\" content=\"WOHLBEFINDEN\" \/>\n<meta property=\"article:publisher\" content=\"https:\/\/www.facebook.com\/bienetreiris\/\" \/>\n<meta property=\"article:modified_time\" content=\"2026-03-11T22:09:59+00:00\" \/>\n<meta property=\"og:image\" content=\"https:\/\/bien-etreiris.ch\/wp-content\/uploads\/2026\/03\/Acceuil-Fleurs-de-foin-Bain.jpg\" \/>\n\t<meta property=\"og:image:width\" content=\"500\" \/>\n\t<meta property=\"og:image:height\" content=\"303\" \/>\n\t<meta property=\"og:image:type\" content=\"image\/jpeg\" \/>\n<meta name=\"twitter:label1\" content=\"Gesch\u00e4tzte Lesezeit\" \/>\n\t<meta name=\"twitter:data1\" content=\"3\u00a0Minuten\" \/>\n<script type=\"application\/ld+json\" class=\"yoast-schema-graph\">{\"@context\":\"https:\\\/\\\/schema.org\",\"@graph\":[{\"@type\":\"WebPage\",\"@id\":\"https:\\\/\\\/bien-etreiris.ch\\\/de\\\/produktpraesentation\\\/entspannen\\\/badezusaetze\\\/fleurs-de-foin\\\/\",\"url\":\"https:\\\/\\\/bien-etreiris.ch\\\/de\\\/produktpraesentation\\\/entspannen\\\/badezusaetze\\\/fleurs-de-foin\\\/\",\"name\":\"FLEURS DE FOIN - WOHLBEFINDEN\",\"isPartOf\":{\"@id\":\"https:\\\/\\\/bien-etreiris.ch\\\/de\\\/#website\"},\"primaryImageOfPage\":{\"@id\":\"https:\\\/\\\/bien-etreiris.ch\\\/de\\\/produktpraesentation\\\/entspannen\\\/badezusaetze\\\/fleurs-de-foin\\\/#primaryimage\"},\"image\":{\"@id\":\"https:\\\/\\\/bien-etreiris.ch\\\/de\\\/produktpraesentation\\\/entspannen\\\/badezusaetze\\\/fleurs-de-foin\\\/#primaryimage\"},\"thumbnailUrl\":\"https:\\\/\\\/bien-etreiris.ch\\\/wp-content\\\/uploads\\\/2026\\\/03\\\/Acceuil-Fleurs-de-foin-Bain.jpg\",\"datePublished\":\"2026-03-11T21:49:45+00:00\",\"dateModified\":\"2026-03-11T22:09:59+00:00\",\"breadcrumb\":{\"@id\":\"https:\\\/\\\/bien-etreiris.ch\\\/de\\\/produktpraesentation\\\/entspannen\\\/badezusaetze\\\/fleurs-de-foin\\\/#breadcrumb\"},\"inLanguage\":\"de\",\"potentialAction\":[{\"@type\":\"ReadAction\",\"target\":[\"https:\\\/\\\/bien-etreiris.ch\\\/de\\\/produktpraesentation\\\/entspannen\\\/badezusaetze\\\/fleurs-de-foin\\\/\"]}]},{\"@type\":\"ImageObject\",\"inLanguage\":\"de\",\"@id\":\"https:\\\/\\\/bien-etreiris.ch\\\/de\\\/produktpraesentation\\\/entspannen\\\/badezusaetze\\\/fleurs-de-foin\\\/#primaryimage\",\"url\":\"https:\\\/\\\/bien-etreiris.ch\\\/wp-content\\\/uploads\\\/2026\\\/03\\\/Acceuil-Fleurs-de-foin-Bain.jpg\",\"contentUrl\":\"https:\\\/\\\/bien-etreiris.ch\\\/wp-content\\\/uploads\\\/2026\\\/03\\\/Acceuil-Fleurs-de-foin-Bain.jpg\",\"width\":500,\"height\":303},{\"@type\":\"BreadcrumbList\",\"@id\":\"https:\\\/\\\/bien-etreiris.ch\\\/de\\\/produktpraesentation\\\/entspannen\\\/badezusaetze\\\/fleurs-de-foin\\\/#breadcrumb\",\"itemListElement\":[{\"@type\":\"ListItem\",\"position\":1,\"name\":\"Home\",\"item\":\"https:\\\/\\\/bien-etreiris.ch\\\/de\\\/\"},{\"@type\":\"ListItem\",\"position\":2,\"name\":\"PRODUKTPR\u00c4SENTATION\",\"item\":\"https:\\\/\\\/bien-etreiris.ch\\\/de\\\/produktpraesentation\\\/\"},{\"@type\":\"ListItem\",\"position\":3,\"name\":\"ENTSPANNEND\",\"item\":\"https:\\\/\\\/bien-etreiris.ch\\\/de\\\/produktpraesentation\\\/entspannen\\\/\"},{\"@type\":\"ListItem\",\"position\":4,\"name\":\"BADEZUS\u00c4TZE\",\"item\":\"https:\\\/\\\/bien-etreiris.ch\\\/de\\\/produktpraesentation\\\/entspannen\\\/badezusaetze\\\/\"},{\"@type\":\"ListItem\",\"position\":5,\"name\":\"FLEURS DE FOIN\"}]},{\"@type\":\"WebSite\",\"@id\":\"https:\\\/\\\/bien-etreiris.ch\\\/de\\\/#website\",\"url\":\"https:\\\/\\\/bien-etreiris.ch\\\/de\\\/\",\"name\":\"Bien-\u00eatre Iris\",\"description\":\"IHRE Gesundheit ist uns wichtig\",\"potentialAction\":[{\"@type\":\"SearchAction\",\"target\":{\"@type\":\"EntryPoint\",\"urlTemplate\":\"https:\\\/\\\/bien-etreiris.ch\\\/de\\\/?s={search_term_string}\"},\"query-input\":{\"@type\":\"PropertyValueSpecification\",\"valueRequired\":true,\"valueName\":\"search_term_string\"}}],\"inLanguage\":\"de\"}]}<\/script>\n<!-- \/ Yoast SEO plugin. -->","yoast_head_json":{"title":"FLEURS DE FOIN - WOHLBEFINDEN","robots":{"index":"index","follow":"follow","max-snippet":"max-snippet:-1","max-image-preview":"max-image-preview:large","max-video-preview":"max-video-preview:-1"},"canonical":"https:\/\/bien-etreiris.ch\/de\/produktpraesentation\/entspannen\/badezusaetze\/fleurs-de-foin\/","og_locale":"de_DE","og_type":"article","og_title":"FLEURS DE FOIN - WOHLBEFINDEN","og_description":"Fleurs de foin&nbsp; &nbsp; &nbsp; &nbsp; &nbsp; NATURKRAFTWERKE &nbsp; Un bain aux fleurs de foin d\u00e9tend et apaise, et procure la profondeur enivrante d'une nature intacte. Issu d'une collaboration partenariale. Avec du foin de montagne Demeter provenant du Domleschg Fabriqu\u00e9 \u00e0 la main selon la recette NaturKraftWerke par une petite entreprise familiale traditionnelle de cosm\u00e9tiques naturels bas\u00e9e dans le canton&nbsp;Weiter lesen","og_url":"https:\/\/bien-etreiris.ch\/de\/produktpraesentation\/entspannen\/badezusaetze\/fleurs-de-foin\/","og_site_name":"WOHLBEFINDEN","article_publisher":"https:\/\/www.facebook.com\/bienetreiris\/","article_modified_time":"2026-03-11T22:09:59+00:00","og_image":[{"width":500,"height":303,"url":"https:\/\/bien-etreiris.ch\/wp-content\/uploads\/2026\/03\/Acceuil-Fleurs-de-foin-Bain.jpg","type":"image\/jpeg"}],"twitter_misc":{"Gesch\u00e4tzte Lesezeit":"3\u00a0Minuten"},"schema":{"@context":"https:\/\/schema.org","@graph":[{"@type":"WebPage","@id":"https:\/\/bien-etreiris.ch\/de\/produktpraesentation\/entspannen\/badezusaetze\/fleurs-de-foin\/","url":"https:\/\/bien-etreiris.ch\/de\/produktpraesentation\/entspannen\/badezusaetze\/fleurs-de-foin\/","name":"FLEURS DE FOIN - WOHLBEFINDEN","isPartOf":{"@id":"https:\/\/bien-etreiris.ch\/de\/#website"},"primaryImageOfPage":{"@id":"https:\/\/bien-etreiris.ch\/de\/produktpraesentation\/entspannen\/badezusaetze\/fleurs-de-foin\/#primaryimage"},"image":{"@id":"https:\/\/bien-etreiris.ch\/de\/produktpraesentation\/entspannen\/badezusaetze\/fleurs-de-foin\/#primaryimage"},"thumbnailUrl":"https:\/\/bien-etreiris.ch\/wp-content\/uploads\/2026\/03\/Acceuil-Fleurs-de-foin-Bain.jpg","datePublished":"2026-03-11T21:49:45+00:00","dateModified":"2026-03-11T22:09:59+00:00","breadcrumb":{"@id":"https:\/\/bien-etreiris.ch\/de\/produktpraesentation\/entspannen\/badezusaetze\/fleurs-de-foin\/#breadcrumb"},"inLanguage":"de","potentialAction":[{"@type":"ReadAction","target":["https:\/\/bien-etreiris.ch\/de\/produktpraesentation\/entspannen\/badezusaetze\/fleurs-de-foin\/"]}]},{"@type":"ImageObject","inLanguage":"de","@id":"https:\/\/bien-etreiris.ch\/de\/produktpraesentation\/entspannen\/badezusaetze\/fleurs-de-foin\/#primaryimage","url":"https:\/\/bien-etreiris.ch\/wp-content\/uploads\/2026\/03\/Acceuil-Fleurs-de-foin-Bain.jpg","contentUrl":"https:\/\/bien-etreiris.ch\/wp-content\/uploads\/2026\/03\/Acceuil-Fleurs-de-foin-Bain.jpg","width":500,"height":303},{"@type":"BreadcrumbList","@id":"https:\/\/bien-etreiris.ch\/de\/produktpraesentation\/entspannen\/badezusaetze\/fleurs-de-foin\/#breadcrumb","itemListElement":[{"@type":"ListItem","position":1,"name":"Home","item":"https:\/\/bien-etreiris.ch\/de\/"},{"@type":"ListItem","position":2,"name":"PRODUKTPR\u00c4SENTATION","item":"https:\/\/bien-etreiris.ch\/de\/produktpraesentation\/"},{"@type":"ListItem","position":3,"name":"ENTSPANNEND","item":"https:\/\/bien-etreiris.ch\/de\/produktpraesentation\/entspannen\/"},{"@type":"ListItem","position":4,"name":"BADEZUS\u00c4TZE","item":"https:\/\/bien-etreiris.ch\/de\/produktpraesentation\/entspannen\/badezusaetze\/"},{"@type":"ListItem","position":5,"name":"FLEURS DE FOIN"}]},{"@type":"WebSite","@id":"https:\/\/bien-etreiris.ch\/de\/#website","url":"https:\/\/bien-etreiris.ch\/de\/","name":"Bien-\u00eatre Iris","description":"IHRE Gesundheit ist uns wichtig","potentialAction":[{"@type":"SearchAction","target":{"@type":"EntryPoint","urlTemplate":"https:\/\/bien-etreiris.ch\/de\/?s={search_term_string}"},"query-input":{"@type":"PropertyValueSpecification","valueRequired":true,"valueName":"search_term_string"}}],"inLanguage":"de"}]}},"_links":{"self":[{"href":"https:\/\/bien-etreiris.ch\/de\/wp-json\/wp\/v2\/pages\/97938","targetHints":{"allow":["GET"]}}],"collection":[{"href":"https:\/\/bien-etreiris.ch\/de\/wp-json\/wp\/v2\/pages"}],"about":[{"href":"https:\/\/bien-etreiris.ch\/de\/wp-json\/wp\/v2\/types\/page"}],"author":[{"embeddable":true,"href":"https:\/\/bien-etreiris.ch\/de\/wp-json\/wp\/v2\/users\/1"}],"replies":[{"embeddable":true,"href":"https:\/\/bien-etreiris.ch\/de\/wp-json\/wp\/v2\/comments?post=97938"}],"version-history":[{"count":7,"href":"https:\/\/bien-etreiris.ch\/de\/wp-json\/wp\/v2\/pages\/97938\/revisions"}],"predecessor-version":[{"id":97962,"href":"https:\/\/bien-etreiris.ch\/de\/wp-json\/wp\/v2\/pages\/97938\/revisions\/97962"}],"up":[{"embeddable":true,"href":"https:\/\/bien-etreiris.ch\/de\/wp-json\/wp\/v2\/pages\/13348"}],"wp:featuredmedia":[{"embeddable":true,"href":"https:\/\/bien-etreiris.ch\/de\/wp-json\/wp\/v2\/media\/97931"}],"wp:attachment":[{"href":"https:\/\/bien-etreiris.ch\/de\/wp-json\/wp\/v2\/media?parent=97938"}],"curies":[{"name":"wp","href":"https:\/\/api.w.org\/{rel}","templated":true}]}}