{"id":97658,"date":"2026-02-28T02:17:23","date_gmt":"2026-02-28T00:17:23","guid":{"rendered":"https:\/\/bien-etreiris.ch\/produktpraesentation\/aromatherapie\/raumbeduftung\/vernebler\/eros\/"},"modified":"2026-02-28T09:43:03","modified_gmt":"2026-02-28T07:43:03","slug":"eros","status":"publish","type":"page","link":"https:\/\/bien-etreiris.ch\/de\/produktpraesentation\/aromatherapie\/raumbeduftung\/vernebler\/eros\/","title":{"rendered":"EROS"},"content":{"rendered":"\n<h2>Diffuseur d'ar\u00f4mes EROS &amp; lampe au sel de l'Himalaya<\/h2>\n<p>&nbsp;<\/p>\n<p><img loading=\"lazy\" decoding=\"async\" class=\"size-full wp-image-97644 alignleft\" src=\"https:\/\/bien-etreiris.ch\/wp-content\/uploads\/2026\/02\/Eros.png\" alt=\"\" width=\"576\" height=\"375\" srcset=\"https:\/\/bien-etreiris.ch\/wp-content\/uploads\/2026\/02\/Eros.png 576w, https:\/\/bien-etreiris.ch\/wp-content\/uploads\/2026\/02\/Eros-300x195.png 300w\" sizes=\"auto, (max-width: 576px) 100vw, 576px\" \/><\/p>\n\n\n<p><strong><em>Cr\u00e9e une ambiance d\u00e9tendue<\/em><\/strong><\/p>\n<p>Appareil 3 en 1 : diffuseur d'ar\u00f4mes, lampe en cristal de sel et humidificateur<\/p>\n<p>1 pi\u00e8ce CHF 99.90<\/p>\n<p>&nbsp;<\/p>\n<p>&nbsp;<\/p>\n<p>&nbsp;<\/p>\n\n\n\n\n<p>&nbsp;<\/p>\n<p>&nbsp;<\/p>\n<p>&nbsp;<\/p>\n<p>Le diffuseur pour huiles essentielles 100 % naturelles embaume votre pi\u00e8ce d'un parfum agr\u00e9able et apaisant et humidifie vos petits espaces.<\/p>\n<p>Choisissez la luminosit\u00e9 souhait\u00e9e pour am\u00e9liorer votre humeur et cr\u00e9er une atmosph\u00e8re apaisante.<\/p>\n<p>La lampe diffuse une teinte rose qui cr\u00e9e une atmosph\u00e8re chaleureuse et relaxante. Cette pi\u00e8ce ma\u00eetresse parfaite illumine chaque pi\u00e8ce de sa lumi\u00e8re ambr\u00e9e et compl\u00e8te l'esth\u00e9tique de votre int\u00e9rieur.<\/p>\n<p>Les cristaux de sel de l'Himalaya \u00e9mettent des ions n\u00e9gatifs qui neutralisent les rayonnements \u00e9lectromagn\u00e9tiques. Ils vous aident \u00e0 mieux dormir la nuit et rafra\u00eechissent l'air.<\/p>\n<p>Contenu :<\/p>\n<ul style=\"list-style-type: disc;\">\n<li>&nbsp;Diffuseur d'ar\u00f4mes EROS<\/li>\n<li>&nbsp;Cristaux de sel de l'Himalaya<\/li>\n<li>&nbsp;Bloc d'alimentation<\/li>\n<li>&nbsp;Mode d'emploi<\/li>\n<\/ul>\n<p>Vous trouverez ici tous nos diffuseurs d'ar\u00f4mes.<\/p>\n","protected":false},"excerpt":{"rendered":"<p>Diffuseur d'ar\u00f4mes EROS &amp; lampe au sel de l'Himalaya &nbsp; Cr\u00e9e une ambiance d\u00e9tendue Appareil 3 en 1 : diffuseur d'ar\u00f4mes, lampe en cristal de sel et humidificateur 1 pi\u00e8ce CHF 99.90 &nbsp; &nbsp; &nbsp; &nbsp; &nbsp; &nbsp; Le diffuseur pour huiles essentielles 100 % naturelles embaume votre pi\u00e8ce d'un parfum agr\u00e9able et apaisant et humidifie vos petits espaces. Choisissez&nbsp;<a href=\"https:\/\/bien-etreiris.ch\/de\/produktpraesentation\/aromatherapie\/raumbeduftung\/vernebler\/eros\/\" class=\"read-more\">Weiter lesen<\/a><\/p>\n","protected":false},"author":1,"featured_media":97652,"parent":18415,"menu_order":42,"comment_status":"closed","ping_status":"closed","template":"","meta":{"_acf_changed":false,"ngg_post_thumbnail":0,"footnotes":""},"class_list":["post-97658","page","type-page","status-publish","has-post-thumbnail","hentry"],"acf":[],"yoast_head":"<!-- This site is optimized with the Yoast SEO plugin v27.5 - https:\/\/yoast.com\/product\/yoast-seo-wordpress\/ -->\n<title>EROS - WOHLBEFINDEN<\/title>\n<meta name=\"robots\" content=\"index, follow, max-snippet:-1, max-image-preview:large, max-video-preview:-1\" \/>\n<link rel=\"canonical\" href=\"https:\/\/bien-etreiris.ch\/de\/produktpraesentation\/aromatherapie\/raumbeduftung\/vernebler\/eros\/\" \/>\n<meta property=\"og:locale\" content=\"de_DE\" \/>\n<meta property=\"og:type\" content=\"article\" \/>\n<meta property=\"og:title\" content=\"EROS - WOHLBEFINDEN\" \/>\n<meta property=\"og:description\" content=\"Diffuseur d&#039;ar\u00f4mes EROS &amp; lampe au sel de l&#039;Himalaya &nbsp; Cr\u00e9e une ambiance d\u00e9tendue Appareil 3 en 1 : diffuseur d&#039;ar\u00f4mes, lampe en cristal de sel et humidificateur 1 pi\u00e8ce CHF 99.90 &nbsp; &nbsp; &nbsp; &nbsp; &nbsp; &nbsp; Le diffuseur pour huiles essentielles 100 % naturelles embaume votre pi\u00e8ce d&#039;un parfum agr\u00e9able et apaisant et humidifie vos petits espaces. Choisissez&nbsp;Weiter lesen\" \/>\n<meta property=\"og:url\" content=\"https:\/\/bien-etreiris.ch\/de\/produktpraesentation\/aromatherapie\/raumbeduftung\/vernebler\/eros\/\" \/>\n<meta property=\"og:site_name\" content=\"WOHLBEFINDEN\" \/>\n<meta property=\"article:publisher\" content=\"https:\/\/www.facebook.com\/bienetreiris\/\" \/>\n<meta property=\"article:modified_time\" content=\"2026-02-28T07:43:03+00:00\" \/>\n<meta property=\"og:image\" content=\"https:\/\/bien-etreiris.ch\/wp-content\/uploads\/2026\/02\/Eros-1.png\" \/>\n\t<meta property=\"og:image:width\" content=\"576\" \/>\n\t<meta property=\"og:image:height\" content=\"375\" \/>\n\t<meta property=\"og:image:type\" content=\"image\/png\" \/>\n<meta name=\"twitter:label1\" content=\"Gesch\u00e4tzte Lesezeit\" \/>\n\t<meta name=\"twitter:data1\" content=\"2\u00a0Minuten\" \/>\n<script type=\"application\/ld+json\" class=\"yoast-schema-graph\">{\"@context\":\"https:\\\/\\\/schema.org\",\"@graph\":[{\"@type\":\"WebPage\",\"@id\":\"https:\\\/\\\/bien-etreiris.ch\\\/de\\\/produktpraesentation\\\/aromatherapie\\\/raumbeduftung\\\/vernebler\\\/eros\\\/\",\"url\":\"https:\\\/\\\/bien-etreiris.ch\\\/de\\\/produktpraesentation\\\/aromatherapie\\\/raumbeduftung\\\/vernebler\\\/eros\\\/\",\"name\":\"EROS - WOHLBEFINDEN\",\"isPartOf\":{\"@id\":\"https:\\\/\\\/bien-etreiris.ch\\\/de\\\/#website\"},\"primaryImageOfPage\":{\"@id\":\"https:\\\/\\\/bien-etreiris.ch\\\/de\\\/produktpraesentation\\\/aromatherapie\\\/raumbeduftung\\\/vernebler\\\/eros\\\/#primaryimage\"},\"image\":{\"@id\":\"https:\\\/\\\/bien-etreiris.ch\\\/de\\\/produktpraesentation\\\/aromatherapie\\\/raumbeduftung\\\/vernebler\\\/eros\\\/#primaryimage\"},\"thumbnailUrl\":\"https:\\\/\\\/bien-etreiris.ch\\\/wp-content\\\/uploads\\\/2026\\\/02\\\/Eros-1.png\",\"datePublished\":\"2026-02-28T00:17:23+00:00\",\"dateModified\":\"2026-02-28T07:43:03+00:00\",\"breadcrumb\":{\"@id\":\"https:\\\/\\\/bien-etreiris.ch\\\/de\\\/produktpraesentation\\\/aromatherapie\\\/raumbeduftung\\\/vernebler\\\/eros\\\/#breadcrumb\"},\"inLanguage\":\"de\",\"potentialAction\":[{\"@type\":\"ReadAction\",\"target\":[\"https:\\\/\\\/bien-etreiris.ch\\\/de\\\/produktpraesentation\\\/aromatherapie\\\/raumbeduftung\\\/vernebler\\\/eros\\\/\"]}]},{\"@type\":\"ImageObject\",\"inLanguage\":\"de\",\"@id\":\"https:\\\/\\\/bien-etreiris.ch\\\/de\\\/produktpraesentation\\\/aromatherapie\\\/raumbeduftung\\\/vernebler\\\/eros\\\/#primaryimage\",\"url\":\"https:\\\/\\\/bien-etreiris.ch\\\/wp-content\\\/uploads\\\/2026\\\/02\\\/Eros-1.png\",\"contentUrl\":\"https:\\\/\\\/bien-etreiris.ch\\\/wp-content\\\/uploads\\\/2026\\\/02\\\/Eros-1.png\",\"width\":576,\"height\":375},{\"@type\":\"BreadcrumbList\",\"@id\":\"https:\\\/\\\/bien-etreiris.ch\\\/de\\\/produktpraesentation\\\/aromatherapie\\\/raumbeduftung\\\/vernebler\\\/eros\\\/#breadcrumb\",\"itemListElement\":[{\"@type\":\"ListItem\",\"position\":1,\"name\":\"Home\",\"item\":\"https:\\\/\\\/bien-etreiris.ch\\\/de\\\/\"},{\"@type\":\"ListItem\",\"position\":2,\"name\":\"PRODUKTPR\u00c4SENTATION\",\"item\":\"https:\\\/\\\/bien-etreiris.ch\\\/de\\\/produktpraesentation\\\/\"},{\"@type\":\"ListItem\",\"position\":3,\"name\":\"AROMATHERAPIE\",\"item\":\"https:\\\/\\\/bien-etreiris.ch\\\/de\\\/produktpraesentation\\\/aromatherapie\\\/\"},{\"@type\":\"ListItem\",\"position\":4,\"name\":\"RAUMBEDUFTUNG\",\"item\":\"https:\\\/\\\/bien-etreiris.ch\\\/de\\\/produktpraesentation\\\/aromatherapie\\\/raumbeduftung\\\/\"},{\"@type\":\"ListItem\",\"position\":5,\"name\":\"VERNEBLER\",\"item\":\"https:\\\/\\\/bien-etreiris.ch\\\/de\\\/produktpraesentation\\\/aromatherapie\\\/raumbeduftung\\\/vernebler\\\/\"},{\"@type\":\"ListItem\",\"position\":6,\"name\":\"EROS\"}]},{\"@type\":\"WebSite\",\"@id\":\"https:\\\/\\\/bien-etreiris.ch\\\/de\\\/#website\",\"url\":\"https:\\\/\\\/bien-etreiris.ch\\\/de\\\/\",\"name\":\"Bien-\u00eatre Iris\",\"description\":\"IHRE Gesundheit ist uns wichtig\",\"potentialAction\":[{\"@type\":\"SearchAction\",\"target\":{\"@type\":\"EntryPoint\",\"urlTemplate\":\"https:\\\/\\\/bien-etreiris.ch\\\/de\\\/?s={search_term_string}\"},\"query-input\":{\"@type\":\"PropertyValueSpecification\",\"valueRequired\":true,\"valueName\":\"search_term_string\"}}],\"inLanguage\":\"de\"}]}<\/script>\n<!-- \/ Yoast SEO plugin. -->","yoast_head_json":{"title":"EROS - WOHLBEFINDEN","robots":{"index":"index","follow":"follow","max-snippet":"max-snippet:-1","max-image-preview":"max-image-preview:large","max-video-preview":"max-video-preview:-1"},"canonical":"https:\/\/bien-etreiris.ch\/de\/produktpraesentation\/aromatherapie\/raumbeduftung\/vernebler\/eros\/","og_locale":"de_DE","og_type":"article","og_title":"EROS - WOHLBEFINDEN","og_description":"Diffuseur d'ar\u00f4mes EROS &amp; lampe au sel de l'Himalaya &nbsp; Cr\u00e9e une ambiance d\u00e9tendue Appareil 3 en 1 : diffuseur d'ar\u00f4mes, lampe en cristal de sel et humidificateur 1 pi\u00e8ce CHF 99.90 &nbsp; &nbsp; &nbsp; &nbsp; &nbsp; &nbsp; Le diffuseur pour huiles essentielles 100 % naturelles embaume votre pi\u00e8ce d'un parfum agr\u00e9able et apaisant et humidifie vos petits espaces. Choisissez&nbsp;Weiter lesen","og_url":"https:\/\/bien-etreiris.ch\/de\/produktpraesentation\/aromatherapie\/raumbeduftung\/vernebler\/eros\/","og_site_name":"WOHLBEFINDEN","article_publisher":"https:\/\/www.facebook.com\/bienetreiris\/","article_modified_time":"2026-02-28T07:43:03+00:00","og_image":[{"width":576,"height":375,"url":"https:\/\/bien-etreiris.ch\/wp-content\/uploads\/2026\/02\/Eros-1.png","type":"image\/png"}],"twitter_misc":{"Gesch\u00e4tzte Lesezeit":"2\u00a0Minuten"},"schema":{"@context":"https:\/\/schema.org","@graph":[{"@type":"WebPage","@id":"https:\/\/bien-etreiris.ch\/de\/produktpraesentation\/aromatherapie\/raumbeduftung\/vernebler\/eros\/","url":"https:\/\/bien-etreiris.ch\/de\/produktpraesentation\/aromatherapie\/raumbeduftung\/vernebler\/eros\/","name":"EROS - WOHLBEFINDEN","isPartOf":{"@id":"https:\/\/bien-etreiris.ch\/de\/#website"},"primaryImageOfPage":{"@id":"https:\/\/bien-etreiris.ch\/de\/produktpraesentation\/aromatherapie\/raumbeduftung\/vernebler\/eros\/#primaryimage"},"image":{"@id":"https:\/\/bien-etreiris.ch\/de\/produktpraesentation\/aromatherapie\/raumbeduftung\/vernebler\/eros\/#primaryimage"},"thumbnailUrl":"https:\/\/bien-etreiris.ch\/wp-content\/uploads\/2026\/02\/Eros-1.png","datePublished":"2026-02-28T00:17:23+00:00","dateModified":"2026-02-28T07:43:03+00:00","breadcrumb":{"@id":"https:\/\/bien-etreiris.ch\/de\/produktpraesentation\/aromatherapie\/raumbeduftung\/vernebler\/eros\/#breadcrumb"},"inLanguage":"de","potentialAction":[{"@type":"ReadAction","target":["https:\/\/bien-etreiris.ch\/de\/produktpraesentation\/aromatherapie\/raumbeduftung\/vernebler\/eros\/"]}]},{"@type":"ImageObject","inLanguage":"de","@id":"https:\/\/bien-etreiris.ch\/de\/produktpraesentation\/aromatherapie\/raumbeduftung\/vernebler\/eros\/#primaryimage","url":"https:\/\/bien-etreiris.ch\/wp-content\/uploads\/2026\/02\/Eros-1.png","contentUrl":"https:\/\/bien-etreiris.ch\/wp-content\/uploads\/2026\/02\/Eros-1.png","width":576,"height":375},{"@type":"BreadcrumbList","@id":"https:\/\/bien-etreiris.ch\/de\/produktpraesentation\/aromatherapie\/raumbeduftung\/vernebler\/eros\/#breadcrumb","itemListElement":[{"@type":"ListItem","position":1,"name":"Home","item":"https:\/\/bien-etreiris.ch\/de\/"},{"@type":"ListItem","position":2,"name":"PRODUKTPR\u00c4SENTATION","item":"https:\/\/bien-etreiris.ch\/de\/produktpraesentation\/"},{"@type":"ListItem","position":3,"name":"AROMATHERAPIE","item":"https:\/\/bien-etreiris.ch\/de\/produktpraesentation\/aromatherapie\/"},{"@type":"ListItem","position":4,"name":"RAUMBEDUFTUNG","item":"https:\/\/bien-etreiris.ch\/de\/produktpraesentation\/aromatherapie\/raumbeduftung\/"},{"@type":"ListItem","position":5,"name":"VERNEBLER","item":"https:\/\/bien-etreiris.ch\/de\/produktpraesentation\/aromatherapie\/raumbeduftung\/vernebler\/"},{"@type":"ListItem","position":6,"name":"EROS"}]},{"@type":"WebSite","@id":"https:\/\/bien-etreiris.ch\/de\/#website","url":"https:\/\/bien-etreiris.ch\/de\/","name":"Bien-\u00eatre Iris","description":"IHRE Gesundheit ist uns wichtig","potentialAction":[{"@type":"SearchAction","target":{"@type":"EntryPoint","urlTemplate":"https:\/\/bien-etreiris.ch\/de\/?s={search_term_string}"},"query-input":{"@type":"PropertyValueSpecification","valueRequired":true,"valueName":"search_term_string"}}],"inLanguage":"de"}]}},"_links":{"self":[{"href":"https:\/\/bien-etreiris.ch\/de\/wp-json\/wp\/v2\/pages\/97658","targetHints":{"allow":["GET"]}}],"collection":[{"href":"https:\/\/bien-etreiris.ch\/de\/wp-json\/wp\/v2\/pages"}],"about":[{"href":"https:\/\/bien-etreiris.ch\/de\/wp-json\/wp\/v2\/types\/page"}],"author":[{"embeddable":true,"href":"https:\/\/bien-etreiris.ch\/de\/wp-json\/wp\/v2\/users\/1"}],"replies":[{"embeddable":true,"href":"https:\/\/bien-etreiris.ch\/de\/wp-json\/wp\/v2\/comments?post=97658"}],"version-history":[{"count":2,"href":"https:\/\/bien-etreiris.ch\/de\/wp-json\/wp\/v2\/pages\/97658\/revisions"}],"predecessor-version":[{"id":97663,"href":"https:\/\/bien-etreiris.ch\/de\/wp-json\/wp\/v2\/pages\/97658\/revisions\/97663"}],"up":[{"embeddable":true,"href":"https:\/\/bien-etreiris.ch\/de\/wp-json\/wp\/v2\/pages\/18415"}],"wp:featuredmedia":[{"embeddable":true,"href":"https:\/\/bien-etreiris.ch\/de\/wp-json\/wp\/v2\/media\/97652"}],"wp:attachment":[{"href":"https:\/\/bien-etreiris.ch\/de\/wp-json\/wp\/v2\/media?parent=97658"}],"curies":[{"name":"wp","href":"https:\/\/api.w.org\/{rel}","templated":true}]}}