{"id":97515,"date":"2026-02-27T12:09:18","date_gmt":"2026-02-27T10:09:18","guid":{"rendered":"https:\/\/bien-etreiris.ch\/sel-epsom\/"},"modified":"2026-02-27T12:43:29","modified_gmt":"2026-02-27T10:43:29","slug":"sel-epsom","status":"publish","type":"page","link":"https:\/\/bien-etreiris.ch\/de\/produktpraesentation\/aromatherapie\/selbst-herstellen\/rohstoffe\/salze\/sel-epsom\/","title":{"rendered":"SEL EPSOM"},"content":{"rendered":"\n<h2>SEL EPSOM<\/h2>\n<p><img loading=\"lazy\" decoding=\"async\" class=\"alignnone size-full wp-image-97519\" src=\"https:\/\/bien-etreiris.ch\/wp-content\/uploads\/2026\/02\/Sel-dEpsom-interieur-.png\" alt=\"\" width=\"656\" height=\"240\" srcset=\"https:\/\/bien-etreiris.ch\/wp-content\/uploads\/2026\/02\/Sel-dEpsom-interieur-.png 656w, https:\/\/bien-etreiris.ch\/wp-content\/uploads\/2026\/02\/Sel-dEpsom-interieur--300x110.png 300w\" sizes=\"auto, (max-width: 656px) 100vw, 656px\" \/><\/p>\n<p>Vrac 100 g&nbsp; <strong>CHF 0.80<\/strong><\/p>\n<p>&nbsp;<\/p>\n<p><strong>DESCRIPTION<\/strong><\/p>\n<p>Le fameux <strong>sel d'Epsom <\/strong>ou <strong>sulfate de Magn\u00e9sium<\/strong>&nbsp;est r\u00e9put\u00e9 depuis plusieurs si\u00e8cles pour apporter d\u00e9tente musculaire, relaxation et vitalit\u00e9 de la peau. Il est appr\u00e9ci\u00e9 comme exfoliant en cosm\u00e9tique maison.<\/p>\n<p>Obtenu \u00e0 partir de min\u00e9raux naturels provenant de gisements souterrains situ\u00e9s en Europe du Nord, le sel d\u2019Epsom Ana\u00e9\u00ae est simplement purifi\u00e9 par proc\u00e9d\u00e9 physique et recristallis\u00e9.<\/p>\n<p>Le <strong>sel d\u2019Epsom<\/strong>&nbsp;poss\u00e8de de nombreux usages comme par exemple :<\/p>\n<ul>\n<li>Pour <strong>la d\u00e9tente<\/strong>&nbsp;lors d\u2019un bain, comme <strong>exfoliant.<\/strong><\/li>\n<li>Pour absorber l\u2019exc\u00e8s de s\u00e9bum du cuir chevelu.<\/li>\n<li>Etc.....<\/li>\n<\/ul>\n<p>&nbsp;<\/p>\n<p><strong>CARACTERISTIQUES<\/strong><\/p>\n<ul style=\"list-style-type: disc;\">\n<li>Sulfate de magn\u00e9sium : 49,1%<\/li>\n<li>Eau : 50,9%<\/li>\n<li>Sodium : 40 mg\/kg (r\u00e9sidus)<\/li>\n<li>Potassium : 230 mg\/kg (r\u00e9sidus)<\/li>\n<li>Calcium : 60 mg\/kg (r\u00e9sidus)<\/li>\n<li>Chlore : 80 mg\/kg (r\u00e9sidus)<\/li>\n<\/ul>\n<h4>&nbsp;<\/h4>\n<p><strong><em>Origine :<\/em> <\/strong><\/p>\n<p>Europe du nord. Gisements souterrains.<\/p>\n<p><strong><em>Ingredients :<\/em><\/strong><\/p>\n<p>100% sulfate de magn\u00e9sium heptahydrat\u00e9<\/p>\n<p><strong><em>Comment l'utiliser?<\/em><\/strong><\/p>\n<p>Pour un bain relaxant: ajoutez 3 \u00e0 4 poign\u00e9es de sel Epsom pur dans l'eau de votre bain.<\/p>\n<p>Apr\u00e8s le bain, rincez-vous \u00e0 l'eau claire.<\/p>\n<p><strong><em>Pour se d\u00e9lasser les pieds :<\/em><\/strong><\/p>\n<p>Ajoutez 2 poign\u00e9es de sel d'Epsom dans une bassine d'eau ti\u00e8de. Laissez les se d\u00e9tendre 10 minutes. Rincez ensuite.<\/p>\n<p><strong><em>Exfoli&lt;ant stimulant pour le corps :<\/em><\/strong><\/p>\n<p>Apr\u00e8s la douche, tous les 10 jours, massez en mouvements rotatifs la peau encore humide avec le sel d'Epsom&nbsp; jusqu'\u00e0 ne plus sentir les grains sous les doigts. Rincez \u00e0 l'eau claire et s\u00e9chez. Applique une lotion pour le corps.<\/p>\n<p>&nbsp;<\/p>\n","protected":false},"excerpt":{"rendered":"<p>SEL EPSOM Vrac 100 g&nbsp; CHF 0.80 &nbsp; DESCRIPTION Le fameux sel d'Epsom ou sulfate de Magn\u00e9sium&nbsp;est r\u00e9put\u00e9 depuis plusieurs si\u00e8cles pour apporter d\u00e9tente musculaire, relaxation et vitalit\u00e9 de la peau. Il est appr\u00e9ci\u00e9 comme exfoliant en cosm\u00e9tique maison. Obtenu \u00e0 partir de min\u00e9raux naturels provenant de gisements souterrains situ\u00e9s en Europe du Nord, le sel d\u2019Epsom Ana\u00e9\u00ae est simplement&nbsp;<a href=\"https:\/\/bien-etreiris.ch\/de\/produktpraesentation\/aromatherapie\/selbst-herstellen\/rohstoffe\/salze\/sel-epsom\/\" class=\"read-more\">Weiter lesen<\/a><\/p>\n","protected":false},"author":1,"featured_media":97531,"parent":20073,"menu_order":45,"comment_status":"closed","ping_status":"closed","template":"page-with-child.php","meta":{"_acf_changed":false,"ngg_post_thumbnail":0,"footnotes":""},"class_list":["post-97515","page","type-page","status-publish","has-post-thumbnail","hentry"],"acf":[],"yoast_head":"<!-- This site is optimized with the Yoast SEO plugin v27.5 - https:\/\/yoast.com\/product\/yoast-seo-wordpress\/ -->\n<title>SEL EPSOM - WOHLBEFINDEN<\/title>\n<meta name=\"robots\" content=\"index, follow, max-snippet:-1, max-image-preview:large, max-video-preview:-1\" \/>\n<link rel=\"canonical\" href=\"https:\/\/bien-etreiris.ch\/de\/produktpraesentation\/aromatherapie\/selbst-herstellen\/rohstoffe\/salze\/sel-epsom\/\" \/>\n<meta property=\"og:locale\" content=\"de_DE\" \/>\n<meta property=\"og:type\" content=\"article\" \/>\n<meta property=\"og:title\" content=\"SEL EPSOM - WOHLBEFINDEN\" \/>\n<meta property=\"og:description\" content=\"SEL EPSOM Vrac 100 g&nbsp; CHF 0.80 &nbsp; DESCRIPTION Le fameux sel d&#039;Epsom ou sulfate de Magn\u00e9sium&nbsp;est r\u00e9put\u00e9 depuis plusieurs si\u00e8cles pour apporter d\u00e9tente musculaire, relaxation et vitalit\u00e9 de la peau. Il est appr\u00e9ci\u00e9 comme exfoliant en cosm\u00e9tique maison. Obtenu \u00e0 partir de min\u00e9raux naturels provenant de gisements souterrains situ\u00e9s en Europe du Nord, le sel d\u2019Epsom Ana\u00e9\u00ae est simplement&nbsp;Weiter lesen\" \/>\n<meta property=\"og:url\" content=\"https:\/\/bien-etreiris.ch\/de\/produktpraesentation\/aromatherapie\/selbst-herstellen\/rohstoffe\/salze\/sel-epsom\/\" \/>\n<meta property=\"og:site_name\" content=\"WOHLBEFINDEN\" \/>\n<meta property=\"article:publisher\" content=\"https:\/\/www.facebook.com\/bienetreiris\/\" \/>\n<meta property=\"article:modified_time\" content=\"2026-02-27T10:43:29+00:00\" \/>\n<meta property=\"og:image\" content=\"https:\/\/bien-etreiris.ch\/wp-content\/uploads\/2026\/02\/acceuil-Sel-dEpsom.png\" \/>\n\t<meta property=\"og:image:width\" content=\"360\" \/>\n\t<meta property=\"og:image:height\" content=\"240\" \/>\n\t<meta property=\"og:image:type\" content=\"image\/png\" \/>\n<meta name=\"twitter:label1\" content=\"Gesch\u00e4tzte Lesezeit\" \/>\n\t<meta name=\"twitter:data1\" content=\"2\u00a0Minuten\" \/>\n<script type=\"application\/ld+json\" class=\"yoast-schema-graph\">{\"@context\":\"https:\\\/\\\/schema.org\",\"@graph\":[{\"@type\":\"WebPage\",\"@id\":\"https:\\\/\\\/bien-etreiris.ch\\\/de\\\/produktpraesentation\\\/aromatherapie\\\/selbst-herstellen\\\/rohstoffe\\\/salze\\\/sel-epsom\\\/\",\"url\":\"https:\\\/\\\/bien-etreiris.ch\\\/de\\\/produktpraesentation\\\/aromatherapie\\\/selbst-herstellen\\\/rohstoffe\\\/salze\\\/sel-epsom\\\/\",\"name\":\"SEL EPSOM - WOHLBEFINDEN\",\"isPartOf\":{\"@id\":\"https:\\\/\\\/bien-etreiris.ch\\\/de\\\/#website\"},\"primaryImageOfPage\":{\"@id\":\"https:\\\/\\\/bien-etreiris.ch\\\/de\\\/produktpraesentation\\\/aromatherapie\\\/selbst-herstellen\\\/rohstoffe\\\/salze\\\/sel-epsom\\\/#primaryimage\"},\"image\":{\"@id\":\"https:\\\/\\\/bien-etreiris.ch\\\/de\\\/produktpraesentation\\\/aromatherapie\\\/selbst-herstellen\\\/rohstoffe\\\/salze\\\/sel-epsom\\\/#primaryimage\"},\"thumbnailUrl\":\"https:\\\/\\\/bien-etreiris.ch\\\/wp-content\\\/uploads\\\/2026\\\/02\\\/acceuil-Sel-dEpsom.png\",\"datePublished\":\"2026-02-27T10:09:18+00:00\",\"dateModified\":\"2026-02-27T10:43:29+00:00\",\"breadcrumb\":{\"@id\":\"https:\\\/\\\/bien-etreiris.ch\\\/de\\\/produktpraesentation\\\/aromatherapie\\\/selbst-herstellen\\\/rohstoffe\\\/salze\\\/sel-epsom\\\/#breadcrumb\"},\"inLanguage\":\"de\",\"potentialAction\":[{\"@type\":\"ReadAction\",\"target\":[\"https:\\\/\\\/bien-etreiris.ch\\\/de\\\/produktpraesentation\\\/aromatherapie\\\/selbst-herstellen\\\/rohstoffe\\\/salze\\\/sel-epsom\\\/\"]}]},{\"@type\":\"ImageObject\",\"inLanguage\":\"de\",\"@id\":\"https:\\\/\\\/bien-etreiris.ch\\\/de\\\/produktpraesentation\\\/aromatherapie\\\/selbst-herstellen\\\/rohstoffe\\\/salze\\\/sel-epsom\\\/#primaryimage\",\"url\":\"https:\\\/\\\/bien-etreiris.ch\\\/wp-content\\\/uploads\\\/2026\\\/02\\\/acceuil-Sel-dEpsom.png\",\"contentUrl\":\"https:\\\/\\\/bien-etreiris.ch\\\/wp-content\\\/uploads\\\/2026\\\/02\\\/acceuil-Sel-dEpsom.png\",\"width\":360,\"height\":240},{\"@type\":\"BreadcrumbList\",\"@id\":\"https:\\\/\\\/bien-etreiris.ch\\\/de\\\/produktpraesentation\\\/aromatherapie\\\/selbst-herstellen\\\/rohstoffe\\\/salze\\\/sel-epsom\\\/#breadcrumb\",\"itemListElement\":[{\"@type\":\"ListItem\",\"position\":1,\"name\":\"Home\",\"item\":\"https:\\\/\\\/bien-etreiris.ch\\\/de\\\/\"},{\"@type\":\"ListItem\",\"position\":2,\"name\":\"PRODUKTPR\u00c4SENTATION\",\"item\":\"https:\\\/\\\/bien-etreiris.ch\\\/de\\\/produktpraesentation\\\/\"},{\"@type\":\"ListItem\",\"position\":3,\"name\":\"AROMATHERAPIE\",\"item\":\"https:\\\/\\\/bien-etreiris.ch\\\/de\\\/produktpraesentation\\\/aromatherapie\\\/\"},{\"@type\":\"ListItem\",\"position\":4,\"name\":\"SELBST HERSTELLEN&#8230;\",\"item\":\"https:\\\/\\\/bien-etreiris.ch\\\/de\\\/produktpraesentation\\\/aromatherapie\\\/selbst-herstellen\\\/\"},{\"@type\":\"ListItem\",\"position\":5,\"name\":\"ROHSTOFFE\",\"item\":\"https:\\\/\\\/bien-etreiris.ch\\\/de\\\/produktpraesentation\\\/aromatherapie\\\/selbst-herstellen\\\/rohstoffe\\\/\"},{\"@type\":\"ListItem\",\"position\":6,\"name\":\"SALZE\",\"item\":\"https:\\\/\\\/bien-etreiris.ch\\\/de\\\/produktpraesentation\\\/aromatherapie\\\/selbst-herstellen\\\/rohstoffe\\\/salze\\\/\"},{\"@type\":\"ListItem\",\"position\":7,\"name\":\"SEL EPSOM\"}]},{\"@type\":\"WebSite\",\"@id\":\"https:\\\/\\\/bien-etreiris.ch\\\/de\\\/#website\",\"url\":\"https:\\\/\\\/bien-etreiris.ch\\\/de\\\/\",\"name\":\"Bien-\u00eatre Iris\",\"description\":\"IHRE Gesundheit ist uns wichtig\",\"potentialAction\":[{\"@type\":\"SearchAction\",\"target\":{\"@type\":\"EntryPoint\",\"urlTemplate\":\"https:\\\/\\\/bien-etreiris.ch\\\/de\\\/?s={search_term_string}\"},\"query-input\":{\"@type\":\"PropertyValueSpecification\",\"valueRequired\":true,\"valueName\":\"search_term_string\"}}],\"inLanguage\":\"de\"}]}<\/script>\n<!-- \/ Yoast SEO plugin. -->","yoast_head_json":{"title":"SEL EPSOM - WOHLBEFINDEN","robots":{"index":"index","follow":"follow","max-snippet":"max-snippet:-1","max-image-preview":"max-image-preview:large","max-video-preview":"max-video-preview:-1"},"canonical":"https:\/\/bien-etreiris.ch\/de\/produktpraesentation\/aromatherapie\/selbst-herstellen\/rohstoffe\/salze\/sel-epsom\/","og_locale":"de_DE","og_type":"article","og_title":"SEL EPSOM - WOHLBEFINDEN","og_description":"SEL EPSOM Vrac 100 g&nbsp; CHF 0.80 &nbsp; DESCRIPTION Le fameux sel d'Epsom ou sulfate de Magn\u00e9sium&nbsp;est r\u00e9put\u00e9 depuis plusieurs si\u00e8cles pour apporter d\u00e9tente musculaire, relaxation et vitalit\u00e9 de la peau. Il est appr\u00e9ci\u00e9 comme exfoliant en cosm\u00e9tique maison. Obtenu \u00e0 partir de min\u00e9raux naturels provenant de gisements souterrains situ\u00e9s en Europe du Nord, le sel d\u2019Epsom Ana\u00e9\u00ae est simplement&nbsp;Weiter lesen","og_url":"https:\/\/bien-etreiris.ch\/de\/produktpraesentation\/aromatherapie\/selbst-herstellen\/rohstoffe\/salze\/sel-epsom\/","og_site_name":"WOHLBEFINDEN","article_publisher":"https:\/\/www.facebook.com\/bienetreiris\/","article_modified_time":"2026-02-27T10:43:29+00:00","og_image":[{"width":360,"height":240,"url":"https:\/\/bien-etreiris.ch\/wp-content\/uploads\/2026\/02\/acceuil-Sel-dEpsom.png","type":"image\/png"}],"twitter_misc":{"Gesch\u00e4tzte Lesezeit":"2\u00a0Minuten"},"schema":{"@context":"https:\/\/schema.org","@graph":[{"@type":"WebPage","@id":"https:\/\/bien-etreiris.ch\/de\/produktpraesentation\/aromatherapie\/selbst-herstellen\/rohstoffe\/salze\/sel-epsom\/","url":"https:\/\/bien-etreiris.ch\/de\/produktpraesentation\/aromatherapie\/selbst-herstellen\/rohstoffe\/salze\/sel-epsom\/","name":"SEL EPSOM - WOHLBEFINDEN","isPartOf":{"@id":"https:\/\/bien-etreiris.ch\/de\/#website"},"primaryImageOfPage":{"@id":"https:\/\/bien-etreiris.ch\/de\/produktpraesentation\/aromatherapie\/selbst-herstellen\/rohstoffe\/salze\/sel-epsom\/#primaryimage"},"image":{"@id":"https:\/\/bien-etreiris.ch\/de\/produktpraesentation\/aromatherapie\/selbst-herstellen\/rohstoffe\/salze\/sel-epsom\/#primaryimage"},"thumbnailUrl":"https:\/\/bien-etreiris.ch\/wp-content\/uploads\/2026\/02\/acceuil-Sel-dEpsom.png","datePublished":"2026-02-27T10:09:18+00:00","dateModified":"2026-02-27T10:43:29+00:00","breadcrumb":{"@id":"https:\/\/bien-etreiris.ch\/de\/produktpraesentation\/aromatherapie\/selbst-herstellen\/rohstoffe\/salze\/sel-epsom\/#breadcrumb"},"inLanguage":"de","potentialAction":[{"@type":"ReadAction","target":["https:\/\/bien-etreiris.ch\/de\/produktpraesentation\/aromatherapie\/selbst-herstellen\/rohstoffe\/salze\/sel-epsom\/"]}]},{"@type":"ImageObject","inLanguage":"de","@id":"https:\/\/bien-etreiris.ch\/de\/produktpraesentation\/aromatherapie\/selbst-herstellen\/rohstoffe\/salze\/sel-epsom\/#primaryimage","url":"https:\/\/bien-etreiris.ch\/wp-content\/uploads\/2026\/02\/acceuil-Sel-dEpsom.png","contentUrl":"https:\/\/bien-etreiris.ch\/wp-content\/uploads\/2026\/02\/acceuil-Sel-dEpsom.png","width":360,"height":240},{"@type":"BreadcrumbList","@id":"https:\/\/bien-etreiris.ch\/de\/produktpraesentation\/aromatherapie\/selbst-herstellen\/rohstoffe\/salze\/sel-epsom\/#breadcrumb","itemListElement":[{"@type":"ListItem","position":1,"name":"Home","item":"https:\/\/bien-etreiris.ch\/de\/"},{"@type":"ListItem","position":2,"name":"PRODUKTPR\u00c4SENTATION","item":"https:\/\/bien-etreiris.ch\/de\/produktpraesentation\/"},{"@type":"ListItem","position":3,"name":"AROMATHERAPIE","item":"https:\/\/bien-etreiris.ch\/de\/produktpraesentation\/aromatherapie\/"},{"@type":"ListItem","position":4,"name":"SELBST HERSTELLEN&#8230;","item":"https:\/\/bien-etreiris.ch\/de\/produktpraesentation\/aromatherapie\/selbst-herstellen\/"},{"@type":"ListItem","position":5,"name":"ROHSTOFFE","item":"https:\/\/bien-etreiris.ch\/de\/produktpraesentation\/aromatherapie\/selbst-herstellen\/rohstoffe\/"},{"@type":"ListItem","position":6,"name":"SALZE","item":"https:\/\/bien-etreiris.ch\/de\/produktpraesentation\/aromatherapie\/selbst-herstellen\/rohstoffe\/salze\/"},{"@type":"ListItem","position":7,"name":"SEL EPSOM"}]},{"@type":"WebSite","@id":"https:\/\/bien-etreiris.ch\/de\/#website","url":"https:\/\/bien-etreiris.ch\/de\/","name":"Bien-\u00eatre Iris","description":"IHRE Gesundheit ist uns wichtig","potentialAction":[{"@type":"SearchAction","target":{"@type":"EntryPoint","urlTemplate":"https:\/\/bien-etreiris.ch\/de\/?s={search_term_string}"},"query-input":{"@type":"PropertyValueSpecification","valueRequired":true,"valueName":"search_term_string"}}],"inLanguage":"de"}]}},"_links":{"self":[{"href":"https:\/\/bien-etreiris.ch\/de\/wp-json\/wp\/v2\/pages\/97515","targetHints":{"allow":["GET"]}}],"collection":[{"href":"https:\/\/bien-etreiris.ch\/de\/wp-json\/wp\/v2\/pages"}],"about":[{"href":"https:\/\/bien-etreiris.ch\/de\/wp-json\/wp\/v2\/types\/page"}],"author":[{"embeddable":true,"href":"https:\/\/bien-etreiris.ch\/de\/wp-json\/wp\/v2\/users\/1"}],"replies":[{"embeddable":true,"href":"https:\/\/bien-etreiris.ch\/de\/wp-json\/wp\/v2\/comments?post=97515"}],"version-history":[{"count":6,"href":"https:\/\/bien-etreiris.ch\/de\/wp-json\/wp\/v2\/pages\/97515\/revisions"}],"predecessor-version":[{"id":97545,"href":"https:\/\/bien-etreiris.ch\/de\/wp-json\/wp\/v2\/pages\/97515\/revisions\/97545"}],"up":[{"embeddable":true,"href":"https:\/\/bien-etreiris.ch\/de\/wp-json\/wp\/v2\/pages\/20073"}],"wp:featuredmedia":[{"embeddable":true,"href":"https:\/\/bien-etreiris.ch\/de\/wp-json\/wp\/v2\/media\/97531"}],"wp:attachment":[{"href":"https:\/\/bien-etreiris.ch\/de\/wp-json\/wp\/v2\/media?parent=97515"}],"curies":[{"name":"wp","href":"https:\/\/api.w.org\/{rel}","templated":true}]}}