{"id":97411,"date":"2026-02-12T08:17:52","date_gmt":"2026-02-12T06:17:52","guid":{"rendered":"https:\/\/bien-etreiris.ch\/produktpraesentation\/gesundes-leben\/gesunde-lebensmittel\/superfoods\/cacao\/cacao-en-poudre\/"},"modified":"2026-02-12T08:37:55","modified_gmt":"2026-02-12T06:37:55","slug":"kakaopulver","status":"publish","type":"page","link":"https:\/\/bien-etreiris.ch\/de\/produktpraesentation\/gesundes-leben\/gesunde-lebensmittel\/superfoods\/kakao\/kakaopulver\/","title":{"rendered":"KAKAOPULVER"},"content":{"rendered":"\n<h2 class=\"product_title entry-title\">Bio Kakaopulver in Rohkostqualit\u00e4t<\/h2>\n<p>Das peruanische Erbe f\u00fcr Deine K\u00fcche. Unser <b data-path-to-node=\"5,0\" data-index-in-node=\"45\">Premium Bio Kakaopulver<\/b> besteht zu 100% aus der edlen Criollo-Bohne \u2013 schonend verarbeitet und nicht alkalisiert. Es ist die ideale Wahl, um Smoothies, Joghurts oder Geb\u00e4ck mit einem intensiven, unverf\u00e4lschten Kakao-Aroma zu bereichern.<\/p>\n<p><img loading=\"lazy\" decoding=\"async\" class=\"wp-image-97400 alignleft\" src=\"https:\/\/bien-etreiris.ch\/wp-content\/uploads\/2026\/02\/poudre.png\" alt=\"\" width=\"481\" height=\"481\" srcset=\"https:\/\/bien-etreiris.ch\/wp-content\/uploads\/2026\/02\/poudre.png 600w, https:\/\/bien-etreiris.ch\/wp-content\/uploads\/2026\/02\/poudre-300x300.png 300w, https:\/\/bien-etreiris.ch\/wp-content\/uploads\/2026\/02\/poudre-150x150.png 150w\" sizes=\"auto, (max-width: 481px) 100vw, 481px\" \/><\/p>\n<p>&nbsp;<\/p>\n<p><a href=\"https:\/\/bien-etreiris.ch\/de\/unsere-marken\/sembrador\/\" target=\"_blank\" rel=\"noopener\"><span style=\"color: #99cc00;\">Kakao von SEMBRADOR<\/span><\/a><\/p>\n<p data-path-to-node=\"10,1\"><b>Das macht es einzigartig:<\/b><\/p>\n<ul>\n<li><strong>Inhalt: 250g reines Bio Kakaopulver, fettarm (11-12%)<\/strong><\/li>\n<li>100% reine Criollo Bohne (Edelkakao)<\/li>\n<li>Echte Rohkost-Qualit\u00e4t (unter <span class=\"math-inline\" data-math=\"45^\\circ\\text{C}\">45\u00b0C <\/span>verarbeitet)<\/li>\n<li>Nicht alkalisiert \u2013 Alle N\u00e4hrstoffe bleiben erhalten<\/li>\n<li>Verantwortungsvolle Partnerschaft in Peru<\/li>\n<\/ul>\n<p>&nbsp;<\/p>\n<p>Sachet de 250 g <strong>CHF 14.90<\/strong><\/p>\n<p>&nbsp;<\/p>\n","protected":false},"excerpt":{"rendered":"<p>Bio Kakaopulver in Rohkostqualit\u00e4t Das peruanische Erbe f\u00fcr Deine K\u00fcche. Unser Premium Bio Kakaopulver besteht zu 100% aus der edlen Criollo-Bohne \u2013 schonend verarbeitet und nicht alkalisiert. Es ist die ideale Wahl, um Smoothies, Joghurts oder Geb\u00e4ck mit einem intensiven, unverf\u00e4lschten Kakao-Aroma zu bereichern. &nbsp; Kakao von SEMBRADOR Das macht es einzigartig: Inhalt: 250g reines Bio Kakaopulver, fettarm (11-12%) 100%&nbsp;<a href=\"https:\/\/bien-etreiris.ch\/de\/produktpraesentation\/gesundes-leben\/gesunde-lebensmittel\/superfoods\/kakao\/kakaopulver\/\" class=\"read-more\">Weiter lesen<\/a><\/p>\n","protected":false},"author":1,"featured_media":97399,"parent":97377,"menu_order":46,"comment_status":"closed","ping_status":"closed","template":"","meta":{"_acf_changed":false,"ngg_post_thumbnail":0,"footnotes":""},"class_list":["post-97411","page","type-page","status-publish","has-post-thumbnail","hentry"],"acf":[],"yoast_head":"<!-- This site is optimized with the Yoast SEO plugin v27.4 - https:\/\/yoast.com\/product\/yoast-seo-wordpress\/ -->\n<title>KAKAOPULVER - WOHLBEFINDEN<\/title>\n<meta name=\"robots\" content=\"index, follow, max-snippet:-1, max-image-preview:large, max-video-preview:-1\" \/>\n<link rel=\"canonical\" href=\"https:\/\/bien-etreiris.ch\/de\/produktpraesentation\/gesundes-leben\/gesunde-lebensmittel\/superfoods\/kakao\/kakaopulver\/\" \/>\n<meta property=\"og:locale\" content=\"de_DE\" \/>\n<meta property=\"og:type\" content=\"article\" \/>\n<meta property=\"og:title\" content=\"KAKAOPULVER - WOHLBEFINDEN\" \/>\n<meta property=\"og:description\" content=\"Bio Kakaopulver in Rohkostqualit\u00e4t Das peruanische Erbe f\u00fcr Deine K\u00fcche. Unser Premium Bio Kakaopulver besteht zu 100% aus der edlen Criollo-Bohne \u2013 schonend verarbeitet und nicht alkalisiert. Es ist die ideale Wahl, um Smoothies, Joghurts oder Geb\u00e4ck mit einem intensiven, unverf\u00e4lschten Kakao-Aroma zu bereichern. &nbsp; Kakao von SEMBRADOR Das macht es einzigartig: Inhalt: 250g reines Bio Kakaopulver, fettarm (11-12%) 100%&nbsp;Weiter lesen\" \/>\n<meta property=\"og:url\" content=\"https:\/\/bien-etreiris.ch\/de\/produktpraesentation\/gesundes-leben\/gesunde-lebensmittel\/superfoods\/kakao\/kakaopulver\/\" \/>\n<meta property=\"og:site_name\" content=\"WOHLBEFINDEN\" \/>\n<meta property=\"article:publisher\" content=\"https:\/\/www.facebook.com\/bienetreiris\/\" \/>\n<meta property=\"article:modified_time\" content=\"2026-02-12T06:37:55+00:00\" \/>\n<meta property=\"og:image\" content=\"https:\/\/bien-etreiris.ch\/wp-content\/uploads\/2026\/02\/Acceuil-podre-de-cacao.jpg\" \/>\n\t<meta property=\"og:image:width\" content=\"370\" \/>\n\t<meta property=\"og:image:height\" content=\"226\" \/>\n\t<meta property=\"og:image:type\" content=\"image\/jpeg\" \/>\n<meta name=\"twitter:label1\" content=\"Gesch\u00e4tzte Lesezeit\" \/>\n\t<meta name=\"twitter:data1\" content=\"1\u00a0Minute\" \/>\n<script type=\"application\/ld+json\" class=\"yoast-schema-graph\">{\"@context\":\"https:\\\/\\\/schema.org\",\"@graph\":[{\"@type\":\"WebPage\",\"@id\":\"https:\\\/\\\/bien-etreiris.ch\\\/de\\\/produktpraesentation\\\/gesundes-leben\\\/gesunde-lebensmittel\\\/superfoods\\\/kakao\\\/kakaopulver\\\/\",\"url\":\"https:\\\/\\\/bien-etreiris.ch\\\/de\\\/produktpraesentation\\\/gesundes-leben\\\/gesunde-lebensmittel\\\/superfoods\\\/kakao\\\/kakaopulver\\\/\",\"name\":\"KAKAOPULVER - WOHLBEFINDEN\",\"isPartOf\":{\"@id\":\"https:\\\/\\\/bien-etreiris.ch\\\/de\\\/#website\"},\"primaryImageOfPage\":{\"@id\":\"https:\\\/\\\/bien-etreiris.ch\\\/de\\\/produktpraesentation\\\/gesundes-leben\\\/gesunde-lebensmittel\\\/superfoods\\\/kakao\\\/kakaopulver\\\/#primaryimage\"},\"image\":{\"@id\":\"https:\\\/\\\/bien-etreiris.ch\\\/de\\\/produktpraesentation\\\/gesundes-leben\\\/gesunde-lebensmittel\\\/superfoods\\\/kakao\\\/kakaopulver\\\/#primaryimage\"},\"thumbnailUrl\":\"https:\\\/\\\/bien-etreiris.ch\\\/wp-content\\\/uploads\\\/2026\\\/02\\\/Acceuil-podre-de-cacao.jpg\",\"datePublished\":\"2026-02-12T06:17:52+00:00\",\"dateModified\":\"2026-02-12T06:37:55+00:00\",\"breadcrumb\":{\"@id\":\"https:\\\/\\\/bien-etreiris.ch\\\/de\\\/produktpraesentation\\\/gesundes-leben\\\/gesunde-lebensmittel\\\/superfoods\\\/kakao\\\/kakaopulver\\\/#breadcrumb\"},\"inLanguage\":\"de\",\"potentialAction\":[{\"@type\":\"ReadAction\",\"target\":[\"https:\\\/\\\/bien-etreiris.ch\\\/de\\\/produktpraesentation\\\/gesundes-leben\\\/gesunde-lebensmittel\\\/superfoods\\\/kakao\\\/kakaopulver\\\/\"]}]},{\"@type\":\"ImageObject\",\"inLanguage\":\"de\",\"@id\":\"https:\\\/\\\/bien-etreiris.ch\\\/de\\\/produktpraesentation\\\/gesundes-leben\\\/gesunde-lebensmittel\\\/superfoods\\\/kakao\\\/kakaopulver\\\/#primaryimage\",\"url\":\"https:\\\/\\\/bien-etreiris.ch\\\/wp-content\\\/uploads\\\/2026\\\/02\\\/Acceuil-podre-de-cacao.jpg\",\"contentUrl\":\"https:\\\/\\\/bien-etreiris.ch\\\/wp-content\\\/uploads\\\/2026\\\/02\\\/Acceuil-podre-de-cacao.jpg\",\"width\":370,\"height\":226},{\"@type\":\"BreadcrumbList\",\"@id\":\"https:\\\/\\\/bien-etreiris.ch\\\/de\\\/produktpraesentation\\\/gesundes-leben\\\/gesunde-lebensmittel\\\/superfoods\\\/kakao\\\/kakaopulver\\\/#breadcrumb\",\"itemListElement\":[{\"@type\":\"ListItem\",\"position\":1,\"name\":\"Home\",\"item\":\"https:\\\/\\\/bien-etreiris.ch\\\/de\\\/\"},{\"@type\":\"ListItem\",\"position\":2,\"name\":\"PRODUKTPR\u00c4SENTATION\",\"item\":\"https:\\\/\\\/bien-etreiris.ch\\\/de\\\/produktpraesentation\\\/\"},{\"@type\":\"ListItem\",\"position\":3,\"name\":\"GESUNDES LEBEN\",\"item\":\"https:\\\/\\\/bien-etreiris.ch\\\/de\\\/produktpraesentation\\\/gesundes-leben\\\/\"},{\"@type\":\"ListItem\",\"position\":4,\"name\":\"GESUNDE LEBENSMITTEL\",\"item\":\"https:\\\/\\\/bien-etreiris.ch\\\/de\\\/produktpraesentation\\\/gesundes-leben\\\/gesunde-lebensmittel\\\/\"},{\"@type\":\"ListItem\",\"position\":5,\"name\":\"SUPERFOODS\",\"item\":\"https:\\\/\\\/bien-etreiris.ch\\\/de\\\/produktpraesentation\\\/gesundes-leben\\\/gesunde-lebensmittel\\\/superfoods\\\/\"},{\"@type\":\"ListItem\",\"position\":6,\"name\":\"KAKAO\",\"item\":\"https:\\\/\\\/bien-etreiris.ch\\\/de\\\/produktpraesentation\\\/gesundes-leben\\\/gesunde-lebensmittel\\\/superfoods\\\/kakao\\\/\"},{\"@type\":\"ListItem\",\"position\":7,\"name\":\"KAKAOPULVER\"}]},{\"@type\":\"WebSite\",\"@id\":\"https:\\\/\\\/bien-etreiris.ch\\\/de\\\/#website\",\"url\":\"https:\\\/\\\/bien-etreiris.ch\\\/de\\\/\",\"name\":\"Bien-\u00eatre Iris\",\"description\":\"IHRE Gesundheit ist uns wichtig\",\"potentialAction\":[{\"@type\":\"SearchAction\",\"target\":{\"@type\":\"EntryPoint\",\"urlTemplate\":\"https:\\\/\\\/bien-etreiris.ch\\\/de\\\/?s={search_term_string}\"},\"query-input\":{\"@type\":\"PropertyValueSpecification\",\"valueRequired\":true,\"valueName\":\"search_term_string\"}}],\"inLanguage\":\"de\"}]}<\/script>\n<!-- \/ Yoast SEO plugin. -->","yoast_head_json":{"title":"KAKAOPULVER - WOHLBEFINDEN","robots":{"index":"index","follow":"follow","max-snippet":"max-snippet:-1","max-image-preview":"max-image-preview:large","max-video-preview":"max-video-preview:-1"},"canonical":"https:\/\/bien-etreiris.ch\/de\/produktpraesentation\/gesundes-leben\/gesunde-lebensmittel\/superfoods\/kakao\/kakaopulver\/","og_locale":"de_DE","og_type":"article","og_title":"KAKAOPULVER - WOHLBEFINDEN","og_description":"Bio Kakaopulver in Rohkostqualit\u00e4t Das peruanische Erbe f\u00fcr Deine K\u00fcche. Unser Premium Bio Kakaopulver besteht zu 100% aus der edlen Criollo-Bohne \u2013 schonend verarbeitet und nicht alkalisiert. Es ist die ideale Wahl, um Smoothies, Joghurts oder Geb\u00e4ck mit einem intensiven, unverf\u00e4lschten Kakao-Aroma zu bereichern. &nbsp; Kakao von SEMBRADOR Das macht es einzigartig: Inhalt: 250g reines Bio Kakaopulver, fettarm (11-12%) 100%&nbsp;Weiter lesen","og_url":"https:\/\/bien-etreiris.ch\/de\/produktpraesentation\/gesundes-leben\/gesunde-lebensmittel\/superfoods\/kakao\/kakaopulver\/","og_site_name":"WOHLBEFINDEN","article_publisher":"https:\/\/www.facebook.com\/bienetreiris\/","article_modified_time":"2026-02-12T06:37:55+00:00","og_image":[{"width":370,"height":226,"url":"https:\/\/bien-etreiris.ch\/wp-content\/uploads\/2026\/02\/Acceuil-podre-de-cacao.jpg","type":"image\/jpeg"}],"twitter_misc":{"Gesch\u00e4tzte Lesezeit":"1\u00a0Minute"},"schema":{"@context":"https:\/\/schema.org","@graph":[{"@type":"WebPage","@id":"https:\/\/bien-etreiris.ch\/de\/produktpraesentation\/gesundes-leben\/gesunde-lebensmittel\/superfoods\/kakao\/kakaopulver\/","url":"https:\/\/bien-etreiris.ch\/de\/produktpraesentation\/gesundes-leben\/gesunde-lebensmittel\/superfoods\/kakao\/kakaopulver\/","name":"KAKAOPULVER - WOHLBEFINDEN","isPartOf":{"@id":"https:\/\/bien-etreiris.ch\/de\/#website"},"primaryImageOfPage":{"@id":"https:\/\/bien-etreiris.ch\/de\/produktpraesentation\/gesundes-leben\/gesunde-lebensmittel\/superfoods\/kakao\/kakaopulver\/#primaryimage"},"image":{"@id":"https:\/\/bien-etreiris.ch\/de\/produktpraesentation\/gesundes-leben\/gesunde-lebensmittel\/superfoods\/kakao\/kakaopulver\/#primaryimage"},"thumbnailUrl":"https:\/\/bien-etreiris.ch\/wp-content\/uploads\/2026\/02\/Acceuil-podre-de-cacao.jpg","datePublished":"2026-02-12T06:17:52+00:00","dateModified":"2026-02-12T06:37:55+00:00","breadcrumb":{"@id":"https:\/\/bien-etreiris.ch\/de\/produktpraesentation\/gesundes-leben\/gesunde-lebensmittel\/superfoods\/kakao\/kakaopulver\/#breadcrumb"},"inLanguage":"de","potentialAction":[{"@type":"ReadAction","target":["https:\/\/bien-etreiris.ch\/de\/produktpraesentation\/gesundes-leben\/gesunde-lebensmittel\/superfoods\/kakao\/kakaopulver\/"]}]},{"@type":"ImageObject","inLanguage":"de","@id":"https:\/\/bien-etreiris.ch\/de\/produktpraesentation\/gesundes-leben\/gesunde-lebensmittel\/superfoods\/kakao\/kakaopulver\/#primaryimage","url":"https:\/\/bien-etreiris.ch\/wp-content\/uploads\/2026\/02\/Acceuil-podre-de-cacao.jpg","contentUrl":"https:\/\/bien-etreiris.ch\/wp-content\/uploads\/2026\/02\/Acceuil-podre-de-cacao.jpg","width":370,"height":226},{"@type":"BreadcrumbList","@id":"https:\/\/bien-etreiris.ch\/de\/produktpraesentation\/gesundes-leben\/gesunde-lebensmittel\/superfoods\/kakao\/kakaopulver\/#breadcrumb","itemListElement":[{"@type":"ListItem","position":1,"name":"Home","item":"https:\/\/bien-etreiris.ch\/de\/"},{"@type":"ListItem","position":2,"name":"PRODUKTPR\u00c4SENTATION","item":"https:\/\/bien-etreiris.ch\/de\/produktpraesentation\/"},{"@type":"ListItem","position":3,"name":"GESUNDES LEBEN","item":"https:\/\/bien-etreiris.ch\/de\/produktpraesentation\/gesundes-leben\/"},{"@type":"ListItem","position":4,"name":"GESUNDE LEBENSMITTEL","item":"https:\/\/bien-etreiris.ch\/de\/produktpraesentation\/gesundes-leben\/gesunde-lebensmittel\/"},{"@type":"ListItem","position":5,"name":"SUPERFOODS","item":"https:\/\/bien-etreiris.ch\/de\/produktpraesentation\/gesundes-leben\/gesunde-lebensmittel\/superfoods\/"},{"@type":"ListItem","position":6,"name":"KAKAO","item":"https:\/\/bien-etreiris.ch\/de\/produktpraesentation\/gesundes-leben\/gesunde-lebensmittel\/superfoods\/kakao\/"},{"@type":"ListItem","position":7,"name":"KAKAOPULVER"}]},{"@type":"WebSite","@id":"https:\/\/bien-etreiris.ch\/de\/#website","url":"https:\/\/bien-etreiris.ch\/de\/","name":"Bien-\u00eatre Iris","description":"IHRE Gesundheit ist uns wichtig","potentialAction":[{"@type":"SearchAction","target":{"@type":"EntryPoint","urlTemplate":"https:\/\/bien-etreiris.ch\/de\/?s={search_term_string}"},"query-input":{"@type":"PropertyValueSpecification","valueRequired":true,"valueName":"search_term_string"}}],"inLanguage":"de"}]}},"_links":{"self":[{"href":"https:\/\/bien-etreiris.ch\/de\/wp-json\/wp\/v2\/pages\/97411","targetHints":{"allow":["GET"]}}],"collection":[{"href":"https:\/\/bien-etreiris.ch\/de\/wp-json\/wp\/v2\/pages"}],"about":[{"href":"https:\/\/bien-etreiris.ch\/de\/wp-json\/wp\/v2\/types\/page"}],"author":[{"embeddable":true,"href":"https:\/\/bien-etreiris.ch\/de\/wp-json\/wp\/v2\/users\/1"}],"replies":[{"embeddable":true,"href":"https:\/\/bien-etreiris.ch\/de\/wp-json\/wp\/v2\/comments?post=97411"}],"version-history":[{"count":2,"href":"https:\/\/bien-etreiris.ch\/de\/wp-json\/wp\/v2\/pages\/97411\/revisions"}],"predecessor-version":[{"id":97415,"href":"https:\/\/bien-etreiris.ch\/de\/wp-json\/wp\/v2\/pages\/97411\/revisions\/97415"}],"up":[{"embeddable":true,"href":"https:\/\/bien-etreiris.ch\/de\/wp-json\/wp\/v2\/pages\/97377"}],"wp:featuredmedia":[{"embeddable":true,"href":"https:\/\/bien-etreiris.ch\/de\/wp-json\/wp\/v2\/media\/97399"}],"wp:attachment":[{"href":"https:\/\/bien-etreiris.ch\/de\/wp-json\/wp\/v2\/media?parent=97411"}],"curies":[{"name":"wp","href":"https:\/\/api.w.org\/{rel}","templated":true}]}}