{"id":97363,"date":"2026-02-12T06:50:12","date_gmt":"2026-02-12T04:50:12","guid":{"rendered":"https:\/\/bien-etreiris.ch\/sembrador\/"},"modified":"2026-02-12T16:49:17","modified_gmt":"2026-02-12T14:49:17","slug":"sembrador","status":"publish","type":"page","link":"https:\/\/bien-etreiris.ch\/de\/unsere-marken\/sembrador\/","title":{"rendered":"SEMBRADOR"},"content":{"rendered":"\n<h2>Sembrador<\/h2>\n<p>Die Sembrador GmbH wurde <strong>2013 in Meggen<\/strong> gegr\u00fcndet. Was als Vision zweier Freunde begann, ist heute unsere <strong>Lebensaufgabe<\/strong>: Wir betrachten unsere Partner und uns als eine <strong>grosse Familie<\/strong>. Wir verbinden die Schweizer Pr\u00e4zision und Leidenschaft f\u00fcr <strong>Qualit\u00e4t<\/strong> mit der einzigartigen <strong>Naturvielfalt Perus<\/strong>, um nachhaltige Werte f\u00fcr alle Beteiligten zu schaffen.<\/p>\n<p>&nbsp;<\/p>\n<p><img loading=\"lazy\" decoding=\"async\" class=\"wp-image-97348 alignleft\" src=\"https:\/\/bien-etreiris.ch\/wp-content\/uploads\/2026\/02\/Sembrador-bio.png\" alt=\"\" width=\"125\" height=\"125\" srcset=\"https:\/\/bien-etreiris.ch\/wp-content\/uploads\/2026\/02\/Sembrador-bio.png 230w, https:\/\/bien-etreiris.ch\/wp-content\/uploads\/2026\/02\/Sembrador-bio-150x150.png 150w\" sizes=\"auto, (max-width: 125px) 100vw, 125px\" \/><\/p>\n<h4>&nbsp;<\/h4>\n<h4 class=\"gb-text gb-text-cacae26c\">Bio-Zertifiziert<\/h4>\n<p>EU-Bio zertifiziert. Beste Qualit\u00e4t aus den vielf\u00e4ltigen Regionen Perus.<\/p>\n<p>&nbsp;<\/p>\n<p>&nbsp;<\/p>\n<p><img loading=\"lazy\" decoding=\"async\" class=\"wp-image-97351 alignleft\" src=\"https:\/\/bien-etreiris.ch\/wp-content\/uploads\/2026\/02\/Sembrador-crudite.png\" alt=\"\" width=\"126\" height=\"126\" srcset=\"https:\/\/bien-etreiris.ch\/wp-content\/uploads\/2026\/02\/Sembrador-crudite.png 230w, https:\/\/bien-etreiris.ch\/wp-content\/uploads\/2026\/02\/Sembrador-crudite-150x150.png 150w\" sizes=\"auto, (max-width: 126px) 100vw, 126px\" \/><\/p>\n<h4>&nbsp;<\/h4>\n<h4 class=\"gb-text gb-text-0f35fcb5\">Echte Rohkost<\/h4>\n<p>Schonend verarbeitet unter 45\u00b0C. Vitamine bleiben voll erhalten.<\/p>\n<p>&nbsp;<\/p>\n<p>&nbsp;<\/p>\n\n\n\n<p><img loading=\"lazy\" decoding=\"async\" class=\"wp-image-97354 alignleft\" src=\"https:\/\/bien-etreiris.ch\/wp-content\/uploads\/2026\/02\/Sembrador-Vegan-.png\" alt=\"\" width=\"125\" height=\"125\" srcset=\"https:\/\/bien-etreiris.ch\/wp-content\/uploads\/2026\/02\/Sembrador-Vegan-.png 230w, https:\/\/bien-etreiris.ch\/wp-content\/uploads\/2026\/02\/Sembrador-Vegan--150x150.png 150w\" sizes=\"auto, (max-width: 125px) 100vw, 125px\" \/><\/p>\n<h4>&nbsp;<\/h4>\n<h4 class=\"gb-text gb-text-a8b4d686\">100% Pflanzlich<\/h4>\n<p>Die reine Kraft der Pflanzen. Frei von tierischen Inhaltsstoffen.<\/p>\n<p>&nbsp;<\/p>\n<p>&nbsp;<\/p>\n\n\n\n<p><img loading=\"lazy\" decoding=\"async\" class=\"wp-image-97357 alignleft\" src=\"https:\/\/bien-etreiris.ch\/wp-content\/uploads\/2026\/02\/Sembrador-Care.png\" alt=\"\" width=\"124\" height=\"124\" srcset=\"https:\/\/bien-etreiris.ch\/wp-content\/uploads\/2026\/02\/Sembrador-Care.png 230w, https:\/\/bien-etreiris.ch\/wp-content\/uploads\/2026\/02\/Sembrador-Care-150x150.png 150w\" sizes=\"auto, (max-width: 124px) 100vw, 124px\" \/><\/p>\n<h4>&nbsp;<\/h4>\n<h4 class=\"gb-text gb-text-b2c47d8a\">SembraCare<\/h4>\n<p>Soziale Verantwortung. Wir unterst\u00fctzen gezielt benachteiligte Menschen in Peru.<\/p>\n<p>&nbsp;<\/p>\n<p>&nbsp;<\/p>\n\n\n<h2><a href=\"https:\/\/bien-etreiris.ch\/de\/produktpraesentation\/gesundes-leben\/gesunde-lebensmittel\/superfoods\/kakao\/kakaopulver\/\" target=\"_blank\" rel=\"noopener\"><span style=\"color: #ffcc00;\">Kakao in Pulverform<\/span><\/a><\/h2>\n<h2><a href=\"https:\/\/bien-etreiris.ch\/de\/produktpraesentation\/gesundes-leben\/gesunde-lebensmittel\/superfoods\/kakao\/nibs\/\" target=\"_blank\" rel=\"noopener\"><span style=\"color: #ffcc00;\">NIBS<\/span><\/a><\/h2>","protected":false},"excerpt":{"rendered":"<p>Sembrador Die Sembrador GmbH wurde 2013 in Meggen gegr\u00fcndet. Was als Vision zweier Freunde begann, ist heute unsere Lebensaufgabe: Wir betrachten unsere Partner und uns als eine grosse Familie. Wir verbinden die Schweizer Pr\u00e4zision und Leidenschaft f\u00fcr Qualit\u00e4t mit der einzigartigen Naturvielfalt Perus, um nachhaltige Werte f\u00fcr alle Beteiligten zu schaffen. &nbsp; &nbsp; Bio-Zertifiziert EU-Bio zertifiziert. Beste Qualit\u00e4t aus den&nbsp;<a href=\"https:\/\/bien-etreiris.ch\/de\/unsere-marken\/sembrador\/\" class=\"read-more\">Weiter lesen<\/a><\/p>\n","protected":false},"author":1,"featured_media":97347,"parent":44406,"menu_order":52,"comment_status":"closed","ping_status":"closed","template":"page-with-child.php","meta":{"_acf_changed":false,"ngg_post_thumbnail":0,"footnotes":""},"class_list":["post-97363","page","type-page","status-publish","has-post-thumbnail","hentry"],"acf":[],"yoast_head":"<!-- This site is optimized with the Yoast SEO plugin v27.4 - https:\/\/yoast.com\/product\/yoast-seo-wordpress\/ -->\n<title>SEMBRADOR - WOHLBEFINDEN<\/title>\n<meta name=\"robots\" content=\"index, follow, max-snippet:-1, max-image-preview:large, max-video-preview:-1\" \/>\n<link rel=\"canonical\" href=\"https:\/\/bien-etreiris.ch\/de\/unsere-marken\/sembrador\/\" \/>\n<meta property=\"og:locale\" content=\"de_DE\" \/>\n<meta property=\"og:type\" content=\"article\" \/>\n<meta property=\"og:title\" content=\"SEMBRADOR - WOHLBEFINDEN\" \/>\n<meta property=\"og:description\" content=\"Sembrador Die Sembrador GmbH wurde 2013 in Meggen gegr\u00fcndet. Was als Vision zweier Freunde begann, ist heute unsere Lebensaufgabe: Wir betrachten unsere Partner und uns als eine grosse Familie. Wir verbinden die Schweizer Pr\u00e4zision und Leidenschaft f\u00fcr Qualit\u00e4t mit der einzigartigen Naturvielfalt Perus, um nachhaltige Werte f\u00fcr alle Beteiligten zu schaffen. &nbsp; &nbsp; Bio-Zertifiziert EU-Bio zertifiziert. Beste Qualit\u00e4t aus den&nbsp;Weiter lesen\" \/>\n<meta property=\"og:url\" content=\"https:\/\/bien-etreiris.ch\/de\/unsere-marken\/sembrador\/\" \/>\n<meta property=\"og:site_name\" content=\"WOHLBEFINDEN\" \/>\n<meta property=\"article:publisher\" content=\"https:\/\/www.facebook.com\/bienetreiris\/\" \/>\n<meta property=\"article:modified_time\" content=\"2026-02-12T14:49:17+00:00\" \/>\n<meta property=\"og:image\" content=\"https:\/\/bien-etreiris.ch\/wp-content\/uploads\/2026\/02\/Sembrador.jpg\" \/>\n\t<meta property=\"og:image:width\" content=\"370\" \/>\n\t<meta property=\"og:image:height\" content=\"226\" \/>\n\t<meta property=\"og:image:type\" content=\"image\/jpeg\" \/>\n<meta name=\"twitter:label1\" content=\"Gesch\u00e4tzte Lesezeit\" \/>\n\t<meta name=\"twitter:data1\" content=\"2\u00a0Minuten\" \/>\n<script type=\"application\/ld+json\" class=\"yoast-schema-graph\">{\"@context\":\"https:\\\/\\\/schema.org\",\"@graph\":[{\"@type\":\"WebPage\",\"@id\":\"https:\\\/\\\/bien-etreiris.ch\\\/de\\\/unsere-marken\\\/sembrador\\\/\",\"url\":\"https:\\\/\\\/bien-etreiris.ch\\\/de\\\/unsere-marken\\\/sembrador\\\/\",\"name\":\"SEMBRADOR - WOHLBEFINDEN\",\"isPartOf\":{\"@id\":\"https:\\\/\\\/bien-etreiris.ch\\\/de\\\/#website\"},\"primaryImageOfPage\":{\"@id\":\"https:\\\/\\\/bien-etreiris.ch\\\/de\\\/unsere-marken\\\/sembrador\\\/#primaryimage\"},\"image\":{\"@id\":\"https:\\\/\\\/bien-etreiris.ch\\\/de\\\/unsere-marken\\\/sembrador\\\/#primaryimage\"},\"thumbnailUrl\":\"https:\\\/\\\/bien-etreiris.ch\\\/wp-content\\\/uploads\\\/2026\\\/02\\\/Sembrador.jpg\",\"datePublished\":\"2026-02-12T04:50:12+00:00\",\"dateModified\":\"2026-02-12T14:49:17+00:00\",\"breadcrumb\":{\"@id\":\"https:\\\/\\\/bien-etreiris.ch\\\/de\\\/unsere-marken\\\/sembrador\\\/#breadcrumb\"},\"inLanguage\":\"de\",\"potentialAction\":[{\"@type\":\"ReadAction\",\"target\":[\"https:\\\/\\\/bien-etreiris.ch\\\/de\\\/unsere-marken\\\/sembrador\\\/\"]}]},{\"@type\":\"ImageObject\",\"inLanguage\":\"de\",\"@id\":\"https:\\\/\\\/bien-etreiris.ch\\\/de\\\/unsere-marken\\\/sembrador\\\/#primaryimage\",\"url\":\"https:\\\/\\\/bien-etreiris.ch\\\/wp-content\\\/uploads\\\/2026\\\/02\\\/Sembrador.jpg\",\"contentUrl\":\"https:\\\/\\\/bien-etreiris.ch\\\/wp-content\\\/uploads\\\/2026\\\/02\\\/Sembrador.jpg\",\"width\":370,\"height\":226},{\"@type\":\"BreadcrumbList\",\"@id\":\"https:\\\/\\\/bien-etreiris.ch\\\/de\\\/unsere-marken\\\/sembrador\\\/#breadcrumb\",\"itemListElement\":[{\"@type\":\"ListItem\",\"position\":1,\"name\":\"Home\",\"item\":\"https:\\\/\\\/bien-etreiris.ch\\\/de\\\/\"},{\"@type\":\"ListItem\",\"position\":2,\"name\":\"UNSERE MARKEN\",\"item\":\"https:\\\/\\\/bien-etreiris.ch\\\/de\\\/unsere-marken\\\/\"},{\"@type\":\"ListItem\",\"position\":3,\"name\":\"SEMBRADOR\"}]},{\"@type\":\"WebSite\",\"@id\":\"https:\\\/\\\/bien-etreiris.ch\\\/de\\\/#website\",\"url\":\"https:\\\/\\\/bien-etreiris.ch\\\/de\\\/\",\"name\":\"Bien-\u00eatre Iris\",\"description\":\"IHRE Gesundheit ist uns wichtig\",\"potentialAction\":[{\"@type\":\"SearchAction\",\"target\":{\"@type\":\"EntryPoint\",\"urlTemplate\":\"https:\\\/\\\/bien-etreiris.ch\\\/de\\\/?s={search_term_string}\"},\"query-input\":{\"@type\":\"PropertyValueSpecification\",\"valueRequired\":true,\"valueName\":\"search_term_string\"}}],\"inLanguage\":\"de\"}]}<\/script>\n<!-- \/ Yoast SEO plugin. -->","yoast_head_json":{"title":"SEMBRADOR - WOHLBEFINDEN","robots":{"index":"index","follow":"follow","max-snippet":"max-snippet:-1","max-image-preview":"max-image-preview:large","max-video-preview":"max-video-preview:-1"},"canonical":"https:\/\/bien-etreiris.ch\/de\/unsere-marken\/sembrador\/","og_locale":"de_DE","og_type":"article","og_title":"SEMBRADOR - WOHLBEFINDEN","og_description":"Sembrador Die Sembrador GmbH wurde 2013 in Meggen gegr\u00fcndet. Was als Vision zweier Freunde begann, ist heute unsere Lebensaufgabe: Wir betrachten unsere Partner und uns als eine grosse Familie. Wir verbinden die Schweizer Pr\u00e4zision und Leidenschaft f\u00fcr Qualit\u00e4t mit der einzigartigen Naturvielfalt Perus, um nachhaltige Werte f\u00fcr alle Beteiligten zu schaffen. &nbsp; &nbsp; Bio-Zertifiziert EU-Bio zertifiziert. Beste Qualit\u00e4t aus den&nbsp;Weiter lesen","og_url":"https:\/\/bien-etreiris.ch\/de\/unsere-marken\/sembrador\/","og_site_name":"WOHLBEFINDEN","article_publisher":"https:\/\/www.facebook.com\/bienetreiris\/","article_modified_time":"2026-02-12T14:49:17+00:00","og_image":[{"width":370,"height":226,"url":"https:\/\/bien-etreiris.ch\/wp-content\/uploads\/2026\/02\/Sembrador.jpg","type":"image\/jpeg"}],"twitter_misc":{"Gesch\u00e4tzte Lesezeit":"2\u00a0Minuten"},"schema":{"@context":"https:\/\/schema.org","@graph":[{"@type":"WebPage","@id":"https:\/\/bien-etreiris.ch\/de\/unsere-marken\/sembrador\/","url":"https:\/\/bien-etreiris.ch\/de\/unsere-marken\/sembrador\/","name":"SEMBRADOR - WOHLBEFINDEN","isPartOf":{"@id":"https:\/\/bien-etreiris.ch\/de\/#website"},"primaryImageOfPage":{"@id":"https:\/\/bien-etreiris.ch\/de\/unsere-marken\/sembrador\/#primaryimage"},"image":{"@id":"https:\/\/bien-etreiris.ch\/de\/unsere-marken\/sembrador\/#primaryimage"},"thumbnailUrl":"https:\/\/bien-etreiris.ch\/wp-content\/uploads\/2026\/02\/Sembrador.jpg","datePublished":"2026-02-12T04:50:12+00:00","dateModified":"2026-02-12T14:49:17+00:00","breadcrumb":{"@id":"https:\/\/bien-etreiris.ch\/de\/unsere-marken\/sembrador\/#breadcrumb"},"inLanguage":"de","potentialAction":[{"@type":"ReadAction","target":["https:\/\/bien-etreiris.ch\/de\/unsere-marken\/sembrador\/"]}]},{"@type":"ImageObject","inLanguage":"de","@id":"https:\/\/bien-etreiris.ch\/de\/unsere-marken\/sembrador\/#primaryimage","url":"https:\/\/bien-etreiris.ch\/wp-content\/uploads\/2026\/02\/Sembrador.jpg","contentUrl":"https:\/\/bien-etreiris.ch\/wp-content\/uploads\/2026\/02\/Sembrador.jpg","width":370,"height":226},{"@type":"BreadcrumbList","@id":"https:\/\/bien-etreiris.ch\/de\/unsere-marken\/sembrador\/#breadcrumb","itemListElement":[{"@type":"ListItem","position":1,"name":"Home","item":"https:\/\/bien-etreiris.ch\/de\/"},{"@type":"ListItem","position":2,"name":"UNSERE MARKEN","item":"https:\/\/bien-etreiris.ch\/de\/unsere-marken\/"},{"@type":"ListItem","position":3,"name":"SEMBRADOR"}]},{"@type":"WebSite","@id":"https:\/\/bien-etreiris.ch\/de\/#website","url":"https:\/\/bien-etreiris.ch\/de\/","name":"Bien-\u00eatre Iris","description":"IHRE Gesundheit ist uns wichtig","potentialAction":[{"@type":"SearchAction","target":{"@type":"EntryPoint","urlTemplate":"https:\/\/bien-etreiris.ch\/de\/?s={search_term_string}"},"query-input":{"@type":"PropertyValueSpecification","valueRequired":true,"valueName":"search_term_string"}}],"inLanguage":"de"}]}},"_links":{"self":[{"href":"https:\/\/bien-etreiris.ch\/de\/wp-json\/wp\/v2\/pages\/97363","targetHints":{"allow":["GET"]}}],"collection":[{"href":"https:\/\/bien-etreiris.ch\/de\/wp-json\/wp\/v2\/pages"}],"about":[{"href":"https:\/\/bien-etreiris.ch\/de\/wp-json\/wp\/v2\/types\/page"}],"author":[{"embeddable":true,"href":"https:\/\/bien-etreiris.ch\/de\/wp-json\/wp\/v2\/users\/1"}],"replies":[{"embeddable":true,"href":"https:\/\/bien-etreiris.ch\/de\/wp-json\/wp\/v2\/comments?post=97363"}],"version-history":[{"count":6,"href":"https:\/\/bien-etreiris.ch\/de\/wp-json\/wp\/v2\/pages\/97363\/revisions"}],"predecessor-version":[{"id":97466,"href":"https:\/\/bien-etreiris.ch\/de\/wp-json\/wp\/v2\/pages\/97363\/revisions\/97466"}],"up":[{"embeddable":true,"href":"https:\/\/bien-etreiris.ch\/de\/wp-json\/wp\/v2\/pages\/44406"}],"wp:featuredmedia":[{"embeddable":true,"href":"https:\/\/bien-etreiris.ch\/de\/wp-json\/wp\/v2\/media\/97347"}],"wp:attachment":[{"href":"https:\/\/bien-etreiris.ch\/de\/wp-json\/wp\/v2\/media?parent=97363"}],"curies":[{"name":"wp","href":"https:\/\/api.w.org\/{rel}","templated":true}]}}