{"id":97341,"date":"2026-02-12T06:23:11","date_gmt":"2026-02-12T04:23:11","guid":{"rendered":"https:\/\/bien-etreiris.ch\/ingvi\/"},"modified":"2026-02-12T06:24:29","modified_gmt":"2026-02-12T04:24:29","slug":"ingvi","status":"publish","type":"page","link":"https:\/\/bien-etreiris.ch\/de\/unsere-marken\/ingvi\/","title":{"rendered":"INGVI"},"content":{"rendered":"\n<h2>ingvi<\/h2>\n<h4>A propos de nous<\/h4>\n<p>L'histoire d'ingvi commence en 2016. Avec un bureau, un garage et un produit : de la pur\u00e9e d'amandes <strong>bio crue<\/strong>, vendue exclusivement en seaux de 5 kg.<\/p>\n<p>Depuis ces d\u00e9buts, beaucoup de choses ont chang\u00e9 : notre gamme s'est \u00e9largie, passant du pot de 5 kg de pur\u00e9e d'amandes \u00e0 plus de 227 produits uniques de <strong>qualit\u00e9 bio et crue<\/strong>. Le bureau et le garage ont laiss\u00e9 place \u00e0 notre nouvel entrep\u00f4t avec bureaux et site de production de plus de 700 m<sup>2<\/sup> \u00e0 Wiggensbach. A bien des \u00e9gards, ingvi est devenue une entreprise mature.<\/p>\n<p>Mais au fond, rien n'a chang\u00e9 : nous ne faisons aucun compromis sur notre mission \u2013 le meilleur de la simplicit\u00e9. Cette passion pour les aliments honn\u00eates et authentiques de qualit\u00e9 biologique et crue se retrouve dans chaque produit ingvi, et en tant qu'entreprise familiale, nous pouvons vous promettre que cela restera ainsi.<\/p>\n<p>&nbsp;<\/p>\n<h2>L'\u00e9quipe<\/h2>\n<p><img loading=\"lazy\" decoding=\"async\" class=\"alignnone size-full wp-image-97335\" src=\"https:\/\/bien-etreiris.ch\/wp-content\/uploads\/2026\/02\/ingvi-team.jpg\" alt=\"\" width=\"825\" height=\"465\" srcset=\"https:\/\/bien-etreiris.ch\/wp-content\/uploads\/2026\/02\/ingvi-team.jpg 825w, https:\/\/bien-etreiris.ch\/wp-content\/uploads\/2026\/02\/ingvi-team-300x169.jpg 300w, https:\/\/bien-etreiris.ch\/wp-content\/uploads\/2026\/02\/ingvi-team-768x433.jpg 768w\" sizes=\"auto, (max-width: 825px) 100vw, 825px\" \/><\/p>\n","protected":false},"excerpt":{"rendered":"<p>ingvi A propos de nous L'histoire d'ingvi commence en 2016. Avec un bureau, un garage et un produit : de la pur\u00e9e d'amandes bio crue, vendue exclusivement en seaux de 5 kg. Depuis ces d\u00e9buts, beaucoup de choses ont chang\u00e9 : notre gamme s'est \u00e9largie, passant du pot de 5 kg de pur\u00e9e d'amandes \u00e0 plus de 227 produits uniques&nbsp;<a href=\"https:\/\/bien-etreiris.ch\/de\/unsere-marken\/ingvi\/\" class=\"read-more\">Weiter lesen<\/a><\/p>\n","protected":false},"author":1,"featured_media":97334,"parent":44406,"menu_order":54,"comment_status":"closed","ping_status":"closed","template":"page-with-child.php","meta":{"_acf_changed":false,"ngg_post_thumbnail":0,"footnotes":""},"class_list":["post-97341","page","type-page","status-publish","has-post-thumbnail","hentry"],"acf":[],"yoast_head":"<!-- This site is optimized with the Yoast SEO plugin v27.4 - https:\/\/yoast.com\/product\/yoast-seo-wordpress\/ -->\n<title>INGVI - WOHLBEFINDEN<\/title>\n<meta name=\"robots\" content=\"index, follow, max-snippet:-1, max-image-preview:large, max-video-preview:-1\" \/>\n<link rel=\"canonical\" href=\"https:\/\/bien-etreiris.ch\/de\/unsere-marken\/ingvi\/\" \/>\n<meta property=\"og:locale\" content=\"de_DE\" \/>\n<meta property=\"og:type\" content=\"article\" \/>\n<meta property=\"og:title\" content=\"INGVI - WOHLBEFINDEN\" \/>\n<meta property=\"og:description\" content=\"ingvi A propos de nous L&#039;histoire d&#039;ingvi commence en 2016. Avec un bureau, un garage et un produit : de la pur\u00e9e d&#039;amandes bio crue, vendue exclusivement en seaux de 5 kg. Depuis ces d\u00e9buts, beaucoup de choses ont chang\u00e9 : notre gamme s&#039;est \u00e9largie, passant du pot de 5 kg de pur\u00e9e d&#039;amandes \u00e0 plus de 227 produits uniques&nbsp;Weiter lesen\" \/>\n<meta property=\"og:url\" content=\"https:\/\/bien-etreiris.ch\/de\/unsere-marken\/ingvi\/\" \/>\n<meta property=\"og:site_name\" content=\"WOHLBEFINDEN\" \/>\n<meta property=\"article:publisher\" content=\"https:\/\/www.facebook.com\/bienetreiris\/\" \/>\n<meta property=\"article:modified_time\" content=\"2026-02-12T04:24:29+00:00\" \/>\n<meta property=\"og:image\" content=\"https:\/\/bien-etreiris.ch\/wp-content\/uploads\/2026\/02\/ingvi.jpg\" \/>\n\t<meta property=\"og:image:width\" content=\"370\" \/>\n\t<meta property=\"og:image:height\" content=\"226\" \/>\n\t<meta property=\"og:image:type\" content=\"image\/jpeg\" \/>\n<meta name=\"twitter:label1\" content=\"Gesch\u00e4tzte Lesezeit\" \/>\n\t<meta name=\"twitter:data1\" content=\"2\u00a0Minuten\" \/>\n<script type=\"application\/ld+json\" class=\"yoast-schema-graph\">{\"@context\":\"https:\\\/\\\/schema.org\",\"@graph\":[{\"@type\":\"WebPage\",\"@id\":\"https:\\\/\\\/bien-etreiris.ch\\\/de\\\/unsere-marken\\\/ingvi\\\/\",\"url\":\"https:\\\/\\\/bien-etreiris.ch\\\/de\\\/unsere-marken\\\/ingvi\\\/\",\"name\":\"INGVI - WOHLBEFINDEN\",\"isPartOf\":{\"@id\":\"https:\\\/\\\/bien-etreiris.ch\\\/de\\\/#website\"},\"primaryImageOfPage\":{\"@id\":\"https:\\\/\\\/bien-etreiris.ch\\\/de\\\/unsere-marken\\\/ingvi\\\/#primaryimage\"},\"image\":{\"@id\":\"https:\\\/\\\/bien-etreiris.ch\\\/de\\\/unsere-marken\\\/ingvi\\\/#primaryimage\"},\"thumbnailUrl\":\"https:\\\/\\\/bien-etreiris.ch\\\/wp-content\\\/uploads\\\/2026\\\/02\\\/ingvi.jpg\",\"datePublished\":\"2026-02-12T04:23:11+00:00\",\"dateModified\":\"2026-02-12T04:24:29+00:00\",\"breadcrumb\":{\"@id\":\"https:\\\/\\\/bien-etreiris.ch\\\/de\\\/unsere-marken\\\/ingvi\\\/#breadcrumb\"},\"inLanguage\":\"de\",\"potentialAction\":[{\"@type\":\"ReadAction\",\"target\":[\"https:\\\/\\\/bien-etreiris.ch\\\/de\\\/unsere-marken\\\/ingvi\\\/\"]}]},{\"@type\":\"ImageObject\",\"inLanguage\":\"de\",\"@id\":\"https:\\\/\\\/bien-etreiris.ch\\\/de\\\/unsere-marken\\\/ingvi\\\/#primaryimage\",\"url\":\"https:\\\/\\\/bien-etreiris.ch\\\/wp-content\\\/uploads\\\/2026\\\/02\\\/ingvi.jpg\",\"contentUrl\":\"https:\\\/\\\/bien-etreiris.ch\\\/wp-content\\\/uploads\\\/2026\\\/02\\\/ingvi.jpg\",\"width\":370,\"height\":226},{\"@type\":\"BreadcrumbList\",\"@id\":\"https:\\\/\\\/bien-etreiris.ch\\\/de\\\/unsere-marken\\\/ingvi\\\/#breadcrumb\",\"itemListElement\":[{\"@type\":\"ListItem\",\"position\":1,\"name\":\"Home\",\"item\":\"https:\\\/\\\/bien-etreiris.ch\\\/de\\\/\"},{\"@type\":\"ListItem\",\"position\":2,\"name\":\"UNSERE MARKEN\",\"item\":\"https:\\\/\\\/bien-etreiris.ch\\\/de\\\/unsere-marken\\\/\"},{\"@type\":\"ListItem\",\"position\":3,\"name\":\"INGVI\"}]},{\"@type\":\"WebSite\",\"@id\":\"https:\\\/\\\/bien-etreiris.ch\\\/de\\\/#website\",\"url\":\"https:\\\/\\\/bien-etreiris.ch\\\/de\\\/\",\"name\":\"Bien-\u00eatre Iris\",\"description\":\"IHRE Gesundheit ist uns wichtig\",\"potentialAction\":[{\"@type\":\"SearchAction\",\"target\":{\"@type\":\"EntryPoint\",\"urlTemplate\":\"https:\\\/\\\/bien-etreiris.ch\\\/de\\\/?s={search_term_string}\"},\"query-input\":{\"@type\":\"PropertyValueSpecification\",\"valueRequired\":true,\"valueName\":\"search_term_string\"}}],\"inLanguage\":\"de\"}]}<\/script>\n<!-- \/ Yoast SEO plugin. -->","yoast_head_json":{"title":"INGVI - WOHLBEFINDEN","robots":{"index":"index","follow":"follow","max-snippet":"max-snippet:-1","max-image-preview":"max-image-preview:large","max-video-preview":"max-video-preview:-1"},"canonical":"https:\/\/bien-etreiris.ch\/de\/unsere-marken\/ingvi\/","og_locale":"de_DE","og_type":"article","og_title":"INGVI - WOHLBEFINDEN","og_description":"ingvi A propos de nous L'histoire d'ingvi commence en 2016. Avec un bureau, un garage et un produit : de la pur\u00e9e d'amandes bio crue, vendue exclusivement en seaux de 5 kg. Depuis ces d\u00e9buts, beaucoup de choses ont chang\u00e9 : notre gamme s'est \u00e9largie, passant du pot de 5 kg de pur\u00e9e d'amandes \u00e0 plus de 227 produits uniques&nbsp;Weiter lesen","og_url":"https:\/\/bien-etreiris.ch\/de\/unsere-marken\/ingvi\/","og_site_name":"WOHLBEFINDEN","article_publisher":"https:\/\/www.facebook.com\/bienetreiris\/","article_modified_time":"2026-02-12T04:24:29+00:00","og_image":[{"width":370,"height":226,"url":"https:\/\/bien-etreiris.ch\/wp-content\/uploads\/2026\/02\/ingvi.jpg","type":"image\/jpeg"}],"twitter_misc":{"Gesch\u00e4tzte Lesezeit":"2\u00a0Minuten"},"schema":{"@context":"https:\/\/schema.org","@graph":[{"@type":"WebPage","@id":"https:\/\/bien-etreiris.ch\/de\/unsere-marken\/ingvi\/","url":"https:\/\/bien-etreiris.ch\/de\/unsere-marken\/ingvi\/","name":"INGVI - WOHLBEFINDEN","isPartOf":{"@id":"https:\/\/bien-etreiris.ch\/de\/#website"},"primaryImageOfPage":{"@id":"https:\/\/bien-etreiris.ch\/de\/unsere-marken\/ingvi\/#primaryimage"},"image":{"@id":"https:\/\/bien-etreiris.ch\/de\/unsere-marken\/ingvi\/#primaryimage"},"thumbnailUrl":"https:\/\/bien-etreiris.ch\/wp-content\/uploads\/2026\/02\/ingvi.jpg","datePublished":"2026-02-12T04:23:11+00:00","dateModified":"2026-02-12T04:24:29+00:00","breadcrumb":{"@id":"https:\/\/bien-etreiris.ch\/de\/unsere-marken\/ingvi\/#breadcrumb"},"inLanguage":"de","potentialAction":[{"@type":"ReadAction","target":["https:\/\/bien-etreiris.ch\/de\/unsere-marken\/ingvi\/"]}]},{"@type":"ImageObject","inLanguage":"de","@id":"https:\/\/bien-etreiris.ch\/de\/unsere-marken\/ingvi\/#primaryimage","url":"https:\/\/bien-etreiris.ch\/wp-content\/uploads\/2026\/02\/ingvi.jpg","contentUrl":"https:\/\/bien-etreiris.ch\/wp-content\/uploads\/2026\/02\/ingvi.jpg","width":370,"height":226},{"@type":"BreadcrumbList","@id":"https:\/\/bien-etreiris.ch\/de\/unsere-marken\/ingvi\/#breadcrumb","itemListElement":[{"@type":"ListItem","position":1,"name":"Home","item":"https:\/\/bien-etreiris.ch\/de\/"},{"@type":"ListItem","position":2,"name":"UNSERE MARKEN","item":"https:\/\/bien-etreiris.ch\/de\/unsere-marken\/"},{"@type":"ListItem","position":3,"name":"INGVI"}]},{"@type":"WebSite","@id":"https:\/\/bien-etreiris.ch\/de\/#website","url":"https:\/\/bien-etreiris.ch\/de\/","name":"Bien-\u00eatre Iris","description":"IHRE Gesundheit ist uns wichtig","potentialAction":[{"@type":"SearchAction","target":{"@type":"EntryPoint","urlTemplate":"https:\/\/bien-etreiris.ch\/de\/?s={search_term_string}"},"query-input":{"@type":"PropertyValueSpecification","valueRequired":true,"valueName":"search_term_string"}}],"inLanguage":"de"}]}},"_links":{"self":[{"href":"https:\/\/bien-etreiris.ch\/de\/wp-json\/wp\/v2\/pages\/97341","targetHints":{"allow":["GET"]}}],"collection":[{"href":"https:\/\/bien-etreiris.ch\/de\/wp-json\/wp\/v2\/pages"}],"about":[{"href":"https:\/\/bien-etreiris.ch\/de\/wp-json\/wp\/v2\/types\/page"}],"author":[{"embeddable":true,"href":"https:\/\/bien-etreiris.ch\/de\/wp-json\/wp\/v2\/users\/1"}],"replies":[{"embeddable":true,"href":"https:\/\/bien-etreiris.ch\/de\/wp-json\/wp\/v2\/comments?post=97341"}],"version-history":[{"count":1,"href":"https:\/\/bien-etreiris.ch\/de\/wp-json\/wp\/v2\/pages\/97341\/revisions"}],"predecessor-version":[{"id":97343,"href":"https:\/\/bien-etreiris.ch\/de\/wp-json\/wp\/v2\/pages\/97341\/revisions\/97343"}],"up":[{"embeddable":true,"href":"https:\/\/bien-etreiris.ch\/de\/wp-json\/wp\/v2\/pages\/44406"}],"wp:featuredmedia":[{"embeddable":true,"href":"https:\/\/bien-etreiris.ch\/de\/wp-json\/wp\/v2\/media\/97334"}],"wp:attachment":[{"href":"https:\/\/bien-etreiris.ch\/de\/wp-json\/wp\/v2\/media?parent=97341"}],"curies":[{"name":"wp","href":"https:\/\/api.w.org\/{rel}","templated":true}]}}