{"id":97254,"date":"2025-09-12T15:16:34","date_gmt":"2025-09-12T13:16:34","guid":{"rendered":"https:\/\/bien-etreiris.ch\/unsere-marken\/probios\/"},"modified":"2025-09-12T15:25:20","modified_gmt":"2025-09-12T13:25:20","slug":"probios","status":"publish","type":"page","link":"https:\/\/bien-etreiris.ch\/de\/unsere-marken\/probios\/","title":{"rendered":"PROBIOS"},"content":{"rendered":"\n<h3>A propos de nous<\/h3>\n<p>Probios a toujours su allier la <b>valeur nutritive des aliments<\/b> au <b>plaisir de bien manger<\/b>. Pr\u00e9curseur dans la promotion du bien-\u00eatre par l'alimentation, l'entreprise propose <b>des produits innovants et savoureux<\/b>, fruits d'une recherche et d'un d\u00e9veloppement continus, \u00e9labor\u00e9s \u00e0 partir des meilleures <b>mati\u00e8res premi\u00e8res biologiques<\/b>. Les produits Probios conviennent \u00e0 tous les styles d'alimentation et \u00e0 tous les besoins, et vous accompagnent chaque jour sur la voie du bien-\u00eatre.<\/p>\n<p>&nbsp;<\/p>\n<h3>PRODUITS<\/h3>\n<p>Les produits Probios sont <b>savoureux et \u00e9quilibr\u00e9s<\/b>, ont une <b>valeur nutritionnelle \u00e9lev\u00e9e<\/b> et <b>des avantages fonctionnels sp\u00e9cifiques<\/b>. Gr\u00e2ce \u00e0 leurs <b>recettes pures et \u00e0 leurs ingr\u00e9dients biologiques d'une qualit\u00e9 exceptionnelle<\/b>, ils allient <b>go\u00fbt et bien-\u00eatre<\/b> :<b> <\/b>une s\u00e9lection pleine de saveur et de valeur. L'offre Probios est adapt\u00e9e aux besoins de tous, y compris ceux qui recherchent des aliments aux propri\u00e9t\u00e9s particuli\u00e8res ou qui suivent les nouvelles tendances alimentaires.<\/p>\n<p>&nbsp;<\/p>\n<p><img loading=\"lazy\" decoding=\"async\" class=\"alignnone size-full wp-image-97250\" src=\"https:\/\/bien-etreiris.ch\/wp-content\/uploads\/2025\/09\/Probios-photo.jpg\" alt=\"\" width=\"1600\" height=\"1135\" srcset=\"https:\/\/bien-etreiris.ch\/wp-content\/uploads\/2025\/09\/Probios-photo.jpg 1600w, https:\/\/bien-etreiris.ch\/wp-content\/uploads\/2025\/09\/Probios-photo-300x213.jpg 300w, https:\/\/bien-etreiris.ch\/wp-content\/uploads\/2025\/09\/Probios-photo-1024x726.jpg 1024w, https:\/\/bien-etreiris.ch\/wp-content\/uploads\/2025\/09\/Probios-photo-768x545.jpg 768w, https:\/\/bien-etreiris.ch\/wp-content\/uploads\/2025\/09\/Probios-photo-1536x1090.jpg 1536w\" sizes=\"auto, (max-width: 1600px) 100vw, 1600px\" \/><\/p>\n<p>&nbsp;<\/p>\n\n\n","protected":false},"excerpt":{"rendered":"<p>A propos de nous Probios a toujours su allier la valeur nutritive des aliments au plaisir de bien manger. Pr\u00e9curseur dans la promotion du bien-\u00eatre par l'alimentation, l'entreprise propose des produits innovants et savoureux, fruits d'une recherche et d'un d\u00e9veloppement continus, \u00e9labor\u00e9s \u00e0 partir des meilleures mati\u00e8res premi\u00e8res biologiques. Les produits Probios conviennent \u00e0 tous les styles d'alimentation et \u00e0&nbsp;<a href=\"https:\/\/bien-etreiris.ch\/de\/unsere-marken\/probios\/\" class=\"read-more\">Weiter lesen<\/a><\/p>\n","protected":false},"author":1,"featured_media":97246,"parent":44406,"menu_order":59,"comment_status":"closed","ping_status":"closed","template":"page-with-child.php","meta":{"_acf_changed":false,"ngg_post_thumbnail":0,"footnotes":""},"class_list":["post-97254","page","type-page","status-publish","has-post-thumbnail","hentry"],"acf":[],"yoast_head":"<!-- This site is optimized with the Yoast SEO plugin v27.4 - https:\/\/yoast.com\/product\/yoast-seo-wordpress\/ -->\n<title>PROBIOS - WOHLBEFINDEN<\/title>\n<meta name=\"robots\" content=\"index, follow, max-snippet:-1, max-image-preview:large, max-video-preview:-1\" \/>\n<link rel=\"canonical\" href=\"https:\/\/bien-etreiris.ch\/de\/unsere-marken\/probios\/\" \/>\n<meta property=\"og:locale\" content=\"de_DE\" \/>\n<meta property=\"og:type\" content=\"article\" \/>\n<meta property=\"og:title\" content=\"PROBIOS - WOHLBEFINDEN\" \/>\n<meta property=\"og:description\" content=\"A propos de nous Probios a toujours su allier la valeur nutritive des aliments au plaisir de bien manger. Pr\u00e9curseur dans la promotion du bien-\u00eatre par l&#039;alimentation, l&#039;entreprise propose des produits innovants et savoureux, fruits d&#039;une recherche et d&#039;un d\u00e9veloppement continus, \u00e9labor\u00e9s \u00e0 partir des meilleures mati\u00e8res premi\u00e8res biologiques. Les produits Probios conviennent \u00e0 tous les styles d&#039;alimentation et \u00e0&nbsp;Weiter lesen\" \/>\n<meta property=\"og:url\" content=\"https:\/\/bien-etreiris.ch\/de\/unsere-marken\/probios\/\" \/>\n<meta property=\"og:site_name\" content=\"WOHLBEFINDEN\" \/>\n<meta property=\"article:publisher\" content=\"https:\/\/www.facebook.com\/bienetreiris\/\" \/>\n<meta property=\"article:modified_time\" content=\"2025-09-12T13:25:20+00:00\" \/>\n<meta property=\"og:image\" content=\"https:\/\/bien-etreiris.ch\/wp-content\/uploads\/2025\/09\/Probios.jpg\" \/>\n\t<meta property=\"og:image:width\" content=\"500\" \/>\n\t<meta property=\"og:image:height\" content=\"333\" \/>\n\t<meta property=\"og:image:type\" content=\"image\/jpeg\" \/>\n<meta name=\"twitter:label1\" content=\"Gesch\u00e4tzte Lesezeit\" \/>\n\t<meta name=\"twitter:data1\" content=\"1\u00a0Minute\" \/>\n<script type=\"application\/ld+json\" class=\"yoast-schema-graph\">{\"@context\":\"https:\\\/\\\/schema.org\",\"@graph\":[{\"@type\":\"WebPage\",\"@id\":\"https:\\\/\\\/bien-etreiris.ch\\\/de\\\/unsere-marken\\\/probios\\\/\",\"url\":\"https:\\\/\\\/bien-etreiris.ch\\\/de\\\/unsere-marken\\\/probios\\\/\",\"name\":\"PROBIOS - WOHLBEFINDEN\",\"isPartOf\":{\"@id\":\"https:\\\/\\\/bien-etreiris.ch\\\/de\\\/#website\"},\"primaryImageOfPage\":{\"@id\":\"https:\\\/\\\/bien-etreiris.ch\\\/de\\\/unsere-marken\\\/probios\\\/#primaryimage\"},\"image\":{\"@id\":\"https:\\\/\\\/bien-etreiris.ch\\\/de\\\/unsere-marken\\\/probios\\\/#primaryimage\"},\"thumbnailUrl\":\"https:\\\/\\\/bien-etreiris.ch\\\/wp-content\\\/uploads\\\/2025\\\/09\\\/Probios.jpg\",\"datePublished\":\"2025-09-12T13:16:34+00:00\",\"dateModified\":\"2025-09-12T13:25:20+00:00\",\"breadcrumb\":{\"@id\":\"https:\\\/\\\/bien-etreiris.ch\\\/de\\\/unsere-marken\\\/probios\\\/#breadcrumb\"},\"inLanguage\":\"de\",\"potentialAction\":[{\"@type\":\"ReadAction\",\"target\":[\"https:\\\/\\\/bien-etreiris.ch\\\/de\\\/unsere-marken\\\/probios\\\/\"]}]},{\"@type\":\"ImageObject\",\"inLanguage\":\"de\",\"@id\":\"https:\\\/\\\/bien-etreiris.ch\\\/de\\\/unsere-marken\\\/probios\\\/#primaryimage\",\"url\":\"https:\\\/\\\/bien-etreiris.ch\\\/wp-content\\\/uploads\\\/2025\\\/09\\\/Probios.jpg\",\"contentUrl\":\"https:\\\/\\\/bien-etreiris.ch\\\/wp-content\\\/uploads\\\/2025\\\/09\\\/Probios.jpg\",\"width\":500,\"height\":333},{\"@type\":\"BreadcrumbList\",\"@id\":\"https:\\\/\\\/bien-etreiris.ch\\\/de\\\/unsere-marken\\\/probios\\\/#breadcrumb\",\"itemListElement\":[{\"@type\":\"ListItem\",\"position\":1,\"name\":\"Home\",\"item\":\"https:\\\/\\\/bien-etreiris.ch\\\/de\\\/\"},{\"@type\":\"ListItem\",\"position\":2,\"name\":\"UNSERE MARKEN\",\"item\":\"https:\\\/\\\/bien-etreiris.ch\\\/de\\\/unsere-marken\\\/\"},{\"@type\":\"ListItem\",\"position\":3,\"name\":\"PROBIOS\"}]},{\"@type\":\"WebSite\",\"@id\":\"https:\\\/\\\/bien-etreiris.ch\\\/de\\\/#website\",\"url\":\"https:\\\/\\\/bien-etreiris.ch\\\/de\\\/\",\"name\":\"Bien-\u00eatre Iris\",\"description\":\"IHRE Gesundheit ist uns wichtig\",\"potentialAction\":[{\"@type\":\"SearchAction\",\"target\":{\"@type\":\"EntryPoint\",\"urlTemplate\":\"https:\\\/\\\/bien-etreiris.ch\\\/de\\\/?s={search_term_string}\"},\"query-input\":{\"@type\":\"PropertyValueSpecification\",\"valueRequired\":true,\"valueName\":\"search_term_string\"}}],\"inLanguage\":\"de\"}]}<\/script>\n<!-- \/ Yoast SEO plugin. -->","yoast_head_json":{"title":"PROBIOS - WOHLBEFINDEN","robots":{"index":"index","follow":"follow","max-snippet":"max-snippet:-1","max-image-preview":"max-image-preview:large","max-video-preview":"max-video-preview:-1"},"canonical":"https:\/\/bien-etreiris.ch\/de\/unsere-marken\/probios\/","og_locale":"de_DE","og_type":"article","og_title":"PROBIOS - WOHLBEFINDEN","og_description":"A propos de nous Probios a toujours su allier la valeur nutritive des aliments au plaisir de bien manger. Pr\u00e9curseur dans la promotion du bien-\u00eatre par l'alimentation, l'entreprise propose des produits innovants et savoureux, fruits d'une recherche et d'un d\u00e9veloppement continus, \u00e9labor\u00e9s \u00e0 partir des meilleures mati\u00e8res premi\u00e8res biologiques. Les produits Probios conviennent \u00e0 tous les styles d'alimentation et \u00e0&nbsp;Weiter lesen","og_url":"https:\/\/bien-etreiris.ch\/de\/unsere-marken\/probios\/","og_site_name":"WOHLBEFINDEN","article_publisher":"https:\/\/www.facebook.com\/bienetreiris\/","article_modified_time":"2025-09-12T13:25:20+00:00","og_image":[{"width":500,"height":333,"url":"https:\/\/bien-etreiris.ch\/wp-content\/uploads\/2025\/09\/Probios.jpg","type":"image\/jpeg"}],"twitter_misc":{"Gesch\u00e4tzte Lesezeit":"1\u00a0Minute"},"schema":{"@context":"https:\/\/schema.org","@graph":[{"@type":"WebPage","@id":"https:\/\/bien-etreiris.ch\/de\/unsere-marken\/probios\/","url":"https:\/\/bien-etreiris.ch\/de\/unsere-marken\/probios\/","name":"PROBIOS - WOHLBEFINDEN","isPartOf":{"@id":"https:\/\/bien-etreiris.ch\/de\/#website"},"primaryImageOfPage":{"@id":"https:\/\/bien-etreiris.ch\/de\/unsere-marken\/probios\/#primaryimage"},"image":{"@id":"https:\/\/bien-etreiris.ch\/de\/unsere-marken\/probios\/#primaryimage"},"thumbnailUrl":"https:\/\/bien-etreiris.ch\/wp-content\/uploads\/2025\/09\/Probios.jpg","datePublished":"2025-09-12T13:16:34+00:00","dateModified":"2025-09-12T13:25:20+00:00","breadcrumb":{"@id":"https:\/\/bien-etreiris.ch\/de\/unsere-marken\/probios\/#breadcrumb"},"inLanguage":"de","potentialAction":[{"@type":"ReadAction","target":["https:\/\/bien-etreiris.ch\/de\/unsere-marken\/probios\/"]}]},{"@type":"ImageObject","inLanguage":"de","@id":"https:\/\/bien-etreiris.ch\/de\/unsere-marken\/probios\/#primaryimage","url":"https:\/\/bien-etreiris.ch\/wp-content\/uploads\/2025\/09\/Probios.jpg","contentUrl":"https:\/\/bien-etreiris.ch\/wp-content\/uploads\/2025\/09\/Probios.jpg","width":500,"height":333},{"@type":"BreadcrumbList","@id":"https:\/\/bien-etreiris.ch\/de\/unsere-marken\/probios\/#breadcrumb","itemListElement":[{"@type":"ListItem","position":1,"name":"Home","item":"https:\/\/bien-etreiris.ch\/de\/"},{"@type":"ListItem","position":2,"name":"UNSERE MARKEN","item":"https:\/\/bien-etreiris.ch\/de\/unsere-marken\/"},{"@type":"ListItem","position":3,"name":"PROBIOS"}]},{"@type":"WebSite","@id":"https:\/\/bien-etreiris.ch\/de\/#website","url":"https:\/\/bien-etreiris.ch\/de\/","name":"Bien-\u00eatre Iris","description":"IHRE Gesundheit ist uns wichtig","potentialAction":[{"@type":"SearchAction","target":{"@type":"EntryPoint","urlTemplate":"https:\/\/bien-etreiris.ch\/de\/?s={search_term_string}"},"query-input":{"@type":"PropertyValueSpecification","valueRequired":true,"valueName":"search_term_string"}}],"inLanguage":"de"}]}},"_links":{"self":[{"href":"https:\/\/bien-etreiris.ch\/de\/wp-json\/wp\/v2\/pages\/97254","targetHints":{"allow":["GET"]}}],"collection":[{"href":"https:\/\/bien-etreiris.ch\/de\/wp-json\/wp\/v2\/pages"}],"about":[{"href":"https:\/\/bien-etreiris.ch\/de\/wp-json\/wp\/v2\/types\/page"}],"author":[{"embeddable":true,"href":"https:\/\/bien-etreiris.ch\/de\/wp-json\/wp\/v2\/users\/1"}],"replies":[{"embeddable":true,"href":"https:\/\/bien-etreiris.ch\/de\/wp-json\/wp\/v2\/comments?post=97254"}],"version-history":[{"count":1,"href":"https:\/\/bien-etreiris.ch\/de\/wp-json\/wp\/v2\/pages\/97254\/revisions"}],"predecessor-version":[{"id":97257,"href":"https:\/\/bien-etreiris.ch\/de\/wp-json\/wp\/v2\/pages\/97254\/revisions\/97257"}],"up":[{"embeddable":true,"href":"https:\/\/bien-etreiris.ch\/de\/wp-json\/wp\/v2\/pages\/44406"}],"wp:featuredmedia":[{"embeddable":true,"href":"https:\/\/bien-etreiris.ch\/de\/wp-json\/wp\/v2\/media\/97246"}],"wp:attachment":[{"href":"https:\/\/bien-etreiris.ch\/de\/wp-json\/wp\/v2\/media?parent=97254"}],"curies":[{"name":"wp","href":"https:\/\/api.w.org\/{rel}","templated":true}]}}