{"id":97037,"date":"2025-07-17T13:49:31","date_gmt":"2025-07-17T11:49:31","guid":{"rendered":"https:\/\/bien-etreiris.ch\/ratgeber-klarheit-beratung\/gesunder-lebensstil\/alternativen-mittel\/naturheilkunde\/alternatives-naturelles\/"},"modified":"2025-07-17T15:25:29","modified_gmt":"2025-07-17T13:25:29","slug":"natuerlichen-alternativen","status":"publish","type":"page","link":"https:\/\/bien-etreiris.ch\/de\/ratgeber-klarheit-beratung\/gesunder-lebensstil\/alternativen-mittel\/naturheilkunde\/natuerlichen-alternativen\/","title":{"rendered":"NAT\u00dcRLICHE ALTERNATIVEN"},"content":{"rendered":"\n<h2>Welche nat\u00fcrlichen Alternativen gibt es zu herk\u00f6mmlichen Medikamenten?<\/h2>\n\n\n\n<p>In diesem Artikel untersuchen wir verschiedene nat\u00fcrliche Alternativen zu herk\u00f6mmlichen Medikamenten, da sie oft mit weniger Nebenwirkungen und Risiken verbunden sind. Sie k\u00f6nnen dazu beitragen, den \u00fcberm\u00e4ssigen Konsum oder die Abh\u00e4ngigkeit von bestimmten Medikamenten zu reduzieren, insbesondere bei chronischen Erkrankungen. Dar\u00fcber hinaus f\u00f6rdern alternative Behandlungsmethoden einen ganzheitlichen Ansatz f\u00fcr den Patienten und sein Wohlbefinden, anstatt sich nur auf die Behandlung spezifischer Symptome zu konzentrieren.<\/p>\n","protected":false},"excerpt":{"rendered":"<p>Welche nat\u00fcrlichen Alternativen gibt es zu herk\u00f6mmlichen Medikamenten? In diesem Artikel untersuchen wir verschiedene nat\u00fcrliche Alternativen zu herk\u00f6mmlichen Medikamenten, da sie oft mit weniger Nebenwirkungen und Risiken verbunden sind. Sie k\u00f6nnen dazu beitragen, den \u00fcberm\u00e4ssigen Konsum oder die Abh\u00e4ngigkeit von bestimmten Medikamenten zu reduzieren, insbesondere bei chronischen Erkrankungen. Dar\u00fcber hinaus f\u00f6rdern alternative Behandlungsmethoden einen ganzheitlichen Ansatz f\u00fcr den Patienten und&nbsp;<a href=\"https:\/\/bien-etreiris.ch\/de\/ratgeber-klarheit-beratung\/gesunder-lebensstil\/alternativen-mittel\/naturheilkunde\/natuerlichen-alternativen\/\" class=\"read-more\">Weiter lesen<\/a><\/p>\n","protected":false},"author":1,"featured_media":97034,"parent":85664,"menu_order":85,"comment_status":"closed","ping_status":"closed","template":"page-with-child.php","meta":{"_acf_changed":false,"ngg_post_thumbnail":0,"footnotes":""},"class_list":["post-97037","page","type-page","status-publish","has-post-thumbnail","hentry"],"acf":[],"yoast_head":"<!-- This site is optimized with the Yoast SEO plugin v27.5 - https:\/\/yoast.com\/product\/yoast-seo-wordpress\/ -->\n<title>NAT\u00dcRLICHE ALTERNATIVEN - WOHLBEFINDEN<\/title>\n<meta name=\"robots\" content=\"index, follow, max-snippet:-1, max-image-preview:large, max-video-preview:-1\" \/>\n<link rel=\"canonical\" href=\"https:\/\/bien-etreiris.ch\/de\/ratgeber-klarheit-beratung\/gesunder-lebensstil\/alternativen-mittel\/naturheilkunde\/natuerlichen-alternativen\/\" \/>\n<meta property=\"og:locale\" content=\"de_DE\" \/>\n<meta property=\"og:type\" content=\"article\" \/>\n<meta property=\"og:title\" content=\"NAT\u00dcRLICHE ALTERNATIVEN - WOHLBEFINDEN\" \/>\n<meta property=\"og:description\" content=\"Welche nat\u00fcrlichen Alternativen gibt es zu herk\u00f6mmlichen Medikamenten? In diesem Artikel untersuchen wir verschiedene nat\u00fcrliche Alternativen zu herk\u00f6mmlichen Medikamenten, da sie oft mit weniger Nebenwirkungen und Risiken verbunden sind. Sie k\u00f6nnen dazu beitragen, den \u00fcberm\u00e4ssigen Konsum oder die Abh\u00e4ngigkeit von bestimmten Medikamenten zu reduzieren, insbesondere bei chronischen Erkrankungen. Dar\u00fcber hinaus f\u00f6rdern alternative Behandlungsmethoden einen ganzheitlichen Ansatz f\u00fcr den Patienten und&nbsp;Weiter lesen\" \/>\n<meta property=\"og:url\" content=\"https:\/\/bien-etreiris.ch\/de\/ratgeber-klarheit-beratung\/gesunder-lebensstil\/alternativen-mittel\/naturheilkunde\/natuerlichen-alternativen\/\" \/>\n<meta property=\"og:site_name\" content=\"WOHLBEFINDEN\" \/>\n<meta property=\"article:publisher\" content=\"https:\/\/www.facebook.com\/bienetreiris\/\" \/>\n<meta property=\"article:modified_time\" content=\"2025-07-17T13:25:29+00:00\" \/>\n<meta property=\"og:image\" content=\"https:\/\/bien-etreiris.ch\/wp-content\/uploads\/2025\/07\/Acceuil-Alternatives-naturelles.jpg\" \/>\n\t<meta property=\"og:image:width\" content=\"500\" \/>\n\t<meta property=\"og:image:height\" content=\"333\" \/>\n\t<meta property=\"og:image:type\" content=\"image\/jpeg\" \/>\n<meta name=\"twitter:label1\" content=\"Gesch\u00e4tzte Lesezeit\" \/>\n\t<meta name=\"twitter:data1\" content=\"1\u00a0Minute\" \/>\n<script type=\"application\/ld+json\" class=\"yoast-schema-graph\">{\"@context\":\"https:\\\/\\\/schema.org\",\"@graph\":[{\"@type\":\"WebPage\",\"@id\":\"https:\\\/\\\/bien-etreiris.ch\\\/de\\\/ratgeber-klarheit-beratung\\\/gesunder-lebensstil\\\/alternativen-mittel\\\/naturheilkunde\\\/natuerlichen-alternativen\\\/\",\"url\":\"https:\\\/\\\/bien-etreiris.ch\\\/de\\\/ratgeber-klarheit-beratung\\\/gesunder-lebensstil\\\/alternativen-mittel\\\/naturheilkunde\\\/natuerlichen-alternativen\\\/\",\"name\":\"NAT\u00dcRLICHE ALTERNATIVEN - WOHLBEFINDEN\",\"isPartOf\":{\"@id\":\"https:\\\/\\\/bien-etreiris.ch\\\/de\\\/#website\"},\"primaryImageOfPage\":{\"@id\":\"https:\\\/\\\/bien-etreiris.ch\\\/de\\\/ratgeber-klarheit-beratung\\\/gesunder-lebensstil\\\/alternativen-mittel\\\/naturheilkunde\\\/natuerlichen-alternativen\\\/#primaryimage\"},\"image\":{\"@id\":\"https:\\\/\\\/bien-etreiris.ch\\\/de\\\/ratgeber-klarheit-beratung\\\/gesunder-lebensstil\\\/alternativen-mittel\\\/naturheilkunde\\\/natuerlichen-alternativen\\\/#primaryimage\"},\"thumbnailUrl\":\"https:\\\/\\\/bien-etreiris.ch\\\/wp-content\\\/uploads\\\/2025\\\/07\\\/Acceuil-Alternatives-naturelles.jpg\",\"datePublished\":\"2025-07-17T11:49:31+00:00\",\"dateModified\":\"2025-07-17T13:25:29+00:00\",\"breadcrumb\":{\"@id\":\"https:\\\/\\\/bien-etreiris.ch\\\/de\\\/ratgeber-klarheit-beratung\\\/gesunder-lebensstil\\\/alternativen-mittel\\\/naturheilkunde\\\/natuerlichen-alternativen\\\/#breadcrumb\"},\"inLanguage\":\"de\",\"potentialAction\":[{\"@type\":\"ReadAction\",\"target\":[\"https:\\\/\\\/bien-etreiris.ch\\\/de\\\/ratgeber-klarheit-beratung\\\/gesunder-lebensstil\\\/alternativen-mittel\\\/naturheilkunde\\\/natuerlichen-alternativen\\\/\"]}]},{\"@type\":\"ImageObject\",\"inLanguage\":\"de\",\"@id\":\"https:\\\/\\\/bien-etreiris.ch\\\/de\\\/ratgeber-klarheit-beratung\\\/gesunder-lebensstil\\\/alternativen-mittel\\\/naturheilkunde\\\/natuerlichen-alternativen\\\/#primaryimage\",\"url\":\"https:\\\/\\\/bien-etreiris.ch\\\/wp-content\\\/uploads\\\/2025\\\/07\\\/Acceuil-Alternatives-naturelles.jpg\",\"contentUrl\":\"https:\\\/\\\/bien-etreiris.ch\\\/wp-content\\\/uploads\\\/2025\\\/07\\\/Acceuil-Alternatives-naturelles.jpg\",\"width\":500,\"height\":333},{\"@type\":\"BreadcrumbList\",\"@id\":\"https:\\\/\\\/bien-etreiris.ch\\\/de\\\/ratgeber-klarheit-beratung\\\/gesunder-lebensstil\\\/alternativen-mittel\\\/naturheilkunde\\\/natuerlichen-alternativen\\\/#breadcrumb\",\"itemListElement\":[{\"@type\":\"ListItem\",\"position\":1,\"name\":\"Home\",\"item\":\"https:\\\/\\\/bien-etreiris.ch\\\/de\\\/\"},{\"@type\":\"ListItem\",\"position\":2,\"name\":\"RATGEBER &#038; KLARHEIT\",\"item\":\"https:\\\/\\\/bien-etreiris.ch\\\/de\\\/ratgeber-klarheit-beratung\\\/\"},{\"@type\":\"ListItem\",\"position\":3,\"name\":\"GESUNDER LEBENSSTIL\",\"item\":\"https:\\\/\\\/bien-etreiris.ch\\\/de\\\/ratgeber-klarheit-beratung\\\/gesunder-lebensstil\\\/\"},{\"@type\":\"ListItem\",\"position\":4,\"name\":\"ALTERNATIVE MITTEL\",\"item\":\"https:\\\/\\\/bien-etreiris.ch\\\/de\\\/ratgeber-klarheit-beratung\\\/gesunder-lebensstil\\\/alternativen-mittel\\\/\"},{\"@type\":\"ListItem\",\"position\":5,\"name\":\"NATURHEILKUNDE\",\"item\":\"https:\\\/\\\/bien-etreiris.ch\\\/de\\\/ratgeber-klarheit-beratung\\\/gesunder-lebensstil\\\/alternativen-mittel\\\/naturheilkunde\\\/\"},{\"@type\":\"ListItem\",\"position\":6,\"name\":\"NAT\u00dcRLICHE ALTERNATIVEN\"}]},{\"@type\":\"WebSite\",\"@id\":\"https:\\\/\\\/bien-etreiris.ch\\\/de\\\/#website\",\"url\":\"https:\\\/\\\/bien-etreiris.ch\\\/de\\\/\",\"name\":\"Bien-\u00eatre Iris\",\"description\":\"IHRE Gesundheit ist uns wichtig\",\"potentialAction\":[{\"@type\":\"SearchAction\",\"target\":{\"@type\":\"EntryPoint\",\"urlTemplate\":\"https:\\\/\\\/bien-etreiris.ch\\\/de\\\/?s={search_term_string}\"},\"query-input\":{\"@type\":\"PropertyValueSpecification\",\"valueRequired\":true,\"valueName\":\"search_term_string\"}}],\"inLanguage\":\"de\"}]}<\/script>\n<!-- \/ Yoast SEO plugin. -->","yoast_head_json":{"title":"NAT\u00dcRLICHE ALTERNATIVEN - WOHLBEFINDEN","robots":{"index":"index","follow":"follow","max-snippet":"max-snippet:-1","max-image-preview":"max-image-preview:large","max-video-preview":"max-video-preview:-1"},"canonical":"https:\/\/bien-etreiris.ch\/de\/ratgeber-klarheit-beratung\/gesunder-lebensstil\/alternativen-mittel\/naturheilkunde\/natuerlichen-alternativen\/","og_locale":"de_DE","og_type":"article","og_title":"NAT\u00dcRLICHE ALTERNATIVEN - WOHLBEFINDEN","og_description":"Welche nat\u00fcrlichen Alternativen gibt es zu herk\u00f6mmlichen Medikamenten? In diesem Artikel untersuchen wir verschiedene nat\u00fcrliche Alternativen zu herk\u00f6mmlichen Medikamenten, da sie oft mit weniger Nebenwirkungen und Risiken verbunden sind. Sie k\u00f6nnen dazu beitragen, den \u00fcberm\u00e4ssigen Konsum oder die Abh\u00e4ngigkeit von bestimmten Medikamenten zu reduzieren, insbesondere bei chronischen Erkrankungen. Dar\u00fcber hinaus f\u00f6rdern alternative Behandlungsmethoden einen ganzheitlichen Ansatz f\u00fcr den Patienten und&nbsp;Weiter lesen","og_url":"https:\/\/bien-etreiris.ch\/de\/ratgeber-klarheit-beratung\/gesunder-lebensstil\/alternativen-mittel\/naturheilkunde\/natuerlichen-alternativen\/","og_site_name":"WOHLBEFINDEN","article_publisher":"https:\/\/www.facebook.com\/bienetreiris\/","article_modified_time":"2025-07-17T13:25:29+00:00","og_image":[{"width":500,"height":333,"url":"https:\/\/bien-etreiris.ch\/wp-content\/uploads\/2025\/07\/Acceuil-Alternatives-naturelles.jpg","type":"image\/jpeg"}],"twitter_misc":{"Gesch\u00e4tzte Lesezeit":"1\u00a0Minute"},"schema":{"@context":"https:\/\/schema.org","@graph":[{"@type":"WebPage","@id":"https:\/\/bien-etreiris.ch\/de\/ratgeber-klarheit-beratung\/gesunder-lebensstil\/alternativen-mittel\/naturheilkunde\/natuerlichen-alternativen\/","url":"https:\/\/bien-etreiris.ch\/de\/ratgeber-klarheit-beratung\/gesunder-lebensstil\/alternativen-mittel\/naturheilkunde\/natuerlichen-alternativen\/","name":"NAT\u00dcRLICHE ALTERNATIVEN - WOHLBEFINDEN","isPartOf":{"@id":"https:\/\/bien-etreiris.ch\/de\/#website"},"primaryImageOfPage":{"@id":"https:\/\/bien-etreiris.ch\/de\/ratgeber-klarheit-beratung\/gesunder-lebensstil\/alternativen-mittel\/naturheilkunde\/natuerlichen-alternativen\/#primaryimage"},"image":{"@id":"https:\/\/bien-etreiris.ch\/de\/ratgeber-klarheit-beratung\/gesunder-lebensstil\/alternativen-mittel\/naturheilkunde\/natuerlichen-alternativen\/#primaryimage"},"thumbnailUrl":"https:\/\/bien-etreiris.ch\/wp-content\/uploads\/2025\/07\/Acceuil-Alternatives-naturelles.jpg","datePublished":"2025-07-17T11:49:31+00:00","dateModified":"2025-07-17T13:25:29+00:00","breadcrumb":{"@id":"https:\/\/bien-etreiris.ch\/de\/ratgeber-klarheit-beratung\/gesunder-lebensstil\/alternativen-mittel\/naturheilkunde\/natuerlichen-alternativen\/#breadcrumb"},"inLanguage":"de","potentialAction":[{"@type":"ReadAction","target":["https:\/\/bien-etreiris.ch\/de\/ratgeber-klarheit-beratung\/gesunder-lebensstil\/alternativen-mittel\/naturheilkunde\/natuerlichen-alternativen\/"]}]},{"@type":"ImageObject","inLanguage":"de","@id":"https:\/\/bien-etreiris.ch\/de\/ratgeber-klarheit-beratung\/gesunder-lebensstil\/alternativen-mittel\/naturheilkunde\/natuerlichen-alternativen\/#primaryimage","url":"https:\/\/bien-etreiris.ch\/wp-content\/uploads\/2025\/07\/Acceuil-Alternatives-naturelles.jpg","contentUrl":"https:\/\/bien-etreiris.ch\/wp-content\/uploads\/2025\/07\/Acceuil-Alternatives-naturelles.jpg","width":500,"height":333},{"@type":"BreadcrumbList","@id":"https:\/\/bien-etreiris.ch\/de\/ratgeber-klarheit-beratung\/gesunder-lebensstil\/alternativen-mittel\/naturheilkunde\/natuerlichen-alternativen\/#breadcrumb","itemListElement":[{"@type":"ListItem","position":1,"name":"Home","item":"https:\/\/bien-etreiris.ch\/de\/"},{"@type":"ListItem","position":2,"name":"RATGEBER &#038; KLARHEIT","item":"https:\/\/bien-etreiris.ch\/de\/ratgeber-klarheit-beratung\/"},{"@type":"ListItem","position":3,"name":"GESUNDER LEBENSSTIL","item":"https:\/\/bien-etreiris.ch\/de\/ratgeber-klarheit-beratung\/gesunder-lebensstil\/"},{"@type":"ListItem","position":4,"name":"ALTERNATIVE MITTEL","item":"https:\/\/bien-etreiris.ch\/de\/ratgeber-klarheit-beratung\/gesunder-lebensstil\/alternativen-mittel\/"},{"@type":"ListItem","position":5,"name":"NATURHEILKUNDE","item":"https:\/\/bien-etreiris.ch\/de\/ratgeber-klarheit-beratung\/gesunder-lebensstil\/alternativen-mittel\/naturheilkunde\/"},{"@type":"ListItem","position":6,"name":"NAT\u00dcRLICHE ALTERNATIVEN"}]},{"@type":"WebSite","@id":"https:\/\/bien-etreiris.ch\/de\/#website","url":"https:\/\/bien-etreiris.ch\/de\/","name":"Bien-\u00eatre Iris","description":"IHRE Gesundheit ist uns wichtig","potentialAction":[{"@type":"SearchAction","target":{"@type":"EntryPoint","urlTemplate":"https:\/\/bien-etreiris.ch\/de\/?s={search_term_string}"},"query-input":{"@type":"PropertyValueSpecification","valueRequired":true,"valueName":"search_term_string"}}],"inLanguage":"de"}]}},"_links":{"self":[{"href":"https:\/\/bien-etreiris.ch\/de\/wp-json\/wp\/v2\/pages\/97037","targetHints":{"allow":["GET"]}}],"collection":[{"href":"https:\/\/bien-etreiris.ch\/de\/wp-json\/wp\/v2\/pages"}],"about":[{"href":"https:\/\/bien-etreiris.ch\/de\/wp-json\/wp\/v2\/types\/page"}],"author":[{"embeddable":true,"href":"https:\/\/bien-etreiris.ch\/de\/wp-json\/wp\/v2\/users\/1"}],"replies":[{"embeddable":true,"href":"https:\/\/bien-etreiris.ch\/de\/wp-json\/wp\/v2\/comments?post=97037"}],"version-history":[{"count":4,"href":"https:\/\/bien-etreiris.ch\/de\/wp-json\/wp\/v2\/pages\/97037\/revisions"}],"predecessor-version":[{"id":97096,"href":"https:\/\/bien-etreiris.ch\/de\/wp-json\/wp\/v2\/pages\/97037\/revisions\/97096"}],"up":[{"embeddable":true,"href":"https:\/\/bien-etreiris.ch\/de\/wp-json\/wp\/v2\/pages\/85664"}],"wp:featuredmedia":[{"embeddable":true,"href":"https:\/\/bien-etreiris.ch\/de\/wp-json\/wp\/v2\/media\/97034"}],"wp:attachment":[{"href":"https:\/\/bien-etreiris.ch\/de\/wp-json\/wp\/v2\/media?parent=97037"}],"curies":[{"name":"wp","href":"https:\/\/api.w.org\/{rel}","templated":true}]}}