{"id":96979,"date":"2025-07-15T08:22:59","date_gmt":"2025-07-15T06:22:59","guid":{"rendered":"https:\/\/bien-etreiris.ch\/produktpraesentation\/gesundes-leben\/gesunde-lebensmittel\/superfoods\/koernrer-samen\/hanfsamen\/graines-de-chanvre-entiere\/bentonite\/"},"modified":"2025-07-15T08:29:17","modified_gmt":"2025-07-15T06:29:17","slug":"bentonite","status":"publish","type":"page","link":"https:\/\/bien-etreiris.ch\/de\/produktpraesentation\/zoom-die-welt-der-tiere\/gesundheit-der-tiere\/nahrungsergaenzungsmittel-fuer-tiere\/bentonite\/","title":{"rendered":"BENTONITE"},"content":{"rendered":"\n<h2>Bentonite montmorillonite premium<\/h2>\n<p>La montmorillonite premium est une bentonite naturelle de tr\u00e8s haute qualit\u00e9 d'origine volcanique appartenant au groupe des silicates stratifi\u00e9s, plus pr\u00e9cis\u00e9ment \u00e0 la classe min\u00e9rale des silicates et des germanates. Cette bentonite sp\u00e9ciale est d\u00e9sign\u00e9e g\u00e9ologiquement et min\u00e9ralogiquement sous le nom de montmorillonite. Elle est tr\u00e8s fine (mais non nano-broy\u00e9e) et test\u00e9e en laboratoire pour d\u00e9tecter la pr\u00e9sence de substances nocives et de m\u00e9taux lourds.<\/p>\n<p>La bentonite n'est pas autoris\u00e9e comme denr\u00e9e alimentaire dans l'UE. Nous ne pouvons donc pas donner de recommandations de consommation !<\/p>\n<p>Conform\u00e9ment \u00e0 la directive 82\/822\/CEE de la Commission, la bentonite a \u00e9t\u00e9 autoris\u00e9e pour une dur\u00e9e ind\u00e9termin\u00e9e, conform\u00e9ment \u00e0 la directive 70\/524\/CEE, en tant qu'additif alimentaire appartenant au groupe des agents liants, des agents fluidifiants et des coagulants pour toutes les esp\u00e8ces animales.<\/p>\n<p><strong>*Conforme aux sp\u00e9cifications du Code europ\u00e9en des m\u00e9dicaments, Ph.Eur. 7.8 de 2014 et British Pharmacopoeia 2014, BP 2014, monographie Bentonite.<\/strong><\/p>\n","protected":false},"excerpt":{"rendered":"<p>Bentonite montmorillonite premium La montmorillonite premium est une bentonite naturelle de tr\u00e8s haute qualit\u00e9 d'origine volcanique appartenant au groupe des silicates stratifi\u00e9s, plus pr\u00e9cis\u00e9ment \u00e0 la classe min\u00e9rale des silicates et des germanates. Cette bentonite sp\u00e9ciale est d\u00e9sign\u00e9e g\u00e9ologiquement et min\u00e9ralogiquement sous le nom de montmorillonite. Elle est tr\u00e8s fine (mais non nano-broy\u00e9e) et test\u00e9e en laboratoire pour d\u00e9tecter la&nbsp;<a href=\"https:\/\/bien-etreiris.ch\/de\/produktpraesentation\/zoom-die-welt-der-tiere\/gesundheit-der-tiere\/nahrungsergaenzungsmittel-fuer-tiere\/bentonite\/\" class=\"read-more\">Weiter lesen<\/a><\/p>\n","protected":false},"author":1,"featured_media":96976,"parent":74194,"menu_order":94,"comment_status":"closed","ping_status":"closed","template":"page-with-child.php","meta":{"_acf_changed":false,"ngg_post_thumbnail":0,"footnotes":""},"class_list":["post-96979","page","type-page","status-publish","has-post-thumbnail","hentry"],"acf":[],"yoast_head":"<!-- This site is optimized with the Yoast SEO plugin v27.5 - https:\/\/yoast.com\/product\/yoast-seo-wordpress\/ -->\n<title>BENTONITE - WOHLBEFINDEN<\/title>\n<meta name=\"robots\" content=\"index, follow, max-snippet:-1, max-image-preview:large, max-video-preview:-1\" \/>\n<link rel=\"canonical\" href=\"https:\/\/bien-etreiris.ch\/de\/produktpraesentation\/zoom-die-welt-der-tiere\/gesundheit-der-tiere\/nahrungsergaenzungsmittel-fuer-tiere\/bentonite\/\" \/>\n<meta property=\"og:locale\" content=\"de_DE\" \/>\n<meta property=\"og:type\" content=\"article\" \/>\n<meta property=\"og:title\" content=\"BENTONITE - WOHLBEFINDEN\" \/>\n<meta property=\"og:description\" content=\"Bentonite montmorillonite premium La montmorillonite premium est une bentonite naturelle de tr\u00e8s haute qualit\u00e9 d&#039;origine volcanique appartenant au groupe des silicates stratifi\u00e9s, plus pr\u00e9cis\u00e9ment \u00e0 la classe min\u00e9rale des silicates et des germanates. Cette bentonite sp\u00e9ciale est d\u00e9sign\u00e9e g\u00e9ologiquement et min\u00e9ralogiquement sous le nom de montmorillonite. Elle est tr\u00e8s fine (mais non nano-broy\u00e9e) et test\u00e9e en laboratoire pour d\u00e9tecter la&nbsp;Weiter lesen\" \/>\n<meta property=\"og:url\" content=\"https:\/\/bien-etreiris.ch\/de\/produktpraesentation\/zoom-die-welt-der-tiere\/gesundheit-der-tiere\/nahrungsergaenzungsmittel-fuer-tiere\/bentonite\/\" \/>\n<meta property=\"og:site_name\" content=\"WOHLBEFINDEN\" \/>\n<meta property=\"article:publisher\" content=\"https:\/\/www.facebook.com\/bienetreiris\/\" \/>\n<meta property=\"article:modified_time\" content=\"2025-07-15T06:29:17+00:00\" \/>\n<meta property=\"og:image\" content=\"https:\/\/bien-etreiris.ch\/wp-content\/uploads\/2025\/07\/acceuil-bentonit.jpg\" \/>\n\t<meta property=\"og:image:width\" content=\"500\" \/>\n\t<meta property=\"og:image:height\" content=\"333\" \/>\n\t<meta property=\"og:image:type\" content=\"image\/jpeg\" \/>\n<meta name=\"twitter:label1\" content=\"Gesch\u00e4tzte Lesezeit\" \/>\n\t<meta name=\"twitter:data1\" content=\"1\u00a0Minute\" \/>\n<script type=\"application\/ld+json\" class=\"yoast-schema-graph\">{\"@context\":\"https:\\\/\\\/schema.org\",\"@graph\":[{\"@type\":\"WebPage\",\"@id\":\"https:\\\/\\\/bien-etreiris.ch\\\/de\\\/produktpraesentation\\\/zoom-die-welt-der-tiere\\\/gesundheit-der-tiere\\\/nahrungsergaenzungsmittel-fuer-tiere\\\/bentonite\\\/\",\"url\":\"https:\\\/\\\/bien-etreiris.ch\\\/de\\\/produktpraesentation\\\/zoom-die-welt-der-tiere\\\/gesundheit-der-tiere\\\/nahrungsergaenzungsmittel-fuer-tiere\\\/bentonite\\\/\",\"name\":\"BENTONITE - WOHLBEFINDEN\",\"isPartOf\":{\"@id\":\"https:\\\/\\\/bien-etreiris.ch\\\/de\\\/#website\"},\"primaryImageOfPage\":{\"@id\":\"https:\\\/\\\/bien-etreiris.ch\\\/de\\\/produktpraesentation\\\/zoom-die-welt-der-tiere\\\/gesundheit-der-tiere\\\/nahrungsergaenzungsmittel-fuer-tiere\\\/bentonite\\\/#primaryimage\"},\"image\":{\"@id\":\"https:\\\/\\\/bien-etreiris.ch\\\/de\\\/produktpraesentation\\\/zoom-die-welt-der-tiere\\\/gesundheit-der-tiere\\\/nahrungsergaenzungsmittel-fuer-tiere\\\/bentonite\\\/#primaryimage\"},\"thumbnailUrl\":\"https:\\\/\\\/bien-etreiris.ch\\\/wp-content\\\/uploads\\\/2025\\\/07\\\/acceuil-bentonit.jpg\",\"datePublished\":\"2025-07-15T06:22:59+00:00\",\"dateModified\":\"2025-07-15T06:29:17+00:00\",\"breadcrumb\":{\"@id\":\"https:\\\/\\\/bien-etreiris.ch\\\/de\\\/produktpraesentation\\\/zoom-die-welt-der-tiere\\\/gesundheit-der-tiere\\\/nahrungsergaenzungsmittel-fuer-tiere\\\/bentonite\\\/#breadcrumb\"},\"inLanguage\":\"de\",\"potentialAction\":[{\"@type\":\"ReadAction\",\"target\":[\"https:\\\/\\\/bien-etreiris.ch\\\/de\\\/produktpraesentation\\\/zoom-die-welt-der-tiere\\\/gesundheit-der-tiere\\\/nahrungsergaenzungsmittel-fuer-tiere\\\/bentonite\\\/\"]}]},{\"@type\":\"ImageObject\",\"inLanguage\":\"de\",\"@id\":\"https:\\\/\\\/bien-etreiris.ch\\\/de\\\/produktpraesentation\\\/zoom-die-welt-der-tiere\\\/gesundheit-der-tiere\\\/nahrungsergaenzungsmittel-fuer-tiere\\\/bentonite\\\/#primaryimage\",\"url\":\"https:\\\/\\\/bien-etreiris.ch\\\/wp-content\\\/uploads\\\/2025\\\/07\\\/acceuil-bentonit.jpg\",\"contentUrl\":\"https:\\\/\\\/bien-etreiris.ch\\\/wp-content\\\/uploads\\\/2025\\\/07\\\/acceuil-bentonit.jpg\",\"width\":500,\"height\":333},{\"@type\":\"BreadcrumbList\",\"@id\":\"https:\\\/\\\/bien-etreiris.ch\\\/de\\\/produktpraesentation\\\/zoom-die-welt-der-tiere\\\/gesundheit-der-tiere\\\/nahrungsergaenzungsmittel-fuer-tiere\\\/bentonite\\\/#breadcrumb\",\"itemListElement\":[{\"@type\":\"ListItem\",\"position\":1,\"name\":\"Home\",\"item\":\"https:\\\/\\\/bien-etreiris.ch\\\/de\\\/\"},{\"@type\":\"ListItem\",\"position\":2,\"name\":\"PRODUKTPR\u00c4SENTATION\",\"item\":\"https:\\\/\\\/bien-etreiris.ch\\\/de\\\/produktpraesentation\\\/\"},{\"@type\":\"ListItem\",\"position\":3,\"name\":\"ZOOM \u2013 DIE WELT DER TIERE\",\"item\":\"https:\\\/\\\/bien-etreiris.ch\\\/de\\\/produktpraesentation\\\/zoom-die-welt-der-tiere\\\/\"},{\"@type\":\"ListItem\",\"position\":4,\"name\":\"GESUNDHEIT DER TIERE\",\"item\":\"https:\\\/\\\/bien-etreiris.ch\\\/de\\\/produktpraesentation\\\/zoom-die-welt-der-tiere\\\/gesundheit-der-tiere\\\/\"},{\"@type\":\"ListItem\",\"position\":5,\"name\":\"ERG\u00c4NZUNGSMITTEL\",\"item\":\"https:\\\/\\\/bien-etreiris.ch\\\/de\\\/produktpraesentation\\\/zoom-die-welt-der-tiere\\\/gesundheit-der-tiere\\\/nahrungsergaenzungsmittel-fuer-tiere\\\/\"},{\"@type\":\"ListItem\",\"position\":6,\"name\":\"BENTONITE\"}]},{\"@type\":\"WebSite\",\"@id\":\"https:\\\/\\\/bien-etreiris.ch\\\/de\\\/#website\",\"url\":\"https:\\\/\\\/bien-etreiris.ch\\\/de\\\/\",\"name\":\"Bien-\u00eatre Iris\",\"description\":\"IHRE Gesundheit ist uns wichtig\",\"potentialAction\":[{\"@type\":\"SearchAction\",\"target\":{\"@type\":\"EntryPoint\",\"urlTemplate\":\"https:\\\/\\\/bien-etreiris.ch\\\/de\\\/?s={search_term_string}\"},\"query-input\":{\"@type\":\"PropertyValueSpecification\",\"valueRequired\":true,\"valueName\":\"search_term_string\"}}],\"inLanguage\":\"de\"}]}<\/script>\n<!-- \/ Yoast SEO plugin. -->","yoast_head_json":{"title":"BENTONITE - WOHLBEFINDEN","robots":{"index":"index","follow":"follow","max-snippet":"max-snippet:-1","max-image-preview":"max-image-preview:large","max-video-preview":"max-video-preview:-1"},"canonical":"https:\/\/bien-etreiris.ch\/de\/produktpraesentation\/zoom-die-welt-der-tiere\/gesundheit-der-tiere\/nahrungsergaenzungsmittel-fuer-tiere\/bentonite\/","og_locale":"de_DE","og_type":"article","og_title":"BENTONITE - WOHLBEFINDEN","og_description":"Bentonite montmorillonite premium La montmorillonite premium est une bentonite naturelle de tr\u00e8s haute qualit\u00e9 d'origine volcanique appartenant au groupe des silicates stratifi\u00e9s, plus pr\u00e9cis\u00e9ment \u00e0 la classe min\u00e9rale des silicates et des germanates. Cette bentonite sp\u00e9ciale est d\u00e9sign\u00e9e g\u00e9ologiquement et min\u00e9ralogiquement sous le nom de montmorillonite. Elle est tr\u00e8s fine (mais non nano-broy\u00e9e) et test\u00e9e en laboratoire pour d\u00e9tecter la&nbsp;Weiter lesen","og_url":"https:\/\/bien-etreiris.ch\/de\/produktpraesentation\/zoom-die-welt-der-tiere\/gesundheit-der-tiere\/nahrungsergaenzungsmittel-fuer-tiere\/bentonite\/","og_site_name":"WOHLBEFINDEN","article_publisher":"https:\/\/www.facebook.com\/bienetreiris\/","article_modified_time":"2025-07-15T06:29:17+00:00","og_image":[{"width":500,"height":333,"url":"https:\/\/bien-etreiris.ch\/wp-content\/uploads\/2025\/07\/acceuil-bentonit.jpg","type":"image\/jpeg"}],"twitter_misc":{"Gesch\u00e4tzte Lesezeit":"1\u00a0Minute"},"schema":{"@context":"https:\/\/schema.org","@graph":[{"@type":"WebPage","@id":"https:\/\/bien-etreiris.ch\/de\/produktpraesentation\/zoom-die-welt-der-tiere\/gesundheit-der-tiere\/nahrungsergaenzungsmittel-fuer-tiere\/bentonite\/","url":"https:\/\/bien-etreiris.ch\/de\/produktpraesentation\/zoom-die-welt-der-tiere\/gesundheit-der-tiere\/nahrungsergaenzungsmittel-fuer-tiere\/bentonite\/","name":"BENTONITE - WOHLBEFINDEN","isPartOf":{"@id":"https:\/\/bien-etreiris.ch\/de\/#website"},"primaryImageOfPage":{"@id":"https:\/\/bien-etreiris.ch\/de\/produktpraesentation\/zoom-die-welt-der-tiere\/gesundheit-der-tiere\/nahrungsergaenzungsmittel-fuer-tiere\/bentonite\/#primaryimage"},"image":{"@id":"https:\/\/bien-etreiris.ch\/de\/produktpraesentation\/zoom-die-welt-der-tiere\/gesundheit-der-tiere\/nahrungsergaenzungsmittel-fuer-tiere\/bentonite\/#primaryimage"},"thumbnailUrl":"https:\/\/bien-etreiris.ch\/wp-content\/uploads\/2025\/07\/acceuil-bentonit.jpg","datePublished":"2025-07-15T06:22:59+00:00","dateModified":"2025-07-15T06:29:17+00:00","breadcrumb":{"@id":"https:\/\/bien-etreiris.ch\/de\/produktpraesentation\/zoom-die-welt-der-tiere\/gesundheit-der-tiere\/nahrungsergaenzungsmittel-fuer-tiere\/bentonite\/#breadcrumb"},"inLanguage":"de","potentialAction":[{"@type":"ReadAction","target":["https:\/\/bien-etreiris.ch\/de\/produktpraesentation\/zoom-die-welt-der-tiere\/gesundheit-der-tiere\/nahrungsergaenzungsmittel-fuer-tiere\/bentonite\/"]}]},{"@type":"ImageObject","inLanguage":"de","@id":"https:\/\/bien-etreiris.ch\/de\/produktpraesentation\/zoom-die-welt-der-tiere\/gesundheit-der-tiere\/nahrungsergaenzungsmittel-fuer-tiere\/bentonite\/#primaryimage","url":"https:\/\/bien-etreiris.ch\/wp-content\/uploads\/2025\/07\/acceuil-bentonit.jpg","contentUrl":"https:\/\/bien-etreiris.ch\/wp-content\/uploads\/2025\/07\/acceuil-bentonit.jpg","width":500,"height":333},{"@type":"BreadcrumbList","@id":"https:\/\/bien-etreiris.ch\/de\/produktpraesentation\/zoom-die-welt-der-tiere\/gesundheit-der-tiere\/nahrungsergaenzungsmittel-fuer-tiere\/bentonite\/#breadcrumb","itemListElement":[{"@type":"ListItem","position":1,"name":"Home","item":"https:\/\/bien-etreiris.ch\/de\/"},{"@type":"ListItem","position":2,"name":"PRODUKTPR\u00c4SENTATION","item":"https:\/\/bien-etreiris.ch\/de\/produktpraesentation\/"},{"@type":"ListItem","position":3,"name":"ZOOM \u2013 DIE WELT DER TIERE","item":"https:\/\/bien-etreiris.ch\/de\/produktpraesentation\/zoom-die-welt-der-tiere\/"},{"@type":"ListItem","position":4,"name":"GESUNDHEIT DER TIERE","item":"https:\/\/bien-etreiris.ch\/de\/produktpraesentation\/zoom-die-welt-der-tiere\/gesundheit-der-tiere\/"},{"@type":"ListItem","position":5,"name":"ERG\u00c4NZUNGSMITTEL","item":"https:\/\/bien-etreiris.ch\/de\/produktpraesentation\/zoom-die-welt-der-tiere\/gesundheit-der-tiere\/nahrungsergaenzungsmittel-fuer-tiere\/"},{"@type":"ListItem","position":6,"name":"BENTONITE"}]},{"@type":"WebSite","@id":"https:\/\/bien-etreiris.ch\/de\/#website","url":"https:\/\/bien-etreiris.ch\/de\/","name":"Bien-\u00eatre Iris","description":"IHRE Gesundheit ist uns wichtig","potentialAction":[{"@type":"SearchAction","target":{"@type":"EntryPoint","urlTemplate":"https:\/\/bien-etreiris.ch\/de\/?s={search_term_string}"},"query-input":{"@type":"PropertyValueSpecification","valueRequired":true,"valueName":"search_term_string"}}],"inLanguage":"de"}]}},"_links":{"self":[{"href":"https:\/\/bien-etreiris.ch\/de\/wp-json\/wp\/v2\/pages\/96979","targetHints":{"allow":["GET"]}}],"collection":[{"href":"https:\/\/bien-etreiris.ch\/de\/wp-json\/wp\/v2\/pages"}],"about":[{"href":"https:\/\/bien-etreiris.ch\/de\/wp-json\/wp\/v2\/types\/page"}],"author":[{"embeddable":true,"href":"https:\/\/bien-etreiris.ch\/de\/wp-json\/wp\/v2\/users\/1"}],"replies":[{"embeddable":true,"href":"https:\/\/bien-etreiris.ch\/de\/wp-json\/wp\/v2\/comments?post=96979"}],"version-history":[{"count":1,"href":"https:\/\/bien-etreiris.ch\/de\/wp-json\/wp\/v2\/pages\/96979\/revisions"}],"predecessor-version":[{"id":96981,"href":"https:\/\/bien-etreiris.ch\/de\/wp-json\/wp\/v2\/pages\/96979\/revisions\/96981"}],"up":[{"embeddable":true,"href":"https:\/\/bien-etreiris.ch\/de\/wp-json\/wp\/v2\/pages\/74194"}],"wp:featuredmedia":[{"embeddable":true,"href":"https:\/\/bien-etreiris.ch\/de\/wp-json\/wp\/v2\/media\/96976"}],"wp:attachment":[{"href":"https:\/\/bien-etreiris.ch\/de\/wp-json\/wp\/v2\/media?parent=96979"}],"curies":[{"name":"wp","href":"https:\/\/api.w.org\/{rel}","templated":true}]}}