{"id":96339,"date":"2025-03-03T12:59:50","date_gmt":"2025-03-03T10:59:50","guid":{"rendered":"https:\/\/bien-etreiris.ch\/produktpraesentation\/natuerliche-heilmittel\/premiers-secours\/soigner-les-blessures\/sang-de-dragon\/"},"modified":"2025-03-03T13:01:49","modified_gmt":"2025-03-03T11:01:49","slug":"sang-de-dragon","status":"publish","type":"page","link":"https:\/\/bien-etreiris.ch\/de\/produktpraesentation\/natuerliche-heilmittel\/premiers-secours\/soigner-les-blessures\/sang-de-dragon\/","title":{"rendered":"SANG DE DRAGON"},"content":{"rendered":"<h2><strong>Sang de dragon \"Sangre de Drago \"<\/strong><\/h2>\n<p>&nbsp;<\/p>\n<p><img loading=\"lazy\" decoding=\"async\" class=\"wp-image-96324 alignleft\" src=\"https:\/\/bien-etreiris.ch\/wp-content\/uploads\/2025\/03\/Sang-du-dragon-1.jpg\" alt=\"\" width=\"318\" height=\"617\" srcset=\"https:\/\/bien-etreiris.ch\/wp-content\/uploads\/2025\/03\/Sang-du-dragon-1.jpg 821w, https:\/\/bien-etreiris.ch\/wp-content\/uploads\/2025\/03\/Sang-du-dragon-1-155x300.jpg 155w, https:\/\/bien-etreiris.ch\/wp-content\/uploads\/2025\/03\/Sang-du-dragon-1-528x1024.jpg 528w, https:\/\/bien-etreiris.ch\/wp-content\/uploads\/2025\/03\/Sang-du-dragon-1-768x1489.jpg 768w, https:\/\/bien-etreiris.ch\/wp-content\/uploads\/2025\/03\/Sang-du-dragon-1-792x1536.jpg 792w\" sizes=\"auto, (max-width: 318px) 100vw, 318px\" \/><\/p>\n<p>&nbsp;<\/p>\n<p>&nbsp;<\/p>\n<p>&nbsp;<\/p>\n<p>&nbsp;<\/p>\n<p>&nbsp;<\/p>\n<p>&nbsp;<\/p>\n<p>&nbsp;<\/p>\n<p>&nbsp;<\/p>\n<p><strong><a href=\"https:\/\/bien-etreiris.ch\/de\/unsere-marken\/graf-von-kronenberg\/\">Graf von Kronenberg<\/a><\/strong><\/p>\n<p>D\u00e9couvrez le pouvoir de cicatrisation naturel de l'Amazonie avec notre Sangre de Drago issu de la cueillette sauvage. Ce pr\u00e9cieux sang de dragon provenant de la for\u00eat amazonienne p\u00e9ruvienne est riche en OPC et autres ingr\u00e9dients actifs. Il est traditionnellement utilis\u00e9 pour le traitement externe des plaies et des inflammations. Notre produit est soigneusement extrait par des autochtones et livr\u00e9 dans un flacon \u00e0 l'abri de la lumi\u00e8re et muni d'un bouchon pipette. D\u00e9couvrez la puissance de la nature !<\/p>\n<p><strong>Contenu : <\/strong>20 ml de Sang de dragon&nbsp; dans un flacon en verre brun avec bouchon pipette. <strong>CHF 15.90<\/strong><\/p>\n<p><strong>Origine :<\/strong> P\u00e9rou<\/p>\n<p>&nbsp;<\/p>\n<p>&nbsp;<\/p>\n<p>&nbsp;<\/p>\n<p>&nbsp;<img loading=\"lazy\" decoding=\"async\" class=\"alignnone  wp-image-96333\" src=\"https:\/\/bien-etreiris.ch\/wp-content\/uploads\/2025\/03\/Sang-du-dragon-image-du-bois-2.jpg\" alt=\"\" width=\"668\" height=\"351\" srcset=\"https:\/\/bien-etreiris.ch\/wp-content\/uploads\/2025\/03\/Sang-du-dragon-image-du-bois-2.jpg 601w, https:\/\/bien-etreiris.ch\/wp-content\/uploads\/2025\/03\/Sang-du-dragon-image-du-bois-2-300x158.jpg 300w\" sizes=\"auto, (max-width: 668px) 100vw, 668px\" \/><\/p>\n<p>&nbsp;<\/p>\n<p>&nbsp;<\/p>\n<h4><strong>Sang de Dragon : le pr\u00e9cieux sang de dragon de l'Amazonie<\/strong><\/h4>\n<p>Sang de Dragon est un produit naturel exceptionnel d'une valeur inestimable provenant des profondeurs de la for\u00eat amazonienne p\u00e9ruvienne. Il est riche en proanthocyanidines oligom\u00e8res (OPC) naturelles, que l'on trouve dans nos r\u00e9gions en concentrations nettement plus faibles dans les p\u00e9pins de raisin (vin rouge). Il contient en outre d'autres substances actives telles que les vitamines B1 et B2, l'\u00e9picat\u00e9chine, les diterp\u00e8nes, les phytost\u00e9rols, les lignanes et des alcalo\u00efdes rares comme la tapines, auxquels des \u00e9tudes scientifiques attribuent de nombreux effets positifs.<\/p>\n<p>La Sang de Dragon est un produit naturel sauvage, obtenu avec le plus grand soin et disponible en quantit\u00e9 tr\u00e8s limit\u00e9e. Des autochtones exp\u00e9riment\u00e9s de la for\u00eat amazonienne extraient le \u00absang du dragon\u00bb d'arbres sauvages. Au P\u00e9rou, c'est la meilleure Sang de Dragon qui se vend le plus cher sur le march\u00e9.<\/p>\n<p>Lorsque vous achetez du Sang de Dragon, il est important de jouer la carte de la s\u00e9curit\u00e9. Ce produit est de la m\u00eame qualit\u00e9 que celui utilis\u00e9 dans le monde entier pour des \u00e9tudes scientifiques. Nous avons achet\u00e9 et test\u00e9 en d\u00e9tail 27 produits diff\u00e9rents \u00e0 base de Sang de Dragon : tous ces produits \u00e9taient dilu\u00e9s et\/ou contamin\u00e9s.<\/p>\n<p>Avec le \u00absang de dragon\u00bb de Graf von Kronenberg, vous pouvez \u00eatre s\u00fbr que cela n'arrivera pas. La s\u00e8ve est extraite pour nous directement par des habitants indig\u00e8nes selon une ancienne tradition et provient uniquement d'une cueillette sauvage durable. Il n'y a pas de commerce interm\u00e9diaire, de sorte que le risque de contamination est pratiquement exclu. Chaque livraison est soigneusement contr\u00f4l\u00e9e afin de garantir une qualit\u00e9 et une puret\u00e9 maximales.<\/p>\n<p>&nbsp;<\/p>\n<p>&nbsp;<\/p>\n<p>&nbsp;<\/p>\n<h4><strong>Utilisation traditionnelle:<\/strong><\/h4>\n<p>Le sang de dragon est traditionnellement utilis\u00e9 pour le traitement externe des plaies et des inflammations.&nbsp;<\/p>\n<p><strong>En usage externe,<\/strong> nous recommandons de l'appliquer 2 \u00e0 4 fois par jour sur les zones concern\u00e9es.&nbsp;<\/p>\n<p><strong>En usage interne<\/strong>, 6 \u00e0 8 gouttes peuvent \u00eatre ajout\u00e9es \u00e0 un verre d'eau chaude et bues (1 \u00e0 3 fois par jour).<\/p>\n<p>&nbsp;<\/p>\n<h4><strong>La liste des composants actifs de Sangre de Drago<\/strong><\/h4>\n<p>Elle contient de l'alpha-calacor\u00e8ne, de l'alpha-copa\u00e8ne, de l'alpha-pin\u00e8ne, de l'alpha-thuy\u00e8ne, du b\u00eata-caryophyll\u00e8ne, du b\u00eata-\u00e9l\u00e9m\u00e8ne, du b\u00eata-pin\u00e8ne, de la b\u00e9ta\u00efne, du bincatriol, du born\u00e9ol, du calam\u00e9n\u00e8ne, du camph\u00e8ne, des cat\u00e9chines, de la c\u00e9drucine, de l'acide crole quinique, du cuparoph\u00e9nol, du D-limon\u00e8ne, du daucosterol, dihydrobenzofuranne, dim\u00e9thylc\u00e9drusine, dipent\u00e8ne, eug\u00e9nol, euparoph\u00e9nol, gallocat\u00e9chine, gamma-terpin\u00e8ne, gamma-terpin\u00e9ol, acide hardwickiique, isoboldine, korberine A &amp; B, lignine, linalol, magnolflorine, m\u00e9thylthymol, myrc\u00e8ne, norisoboldine, p-Cymen, proanthocyanidines, procyanidines, r\u00e9sine, tanin, taspine, terpin\u00e9ol-4 et vanilline.<\/p>\n<p>&nbsp;<\/p>\n<h4><strong>Remarques importantes<\/strong><\/h4>\n<p>Avant d'utiliser le produit, veuillez bien le secouer. Il est recommand\u00e9 de bien rincer le bouchon de la pipette apr\u00e8s utilisation.<\/p>\n<p>Afin de garantir la conservation du Sangre de Drago, veuillez le conserver au r\u00e9frig\u00e9rateur. Le produit se conserve au moins 2 ans.<\/p>\n<p>Veuillez noter que le jus rouge peut tacher les tissus de mani\u00e8re permanente. Faites donc attention \u00e0 vos v\u00eatements lors de l'utilisation et \u00e9vitez tout contact avec des surfaces sensibles.<\/p>\n<p>La mention l\u00e9gale obligatoire indique que toutes les utilisations mentionn\u00e9es sont bas\u00e9es sur des exp\u00e9riences s\u00e9culaires des peuples indig\u00e8nes du P\u00e9rou et ne sont pas encore reconnues par la m\u00e9decine conventionnelle.<\/p>\n<p>L'utilisation de Sangre de Drago ne remplace pas une visite chez le m\u00e9decin g\u00e9n\u00e9raliste. En cas de troubles aigus, il est important de consulter un m\u00e9decin de votre choix.<\/p>\n<p>Conservez le produit dans un endroit frais, sec et \u00e0 l'abri de la lumi\u00e8re, hors de port\u00e9e des enfants. Ne d\u00e9passez pas la dose journali\u00e8re recommand\u00e9e. Les compl\u00e9ments alimentaires ne doivent pas \u00eatre utilis\u00e9s comme substitut d'une alimentation \u00e9quilibr\u00e9e et vari\u00e9e.<\/p>\n<p>&nbsp;<\/p>\n<h4><strong>Comment le sang de dragon aide-t-il \u00e0 la cicatrisation des plaies ?<\/strong><\/h4>\n<p>Le sang de dragon est connu pour ses excellentes propri\u00e9t\u00e9s qui acc\u00e9l\u00e8rent la cicatrisation des plaies. Lorsque tu appliques du sang de dragon sur la blessure de la peau, il fait en sorte que la blessure se contracte, que le saignement s'arr\u00eate et qu'un effet anti-inflammatoire se produise pour une gu\u00e9rison plus rapide de la blessure. La r\u00e9sine s\u00e8che tr\u00e8s rapidement et forme en m\u00eame temps une barri\u00e8re naturelle contre les bact\u00e9ries, les champignons et la salet\u00e9. Ainsi, ta plaie gu\u00e9rit plus rapidement, tandis que les vieux tissus sont \u00e9limin\u00e9s et que le processus de formation de nouvelles cellules de la peau et des muqueuses s'acc\u00e9l\u00e8re.<\/p>\n","protected":false},"excerpt":{"rendered":"<p>Sang de dragon \"Sangre de Drago \" &nbsp; &nbsp; &nbsp; &nbsp; &nbsp; &nbsp; &nbsp; &nbsp; &nbsp; Graf von Kronenberg D\u00e9couvrez le pouvoir de cicatrisation naturel de l'Amazonie avec notre Sangre de Drago issu de la cueillette sauvage. Ce pr\u00e9cieux sang de dragon provenant de la for\u00eat amazonienne p\u00e9ruvienne est riche en OPC et autres ingr\u00e9dients actifs. Il est traditionnellement utilis\u00e9&nbsp;<a href=\"https:\/\/bien-etreiris.ch\/de\/produktpraesentation\/natuerliche-heilmittel\/premiers-secours\/soigner-les-blessures\/sang-de-dragon\/\" class=\"read-more\">Weiter lesen<\/a><\/p>\n","protected":false},"author":1,"featured_media":96329,"parent":55185,"menu_order":135,"comment_status":"closed","ping_status":"closed","template":"page-with-child.php","meta":{"_acf_changed":false,"ngg_post_thumbnail":0,"footnotes":""},"class_list":["post-96339","page","type-page","status-publish","has-post-thumbnail","hentry"],"acf":[],"yoast_head":"<!-- This site is optimized with the Yoast SEO plugin v27.5 - https:\/\/yoast.com\/product\/yoast-seo-wordpress\/ -->\n<title>SANG DE DRAGON - WOHLBEFINDEN<\/title>\n<meta name=\"robots\" content=\"index, follow, max-snippet:-1, max-image-preview:large, max-video-preview:-1\" \/>\n<link rel=\"canonical\" href=\"https:\/\/bien-etreiris.ch\/de\/produktpraesentation\/natuerliche-heilmittel\/premiers-secours\/soigner-les-blessures\/sang-de-dragon\/\" \/>\n<meta property=\"og:locale\" content=\"de_DE\" \/>\n<meta property=\"og:type\" content=\"article\" \/>\n<meta property=\"og:title\" content=\"SANG DE DRAGON - WOHLBEFINDEN\" \/>\n<meta property=\"og:description\" content=\"Sang de dragon &quot;Sangre de Drago &quot; &nbsp; &nbsp; &nbsp; &nbsp; &nbsp; &nbsp; &nbsp; &nbsp; &nbsp; Graf von Kronenberg D\u00e9couvrez le pouvoir de cicatrisation naturel de l&#039;Amazonie avec notre Sangre de Drago issu de la cueillette sauvage. Ce pr\u00e9cieux sang de dragon provenant de la for\u00eat amazonienne p\u00e9ruvienne est riche en OPC et autres ingr\u00e9dients actifs. Il est traditionnellement utilis\u00e9&nbsp;Weiter lesen\" \/>\n<meta property=\"og:url\" content=\"https:\/\/bien-etreiris.ch\/de\/produktpraesentation\/natuerliche-heilmittel\/premiers-secours\/soigner-les-blessures\/sang-de-dragon\/\" \/>\n<meta property=\"og:site_name\" content=\"WOHLBEFINDEN\" \/>\n<meta property=\"article:publisher\" content=\"https:\/\/www.facebook.com\/bienetreiris\/\" \/>\n<meta property=\"article:modified_time\" content=\"2025-03-03T11:01:49+00:00\" \/>\n<meta property=\"og:image\" content=\"https:\/\/bien-etreiris.ch\/wp-content\/uploads\/2025\/03\/acceuil-Sang-du-dragon-1.jpg\" \/>\n\t<meta property=\"og:image:width\" content=\"500\" \/>\n\t<meta property=\"og:image:height\" content=\"333\" \/>\n\t<meta property=\"og:image:type\" content=\"image\/jpeg\" \/>\n<meta name=\"twitter:label1\" content=\"Gesch\u00e4tzte Lesezeit\" \/>\n\t<meta name=\"twitter:data1\" content=\"5\u00a0Minuten\" \/>\n<script type=\"application\/ld+json\" class=\"yoast-schema-graph\">{\"@context\":\"https:\\\/\\\/schema.org\",\"@graph\":[{\"@type\":\"WebPage\",\"@id\":\"https:\\\/\\\/bien-etreiris.ch\\\/de\\\/produktpraesentation\\\/natuerliche-heilmittel\\\/premiers-secours\\\/soigner-les-blessures\\\/sang-de-dragon\\\/\",\"url\":\"https:\\\/\\\/bien-etreiris.ch\\\/de\\\/produktpraesentation\\\/natuerliche-heilmittel\\\/premiers-secours\\\/soigner-les-blessures\\\/sang-de-dragon\\\/\",\"name\":\"SANG DE DRAGON - WOHLBEFINDEN\",\"isPartOf\":{\"@id\":\"https:\\\/\\\/bien-etreiris.ch\\\/de\\\/#website\"},\"primaryImageOfPage\":{\"@id\":\"https:\\\/\\\/bien-etreiris.ch\\\/de\\\/produktpraesentation\\\/natuerliche-heilmittel\\\/premiers-secours\\\/soigner-les-blessures\\\/sang-de-dragon\\\/#primaryimage\"},\"image\":{\"@id\":\"https:\\\/\\\/bien-etreiris.ch\\\/de\\\/produktpraesentation\\\/natuerliche-heilmittel\\\/premiers-secours\\\/soigner-les-blessures\\\/sang-de-dragon\\\/#primaryimage\"},\"thumbnailUrl\":\"https:\\\/\\\/bien-etreiris.ch\\\/wp-content\\\/uploads\\\/2025\\\/03\\\/acceuil-Sang-du-dragon-1.jpg\",\"datePublished\":\"2025-03-03T10:59:50+00:00\",\"dateModified\":\"2025-03-03T11:01:49+00:00\",\"breadcrumb\":{\"@id\":\"https:\\\/\\\/bien-etreiris.ch\\\/de\\\/produktpraesentation\\\/natuerliche-heilmittel\\\/premiers-secours\\\/soigner-les-blessures\\\/sang-de-dragon\\\/#breadcrumb\"},\"inLanguage\":\"de\",\"potentialAction\":[{\"@type\":\"ReadAction\",\"target\":[\"https:\\\/\\\/bien-etreiris.ch\\\/de\\\/produktpraesentation\\\/natuerliche-heilmittel\\\/premiers-secours\\\/soigner-les-blessures\\\/sang-de-dragon\\\/\"]}]},{\"@type\":\"ImageObject\",\"inLanguage\":\"de\",\"@id\":\"https:\\\/\\\/bien-etreiris.ch\\\/de\\\/produktpraesentation\\\/natuerliche-heilmittel\\\/premiers-secours\\\/soigner-les-blessures\\\/sang-de-dragon\\\/#primaryimage\",\"url\":\"https:\\\/\\\/bien-etreiris.ch\\\/wp-content\\\/uploads\\\/2025\\\/03\\\/acceuil-Sang-du-dragon-1.jpg\",\"contentUrl\":\"https:\\\/\\\/bien-etreiris.ch\\\/wp-content\\\/uploads\\\/2025\\\/03\\\/acceuil-Sang-du-dragon-1.jpg\",\"width\":500,\"height\":333},{\"@type\":\"BreadcrumbList\",\"@id\":\"https:\\\/\\\/bien-etreiris.ch\\\/de\\\/produktpraesentation\\\/natuerliche-heilmittel\\\/premiers-secours\\\/soigner-les-blessures\\\/sang-de-dragon\\\/#breadcrumb\",\"itemListElement\":[{\"@type\":\"ListItem\",\"position\":1,\"name\":\"Home\",\"item\":\"https:\\\/\\\/bien-etreiris.ch\\\/de\\\/\"},{\"@type\":\"ListItem\",\"position\":2,\"name\":\"PRODUKTPR\u00c4SENTATION\",\"item\":\"https:\\\/\\\/bien-etreiris.ch\\\/de\\\/produktpraesentation\\\/\"},{\"@type\":\"ListItem\",\"position\":3,\"name\":\"NAT\u00dcRLICHE HEILMITTEL\",\"item\":\"https:\\\/\\\/bien-etreiris.ch\\\/de\\\/produktpraesentation\\\/natuerliche-heilmittel\\\/\"},{\"@type\":\"ListItem\",\"position\":4,\"name\":\"ERSTE HILFE\",\"item\":\"https:\\\/\\\/bien-etreiris.ch\\\/de\\\/produktpraesentation\\\/natuerliche-heilmittel\\\/premiers-secours\\\/\"},{\"@type\":\"ListItem\",\"position\":5,\"name\":\"SOIGNER LES BLESSURES\",\"item\":\"https:\\\/\\\/bien-etreiris.ch\\\/de\\\/produktpraesentation\\\/natuerliche-heilmittel\\\/premiers-secours\\\/soigner-les-blessures\\\/\"},{\"@type\":\"ListItem\",\"position\":6,\"name\":\"SANG DE DRAGON\"}]},{\"@type\":\"WebSite\",\"@id\":\"https:\\\/\\\/bien-etreiris.ch\\\/de\\\/#website\",\"url\":\"https:\\\/\\\/bien-etreiris.ch\\\/de\\\/\",\"name\":\"Bien-\u00eatre Iris\",\"description\":\"IHRE Gesundheit ist uns wichtig\",\"potentialAction\":[{\"@type\":\"SearchAction\",\"target\":{\"@type\":\"EntryPoint\",\"urlTemplate\":\"https:\\\/\\\/bien-etreiris.ch\\\/de\\\/?s={search_term_string}\"},\"query-input\":{\"@type\":\"PropertyValueSpecification\",\"valueRequired\":true,\"valueName\":\"search_term_string\"}}],\"inLanguage\":\"de\"}]}<\/script>\n<!-- \/ Yoast SEO plugin. -->","yoast_head_json":{"title":"SANG DE DRAGON - WOHLBEFINDEN","robots":{"index":"index","follow":"follow","max-snippet":"max-snippet:-1","max-image-preview":"max-image-preview:large","max-video-preview":"max-video-preview:-1"},"canonical":"https:\/\/bien-etreiris.ch\/de\/produktpraesentation\/natuerliche-heilmittel\/premiers-secours\/soigner-les-blessures\/sang-de-dragon\/","og_locale":"de_DE","og_type":"article","og_title":"SANG DE DRAGON - WOHLBEFINDEN","og_description":"Sang de dragon \"Sangre de Drago \" &nbsp; &nbsp; &nbsp; &nbsp; &nbsp; &nbsp; &nbsp; &nbsp; &nbsp; Graf von Kronenberg D\u00e9couvrez le pouvoir de cicatrisation naturel de l'Amazonie avec notre Sangre de Drago issu de la cueillette sauvage. Ce pr\u00e9cieux sang de dragon provenant de la for\u00eat amazonienne p\u00e9ruvienne est riche en OPC et autres ingr\u00e9dients actifs. Il est traditionnellement utilis\u00e9&nbsp;Weiter lesen","og_url":"https:\/\/bien-etreiris.ch\/de\/produktpraesentation\/natuerliche-heilmittel\/premiers-secours\/soigner-les-blessures\/sang-de-dragon\/","og_site_name":"WOHLBEFINDEN","article_publisher":"https:\/\/www.facebook.com\/bienetreiris\/","article_modified_time":"2025-03-03T11:01:49+00:00","og_image":[{"width":500,"height":333,"url":"https:\/\/bien-etreiris.ch\/wp-content\/uploads\/2025\/03\/acceuil-Sang-du-dragon-1.jpg","type":"image\/jpeg"}],"twitter_misc":{"Gesch\u00e4tzte Lesezeit":"5\u00a0Minuten"},"schema":{"@context":"https:\/\/schema.org","@graph":[{"@type":"WebPage","@id":"https:\/\/bien-etreiris.ch\/de\/produktpraesentation\/natuerliche-heilmittel\/premiers-secours\/soigner-les-blessures\/sang-de-dragon\/","url":"https:\/\/bien-etreiris.ch\/de\/produktpraesentation\/natuerliche-heilmittel\/premiers-secours\/soigner-les-blessures\/sang-de-dragon\/","name":"SANG DE DRAGON - WOHLBEFINDEN","isPartOf":{"@id":"https:\/\/bien-etreiris.ch\/de\/#website"},"primaryImageOfPage":{"@id":"https:\/\/bien-etreiris.ch\/de\/produktpraesentation\/natuerliche-heilmittel\/premiers-secours\/soigner-les-blessures\/sang-de-dragon\/#primaryimage"},"image":{"@id":"https:\/\/bien-etreiris.ch\/de\/produktpraesentation\/natuerliche-heilmittel\/premiers-secours\/soigner-les-blessures\/sang-de-dragon\/#primaryimage"},"thumbnailUrl":"https:\/\/bien-etreiris.ch\/wp-content\/uploads\/2025\/03\/acceuil-Sang-du-dragon-1.jpg","datePublished":"2025-03-03T10:59:50+00:00","dateModified":"2025-03-03T11:01:49+00:00","breadcrumb":{"@id":"https:\/\/bien-etreiris.ch\/de\/produktpraesentation\/natuerliche-heilmittel\/premiers-secours\/soigner-les-blessures\/sang-de-dragon\/#breadcrumb"},"inLanguage":"de","potentialAction":[{"@type":"ReadAction","target":["https:\/\/bien-etreiris.ch\/de\/produktpraesentation\/natuerliche-heilmittel\/premiers-secours\/soigner-les-blessures\/sang-de-dragon\/"]}]},{"@type":"ImageObject","inLanguage":"de","@id":"https:\/\/bien-etreiris.ch\/de\/produktpraesentation\/natuerliche-heilmittel\/premiers-secours\/soigner-les-blessures\/sang-de-dragon\/#primaryimage","url":"https:\/\/bien-etreiris.ch\/wp-content\/uploads\/2025\/03\/acceuil-Sang-du-dragon-1.jpg","contentUrl":"https:\/\/bien-etreiris.ch\/wp-content\/uploads\/2025\/03\/acceuil-Sang-du-dragon-1.jpg","width":500,"height":333},{"@type":"BreadcrumbList","@id":"https:\/\/bien-etreiris.ch\/de\/produktpraesentation\/natuerliche-heilmittel\/premiers-secours\/soigner-les-blessures\/sang-de-dragon\/#breadcrumb","itemListElement":[{"@type":"ListItem","position":1,"name":"Home","item":"https:\/\/bien-etreiris.ch\/de\/"},{"@type":"ListItem","position":2,"name":"PRODUKTPR\u00c4SENTATION","item":"https:\/\/bien-etreiris.ch\/de\/produktpraesentation\/"},{"@type":"ListItem","position":3,"name":"NAT\u00dcRLICHE HEILMITTEL","item":"https:\/\/bien-etreiris.ch\/de\/produktpraesentation\/natuerliche-heilmittel\/"},{"@type":"ListItem","position":4,"name":"ERSTE HILFE","item":"https:\/\/bien-etreiris.ch\/de\/produktpraesentation\/natuerliche-heilmittel\/premiers-secours\/"},{"@type":"ListItem","position":5,"name":"SOIGNER LES BLESSURES","item":"https:\/\/bien-etreiris.ch\/de\/produktpraesentation\/natuerliche-heilmittel\/premiers-secours\/soigner-les-blessures\/"},{"@type":"ListItem","position":6,"name":"SANG DE DRAGON"}]},{"@type":"WebSite","@id":"https:\/\/bien-etreiris.ch\/de\/#website","url":"https:\/\/bien-etreiris.ch\/de\/","name":"Bien-\u00eatre Iris","description":"IHRE Gesundheit ist uns wichtig","potentialAction":[{"@type":"SearchAction","target":{"@type":"EntryPoint","urlTemplate":"https:\/\/bien-etreiris.ch\/de\/?s={search_term_string}"},"query-input":{"@type":"PropertyValueSpecification","valueRequired":true,"valueName":"search_term_string"}}],"inLanguage":"de"}]}},"_links":{"self":[{"href":"https:\/\/bien-etreiris.ch\/de\/wp-json\/wp\/v2\/pages\/96339","targetHints":{"allow":["GET"]}}],"collection":[{"href":"https:\/\/bien-etreiris.ch\/de\/wp-json\/wp\/v2\/pages"}],"about":[{"href":"https:\/\/bien-etreiris.ch\/de\/wp-json\/wp\/v2\/types\/page"}],"author":[{"embeddable":true,"href":"https:\/\/bien-etreiris.ch\/de\/wp-json\/wp\/v2\/users\/1"}],"replies":[{"embeddable":true,"href":"https:\/\/bien-etreiris.ch\/de\/wp-json\/wp\/v2\/comments?post=96339"}],"version-history":[{"count":1,"href":"https:\/\/bien-etreiris.ch\/de\/wp-json\/wp\/v2\/pages\/96339\/revisions"}],"predecessor-version":[{"id":96342,"href":"https:\/\/bien-etreiris.ch\/de\/wp-json\/wp\/v2\/pages\/96339\/revisions\/96342"}],"up":[{"embeddable":true,"href":"https:\/\/bien-etreiris.ch\/de\/wp-json\/wp\/v2\/pages\/55185"}],"wp:featuredmedia":[{"embeddable":true,"href":"https:\/\/bien-etreiris.ch\/de\/wp-json\/wp\/v2\/media\/96329"}],"wp:attachment":[{"href":"https:\/\/bien-etreiris.ch\/de\/wp-json\/wp\/v2\/media?parent=96339"}],"curies":[{"name":"wp","href":"https:\/\/api.w.org\/{rel}","templated":true}]}}