{"id":96291,"date":"2023-07-08T16:17:35","date_gmt":"2023-07-08T14:17:35","guid":{"rendered":"https:\/\/bien-etreiris.ch\/produktpraesentation\/zoom-die-welt-der-tiere\/gesundheit-der-tiere\/phytotherapie\/kraueter-fuer-tiere\/herbes-pour-chiens\/prele-des-champs\/"},"modified":"2025-02-23T09:43:50","modified_gmt":"2025-02-23T07:43:50","slug":"prele-des-champs","status":"publish","type":"page","link":"https:\/\/bien-etreiris.ch\/de\/produktpraesentation\/zoom-die-welt-der-tiere\/gesundheit-der-tiere\/phytotherapie\/kraueter-fuer-tiere\/herbes-pour-chiens\/prele-des-champs\/","title":{"rendered":"PR\u00caLE DES CHAMPS"},"content":{"rendered":"<h2>La pr\u00eale des champs<\/h2>\n<p><img loading=\"lazy\" decoding=\"async\" class=\"wp-image-96287 aligncenter\" src=\"https:\/\/bien-etreiris.ch\/wp-content\/uploads\/2025\/02\/interieur-1.png\" alt=\"\" width=\"603\" height=\"603\" srcset=\"https:\/\/bien-etreiris.ch\/wp-content\/uploads\/2025\/02\/interieur-1.png 800w, https:\/\/bien-etreiris.ch\/wp-content\/uploads\/2025\/02\/interieur-1-300x300.png 300w, https:\/\/bien-etreiris.ch\/wp-content\/uploads\/2025\/02\/interieur-1-150x150.png 150w, https:\/\/bien-etreiris.ch\/wp-content\/uploads\/2025\/02\/interieur-1-768x768.png 768w\" sizes=\"auto, (max-width: 603px) 100vw, 603px\" \/><\/p>\n<p>&nbsp;<\/p>\n<h4 style=\"text-align: center;\">Pr\u00eale de champs BIO coup\u00e9e 100 g CHF 4.80<\/h4>\n<p>&nbsp;<\/p>\n<p>&nbsp;<\/p>\n<p>Un alli\u00e9 pour la peau, les ligaments, les tendons &amp; les articulations<\/p>\n<p>La pr\u00eale des champs est le tr\u00e9sor de l'acide silicique parmi les herbes. Cet oligo-\u00e9l\u00e9ment, le silicium, est surtout pr\u00e9sent dans les tissus conjonctifs des hommes et des animaux. En tant que nutriment, l'acide silicique renforce le m\u00e9tabolisme du tissu conjonctif de l'organisme. Elle renforce la fonction physiologique du cartilage, des tendons, des ligaments, de la peau et de la corne ainsi que des poumons, des bronches et des os - c'est pourquoi vous pouvez par exemple utiliser la pr\u00eale des champs \u00e0 merveille si vous souhaitez renforcer de mani\u00e8re nutritive l'appareil locomoteur ou \u00e9galement la peau de votre chien.<\/p>\n<p><strong>&nbsp;<\/strong><\/p>\n<h4><strong>Soins de la peau sur place avec la pr\u00eale des champs : voici comment proc\u00e9der<\/strong><\/h4>\n<p>Si la peau de votre chien a besoin d'un soin rapide sur place, vous pouvez utiliser une d\u00e9coction de pr\u00eale des champs. Il s'agit d'une forme particuli\u00e8re d'extrait \u00e0 froid - un peu compliqu\u00e9, mais qui en vaut la peine ! Un volume de pr\u00eale des champs est mis \u00e0 mac\u00e9rer dans dix volumes d'eau froide pendant une nuit (environ 12 heures). Chauffer ensuite le m\u00e9lange et le laisser mijoter pendant une demi-heure. La pr\u00e9cieuse silice passe ainsi dans l'eau. Laisser refroidir et filtrer. Vous pouvez ensuite appliquer l'eau de silice sur place, par exemple avec un vaporisateur ou un chiffon.<\/p>\n<p>La pr\u00eale des champs pour la vessie, les reins &amp; les voies urinaires<\/p>\n<p>La pr\u00eale des champs est \u00e9galement une herbe pour la vessie et les reins : gr\u00e2ce \u00e0 ses composants, elle renforce la fonction naturelle de rin\u00e7age et d'autonettoyage des voies urinaires. Attention : si vous donnez de la pr\u00eale des champs \u00e0 votre chien, vous devez donc toujours mettre \u00e0 sa disposition suffisamment d'eau potable !<\/p>\n<p>&nbsp;<\/p>\n<h4><strong>La pr\u00eale des champs dans la di\u00e9t\u00e9tique de la MTC<\/strong><\/h4>\n<p>Dans la di\u00e9t\u00e9tique de la MTC, la pr\u00eale des champs est un aliment frais qui nourrit et humidifie le yin. Elle est proche des organes que sont les reins, la vessie, les poumons et les intestins.<\/p>\n<p>Attention au risque de confusion ! C'est pourquoi il ne faut pas cueillir soi-m\u00eame la pr\u00eale des champs.<\/p>\n<p>L'apparence de la pr\u00eale des champs est tr\u00e8s similaire \u00e0 celle de la pr\u00eale des marais, hautement toxique. Pour \u00e9viter toute confusion, ne cueillez jamais vous-m\u00eame la pr\u00eale des champs !<\/p>\n<p>&nbsp;<\/p>\n<h4><strong>La pr\u00eale des champs contient ces substances nutritives : <\/strong><\/h4>\n<ul style=\"list-style-type: disc;\">\n<li>Silice<\/li>\n<li>Potassium<\/li>\n<li>Calcium<\/li>\n<li>Fer<\/li>\n<li>Mangan\u00e8se<\/li>\n<li>Flavono\u00efdes<\/li>\n<li>Magn\u00e9sium<\/li>\n<\/ul>\n<p>&nbsp;<\/p>\n<p>... d'ailleurs :<\/p>\n<p>&nbsp;<\/p>\n<p>La pr\u00eale des champs est pratiquement un fossile vivant. Ses anc\u00eatres formaient d'immenses for\u00eats sur la Terre \u00e0 l'\u00e9poque du Permien. Avec ses pousses noueuses et ses \u00e9tranges verticilles de feuilles, elle ressemble encore aujourd'hui \u00e0 un petit arbre ancestral.<\/p>\n<p>Dans la mythologie grecque, il appara\u00eet d\u00e8s le d\u00e9but de l'histoire de l'humanit\u00e9 : Prom\u00e9th\u00e9e aurait enflamm\u00e9 une pr\u00eale pour voler le feu divin et l'apporter aux hommes comme un don interdit.<\/p>\n<p>Le nom alternatif \"herbe d'\u00e9tain\" vient du fait que la pr\u00eale des champs \u00e9tait autrefois \u00e9galement utilis\u00e9e pour nettoyer les r\u00e9cipients en \u00e9tain et en cuivre.<\/p>\n<p>&nbsp;<\/p>\n<h4><strong>Utilisation<\/strong><\/h4>\n<p>Portion<\/p>\n<ul style=\"list-style-type: disc;\">\n<li>Petit chien : 0,5 - 1 g par jour \u00e0 m\u00e9langer \u00e0 la nourriture.<\/li>\n<li>Grand chien : 1 - 2 g par jour \u00e0 m\u00e9langer \u00e0 la nourriture.<\/li>\n<li>Dur\u00e9e maximale de l'alimentation : 6 semaines<\/li>\n<\/ul>\n<p>&nbsp;<\/p>\n<h2><a href=\"https:\/\/bien-etreiris.ch\/de\/produktpraesentation\/aromatherapie\/selbst-herstellen\/material-zur-herstellung\/utensilien\/balances\/\" target=\"_blank\" rel=\"noopener\"><em><span style=\"color: #ff9900;\">Pour une balance rapide visit\u00e9 notre vente balance<\/span><\/em><\/a><\/h2>\n","protected":false},"excerpt":{"rendered":"<p>La pr\u00eale des champs &nbsp; Pr\u00eale de champs BIO coup\u00e9e 100 g CHF 4.80 &nbsp; &nbsp; Un alli\u00e9 pour la peau, les ligaments, les tendons &amp; les articulations La pr\u00eale des champs est le tr\u00e9sor de l'acide silicique parmi les herbes. Cet oligo-\u00e9l\u00e9ment, le silicium, est surtout pr\u00e9sent dans les tissus conjonctifs des hommes et des animaux. En tant que&nbsp;<a href=\"https:\/\/bien-etreiris.ch\/de\/produktpraesentation\/zoom-die-welt-der-tiere\/gesundheit-der-tiere\/phytotherapie\/kraueter-fuer-tiere\/herbes-pour-chiens\/prele-des-champs\/\" class=\"read-more\">Weiter lesen<\/a><\/p>\n","protected":false},"author":1,"featured_media":34600,"parent":71576,"menu_order":3382,"comment_status":"closed","ping_status":"closed","template":"page-with-child.php","meta":{"_acf_changed":false,"ngg_post_thumbnail":0,"footnotes":""},"class_list":["post-96291","page","type-page","status-publish","has-post-thumbnail","hentry"],"acf":[],"yoast_head":"<!-- This site is optimized with the Yoast SEO plugin v27.5 - https:\/\/yoast.com\/product\/yoast-seo-wordpress\/ -->\n<title>PR\u00caLE DES CHAMPS - WOHLBEFINDEN<\/title>\n<meta name=\"robots\" content=\"index, follow, max-snippet:-1, max-image-preview:large, max-video-preview:-1\" \/>\n<link rel=\"canonical\" href=\"https:\/\/bien-etreiris.ch\/de\/produktpraesentation\/zoom-die-welt-der-tiere\/gesundheit-der-tiere\/phytotherapie\/kraueter-fuer-tiere\/herbes-pour-chiens\/prele-des-champs\/\" \/>\n<meta property=\"og:locale\" content=\"de_DE\" \/>\n<meta property=\"og:type\" content=\"article\" \/>\n<meta property=\"og:title\" content=\"PR\u00caLE DES CHAMPS - WOHLBEFINDEN\" \/>\n<meta property=\"og:description\" content=\"La pr\u00eale des champs &nbsp; Pr\u00eale de champs BIO coup\u00e9e 100 g CHF 4.80 &nbsp; &nbsp; Un alli\u00e9 pour la peau, les ligaments, les tendons &amp; les articulations La pr\u00eale des champs est le tr\u00e9sor de l&#039;acide silicique parmi les herbes. Cet oligo-\u00e9l\u00e9ment, le silicium, est surtout pr\u00e9sent dans les tissus conjonctifs des hommes et des animaux. En tant que&nbsp;Weiter lesen\" \/>\n<meta property=\"og:url\" content=\"https:\/\/bien-etreiris.ch\/de\/produktpraesentation\/zoom-die-welt-der-tiere\/gesundheit-der-tiere\/phytotherapie\/kraueter-fuer-tiere\/herbes-pour-chiens\/prele-des-champs\/\" \/>\n<meta property=\"og:site_name\" content=\"WOHLBEFINDEN\" \/>\n<meta property=\"article:publisher\" content=\"https:\/\/www.facebook.com\/bienetreiris\/\" \/>\n<meta property=\"article:modified_time\" content=\"2025-02-23T07:43:50+00:00\" \/>\n<meta property=\"og:image\" content=\"https:\/\/bien-etreiris.ch\/wp-content\/uploads\/2020\/11\/Photo-des-pr\u00eale-des-champs.png\" \/>\n\t<meta property=\"og:image:width\" content=\"640\" \/>\n\t<meta property=\"og:image:height\" content=\"413\" \/>\n\t<meta property=\"og:image:type\" content=\"image\/png\" \/>\n<meta name=\"twitter:label1\" content=\"Gesch\u00e4tzte Lesezeit\" \/>\n\t<meta name=\"twitter:data1\" content=\"3\u00a0Minuten\" \/>\n<script type=\"application\/ld+json\" class=\"yoast-schema-graph\">{\"@context\":\"https:\\\/\\\/schema.org\",\"@graph\":[{\"@type\":\"WebPage\",\"@id\":\"https:\\\/\\\/bien-etreiris.ch\\\/de\\\/produktpraesentation\\\/zoom-die-welt-der-tiere\\\/gesundheit-der-tiere\\\/phytotherapie\\\/kraueter-fuer-tiere\\\/herbes-pour-chiens\\\/prele-des-champs\\\/\",\"url\":\"https:\\\/\\\/bien-etreiris.ch\\\/de\\\/produktpraesentation\\\/zoom-die-welt-der-tiere\\\/gesundheit-der-tiere\\\/phytotherapie\\\/kraueter-fuer-tiere\\\/herbes-pour-chiens\\\/prele-des-champs\\\/\",\"name\":\"PR\u00caLE DES CHAMPS - WOHLBEFINDEN\",\"isPartOf\":{\"@id\":\"https:\\\/\\\/bien-etreiris.ch\\\/de\\\/#website\"},\"primaryImageOfPage\":{\"@id\":\"https:\\\/\\\/bien-etreiris.ch\\\/de\\\/produktpraesentation\\\/zoom-die-welt-der-tiere\\\/gesundheit-der-tiere\\\/phytotherapie\\\/kraueter-fuer-tiere\\\/herbes-pour-chiens\\\/prele-des-champs\\\/#primaryimage\"},\"image\":{\"@id\":\"https:\\\/\\\/bien-etreiris.ch\\\/de\\\/produktpraesentation\\\/zoom-die-welt-der-tiere\\\/gesundheit-der-tiere\\\/phytotherapie\\\/kraueter-fuer-tiere\\\/herbes-pour-chiens\\\/prele-des-champs\\\/#primaryimage\"},\"thumbnailUrl\":\"https:\\\/\\\/bien-etreiris.ch\\\/wp-content\\\/uploads\\\/2020\\\/11\\\/Photo-des-pr\u00eale-des-champs.png\",\"datePublished\":\"2023-07-08T14:17:35+00:00\",\"dateModified\":\"2025-02-23T07:43:50+00:00\",\"breadcrumb\":{\"@id\":\"https:\\\/\\\/bien-etreiris.ch\\\/de\\\/produktpraesentation\\\/zoom-die-welt-der-tiere\\\/gesundheit-der-tiere\\\/phytotherapie\\\/kraueter-fuer-tiere\\\/herbes-pour-chiens\\\/prele-des-champs\\\/#breadcrumb\"},\"inLanguage\":\"de\",\"potentialAction\":[{\"@type\":\"ReadAction\",\"target\":[\"https:\\\/\\\/bien-etreiris.ch\\\/de\\\/produktpraesentation\\\/zoom-die-welt-der-tiere\\\/gesundheit-der-tiere\\\/phytotherapie\\\/kraueter-fuer-tiere\\\/herbes-pour-chiens\\\/prele-des-champs\\\/\"]}]},{\"@type\":\"ImageObject\",\"inLanguage\":\"de\",\"@id\":\"https:\\\/\\\/bien-etreiris.ch\\\/de\\\/produktpraesentation\\\/zoom-die-welt-der-tiere\\\/gesundheit-der-tiere\\\/phytotherapie\\\/kraueter-fuer-tiere\\\/herbes-pour-chiens\\\/prele-des-champs\\\/#primaryimage\",\"url\":\"https:\\\/\\\/bien-etreiris.ch\\\/wp-content\\\/uploads\\\/2020\\\/11\\\/Photo-des-pr\u00eale-des-champs.png\",\"contentUrl\":\"https:\\\/\\\/bien-etreiris.ch\\\/wp-content\\\/uploads\\\/2020\\\/11\\\/Photo-des-pr\u00eale-des-champs.png\",\"width\":640,\"height\":413},{\"@type\":\"BreadcrumbList\",\"@id\":\"https:\\\/\\\/bien-etreiris.ch\\\/de\\\/produktpraesentation\\\/zoom-die-welt-der-tiere\\\/gesundheit-der-tiere\\\/phytotherapie\\\/kraueter-fuer-tiere\\\/herbes-pour-chiens\\\/prele-des-champs\\\/#breadcrumb\",\"itemListElement\":[{\"@type\":\"ListItem\",\"position\":1,\"name\":\"Home\",\"item\":\"https:\\\/\\\/bien-etreiris.ch\\\/de\\\/\"},{\"@type\":\"ListItem\",\"position\":2,\"name\":\"PRODUKTPR\u00c4SENTATION\",\"item\":\"https:\\\/\\\/bien-etreiris.ch\\\/de\\\/produktpraesentation\\\/\"},{\"@type\":\"ListItem\",\"position\":3,\"name\":\"ZOOM \u2013 DIE WELT DER TIERE\",\"item\":\"https:\\\/\\\/bien-etreiris.ch\\\/de\\\/produktpraesentation\\\/zoom-die-welt-der-tiere\\\/\"},{\"@type\":\"ListItem\",\"position\":4,\"name\":\"GESUNDHEIT DER TIERE\",\"item\":\"https:\\\/\\\/bien-etreiris.ch\\\/de\\\/produktpraesentation\\\/zoom-die-welt-der-tiere\\\/gesundheit-der-tiere\\\/\"},{\"@type\":\"ListItem\",\"position\":5,\"name\":\"PHYTOTHERAPIE\",\"item\":\"https:\\\/\\\/bien-etreiris.ch\\\/de\\\/produktpraesentation\\\/zoom-die-welt-der-tiere\\\/gesundheit-der-tiere\\\/phytotherapie\\\/\"},{\"@type\":\"ListItem\",\"position\":6,\"name\":\"KR\u00c4UTER F\u00dcR TIERE\",\"item\":\"https:\\\/\\\/bien-etreiris.ch\\\/de\\\/produktpraesentation\\\/zoom-die-welt-der-tiere\\\/gesundheit-der-tiere\\\/kraueter-fuer-tiere\\\/\"},{\"@type\":\"ListItem\",\"position\":7,\"name\":\"CHIENS\",\"item\":\"https:\\\/\\\/bien-etreiris.ch\\\/de\\\/produktpraesentation\\\/zoom-die-welt-der-tiere\\\/gesundheit-der-tiere\\\/kraueter-fuer-tiere\\\/herbes-pour-chiens\\\/\"},{\"@type\":\"ListItem\",\"position\":8,\"name\":\"PR\u00caLE DES CHAMPS\"}]},{\"@type\":\"WebSite\",\"@id\":\"https:\\\/\\\/bien-etreiris.ch\\\/de\\\/#website\",\"url\":\"https:\\\/\\\/bien-etreiris.ch\\\/de\\\/\",\"name\":\"Bien-\u00eatre Iris\",\"description\":\"IHRE Gesundheit ist uns wichtig\",\"potentialAction\":[{\"@type\":\"SearchAction\",\"target\":{\"@type\":\"EntryPoint\",\"urlTemplate\":\"https:\\\/\\\/bien-etreiris.ch\\\/de\\\/?s={search_term_string}\"},\"query-input\":{\"@type\":\"PropertyValueSpecification\",\"valueRequired\":true,\"valueName\":\"search_term_string\"}}],\"inLanguage\":\"de\"}]}<\/script>\n<!-- \/ Yoast SEO plugin. -->","yoast_head_json":{"title":"PR\u00caLE DES CHAMPS - WOHLBEFINDEN","robots":{"index":"index","follow":"follow","max-snippet":"max-snippet:-1","max-image-preview":"max-image-preview:large","max-video-preview":"max-video-preview:-1"},"canonical":"https:\/\/bien-etreiris.ch\/de\/produktpraesentation\/zoom-die-welt-der-tiere\/gesundheit-der-tiere\/phytotherapie\/kraueter-fuer-tiere\/herbes-pour-chiens\/prele-des-champs\/","og_locale":"de_DE","og_type":"article","og_title":"PR\u00caLE DES CHAMPS - WOHLBEFINDEN","og_description":"La pr\u00eale des champs &nbsp; Pr\u00eale de champs BIO coup\u00e9e 100 g CHF 4.80 &nbsp; &nbsp; Un alli\u00e9 pour la peau, les ligaments, les tendons &amp; les articulations La pr\u00eale des champs est le tr\u00e9sor de l'acide silicique parmi les herbes. Cet oligo-\u00e9l\u00e9ment, le silicium, est surtout pr\u00e9sent dans les tissus conjonctifs des hommes et des animaux. En tant que&nbsp;Weiter lesen","og_url":"https:\/\/bien-etreiris.ch\/de\/produktpraesentation\/zoom-die-welt-der-tiere\/gesundheit-der-tiere\/phytotherapie\/kraueter-fuer-tiere\/herbes-pour-chiens\/prele-des-champs\/","og_site_name":"WOHLBEFINDEN","article_publisher":"https:\/\/www.facebook.com\/bienetreiris\/","article_modified_time":"2025-02-23T07:43:50+00:00","og_image":[{"width":640,"height":413,"url":"https:\/\/bien-etreiris.ch\/wp-content\/uploads\/2020\/11\/Photo-des-pr\u00eale-des-champs.png","type":"image\/png"}],"twitter_misc":{"Gesch\u00e4tzte Lesezeit":"3\u00a0Minuten"},"schema":{"@context":"https:\/\/schema.org","@graph":[{"@type":"WebPage","@id":"https:\/\/bien-etreiris.ch\/de\/produktpraesentation\/zoom-die-welt-der-tiere\/gesundheit-der-tiere\/phytotherapie\/kraueter-fuer-tiere\/herbes-pour-chiens\/prele-des-champs\/","url":"https:\/\/bien-etreiris.ch\/de\/produktpraesentation\/zoom-die-welt-der-tiere\/gesundheit-der-tiere\/phytotherapie\/kraueter-fuer-tiere\/herbes-pour-chiens\/prele-des-champs\/","name":"PR\u00caLE DES CHAMPS - WOHLBEFINDEN","isPartOf":{"@id":"https:\/\/bien-etreiris.ch\/de\/#website"},"primaryImageOfPage":{"@id":"https:\/\/bien-etreiris.ch\/de\/produktpraesentation\/zoom-die-welt-der-tiere\/gesundheit-der-tiere\/phytotherapie\/kraueter-fuer-tiere\/herbes-pour-chiens\/prele-des-champs\/#primaryimage"},"image":{"@id":"https:\/\/bien-etreiris.ch\/de\/produktpraesentation\/zoom-die-welt-der-tiere\/gesundheit-der-tiere\/phytotherapie\/kraueter-fuer-tiere\/herbes-pour-chiens\/prele-des-champs\/#primaryimage"},"thumbnailUrl":"https:\/\/bien-etreiris.ch\/wp-content\/uploads\/2020\/11\/Photo-des-pr\u00eale-des-champs.png","datePublished":"2023-07-08T14:17:35+00:00","dateModified":"2025-02-23T07:43:50+00:00","breadcrumb":{"@id":"https:\/\/bien-etreiris.ch\/de\/produktpraesentation\/zoom-die-welt-der-tiere\/gesundheit-der-tiere\/phytotherapie\/kraueter-fuer-tiere\/herbes-pour-chiens\/prele-des-champs\/#breadcrumb"},"inLanguage":"de","potentialAction":[{"@type":"ReadAction","target":["https:\/\/bien-etreiris.ch\/de\/produktpraesentation\/zoom-die-welt-der-tiere\/gesundheit-der-tiere\/phytotherapie\/kraueter-fuer-tiere\/herbes-pour-chiens\/prele-des-champs\/"]}]},{"@type":"ImageObject","inLanguage":"de","@id":"https:\/\/bien-etreiris.ch\/de\/produktpraesentation\/zoom-die-welt-der-tiere\/gesundheit-der-tiere\/phytotherapie\/kraueter-fuer-tiere\/herbes-pour-chiens\/prele-des-champs\/#primaryimage","url":"https:\/\/bien-etreiris.ch\/wp-content\/uploads\/2020\/11\/Photo-des-pr\u00eale-des-champs.png","contentUrl":"https:\/\/bien-etreiris.ch\/wp-content\/uploads\/2020\/11\/Photo-des-pr\u00eale-des-champs.png","width":640,"height":413},{"@type":"BreadcrumbList","@id":"https:\/\/bien-etreiris.ch\/de\/produktpraesentation\/zoom-die-welt-der-tiere\/gesundheit-der-tiere\/phytotherapie\/kraueter-fuer-tiere\/herbes-pour-chiens\/prele-des-champs\/#breadcrumb","itemListElement":[{"@type":"ListItem","position":1,"name":"Home","item":"https:\/\/bien-etreiris.ch\/de\/"},{"@type":"ListItem","position":2,"name":"PRODUKTPR\u00c4SENTATION","item":"https:\/\/bien-etreiris.ch\/de\/produktpraesentation\/"},{"@type":"ListItem","position":3,"name":"ZOOM \u2013 DIE WELT DER TIERE","item":"https:\/\/bien-etreiris.ch\/de\/produktpraesentation\/zoom-die-welt-der-tiere\/"},{"@type":"ListItem","position":4,"name":"GESUNDHEIT DER TIERE","item":"https:\/\/bien-etreiris.ch\/de\/produktpraesentation\/zoom-die-welt-der-tiere\/gesundheit-der-tiere\/"},{"@type":"ListItem","position":5,"name":"PHYTOTHERAPIE","item":"https:\/\/bien-etreiris.ch\/de\/produktpraesentation\/zoom-die-welt-der-tiere\/gesundheit-der-tiere\/phytotherapie\/"},{"@type":"ListItem","position":6,"name":"KR\u00c4UTER F\u00dcR TIERE","item":"https:\/\/bien-etreiris.ch\/de\/produktpraesentation\/zoom-die-welt-der-tiere\/gesundheit-der-tiere\/kraueter-fuer-tiere\/"},{"@type":"ListItem","position":7,"name":"CHIENS","item":"https:\/\/bien-etreiris.ch\/de\/produktpraesentation\/zoom-die-welt-der-tiere\/gesundheit-der-tiere\/kraueter-fuer-tiere\/herbes-pour-chiens\/"},{"@type":"ListItem","position":8,"name":"PR\u00caLE DES CHAMPS"}]},{"@type":"WebSite","@id":"https:\/\/bien-etreiris.ch\/de\/#website","url":"https:\/\/bien-etreiris.ch\/de\/","name":"Bien-\u00eatre Iris","description":"IHRE Gesundheit ist uns wichtig","potentialAction":[{"@type":"SearchAction","target":{"@type":"EntryPoint","urlTemplate":"https:\/\/bien-etreiris.ch\/de\/?s={search_term_string}"},"query-input":{"@type":"PropertyValueSpecification","valueRequired":true,"valueName":"search_term_string"}}],"inLanguage":"de"}]}},"_links":{"self":[{"href":"https:\/\/bien-etreiris.ch\/de\/wp-json\/wp\/v2\/pages\/96291","targetHints":{"allow":["GET"]}}],"collection":[{"href":"https:\/\/bien-etreiris.ch\/de\/wp-json\/wp\/v2\/pages"}],"about":[{"href":"https:\/\/bien-etreiris.ch\/de\/wp-json\/wp\/v2\/types\/page"}],"author":[{"embeddable":true,"href":"https:\/\/bien-etreiris.ch\/de\/wp-json\/wp\/v2\/users\/1"}],"replies":[{"embeddable":true,"href":"https:\/\/bien-etreiris.ch\/de\/wp-json\/wp\/v2\/comments?post=96291"}],"version-history":[{"count":1,"href":"https:\/\/bien-etreiris.ch\/de\/wp-json\/wp\/v2\/pages\/96291\/revisions"}],"predecessor-version":[{"id":96294,"href":"https:\/\/bien-etreiris.ch\/de\/wp-json\/wp\/v2\/pages\/96291\/revisions\/96294"}],"up":[{"embeddable":true,"href":"https:\/\/bien-etreiris.ch\/de\/wp-json\/wp\/v2\/pages\/71576"}],"wp:featuredmedia":[{"embeddable":true,"href":"https:\/\/bien-etreiris.ch\/de\/wp-json\/wp\/v2\/media\/34600"}],"wp:attachment":[{"href":"https:\/\/bien-etreiris.ch\/de\/wp-json\/wp\/v2\/media?parent=96291"}],"curies":[{"name":"wp","href":"https:\/\/api.w.org\/{rel}","templated":true}]}}