{"id":96251,"date":"2025-02-23T01:32:35","date_gmt":"2025-02-22T23:32:35","guid":{"rendered":"https:\/\/bien-etreiris.ch\/produktpraesentation\/zoom-die-welt-der-tiere\/gesundheit-der-tiere\/phytotherapie\/kraueter-fuer-tiere\/algues-brunes\/"},"modified":"2025-02-23T01:34:13","modified_gmt":"2025-02-22T23:34:13","slug":"algues-brunes","status":"publish","type":"page","link":"https:\/\/bien-etreiris.ch\/de\/produktpraesentation\/zoom-die-welt-der-tiere\/gesundheit-der-tiere\/phytotherapie\/kraueter-fuer-tiere\/herbes-pour-chiens\/algues-brunes\/","title":{"rendered":"ALGUES BRUNES"},"content":{"rendered":"<h2><strong>Algues brunes - Varech - Ascophyllum nodosum<\/strong><\/h2>\n<p><img loading=\"lazy\" decoding=\"async\" class=\"wp-image-96243 aligncenter\" src=\"https:\/\/bien-etreiris.ch\/wp-content\/uploads\/2025\/02\/interieur-algue-brun-1.png\" alt=\"\" width=\"405\" height=\"411\" srcset=\"https:\/\/bien-etreiris.ch\/wp-content\/uploads\/2025\/02\/interieur-algue-brun-1.png 799w, https:\/\/bien-etreiris.ch\/wp-content\/uploads\/2025\/02\/interieur-algue-brun-1-296x300.png 296w, https:\/\/bien-etreiris.ch\/wp-content\/uploads\/2025\/02\/interieur-algue-brun-1-768x780.png 768w\" sizes=\"auto, (max-width: 405px) 100vw, 405px\" \/><\/p>\n<h4 style=\"text-align: center;\"><strong>100g CHF 9.80<\/strong><\/h4>\n<p>&nbsp;<\/p>\n<p>&nbsp;<\/p>\n<p>Notre algue Ascophyllum nodosum est un aliment (s\u00e9ch\u00e9e au soleil)<\/p>\n<p>Elle est compos\u00e9e d'un micronat d'algues marines pauvre en prot\u00e9ines, riche en min\u00e9raux, vitamines, oligo-\u00e9l\u00e9ments et acides amin\u00e9s, qui sont particuli\u00e8rement biodisponibles.<\/p>\n<p>&nbsp;<\/p>\n<h4><strong>Poudre de varech : des nutriments pour tout le corps du chien<\/strong><\/h4>\n<p>Sa richesse en micronutriments essentiels fait du varech noueux un \u00e9l\u00e9ment important dans l'alimentation de base de votre chien. Les nutriments renforcent naturellement le pelage et la peau, les tendons, les muscles et les tissus conjonctifs et soutiennent le syst\u00e8me immunitaire, la flore gastro-intestinale et le m\u00e9tabolisme cellulaire.<\/p>\n<p>Nous recommandons volontiers cette algue comme substitut min\u00e9ral naturel ou pour l'apport en nutriments. Contrairement aux microalgues comme la spiruline, les algues brunes ont une faible teneur en prot\u00e9ines, mais une teneur \u00e9lev\u00e9e en min\u00e9raux.<\/p>\n<p>&nbsp;<\/p>\n<h4><strong>De plus, l'algue est naturellement fortifiante pour les domaines suivants :<\/strong><\/h4>\n<ul style=\"list-style-type: disc;\">\n<li>syst\u00e8me immunitaire<\/li>\n<li>flore intestinale<\/li>\n<li>m\u00e9tabolisme cellulaire<\/li>\n<li>peau<\/li>\n<li>tendons, muscles et tissu conjonctif<\/li>\n<\/ul>\n<p><strong>&nbsp;<\/strong><\/p>\n<h4><strong>Oligo-\u00e9l\u00e9ments et d\u00e9toxification des m\u00e9taux lourds<\/strong><\/h4>\n<p>Nos algues brunes sont utilis\u00e9es dans un large \u00e9ventail de domaines d'application, en particulier pour la substitution d'oligo-\u00e9l\u00e9ments et de micro-oligo-\u00e9l\u00e9ments ainsi que pour la d\u00e9toxification efficace des m\u00e9taux lourds toxiques, en particulier le mercure et le cadmium.<\/p>\n<p>&nbsp;<\/p>\n<h4><strong>Domaines d'application<\/strong><\/h4>\n<p><strong>Substitution des oligo-\u00e9l\u00e9ments :<\/strong> notre produit est une excellente source d'oligo-\u00e9l\u00e9ments essentiels, indispensables \u00e0 une sant\u00e9 optimale. Il peut aider \u00e0 pr\u00e9venir les carences et constitue un compl\u00e9ment cibl\u00e9 pour l'organisme.<\/p>\n<p><strong>Micro-oligo-\u00e9l\u00e9ments :<\/strong> en plus des oligo-\u00e9l\u00e9ments de base, notre formule contient \u00e9galement une large gamme de micro-oligo-\u00e9l\u00e9ments, souvent n\u00e9glig\u00e9s, mais qui jouent un r\u00f4le crucial dans divers processus m\u00e9taboliques.<\/p>\n<p><strong>Substitution de l'iode :<\/strong> l'iode est d'une importance capitale pour le fonctionnement de la thyro\u00efde et la r\u00e9gulation du m\u00e9tabolisme. Notre produit contient une quantit\u00e9 d'iode pr\u00e9cis\u00e9ment dos\u00e9e pour garantir un apport suffisant \u00e0 votre organisme.<\/p>\n<p><strong>D\u00e9toxication des m\u00e9taux lourds :<\/strong> le mercure et le cadmium sont des m\u00e9taux lourds connus qui se trouvent dans l'environnement et peuvent s'accumuler dans l'organisme. Notre formule de d\u00e9toxication sp\u00e9cialement d\u00e9velopp\u00e9e aide le corps \u00e0 \u00e9liminer naturellement ces substances nocives, ce qui contribue \u00e0 pr\u00e9server votre sant\u00e9.<\/p>\n<p>&nbsp;<\/p>\n<h4><strong>Ingr\u00e9dients de l'algue brune<\/strong><\/h4>\n<ul>\n<li>Calcium<\/li>\n<li>Sodium<\/li>\n<li>Potassium<\/li>\n<li>Mangan\u00e8se<\/li>\n<li>Zinc<\/li>\n<li>Fer<\/li>\n<li>Iode<\/li>\n<li>Acide alginique<\/li>\n<li>Prot\u00e9ines 3,8 %<\/li>\n<li>Fibres brutes 4 %<\/li>\n<li>Mati\u00e8res grasses brutes 2 %<\/li>\n<li>Cendres brutes 83 %<\/li>\n<li>1% Calcium Magn\u00e9sium Carbonate basique<\/li>\n<li>La teneur en iode est d'au moins 300 mg\/kg<\/li>\n<\/ul>\n<p>&nbsp;<\/p>\n<h4><strong>D\u00e9tails du produit<\/strong><\/h4>\n<ul>\n<li><strong>Apport : <\/strong>1 g par jour<\/li>\n<li><strong>Composition : <\/strong>100% farine d'algues marines Ascophyllum nodosum<\/li>\n<li><strong>Pays d'origine : <\/strong>Irlande<\/li>\n<li><strong>Stockage :<\/strong> \u00e0 conserver dans un endroit sombre, frais et sec<\/li>\n<\/ul>\n<p>&nbsp;<\/p>\n<h4><strong><em>Portionnement<\/em><\/strong><\/h4>\n<p><strong>Petit chien :<\/strong> m\u00e9langer 0,5 \u00e0 0,8 g par jour \u00e0 la nourriture.<\/p>\n<p><strong>Grand chien :<\/strong> m\u00e9langer 0,5 \u00e0 1 g par jour \u00e0 la nourriture.<\/p>\n<p><strong>Dur\u00e9e maximale d'utilisation :<\/strong> 12 semaines<\/p>\n<p>&nbsp;<\/p>\n<h4><strong>En savoir plus :<\/strong><\/h4>\n<ul>\n<li>Pour l'industrie, l'Ascophyllum nodosum est surtout int\u00e9ressant pour son acide alginique. Il est utilis\u00e9 dans la production alimentaire ainsi que dans les produits cosm\u00e9tiques.<\/li>\n<li>La plupart des algues brunes ont entre 10 et 15 ans. Mais on a d\u00e9j\u00e0 trouv\u00e9 des touffes qui avaient environ 400 ans.<\/li>\n<li>En temps de crise, les algues telles que l'Ascophyllum nodosum \u00e9taient autrefois utilis\u00e9es comme fourrage pour le b\u00e9tail, surtout en Irlande.<\/li>\n<\/ul>\n","protected":false},"excerpt":{"rendered":"<p>Algues brunes - Varech - Ascophyllum nodosum 100g CHF 9.80 &nbsp; &nbsp; Notre algue Ascophyllum nodosum est un aliment (s\u00e9ch\u00e9e au soleil) Elle est compos\u00e9e d'un micronat d'algues marines pauvre en prot\u00e9ines, riche en min\u00e9raux, vitamines, oligo-\u00e9l\u00e9ments et acides amin\u00e9s, qui sont particuli\u00e8rement biodisponibles. &nbsp; Poudre de varech : des nutriments pour tout le corps du chien Sa richesse en&nbsp;<a href=\"https:\/\/bien-etreiris.ch\/de\/produktpraesentation\/zoom-die-welt-der-tiere\/gesundheit-der-tiere\/phytotherapie\/kraueter-fuer-tiere\/herbes-pour-chiens\/algues-brunes\/\" class=\"read-more\">Weiter lesen<\/a><\/p>\n","protected":false},"author":1,"featured_media":96248,"parent":71576,"menu_order":138,"comment_status":"closed","ping_status":"closed","template":"page-with-child.php","meta":{"_acf_changed":false,"ngg_post_thumbnail":0,"footnotes":""},"class_list":["post-96251","page","type-page","status-publish","has-post-thumbnail","hentry"],"acf":[],"yoast_head":"<!-- This site is optimized with the Yoast SEO plugin v27.5 - https:\/\/yoast.com\/product\/yoast-seo-wordpress\/ -->\n<title>ALGUES BRUNES - WOHLBEFINDEN<\/title>\n<meta name=\"robots\" content=\"index, follow, max-snippet:-1, max-image-preview:large, max-video-preview:-1\" \/>\n<link rel=\"canonical\" href=\"https:\/\/bien-etreiris.ch\/de\/produktpraesentation\/zoom-die-welt-der-tiere\/gesundheit-der-tiere\/phytotherapie\/kraueter-fuer-tiere\/herbes-pour-chiens\/algues-brunes\/\" \/>\n<meta property=\"og:locale\" content=\"de_DE\" \/>\n<meta property=\"og:type\" content=\"article\" \/>\n<meta property=\"og:title\" content=\"ALGUES BRUNES - WOHLBEFINDEN\" \/>\n<meta property=\"og:description\" content=\"Algues brunes - Varech - Ascophyllum nodosum 100g CHF 9.80 &nbsp; &nbsp; Notre algue Ascophyllum nodosum est un aliment (s\u00e9ch\u00e9e au soleil) Elle est compos\u00e9e d&#039;un micronat d&#039;algues marines pauvre en prot\u00e9ines, riche en min\u00e9raux, vitamines, oligo-\u00e9l\u00e9ments et acides amin\u00e9s, qui sont particuli\u00e8rement biodisponibles. &nbsp; Poudre de varech : des nutriments pour tout le corps du chien Sa richesse en&nbsp;Weiter lesen\" \/>\n<meta property=\"og:url\" content=\"https:\/\/bien-etreiris.ch\/de\/produktpraesentation\/zoom-die-welt-der-tiere\/gesundheit-der-tiere\/phytotherapie\/kraueter-fuer-tiere\/herbes-pour-chiens\/algues-brunes\/\" \/>\n<meta property=\"og:site_name\" content=\"WOHLBEFINDEN\" \/>\n<meta property=\"article:publisher\" content=\"https:\/\/www.facebook.com\/bienetreiris\/\" \/>\n<meta property=\"article:modified_time\" content=\"2025-02-22T23:34:13+00:00\" \/>\n<meta property=\"og:image\" content=\"https:\/\/bien-etreiris.ch\/wp-content\/uploads\/2025\/02\/acceuil-Algue-brun-1.png\" \/>\n\t<meta property=\"og:image:width\" content=\"500\" \/>\n\t<meta property=\"og:image:height\" content=\"333\" \/>\n\t<meta property=\"og:image:type\" content=\"image\/png\" \/>\n<meta name=\"twitter:label1\" content=\"Gesch\u00e4tzte Lesezeit\" \/>\n\t<meta name=\"twitter:data1\" content=\"4\u00a0Minuten\" \/>\n<script type=\"application\/ld+json\" class=\"yoast-schema-graph\">{\"@context\":\"https:\\\/\\\/schema.org\",\"@graph\":[{\"@type\":\"WebPage\",\"@id\":\"https:\\\/\\\/bien-etreiris.ch\\\/de\\\/produktpraesentation\\\/zoom-die-welt-der-tiere\\\/gesundheit-der-tiere\\\/phytotherapie\\\/kraueter-fuer-tiere\\\/herbes-pour-chiens\\\/algues-brunes\\\/\",\"url\":\"https:\\\/\\\/bien-etreiris.ch\\\/de\\\/produktpraesentation\\\/zoom-die-welt-der-tiere\\\/gesundheit-der-tiere\\\/phytotherapie\\\/kraueter-fuer-tiere\\\/herbes-pour-chiens\\\/algues-brunes\\\/\",\"name\":\"ALGUES BRUNES - WOHLBEFINDEN\",\"isPartOf\":{\"@id\":\"https:\\\/\\\/bien-etreiris.ch\\\/de\\\/#website\"},\"primaryImageOfPage\":{\"@id\":\"https:\\\/\\\/bien-etreiris.ch\\\/de\\\/produktpraesentation\\\/zoom-die-welt-der-tiere\\\/gesundheit-der-tiere\\\/phytotherapie\\\/kraueter-fuer-tiere\\\/herbes-pour-chiens\\\/algues-brunes\\\/#primaryimage\"},\"image\":{\"@id\":\"https:\\\/\\\/bien-etreiris.ch\\\/de\\\/produktpraesentation\\\/zoom-die-welt-der-tiere\\\/gesundheit-der-tiere\\\/phytotherapie\\\/kraueter-fuer-tiere\\\/herbes-pour-chiens\\\/algues-brunes\\\/#primaryimage\"},\"thumbnailUrl\":\"https:\\\/\\\/bien-etreiris.ch\\\/wp-content\\\/uploads\\\/2025\\\/02\\\/acceuil-Algue-brun-1.png\",\"datePublished\":\"2025-02-22T23:32:35+00:00\",\"dateModified\":\"2025-02-22T23:34:13+00:00\",\"breadcrumb\":{\"@id\":\"https:\\\/\\\/bien-etreiris.ch\\\/de\\\/produktpraesentation\\\/zoom-die-welt-der-tiere\\\/gesundheit-der-tiere\\\/phytotherapie\\\/kraueter-fuer-tiere\\\/herbes-pour-chiens\\\/algues-brunes\\\/#breadcrumb\"},\"inLanguage\":\"de\",\"potentialAction\":[{\"@type\":\"ReadAction\",\"target\":[\"https:\\\/\\\/bien-etreiris.ch\\\/de\\\/produktpraesentation\\\/zoom-die-welt-der-tiere\\\/gesundheit-der-tiere\\\/phytotherapie\\\/kraueter-fuer-tiere\\\/herbes-pour-chiens\\\/algues-brunes\\\/\"]}]},{\"@type\":\"ImageObject\",\"inLanguage\":\"de\",\"@id\":\"https:\\\/\\\/bien-etreiris.ch\\\/de\\\/produktpraesentation\\\/zoom-die-welt-der-tiere\\\/gesundheit-der-tiere\\\/phytotherapie\\\/kraueter-fuer-tiere\\\/herbes-pour-chiens\\\/algues-brunes\\\/#primaryimage\",\"url\":\"https:\\\/\\\/bien-etreiris.ch\\\/wp-content\\\/uploads\\\/2025\\\/02\\\/acceuil-Algue-brun-1.png\",\"contentUrl\":\"https:\\\/\\\/bien-etreiris.ch\\\/wp-content\\\/uploads\\\/2025\\\/02\\\/acceuil-Algue-brun-1.png\",\"width\":500,\"height\":333},{\"@type\":\"BreadcrumbList\",\"@id\":\"https:\\\/\\\/bien-etreiris.ch\\\/de\\\/produktpraesentation\\\/zoom-die-welt-der-tiere\\\/gesundheit-der-tiere\\\/phytotherapie\\\/kraueter-fuer-tiere\\\/herbes-pour-chiens\\\/algues-brunes\\\/#breadcrumb\",\"itemListElement\":[{\"@type\":\"ListItem\",\"position\":1,\"name\":\"Home\",\"item\":\"https:\\\/\\\/bien-etreiris.ch\\\/de\\\/\"},{\"@type\":\"ListItem\",\"position\":2,\"name\":\"PRODUKTPR\u00c4SENTATION\",\"item\":\"https:\\\/\\\/bien-etreiris.ch\\\/de\\\/produktpraesentation\\\/\"},{\"@type\":\"ListItem\",\"position\":3,\"name\":\"ZOOM \u2013 DIE WELT DER TIERE\",\"item\":\"https:\\\/\\\/bien-etreiris.ch\\\/de\\\/produktpraesentation\\\/zoom-die-welt-der-tiere\\\/\"},{\"@type\":\"ListItem\",\"position\":4,\"name\":\"GESUNDHEIT DER TIERE\",\"item\":\"https:\\\/\\\/bien-etreiris.ch\\\/de\\\/produktpraesentation\\\/zoom-die-welt-der-tiere\\\/gesundheit-der-tiere\\\/\"},{\"@type\":\"ListItem\",\"position\":5,\"name\":\"PHYTOTHERAPIE\",\"item\":\"https:\\\/\\\/bien-etreiris.ch\\\/de\\\/produktpraesentation\\\/zoom-die-welt-der-tiere\\\/gesundheit-der-tiere\\\/phytotherapie\\\/\"},{\"@type\":\"ListItem\",\"position\":6,\"name\":\"KR\u00c4UTER F\u00dcR TIERE\",\"item\":\"https:\\\/\\\/bien-etreiris.ch\\\/de\\\/produktpraesentation\\\/zoom-die-welt-der-tiere\\\/gesundheit-der-tiere\\\/kraueter-fuer-tiere\\\/\"},{\"@type\":\"ListItem\",\"position\":7,\"name\":\"CHIENS\",\"item\":\"https:\\\/\\\/bien-etreiris.ch\\\/de\\\/produktpraesentation\\\/zoom-die-welt-der-tiere\\\/gesundheit-der-tiere\\\/kraueter-fuer-tiere\\\/herbes-pour-chiens\\\/\"},{\"@type\":\"ListItem\",\"position\":8,\"name\":\"ALGUES BRUNES\"}]},{\"@type\":\"WebSite\",\"@id\":\"https:\\\/\\\/bien-etreiris.ch\\\/de\\\/#website\",\"url\":\"https:\\\/\\\/bien-etreiris.ch\\\/de\\\/\",\"name\":\"Bien-\u00eatre Iris\",\"description\":\"IHRE Gesundheit ist uns wichtig\",\"potentialAction\":[{\"@type\":\"SearchAction\",\"target\":{\"@type\":\"EntryPoint\",\"urlTemplate\":\"https:\\\/\\\/bien-etreiris.ch\\\/de\\\/?s={search_term_string}\"},\"query-input\":{\"@type\":\"PropertyValueSpecification\",\"valueRequired\":true,\"valueName\":\"search_term_string\"}}],\"inLanguage\":\"de\"}]}<\/script>\n<!-- \/ Yoast SEO plugin. -->","yoast_head_json":{"title":"ALGUES BRUNES - WOHLBEFINDEN","robots":{"index":"index","follow":"follow","max-snippet":"max-snippet:-1","max-image-preview":"max-image-preview:large","max-video-preview":"max-video-preview:-1"},"canonical":"https:\/\/bien-etreiris.ch\/de\/produktpraesentation\/zoom-die-welt-der-tiere\/gesundheit-der-tiere\/phytotherapie\/kraueter-fuer-tiere\/herbes-pour-chiens\/algues-brunes\/","og_locale":"de_DE","og_type":"article","og_title":"ALGUES BRUNES - WOHLBEFINDEN","og_description":"Algues brunes - Varech - Ascophyllum nodosum 100g CHF 9.80 &nbsp; &nbsp; Notre algue Ascophyllum nodosum est un aliment (s\u00e9ch\u00e9e au soleil) Elle est compos\u00e9e d'un micronat d'algues marines pauvre en prot\u00e9ines, riche en min\u00e9raux, vitamines, oligo-\u00e9l\u00e9ments et acides amin\u00e9s, qui sont particuli\u00e8rement biodisponibles. &nbsp; Poudre de varech : des nutriments pour tout le corps du chien Sa richesse en&nbsp;Weiter lesen","og_url":"https:\/\/bien-etreiris.ch\/de\/produktpraesentation\/zoom-die-welt-der-tiere\/gesundheit-der-tiere\/phytotherapie\/kraueter-fuer-tiere\/herbes-pour-chiens\/algues-brunes\/","og_site_name":"WOHLBEFINDEN","article_publisher":"https:\/\/www.facebook.com\/bienetreiris\/","article_modified_time":"2025-02-22T23:34:13+00:00","og_image":[{"width":500,"height":333,"url":"https:\/\/bien-etreiris.ch\/wp-content\/uploads\/2025\/02\/acceuil-Algue-brun-1.png","type":"image\/png"}],"twitter_misc":{"Gesch\u00e4tzte Lesezeit":"4\u00a0Minuten"},"schema":{"@context":"https:\/\/schema.org","@graph":[{"@type":"WebPage","@id":"https:\/\/bien-etreiris.ch\/de\/produktpraesentation\/zoom-die-welt-der-tiere\/gesundheit-der-tiere\/phytotherapie\/kraueter-fuer-tiere\/herbes-pour-chiens\/algues-brunes\/","url":"https:\/\/bien-etreiris.ch\/de\/produktpraesentation\/zoom-die-welt-der-tiere\/gesundheit-der-tiere\/phytotherapie\/kraueter-fuer-tiere\/herbes-pour-chiens\/algues-brunes\/","name":"ALGUES BRUNES - WOHLBEFINDEN","isPartOf":{"@id":"https:\/\/bien-etreiris.ch\/de\/#website"},"primaryImageOfPage":{"@id":"https:\/\/bien-etreiris.ch\/de\/produktpraesentation\/zoom-die-welt-der-tiere\/gesundheit-der-tiere\/phytotherapie\/kraueter-fuer-tiere\/herbes-pour-chiens\/algues-brunes\/#primaryimage"},"image":{"@id":"https:\/\/bien-etreiris.ch\/de\/produktpraesentation\/zoom-die-welt-der-tiere\/gesundheit-der-tiere\/phytotherapie\/kraueter-fuer-tiere\/herbes-pour-chiens\/algues-brunes\/#primaryimage"},"thumbnailUrl":"https:\/\/bien-etreiris.ch\/wp-content\/uploads\/2025\/02\/acceuil-Algue-brun-1.png","datePublished":"2025-02-22T23:32:35+00:00","dateModified":"2025-02-22T23:34:13+00:00","breadcrumb":{"@id":"https:\/\/bien-etreiris.ch\/de\/produktpraesentation\/zoom-die-welt-der-tiere\/gesundheit-der-tiere\/phytotherapie\/kraueter-fuer-tiere\/herbes-pour-chiens\/algues-brunes\/#breadcrumb"},"inLanguage":"de","potentialAction":[{"@type":"ReadAction","target":["https:\/\/bien-etreiris.ch\/de\/produktpraesentation\/zoom-die-welt-der-tiere\/gesundheit-der-tiere\/phytotherapie\/kraueter-fuer-tiere\/herbes-pour-chiens\/algues-brunes\/"]}]},{"@type":"ImageObject","inLanguage":"de","@id":"https:\/\/bien-etreiris.ch\/de\/produktpraesentation\/zoom-die-welt-der-tiere\/gesundheit-der-tiere\/phytotherapie\/kraueter-fuer-tiere\/herbes-pour-chiens\/algues-brunes\/#primaryimage","url":"https:\/\/bien-etreiris.ch\/wp-content\/uploads\/2025\/02\/acceuil-Algue-brun-1.png","contentUrl":"https:\/\/bien-etreiris.ch\/wp-content\/uploads\/2025\/02\/acceuil-Algue-brun-1.png","width":500,"height":333},{"@type":"BreadcrumbList","@id":"https:\/\/bien-etreiris.ch\/de\/produktpraesentation\/zoom-die-welt-der-tiere\/gesundheit-der-tiere\/phytotherapie\/kraueter-fuer-tiere\/herbes-pour-chiens\/algues-brunes\/#breadcrumb","itemListElement":[{"@type":"ListItem","position":1,"name":"Home","item":"https:\/\/bien-etreiris.ch\/de\/"},{"@type":"ListItem","position":2,"name":"PRODUKTPR\u00c4SENTATION","item":"https:\/\/bien-etreiris.ch\/de\/produktpraesentation\/"},{"@type":"ListItem","position":3,"name":"ZOOM \u2013 DIE WELT DER TIERE","item":"https:\/\/bien-etreiris.ch\/de\/produktpraesentation\/zoom-die-welt-der-tiere\/"},{"@type":"ListItem","position":4,"name":"GESUNDHEIT DER TIERE","item":"https:\/\/bien-etreiris.ch\/de\/produktpraesentation\/zoom-die-welt-der-tiere\/gesundheit-der-tiere\/"},{"@type":"ListItem","position":5,"name":"PHYTOTHERAPIE","item":"https:\/\/bien-etreiris.ch\/de\/produktpraesentation\/zoom-die-welt-der-tiere\/gesundheit-der-tiere\/phytotherapie\/"},{"@type":"ListItem","position":6,"name":"KR\u00c4UTER F\u00dcR TIERE","item":"https:\/\/bien-etreiris.ch\/de\/produktpraesentation\/zoom-die-welt-der-tiere\/gesundheit-der-tiere\/kraueter-fuer-tiere\/"},{"@type":"ListItem","position":7,"name":"CHIENS","item":"https:\/\/bien-etreiris.ch\/de\/produktpraesentation\/zoom-die-welt-der-tiere\/gesundheit-der-tiere\/kraueter-fuer-tiere\/herbes-pour-chiens\/"},{"@type":"ListItem","position":8,"name":"ALGUES BRUNES"}]},{"@type":"WebSite","@id":"https:\/\/bien-etreiris.ch\/de\/#website","url":"https:\/\/bien-etreiris.ch\/de\/","name":"Bien-\u00eatre Iris","description":"IHRE Gesundheit ist uns wichtig","potentialAction":[{"@type":"SearchAction","target":{"@type":"EntryPoint","urlTemplate":"https:\/\/bien-etreiris.ch\/de\/?s={search_term_string}"},"query-input":{"@type":"PropertyValueSpecification","valueRequired":true,"valueName":"search_term_string"}}],"inLanguage":"de"}]}},"_links":{"self":[{"href":"https:\/\/bien-etreiris.ch\/de\/wp-json\/wp\/v2\/pages\/96251","targetHints":{"allow":["GET"]}}],"collection":[{"href":"https:\/\/bien-etreiris.ch\/de\/wp-json\/wp\/v2\/pages"}],"about":[{"href":"https:\/\/bien-etreiris.ch\/de\/wp-json\/wp\/v2\/types\/page"}],"author":[{"embeddable":true,"href":"https:\/\/bien-etreiris.ch\/de\/wp-json\/wp\/v2\/users\/1"}],"replies":[{"embeddable":true,"href":"https:\/\/bien-etreiris.ch\/de\/wp-json\/wp\/v2\/comments?post=96251"}],"version-history":[{"count":2,"href":"https:\/\/bien-etreiris.ch\/de\/wp-json\/wp\/v2\/pages\/96251\/revisions"}],"predecessor-version":[{"id":96256,"href":"https:\/\/bien-etreiris.ch\/de\/wp-json\/wp\/v2\/pages\/96251\/revisions\/96256"}],"up":[{"embeddable":true,"href":"https:\/\/bien-etreiris.ch\/de\/wp-json\/wp\/v2\/pages\/71576"}],"wp:featuredmedia":[{"embeddable":true,"href":"https:\/\/bien-etreiris.ch\/de\/wp-json\/wp\/v2\/media\/96248"}],"wp:attachment":[{"href":"https:\/\/bien-etreiris.ch\/de\/wp-json\/wp\/v2\/media?parent=96251"}],"curies":[{"name":"wp","href":"https:\/\/api.w.org\/{rel}","templated":true}]}}