{"id":96214,"date":"2025-02-17T22:20:32","date_gmt":"2025-02-17T20:20:32","guid":{"rendered":"https:\/\/bien-etreiris.ch\/produktpraesentation\/zoom-die-welt-der-tiere\/gesundheit-der-tiere\/phytotherapie\/kraueter-fuer-tiere\/herbes-pour-chiens\/astragale\/"},"modified":"2025-02-23T01:48:42","modified_gmt":"2025-02-22T23:48:42","slug":"astragale","status":"publish","type":"page","link":"https:\/\/bien-etreiris.ch\/de\/produktpraesentation\/zoom-die-welt-der-tiere\/gesundheit-der-tiere\/phytotherapie\/kraueter-fuer-tiere\/herbes-pour-chiens\/astragale\/","title":{"rendered":"ASTRAGALE"},"content":{"rendered":"<h2>Astragale (Astragalus membranaceus)<\/h2>\n<p><img loading=\"lazy\" decoding=\"async\" class=\"wp-image-96258 aligncenter\" src=\"https:\/\/bien-etreiris.ch\/wp-content\/uploads\/2025\/02\/Untitled-20.png\" alt=\"\" width=\"388\" height=\"383\" srcset=\"https:\/\/bien-etreiris.ch\/wp-content\/uploads\/2025\/02\/Untitled-20.png 791w, https:\/\/bien-etreiris.ch\/wp-content\/uploads\/2025\/02\/Untitled-20-300x296.png 300w, https:\/\/bien-etreiris.ch\/wp-content\/uploads\/2025\/02\/Untitled-20-768x758.png 768w\" sizes=\"auto, (max-width: 388px) 100vw, 388px\" \/><\/p>\n<h4 style=\"text-align: center;\">100 g CHF 10.90<\/h4>\n<p>&nbsp;<\/p>\n<p>&nbsp;<\/p>\n<p>Ses principaux principes actifs sont les saponosides et les polysaccharides qui lui conf\u00e8rent des propri\u00e9t\u00e9s antioxydantes, anti-inflammatoires, cardiotoniques, immunostimulantes et d\u00e9puratives. C'est un excellent tonique, il renforce la structure physique et am\u00e9liore l'endurance, renforce le syst\u00e8me circulatoire et aide \u00e0 combattre les infections virales.<\/p>\n<h4><strong>Racine d'astragale \/ Astragalus pour le syst\u00e8me immunitaire de votre chien<\/strong><\/h4>\n<p>Aliment simple pour chiens<\/p>\n<p>Cette racine a tout pour plaire : l'astragale, \u00e9galement appel\u00e9e Huang Qi, est utilis\u00e9e depuis longtemps dans son pays d'origine, la Chine, pour renforcer le syst\u00e8me immunitaire. Vous pouvez \u00e9galement utiliser cette plante ancienne pour renforcer le syst\u00e8me immunitaire de votre chien.<\/p>\n<p>&nbsp;<\/p>\n<h4><b>Dosage<\/b><\/h4>\n<p><span style=\"color: #ff0000;\"><em>Petit chien :<\/em><\/span> 0,5 g par jour \u00e0 m\u00e9langer \u00e0 la nourriture.&nbsp;<\/p>\n<p><em><span style=\"color: #ff0000;\">Grand chien :<\/span><\/em> 0,5 \u00e0 1 g par jour \u00e0 m\u00e9langer \u00e0 la nourriture.&nbsp;<\/p>\n<p>Humidifier l\u00e9g\u00e8rement la poudre de racine de tragacanthe si n\u00e9cessaire.<\/p>\n","protected":false},"excerpt":{"rendered":"<p>Astragale (Astragalus membranaceus) 100 g CHF 10.90 &nbsp; &nbsp; Ses principaux principes actifs sont les saponosides et les polysaccharides qui lui conf\u00e8rent des propri\u00e9t\u00e9s antioxydantes, anti-inflammatoires, cardiotoniques, immunostimulantes et d\u00e9puratives. C'est un excellent tonique, il renforce la structure physique et am\u00e9liore l'endurance, renforce le syst\u00e8me circulatoire et aide \u00e0 combattre les infections virales. Racine d'astragale \/ Astragalus pour le syst\u00e8me&nbsp;<a href=\"https:\/\/bien-etreiris.ch\/de\/produktpraesentation\/zoom-die-welt-der-tiere\/gesundheit-der-tiere\/phytotherapie\/kraueter-fuer-tiere\/herbes-pour-chiens\/astragale\/\" class=\"read-more\">Weiter lesen<\/a><\/p>\n","protected":false},"author":1,"featured_media":96211,"parent":71576,"menu_order":147,"comment_status":"closed","ping_status":"closed","template":"page-with-child.php","meta":{"_acf_changed":false,"ngg_post_thumbnail":0,"footnotes":""},"class_list":["post-96214","page","type-page","status-publish","has-post-thumbnail","hentry"],"acf":[],"yoast_head":"<!-- This site is optimized with the Yoast SEO plugin v27.5 - https:\/\/yoast.com\/product\/yoast-seo-wordpress\/ -->\n<title>ASTRAGALE - WOHLBEFINDEN<\/title>\n<meta name=\"robots\" content=\"index, follow, max-snippet:-1, max-image-preview:large, max-video-preview:-1\" \/>\n<link rel=\"canonical\" href=\"https:\/\/bien-etreiris.ch\/de\/produktpraesentation\/zoom-die-welt-der-tiere\/gesundheit-der-tiere\/phytotherapie\/kraueter-fuer-tiere\/herbes-pour-chiens\/astragale\/\" \/>\n<meta property=\"og:locale\" content=\"de_DE\" \/>\n<meta property=\"og:type\" content=\"article\" \/>\n<meta property=\"og:title\" content=\"ASTRAGALE - WOHLBEFINDEN\" \/>\n<meta property=\"og:description\" content=\"Astragale (Astragalus membranaceus) 100 g CHF 10.90 &nbsp; &nbsp; Ses principaux principes actifs sont les saponosides et les polysaccharides qui lui conf\u00e8rent des propri\u00e9t\u00e9s antioxydantes, anti-inflammatoires, cardiotoniques, immunostimulantes et d\u00e9puratives. C&#039;est un excellent tonique, il renforce la structure physique et am\u00e9liore l&#039;endurance, renforce le syst\u00e8me circulatoire et aide \u00e0 combattre les infections virales. Racine d&#039;astragale \/ Astragalus pour le syst\u00e8me&nbsp;Weiter lesen\" \/>\n<meta property=\"og:url\" content=\"https:\/\/bien-etreiris.ch\/de\/produktpraesentation\/zoom-die-welt-der-tiere\/gesundheit-der-tiere\/phytotherapie\/kraueter-fuer-tiere\/herbes-pour-chiens\/astragale\/\" \/>\n<meta property=\"og:site_name\" content=\"WOHLBEFINDEN\" \/>\n<meta property=\"article:publisher\" content=\"https:\/\/www.facebook.com\/bienetreiris\/\" \/>\n<meta property=\"article:modified_time\" content=\"2025-02-22T23:48:42+00:00\" \/>\n<meta property=\"og:image\" content=\"https:\/\/bien-etreiris.ch\/wp-content\/uploads\/2025\/02\/Astragalus.png\" \/>\n\t<meta property=\"og:image:width\" content=\"500\" \/>\n\t<meta property=\"og:image:height\" content=\"333\" \/>\n\t<meta property=\"og:image:type\" content=\"image\/png\" \/>\n<meta name=\"twitter:label1\" content=\"Gesch\u00e4tzte Lesezeit\" \/>\n\t<meta name=\"twitter:data1\" content=\"1\u00a0Minute\" \/>\n<script type=\"application\/ld+json\" class=\"yoast-schema-graph\">{\"@context\":\"https:\\\/\\\/schema.org\",\"@graph\":[{\"@type\":\"WebPage\",\"@id\":\"https:\\\/\\\/bien-etreiris.ch\\\/de\\\/produktpraesentation\\\/zoom-die-welt-der-tiere\\\/gesundheit-der-tiere\\\/phytotherapie\\\/kraueter-fuer-tiere\\\/herbes-pour-chiens\\\/astragale\\\/\",\"url\":\"https:\\\/\\\/bien-etreiris.ch\\\/de\\\/produktpraesentation\\\/zoom-die-welt-der-tiere\\\/gesundheit-der-tiere\\\/phytotherapie\\\/kraueter-fuer-tiere\\\/herbes-pour-chiens\\\/astragale\\\/\",\"name\":\"ASTRAGALE - WOHLBEFINDEN\",\"isPartOf\":{\"@id\":\"https:\\\/\\\/bien-etreiris.ch\\\/de\\\/#website\"},\"primaryImageOfPage\":{\"@id\":\"https:\\\/\\\/bien-etreiris.ch\\\/de\\\/produktpraesentation\\\/zoom-die-welt-der-tiere\\\/gesundheit-der-tiere\\\/phytotherapie\\\/kraueter-fuer-tiere\\\/herbes-pour-chiens\\\/astragale\\\/#primaryimage\"},\"image\":{\"@id\":\"https:\\\/\\\/bien-etreiris.ch\\\/de\\\/produktpraesentation\\\/zoom-die-welt-der-tiere\\\/gesundheit-der-tiere\\\/phytotherapie\\\/kraueter-fuer-tiere\\\/herbes-pour-chiens\\\/astragale\\\/#primaryimage\"},\"thumbnailUrl\":\"https:\\\/\\\/bien-etreiris.ch\\\/wp-content\\\/uploads\\\/2025\\\/02\\\/Astragalus.png\",\"datePublished\":\"2025-02-17T20:20:32+00:00\",\"dateModified\":\"2025-02-22T23:48:42+00:00\",\"breadcrumb\":{\"@id\":\"https:\\\/\\\/bien-etreiris.ch\\\/de\\\/produktpraesentation\\\/zoom-die-welt-der-tiere\\\/gesundheit-der-tiere\\\/phytotherapie\\\/kraueter-fuer-tiere\\\/herbes-pour-chiens\\\/astragale\\\/#breadcrumb\"},\"inLanguage\":\"de\",\"potentialAction\":[{\"@type\":\"ReadAction\",\"target\":[\"https:\\\/\\\/bien-etreiris.ch\\\/de\\\/produktpraesentation\\\/zoom-die-welt-der-tiere\\\/gesundheit-der-tiere\\\/phytotherapie\\\/kraueter-fuer-tiere\\\/herbes-pour-chiens\\\/astragale\\\/\"]}]},{\"@type\":\"ImageObject\",\"inLanguage\":\"de\",\"@id\":\"https:\\\/\\\/bien-etreiris.ch\\\/de\\\/produktpraesentation\\\/zoom-die-welt-der-tiere\\\/gesundheit-der-tiere\\\/phytotherapie\\\/kraueter-fuer-tiere\\\/herbes-pour-chiens\\\/astragale\\\/#primaryimage\",\"url\":\"https:\\\/\\\/bien-etreiris.ch\\\/wp-content\\\/uploads\\\/2025\\\/02\\\/Astragalus.png\",\"contentUrl\":\"https:\\\/\\\/bien-etreiris.ch\\\/wp-content\\\/uploads\\\/2025\\\/02\\\/Astragalus.png\",\"width\":500,\"height\":333},{\"@type\":\"BreadcrumbList\",\"@id\":\"https:\\\/\\\/bien-etreiris.ch\\\/de\\\/produktpraesentation\\\/zoom-die-welt-der-tiere\\\/gesundheit-der-tiere\\\/phytotherapie\\\/kraueter-fuer-tiere\\\/herbes-pour-chiens\\\/astragale\\\/#breadcrumb\",\"itemListElement\":[{\"@type\":\"ListItem\",\"position\":1,\"name\":\"Home\",\"item\":\"https:\\\/\\\/bien-etreiris.ch\\\/de\\\/\"},{\"@type\":\"ListItem\",\"position\":2,\"name\":\"PRODUKTPR\u00c4SENTATION\",\"item\":\"https:\\\/\\\/bien-etreiris.ch\\\/de\\\/produktpraesentation\\\/\"},{\"@type\":\"ListItem\",\"position\":3,\"name\":\"ZOOM \u2013 DIE WELT DER TIERE\",\"item\":\"https:\\\/\\\/bien-etreiris.ch\\\/de\\\/produktpraesentation\\\/zoom-die-welt-der-tiere\\\/\"},{\"@type\":\"ListItem\",\"position\":4,\"name\":\"GESUNDHEIT DER TIERE\",\"item\":\"https:\\\/\\\/bien-etreiris.ch\\\/de\\\/produktpraesentation\\\/zoom-die-welt-der-tiere\\\/gesundheit-der-tiere\\\/\"},{\"@type\":\"ListItem\",\"position\":5,\"name\":\"PHYTOTHERAPIE\",\"item\":\"https:\\\/\\\/bien-etreiris.ch\\\/de\\\/produktpraesentation\\\/zoom-die-welt-der-tiere\\\/gesundheit-der-tiere\\\/phytotherapie\\\/\"},{\"@type\":\"ListItem\",\"position\":6,\"name\":\"KR\u00c4UTER F\u00dcR TIERE\",\"item\":\"https:\\\/\\\/bien-etreiris.ch\\\/de\\\/produktpraesentation\\\/zoom-die-welt-der-tiere\\\/gesundheit-der-tiere\\\/kraueter-fuer-tiere\\\/\"},{\"@type\":\"ListItem\",\"position\":7,\"name\":\"CHIENS\",\"item\":\"https:\\\/\\\/bien-etreiris.ch\\\/de\\\/produktpraesentation\\\/zoom-die-welt-der-tiere\\\/gesundheit-der-tiere\\\/kraueter-fuer-tiere\\\/herbes-pour-chiens\\\/\"},{\"@type\":\"ListItem\",\"position\":8,\"name\":\"ASTRAGALE\"}]},{\"@type\":\"WebSite\",\"@id\":\"https:\\\/\\\/bien-etreiris.ch\\\/de\\\/#website\",\"url\":\"https:\\\/\\\/bien-etreiris.ch\\\/de\\\/\",\"name\":\"Bien-\u00eatre Iris\",\"description\":\"IHRE Gesundheit ist uns wichtig\",\"potentialAction\":[{\"@type\":\"SearchAction\",\"target\":{\"@type\":\"EntryPoint\",\"urlTemplate\":\"https:\\\/\\\/bien-etreiris.ch\\\/de\\\/?s={search_term_string}\"},\"query-input\":{\"@type\":\"PropertyValueSpecification\",\"valueRequired\":true,\"valueName\":\"search_term_string\"}}],\"inLanguage\":\"de\"}]}<\/script>\n<!-- \/ Yoast SEO plugin. -->","yoast_head_json":{"title":"ASTRAGALE - WOHLBEFINDEN","robots":{"index":"index","follow":"follow","max-snippet":"max-snippet:-1","max-image-preview":"max-image-preview:large","max-video-preview":"max-video-preview:-1"},"canonical":"https:\/\/bien-etreiris.ch\/de\/produktpraesentation\/zoom-die-welt-der-tiere\/gesundheit-der-tiere\/phytotherapie\/kraueter-fuer-tiere\/herbes-pour-chiens\/astragale\/","og_locale":"de_DE","og_type":"article","og_title":"ASTRAGALE - WOHLBEFINDEN","og_description":"Astragale (Astragalus membranaceus) 100 g CHF 10.90 &nbsp; &nbsp; Ses principaux principes actifs sont les saponosides et les polysaccharides qui lui conf\u00e8rent des propri\u00e9t\u00e9s antioxydantes, anti-inflammatoires, cardiotoniques, immunostimulantes et d\u00e9puratives. C'est un excellent tonique, il renforce la structure physique et am\u00e9liore l'endurance, renforce le syst\u00e8me circulatoire et aide \u00e0 combattre les infections virales. Racine d'astragale \/ Astragalus pour le syst\u00e8me&nbsp;Weiter lesen","og_url":"https:\/\/bien-etreiris.ch\/de\/produktpraesentation\/zoom-die-welt-der-tiere\/gesundheit-der-tiere\/phytotherapie\/kraueter-fuer-tiere\/herbes-pour-chiens\/astragale\/","og_site_name":"WOHLBEFINDEN","article_publisher":"https:\/\/www.facebook.com\/bienetreiris\/","article_modified_time":"2025-02-22T23:48:42+00:00","og_image":[{"width":500,"height":333,"url":"https:\/\/bien-etreiris.ch\/wp-content\/uploads\/2025\/02\/Astragalus.png","type":"image\/png"}],"twitter_misc":{"Gesch\u00e4tzte Lesezeit":"1\u00a0Minute"},"schema":{"@context":"https:\/\/schema.org","@graph":[{"@type":"WebPage","@id":"https:\/\/bien-etreiris.ch\/de\/produktpraesentation\/zoom-die-welt-der-tiere\/gesundheit-der-tiere\/phytotherapie\/kraueter-fuer-tiere\/herbes-pour-chiens\/astragale\/","url":"https:\/\/bien-etreiris.ch\/de\/produktpraesentation\/zoom-die-welt-der-tiere\/gesundheit-der-tiere\/phytotherapie\/kraueter-fuer-tiere\/herbes-pour-chiens\/astragale\/","name":"ASTRAGALE - WOHLBEFINDEN","isPartOf":{"@id":"https:\/\/bien-etreiris.ch\/de\/#website"},"primaryImageOfPage":{"@id":"https:\/\/bien-etreiris.ch\/de\/produktpraesentation\/zoom-die-welt-der-tiere\/gesundheit-der-tiere\/phytotherapie\/kraueter-fuer-tiere\/herbes-pour-chiens\/astragale\/#primaryimage"},"image":{"@id":"https:\/\/bien-etreiris.ch\/de\/produktpraesentation\/zoom-die-welt-der-tiere\/gesundheit-der-tiere\/phytotherapie\/kraueter-fuer-tiere\/herbes-pour-chiens\/astragale\/#primaryimage"},"thumbnailUrl":"https:\/\/bien-etreiris.ch\/wp-content\/uploads\/2025\/02\/Astragalus.png","datePublished":"2025-02-17T20:20:32+00:00","dateModified":"2025-02-22T23:48:42+00:00","breadcrumb":{"@id":"https:\/\/bien-etreiris.ch\/de\/produktpraesentation\/zoom-die-welt-der-tiere\/gesundheit-der-tiere\/phytotherapie\/kraueter-fuer-tiere\/herbes-pour-chiens\/astragale\/#breadcrumb"},"inLanguage":"de","potentialAction":[{"@type":"ReadAction","target":["https:\/\/bien-etreiris.ch\/de\/produktpraesentation\/zoom-die-welt-der-tiere\/gesundheit-der-tiere\/phytotherapie\/kraueter-fuer-tiere\/herbes-pour-chiens\/astragale\/"]}]},{"@type":"ImageObject","inLanguage":"de","@id":"https:\/\/bien-etreiris.ch\/de\/produktpraesentation\/zoom-die-welt-der-tiere\/gesundheit-der-tiere\/phytotherapie\/kraueter-fuer-tiere\/herbes-pour-chiens\/astragale\/#primaryimage","url":"https:\/\/bien-etreiris.ch\/wp-content\/uploads\/2025\/02\/Astragalus.png","contentUrl":"https:\/\/bien-etreiris.ch\/wp-content\/uploads\/2025\/02\/Astragalus.png","width":500,"height":333},{"@type":"BreadcrumbList","@id":"https:\/\/bien-etreiris.ch\/de\/produktpraesentation\/zoom-die-welt-der-tiere\/gesundheit-der-tiere\/phytotherapie\/kraueter-fuer-tiere\/herbes-pour-chiens\/astragale\/#breadcrumb","itemListElement":[{"@type":"ListItem","position":1,"name":"Home","item":"https:\/\/bien-etreiris.ch\/de\/"},{"@type":"ListItem","position":2,"name":"PRODUKTPR\u00c4SENTATION","item":"https:\/\/bien-etreiris.ch\/de\/produktpraesentation\/"},{"@type":"ListItem","position":3,"name":"ZOOM \u2013 DIE WELT DER TIERE","item":"https:\/\/bien-etreiris.ch\/de\/produktpraesentation\/zoom-die-welt-der-tiere\/"},{"@type":"ListItem","position":4,"name":"GESUNDHEIT DER TIERE","item":"https:\/\/bien-etreiris.ch\/de\/produktpraesentation\/zoom-die-welt-der-tiere\/gesundheit-der-tiere\/"},{"@type":"ListItem","position":5,"name":"PHYTOTHERAPIE","item":"https:\/\/bien-etreiris.ch\/de\/produktpraesentation\/zoom-die-welt-der-tiere\/gesundheit-der-tiere\/phytotherapie\/"},{"@type":"ListItem","position":6,"name":"KR\u00c4UTER F\u00dcR TIERE","item":"https:\/\/bien-etreiris.ch\/de\/produktpraesentation\/zoom-die-welt-der-tiere\/gesundheit-der-tiere\/kraueter-fuer-tiere\/"},{"@type":"ListItem","position":7,"name":"CHIENS","item":"https:\/\/bien-etreiris.ch\/de\/produktpraesentation\/zoom-die-welt-der-tiere\/gesundheit-der-tiere\/kraueter-fuer-tiere\/herbes-pour-chiens\/"},{"@type":"ListItem","position":8,"name":"ASTRAGALE"}]},{"@type":"WebSite","@id":"https:\/\/bien-etreiris.ch\/de\/#website","url":"https:\/\/bien-etreiris.ch\/de\/","name":"Bien-\u00eatre Iris","description":"IHRE Gesundheit ist uns wichtig","potentialAction":[{"@type":"SearchAction","target":{"@type":"EntryPoint","urlTemplate":"https:\/\/bien-etreiris.ch\/de\/?s={search_term_string}"},"query-input":{"@type":"PropertyValueSpecification","valueRequired":true,"valueName":"search_term_string"}}],"inLanguage":"de"}]}},"_links":{"self":[{"href":"https:\/\/bien-etreiris.ch\/de\/wp-json\/wp\/v2\/pages\/96214","targetHints":{"allow":["GET"]}}],"collection":[{"href":"https:\/\/bien-etreiris.ch\/de\/wp-json\/wp\/v2\/pages"}],"about":[{"href":"https:\/\/bien-etreiris.ch\/de\/wp-json\/wp\/v2\/types\/page"}],"author":[{"embeddable":true,"href":"https:\/\/bien-etreiris.ch\/de\/wp-json\/wp\/v2\/users\/1"}],"replies":[{"embeddable":true,"href":"https:\/\/bien-etreiris.ch\/de\/wp-json\/wp\/v2\/comments?post=96214"}],"version-history":[{"count":2,"href":"https:\/\/bien-etreiris.ch\/de\/wp-json\/wp\/v2\/pages\/96214\/revisions"}],"predecessor-version":[{"id":96263,"href":"https:\/\/bien-etreiris.ch\/de\/wp-json\/wp\/v2\/pages\/96214\/revisions\/96263"}],"up":[{"embeddable":true,"href":"https:\/\/bien-etreiris.ch\/de\/wp-json\/wp\/v2\/pages\/71576"}],"wp:featuredmedia":[{"embeddable":true,"href":"https:\/\/bien-etreiris.ch\/de\/wp-json\/wp\/v2\/media\/96211"}],"wp:attachment":[{"href":"https:\/\/bien-etreiris.ch\/de\/wp-json\/wp\/v2\/media?parent=96214"}],"curies":[{"name":"wp","href":"https:\/\/api.w.org\/{rel}","templated":true}]}}