{"id":96185,"date":"2025-02-17T10:05:02","date_gmt":"2025-02-17T08:05:02","guid":{"rendered":"https:\/\/bien-etreiris.ch\/produktpraesentation\/zoom-die-welt-der-tiere\/gesundheit-der-tiere\/phytotherapie\/kraueter-fuer-tiere\/gingembre\/"},"modified":"2025-02-23T09:36:32","modified_gmt":"2025-02-23T07:36:32","slug":"gingembre","status":"publish","type":"page","link":"https:\/\/bien-etreiris.ch\/de\/produktpraesentation\/zoom-die-welt-der-tiere\/gesundheit-der-tiere\/phytotherapie\/kraueter-fuer-tiere\/herbes-pour-chiens\/gingembre\/","title":{"rendered":"GINGEMBRE"},"content":{"rendered":"<h2>Gingembre (Zingiber officinale)<\/h2>\n<p><img loading=\"lazy\" decoding=\"async\" class=\"wp-image-96265 alignleft\" src=\"https:\/\/bien-etreiris.ch\/wp-content\/uploads\/2025\/02\/interieur.png\" alt=\"\" width=\"360\" height=\"366\" srcset=\"https:\/\/bien-etreiris.ch\/wp-content\/uploads\/2025\/02\/interieur.png 762w, https:\/\/bien-etreiris.ch\/wp-content\/uploads\/2025\/02\/interieur-295x300.png 295w\" sizes=\"auto, (max-width: 360px) 100vw, 360px\" \/><img loading=\"lazy\" decoding=\"async\" class=\"wp-image-96268 alignleft\" src=\"https:\/\/bien-etreiris.ch\/wp-content\/uploads\/2025\/02\/interieur-coupe.png\" alt=\"\" width=\"360\" height=\"360\" srcset=\"https:\/\/bien-etreiris.ch\/wp-content\/uploads\/2025\/02\/interieur-coupe.png 801w, https:\/\/bien-etreiris.ch\/wp-content\/uploads\/2025\/02\/interieur-coupe-300x300.png 300w, https:\/\/bien-etreiris.ch\/wp-content\/uploads\/2025\/02\/interieur-coupe-150x150.png 150w, https:\/\/bien-etreiris.ch\/wp-content\/uploads\/2025\/02\/interieur-coupe-768x768.png 768w\" sizes=\"auto, (max-width: 360px) 100vw, 360px\" \/><\/p>\n<h4>&nbsp;<\/h4>\n<h4>&nbsp;<\/h4>\n<h4>&nbsp;<\/h4>\n<h4>&nbsp;<\/h4>\n<h4>&nbsp;<\/h4>\n<h4>&nbsp;<\/h4>\n<h4>&nbsp;<\/h4>\n<p>&nbsp;<\/p>\n<h4>&nbsp;<\/h4>\n<h4>&nbsp;<\/h4>\n<h4>&nbsp;<\/h4>\n<p>&nbsp;<\/p>\n<h4 style=\"text-align: left;\">Gingembre moulu fine BIO 100 g CHF 4.10&nbsp;&nbsp;&nbsp;&nbsp;&nbsp;&nbsp;&nbsp;&nbsp;&nbsp;&nbsp;&nbsp;&nbsp;&nbsp;&nbsp;&nbsp;&nbsp;&nbsp;&nbsp;&nbsp; Gingembre coup\u00e9e BIO 100 g CHF 4.80<\/h4>\n<p>&nbsp;<\/p>\n<p>&nbsp;<\/p>\n<p>Ses principaux principes actifs sont les ol\u00e9or\u00e9sines \u00e0 haute teneur en huile essentielle, en plus de contenir de l'amidon et des vitamines, en particulier de la vitamine C. Ses propri\u00e9t\u00e9s digestives et ses importantes propri\u00e9t\u00e9s anti-inflammatoires et analg\u00e9siques sont remarquables. B\u00e9n\u00e9fique pour le traitement des probl\u00e8mes rhumatismaux aigus et chroniques tels que l'arthrose et l'arthrite et les inflammations articulaires et musculaires.<\/p>\n<p>&nbsp;<\/p>\n<h4><strong>Estomac, intestins, digestion<\/strong><\/h4>\n<p>Le gingembre renforce la fonction digestive naturelle de votre chien, par exemple la fonction naturelle des glandes salivaires. En m\u00eame temps, cette racine au go\u00fbt piquant favorise un environnement intestinal dans lequel les parasites intestinaux, tels que les vers, ne se sentent pas \u00e0 leur aise.<\/p>\n<p>&nbsp;<\/p>\n<h4><strong>Voyage en voiture <\/strong><\/h4>\n<p>Un long voyage en voiture, peut-\u00eatre sur une route sinueuse, avec des mont\u00e9es et des descentes : cela peut \u00eatre tr\u00e8s stressant pour l'estomac de votre chien. Si votre chien est sensible \u00e0 l'estomac, la racine de gingembre est un excellent soutien. Elle doit \u00eatre donn\u00e9e avant le voyage et peut \u00eatre combin\u00e9e avec de la m\u00e9lisse, par exemple.<\/p>\n<p>&nbsp;<\/p>\n<h4><strong>Dosage :<\/strong><\/h4>\n<p><span style=\"color: #ff0000;\"><em>Petit chien :<\/em> <\/span>m\u00e9langer 1 g par 10 kg de poids corporel (moins de 10 kg : 0,5 g) par jour \u00e0 la nourriture (environ 0,5 \u00e0 2 g).<\/p>\n<p><em><span style=\"color: #ff0000;\">Grand chien :<\/span><\/em> m\u00e9langer 1 g par 10 kg de poids corporel par jour \u00e0 la nourriture (environ 2 \u00e0 5 g).<\/p>\n<p><b>Dur\u00e9e maximale d'administration :<\/b> 8 semaines<\/p>\n","protected":false},"excerpt":{"rendered":"<p>Gingembre (Zingiber officinale) &nbsp; &nbsp; &nbsp; &nbsp; &nbsp; &nbsp; &nbsp; &nbsp; &nbsp; &nbsp; &nbsp; &nbsp; Gingembre moulu fine BIO 100 g CHF 4.10&nbsp;&nbsp;&nbsp;&nbsp;&nbsp;&nbsp;&nbsp;&nbsp;&nbsp;&nbsp;&nbsp;&nbsp;&nbsp;&nbsp;&nbsp;&nbsp;&nbsp;&nbsp;&nbsp; Gingembre coup\u00e9e BIO 100 g CHF 4.80 &nbsp; &nbsp; Ses principaux principes actifs sont les ol\u00e9or\u00e9sines \u00e0 haute teneur en huile essentielle, en plus de contenir de l'amidon et des vitamines, en particulier de la vitamine C.&nbsp;<a href=\"https:\/\/bien-etreiris.ch\/de\/produktpraesentation\/zoom-die-welt-der-tiere\/gesundheit-der-tiere\/phytotherapie\/kraueter-fuer-tiere\/herbes-pour-chiens\/gingembre\/\" class=\"read-more\">Weiter lesen<\/a><\/p>\n","protected":false},"author":1,"featured_media":96181,"parent":71576,"menu_order":157,"comment_status":"closed","ping_status":"closed","template":"page-with-child.php","meta":{"_acf_changed":false,"ngg_post_thumbnail":0,"footnotes":""},"class_list":["post-96185","page","type-page","status-publish","has-post-thumbnail","hentry"],"acf":[],"yoast_head":"<!-- This site is optimized with the Yoast SEO plugin v27.5 - https:\/\/yoast.com\/product\/yoast-seo-wordpress\/ -->\n<title>GINGEMBRE - WOHLBEFINDEN<\/title>\n<meta name=\"robots\" content=\"index, follow, max-snippet:-1, max-image-preview:large, max-video-preview:-1\" \/>\n<link rel=\"canonical\" href=\"https:\/\/bien-etreiris.ch\/de\/produktpraesentation\/zoom-die-welt-der-tiere\/gesundheit-der-tiere\/phytotherapie\/kraueter-fuer-tiere\/herbes-pour-chiens\/gingembre\/\" \/>\n<meta property=\"og:locale\" content=\"de_DE\" \/>\n<meta property=\"og:type\" content=\"article\" \/>\n<meta property=\"og:title\" content=\"GINGEMBRE - WOHLBEFINDEN\" \/>\n<meta property=\"og:description\" content=\"Gingembre (Zingiber officinale) &nbsp; &nbsp; &nbsp; &nbsp; &nbsp; &nbsp; &nbsp; &nbsp; &nbsp; &nbsp; &nbsp; &nbsp; Gingembre moulu fine BIO 100 g CHF 4.10&nbsp;&nbsp;&nbsp;&nbsp;&nbsp;&nbsp;&nbsp;&nbsp;&nbsp;&nbsp;&nbsp;&nbsp;&nbsp;&nbsp;&nbsp;&nbsp;&nbsp;&nbsp;&nbsp; Gingembre coup\u00e9e BIO 100 g CHF 4.80 &nbsp; &nbsp; Ses principaux principes actifs sont les ol\u00e9or\u00e9sines \u00e0 haute teneur en huile essentielle, en plus de contenir de l&#039;amidon et des vitamines, en particulier de la vitamine C.&nbsp;Weiter lesen\" \/>\n<meta property=\"og:url\" content=\"https:\/\/bien-etreiris.ch\/de\/produktpraesentation\/zoom-die-welt-der-tiere\/gesundheit-der-tiere\/phytotherapie\/kraueter-fuer-tiere\/herbes-pour-chiens\/gingembre\/\" \/>\n<meta property=\"og:site_name\" content=\"WOHLBEFINDEN\" \/>\n<meta property=\"article:publisher\" content=\"https:\/\/www.facebook.com\/bienetreiris\/\" \/>\n<meta property=\"article:modified_time\" content=\"2025-02-23T07:36:32+00:00\" \/>\n<meta property=\"og:image\" content=\"https:\/\/bien-etreiris.ch\/wp-content\/uploads\/2025\/02\/acceuil-Gingembre.png\" \/>\n\t<meta property=\"og:image:width\" content=\"500\" \/>\n\t<meta property=\"og:image:height\" content=\"333\" \/>\n\t<meta property=\"og:image:type\" content=\"image\/png\" \/>\n<meta name=\"twitter:label1\" content=\"Gesch\u00e4tzte Lesezeit\" \/>\n\t<meta name=\"twitter:data1\" content=\"2\u00a0Minuten\" \/>\n<script type=\"application\/ld+json\" class=\"yoast-schema-graph\">{\"@context\":\"https:\\\/\\\/schema.org\",\"@graph\":[{\"@type\":\"WebPage\",\"@id\":\"https:\\\/\\\/bien-etreiris.ch\\\/de\\\/produktpraesentation\\\/zoom-die-welt-der-tiere\\\/gesundheit-der-tiere\\\/phytotherapie\\\/kraueter-fuer-tiere\\\/herbes-pour-chiens\\\/gingembre\\\/\",\"url\":\"https:\\\/\\\/bien-etreiris.ch\\\/de\\\/produktpraesentation\\\/zoom-die-welt-der-tiere\\\/gesundheit-der-tiere\\\/phytotherapie\\\/kraueter-fuer-tiere\\\/herbes-pour-chiens\\\/gingembre\\\/\",\"name\":\"GINGEMBRE - WOHLBEFINDEN\",\"isPartOf\":{\"@id\":\"https:\\\/\\\/bien-etreiris.ch\\\/de\\\/#website\"},\"primaryImageOfPage\":{\"@id\":\"https:\\\/\\\/bien-etreiris.ch\\\/de\\\/produktpraesentation\\\/zoom-die-welt-der-tiere\\\/gesundheit-der-tiere\\\/phytotherapie\\\/kraueter-fuer-tiere\\\/herbes-pour-chiens\\\/gingembre\\\/#primaryimage\"},\"image\":{\"@id\":\"https:\\\/\\\/bien-etreiris.ch\\\/de\\\/produktpraesentation\\\/zoom-die-welt-der-tiere\\\/gesundheit-der-tiere\\\/phytotherapie\\\/kraueter-fuer-tiere\\\/herbes-pour-chiens\\\/gingembre\\\/#primaryimage\"},\"thumbnailUrl\":\"https:\\\/\\\/bien-etreiris.ch\\\/wp-content\\\/uploads\\\/2025\\\/02\\\/acceuil-Gingembre.png\",\"datePublished\":\"2025-02-17T08:05:02+00:00\",\"dateModified\":\"2025-02-23T07:36:32+00:00\",\"breadcrumb\":{\"@id\":\"https:\\\/\\\/bien-etreiris.ch\\\/de\\\/produktpraesentation\\\/zoom-die-welt-der-tiere\\\/gesundheit-der-tiere\\\/phytotherapie\\\/kraueter-fuer-tiere\\\/herbes-pour-chiens\\\/gingembre\\\/#breadcrumb\"},\"inLanguage\":\"de\",\"potentialAction\":[{\"@type\":\"ReadAction\",\"target\":[\"https:\\\/\\\/bien-etreiris.ch\\\/de\\\/produktpraesentation\\\/zoom-die-welt-der-tiere\\\/gesundheit-der-tiere\\\/phytotherapie\\\/kraueter-fuer-tiere\\\/herbes-pour-chiens\\\/gingembre\\\/\"]}]},{\"@type\":\"ImageObject\",\"inLanguage\":\"de\",\"@id\":\"https:\\\/\\\/bien-etreiris.ch\\\/de\\\/produktpraesentation\\\/zoom-die-welt-der-tiere\\\/gesundheit-der-tiere\\\/phytotherapie\\\/kraueter-fuer-tiere\\\/herbes-pour-chiens\\\/gingembre\\\/#primaryimage\",\"url\":\"https:\\\/\\\/bien-etreiris.ch\\\/wp-content\\\/uploads\\\/2025\\\/02\\\/acceuil-Gingembre.png\",\"contentUrl\":\"https:\\\/\\\/bien-etreiris.ch\\\/wp-content\\\/uploads\\\/2025\\\/02\\\/acceuil-Gingembre.png\",\"width\":500,\"height\":333},{\"@type\":\"BreadcrumbList\",\"@id\":\"https:\\\/\\\/bien-etreiris.ch\\\/de\\\/produktpraesentation\\\/zoom-die-welt-der-tiere\\\/gesundheit-der-tiere\\\/phytotherapie\\\/kraueter-fuer-tiere\\\/herbes-pour-chiens\\\/gingembre\\\/#breadcrumb\",\"itemListElement\":[{\"@type\":\"ListItem\",\"position\":1,\"name\":\"Home\",\"item\":\"https:\\\/\\\/bien-etreiris.ch\\\/de\\\/\"},{\"@type\":\"ListItem\",\"position\":2,\"name\":\"PRODUKTPR\u00c4SENTATION\",\"item\":\"https:\\\/\\\/bien-etreiris.ch\\\/de\\\/produktpraesentation\\\/\"},{\"@type\":\"ListItem\",\"position\":3,\"name\":\"ZOOM \u2013 DIE WELT DER TIERE\",\"item\":\"https:\\\/\\\/bien-etreiris.ch\\\/de\\\/produktpraesentation\\\/zoom-die-welt-der-tiere\\\/\"},{\"@type\":\"ListItem\",\"position\":4,\"name\":\"GESUNDHEIT DER TIERE\",\"item\":\"https:\\\/\\\/bien-etreiris.ch\\\/de\\\/produktpraesentation\\\/zoom-die-welt-der-tiere\\\/gesundheit-der-tiere\\\/\"},{\"@type\":\"ListItem\",\"position\":5,\"name\":\"PHYTOTHERAPIE\",\"item\":\"https:\\\/\\\/bien-etreiris.ch\\\/de\\\/produktpraesentation\\\/zoom-die-welt-der-tiere\\\/gesundheit-der-tiere\\\/phytotherapie\\\/\"},{\"@type\":\"ListItem\",\"position\":6,\"name\":\"KR\u00c4UTER F\u00dcR TIERE\",\"item\":\"https:\\\/\\\/bien-etreiris.ch\\\/de\\\/produktpraesentation\\\/zoom-die-welt-der-tiere\\\/gesundheit-der-tiere\\\/kraueter-fuer-tiere\\\/\"},{\"@type\":\"ListItem\",\"position\":7,\"name\":\"CHIENS\",\"item\":\"https:\\\/\\\/bien-etreiris.ch\\\/de\\\/produktpraesentation\\\/zoom-die-welt-der-tiere\\\/gesundheit-der-tiere\\\/kraueter-fuer-tiere\\\/herbes-pour-chiens\\\/\"},{\"@type\":\"ListItem\",\"position\":8,\"name\":\"GINGEMBRE\"}]},{\"@type\":\"WebSite\",\"@id\":\"https:\\\/\\\/bien-etreiris.ch\\\/de\\\/#website\",\"url\":\"https:\\\/\\\/bien-etreiris.ch\\\/de\\\/\",\"name\":\"Bien-\u00eatre Iris\",\"description\":\"IHRE Gesundheit ist uns wichtig\",\"potentialAction\":[{\"@type\":\"SearchAction\",\"target\":{\"@type\":\"EntryPoint\",\"urlTemplate\":\"https:\\\/\\\/bien-etreiris.ch\\\/de\\\/?s={search_term_string}\"},\"query-input\":{\"@type\":\"PropertyValueSpecification\",\"valueRequired\":true,\"valueName\":\"search_term_string\"}}],\"inLanguage\":\"de\"}]}<\/script>\n<!-- \/ Yoast SEO plugin. -->","yoast_head_json":{"title":"GINGEMBRE - WOHLBEFINDEN","robots":{"index":"index","follow":"follow","max-snippet":"max-snippet:-1","max-image-preview":"max-image-preview:large","max-video-preview":"max-video-preview:-1"},"canonical":"https:\/\/bien-etreiris.ch\/de\/produktpraesentation\/zoom-die-welt-der-tiere\/gesundheit-der-tiere\/phytotherapie\/kraueter-fuer-tiere\/herbes-pour-chiens\/gingembre\/","og_locale":"de_DE","og_type":"article","og_title":"GINGEMBRE - WOHLBEFINDEN","og_description":"Gingembre (Zingiber officinale) &nbsp; &nbsp; &nbsp; &nbsp; &nbsp; &nbsp; &nbsp; &nbsp; &nbsp; &nbsp; &nbsp; &nbsp; Gingembre moulu fine BIO 100 g CHF 4.10&nbsp;&nbsp;&nbsp;&nbsp;&nbsp;&nbsp;&nbsp;&nbsp;&nbsp;&nbsp;&nbsp;&nbsp;&nbsp;&nbsp;&nbsp;&nbsp;&nbsp;&nbsp;&nbsp; Gingembre coup\u00e9e BIO 100 g CHF 4.80 &nbsp; &nbsp; Ses principaux principes actifs sont les ol\u00e9or\u00e9sines \u00e0 haute teneur en huile essentielle, en plus de contenir de l'amidon et des vitamines, en particulier de la vitamine C.&nbsp;Weiter lesen","og_url":"https:\/\/bien-etreiris.ch\/de\/produktpraesentation\/zoom-die-welt-der-tiere\/gesundheit-der-tiere\/phytotherapie\/kraueter-fuer-tiere\/herbes-pour-chiens\/gingembre\/","og_site_name":"WOHLBEFINDEN","article_publisher":"https:\/\/www.facebook.com\/bienetreiris\/","article_modified_time":"2025-02-23T07:36:32+00:00","og_image":[{"width":500,"height":333,"url":"https:\/\/bien-etreiris.ch\/wp-content\/uploads\/2025\/02\/acceuil-Gingembre.png","type":"image\/png"}],"twitter_misc":{"Gesch\u00e4tzte Lesezeit":"2\u00a0Minuten"},"schema":{"@context":"https:\/\/schema.org","@graph":[{"@type":"WebPage","@id":"https:\/\/bien-etreiris.ch\/de\/produktpraesentation\/zoom-die-welt-der-tiere\/gesundheit-der-tiere\/phytotherapie\/kraueter-fuer-tiere\/herbes-pour-chiens\/gingembre\/","url":"https:\/\/bien-etreiris.ch\/de\/produktpraesentation\/zoom-die-welt-der-tiere\/gesundheit-der-tiere\/phytotherapie\/kraueter-fuer-tiere\/herbes-pour-chiens\/gingembre\/","name":"GINGEMBRE - WOHLBEFINDEN","isPartOf":{"@id":"https:\/\/bien-etreiris.ch\/de\/#website"},"primaryImageOfPage":{"@id":"https:\/\/bien-etreiris.ch\/de\/produktpraesentation\/zoom-die-welt-der-tiere\/gesundheit-der-tiere\/phytotherapie\/kraueter-fuer-tiere\/herbes-pour-chiens\/gingembre\/#primaryimage"},"image":{"@id":"https:\/\/bien-etreiris.ch\/de\/produktpraesentation\/zoom-die-welt-der-tiere\/gesundheit-der-tiere\/phytotherapie\/kraueter-fuer-tiere\/herbes-pour-chiens\/gingembre\/#primaryimage"},"thumbnailUrl":"https:\/\/bien-etreiris.ch\/wp-content\/uploads\/2025\/02\/acceuil-Gingembre.png","datePublished":"2025-02-17T08:05:02+00:00","dateModified":"2025-02-23T07:36:32+00:00","breadcrumb":{"@id":"https:\/\/bien-etreiris.ch\/de\/produktpraesentation\/zoom-die-welt-der-tiere\/gesundheit-der-tiere\/phytotherapie\/kraueter-fuer-tiere\/herbes-pour-chiens\/gingembre\/#breadcrumb"},"inLanguage":"de","potentialAction":[{"@type":"ReadAction","target":["https:\/\/bien-etreiris.ch\/de\/produktpraesentation\/zoom-die-welt-der-tiere\/gesundheit-der-tiere\/phytotherapie\/kraueter-fuer-tiere\/herbes-pour-chiens\/gingembre\/"]}]},{"@type":"ImageObject","inLanguage":"de","@id":"https:\/\/bien-etreiris.ch\/de\/produktpraesentation\/zoom-die-welt-der-tiere\/gesundheit-der-tiere\/phytotherapie\/kraueter-fuer-tiere\/herbes-pour-chiens\/gingembre\/#primaryimage","url":"https:\/\/bien-etreiris.ch\/wp-content\/uploads\/2025\/02\/acceuil-Gingembre.png","contentUrl":"https:\/\/bien-etreiris.ch\/wp-content\/uploads\/2025\/02\/acceuil-Gingembre.png","width":500,"height":333},{"@type":"BreadcrumbList","@id":"https:\/\/bien-etreiris.ch\/de\/produktpraesentation\/zoom-die-welt-der-tiere\/gesundheit-der-tiere\/phytotherapie\/kraueter-fuer-tiere\/herbes-pour-chiens\/gingembre\/#breadcrumb","itemListElement":[{"@type":"ListItem","position":1,"name":"Home","item":"https:\/\/bien-etreiris.ch\/de\/"},{"@type":"ListItem","position":2,"name":"PRODUKTPR\u00c4SENTATION","item":"https:\/\/bien-etreiris.ch\/de\/produktpraesentation\/"},{"@type":"ListItem","position":3,"name":"ZOOM \u2013 DIE WELT DER TIERE","item":"https:\/\/bien-etreiris.ch\/de\/produktpraesentation\/zoom-die-welt-der-tiere\/"},{"@type":"ListItem","position":4,"name":"GESUNDHEIT DER TIERE","item":"https:\/\/bien-etreiris.ch\/de\/produktpraesentation\/zoom-die-welt-der-tiere\/gesundheit-der-tiere\/"},{"@type":"ListItem","position":5,"name":"PHYTOTHERAPIE","item":"https:\/\/bien-etreiris.ch\/de\/produktpraesentation\/zoom-die-welt-der-tiere\/gesundheit-der-tiere\/phytotherapie\/"},{"@type":"ListItem","position":6,"name":"KR\u00c4UTER F\u00dcR TIERE","item":"https:\/\/bien-etreiris.ch\/de\/produktpraesentation\/zoom-die-welt-der-tiere\/gesundheit-der-tiere\/kraueter-fuer-tiere\/"},{"@type":"ListItem","position":7,"name":"CHIENS","item":"https:\/\/bien-etreiris.ch\/de\/produktpraesentation\/zoom-die-welt-der-tiere\/gesundheit-der-tiere\/kraueter-fuer-tiere\/herbes-pour-chiens\/"},{"@type":"ListItem","position":8,"name":"GINGEMBRE"}]},{"@type":"WebSite","@id":"https:\/\/bien-etreiris.ch\/de\/#website","url":"https:\/\/bien-etreiris.ch\/de\/","name":"Bien-\u00eatre Iris","description":"IHRE Gesundheit ist uns wichtig","potentialAction":[{"@type":"SearchAction","target":{"@type":"EntryPoint","urlTemplate":"https:\/\/bien-etreiris.ch\/de\/?s={search_term_string}"},"query-input":{"@type":"PropertyValueSpecification","valueRequired":true,"valueName":"search_term_string"}}],"inLanguage":"de"}]}},"_links":{"self":[{"href":"https:\/\/bien-etreiris.ch\/de\/wp-json\/wp\/v2\/pages\/96185","targetHints":{"allow":["GET"]}}],"collection":[{"href":"https:\/\/bien-etreiris.ch\/de\/wp-json\/wp\/v2\/pages"}],"about":[{"href":"https:\/\/bien-etreiris.ch\/de\/wp-json\/wp\/v2\/types\/page"}],"author":[{"embeddable":true,"href":"https:\/\/bien-etreiris.ch\/de\/wp-json\/wp\/v2\/users\/1"}],"replies":[{"embeddable":true,"href":"https:\/\/bien-etreiris.ch\/de\/wp-json\/wp\/v2\/comments?post=96185"}],"version-history":[{"count":7,"href":"https:\/\/bien-etreiris.ch\/de\/wp-json\/wp\/v2\/pages\/96185\/revisions"}],"predecessor-version":[{"id":96285,"href":"https:\/\/bien-etreiris.ch\/de\/wp-json\/wp\/v2\/pages\/96185\/revisions\/96285"}],"up":[{"embeddable":true,"href":"https:\/\/bien-etreiris.ch\/de\/wp-json\/wp\/v2\/pages\/71576"}],"wp:featuredmedia":[{"embeddable":true,"href":"https:\/\/bien-etreiris.ch\/de\/wp-json\/wp\/v2\/media\/96181"}],"wp:attachment":[{"href":"https:\/\/bien-etreiris.ch\/de\/wp-json\/wp\/v2\/media?parent=96185"}],"curies":[{"name":"wp","href":"https:\/\/api.w.org\/{rel}","templated":true}]}}