{"id":96172,"date":"2025-02-16T17:02:19","date_gmt":"2025-02-16T15:02:19","guid":{"rendered":"https:\/\/bien-etreiris.ch\/algue-brune\/"},"modified":"2025-02-16T17:08:11","modified_gmt":"2025-02-16T15:08:11","slug":"algue-brune","status":"publish","type":"page","link":"https:\/\/bien-etreiris.ch\/de\/produktpraesentation\/zoom-die-welt-der-tiere\/gesundheit-der-tiere\/phytotherapie\/kraueter-fuer-tiere\/herbes-pour-chiens\/algue-brune\/","title":{"rendered":"ALGUE BRUNE"},"content":{"rendered":"\n<h2>Algue brune - Poudre de Kelp - Ascophyllum nodosum&nbsp;<\/h2>\n<p>Ascophyllum nodosum est une <strong>algue brune comestible<\/strong>. Dot\u00e9e d\u2019une composition tr\u00e8s riche, notamment en iode, elle apporte de nombreux b\u00e9n\u00e9fices \u00e0 l\u2019organisme.<\/p>\n<p>&nbsp;<\/p>\n<h4><b>Poudre de Kelp : des nutriments pour tout le corps du chien<\/b><\/h4>\n<p>Sa richesse en micronutriments essentiels fait de l'algue varech un \u00e9l\u00e9ment important de l'alimentation de base de votre chien. Les nutriments renforcent naturellement le pelage et la peau, les tendons, les muscles et le tissu conjonctif et soutiennent le syst\u00e8me immunitaire, la flore gastro-intestinale et le m\u00e9tabolisme cellulaire.<\/p>\n<p>&nbsp;<\/p>\n<h4><strong>Ascophyllum nodosum pour les chiens nourris selon la m\u00e9thode BARF<\/strong><\/h4>\n<p>Ascophyllum nodosum est un excellent composant min\u00e9ral naturel pour l'alimentation des chiens nourris selon la m\u00e9thode BARF.<\/p>\n<p>Contrairement aux microalgues telles que la spiruline, Ascophyllum nodosum a une faible teneur en prot\u00e9ines et est donc id\u00e9al pour les animaux qui se nourrissent facilement et qui ne sont pas g\u00ean\u00e9s par une teneur \u00e9lev\u00e9e en iode.<\/p>\n<p>&nbsp;<\/p>\n<h4><strong>Ingr\u00e9dients<\/strong><\/h4>\n<ul>\n<li>Calcium<\/li>\n<li>Sodium<\/li>\n<li>Potassium<\/li>\n<li>Mangan\u00e8se<\/li>\n<li>Zinc<\/li>\n<li>Fer<\/li>\n<li>Iode<\/li>\n<li>Acide alginique<\/li>\n<\/ul>\n<p>&nbsp;<\/p>\n<h4><strong>Comment donner de la farine d'algues marines \u00e0 votre chien en compl\u00e9ment alimentaire<\/strong><\/h4>\n<p>Donnez 0,5 \u00e0 1 gramme de poudre par jour dans la nourriture de votre chien. En cas de maladie thyro\u00efdienne pr\u00e9existante, vous devriez consulter un expert pour d\u00e9terminer la quantit\u00e9 appropri\u00e9e \u00e0 donner.<\/p>\n<p>&nbsp;<\/p>\n<p><b>Dosage<\/b><\/p>\n<p><u>Petit chien :<\/u> m\u00e9langer 0,5 \u00e0 0,8 g par jour \u00e0 la nourriture.<\/p>\n<p><u>Grand chien :<\/u> m\u00e9langer 0,5 \u00e0 1 g par jour \u00e0 la nourriture.<\/p>\n<p><b>Dur\u00e9e maximale d'administration :<\/b> 12 semaines<\/p>\n","protected":false},"excerpt":{"rendered":"<p>Algue brune - Poudre de Kelp - Ascophyllum nodosum&nbsp; Ascophyllum nodosum est une algue brune comestible. Dot\u00e9e d\u2019une composition tr\u00e8s riche, notamment en iode, elle apporte de nombreux b\u00e9n\u00e9fices \u00e0 l\u2019organisme. &nbsp; Poudre de Kelp : des nutriments pour tout le corps du chien Sa richesse en micronutriments essentiels fait de l'algue varech un \u00e9l\u00e9ment important de l'alimentation de base&nbsp;<a href=\"https:\/\/bien-etreiris.ch\/de\/produktpraesentation\/zoom-die-welt-der-tiere\/gesundheit-der-tiere\/phytotherapie\/kraueter-fuer-tiere\/herbes-pour-chiens\/algue-brune\/\" class=\"read-more\">Weiter lesen<\/a><\/p>\n","protected":false},"author":1,"featured_media":96169,"parent":71576,"menu_order":159,"comment_status":"closed","ping_status":"closed","template":"page-with-child.php","meta":{"_acf_changed":false,"ngg_post_thumbnail":0,"footnotes":""},"class_list":["post-96172","page","type-page","status-publish","has-post-thumbnail","hentry"],"acf":[],"yoast_head":"<!-- This site is optimized with the Yoast SEO plugin v27.5 - https:\/\/yoast.com\/product\/yoast-seo-wordpress\/ -->\n<title>ALGUE BRUNE - WOHLBEFINDEN<\/title>\n<meta name=\"robots\" content=\"index, follow, max-snippet:-1, max-image-preview:large, max-video-preview:-1\" \/>\n<link rel=\"canonical\" href=\"https:\/\/bien-etreiris.ch\/de\/produktpraesentation\/zoom-die-welt-der-tiere\/gesundheit-der-tiere\/phytotherapie\/kraueter-fuer-tiere\/herbes-pour-chiens\/algue-brune\/\" \/>\n<meta property=\"og:locale\" content=\"de_DE\" \/>\n<meta property=\"og:type\" content=\"article\" \/>\n<meta property=\"og:title\" content=\"ALGUE BRUNE - WOHLBEFINDEN\" \/>\n<meta property=\"og:description\" content=\"Algue brune - Poudre de Kelp - Ascophyllum nodosum&nbsp; Ascophyllum nodosum est une algue brune comestible. Dot\u00e9e d\u2019une composition tr\u00e8s riche, notamment en iode, elle apporte de nombreux b\u00e9n\u00e9fices \u00e0 l\u2019organisme. &nbsp; Poudre de Kelp : des nutriments pour tout le corps du chien Sa richesse en micronutriments essentiels fait de l&#039;algue varech un \u00e9l\u00e9ment important de l&#039;alimentation de base&nbsp;Weiter lesen\" \/>\n<meta property=\"og:url\" content=\"https:\/\/bien-etreiris.ch\/de\/produktpraesentation\/zoom-die-welt-der-tiere\/gesundheit-der-tiere\/phytotherapie\/kraueter-fuer-tiere\/herbes-pour-chiens\/algue-brune\/\" \/>\n<meta property=\"og:site_name\" content=\"WOHLBEFINDEN\" \/>\n<meta property=\"article:publisher\" content=\"https:\/\/www.facebook.com\/bienetreiris\/\" \/>\n<meta property=\"article:modified_time\" content=\"2025-02-16T15:08:11+00:00\" \/>\n<meta property=\"og:image\" content=\"https:\/\/bien-etreiris.ch\/wp-content\/uploads\/2025\/02\/Algue-brune-Fucus-nodosus.png\" \/>\n\t<meta property=\"og:image:width\" content=\"500\" \/>\n\t<meta property=\"og:image:height\" content=\"333\" \/>\n\t<meta property=\"og:image:type\" content=\"image\/png\" \/>\n<meta name=\"twitter:label1\" content=\"Gesch\u00e4tzte Lesezeit\" \/>\n\t<meta name=\"twitter:data1\" content=\"2\u00a0Minuten\" \/>\n<script type=\"application\/ld+json\" class=\"yoast-schema-graph\">{\"@context\":\"https:\\\/\\\/schema.org\",\"@graph\":[{\"@type\":\"WebPage\",\"@id\":\"https:\\\/\\\/bien-etreiris.ch\\\/de\\\/produktpraesentation\\\/zoom-die-welt-der-tiere\\\/gesundheit-der-tiere\\\/phytotherapie\\\/kraueter-fuer-tiere\\\/herbes-pour-chiens\\\/algue-brune\\\/\",\"url\":\"https:\\\/\\\/bien-etreiris.ch\\\/de\\\/produktpraesentation\\\/zoom-die-welt-der-tiere\\\/gesundheit-der-tiere\\\/phytotherapie\\\/kraueter-fuer-tiere\\\/herbes-pour-chiens\\\/algue-brune\\\/\",\"name\":\"ALGUE BRUNE - WOHLBEFINDEN\",\"isPartOf\":{\"@id\":\"https:\\\/\\\/bien-etreiris.ch\\\/de\\\/#website\"},\"primaryImageOfPage\":{\"@id\":\"https:\\\/\\\/bien-etreiris.ch\\\/de\\\/produktpraesentation\\\/zoom-die-welt-der-tiere\\\/gesundheit-der-tiere\\\/phytotherapie\\\/kraueter-fuer-tiere\\\/herbes-pour-chiens\\\/algue-brune\\\/#primaryimage\"},\"image\":{\"@id\":\"https:\\\/\\\/bien-etreiris.ch\\\/de\\\/produktpraesentation\\\/zoom-die-welt-der-tiere\\\/gesundheit-der-tiere\\\/phytotherapie\\\/kraueter-fuer-tiere\\\/herbes-pour-chiens\\\/algue-brune\\\/#primaryimage\"},\"thumbnailUrl\":\"https:\\\/\\\/bien-etreiris.ch\\\/wp-content\\\/uploads\\\/2025\\\/02\\\/Algue-brune-Fucus-nodosus.png\",\"datePublished\":\"2025-02-16T15:02:19+00:00\",\"dateModified\":\"2025-02-16T15:08:11+00:00\",\"breadcrumb\":{\"@id\":\"https:\\\/\\\/bien-etreiris.ch\\\/de\\\/produktpraesentation\\\/zoom-die-welt-der-tiere\\\/gesundheit-der-tiere\\\/phytotherapie\\\/kraueter-fuer-tiere\\\/herbes-pour-chiens\\\/algue-brune\\\/#breadcrumb\"},\"inLanguage\":\"de\",\"potentialAction\":[{\"@type\":\"ReadAction\",\"target\":[\"https:\\\/\\\/bien-etreiris.ch\\\/de\\\/produktpraesentation\\\/zoom-die-welt-der-tiere\\\/gesundheit-der-tiere\\\/phytotherapie\\\/kraueter-fuer-tiere\\\/herbes-pour-chiens\\\/algue-brune\\\/\"]}]},{\"@type\":\"ImageObject\",\"inLanguage\":\"de\",\"@id\":\"https:\\\/\\\/bien-etreiris.ch\\\/de\\\/produktpraesentation\\\/zoom-die-welt-der-tiere\\\/gesundheit-der-tiere\\\/phytotherapie\\\/kraueter-fuer-tiere\\\/herbes-pour-chiens\\\/algue-brune\\\/#primaryimage\",\"url\":\"https:\\\/\\\/bien-etreiris.ch\\\/wp-content\\\/uploads\\\/2025\\\/02\\\/Algue-brune-Fucus-nodosus.png\",\"contentUrl\":\"https:\\\/\\\/bien-etreiris.ch\\\/wp-content\\\/uploads\\\/2025\\\/02\\\/Algue-brune-Fucus-nodosus.png\",\"width\":500,\"height\":333},{\"@type\":\"BreadcrumbList\",\"@id\":\"https:\\\/\\\/bien-etreiris.ch\\\/de\\\/produktpraesentation\\\/zoom-die-welt-der-tiere\\\/gesundheit-der-tiere\\\/phytotherapie\\\/kraueter-fuer-tiere\\\/herbes-pour-chiens\\\/algue-brune\\\/#breadcrumb\",\"itemListElement\":[{\"@type\":\"ListItem\",\"position\":1,\"name\":\"Home\",\"item\":\"https:\\\/\\\/bien-etreiris.ch\\\/de\\\/\"},{\"@type\":\"ListItem\",\"position\":2,\"name\":\"PRODUKTPR\u00c4SENTATION\",\"item\":\"https:\\\/\\\/bien-etreiris.ch\\\/de\\\/produktpraesentation\\\/\"},{\"@type\":\"ListItem\",\"position\":3,\"name\":\"ZOOM \u2013 DIE WELT DER TIERE\",\"item\":\"https:\\\/\\\/bien-etreiris.ch\\\/de\\\/produktpraesentation\\\/zoom-die-welt-der-tiere\\\/\"},{\"@type\":\"ListItem\",\"position\":4,\"name\":\"GESUNDHEIT DER TIERE\",\"item\":\"https:\\\/\\\/bien-etreiris.ch\\\/de\\\/produktpraesentation\\\/zoom-die-welt-der-tiere\\\/gesundheit-der-tiere\\\/\"},{\"@type\":\"ListItem\",\"position\":5,\"name\":\"PHYTOTHERAPIE\",\"item\":\"https:\\\/\\\/bien-etreiris.ch\\\/de\\\/produktpraesentation\\\/zoom-die-welt-der-tiere\\\/gesundheit-der-tiere\\\/phytotherapie\\\/\"},{\"@type\":\"ListItem\",\"position\":6,\"name\":\"KR\u00c4UTER F\u00dcR TIERE\",\"item\":\"https:\\\/\\\/bien-etreiris.ch\\\/de\\\/produktpraesentation\\\/zoom-die-welt-der-tiere\\\/gesundheit-der-tiere\\\/kraueter-fuer-tiere\\\/\"},{\"@type\":\"ListItem\",\"position\":7,\"name\":\"CHIENS\",\"item\":\"https:\\\/\\\/bien-etreiris.ch\\\/de\\\/produktpraesentation\\\/zoom-die-welt-der-tiere\\\/gesundheit-der-tiere\\\/kraueter-fuer-tiere\\\/herbes-pour-chiens\\\/\"},{\"@type\":\"ListItem\",\"position\":8,\"name\":\"ALGUE BRUNE\"}]},{\"@type\":\"WebSite\",\"@id\":\"https:\\\/\\\/bien-etreiris.ch\\\/de\\\/#website\",\"url\":\"https:\\\/\\\/bien-etreiris.ch\\\/de\\\/\",\"name\":\"Bien-\u00eatre Iris\",\"description\":\"IHRE Gesundheit ist uns wichtig\",\"potentialAction\":[{\"@type\":\"SearchAction\",\"target\":{\"@type\":\"EntryPoint\",\"urlTemplate\":\"https:\\\/\\\/bien-etreiris.ch\\\/de\\\/?s={search_term_string}\"},\"query-input\":{\"@type\":\"PropertyValueSpecification\",\"valueRequired\":true,\"valueName\":\"search_term_string\"}}],\"inLanguage\":\"de\"}]}<\/script>\n<!-- \/ Yoast SEO plugin. -->","yoast_head_json":{"title":"ALGUE BRUNE - WOHLBEFINDEN","robots":{"index":"index","follow":"follow","max-snippet":"max-snippet:-1","max-image-preview":"max-image-preview:large","max-video-preview":"max-video-preview:-1"},"canonical":"https:\/\/bien-etreiris.ch\/de\/produktpraesentation\/zoom-die-welt-der-tiere\/gesundheit-der-tiere\/phytotherapie\/kraueter-fuer-tiere\/herbes-pour-chiens\/algue-brune\/","og_locale":"de_DE","og_type":"article","og_title":"ALGUE BRUNE - WOHLBEFINDEN","og_description":"Algue brune - Poudre de Kelp - Ascophyllum nodosum&nbsp; Ascophyllum nodosum est une algue brune comestible. Dot\u00e9e d\u2019une composition tr\u00e8s riche, notamment en iode, elle apporte de nombreux b\u00e9n\u00e9fices \u00e0 l\u2019organisme. &nbsp; Poudre de Kelp : des nutriments pour tout le corps du chien Sa richesse en micronutriments essentiels fait de l'algue varech un \u00e9l\u00e9ment important de l'alimentation de base&nbsp;Weiter lesen","og_url":"https:\/\/bien-etreiris.ch\/de\/produktpraesentation\/zoom-die-welt-der-tiere\/gesundheit-der-tiere\/phytotherapie\/kraueter-fuer-tiere\/herbes-pour-chiens\/algue-brune\/","og_site_name":"WOHLBEFINDEN","article_publisher":"https:\/\/www.facebook.com\/bienetreiris\/","article_modified_time":"2025-02-16T15:08:11+00:00","og_image":[{"width":500,"height":333,"url":"https:\/\/bien-etreiris.ch\/wp-content\/uploads\/2025\/02\/Algue-brune-Fucus-nodosus.png","type":"image\/png"}],"twitter_misc":{"Gesch\u00e4tzte Lesezeit":"2\u00a0Minuten"},"schema":{"@context":"https:\/\/schema.org","@graph":[{"@type":"WebPage","@id":"https:\/\/bien-etreiris.ch\/de\/produktpraesentation\/zoom-die-welt-der-tiere\/gesundheit-der-tiere\/phytotherapie\/kraueter-fuer-tiere\/herbes-pour-chiens\/algue-brune\/","url":"https:\/\/bien-etreiris.ch\/de\/produktpraesentation\/zoom-die-welt-der-tiere\/gesundheit-der-tiere\/phytotherapie\/kraueter-fuer-tiere\/herbes-pour-chiens\/algue-brune\/","name":"ALGUE BRUNE - WOHLBEFINDEN","isPartOf":{"@id":"https:\/\/bien-etreiris.ch\/de\/#website"},"primaryImageOfPage":{"@id":"https:\/\/bien-etreiris.ch\/de\/produktpraesentation\/zoom-die-welt-der-tiere\/gesundheit-der-tiere\/phytotherapie\/kraueter-fuer-tiere\/herbes-pour-chiens\/algue-brune\/#primaryimage"},"image":{"@id":"https:\/\/bien-etreiris.ch\/de\/produktpraesentation\/zoom-die-welt-der-tiere\/gesundheit-der-tiere\/phytotherapie\/kraueter-fuer-tiere\/herbes-pour-chiens\/algue-brune\/#primaryimage"},"thumbnailUrl":"https:\/\/bien-etreiris.ch\/wp-content\/uploads\/2025\/02\/Algue-brune-Fucus-nodosus.png","datePublished":"2025-02-16T15:02:19+00:00","dateModified":"2025-02-16T15:08:11+00:00","breadcrumb":{"@id":"https:\/\/bien-etreiris.ch\/de\/produktpraesentation\/zoom-die-welt-der-tiere\/gesundheit-der-tiere\/phytotherapie\/kraueter-fuer-tiere\/herbes-pour-chiens\/algue-brune\/#breadcrumb"},"inLanguage":"de","potentialAction":[{"@type":"ReadAction","target":["https:\/\/bien-etreiris.ch\/de\/produktpraesentation\/zoom-die-welt-der-tiere\/gesundheit-der-tiere\/phytotherapie\/kraueter-fuer-tiere\/herbes-pour-chiens\/algue-brune\/"]}]},{"@type":"ImageObject","inLanguage":"de","@id":"https:\/\/bien-etreiris.ch\/de\/produktpraesentation\/zoom-die-welt-der-tiere\/gesundheit-der-tiere\/phytotherapie\/kraueter-fuer-tiere\/herbes-pour-chiens\/algue-brune\/#primaryimage","url":"https:\/\/bien-etreiris.ch\/wp-content\/uploads\/2025\/02\/Algue-brune-Fucus-nodosus.png","contentUrl":"https:\/\/bien-etreiris.ch\/wp-content\/uploads\/2025\/02\/Algue-brune-Fucus-nodosus.png","width":500,"height":333},{"@type":"BreadcrumbList","@id":"https:\/\/bien-etreiris.ch\/de\/produktpraesentation\/zoom-die-welt-der-tiere\/gesundheit-der-tiere\/phytotherapie\/kraueter-fuer-tiere\/herbes-pour-chiens\/algue-brune\/#breadcrumb","itemListElement":[{"@type":"ListItem","position":1,"name":"Home","item":"https:\/\/bien-etreiris.ch\/de\/"},{"@type":"ListItem","position":2,"name":"PRODUKTPR\u00c4SENTATION","item":"https:\/\/bien-etreiris.ch\/de\/produktpraesentation\/"},{"@type":"ListItem","position":3,"name":"ZOOM \u2013 DIE WELT DER TIERE","item":"https:\/\/bien-etreiris.ch\/de\/produktpraesentation\/zoom-die-welt-der-tiere\/"},{"@type":"ListItem","position":4,"name":"GESUNDHEIT DER TIERE","item":"https:\/\/bien-etreiris.ch\/de\/produktpraesentation\/zoom-die-welt-der-tiere\/gesundheit-der-tiere\/"},{"@type":"ListItem","position":5,"name":"PHYTOTHERAPIE","item":"https:\/\/bien-etreiris.ch\/de\/produktpraesentation\/zoom-die-welt-der-tiere\/gesundheit-der-tiere\/phytotherapie\/"},{"@type":"ListItem","position":6,"name":"KR\u00c4UTER F\u00dcR TIERE","item":"https:\/\/bien-etreiris.ch\/de\/produktpraesentation\/zoom-die-welt-der-tiere\/gesundheit-der-tiere\/kraueter-fuer-tiere\/"},{"@type":"ListItem","position":7,"name":"CHIENS","item":"https:\/\/bien-etreiris.ch\/de\/produktpraesentation\/zoom-die-welt-der-tiere\/gesundheit-der-tiere\/kraueter-fuer-tiere\/herbes-pour-chiens\/"},{"@type":"ListItem","position":8,"name":"ALGUE BRUNE"}]},{"@type":"WebSite","@id":"https:\/\/bien-etreiris.ch\/de\/#website","url":"https:\/\/bien-etreiris.ch\/de\/","name":"Bien-\u00eatre Iris","description":"IHRE Gesundheit ist uns wichtig","potentialAction":[{"@type":"SearchAction","target":{"@type":"EntryPoint","urlTemplate":"https:\/\/bien-etreiris.ch\/de\/?s={search_term_string}"},"query-input":{"@type":"PropertyValueSpecification","valueRequired":true,"valueName":"search_term_string"}}],"inLanguage":"de"}]}},"_links":{"self":[{"href":"https:\/\/bien-etreiris.ch\/de\/wp-json\/wp\/v2\/pages\/96172","targetHints":{"allow":["GET"]}}],"collection":[{"href":"https:\/\/bien-etreiris.ch\/de\/wp-json\/wp\/v2\/pages"}],"about":[{"href":"https:\/\/bien-etreiris.ch\/de\/wp-json\/wp\/v2\/types\/page"}],"author":[{"embeddable":true,"href":"https:\/\/bien-etreiris.ch\/de\/wp-json\/wp\/v2\/users\/1"}],"replies":[{"embeddable":true,"href":"https:\/\/bien-etreiris.ch\/de\/wp-json\/wp\/v2\/comments?post=96172"}],"version-history":[{"count":2,"href":"https:\/\/bien-etreiris.ch\/de\/wp-json\/wp\/v2\/pages\/96172\/revisions"}],"predecessor-version":[{"id":96177,"href":"https:\/\/bien-etreiris.ch\/de\/wp-json\/wp\/v2\/pages\/96172\/revisions\/96177"}],"up":[{"embeddable":true,"href":"https:\/\/bien-etreiris.ch\/de\/wp-json\/wp\/v2\/pages\/71576"}],"wp:featuredmedia":[{"embeddable":true,"href":"https:\/\/bien-etreiris.ch\/de\/wp-json\/wp\/v2\/media\/96169"}],"wp:attachment":[{"href":"https:\/\/bien-etreiris.ch\/de\/wp-json\/wp\/v2\/media?parent=96172"}],"curies":[{"name":"wp","href":"https:\/\/api.w.org\/{rel}","templated":true}]}}