{"id":96127,"date":"2025-02-16T15:44:23","date_gmt":"2025-02-16T13:44:23","guid":{"rendered":"https:\/\/bien-etreiris.ch\/renal\/"},"modified":"2025-02-16T16:01:24","modified_gmt":"2025-02-16T14:01:24","slug":"renal","status":"publish","type":"page","link":"https:\/\/bien-etreiris.ch\/de\/produktpraesentation\/zoom-die-welt-der-tiere\/gesundheit-der-tiere\/phytotherapie\/mixtes-des-herbes\/renal\/","title":{"rendered":"RENAL"},"content":{"rendered":"<h2>Renal Health<\/h2>\n<p><img loading=\"lazy\" decoding=\"async\" class=\"wp-image-96122 alignleft\" src=\"https:\/\/bien-etreiris.ch\/wp-content\/uploads\/2025\/02\/Renal.jpg\" alt=\"\" width=\"318\" height=\"513\" srcset=\"https:\/\/bien-etreiris.ch\/wp-content\/uploads\/2025\/02\/Renal.jpg 647w, https:\/\/bien-etreiris.ch\/wp-content\/uploads\/2025\/02\/Renal-186x300.jpg 186w, https:\/\/bien-etreiris.ch\/wp-content\/uploads\/2025\/02\/Renal-635x1024.jpg 635w\" sizes=\"auto, (max-width: 318px) 100vw, 318px\" \/><\/p>\n<p>&nbsp;<\/p>\n<p>&nbsp;<\/p>\n<p>&nbsp;<\/p>\n<p>&nbsp;<\/p>\n<p>&nbsp;<\/p>\n<p>&nbsp;<\/p>\n<p>&nbsp;<\/p>\n<p>&nbsp;<\/p>\n<h4><a href=\"https:\/\/bien-etreiris.ch\/de\/unsere-marken\/naturcanin\/\" target=\"_blank\" rel=\"noopener\">Naturcanin<\/a><\/h4>\n<p>RENAL HEALTH est indiqu\u00e9 pour maintenir une bonne fonction r\u00e9nale et soulager les probl\u00e8mes n\u00e9phr\u00e9tiques chez les animaux.<\/p>\n<h4><strong>Poids : 125g<\/strong><\/h4>\n<h4>CHF 19.00<\/h4>\n<p>&nbsp;<\/p>\n<p>&nbsp;<\/p>\n<p>&nbsp;<\/p>\n<h4>Description<\/h4>\n<p>RENAL HEALTH est indiqu\u00e9 pour maintenir une bonne sant\u00e9 r\u00e9nale et soulager les probl\u00e8mes n\u00e9phr\u00e9tiques chez les animaux. Le m\u00e9lange de plantes favorise la purification du sang et la remin\u00e9ralisation de l'organisme, aidant \u00e0 soulager les sympt\u00f4mes d'infection urinaire tels que la cystite, la prostatite, l'ur\u00e9trite et la n\u00e9phrite, ainsi qu'\u00e0 pr\u00e9venir et \u00e9liminer la formation de calculs r\u00e9naux.<\/p>\n<p>&nbsp;<\/p>\n<h4><strong>Dose journali\u00e8re recommand\u00e9e :<\/strong><\/h4>\n<ul style=\"list-style-type: disc;\">\n<li>Chien 0-10 kg 1\/2 cuill\u00e8re \u00e0 caf\u00e9 (1,5 g)<\/li>\n<li>Chien 10-20 kg 1-2 cuill\u00e8res \u00e0 caf\u00e9 (3-6 g)<\/li>\n<li>Chien 20-30 kg 2-3 cuill\u00e8res \u00e0 caf\u00e9 (6-9 g)<\/li>\n<li>Chien de plus de 30 kg 3-4 cuill\u00e8res \u00e0 caf\u00e9 (9-12 g)<\/li>\n<\/ul>\n<p>&nbsp;<\/p>\n<p>M\u00e9langer directement dans le menu Barf.<\/p>\n<p>Une fois ouvert, conserver dans un endroit frais.<\/p>\n<p>&nbsp;<\/p>\n<h4><b>INGR\u00c9DIENTS <\/b><\/h4>\n<p>Busserole, Ma\u00efs, Cerisier, Chardon-Marie, Herniaire, Verge d'or, Guimauve, Ortie, Pissenlit, Pr\u00eale.<\/p>\n\n","protected":false},"excerpt":{"rendered":"<p>Renal Health &nbsp; &nbsp; &nbsp; &nbsp; &nbsp; &nbsp; &nbsp; &nbsp; Naturcanin RENAL HEALTH est indiqu\u00e9 pour maintenir une bonne fonction r\u00e9nale et soulager les probl\u00e8mes n\u00e9phr\u00e9tiques chez les animaux. Poids : 125g CHF 19.00 &nbsp; &nbsp; &nbsp; Description RENAL HEALTH est indiqu\u00e9 pour maintenir une bonne sant\u00e9 r\u00e9nale et soulager les probl\u00e8mes n\u00e9phr\u00e9tiques chez les animaux. Le m\u00e9lange de plantes&nbsp;<a href=\"https:\/\/bien-etreiris.ch\/de\/produktpraesentation\/zoom-die-welt-der-tiere\/gesundheit-der-tiere\/phytotherapie\/mixtes-des-herbes\/renal\/\" class=\"read-more\">Weiter lesen<\/a><\/p>\n","protected":false},"author":1,"featured_media":96145,"parent":96153,"menu_order":165,"comment_status":"closed","ping_status":"closed","template":"page-with-child.php","meta":{"_acf_changed":false,"ngg_post_thumbnail":0,"footnotes":""},"class_list":["post-96127","page","type-page","status-publish","has-post-thumbnail","hentry"],"acf":[],"yoast_head":"<!-- This site is optimized with the Yoast SEO plugin v27.5 - https:\/\/yoast.com\/product\/yoast-seo-wordpress\/ -->\n<title>RENAL - WOHLBEFINDEN<\/title>\n<meta name=\"robots\" content=\"index, follow, max-snippet:-1, max-image-preview:large, max-video-preview:-1\" \/>\n<link rel=\"canonical\" href=\"https:\/\/bien-etreiris.ch\/de\/renal\/\" \/>\n<meta property=\"og:locale\" content=\"de_DE\" \/>\n<meta property=\"og:type\" content=\"article\" \/>\n<meta property=\"og:title\" content=\"RENAL - WOHLBEFINDEN\" \/>\n<meta property=\"og:description\" content=\"Renal Health &nbsp; &nbsp; &nbsp; &nbsp; &nbsp; &nbsp; &nbsp; &nbsp; Naturcanin RENAL HEALTH est indiqu\u00e9 pour maintenir une bonne fonction r\u00e9nale et soulager les probl\u00e8mes n\u00e9phr\u00e9tiques chez les animaux. Poids : 125g CHF 19.00 &nbsp; &nbsp; &nbsp; Description RENAL HEALTH est indiqu\u00e9 pour maintenir une bonne sant\u00e9 r\u00e9nale et soulager les probl\u00e8mes n\u00e9phr\u00e9tiques chez les animaux. Le m\u00e9lange de plantes&nbsp;Weiter lesen\" \/>\n<meta property=\"og:url\" content=\"https:\/\/bien-etreiris.ch\/de\/renal\/\" \/>\n<meta property=\"og:site_name\" content=\"WOHLBEFINDEN\" \/>\n<meta property=\"article:publisher\" content=\"https:\/\/www.facebook.com\/bienetreiris\/\" \/>\n<meta property=\"article:modified_time\" content=\"2025-02-16T14:01:24+00:00\" \/>\n<meta property=\"og:image\" content=\"https:\/\/bien-etreiris.ch\/wp-content\/uploads\/2025\/02\/acceuil-renal.jpg\" \/>\n\t<meta property=\"og:image:width\" content=\"500\" \/>\n\t<meta property=\"og:image:height\" content=\"333\" \/>\n\t<meta property=\"og:image:type\" content=\"image\/jpeg\" \/>\n<meta name=\"twitter:label1\" content=\"Gesch\u00e4tzte Lesezeit\" \/>\n\t<meta name=\"twitter:data1\" content=\"1\u00a0Minute\" \/>\n<script type=\"application\/ld+json\" class=\"yoast-schema-graph\">{\"@context\":\"https:\\\/\\\/schema.org\",\"@graph\":[{\"@type\":\"WebPage\",\"@id\":\"https:\\\/\\\/bien-etreiris.ch\\\/de\\\/renal\\\/\",\"url\":\"https:\\\/\\\/bien-etreiris.ch\\\/de\\\/renal\\\/\",\"name\":\"RENAL - WOHLBEFINDEN\",\"isPartOf\":{\"@id\":\"https:\\\/\\\/bien-etreiris.ch\\\/de\\\/#website\"},\"primaryImageOfPage\":{\"@id\":\"https:\\\/\\\/bien-etreiris.ch\\\/de\\\/renal\\\/#primaryimage\"},\"image\":{\"@id\":\"https:\\\/\\\/bien-etreiris.ch\\\/de\\\/renal\\\/#primaryimage\"},\"thumbnailUrl\":\"https:\\\/\\\/bien-etreiris.ch\\\/wp-content\\\/uploads\\\/2025\\\/02\\\/acceuil-renal.jpg\",\"datePublished\":\"2025-02-16T13:44:23+00:00\",\"dateModified\":\"2025-02-16T14:01:24+00:00\",\"breadcrumb\":{\"@id\":\"https:\\\/\\\/bien-etreiris.ch\\\/de\\\/renal\\\/#breadcrumb\"},\"inLanguage\":\"de\",\"potentialAction\":[{\"@type\":\"ReadAction\",\"target\":[\"https:\\\/\\\/bien-etreiris.ch\\\/de\\\/renal\\\/\"]}]},{\"@type\":\"ImageObject\",\"inLanguage\":\"de\",\"@id\":\"https:\\\/\\\/bien-etreiris.ch\\\/de\\\/renal\\\/#primaryimage\",\"url\":\"https:\\\/\\\/bien-etreiris.ch\\\/wp-content\\\/uploads\\\/2025\\\/02\\\/acceuil-renal.jpg\",\"contentUrl\":\"https:\\\/\\\/bien-etreiris.ch\\\/wp-content\\\/uploads\\\/2025\\\/02\\\/acceuil-renal.jpg\",\"width\":500,\"height\":333},{\"@type\":\"BreadcrumbList\",\"@id\":\"https:\\\/\\\/bien-etreiris.ch\\\/de\\\/renal\\\/#breadcrumb\",\"itemListElement\":[{\"@type\":\"ListItem\",\"position\":1,\"name\":\"Home\",\"item\":\"https:\\\/\\\/bien-etreiris.ch\\\/de\\\/\"},{\"@type\":\"ListItem\",\"position\":2,\"name\":\"RENAL\"}]},{\"@type\":\"WebSite\",\"@id\":\"https:\\\/\\\/bien-etreiris.ch\\\/de\\\/#website\",\"url\":\"https:\\\/\\\/bien-etreiris.ch\\\/de\\\/\",\"name\":\"Bien-\u00eatre Iris\",\"description\":\"IHRE Gesundheit ist uns wichtig\",\"potentialAction\":[{\"@type\":\"SearchAction\",\"target\":{\"@type\":\"EntryPoint\",\"urlTemplate\":\"https:\\\/\\\/bien-etreiris.ch\\\/de\\\/?s={search_term_string}\"},\"query-input\":{\"@type\":\"PropertyValueSpecification\",\"valueRequired\":true,\"valueName\":\"search_term_string\"}}],\"inLanguage\":\"de\"}]}<\/script>\n<!-- \/ Yoast SEO plugin. -->","yoast_head_json":{"title":"RENAL - WOHLBEFINDEN","robots":{"index":"index","follow":"follow","max-snippet":"max-snippet:-1","max-image-preview":"max-image-preview:large","max-video-preview":"max-video-preview:-1"},"canonical":"https:\/\/bien-etreiris.ch\/de\/renal\/","og_locale":"de_DE","og_type":"article","og_title":"RENAL - WOHLBEFINDEN","og_description":"Renal Health &nbsp; &nbsp; &nbsp; &nbsp; &nbsp; &nbsp; &nbsp; &nbsp; Naturcanin RENAL HEALTH est indiqu\u00e9 pour maintenir une bonne fonction r\u00e9nale et soulager les probl\u00e8mes n\u00e9phr\u00e9tiques chez les animaux. Poids : 125g CHF 19.00 &nbsp; &nbsp; &nbsp; Description RENAL HEALTH est indiqu\u00e9 pour maintenir une bonne sant\u00e9 r\u00e9nale et soulager les probl\u00e8mes n\u00e9phr\u00e9tiques chez les animaux. Le m\u00e9lange de plantes&nbsp;Weiter lesen","og_url":"https:\/\/bien-etreiris.ch\/de\/renal\/","og_site_name":"WOHLBEFINDEN","article_publisher":"https:\/\/www.facebook.com\/bienetreiris\/","article_modified_time":"2025-02-16T14:01:24+00:00","og_image":[{"width":500,"height":333,"url":"https:\/\/bien-etreiris.ch\/wp-content\/uploads\/2025\/02\/acceuil-renal.jpg","type":"image\/jpeg"}],"twitter_misc":{"Gesch\u00e4tzte Lesezeit":"1\u00a0Minute"},"schema":{"@context":"https:\/\/schema.org","@graph":[{"@type":"WebPage","@id":"https:\/\/bien-etreiris.ch\/de\/renal\/","url":"https:\/\/bien-etreiris.ch\/de\/renal\/","name":"RENAL - WOHLBEFINDEN","isPartOf":{"@id":"https:\/\/bien-etreiris.ch\/de\/#website"},"primaryImageOfPage":{"@id":"https:\/\/bien-etreiris.ch\/de\/renal\/#primaryimage"},"image":{"@id":"https:\/\/bien-etreiris.ch\/de\/renal\/#primaryimage"},"thumbnailUrl":"https:\/\/bien-etreiris.ch\/wp-content\/uploads\/2025\/02\/acceuil-renal.jpg","datePublished":"2025-02-16T13:44:23+00:00","dateModified":"2025-02-16T14:01:24+00:00","breadcrumb":{"@id":"https:\/\/bien-etreiris.ch\/de\/renal\/#breadcrumb"},"inLanguage":"de","potentialAction":[{"@type":"ReadAction","target":["https:\/\/bien-etreiris.ch\/de\/renal\/"]}]},{"@type":"ImageObject","inLanguage":"de","@id":"https:\/\/bien-etreiris.ch\/de\/renal\/#primaryimage","url":"https:\/\/bien-etreiris.ch\/wp-content\/uploads\/2025\/02\/acceuil-renal.jpg","contentUrl":"https:\/\/bien-etreiris.ch\/wp-content\/uploads\/2025\/02\/acceuil-renal.jpg","width":500,"height":333},{"@type":"BreadcrumbList","@id":"https:\/\/bien-etreiris.ch\/de\/renal\/#breadcrumb","itemListElement":[{"@type":"ListItem","position":1,"name":"Home","item":"https:\/\/bien-etreiris.ch\/de\/"},{"@type":"ListItem","position":2,"name":"RENAL"}]},{"@type":"WebSite","@id":"https:\/\/bien-etreiris.ch\/de\/#website","url":"https:\/\/bien-etreiris.ch\/de\/","name":"Bien-\u00eatre Iris","description":"IHRE Gesundheit ist uns wichtig","potentialAction":[{"@type":"SearchAction","target":{"@type":"EntryPoint","urlTemplate":"https:\/\/bien-etreiris.ch\/de\/?s={search_term_string}"},"query-input":{"@type":"PropertyValueSpecification","valueRequired":true,"valueName":"search_term_string"}}],"inLanguage":"de"}]}},"_links":{"self":[{"href":"https:\/\/bien-etreiris.ch\/de\/wp-json\/wp\/v2\/pages\/96127","targetHints":{"allow":["GET"]}}],"collection":[{"href":"https:\/\/bien-etreiris.ch\/de\/wp-json\/wp\/v2\/pages"}],"about":[{"href":"https:\/\/bien-etreiris.ch\/de\/wp-json\/wp\/v2\/types\/page"}],"author":[{"embeddable":true,"href":"https:\/\/bien-etreiris.ch\/de\/wp-json\/wp\/v2\/users\/1"}],"replies":[{"embeddable":true,"href":"https:\/\/bien-etreiris.ch\/de\/wp-json\/wp\/v2\/comments?post=96127"}],"version-history":[{"count":5,"href":"https:\/\/bien-etreiris.ch\/de\/wp-json\/wp\/v2\/pages\/96127\/revisions"}],"predecessor-version":[{"id":96149,"href":"https:\/\/bien-etreiris.ch\/de\/wp-json\/wp\/v2\/pages\/96127\/revisions\/96149"}],"up":[{"embeddable":true,"href":"https:\/\/bien-etreiris.ch\/de\/wp-json\/wp\/v2\/pages\/96153"}],"wp:featuredmedia":[{"embeddable":true,"href":"https:\/\/bien-etreiris.ch\/de\/wp-json\/wp\/v2\/media\/96145"}],"wp:attachment":[{"href":"https:\/\/bien-etreiris.ch\/de\/wp-json\/wp\/v2\/media?parent=96127"}],"curies":[{"name":"wp","href":"https:\/\/api.w.org\/{rel}","templated":true}]}}