{"id":96100,"date":"2025-02-16T15:03:50","date_gmt":"2025-02-16T13:03:50","guid":{"rendered":"https:\/\/bien-etreiris.ch\/pelo-y-piel\/"},"modified":"2025-02-16T15:08:58","modified_gmt":"2025-02-16T13:08:58","slug":"pelo-y-piel","status":"publish","type":"page","link":"https:\/\/bien-etreiris.ch\/de\/produktpraesentation\/zoom-die-welt-der-tiere\/gesundheit-der-tiere\/phytotherapie\/mixtes-des-herbes\/pelo-y-piel\/","title":{"rendered":"PELO Y PIEL"},"content":{"rendered":"\n<h2>Pelo y Piel<\/h2>\n<p><img loading=\"lazy\" decoding=\"async\" class=\"wp-image-96095 alignleft\" src=\"https:\/\/bien-etreiris.ch\/wp-content\/uploads\/2025\/02\/Pelo-y-Piel.jpg\" alt=\"\" width=\"310\" height=\"506\" srcset=\"https:\/\/bien-etreiris.ch\/wp-content\/uploads\/2025\/02\/Pelo-y-Piel.jpg 653w, https:\/\/bien-etreiris.ch\/wp-content\/uploads\/2025\/02\/Pelo-y-Piel-184x300.jpg 184w, https:\/\/bien-etreiris.ch\/wp-content\/uploads\/2025\/02\/Pelo-y-Piel-628x1024.jpg 628w\" sizes=\"auto, (max-width: 310px) 100vw, 310px\" \/><\/p>\n\n\n<p>&nbsp;<\/p>\n<p>&nbsp;<\/p>\n<p>&nbsp;<\/p>\n<p>&nbsp;<\/p>\n<p>&nbsp;<\/p>\n<h4><a href=\"https:\/\/bien-etreiris.ch\/de\/unsere-marken\/naturcanin\/\" target=\"_blank\" rel=\"noopener\">Naturcanin<\/a><\/h4>\n<p>PELO Y Piel est indiqu\u00e9 pour aider \u00e0 maintenir une meilleur peau et la croissance des poils en bon \u00e9tat, gr\u00e2ce \u00e0 ses effets purifiants, remin\u00e9ralisants, antiseptiques, anti-inflammatoires et stimulants des tissus conjonctifs.<\/p>\n<h4><strong>Poids : 125 gr.<\/strong><\/h4>\n<h4>CHF 19.00<\/h4>\n<p>&nbsp;<\/p>\n<p>&nbsp;<\/p>\n<p>&nbsp;<\/p>\n<p>&nbsp;<\/p>\n<h4>Description&nbsp;<\/h4>\n<p>PELO Y PIEL est indiqu\u00e9 pour aider \u00e0 maintenir une meilleur peau et la croissance des poils en bon \u00e9tat, gr\u00e2ce \u00e0 ses effets purifiants, remin\u00e9ralisants, antiseptiques, anti-inflammatoires et stimulants des tissus conjonctifs.<\/p>\n<p>La formule PELO Y PIEL contient des plantes riches en vitamines et min\u00e9raux et est recommand\u00e9e en cas de dermatite, psoriasis, acn\u00e9, ulc\u00e8res et inflammations cutan\u00e9es, blessures, \u0153d\u00e8me et chute de poils.<\/p>\n<p>&nbsp;<\/p>\n<h4><strong>Dose journali\u00e8re recommand\u00e9e :<\/strong><\/h4>\n<p>Chien 0-10 kg 1\/2 cuill\u00e8re \u00e0 caf\u00e9 (1,5 g)<\/p>\n<p>Chien 10-20 kg 1-2 cuill\u00e8res \u00e0 caf\u00e9 (3-6 g)<\/p>\n<p>Chien 20-30 kg 2-3 cuill\u00e8res \u00e0 caf\u00e9 (6-9 g)<\/p>\n<p>Chien de plus de 30 kg 3-4 cuill\u00e8res \u00e0 caf\u00e9 (9-12 g)<\/p>\n<p>M\u00e9langer directement dans le menu Barf.<\/p>\n<p>Une fois ouvert, conserver dans un endroit frais.<\/p>\n<p>&nbsp;<\/p>\n<h4><b>INGR\u00c9DIENTS : <\/b><\/h4>\n<p>luzerne, tr\u00e8fle des pr\u00e9s, persil, bardane, pr\u00eale, pissenlit, ortie, tr\u00e8fle rouge, levure de bi\u00e8re<\/p>","protected":false},"excerpt":{"rendered":"<p>Pelo y Piel &nbsp; &nbsp; &nbsp; &nbsp; &nbsp; Naturcanin PELO Y Piel est indiqu\u00e9 pour aider \u00e0 maintenir une meilleur peau et la croissance des poils en bon \u00e9tat, gr\u00e2ce \u00e0 ses effets purifiants, remin\u00e9ralisants, antiseptiques, anti-inflammatoires et stimulants des tissus conjonctifs. Poids : 125 gr. CHF 19.00 &nbsp; &nbsp; &nbsp; &nbsp; Description&nbsp; PELO Y PIEL est indiqu\u00e9 pour aider&nbsp;<a href=\"https:\/\/bien-etreiris.ch\/de\/produktpraesentation\/zoom-die-welt-der-tiere\/gesundheit-der-tiere\/phytotherapie\/mixtes-des-herbes\/pelo-y-piel\/\" class=\"read-more\">Weiter lesen<\/a><\/p>\n","protected":false},"author":1,"featured_media":96094,"parent":96153,"menu_order":168,"comment_status":"closed","ping_status":"closed","template":"page-with-child.php","meta":{"_acf_changed":false,"ngg_post_thumbnail":0,"footnotes":""},"class_list":["post-96100","page","type-page","status-publish","has-post-thumbnail","hentry"],"acf":[],"yoast_head":"<!-- This site is optimized with the Yoast SEO plugin v27.5 - https:\/\/yoast.com\/product\/yoast-seo-wordpress\/ -->\n<title>PELO Y PIEL - WOHLBEFINDEN<\/title>\n<meta name=\"robots\" content=\"index, follow, max-snippet:-1, max-image-preview:large, max-video-preview:-1\" \/>\n<link rel=\"canonical\" href=\"https:\/\/bien-etreiris.ch\/de\/pelo-y-piel\/\" \/>\n<meta property=\"og:locale\" content=\"de_DE\" \/>\n<meta property=\"og:type\" content=\"article\" \/>\n<meta property=\"og:title\" content=\"PELO Y PIEL - WOHLBEFINDEN\" \/>\n<meta property=\"og:description\" content=\"Pelo y Piel &nbsp; &nbsp; &nbsp; &nbsp; &nbsp; Naturcanin PELO Y Piel est indiqu\u00e9 pour aider \u00e0 maintenir une meilleur peau et la croissance des poils en bon \u00e9tat, gr\u00e2ce \u00e0 ses effets purifiants, remin\u00e9ralisants, antiseptiques, anti-inflammatoires et stimulants des tissus conjonctifs. Poids : 125 gr. CHF 19.00 &nbsp; &nbsp; &nbsp; &nbsp; Description&nbsp; PELO Y PIEL est indiqu\u00e9 pour aider&nbsp;Weiter lesen\" \/>\n<meta property=\"og:url\" content=\"https:\/\/bien-etreiris.ch\/de\/pelo-y-piel\/\" \/>\n<meta property=\"og:site_name\" content=\"WOHLBEFINDEN\" \/>\n<meta property=\"article:publisher\" content=\"https:\/\/www.facebook.com\/bienetreiris\/\" \/>\n<meta property=\"article:modified_time\" content=\"2025-02-16T13:08:58+00:00\" \/>\n<meta property=\"og:image\" content=\"https:\/\/bien-etreiris.ch\/wp-content\/uploads\/2025\/02\/acceuil-PELO-Y-PIEL.jpg\" \/>\n\t<meta property=\"og:image:width\" content=\"500\" \/>\n\t<meta property=\"og:image:height\" content=\"333\" \/>\n\t<meta property=\"og:image:type\" content=\"image\/jpeg\" \/>\n<meta name=\"twitter:label1\" content=\"Gesch\u00e4tzte Lesezeit\" \/>\n\t<meta name=\"twitter:data1\" content=\"2\u00a0Minuten\" \/>\n<script type=\"application\/ld+json\" class=\"yoast-schema-graph\">{\"@context\":\"https:\\\/\\\/schema.org\",\"@graph\":[{\"@type\":\"WebPage\",\"@id\":\"https:\\\/\\\/bien-etreiris.ch\\\/de\\\/pelo-y-piel\\\/\",\"url\":\"https:\\\/\\\/bien-etreiris.ch\\\/de\\\/pelo-y-piel\\\/\",\"name\":\"PELO Y PIEL - WOHLBEFINDEN\",\"isPartOf\":{\"@id\":\"https:\\\/\\\/bien-etreiris.ch\\\/de\\\/#website\"},\"primaryImageOfPage\":{\"@id\":\"https:\\\/\\\/bien-etreiris.ch\\\/de\\\/pelo-y-piel\\\/#primaryimage\"},\"image\":{\"@id\":\"https:\\\/\\\/bien-etreiris.ch\\\/de\\\/pelo-y-piel\\\/#primaryimage\"},\"thumbnailUrl\":\"https:\\\/\\\/bien-etreiris.ch\\\/wp-content\\\/uploads\\\/2025\\\/02\\\/acceuil-PELO-Y-PIEL.jpg\",\"datePublished\":\"2025-02-16T13:03:50+00:00\",\"dateModified\":\"2025-02-16T13:08:58+00:00\",\"breadcrumb\":{\"@id\":\"https:\\\/\\\/bien-etreiris.ch\\\/de\\\/pelo-y-piel\\\/#breadcrumb\"},\"inLanguage\":\"de\",\"potentialAction\":[{\"@type\":\"ReadAction\",\"target\":[\"https:\\\/\\\/bien-etreiris.ch\\\/de\\\/pelo-y-piel\\\/\"]}]},{\"@type\":\"ImageObject\",\"inLanguage\":\"de\",\"@id\":\"https:\\\/\\\/bien-etreiris.ch\\\/de\\\/pelo-y-piel\\\/#primaryimage\",\"url\":\"https:\\\/\\\/bien-etreiris.ch\\\/wp-content\\\/uploads\\\/2025\\\/02\\\/acceuil-PELO-Y-PIEL.jpg\",\"contentUrl\":\"https:\\\/\\\/bien-etreiris.ch\\\/wp-content\\\/uploads\\\/2025\\\/02\\\/acceuil-PELO-Y-PIEL.jpg\",\"width\":500,\"height\":333},{\"@type\":\"BreadcrumbList\",\"@id\":\"https:\\\/\\\/bien-etreiris.ch\\\/de\\\/pelo-y-piel\\\/#breadcrumb\",\"itemListElement\":[{\"@type\":\"ListItem\",\"position\":1,\"name\":\"Home\",\"item\":\"https:\\\/\\\/bien-etreiris.ch\\\/de\\\/\"},{\"@type\":\"ListItem\",\"position\":2,\"name\":\"PELO Y PIEL\"}]},{\"@type\":\"WebSite\",\"@id\":\"https:\\\/\\\/bien-etreiris.ch\\\/de\\\/#website\",\"url\":\"https:\\\/\\\/bien-etreiris.ch\\\/de\\\/\",\"name\":\"Bien-\u00eatre Iris\",\"description\":\"IHRE Gesundheit ist uns wichtig\",\"potentialAction\":[{\"@type\":\"SearchAction\",\"target\":{\"@type\":\"EntryPoint\",\"urlTemplate\":\"https:\\\/\\\/bien-etreiris.ch\\\/de\\\/?s={search_term_string}\"},\"query-input\":{\"@type\":\"PropertyValueSpecification\",\"valueRequired\":true,\"valueName\":\"search_term_string\"}}],\"inLanguage\":\"de\"}]}<\/script>\n<!-- \/ Yoast SEO plugin. -->","yoast_head_json":{"title":"PELO Y PIEL - WOHLBEFINDEN","robots":{"index":"index","follow":"follow","max-snippet":"max-snippet:-1","max-image-preview":"max-image-preview:large","max-video-preview":"max-video-preview:-1"},"canonical":"https:\/\/bien-etreiris.ch\/de\/pelo-y-piel\/","og_locale":"de_DE","og_type":"article","og_title":"PELO Y PIEL - WOHLBEFINDEN","og_description":"Pelo y Piel &nbsp; &nbsp; &nbsp; &nbsp; &nbsp; Naturcanin PELO Y Piel est indiqu\u00e9 pour aider \u00e0 maintenir une meilleur peau et la croissance des poils en bon \u00e9tat, gr\u00e2ce \u00e0 ses effets purifiants, remin\u00e9ralisants, antiseptiques, anti-inflammatoires et stimulants des tissus conjonctifs. Poids : 125 gr. CHF 19.00 &nbsp; &nbsp; &nbsp; &nbsp; Description&nbsp; PELO Y PIEL est indiqu\u00e9 pour aider&nbsp;Weiter lesen","og_url":"https:\/\/bien-etreiris.ch\/de\/pelo-y-piel\/","og_site_name":"WOHLBEFINDEN","article_publisher":"https:\/\/www.facebook.com\/bienetreiris\/","article_modified_time":"2025-02-16T13:08:58+00:00","og_image":[{"width":500,"height":333,"url":"https:\/\/bien-etreiris.ch\/wp-content\/uploads\/2025\/02\/acceuil-PELO-Y-PIEL.jpg","type":"image\/jpeg"}],"twitter_misc":{"Gesch\u00e4tzte Lesezeit":"2\u00a0Minuten"},"schema":{"@context":"https:\/\/schema.org","@graph":[{"@type":"WebPage","@id":"https:\/\/bien-etreiris.ch\/de\/pelo-y-piel\/","url":"https:\/\/bien-etreiris.ch\/de\/pelo-y-piel\/","name":"PELO Y PIEL - WOHLBEFINDEN","isPartOf":{"@id":"https:\/\/bien-etreiris.ch\/de\/#website"},"primaryImageOfPage":{"@id":"https:\/\/bien-etreiris.ch\/de\/pelo-y-piel\/#primaryimage"},"image":{"@id":"https:\/\/bien-etreiris.ch\/de\/pelo-y-piel\/#primaryimage"},"thumbnailUrl":"https:\/\/bien-etreiris.ch\/wp-content\/uploads\/2025\/02\/acceuil-PELO-Y-PIEL.jpg","datePublished":"2025-02-16T13:03:50+00:00","dateModified":"2025-02-16T13:08:58+00:00","breadcrumb":{"@id":"https:\/\/bien-etreiris.ch\/de\/pelo-y-piel\/#breadcrumb"},"inLanguage":"de","potentialAction":[{"@type":"ReadAction","target":["https:\/\/bien-etreiris.ch\/de\/pelo-y-piel\/"]}]},{"@type":"ImageObject","inLanguage":"de","@id":"https:\/\/bien-etreiris.ch\/de\/pelo-y-piel\/#primaryimage","url":"https:\/\/bien-etreiris.ch\/wp-content\/uploads\/2025\/02\/acceuil-PELO-Y-PIEL.jpg","contentUrl":"https:\/\/bien-etreiris.ch\/wp-content\/uploads\/2025\/02\/acceuil-PELO-Y-PIEL.jpg","width":500,"height":333},{"@type":"BreadcrumbList","@id":"https:\/\/bien-etreiris.ch\/de\/pelo-y-piel\/#breadcrumb","itemListElement":[{"@type":"ListItem","position":1,"name":"Home","item":"https:\/\/bien-etreiris.ch\/de\/"},{"@type":"ListItem","position":2,"name":"PELO Y PIEL"}]},{"@type":"WebSite","@id":"https:\/\/bien-etreiris.ch\/de\/#website","url":"https:\/\/bien-etreiris.ch\/de\/","name":"Bien-\u00eatre Iris","description":"IHRE Gesundheit ist uns wichtig","potentialAction":[{"@type":"SearchAction","target":{"@type":"EntryPoint","urlTemplate":"https:\/\/bien-etreiris.ch\/de\/?s={search_term_string}"},"query-input":{"@type":"PropertyValueSpecification","valueRequired":true,"valueName":"search_term_string"}}],"inLanguage":"de"}]}},"_links":{"self":[{"href":"https:\/\/bien-etreiris.ch\/de\/wp-json\/wp\/v2\/pages\/96100","targetHints":{"allow":["GET"]}}],"collection":[{"href":"https:\/\/bien-etreiris.ch\/de\/wp-json\/wp\/v2\/pages"}],"about":[{"href":"https:\/\/bien-etreiris.ch\/de\/wp-json\/wp\/v2\/types\/page"}],"author":[{"embeddable":true,"href":"https:\/\/bien-etreiris.ch\/de\/wp-json\/wp\/v2\/users\/1"}],"replies":[{"embeddable":true,"href":"https:\/\/bien-etreiris.ch\/de\/wp-json\/wp\/v2\/comments?post=96100"}],"version-history":[{"count":1,"href":"https:\/\/bien-etreiris.ch\/de\/wp-json\/wp\/v2\/pages\/96100\/revisions"}],"predecessor-version":[{"id":96102,"href":"https:\/\/bien-etreiris.ch\/de\/wp-json\/wp\/v2\/pages\/96100\/revisions\/96102"}],"up":[{"embeddable":true,"href":"https:\/\/bien-etreiris.ch\/de\/wp-json\/wp\/v2\/pages\/96153"}],"wp:featuredmedia":[{"embeddable":true,"href":"https:\/\/bien-etreiris.ch\/de\/wp-json\/wp\/v2\/media\/96094"}],"wp:attachment":[{"href":"https:\/\/bien-etreiris.ch\/de\/wp-json\/wp\/v2\/media?parent=96100"}],"curies":[{"name":"wp","href":"https:\/\/api.w.org\/{rel}","templated":true}]}}