{"id":96066,"date":"2025-02-16T14:12:52","date_gmt":"2025-02-16T12:12:52","guid":{"rendered":"https:\/\/bien-etreiris.ch\/detox\/"},"modified":"2025-02-16T14:24:28","modified_gmt":"2025-02-16T12:24:28","slug":"detox","status":"publish","type":"page","link":"https:\/\/bien-etreiris.ch\/de\/produktpraesentation\/zoom-die-welt-der-tiere\/gesundheit-der-tiere\/phytotherapie\/mixtes-des-herbes\/detox\/","title":{"rendered":"DETOX"},"content":{"rendered":"\n<h2>Detox - \u00e9liminer les toxines<\/h2>\n\n\n\n<p>&nbsp;<\/p>\n<p><img loading=\"lazy\" decoding=\"async\" class=\"wp-image-96061 alignleft\" src=\"https:\/\/bien-etreiris.ch\/wp-content\/uploads\/2025\/02\/Detox.jpg\" alt=\"\" width=\"281\" height=\"439\" srcset=\"https:\/\/bien-etreiris.ch\/wp-content\/uploads\/2025\/02\/Detox.jpg 687w, https:\/\/bien-etreiris.ch\/wp-content\/uploads\/2025\/02\/Detox-192x300.jpg 192w, https:\/\/bien-etreiris.ch\/wp-content\/uploads\/2025\/02\/Detox-656x1024.jpg 656w\" sizes=\"auto, (max-width: 281px) 100vw, 281px\" \/><\/p>\n<p>&nbsp;<\/p>\n<p>&nbsp;<\/p>\n<p>&nbsp;<\/p>\n<p>&nbsp;<\/p>\n<p>&nbsp;<\/p>\n<p>&nbsp;<\/p>\n<h4><a href=\"https:\/\/bien-etreiris.ch\/de\/unsere-marken\/naturcanin\/\" target=\"_blank\" rel=\"noopener\">Naturcanin<\/a><\/h4>\n<p>DETOX est indiqu\u00e9 pour purifier et re-min\u00e9raliser l'organisme, en aidant \u00e0 \u00e9liminer les toxines accumul\u00e9es dans le corps et en apportant des vitamines et des min\u00e9raux.<\/p>\n<h4><strong>Poids : 125g<\/strong><\/h4>\n<h4>CHF 19.00<\/h4>\n<p>&nbsp;<\/p>\n<p>&nbsp;<\/p>\n<p>&nbsp;<\/p>\n<h4>Description<\/h4>\n<p>DETOX est indiqu\u00e9 pour purifier et re min\u00e9raliser l'organisme, en aidant \u00e0 \u00e9liminer les toxines accumul\u00e9es dans le corps et en apportant des vitamines et des min\u00e9raux. La formule DETOX contient des plantes aux propri\u00e9t\u00e9s purifiantes, diur\u00e9tiques, remin\u00e9ralisantes et antioxydantes qui stimulent les fonctions h\u00e9patiques et r\u00e9nales, en plus de faciliter l'\u00e9limination des liquides. Il est particuli\u00e8rement recommand\u00e9 en cas de prise de m\u00e9dicaments, de r\u00e9tention d'eau et en compl\u00e9ment d'un r\u00e9gime irr\u00e9gulier ou incomplet, pour augmenter le niveau d'\u00e9nergie et la sant\u00e9 g\u00e9n\u00e9rale.<\/p>\n<h4><strong>Dose journali\u00e8re recommand\u00e9e :<\/strong><\/h4>\n<p>Chien de 0 \u00e0 10 kg : 1\/2 cuill\u00e8re \u00e0 caf\u00e9 (1,5 g)<\/p>\n<p>Chien de 10 \u00e0 20 kg : 1 \u00e0 2 cuill\u00e8res \u00e0 caf\u00e9 (3 \u00e0 6 g)<\/p>\n<p>Chien de 20 \u00e0 30 kg : 2 \u00e0 3 cuill\u00e8res \u00e0 caf\u00e9 (6 \u00e0 9 g)<\/p>\n<p>Chien de plus de 30 kg 3-4 cuill\u00e8res \u00e0 caf\u00e9 (9-12 g)<\/p>\n<p>M\u00e9langer directement dans le menu Barf.<\/p>\n<p>Une fois ouvert, conserver dans un endroit frais.<\/p>\n<p>&nbsp;<\/p>\n<h4><b>INGR\u00c9DIENTS : <\/b><\/h4>\n<p>Luzerne, pissenlit, pr\u00eale, chardon-Marie, bardane, verge d'or, cerisier, ortie, persil, curcuma<\/p>\n","protected":false},"excerpt":{"rendered":"<p>Detox - \u00e9liminer les toxines &nbsp; &nbsp; &nbsp; &nbsp; &nbsp; &nbsp; &nbsp; Naturcanin DETOX est indiqu\u00e9 pour purifier et re-min\u00e9raliser l'organisme, en aidant \u00e0 \u00e9liminer les toxines accumul\u00e9es dans le corps et en apportant des vitamines et des min\u00e9raux. Poids : 125g CHF 19.00 &nbsp; &nbsp; &nbsp; Description DETOX est indiqu\u00e9 pour purifier et re min\u00e9raliser l'organisme, en aidant \u00e0&nbsp;<a href=\"https:\/\/bien-etreiris.ch\/de\/produktpraesentation\/zoom-die-welt-der-tiere\/gesundheit-der-tiere\/phytotherapie\/mixtes-des-herbes\/detox\/\" class=\"read-more\">Weiter lesen<\/a><\/p>\n","protected":false},"author":1,"featured_media":96060,"parent":96153,"menu_order":176,"comment_status":"closed","ping_status":"closed","template":"page-with-child.php","meta":{"_acf_changed":false,"ngg_post_thumbnail":0,"footnotes":""},"class_list":["post-96066","page","type-page","status-publish","has-post-thumbnail","hentry"],"acf":[],"yoast_head":"<!-- This site is optimized with the Yoast SEO plugin v27.5 - https:\/\/yoast.com\/product\/yoast-seo-wordpress\/ -->\n<title>DETOX - WOHLBEFINDEN<\/title>\n<meta name=\"robots\" content=\"index, follow, max-snippet:-1, max-image-preview:large, max-video-preview:-1\" \/>\n<link rel=\"canonical\" href=\"https:\/\/bien-etreiris.ch\/de\/detox\/\" \/>\n<meta property=\"og:locale\" content=\"de_DE\" \/>\n<meta property=\"og:type\" content=\"article\" \/>\n<meta property=\"og:title\" content=\"DETOX - WOHLBEFINDEN\" \/>\n<meta property=\"og:description\" content=\"Detox - \u00e9liminer les toxines &nbsp; &nbsp; &nbsp; &nbsp; &nbsp; &nbsp; &nbsp; Naturcanin DETOX est indiqu\u00e9 pour purifier et re-min\u00e9raliser l&#039;organisme, en aidant \u00e0 \u00e9liminer les toxines accumul\u00e9es dans le corps et en apportant des vitamines et des min\u00e9raux. Poids : 125g CHF 19.00 &nbsp; &nbsp; &nbsp; Description DETOX est indiqu\u00e9 pour purifier et re min\u00e9raliser l&#039;organisme, en aidant \u00e0&nbsp;Weiter lesen\" \/>\n<meta property=\"og:url\" content=\"https:\/\/bien-etreiris.ch\/de\/detox\/\" \/>\n<meta property=\"og:site_name\" content=\"WOHLBEFINDEN\" \/>\n<meta property=\"article:publisher\" content=\"https:\/\/www.facebook.com\/bienetreiris\/\" \/>\n<meta property=\"article:modified_time\" content=\"2025-02-16T12:24:28+00:00\" \/>\n<meta property=\"og:image\" content=\"https:\/\/bien-etreiris.ch\/wp-content\/uploads\/2025\/02\/acceuil-detox.jpg\" \/>\n\t<meta property=\"og:image:width\" content=\"500\" \/>\n\t<meta property=\"og:image:height\" content=\"333\" \/>\n\t<meta property=\"og:image:type\" content=\"image\/jpeg\" \/>\n<meta name=\"twitter:label1\" content=\"Gesch\u00e4tzte Lesezeit\" \/>\n\t<meta name=\"twitter:data1\" content=\"2\u00a0Minuten\" \/>\n<script type=\"application\/ld+json\" class=\"yoast-schema-graph\">{\"@context\":\"https:\\\/\\\/schema.org\",\"@graph\":[{\"@type\":\"WebPage\",\"@id\":\"https:\\\/\\\/bien-etreiris.ch\\\/de\\\/detox\\\/\",\"url\":\"https:\\\/\\\/bien-etreiris.ch\\\/de\\\/detox\\\/\",\"name\":\"DETOX - WOHLBEFINDEN\",\"isPartOf\":{\"@id\":\"https:\\\/\\\/bien-etreiris.ch\\\/de\\\/#website\"},\"primaryImageOfPage\":{\"@id\":\"https:\\\/\\\/bien-etreiris.ch\\\/de\\\/detox\\\/#primaryimage\"},\"image\":{\"@id\":\"https:\\\/\\\/bien-etreiris.ch\\\/de\\\/detox\\\/#primaryimage\"},\"thumbnailUrl\":\"https:\\\/\\\/bien-etreiris.ch\\\/wp-content\\\/uploads\\\/2025\\\/02\\\/acceuil-detox.jpg\",\"datePublished\":\"2025-02-16T12:12:52+00:00\",\"dateModified\":\"2025-02-16T12:24:28+00:00\",\"breadcrumb\":{\"@id\":\"https:\\\/\\\/bien-etreiris.ch\\\/de\\\/detox\\\/#breadcrumb\"},\"inLanguage\":\"de\",\"potentialAction\":[{\"@type\":\"ReadAction\",\"target\":[\"https:\\\/\\\/bien-etreiris.ch\\\/de\\\/detox\\\/\"]}]},{\"@type\":\"ImageObject\",\"inLanguage\":\"de\",\"@id\":\"https:\\\/\\\/bien-etreiris.ch\\\/de\\\/detox\\\/#primaryimage\",\"url\":\"https:\\\/\\\/bien-etreiris.ch\\\/wp-content\\\/uploads\\\/2025\\\/02\\\/acceuil-detox.jpg\",\"contentUrl\":\"https:\\\/\\\/bien-etreiris.ch\\\/wp-content\\\/uploads\\\/2025\\\/02\\\/acceuil-detox.jpg\",\"width\":500,\"height\":333},{\"@type\":\"BreadcrumbList\",\"@id\":\"https:\\\/\\\/bien-etreiris.ch\\\/de\\\/detox\\\/#breadcrumb\",\"itemListElement\":[{\"@type\":\"ListItem\",\"position\":1,\"name\":\"Home\",\"item\":\"https:\\\/\\\/bien-etreiris.ch\\\/de\\\/\"},{\"@type\":\"ListItem\",\"position\":2,\"name\":\"DETOX\"}]},{\"@type\":\"WebSite\",\"@id\":\"https:\\\/\\\/bien-etreiris.ch\\\/de\\\/#website\",\"url\":\"https:\\\/\\\/bien-etreiris.ch\\\/de\\\/\",\"name\":\"Bien-\u00eatre Iris\",\"description\":\"IHRE Gesundheit ist uns wichtig\",\"potentialAction\":[{\"@type\":\"SearchAction\",\"target\":{\"@type\":\"EntryPoint\",\"urlTemplate\":\"https:\\\/\\\/bien-etreiris.ch\\\/de\\\/?s={search_term_string}\"},\"query-input\":{\"@type\":\"PropertyValueSpecification\",\"valueRequired\":true,\"valueName\":\"search_term_string\"}}],\"inLanguage\":\"de\"}]}<\/script>\n<!-- \/ Yoast SEO plugin. -->","yoast_head_json":{"title":"DETOX - WOHLBEFINDEN","robots":{"index":"index","follow":"follow","max-snippet":"max-snippet:-1","max-image-preview":"max-image-preview:large","max-video-preview":"max-video-preview:-1"},"canonical":"https:\/\/bien-etreiris.ch\/de\/detox\/","og_locale":"de_DE","og_type":"article","og_title":"DETOX - WOHLBEFINDEN","og_description":"Detox - \u00e9liminer les toxines &nbsp; &nbsp; &nbsp; &nbsp; &nbsp; &nbsp; &nbsp; Naturcanin DETOX est indiqu\u00e9 pour purifier et re-min\u00e9raliser l'organisme, en aidant \u00e0 \u00e9liminer les toxines accumul\u00e9es dans le corps et en apportant des vitamines et des min\u00e9raux. Poids : 125g CHF 19.00 &nbsp; &nbsp; &nbsp; Description DETOX est indiqu\u00e9 pour purifier et re min\u00e9raliser l'organisme, en aidant \u00e0&nbsp;Weiter lesen","og_url":"https:\/\/bien-etreiris.ch\/de\/detox\/","og_site_name":"WOHLBEFINDEN","article_publisher":"https:\/\/www.facebook.com\/bienetreiris\/","article_modified_time":"2025-02-16T12:24:28+00:00","og_image":[{"width":500,"height":333,"url":"https:\/\/bien-etreiris.ch\/wp-content\/uploads\/2025\/02\/acceuil-detox.jpg","type":"image\/jpeg"}],"twitter_misc":{"Gesch\u00e4tzte Lesezeit":"2\u00a0Minuten"},"schema":{"@context":"https:\/\/schema.org","@graph":[{"@type":"WebPage","@id":"https:\/\/bien-etreiris.ch\/de\/detox\/","url":"https:\/\/bien-etreiris.ch\/de\/detox\/","name":"DETOX - WOHLBEFINDEN","isPartOf":{"@id":"https:\/\/bien-etreiris.ch\/de\/#website"},"primaryImageOfPage":{"@id":"https:\/\/bien-etreiris.ch\/de\/detox\/#primaryimage"},"image":{"@id":"https:\/\/bien-etreiris.ch\/de\/detox\/#primaryimage"},"thumbnailUrl":"https:\/\/bien-etreiris.ch\/wp-content\/uploads\/2025\/02\/acceuil-detox.jpg","datePublished":"2025-02-16T12:12:52+00:00","dateModified":"2025-02-16T12:24:28+00:00","breadcrumb":{"@id":"https:\/\/bien-etreiris.ch\/de\/detox\/#breadcrumb"},"inLanguage":"de","potentialAction":[{"@type":"ReadAction","target":["https:\/\/bien-etreiris.ch\/de\/detox\/"]}]},{"@type":"ImageObject","inLanguage":"de","@id":"https:\/\/bien-etreiris.ch\/de\/detox\/#primaryimage","url":"https:\/\/bien-etreiris.ch\/wp-content\/uploads\/2025\/02\/acceuil-detox.jpg","contentUrl":"https:\/\/bien-etreiris.ch\/wp-content\/uploads\/2025\/02\/acceuil-detox.jpg","width":500,"height":333},{"@type":"BreadcrumbList","@id":"https:\/\/bien-etreiris.ch\/de\/detox\/#breadcrumb","itemListElement":[{"@type":"ListItem","position":1,"name":"Home","item":"https:\/\/bien-etreiris.ch\/de\/"},{"@type":"ListItem","position":2,"name":"DETOX"}]},{"@type":"WebSite","@id":"https:\/\/bien-etreiris.ch\/de\/#website","url":"https:\/\/bien-etreiris.ch\/de\/","name":"Bien-\u00eatre Iris","description":"IHRE Gesundheit ist uns wichtig","potentialAction":[{"@type":"SearchAction","target":{"@type":"EntryPoint","urlTemplate":"https:\/\/bien-etreiris.ch\/de\/?s={search_term_string}"},"query-input":{"@type":"PropertyValueSpecification","valueRequired":true,"valueName":"search_term_string"}}],"inLanguage":"de"}]}},"_links":{"self":[{"href":"https:\/\/bien-etreiris.ch\/de\/wp-json\/wp\/v2\/pages\/96066","targetHints":{"allow":["GET"]}}],"collection":[{"href":"https:\/\/bien-etreiris.ch\/de\/wp-json\/wp\/v2\/pages"}],"about":[{"href":"https:\/\/bien-etreiris.ch\/de\/wp-json\/wp\/v2\/types\/page"}],"author":[{"embeddable":true,"href":"https:\/\/bien-etreiris.ch\/de\/wp-json\/wp\/v2\/users\/1"}],"replies":[{"embeddable":true,"href":"https:\/\/bien-etreiris.ch\/de\/wp-json\/wp\/v2\/comments?post=96066"}],"version-history":[{"count":2,"href":"https:\/\/bien-etreiris.ch\/de\/wp-json\/wp\/v2\/pages\/96066\/revisions"}],"predecessor-version":[{"id":96071,"href":"https:\/\/bien-etreiris.ch\/de\/wp-json\/wp\/v2\/pages\/96066\/revisions\/96071"}],"up":[{"embeddable":true,"href":"https:\/\/bien-etreiris.ch\/de\/wp-json\/wp\/v2\/pages\/96153"}],"wp:featuredmedia":[{"embeddable":true,"href":"https:\/\/bien-etreiris.ch\/de\/wp-json\/wp\/v2\/media\/96060"}],"wp:attachment":[{"href":"https:\/\/bien-etreiris.ch\/de\/wp-json\/wp\/v2\/media?parent=96066"}],"curies":[{"name":"wp","href":"https:\/\/api.w.org\/{rel}","templated":true}]}}