{"id":96025,"date":"2025-02-16T10:22:35","date_gmt":"2025-02-16T08:22:35","guid":{"rendered":"https:\/\/bien-etreiris.ch\/articular\/"},"modified":"2025-02-16T16:18:55","modified_gmt":"2025-02-16T14:18:55","slug":"articular","status":"publish","type":"page","link":"https:\/\/bien-etreiris.ch\/de\/produktpraesentation\/zoom-die-welt-der-tiere\/gesundheit-der-tiere\/phytotherapie\/mixtes-des-herbes\/articular\/","title":{"rendered":"ARTICULAR"},"content":{"rendered":"\n<h2>Articular - Articulaire<\/h2>\n<p><img loading=\"lazy\" decoding=\"async\" class=\"wp-image-96020 alignleft\" src=\"https:\/\/bien-etreiris.ch\/wp-content\/uploads\/2025\/02\/Articulaire.jpg\" alt=\"\" width=\"297\" height=\"471\" srcset=\"https:\/\/bien-etreiris.ch\/wp-content\/uploads\/2025\/02\/Articulaire.jpg 699w, https:\/\/bien-etreiris.ch\/wp-content\/uploads\/2025\/02\/Articulaire-189x300.jpg 189w, https:\/\/bien-etreiris.ch\/wp-content\/uploads\/2025\/02\/Articulaire-646x1024.jpg 646w\" sizes=\"auto, (max-width: 297px) 100vw, 297px\" \/><\/p>\n\n\n<h4>&nbsp;<\/h4>\n<h4>&nbsp;<\/h4>\n<h4>&nbsp;<\/h4>\n<h4>&nbsp;<\/h4>\n<p>&nbsp;<\/p>\n<h4>&nbsp;<\/h4>\n<h4><a href=\"https:\/\/bien-etreiris.ch\/de\/unsere-marken\/naturcanin\/\" target=\"_blank\" rel=\"noopener\">Naturcanin<\/a><\/h4>\n<p>ARTICULAR est indiqu\u00e9 pour maintenir la sant\u00e9 du syst\u00e8me musculo-squelettique ou locomoteur, en apportant des bienfaits au niveau musculaire, articulaire et osseux.<\/p>\n<p>125 g<\/p>\n<h4>CHF 19.00<\/h4>\n<h4>&nbsp;<\/h4>\n<h4>&nbsp;<\/h4>\n<h4>&nbsp;<\/h4>\n<h4>Description<\/h4>\n<p>ARTICULAR est indiqu\u00e9 pour maintenir la sant\u00e9 du syst\u00e8me musculo-squelettique ou locomoteur, en apportant des bienfaits au niveau musculaire, articulaire et osseux. La formule ARTICULAR contient des plantes aux propri\u00e9t\u00e9s analg\u00e9siques, anti-inflammatoires, d\u00e9puratives, remin\u00e9ralisantes et immunostimulantes. Fortement recommand\u00e9es en cas d'inflammation, de douleurs musculaires et articulaires ou de probl\u00e8mes rhumatismaux, tels que l'arthrose et l'arthrite.<\/p>\n<p>&nbsp;<\/p>\n<h4><strong>Dose journali\u00e8re recommand\u00e9e :<\/strong><\/h4>\n<p>Chien 0-10 kg 1\/2 cuill\u00e8re \u00e0 caf\u00e9 (1,5 g)<\/p>\n<p>Chien 10-20 kg 1-2 cuill\u00e8res \u00e0 caf\u00e9 (3-6 g)<\/p>\n<p>Chien 20-30 kg 2-3 cuill\u00e8res \u00e0 caf\u00e9 (6-9 g)<\/p>\n<p>Chien plus de 30 kg 3-4 cuill\u00e8res \u00e0 caf\u00e9 (9-12 g)<\/p>\n<p>&nbsp;<\/p>\n<p>M\u00e9langer directement dans le menu Barf.<\/p>\n<p>Une fois ouvert, conserver dans un endroit frais.<\/p>\n<p>&nbsp;<\/p>\n<h4><b>INGR\u00c9DIENTS : <\/b><\/h4>\n<p class=\"ts__a-mt\">Harpagophytu, Pr\u00eale de champs, Bardane, Pissenlit, Millepertuis, Luzerne, Astragale, Ortie, Curcuma, Gingembre, Cerisier.&nbsp;<\/p>\n<h2>&nbsp;<\/h2>\n\n","protected":false},"excerpt":{"rendered":"<p>Articular - Articulaire &nbsp; &nbsp; &nbsp; &nbsp; &nbsp; &nbsp; Naturcanin ARTICULAR est indiqu\u00e9 pour maintenir la sant\u00e9 du syst\u00e8me musculo-squelettique ou locomoteur, en apportant des bienfaits au niveau musculaire, articulaire et osseux. 125 g CHF 19.00 &nbsp; &nbsp; &nbsp; Description ARTICULAR est indiqu\u00e9 pour maintenir la sant\u00e9 du syst\u00e8me musculo-squelettique ou locomoteur, en apportant des bienfaits au niveau musculaire, articulaire&nbsp;<a href=\"https:\/\/bien-etreiris.ch\/de\/produktpraesentation\/zoom-die-welt-der-tiere\/gesundheit-der-tiere\/phytotherapie\/mixtes-des-herbes\/articular\/\" class=\"read-more\">Weiter lesen<\/a><\/p>\n","protected":false},"author":1,"featured_media":96019,"parent":96153,"menu_order":171,"comment_status":"closed","ping_status":"closed","template":"page-with-child.php","meta":{"_acf_changed":false,"ngg_post_thumbnail":0,"footnotes":""},"class_list":["post-96025","page","type-page","status-publish","has-post-thumbnail","hentry"],"acf":[],"yoast_head":"<!-- This site is optimized with the Yoast SEO plugin v27.4 - https:\/\/yoast.com\/product\/yoast-seo-wordpress\/ -->\n<title>ARTICULAR - WOHLBEFINDEN<\/title>\n<meta name=\"robots\" content=\"index, follow, max-snippet:-1, max-image-preview:large, max-video-preview:-1\" \/>\n<link rel=\"canonical\" href=\"https:\/\/bien-etreiris.ch\/de\/produktpraesentation\/zoom-die-welt-der-tiere\/gesundheit-der-tiere\/phytotherapie\/mixtes-des-herbes\/articular\/\" \/>\n<meta property=\"og:locale\" content=\"de_DE\" \/>\n<meta property=\"og:type\" content=\"article\" \/>\n<meta property=\"og:title\" content=\"ARTICULAR - WOHLBEFINDEN\" \/>\n<meta property=\"og:description\" content=\"Articular - Articulaire &nbsp; &nbsp; &nbsp; &nbsp; &nbsp; &nbsp; Naturcanin ARTICULAR est indiqu\u00e9 pour maintenir la sant\u00e9 du syst\u00e8me musculo-squelettique ou locomoteur, en apportant des bienfaits au niveau musculaire, articulaire et osseux. 125 g CHF 19.00 &nbsp; &nbsp; &nbsp; Description ARTICULAR est indiqu\u00e9 pour maintenir la sant\u00e9 du syst\u00e8me musculo-squelettique ou locomoteur, en apportant des bienfaits au niveau musculaire, articulaire&nbsp;Weiter lesen\" \/>\n<meta property=\"og:url\" content=\"https:\/\/bien-etreiris.ch\/de\/produktpraesentation\/zoom-die-welt-der-tiere\/gesundheit-der-tiere\/phytotherapie\/mixtes-des-herbes\/articular\/\" \/>\n<meta property=\"og:site_name\" content=\"WOHLBEFINDEN\" \/>\n<meta property=\"article:publisher\" content=\"https:\/\/www.facebook.com\/bienetreiris\/\" \/>\n<meta property=\"article:modified_time\" content=\"2025-02-16T14:18:55+00:00\" \/>\n<meta property=\"og:image\" content=\"https:\/\/bien-etreiris.ch\/wp-content\/uploads\/2025\/02\/acceuil-articular.jpg\" \/>\n\t<meta property=\"og:image:width\" content=\"500\" \/>\n\t<meta property=\"og:image:height\" content=\"333\" \/>\n\t<meta property=\"og:image:type\" content=\"image\/jpeg\" \/>\n<meta name=\"twitter:label1\" content=\"Gesch\u00e4tzte Lesezeit\" \/>\n\t<meta name=\"twitter:data1\" content=\"2\u00a0Minuten\" \/>\n<script type=\"application\/ld+json\" class=\"yoast-schema-graph\">{\"@context\":\"https:\\\/\\\/schema.org\",\"@graph\":[{\"@type\":\"WebPage\",\"@id\":\"https:\\\/\\\/bien-etreiris.ch\\\/de\\\/produktpraesentation\\\/zoom-die-welt-der-tiere\\\/gesundheit-der-tiere\\\/phytotherapie\\\/mixtes-des-herbes\\\/articular\\\/\",\"url\":\"https:\\\/\\\/bien-etreiris.ch\\\/de\\\/produktpraesentation\\\/zoom-die-welt-der-tiere\\\/gesundheit-der-tiere\\\/phytotherapie\\\/mixtes-des-herbes\\\/articular\\\/\",\"name\":\"ARTICULAR - WOHLBEFINDEN\",\"isPartOf\":{\"@id\":\"https:\\\/\\\/bien-etreiris.ch\\\/de\\\/#website\"},\"primaryImageOfPage\":{\"@id\":\"https:\\\/\\\/bien-etreiris.ch\\\/de\\\/produktpraesentation\\\/zoom-die-welt-der-tiere\\\/gesundheit-der-tiere\\\/phytotherapie\\\/mixtes-des-herbes\\\/articular\\\/#primaryimage\"},\"image\":{\"@id\":\"https:\\\/\\\/bien-etreiris.ch\\\/de\\\/produktpraesentation\\\/zoom-die-welt-der-tiere\\\/gesundheit-der-tiere\\\/phytotherapie\\\/mixtes-des-herbes\\\/articular\\\/#primaryimage\"},\"thumbnailUrl\":\"https:\\\/\\\/bien-etreiris.ch\\\/wp-content\\\/uploads\\\/2025\\\/02\\\/acceuil-articular.jpg\",\"datePublished\":\"2025-02-16T08:22:35+00:00\",\"dateModified\":\"2025-02-16T14:18:55+00:00\",\"breadcrumb\":{\"@id\":\"https:\\\/\\\/bien-etreiris.ch\\\/de\\\/produktpraesentation\\\/zoom-die-welt-der-tiere\\\/gesundheit-der-tiere\\\/phytotherapie\\\/mixtes-des-herbes\\\/articular\\\/#breadcrumb\"},\"inLanguage\":\"de\",\"potentialAction\":[{\"@type\":\"ReadAction\",\"target\":[\"https:\\\/\\\/bien-etreiris.ch\\\/de\\\/produktpraesentation\\\/zoom-die-welt-der-tiere\\\/gesundheit-der-tiere\\\/phytotherapie\\\/mixtes-des-herbes\\\/articular\\\/\"]}]},{\"@type\":\"ImageObject\",\"inLanguage\":\"de\",\"@id\":\"https:\\\/\\\/bien-etreiris.ch\\\/de\\\/produktpraesentation\\\/zoom-die-welt-der-tiere\\\/gesundheit-der-tiere\\\/phytotherapie\\\/mixtes-des-herbes\\\/articular\\\/#primaryimage\",\"url\":\"https:\\\/\\\/bien-etreiris.ch\\\/wp-content\\\/uploads\\\/2025\\\/02\\\/acceuil-articular.jpg\",\"contentUrl\":\"https:\\\/\\\/bien-etreiris.ch\\\/wp-content\\\/uploads\\\/2025\\\/02\\\/acceuil-articular.jpg\",\"width\":500,\"height\":333},{\"@type\":\"BreadcrumbList\",\"@id\":\"https:\\\/\\\/bien-etreiris.ch\\\/de\\\/produktpraesentation\\\/zoom-die-welt-der-tiere\\\/gesundheit-der-tiere\\\/phytotherapie\\\/mixtes-des-herbes\\\/articular\\\/#breadcrumb\",\"itemListElement\":[{\"@type\":\"ListItem\",\"position\":1,\"name\":\"Home\",\"item\":\"https:\\\/\\\/bien-etreiris.ch\\\/de\\\/\"},{\"@type\":\"ListItem\",\"position\":2,\"name\":\"PRODUKTPR\u00c4SENTATION\",\"item\":\"https:\\\/\\\/bien-etreiris.ch\\\/de\\\/produktpraesentation\\\/\"},{\"@type\":\"ListItem\",\"position\":3,\"name\":\"ZOOM \u2013 DIE WELT DER TIERE\",\"item\":\"https:\\\/\\\/bien-etreiris.ch\\\/de\\\/produktpraesentation\\\/zoom-die-welt-der-tiere\\\/\"},{\"@type\":\"ListItem\",\"position\":4,\"name\":\"GESUNDHEIT DER TIERE\",\"item\":\"https:\\\/\\\/bien-etreiris.ch\\\/de\\\/produktpraesentation\\\/zoom-die-welt-der-tiere\\\/gesundheit-der-tiere\\\/\"},{\"@type\":\"ListItem\",\"position\":5,\"name\":\"PHYTOTHERAPIE\",\"item\":\"https:\\\/\\\/bien-etreiris.ch\\\/de\\\/produktpraesentation\\\/zoom-die-welt-der-tiere\\\/gesundheit-der-tiere\\\/phytotherapie\\\/\"},{\"@type\":\"ListItem\",\"position\":6,\"name\":\"MIXTES DES HERBES\",\"item\":\"https:\\\/\\\/bien-etreiris.ch\\\/de\\\/produktpraesentation\\\/zoom-die-welt-der-tiere\\\/gesundheit-der-tiere\\\/phytotherapie\\\/mixtes-des-herbes\\\/\"},{\"@type\":\"ListItem\",\"position\":7,\"name\":\"ARTICULAR\"}]},{\"@type\":\"WebSite\",\"@id\":\"https:\\\/\\\/bien-etreiris.ch\\\/de\\\/#website\",\"url\":\"https:\\\/\\\/bien-etreiris.ch\\\/de\\\/\",\"name\":\"Bien-\u00eatre Iris\",\"description\":\"IHRE Gesundheit ist uns wichtig\",\"potentialAction\":[{\"@type\":\"SearchAction\",\"target\":{\"@type\":\"EntryPoint\",\"urlTemplate\":\"https:\\\/\\\/bien-etreiris.ch\\\/de\\\/?s={search_term_string}\"},\"query-input\":{\"@type\":\"PropertyValueSpecification\",\"valueRequired\":true,\"valueName\":\"search_term_string\"}}],\"inLanguage\":\"de\"}]}<\/script>\n<!-- \/ Yoast SEO plugin. -->","yoast_head_json":{"title":"ARTICULAR - WOHLBEFINDEN","robots":{"index":"index","follow":"follow","max-snippet":"max-snippet:-1","max-image-preview":"max-image-preview:large","max-video-preview":"max-video-preview:-1"},"canonical":"https:\/\/bien-etreiris.ch\/de\/produktpraesentation\/zoom-die-welt-der-tiere\/gesundheit-der-tiere\/phytotherapie\/mixtes-des-herbes\/articular\/","og_locale":"de_DE","og_type":"article","og_title":"ARTICULAR - WOHLBEFINDEN","og_description":"Articular - Articulaire &nbsp; &nbsp; &nbsp; &nbsp; &nbsp; &nbsp; Naturcanin ARTICULAR est indiqu\u00e9 pour maintenir la sant\u00e9 du syst\u00e8me musculo-squelettique ou locomoteur, en apportant des bienfaits au niveau musculaire, articulaire et osseux. 125 g CHF 19.00 &nbsp; &nbsp; &nbsp; Description ARTICULAR est indiqu\u00e9 pour maintenir la sant\u00e9 du syst\u00e8me musculo-squelettique ou locomoteur, en apportant des bienfaits au niveau musculaire, articulaire&nbsp;Weiter lesen","og_url":"https:\/\/bien-etreiris.ch\/de\/produktpraesentation\/zoom-die-welt-der-tiere\/gesundheit-der-tiere\/phytotherapie\/mixtes-des-herbes\/articular\/","og_site_name":"WOHLBEFINDEN","article_publisher":"https:\/\/www.facebook.com\/bienetreiris\/","article_modified_time":"2025-02-16T14:18:55+00:00","og_image":[{"width":500,"height":333,"url":"https:\/\/bien-etreiris.ch\/wp-content\/uploads\/2025\/02\/acceuil-articular.jpg","type":"image\/jpeg"}],"twitter_misc":{"Gesch\u00e4tzte Lesezeit":"2\u00a0Minuten"},"schema":{"@context":"https:\/\/schema.org","@graph":[{"@type":"WebPage","@id":"https:\/\/bien-etreiris.ch\/de\/produktpraesentation\/zoom-die-welt-der-tiere\/gesundheit-der-tiere\/phytotherapie\/mixtes-des-herbes\/articular\/","url":"https:\/\/bien-etreiris.ch\/de\/produktpraesentation\/zoom-die-welt-der-tiere\/gesundheit-der-tiere\/phytotherapie\/mixtes-des-herbes\/articular\/","name":"ARTICULAR - WOHLBEFINDEN","isPartOf":{"@id":"https:\/\/bien-etreiris.ch\/de\/#website"},"primaryImageOfPage":{"@id":"https:\/\/bien-etreiris.ch\/de\/produktpraesentation\/zoom-die-welt-der-tiere\/gesundheit-der-tiere\/phytotherapie\/mixtes-des-herbes\/articular\/#primaryimage"},"image":{"@id":"https:\/\/bien-etreiris.ch\/de\/produktpraesentation\/zoom-die-welt-der-tiere\/gesundheit-der-tiere\/phytotherapie\/mixtes-des-herbes\/articular\/#primaryimage"},"thumbnailUrl":"https:\/\/bien-etreiris.ch\/wp-content\/uploads\/2025\/02\/acceuil-articular.jpg","datePublished":"2025-02-16T08:22:35+00:00","dateModified":"2025-02-16T14:18:55+00:00","breadcrumb":{"@id":"https:\/\/bien-etreiris.ch\/de\/produktpraesentation\/zoom-die-welt-der-tiere\/gesundheit-der-tiere\/phytotherapie\/mixtes-des-herbes\/articular\/#breadcrumb"},"inLanguage":"de","potentialAction":[{"@type":"ReadAction","target":["https:\/\/bien-etreiris.ch\/de\/produktpraesentation\/zoom-die-welt-der-tiere\/gesundheit-der-tiere\/phytotherapie\/mixtes-des-herbes\/articular\/"]}]},{"@type":"ImageObject","inLanguage":"de","@id":"https:\/\/bien-etreiris.ch\/de\/produktpraesentation\/zoom-die-welt-der-tiere\/gesundheit-der-tiere\/phytotherapie\/mixtes-des-herbes\/articular\/#primaryimage","url":"https:\/\/bien-etreiris.ch\/wp-content\/uploads\/2025\/02\/acceuil-articular.jpg","contentUrl":"https:\/\/bien-etreiris.ch\/wp-content\/uploads\/2025\/02\/acceuil-articular.jpg","width":500,"height":333},{"@type":"BreadcrumbList","@id":"https:\/\/bien-etreiris.ch\/de\/produktpraesentation\/zoom-die-welt-der-tiere\/gesundheit-der-tiere\/phytotherapie\/mixtes-des-herbes\/articular\/#breadcrumb","itemListElement":[{"@type":"ListItem","position":1,"name":"Home","item":"https:\/\/bien-etreiris.ch\/de\/"},{"@type":"ListItem","position":2,"name":"PRODUKTPR\u00c4SENTATION","item":"https:\/\/bien-etreiris.ch\/de\/produktpraesentation\/"},{"@type":"ListItem","position":3,"name":"ZOOM \u2013 DIE WELT DER TIERE","item":"https:\/\/bien-etreiris.ch\/de\/produktpraesentation\/zoom-die-welt-der-tiere\/"},{"@type":"ListItem","position":4,"name":"GESUNDHEIT DER TIERE","item":"https:\/\/bien-etreiris.ch\/de\/produktpraesentation\/zoom-die-welt-der-tiere\/gesundheit-der-tiere\/"},{"@type":"ListItem","position":5,"name":"PHYTOTHERAPIE","item":"https:\/\/bien-etreiris.ch\/de\/produktpraesentation\/zoom-die-welt-der-tiere\/gesundheit-der-tiere\/phytotherapie\/"},{"@type":"ListItem","position":6,"name":"MIXTES DES HERBES","item":"https:\/\/bien-etreiris.ch\/de\/produktpraesentation\/zoom-die-welt-der-tiere\/gesundheit-der-tiere\/phytotherapie\/mixtes-des-herbes\/"},{"@type":"ListItem","position":7,"name":"ARTICULAR"}]},{"@type":"WebSite","@id":"https:\/\/bien-etreiris.ch\/de\/#website","url":"https:\/\/bien-etreiris.ch\/de\/","name":"Bien-\u00eatre Iris","description":"IHRE Gesundheit ist uns wichtig","potentialAction":[{"@type":"SearchAction","target":{"@type":"EntryPoint","urlTemplate":"https:\/\/bien-etreiris.ch\/de\/?s={search_term_string}"},"query-input":{"@type":"PropertyValueSpecification","valueRequired":true,"valueName":"search_term_string"}}],"inLanguage":"de"}]}},"_links":{"self":[{"href":"https:\/\/bien-etreiris.ch\/de\/wp-json\/wp\/v2\/pages\/96025","targetHints":{"allow":["GET"]}}],"collection":[{"href":"https:\/\/bien-etreiris.ch\/de\/wp-json\/wp\/v2\/pages"}],"about":[{"href":"https:\/\/bien-etreiris.ch\/de\/wp-json\/wp\/v2\/types\/page"}],"author":[{"embeddable":true,"href":"https:\/\/bien-etreiris.ch\/de\/wp-json\/wp\/v2\/users\/1"}],"replies":[{"embeddable":true,"href":"https:\/\/bien-etreiris.ch\/de\/wp-json\/wp\/v2\/comments?post=96025"}],"version-history":[{"count":5,"href":"https:\/\/bien-etreiris.ch\/de\/wp-json\/wp\/v2\/pages\/96025\/revisions"}],"predecessor-version":[{"id":96165,"href":"https:\/\/bien-etreiris.ch\/de\/wp-json\/wp\/v2\/pages\/96025\/revisions\/96165"}],"up":[{"embeddable":true,"href":"https:\/\/bien-etreiris.ch\/de\/wp-json\/wp\/v2\/pages\/96153"}],"wp:featuredmedia":[{"embeddable":true,"href":"https:\/\/bien-etreiris.ch\/de\/wp-json\/wp\/v2\/media\/96019"}],"wp:attachment":[{"href":"https:\/\/bien-etreiris.ch\/de\/wp-json\/wp\/v2\/media?parent=96025"}],"curies":[{"name":"wp","href":"https:\/\/api.w.org\/{rel}","templated":true}]}}