{"id":95500,"date":"2025-02-09T23:54:59","date_gmt":"2025-02-09T21:54:59","guid":{"rendered":"https:\/\/bien-etreiris.ch\/ratgeber-klarheit-beratung\/mehr-erfahren\/neuigkeiten\/wohlbefinden\/lalcool-nuit-au-psychisme\/"},"modified":"2025-02-09T23:55:14","modified_gmt":"2025-02-09T21:55:14","slug":"lalcool-nuit-au-psychisme","status":"publish","type":"page","link":"https:\/\/bien-etreiris.ch\/de\/ratgeber-klarheit-beratung\/mehr-erfahren\/neuigkeiten\/wohlbefinden\/lalcool-nuit-au-psychisme\/","title":{"rendered":"L&#8217;ALCOOL NUIT&#8230;"},"content":{"rendered":"<div class=\"relative sm:rounded-md sm:overflow-hidden\">\n<div class=\"relative bg-white rounded-t-2xl sm:rounded-none print:rounded-none p-6 space-y-4 break-word\">\n<h2>L'alcool nuit au psychisme<\/h2>\n<h2>Alkohol schadet der Psyche<\/h2>\n<p class=\"content\">Wer den Alkohol vollst\u00e4ndig aufgibt, erlebt eine deutliche Besserung seines psychischen Wohlbefindens. Alkohol n\u00fctzt daher auch in kleinen Mengen nicht, wie es immer so sch\u00f6n heisst. Jeder Tropfen ist zu viel - zumindest f\u00fcr die Psyche.<\/p>\n<div class=\"flex flex-col sm:flex-row justify-between text\">\n<div>&nbsp;<\/div>\n<div>\n<div class=\"mt-1\">&nbsp;<\/div>\n<\/div>\n<\/div>\n<\/div>\n<\/div>\n<div class=\"content\">\n<h4 id=\"kein_alkohol_mehr_gehirn_und_psyche_blhen_auf\">Kein Alkohol mehr: Gehirn und Psyche bl\u00fchen auf!<\/h4>\n<p>In Sachen Alkohol besteht alles andere als Einigkeit. Kleine Mengen seien gut f\u00fcr die Gesundheit, heisst es einerseits. Andererseits liest man immer wieder, auch in kleinen Mengen seien alkoholische Getr\u00e4nke ungesund.<\/p>\n<p>In einer neuen Studie zeigte sich nun, dass besonders Frauen, die sich dazu entschliessen, keine alkoholischen Getr\u00e4nke mehr zu konsumieren, eine erhebliche Verbesserung ihres psychischen Wohlbefindens erleben. Ihre Psyche profitierte so gut, dass sie den Wohlf\u00fchlstatus jener Frauen erreichten, die noch nie Alkohol tranken.<\/p>\n<ol>\n<li data-list=\"bullet\">Wir haben bereits hier von einer Studie der Universit\u00e4t in San Diego (2018) berichtet, derzufolge <a href=\"https:\/\/www.zentrum-der-gesundheit.de\/news\/gesundheit\/allgemein-gesundheit\/alkohol-gehirn\" data-auto-event-observed=\"true\">schon ein Drink pro Tag deutlich dem Gehirn schadet<\/a>.<\/li>\n<\/ol>\n<div class=\"clear-both pt-4\">&nbsp;<\/div>\n<\/div>\n<h2 id=\"schon_kleine_mengen_alkohol_sind_ungesund\">Schon kleine Mengen Alkohol sind ungesund!<\/h2>\n<p>Viele Leute glauben, es geh\u00f6re einfach dazu, dass man in Gesellschaft anderer alkoholische Getr\u00e4nke konsumiert \u2013 wenn man am Abend ausgeht oder auch bei Familienfeiern. Genauso beliebt ist das abendliche Glas Wein oder Bier, ohne das manch einer nicht einmal mehr abschalten kann.<\/p>\n<p>Niemand w\u00fcrde diesen Menschen ein Alkoholproblem unterstellen. Dennoch scheint die Gewohnheit, immer wieder zu alkoholischen Getr\u00e4nken zu greifen, alles andere als gesund zu sein.<\/p>\n<h2 id=\"kleine_mengen_alkohol_schtzen_nicht_vor_schlaganfall\">Kleine Mengen Alkohol sch\u00fctzen nicht vor Schlaganfall<\/h2>\n<p>Man glaubt inzwischen ausserdem, dass jene Studien, die dem Alkohol (in kleinen Mengen) positive Wirkungen auf die Gesundheit bescheinigten, M\u00e4ngel aufweisen. Im Jahr 2016 las man beispielsweise im Fachjournal <em>BMC Medicine<\/em>, <a href=\"https:\/\/bmcmedicine.biomedcentral.com\/articles\/10.1186\/s12916-016-0721-4\" target=\"_blank\" rel=\"noopener\" data-auto-event-observed=\"true\"><span style=\"color: #99cc00;\">dass ein gem\u00e4ssigter Konsum alkoholischer Getr\u00e4nke vor manchen Schlaganfallformen sch\u00fctzen k\u00f6nne<\/span><\/a><span style=\"color: #99cc00;\"> (<\/span>2).<\/p>\n<p>Forscher zweier Universit\u00e4ten (<em>Oxford University, <\/em>UK und <em>Peking University<\/em>, China) wollten dieses fr\u00fchere Ergebnis \u00fcberpr\u00fcfen und stellten fest, dass das Gegenteil der Fall ist: <a href=\"https:\/\/www.thelancet.com\/journals\/lancet\/article\/PIIS0140-6736(18)31772-0\/fulltext\" target=\"_blank\" rel=\"noopener\" data-auto-event-observed=\"true\"><span style=\"color: #99cc00;\">Gem\u00e4ssigter Alkoholkonsum sch\u00fctzt nicht vor Herz-Kreislauf-Erkrankungen und erh\u00f6ht sogar das Risiko, einen Schlaganfall zu erleiden<\/span><\/a> (3). Ihre Studie, f\u00fcr die sie die Daten von 500.000 Personen analysiert hatten, erschien im Mai 2019 in <em>The Lancet.<\/em><\/p>\n<h2 id=\"das_beste_fr_die_psyche_gar_kein_alkohol\">Das Beste f\u00fcr die Psyche: Gar kein Alkohol<\/h2>\n<p>Was nun die mentale Gesundheit betrifft, so weiss man nat\u00fcrlich, dass HOHER Alkoholkonsum das Gehirn und die Psyche negativ beeinflusst. Unklar war bislang jedoch, wie sich ein moderater Alkoholkonsum auf das psychische Wohlbefinden auswirkt und ob es diesbez\u00fcglich nicht vielleicht besser w\u00e4re, ganz dem Alkohol abzuschw\u00f6ren.<\/p>\n<p>In eingangs erw\u00e4hnter Studie stellten Forscher der <em>University of Hong Kong<\/em> (HKU) fest, dass Erwachsene, insbesondere Frauen, eine erhebliche Verbesserung ihres psychischen Wohlbefindens erlebten, als sie das Trinken alkoholischer Getr\u00e4nke vollst\u00e4ndig aufgaben. ( <a href=\"https:\/\/pubmed.ncbi.nlm.nih.gov\/31285378\/\" target=\"_blank\" rel=\"noopener\" data-auto-event-observed=\"true\">4<\/a> )<\/p>\n<div class=\"clear-both pt-4\">&nbsp;<\/div>\n<div class=\"content\">\n<h4 id=\"psyche_gesnder_bei_menschen_die_nie_alkohol_trinken\">Psyche ges\u00fcnder bei Menschen, die nie Alkohol trinken<\/h4>\n<p>Die Teilnehmer der Studie waren entweder Leute, die nie oder nur gem\u00e4ssigt alkoholische Getr\u00e4nke tranken. Gem\u00e4ssigt bedeutete f\u00fcr M\u00e4nner w\u00f6chentlich h\u00f6chstens 14 alkoholische Drinks mit insgesamt 196 g Alkohol und f\u00fcr Frauen w\u00f6chentlich h\u00f6chstens die H\u00e4lfte, also 7 Drinks.<\/p>\n<p>1 Glas Wein mit 150 ml enth\u00e4lt beispielsweise bereits 14 g Alkohol, was f\u00fcr Frauen eine Tagesration w\u00e4re, f\u00fcr M\u00e4nner eine halbe.<\/p>\n<p>Zun\u00e4chst zeigte sich, dass jene Teilnehmer, die nie alkoholische Getr\u00e4nke konsumiert hatten, die beste mentale Gesundheit hatten, ihre Psyche also ausgeglichener war als die der anderen. Ausserdem verbesserte sich das psychische Wohlbefinden gravierend bei jenen, die das Trinken aufgegeben hatten.<\/p>\n<p>Man solle daher mit der weit verbreiteten Empfehlung, kleine Mengen Alkohol seien Teil einer gesunden Ern\u00e4hrung, sehr vorsichtig sein, r\u00e4t Studienautor Dr. Michael Ni. Es sei hingegen (nicht nur f\u00fcr die Psyche) besser, gar keine alkoholischen Getr\u00e4nke mehr zu trinken.<\/p>\n<\/div>\n<div class=\"mt-6 noprint p-8 rounded-lg shadow-md text-lg\">\n<p class=\"text-gray-800 mb-4\">&nbsp;<\/p>\n<\/div>\n<div class=\"mt-6 noprint\">\n<h4>Wichtiger Hinweis<\/h4>\n<p>Dieser Artikel wurde auf Grundlage (zur Zeit der Ver\u00f6ffentlichung) aktueller Studien verfasst und von MedizinerInnen gepr\u00fcft, darf aber nicht zur Selbstdiagnose oder Selbstbehandlung genutzt werden, ersetzt also nicht den Besuch bei Ihrem Arzt. Besprechen Sie daher jede Massnahme (ob aus diesem oder einem anderen unserer Artikel) immer zuerst mit Ihrem Arzt.<\/p>\n<\/div>\n<div class=\"flex flex-row items-center justify-between mt-6 noprint\">&nbsp;<\/div>\n<h4>Quellen :<\/h4>\n<div class=\"accordion__content svelte-23avil\">\n<div class=\"px-2 sources\">\n<ol>\n<li data-list=\"bullet\">\n<div>\n<div class=\"mt-1\"><a href=\"https:\/\/www.zentrum-der-gesundheit.de\/news\/gesundheit\/allgemein-gesundheit\/alkohol-psyche\" target=\"_blank\" rel=\"noopener\">Zentrum der Gesundheit<\/a> - Autor: <a class=\"font-semibold mr-1 after:content-[','] last:after:hidden\" href=\"https:\/\/www.zentrum-der-gesundheit.de\/autoren\/1493\" data-auto-event-observed=\"true\">Carina Rehberg - <\/a>Fach\u00e4rztliche Pr\u00fcfung: <a class=\"font-semibold\" href=\"https:\/\/www.zentrum-der-gesundheit.de\/aerztliche-pruefung\" data-auto-event-observed=\"true\">Gert Dorschner - <\/a>Stand: 11 Dezember 2024<\/div>\n<\/div>\n<\/li>\n<li data-list=\"bullet\">(1) Susanna C. Larsson et al., Differing association of alcohol consumption with different stroke types: a systematic review and meta-analysis, BMC Medicine 201614:178<\/li>\n<li data-list=\"bullet\">(2) Millwood IY et al., Conventional and genetic evidence on alcohol and vascular disease aetiology: a prospective study of 500\u2008000 men and women in China, April\/Mai 2019<\/li>\n<li data-list=\"bullet\">(3) Xiaxin I. Yao, Michael Y. Ni et al., Change in moderate alcohol consumption and quality of life: evidence from 2 population-based cohorts, CMAJ July 08, 2019<\/li>\n<\/ol>\n<\/div>\n<\/div>\n","protected":false},"excerpt":{"rendered":"<p>L'alcool nuit au psychisme Alkohol schadet der Psyche Wer den Alkohol vollst\u00e4ndig aufgibt, erlebt eine deutliche Besserung seines psychischen Wohlbefindens. Alkohol n\u00fctzt daher auch in kleinen Mengen nicht, wie es immer so sch\u00f6n heisst. Jeder Tropfen ist zu viel - zumindest f\u00fcr die Psyche. &nbsp; &nbsp; Kein Alkohol mehr: Gehirn und Psyche bl\u00fchen auf! In Sachen Alkohol besteht alles andere&nbsp;<a href=\"https:\/\/bien-etreiris.ch\/de\/ratgeber-klarheit-beratung\/mehr-erfahren\/neuigkeiten\/wohlbefinden\/lalcool-nuit-au-psychisme\/\" class=\"read-more\">Weiter lesen<\/a><\/p>\n","protected":false},"author":1,"featured_media":55728,"parent":93633,"menu_order":285,"comment_status":"closed","ping_status":"closed","template":"page-with-child.php","meta":{"_acf_changed":false,"ngg_post_thumbnail":0,"footnotes":""},"class_list":["post-95500","page","type-page","status-publish","has-post-thumbnail","hentry"],"acf":[],"yoast_head":"<!-- This site is optimized with the Yoast SEO plugin v27.6 - https:\/\/yoast.com\/product\/yoast-seo-wordpress\/ -->\n<title>L&#039;ALCOOL NUIT... - WOHLBEFINDEN<\/title>\n<meta name=\"robots\" content=\"index, follow, max-snippet:-1, max-image-preview:large, max-video-preview:-1\" \/>\n<link rel=\"canonical\" href=\"https:\/\/bien-etreiris.ch\/de\/ratgeber-klarheit-beratung\/mehr-erfahren\/neuigkeiten\/wohlbefinden\/lalcool-nuit-au-psychisme\/\" \/>\n<meta property=\"og:locale\" content=\"de_DE\" \/>\n<meta property=\"og:type\" content=\"article\" \/>\n<meta property=\"og:title\" content=\"L&#039;ALCOOL NUIT... - WOHLBEFINDEN\" \/>\n<meta property=\"og:description\" content=\"L&#039;alcool nuit au psychisme Alkohol schadet der Psyche Wer den Alkohol vollst\u00e4ndig aufgibt, erlebt eine deutliche Besserung seines psychischen Wohlbefindens. Alkohol n\u00fctzt daher auch in kleinen Mengen nicht, wie es immer so sch\u00f6n heisst. Jeder Tropfen ist zu viel - zumindest f\u00fcr die Psyche. &nbsp; &nbsp; Kein Alkohol mehr: Gehirn und Psyche bl\u00fchen auf! In Sachen Alkohol besteht alles andere&nbsp;Weiter lesen\" \/>\n<meta property=\"og:url\" content=\"https:\/\/bien-etreiris.ch\/de\/ratgeber-klarheit-beratung\/mehr-erfahren\/neuigkeiten\/wohlbefinden\/lalcool-nuit-au-psychisme\/\" \/>\n<meta property=\"og:site_name\" content=\"WOHLBEFINDEN\" \/>\n<meta property=\"article:publisher\" content=\"https:\/\/www.facebook.com\/bienetreiris\/\" \/>\n<meta property=\"article:modified_time\" content=\"2025-02-09T21:55:14+00:00\" \/>\n<meta property=\"og:image\" content=\"https:\/\/bien-etreiris.ch\/wp-content\/uploads\/2022\/05\/Acceuil.jpg\" \/>\n\t<meta property=\"og:image:width\" content=\"500\" \/>\n\t<meta property=\"og:image:height\" content=\"332\" \/>\n\t<meta property=\"og:image:type\" content=\"image\/jpeg\" \/>\n<meta name=\"twitter:label1\" content=\"Gesch\u00e4tzte Lesezeit\" \/>\n\t<meta name=\"twitter:data1\" content=\"4\u00a0Minuten\" \/>\n<script type=\"application\/ld+json\" class=\"yoast-schema-graph\">{\"@context\":\"https:\\\/\\\/schema.org\",\"@graph\":[{\"@type\":\"WebPage\",\"@id\":\"https:\\\/\\\/bien-etreiris.ch\\\/de\\\/ratgeber-klarheit-beratung\\\/mehr-erfahren\\\/neuigkeiten\\\/wohlbefinden\\\/lalcool-nuit-au-psychisme\\\/\",\"url\":\"https:\\\/\\\/bien-etreiris.ch\\\/de\\\/ratgeber-klarheit-beratung\\\/mehr-erfahren\\\/neuigkeiten\\\/wohlbefinden\\\/lalcool-nuit-au-psychisme\\\/\",\"name\":\"L'ALCOOL NUIT... - WOHLBEFINDEN\",\"isPartOf\":{\"@id\":\"https:\\\/\\\/bien-etreiris.ch\\\/de\\\/#website\"},\"primaryImageOfPage\":{\"@id\":\"https:\\\/\\\/bien-etreiris.ch\\\/de\\\/ratgeber-klarheit-beratung\\\/mehr-erfahren\\\/neuigkeiten\\\/wohlbefinden\\\/lalcool-nuit-au-psychisme\\\/#primaryimage\"},\"image\":{\"@id\":\"https:\\\/\\\/bien-etreiris.ch\\\/de\\\/ratgeber-klarheit-beratung\\\/mehr-erfahren\\\/neuigkeiten\\\/wohlbefinden\\\/lalcool-nuit-au-psychisme\\\/#primaryimage\"},\"thumbnailUrl\":\"https:\\\/\\\/bien-etreiris.ch\\\/wp-content\\\/uploads\\\/2022\\\/05\\\/Acceuil.jpg\",\"datePublished\":\"2025-02-09T21:54:59+00:00\",\"dateModified\":\"2025-02-09T21:55:14+00:00\",\"breadcrumb\":{\"@id\":\"https:\\\/\\\/bien-etreiris.ch\\\/de\\\/ratgeber-klarheit-beratung\\\/mehr-erfahren\\\/neuigkeiten\\\/wohlbefinden\\\/lalcool-nuit-au-psychisme\\\/#breadcrumb\"},\"inLanguage\":\"de\",\"potentialAction\":[{\"@type\":\"ReadAction\",\"target\":[\"https:\\\/\\\/bien-etreiris.ch\\\/de\\\/ratgeber-klarheit-beratung\\\/mehr-erfahren\\\/neuigkeiten\\\/wohlbefinden\\\/lalcool-nuit-au-psychisme\\\/\"]}]},{\"@type\":\"ImageObject\",\"inLanguage\":\"de\",\"@id\":\"https:\\\/\\\/bien-etreiris.ch\\\/de\\\/ratgeber-klarheit-beratung\\\/mehr-erfahren\\\/neuigkeiten\\\/wohlbefinden\\\/lalcool-nuit-au-psychisme\\\/#primaryimage\",\"url\":\"https:\\\/\\\/bien-etreiris.ch\\\/wp-content\\\/uploads\\\/2022\\\/05\\\/Acceuil.jpg\",\"contentUrl\":\"https:\\\/\\\/bien-etreiris.ch\\\/wp-content\\\/uploads\\\/2022\\\/05\\\/Acceuil.jpg\",\"width\":500,\"height\":332},{\"@type\":\"BreadcrumbList\",\"@id\":\"https:\\\/\\\/bien-etreiris.ch\\\/de\\\/ratgeber-klarheit-beratung\\\/mehr-erfahren\\\/neuigkeiten\\\/wohlbefinden\\\/lalcool-nuit-au-psychisme\\\/#breadcrumb\",\"itemListElement\":[{\"@type\":\"ListItem\",\"position\":1,\"name\":\"Home\",\"item\":\"https:\\\/\\\/bien-etreiris.ch\\\/de\\\/\"},{\"@type\":\"ListItem\",\"position\":2,\"name\":\"RATGEBER &#038; KLARHEIT\",\"item\":\"https:\\\/\\\/bien-etreiris.ch\\\/de\\\/ratgeber-klarheit-beratung\\\/\"},{\"@type\":\"ListItem\",\"position\":3,\"name\":\"MEHR ERFAHREN\",\"item\":\"https:\\\/\\\/bien-etreiris.ch\\\/de\\\/ratgeber-klarheit-beratung\\\/mehr-erfahren\\\/\"},{\"@type\":\"ListItem\",\"position\":4,\"name\":\"NEUIGKEITEN\",\"item\":\"https:\\\/\\\/bien-etreiris.ch\\\/de\\\/ratgeber-klarheit-beratung\\\/mehr-erfahren\\\/neuigkeiten\\\/\"},{\"@type\":\"ListItem\",\"position\":5,\"name\":\"WOHLBEFINDEN\",\"item\":\"https:\\\/\\\/bien-etreiris.ch\\\/de\\\/ratgeber-klarheit-beratung\\\/mehr-erfahren\\\/neuigkeiten\\\/wohlbefinden\\\/\"},{\"@type\":\"ListItem\",\"position\":6,\"name\":\"L&#8217;ALCOOL NUIT&#8230;\"}]},{\"@type\":\"WebSite\",\"@id\":\"https:\\\/\\\/bien-etreiris.ch\\\/de\\\/#website\",\"url\":\"https:\\\/\\\/bien-etreiris.ch\\\/de\\\/\",\"name\":\"Bien-\u00eatre Iris\",\"description\":\"IHRE Gesundheit ist uns wichtig\",\"potentialAction\":[{\"@type\":\"SearchAction\",\"target\":{\"@type\":\"EntryPoint\",\"urlTemplate\":\"https:\\\/\\\/bien-etreiris.ch\\\/de\\\/?s={search_term_string}\"},\"query-input\":{\"@type\":\"PropertyValueSpecification\",\"valueRequired\":true,\"valueName\":\"search_term_string\"}}],\"inLanguage\":\"de\"}]}<\/script>\n<!-- \/ Yoast SEO plugin. -->","yoast_head_json":{"title":"L'ALCOOL NUIT... - WOHLBEFINDEN","robots":{"index":"index","follow":"follow","max-snippet":"max-snippet:-1","max-image-preview":"max-image-preview:large","max-video-preview":"max-video-preview:-1"},"canonical":"https:\/\/bien-etreiris.ch\/de\/ratgeber-klarheit-beratung\/mehr-erfahren\/neuigkeiten\/wohlbefinden\/lalcool-nuit-au-psychisme\/","og_locale":"de_DE","og_type":"article","og_title":"L'ALCOOL NUIT... - WOHLBEFINDEN","og_description":"L'alcool nuit au psychisme Alkohol schadet der Psyche Wer den Alkohol vollst\u00e4ndig aufgibt, erlebt eine deutliche Besserung seines psychischen Wohlbefindens. Alkohol n\u00fctzt daher auch in kleinen Mengen nicht, wie es immer so sch\u00f6n heisst. Jeder Tropfen ist zu viel - zumindest f\u00fcr die Psyche. &nbsp; &nbsp; Kein Alkohol mehr: Gehirn und Psyche bl\u00fchen auf! In Sachen Alkohol besteht alles andere&nbsp;Weiter lesen","og_url":"https:\/\/bien-etreiris.ch\/de\/ratgeber-klarheit-beratung\/mehr-erfahren\/neuigkeiten\/wohlbefinden\/lalcool-nuit-au-psychisme\/","og_site_name":"WOHLBEFINDEN","article_publisher":"https:\/\/www.facebook.com\/bienetreiris\/","article_modified_time":"2025-02-09T21:55:14+00:00","og_image":[{"width":500,"height":332,"url":"https:\/\/bien-etreiris.ch\/wp-content\/uploads\/2022\/05\/Acceuil.jpg","type":"image\/jpeg"}],"twitter_misc":{"Gesch\u00e4tzte Lesezeit":"4\u00a0Minuten"},"schema":{"@context":"https:\/\/schema.org","@graph":[{"@type":"WebPage","@id":"https:\/\/bien-etreiris.ch\/de\/ratgeber-klarheit-beratung\/mehr-erfahren\/neuigkeiten\/wohlbefinden\/lalcool-nuit-au-psychisme\/","url":"https:\/\/bien-etreiris.ch\/de\/ratgeber-klarheit-beratung\/mehr-erfahren\/neuigkeiten\/wohlbefinden\/lalcool-nuit-au-psychisme\/","name":"L'ALCOOL NUIT... - WOHLBEFINDEN","isPartOf":{"@id":"https:\/\/bien-etreiris.ch\/de\/#website"},"primaryImageOfPage":{"@id":"https:\/\/bien-etreiris.ch\/de\/ratgeber-klarheit-beratung\/mehr-erfahren\/neuigkeiten\/wohlbefinden\/lalcool-nuit-au-psychisme\/#primaryimage"},"image":{"@id":"https:\/\/bien-etreiris.ch\/de\/ratgeber-klarheit-beratung\/mehr-erfahren\/neuigkeiten\/wohlbefinden\/lalcool-nuit-au-psychisme\/#primaryimage"},"thumbnailUrl":"https:\/\/bien-etreiris.ch\/wp-content\/uploads\/2022\/05\/Acceuil.jpg","datePublished":"2025-02-09T21:54:59+00:00","dateModified":"2025-02-09T21:55:14+00:00","breadcrumb":{"@id":"https:\/\/bien-etreiris.ch\/de\/ratgeber-klarheit-beratung\/mehr-erfahren\/neuigkeiten\/wohlbefinden\/lalcool-nuit-au-psychisme\/#breadcrumb"},"inLanguage":"de","potentialAction":[{"@type":"ReadAction","target":["https:\/\/bien-etreiris.ch\/de\/ratgeber-klarheit-beratung\/mehr-erfahren\/neuigkeiten\/wohlbefinden\/lalcool-nuit-au-psychisme\/"]}]},{"@type":"ImageObject","inLanguage":"de","@id":"https:\/\/bien-etreiris.ch\/de\/ratgeber-klarheit-beratung\/mehr-erfahren\/neuigkeiten\/wohlbefinden\/lalcool-nuit-au-psychisme\/#primaryimage","url":"https:\/\/bien-etreiris.ch\/wp-content\/uploads\/2022\/05\/Acceuil.jpg","contentUrl":"https:\/\/bien-etreiris.ch\/wp-content\/uploads\/2022\/05\/Acceuil.jpg","width":500,"height":332},{"@type":"BreadcrumbList","@id":"https:\/\/bien-etreiris.ch\/de\/ratgeber-klarheit-beratung\/mehr-erfahren\/neuigkeiten\/wohlbefinden\/lalcool-nuit-au-psychisme\/#breadcrumb","itemListElement":[{"@type":"ListItem","position":1,"name":"Home","item":"https:\/\/bien-etreiris.ch\/de\/"},{"@type":"ListItem","position":2,"name":"RATGEBER &#038; KLARHEIT","item":"https:\/\/bien-etreiris.ch\/de\/ratgeber-klarheit-beratung\/"},{"@type":"ListItem","position":3,"name":"MEHR ERFAHREN","item":"https:\/\/bien-etreiris.ch\/de\/ratgeber-klarheit-beratung\/mehr-erfahren\/"},{"@type":"ListItem","position":4,"name":"NEUIGKEITEN","item":"https:\/\/bien-etreiris.ch\/de\/ratgeber-klarheit-beratung\/mehr-erfahren\/neuigkeiten\/"},{"@type":"ListItem","position":5,"name":"WOHLBEFINDEN","item":"https:\/\/bien-etreiris.ch\/de\/ratgeber-klarheit-beratung\/mehr-erfahren\/neuigkeiten\/wohlbefinden\/"},{"@type":"ListItem","position":6,"name":"L&#8217;ALCOOL NUIT&#8230;"}]},{"@type":"WebSite","@id":"https:\/\/bien-etreiris.ch\/de\/#website","url":"https:\/\/bien-etreiris.ch\/de\/","name":"Bien-\u00eatre Iris","description":"IHRE Gesundheit ist uns wichtig","potentialAction":[{"@type":"SearchAction","target":{"@type":"EntryPoint","urlTemplate":"https:\/\/bien-etreiris.ch\/de\/?s={search_term_string}"},"query-input":{"@type":"PropertyValueSpecification","valueRequired":true,"valueName":"search_term_string"}}],"inLanguage":"de"}]}},"_links":{"self":[{"href":"https:\/\/bien-etreiris.ch\/de\/wp-json\/wp\/v2\/pages\/95500","targetHints":{"allow":["GET"]}}],"collection":[{"href":"https:\/\/bien-etreiris.ch\/de\/wp-json\/wp\/v2\/pages"}],"about":[{"href":"https:\/\/bien-etreiris.ch\/de\/wp-json\/wp\/v2\/types\/page"}],"author":[{"embeddable":true,"href":"https:\/\/bien-etreiris.ch\/de\/wp-json\/wp\/v2\/users\/1"}],"replies":[{"embeddable":true,"href":"https:\/\/bien-etreiris.ch\/de\/wp-json\/wp\/v2\/comments?post=95500"}],"version-history":[{"count":1,"href":"https:\/\/bien-etreiris.ch\/de\/wp-json\/wp\/v2\/pages\/95500\/revisions"}],"predecessor-version":[{"id":95502,"href":"https:\/\/bien-etreiris.ch\/de\/wp-json\/wp\/v2\/pages\/95500\/revisions\/95502"}],"up":[{"embeddable":true,"href":"https:\/\/bien-etreiris.ch\/de\/wp-json\/wp\/v2\/pages\/93633"}],"wp:featuredmedia":[{"embeddable":true,"href":"https:\/\/bien-etreiris.ch\/de\/wp-json\/wp\/v2\/media\/55728"}],"wp:attachment":[{"href":"https:\/\/bien-etreiris.ch\/de\/wp-json\/wp\/v2\/media?parent=95500"}],"curies":[{"name":"wp","href":"https:\/\/api.w.org\/{rel}","templated":true}]}}