{"id":95171,"date":"2025-01-14T12:37:42","date_gmt":"2025-01-14T10:37:42","guid":{"rendered":"https:\/\/bien-etreiris.ch\/produktpraesentation\/zoom-die-welt-der-tiere\/gesundheit-der-tiere\/nahrungsergaenzungsmittel-fuer-tiere\/acides-gras\/huile-de-sardines\/"},"modified":"2025-01-14T12:41:25","modified_gmt":"2025-01-14T10:41:25","slug":"huile-de-sardines","status":"publish","type":"page","link":"https:\/\/bien-etreiris.ch\/de\/produktpraesentation\/zoom-die-welt-der-tiere\/gesundheit-der-tiere\/nahrungsergaenzungsmittel-fuer-tiere\/acides-gras\/huile-de-sardines\/","title":{"rendered":"HUILE DE SARDINES"},"content":{"rendered":"\n<h2>Huile de sardines<\/h2>\n\n\n<p><img loading=\"lazy\" decoding=\"async\" class=\"wp-image-95166 alignleft\" src=\"https:\/\/bien-etreiris.ch\/wp-content\/uploads\/2025\/01\/Huile-sardine.jpg\" alt=\"\" width=\"213\" height=\"512\" srcset=\"https:\/\/bien-etreiris.ch\/wp-content\/uploads\/2025\/01\/Huile-sardine.jpg 292w, https:\/\/bien-etreiris.ch\/wp-content\/uploads\/2025\/01\/Huile-sardine-125x300.jpg 125w\" sizes=\"auto, (max-width: 213px) 100vw, 213px\" \/><\/p>\n\n\n<p>&nbsp;<\/p>\n<p>&nbsp;<\/p>\n<p>&nbsp;<\/p>\n<p>&nbsp;<\/p>\n<p>&nbsp;<\/p>\n<p>&nbsp;<\/p>\n<p>&nbsp;<\/p>\n<p>&nbsp;<\/p>\n<p>&nbsp;<\/p>\n<p>Aliments compl\u00e9mentaires pour chiens et chat<\/p>\n<p>250 ml <strong>CHF 12.00<\/strong><\/p>\n<p>&nbsp;<\/p>\n<p>&nbsp;<\/p>\n<p>&nbsp;<\/p>\n<p>&nbsp;<\/p>\n<h4>Description du produit<\/h4>\n<p>Source d'acides gras OMEGA 3 et OMEGA 6, riche en EPA et DHA (acides gras sains pr\u00e9sents dans les poissons et les crustac\u00e9s).<\/p>\n<p>(acides gras sains pr\u00e9sents dans les poissons et les crustac\u00e9s).<\/p>\n<p>Haute teneur en min\u00e9raux. B\u00e9n\u00e9fique pendant la grossesse pour le d\u00e9veloppement<\/p>\n<p>d\u00e9veloppement mental du f\u0153tus. Fournit de l'\u00e9nergie et de la force (bon pour les chiens faibles, malades et les chiots).<\/p>\n<p>malades et les chiots). R\u00e9gule le cholest\u00e9rol, r\u00e9duit les triglyc\u00e9rides et la tension art\u00e9rielle.<\/p>\n<p>R\u00e9gule le syst\u00e8me immunitaire. R\u00e9duit les risques cardiovasculaires.<\/p>\n","protected":false},"excerpt":{"rendered":"<p>Huile de sardines &nbsp; &nbsp; &nbsp; &nbsp; &nbsp; &nbsp; &nbsp; &nbsp; &nbsp; Aliments compl\u00e9mentaires pour chiens et chat 250 ml CHF 12.00 &nbsp; &nbsp; &nbsp; &nbsp; Description du produit Source d'acides gras OMEGA 3 et OMEGA 6, riche en EPA et DHA (acides gras sains pr\u00e9sents dans les poissons et les crustac\u00e9s). (acides gras sains pr\u00e9sents dans les poissons et&nbsp;<a href=\"https:\/\/bien-etreiris.ch\/de\/produktpraesentation\/zoom-die-welt-der-tiere\/gesundheit-der-tiere\/nahrungsergaenzungsmittel-fuer-tiere\/acides-gras\/huile-de-sardines\/\" class=\"read-more\">Weiter lesen<\/a><\/p>\n","protected":false},"author":1,"featured_media":95165,"parent":95149,"menu_order":382,"comment_status":"closed","ping_status":"closed","template":"page-with-child.php","meta":{"_acf_changed":false,"ngg_post_thumbnail":0,"footnotes":""},"class_list":["post-95171","page","type-page","status-publish","has-post-thumbnail","hentry"],"acf":[],"yoast_head":"<!-- This site is optimized with the Yoast SEO plugin v27.4 - https:\/\/yoast.com\/product\/yoast-seo-wordpress\/ -->\n<title>HUILE DE SARDINES - WOHLBEFINDEN<\/title>\n<meta name=\"robots\" content=\"index, follow, max-snippet:-1, max-image-preview:large, max-video-preview:-1\" \/>\n<link rel=\"canonical\" href=\"https:\/\/bien-etreiris.ch\/de\/produktpraesentation\/zoom-die-welt-der-tiere\/gesundheit-der-tiere\/nahrungsergaenzungsmittel-fuer-tiere\/acides-gras\/huile-de-sardines\/\" \/>\n<meta property=\"og:locale\" content=\"de_DE\" \/>\n<meta property=\"og:type\" content=\"article\" \/>\n<meta property=\"og:title\" content=\"HUILE DE SARDINES - WOHLBEFINDEN\" \/>\n<meta property=\"og:description\" content=\"Huile de sardines &nbsp; &nbsp; &nbsp; &nbsp; &nbsp; &nbsp; &nbsp; &nbsp; &nbsp; Aliments compl\u00e9mentaires pour chiens et chat 250 ml CHF 12.00 &nbsp; &nbsp; &nbsp; &nbsp; Description du produit Source d&#039;acides gras OMEGA 3 et OMEGA 6, riche en EPA et DHA (acides gras sains pr\u00e9sents dans les poissons et les crustac\u00e9s). (acides gras sains pr\u00e9sents dans les poissons et&nbsp;Weiter lesen\" \/>\n<meta property=\"og:url\" content=\"https:\/\/bien-etreiris.ch\/de\/produktpraesentation\/zoom-die-welt-der-tiere\/gesundheit-der-tiere\/nahrungsergaenzungsmittel-fuer-tiere\/acides-gras\/huile-de-sardines\/\" \/>\n<meta property=\"og:site_name\" content=\"WOHLBEFINDEN\" \/>\n<meta property=\"article:publisher\" content=\"https:\/\/www.facebook.com\/bienetreiris\/\" \/>\n<meta property=\"article:modified_time\" content=\"2025-01-14T10:41:25+00:00\" \/>\n<meta property=\"og:image\" content=\"https:\/\/bien-etreiris.ch\/wp-content\/uploads\/2025\/01\/Acceuil-Sardine.jpg\" \/>\n\t<meta property=\"og:image:width\" content=\"500\" \/>\n\t<meta property=\"og:image:height\" content=\"333\" \/>\n\t<meta property=\"og:image:type\" content=\"image\/jpeg\" \/>\n<meta name=\"twitter:label1\" content=\"Gesch\u00e4tzte Lesezeit\" \/>\n\t<meta name=\"twitter:data1\" content=\"1\u00a0Minute\" \/>\n<script type=\"application\/ld+json\" class=\"yoast-schema-graph\">{\"@context\":\"https:\\\/\\\/schema.org\",\"@graph\":[{\"@type\":\"WebPage\",\"@id\":\"https:\\\/\\\/bien-etreiris.ch\\\/de\\\/produktpraesentation\\\/zoom-die-welt-der-tiere\\\/gesundheit-der-tiere\\\/nahrungsergaenzungsmittel-fuer-tiere\\\/acides-gras\\\/huile-de-sardines\\\/\",\"url\":\"https:\\\/\\\/bien-etreiris.ch\\\/de\\\/produktpraesentation\\\/zoom-die-welt-der-tiere\\\/gesundheit-der-tiere\\\/nahrungsergaenzungsmittel-fuer-tiere\\\/acides-gras\\\/huile-de-sardines\\\/\",\"name\":\"HUILE DE SARDINES - WOHLBEFINDEN\",\"isPartOf\":{\"@id\":\"https:\\\/\\\/bien-etreiris.ch\\\/de\\\/#website\"},\"primaryImageOfPage\":{\"@id\":\"https:\\\/\\\/bien-etreiris.ch\\\/de\\\/produktpraesentation\\\/zoom-die-welt-der-tiere\\\/gesundheit-der-tiere\\\/nahrungsergaenzungsmittel-fuer-tiere\\\/acides-gras\\\/huile-de-sardines\\\/#primaryimage\"},\"image\":{\"@id\":\"https:\\\/\\\/bien-etreiris.ch\\\/de\\\/produktpraesentation\\\/zoom-die-welt-der-tiere\\\/gesundheit-der-tiere\\\/nahrungsergaenzungsmittel-fuer-tiere\\\/acides-gras\\\/huile-de-sardines\\\/#primaryimage\"},\"thumbnailUrl\":\"https:\\\/\\\/bien-etreiris.ch\\\/wp-content\\\/uploads\\\/2025\\\/01\\\/Acceuil-Sardine.jpg\",\"datePublished\":\"2025-01-14T10:37:42+00:00\",\"dateModified\":\"2025-01-14T10:41:25+00:00\",\"breadcrumb\":{\"@id\":\"https:\\\/\\\/bien-etreiris.ch\\\/de\\\/produktpraesentation\\\/zoom-die-welt-der-tiere\\\/gesundheit-der-tiere\\\/nahrungsergaenzungsmittel-fuer-tiere\\\/acides-gras\\\/huile-de-sardines\\\/#breadcrumb\"},\"inLanguage\":\"de\",\"potentialAction\":[{\"@type\":\"ReadAction\",\"target\":[\"https:\\\/\\\/bien-etreiris.ch\\\/de\\\/produktpraesentation\\\/zoom-die-welt-der-tiere\\\/gesundheit-der-tiere\\\/nahrungsergaenzungsmittel-fuer-tiere\\\/acides-gras\\\/huile-de-sardines\\\/\"]}]},{\"@type\":\"ImageObject\",\"inLanguage\":\"de\",\"@id\":\"https:\\\/\\\/bien-etreiris.ch\\\/de\\\/produktpraesentation\\\/zoom-die-welt-der-tiere\\\/gesundheit-der-tiere\\\/nahrungsergaenzungsmittel-fuer-tiere\\\/acides-gras\\\/huile-de-sardines\\\/#primaryimage\",\"url\":\"https:\\\/\\\/bien-etreiris.ch\\\/wp-content\\\/uploads\\\/2025\\\/01\\\/Acceuil-Sardine.jpg\",\"contentUrl\":\"https:\\\/\\\/bien-etreiris.ch\\\/wp-content\\\/uploads\\\/2025\\\/01\\\/Acceuil-Sardine.jpg\",\"width\":500,\"height\":333},{\"@type\":\"BreadcrumbList\",\"@id\":\"https:\\\/\\\/bien-etreiris.ch\\\/de\\\/produktpraesentation\\\/zoom-die-welt-der-tiere\\\/gesundheit-der-tiere\\\/nahrungsergaenzungsmittel-fuer-tiere\\\/acides-gras\\\/huile-de-sardines\\\/#breadcrumb\",\"itemListElement\":[{\"@type\":\"ListItem\",\"position\":1,\"name\":\"Home\",\"item\":\"https:\\\/\\\/bien-etreiris.ch\\\/de\\\/\"},{\"@type\":\"ListItem\",\"position\":2,\"name\":\"PRODUKTPR\u00c4SENTATION\",\"item\":\"https:\\\/\\\/bien-etreiris.ch\\\/de\\\/produktpraesentation\\\/\"},{\"@type\":\"ListItem\",\"position\":3,\"name\":\"ZOOM \u2013 DIE WELT DER TIERE\",\"item\":\"https:\\\/\\\/bien-etreiris.ch\\\/de\\\/produktpraesentation\\\/zoom-die-welt-der-tiere\\\/\"},{\"@type\":\"ListItem\",\"position\":4,\"name\":\"GESUNDHEIT DER TIERE\",\"item\":\"https:\\\/\\\/bien-etreiris.ch\\\/de\\\/produktpraesentation\\\/zoom-die-welt-der-tiere\\\/gesundheit-der-tiere\\\/\"},{\"@type\":\"ListItem\",\"position\":5,\"name\":\"ERG\u00c4NZUNGSMITTEL\",\"item\":\"https:\\\/\\\/bien-etreiris.ch\\\/de\\\/produktpraesentation\\\/zoom-die-welt-der-tiere\\\/gesundheit-der-tiere\\\/nahrungsergaenzungsmittel-fuer-tiere\\\/\"},{\"@type\":\"ListItem\",\"position\":6,\"name\":\"ACIDES GRAS\",\"item\":\"https:\\\/\\\/bien-etreiris.ch\\\/de\\\/produktpraesentation\\\/zoom-die-welt-der-tiere\\\/gesundheit-der-tiere\\\/nahrungsergaenzungsmittel-fuer-tiere\\\/acides-gras\\\/\"},{\"@type\":\"ListItem\",\"position\":7,\"name\":\"HUILE DE SARDINES\"}]},{\"@type\":\"WebSite\",\"@id\":\"https:\\\/\\\/bien-etreiris.ch\\\/de\\\/#website\",\"url\":\"https:\\\/\\\/bien-etreiris.ch\\\/de\\\/\",\"name\":\"Bien-\u00eatre Iris\",\"description\":\"IHRE Gesundheit ist uns wichtig\",\"potentialAction\":[{\"@type\":\"SearchAction\",\"target\":{\"@type\":\"EntryPoint\",\"urlTemplate\":\"https:\\\/\\\/bien-etreiris.ch\\\/de\\\/?s={search_term_string}\"},\"query-input\":{\"@type\":\"PropertyValueSpecification\",\"valueRequired\":true,\"valueName\":\"search_term_string\"}}],\"inLanguage\":\"de\"}]}<\/script>\n<!-- \/ Yoast SEO plugin. -->","yoast_head_json":{"title":"HUILE DE SARDINES - WOHLBEFINDEN","robots":{"index":"index","follow":"follow","max-snippet":"max-snippet:-1","max-image-preview":"max-image-preview:large","max-video-preview":"max-video-preview:-1"},"canonical":"https:\/\/bien-etreiris.ch\/de\/produktpraesentation\/zoom-die-welt-der-tiere\/gesundheit-der-tiere\/nahrungsergaenzungsmittel-fuer-tiere\/acides-gras\/huile-de-sardines\/","og_locale":"de_DE","og_type":"article","og_title":"HUILE DE SARDINES - WOHLBEFINDEN","og_description":"Huile de sardines &nbsp; &nbsp; &nbsp; &nbsp; &nbsp; &nbsp; &nbsp; &nbsp; &nbsp; Aliments compl\u00e9mentaires pour chiens et chat 250 ml CHF 12.00 &nbsp; &nbsp; &nbsp; &nbsp; Description du produit Source d'acides gras OMEGA 3 et OMEGA 6, riche en EPA et DHA (acides gras sains pr\u00e9sents dans les poissons et les crustac\u00e9s). (acides gras sains pr\u00e9sents dans les poissons et&nbsp;Weiter lesen","og_url":"https:\/\/bien-etreiris.ch\/de\/produktpraesentation\/zoom-die-welt-der-tiere\/gesundheit-der-tiere\/nahrungsergaenzungsmittel-fuer-tiere\/acides-gras\/huile-de-sardines\/","og_site_name":"WOHLBEFINDEN","article_publisher":"https:\/\/www.facebook.com\/bienetreiris\/","article_modified_time":"2025-01-14T10:41:25+00:00","og_image":[{"width":500,"height":333,"url":"https:\/\/bien-etreiris.ch\/wp-content\/uploads\/2025\/01\/Acceuil-Sardine.jpg","type":"image\/jpeg"}],"twitter_misc":{"Gesch\u00e4tzte Lesezeit":"1\u00a0Minute"},"schema":{"@context":"https:\/\/schema.org","@graph":[{"@type":"WebPage","@id":"https:\/\/bien-etreiris.ch\/de\/produktpraesentation\/zoom-die-welt-der-tiere\/gesundheit-der-tiere\/nahrungsergaenzungsmittel-fuer-tiere\/acides-gras\/huile-de-sardines\/","url":"https:\/\/bien-etreiris.ch\/de\/produktpraesentation\/zoom-die-welt-der-tiere\/gesundheit-der-tiere\/nahrungsergaenzungsmittel-fuer-tiere\/acides-gras\/huile-de-sardines\/","name":"HUILE DE SARDINES - WOHLBEFINDEN","isPartOf":{"@id":"https:\/\/bien-etreiris.ch\/de\/#website"},"primaryImageOfPage":{"@id":"https:\/\/bien-etreiris.ch\/de\/produktpraesentation\/zoom-die-welt-der-tiere\/gesundheit-der-tiere\/nahrungsergaenzungsmittel-fuer-tiere\/acides-gras\/huile-de-sardines\/#primaryimage"},"image":{"@id":"https:\/\/bien-etreiris.ch\/de\/produktpraesentation\/zoom-die-welt-der-tiere\/gesundheit-der-tiere\/nahrungsergaenzungsmittel-fuer-tiere\/acides-gras\/huile-de-sardines\/#primaryimage"},"thumbnailUrl":"https:\/\/bien-etreiris.ch\/wp-content\/uploads\/2025\/01\/Acceuil-Sardine.jpg","datePublished":"2025-01-14T10:37:42+00:00","dateModified":"2025-01-14T10:41:25+00:00","breadcrumb":{"@id":"https:\/\/bien-etreiris.ch\/de\/produktpraesentation\/zoom-die-welt-der-tiere\/gesundheit-der-tiere\/nahrungsergaenzungsmittel-fuer-tiere\/acides-gras\/huile-de-sardines\/#breadcrumb"},"inLanguage":"de","potentialAction":[{"@type":"ReadAction","target":["https:\/\/bien-etreiris.ch\/de\/produktpraesentation\/zoom-die-welt-der-tiere\/gesundheit-der-tiere\/nahrungsergaenzungsmittel-fuer-tiere\/acides-gras\/huile-de-sardines\/"]}]},{"@type":"ImageObject","inLanguage":"de","@id":"https:\/\/bien-etreiris.ch\/de\/produktpraesentation\/zoom-die-welt-der-tiere\/gesundheit-der-tiere\/nahrungsergaenzungsmittel-fuer-tiere\/acides-gras\/huile-de-sardines\/#primaryimage","url":"https:\/\/bien-etreiris.ch\/wp-content\/uploads\/2025\/01\/Acceuil-Sardine.jpg","contentUrl":"https:\/\/bien-etreiris.ch\/wp-content\/uploads\/2025\/01\/Acceuil-Sardine.jpg","width":500,"height":333},{"@type":"BreadcrumbList","@id":"https:\/\/bien-etreiris.ch\/de\/produktpraesentation\/zoom-die-welt-der-tiere\/gesundheit-der-tiere\/nahrungsergaenzungsmittel-fuer-tiere\/acides-gras\/huile-de-sardines\/#breadcrumb","itemListElement":[{"@type":"ListItem","position":1,"name":"Home","item":"https:\/\/bien-etreiris.ch\/de\/"},{"@type":"ListItem","position":2,"name":"PRODUKTPR\u00c4SENTATION","item":"https:\/\/bien-etreiris.ch\/de\/produktpraesentation\/"},{"@type":"ListItem","position":3,"name":"ZOOM \u2013 DIE WELT DER TIERE","item":"https:\/\/bien-etreiris.ch\/de\/produktpraesentation\/zoom-die-welt-der-tiere\/"},{"@type":"ListItem","position":4,"name":"GESUNDHEIT DER TIERE","item":"https:\/\/bien-etreiris.ch\/de\/produktpraesentation\/zoom-die-welt-der-tiere\/gesundheit-der-tiere\/"},{"@type":"ListItem","position":5,"name":"ERG\u00c4NZUNGSMITTEL","item":"https:\/\/bien-etreiris.ch\/de\/produktpraesentation\/zoom-die-welt-der-tiere\/gesundheit-der-tiere\/nahrungsergaenzungsmittel-fuer-tiere\/"},{"@type":"ListItem","position":6,"name":"ACIDES GRAS","item":"https:\/\/bien-etreiris.ch\/de\/produktpraesentation\/zoom-die-welt-der-tiere\/gesundheit-der-tiere\/nahrungsergaenzungsmittel-fuer-tiere\/acides-gras\/"},{"@type":"ListItem","position":7,"name":"HUILE DE SARDINES"}]},{"@type":"WebSite","@id":"https:\/\/bien-etreiris.ch\/de\/#website","url":"https:\/\/bien-etreiris.ch\/de\/","name":"Bien-\u00eatre Iris","description":"IHRE Gesundheit ist uns wichtig","potentialAction":[{"@type":"SearchAction","target":{"@type":"EntryPoint","urlTemplate":"https:\/\/bien-etreiris.ch\/de\/?s={search_term_string}"},"query-input":{"@type":"PropertyValueSpecification","valueRequired":true,"valueName":"search_term_string"}}],"inLanguage":"de"}]}},"_links":{"self":[{"href":"https:\/\/bien-etreiris.ch\/de\/wp-json\/wp\/v2\/pages\/95171","targetHints":{"allow":["GET"]}}],"collection":[{"href":"https:\/\/bien-etreiris.ch\/de\/wp-json\/wp\/v2\/pages"}],"about":[{"href":"https:\/\/bien-etreiris.ch\/de\/wp-json\/wp\/v2\/types\/page"}],"author":[{"embeddable":true,"href":"https:\/\/bien-etreiris.ch\/de\/wp-json\/wp\/v2\/users\/1"}],"replies":[{"embeddable":true,"href":"https:\/\/bien-etreiris.ch\/de\/wp-json\/wp\/v2\/comments?post=95171"}],"version-history":[{"count":1,"href":"https:\/\/bien-etreiris.ch\/de\/wp-json\/wp\/v2\/pages\/95171\/revisions"}],"predecessor-version":[{"id":95175,"href":"https:\/\/bien-etreiris.ch\/de\/wp-json\/wp\/v2\/pages\/95171\/revisions\/95175"}],"up":[{"embeddable":true,"href":"https:\/\/bien-etreiris.ch\/de\/wp-json\/wp\/v2\/pages\/95149"}],"wp:featuredmedia":[{"embeddable":true,"href":"https:\/\/bien-etreiris.ch\/de\/wp-json\/wp\/v2\/media\/95165"}],"wp:attachment":[{"href":"https:\/\/bien-etreiris.ch\/de\/wp-json\/wp\/v2\/media?parent=95171"}],"curies":[{"name":"wp","href":"https:\/\/api.w.org\/{rel}","templated":true}]}}