{"id":95117,"date":"2025-01-14T05:24:01","date_gmt":"2025-01-14T03:24:01","guid":{"rendered":"https:\/\/bien-etreiris.ch\/antiox\/"},"modified":"2025-02-16T10:49:43","modified_gmt":"2025-02-16T08:49:43","slug":"antiox","status":"publish","type":"page","link":"https:\/\/bien-etreiris.ch\/de\/produktpraesentation\/zoom-die-welt-der-tiere\/gesundheit-der-tiere\/phytotherapie\/mixtes-des-herbes\/antiox\/","title":{"rendered":"ANTIOX"},"content":{"rendered":"<h2>ANTIOX<\/h2>\n<p><img loading=\"lazy\" decoding=\"async\" class=\"wp-image-95108 alignleft\" src=\"https:\/\/bien-etreiris.ch\/wp-content\/uploads\/2025\/01\/Antidox.jpg\" alt=\"\" width=\"270\" height=\"270\" srcset=\"https:\/\/bien-etreiris.ch\/wp-content\/uploads\/2025\/01\/Antidox.jpg 1200w, https:\/\/bien-etreiris.ch\/wp-content\/uploads\/2025\/01\/Antidox-300x300.jpg 300w, https:\/\/bien-etreiris.ch\/wp-content\/uploads\/2025\/01\/Antidox-1024x1024.jpg 1024w, https:\/\/bien-etreiris.ch\/wp-content\/uploads\/2025\/01\/Antidox-150x150.jpg 150w, https:\/\/bien-etreiris.ch\/wp-content\/uploads\/2025\/01\/Antidox-768x768.jpg 768w\" sizes=\"auto, (max-width: 270px) 100vw, 270px\" \/><\/p>\n<p>&nbsp;<\/p>\n<p>&nbsp;<\/p>\n<p>&nbsp;<\/p>\n<p>&nbsp;<\/p>\n<h5><a href=\"https:\/\/bien-etreiris.ch\/de\/unsere-marken\/naturcanin\/\" target=\"_blank\" rel=\"noopener\">Naturcanin<\/a><\/h5>\n<p>JOUR APR\u00c8S JOUR est indiqu\u00e9 pour maintenir la sant\u00e9 g\u00e9n\u00e9rale de l'organisme, en soutenant les fonctions physiologiques et cognitives jour apr\u00e8s jour.<\/p>\n<p><strong>Poids : 125 g&nbsp;&nbsp; CHF 19.00<br><\/strong><\/p>\n<p>&nbsp;<\/p>\n<p>&nbsp;<\/p>\n<p>&nbsp;<\/p>\n<h4>Description du produit<\/h4>\n<p>ANTIOX JOUR APR\u00c8S JOUR est indiqu\u00e9 pour maintenir la sant\u00e9 g\u00e9n\u00e9rale de l'organisme, en soutenant les fonctions physiologiques et cognitives jour apr\u00e8s jour. La formule ANTIOX JOUR APR\u00c8S JOUR contient des plantes \u00e0 haute valeur antioxydante, anti-inflammatoire et neuroprotectrice qui pr\u00e9viennent l'usure physique et neurologique due au passage du temps. Elle favorise les fonctions digestives, circulatoires et immunologiques et renforce le syst\u00e8me musculo-squelettique gr\u00e2ce \u00e0 l'apport de vitamines et de min\u00e9raux.<\/p>\n<h4><strong>Dose journali\u00e8re recommand\u00e9e :<\/strong><\/h4>\n<p>Chien 0-10 kg 1\/2 cuill\u00e8re \u00e0 caf\u00e9 (1,5 g)<\/p>\n<p>Chien 10-20 kg 1-2 cuill\u00e8res \u00e0 caf\u00e9 (3-6gr)<\/p>\n<p>Chien de 20 \u00e0 30 kg 2-3 cuill\u00e8res \u00e0 caf\u00e9 (6-9gr)<\/p>\n<p>Chien de plus de 30 kg 3-4 cuill\u00e8res \u00e0 caf\u00e9 (9-12gr)<\/p>\n<p>M\u00e9langer directement dans le menu Barf.<\/p>\n<p>Une fois ouvert, conserver dans un endroit frais.<\/p>\n<p>&nbsp;<\/p>\n<h4><strong>INGR\u00c9DIENTS : <\/strong><\/h4>\n<p>Griffe de chat, Ginkgo biloba, Romarin, Chardon-marie, Pr\u00eale, Luzerne, Curcuma, Guimauve, Chanvre, Lin, Levure de bi\u00e8re.<\/p>\n<p>&nbsp;<\/p>\n<p>&nbsp;<\/p>\n<p>&nbsp;<\/p>\n<p>&nbsp;<\/p>\n\n","protected":false},"excerpt":{"rendered":"<p>ANTIOX &nbsp; &nbsp; &nbsp; &nbsp; Naturcanin JOUR APR\u00c8S JOUR est indiqu\u00e9 pour maintenir la sant\u00e9 g\u00e9n\u00e9rale de l'organisme, en soutenant les fonctions physiologiques et cognitives jour apr\u00e8s jour. Poids : 125 g&nbsp;&nbsp; CHF 19.00 &nbsp; &nbsp; &nbsp; Description du produit ANTIOX JOUR APR\u00c8S JOUR est indiqu\u00e9 pour maintenir la sant\u00e9 g\u00e9n\u00e9rale de l'organisme, en soutenant les fonctions physiologiques et cognitives&nbsp;<a href=\"https:\/\/bien-etreiris.ch\/de\/produktpraesentation\/zoom-die-welt-der-tiere\/gesundheit-der-tiere\/phytotherapie\/mixtes-des-herbes\/antiox\/\" class=\"read-more\">Weiter lesen<\/a><\/p>\n","protected":false},"author":1,"featured_media":95107,"parent":96153,"menu_order":398,"comment_status":"closed","ping_status":"closed","template":"page-with-child.php","meta":{"_acf_changed":false,"ngg_post_thumbnail":0,"footnotes":""},"class_list":["post-95117","page","type-page","status-publish","has-post-thumbnail","hentry"],"acf":[],"yoast_head":"<!-- This site is optimized with the Yoast SEO plugin v27.4 - https:\/\/yoast.com\/product\/yoast-seo-wordpress\/ -->\n<title>ANTIOX - WOHLBEFINDEN<\/title>\n<meta name=\"robots\" content=\"index, follow, max-snippet:-1, max-image-preview:large, max-video-preview:-1\" \/>\n<link rel=\"canonical\" href=\"https:\/\/bien-etreiris.ch\/de\/antiox\/\" \/>\n<meta property=\"og:locale\" content=\"de_DE\" \/>\n<meta property=\"og:type\" content=\"article\" \/>\n<meta property=\"og:title\" content=\"ANTIOX - WOHLBEFINDEN\" \/>\n<meta property=\"og:description\" content=\"ANTIOX &nbsp; &nbsp; &nbsp; &nbsp; Naturcanin JOUR APR\u00c8S JOUR est indiqu\u00e9 pour maintenir la sant\u00e9 g\u00e9n\u00e9rale de l&#039;organisme, en soutenant les fonctions physiologiques et cognitives jour apr\u00e8s jour. Poids : 125 g&nbsp;&nbsp; CHF 19.00 &nbsp; &nbsp; &nbsp; Description du produit ANTIOX JOUR APR\u00c8S JOUR est indiqu\u00e9 pour maintenir la sant\u00e9 g\u00e9n\u00e9rale de l&#039;organisme, en soutenant les fonctions physiologiques et cognitives&nbsp;Weiter lesen\" \/>\n<meta property=\"og:url\" content=\"https:\/\/bien-etreiris.ch\/de\/antiox\/\" \/>\n<meta property=\"og:site_name\" content=\"WOHLBEFINDEN\" \/>\n<meta property=\"article:publisher\" content=\"https:\/\/www.facebook.com\/bienetreiris\/\" \/>\n<meta property=\"article:modified_time\" content=\"2025-02-16T08:49:43+00:00\" \/>\n<meta property=\"og:image\" content=\"https:\/\/bien-etreiris.ch\/wp-content\/uploads\/2025\/01\/acceuil-antiox.jpg\" \/>\n\t<meta property=\"og:image:width\" content=\"500\" \/>\n\t<meta property=\"og:image:height\" content=\"333\" \/>\n\t<meta property=\"og:image:type\" content=\"image\/jpeg\" \/>\n<meta name=\"twitter:label1\" content=\"Gesch\u00e4tzte Lesezeit\" \/>\n\t<meta name=\"twitter:data1\" content=\"2\u00a0Minuten\" \/>\n<script type=\"application\/ld+json\" class=\"yoast-schema-graph\">{\"@context\":\"https:\\\/\\\/schema.org\",\"@graph\":[{\"@type\":\"WebPage\",\"@id\":\"https:\\\/\\\/bien-etreiris.ch\\\/de\\\/antiox\\\/\",\"url\":\"https:\\\/\\\/bien-etreiris.ch\\\/de\\\/antiox\\\/\",\"name\":\"ANTIOX - WOHLBEFINDEN\",\"isPartOf\":{\"@id\":\"https:\\\/\\\/bien-etreiris.ch\\\/de\\\/#website\"},\"primaryImageOfPage\":{\"@id\":\"https:\\\/\\\/bien-etreiris.ch\\\/de\\\/antiox\\\/#primaryimage\"},\"image\":{\"@id\":\"https:\\\/\\\/bien-etreiris.ch\\\/de\\\/antiox\\\/#primaryimage\"},\"thumbnailUrl\":\"https:\\\/\\\/bien-etreiris.ch\\\/wp-content\\\/uploads\\\/2025\\\/01\\\/acceuil-antiox.jpg\",\"datePublished\":\"2025-01-14T03:24:01+00:00\",\"dateModified\":\"2025-02-16T08:49:43+00:00\",\"breadcrumb\":{\"@id\":\"https:\\\/\\\/bien-etreiris.ch\\\/de\\\/antiox\\\/#breadcrumb\"},\"inLanguage\":\"de\",\"potentialAction\":[{\"@type\":\"ReadAction\",\"target\":[\"https:\\\/\\\/bien-etreiris.ch\\\/de\\\/antiox\\\/\"]}]},{\"@type\":\"ImageObject\",\"inLanguage\":\"de\",\"@id\":\"https:\\\/\\\/bien-etreiris.ch\\\/de\\\/antiox\\\/#primaryimage\",\"url\":\"https:\\\/\\\/bien-etreiris.ch\\\/wp-content\\\/uploads\\\/2025\\\/01\\\/acceuil-antiox.jpg\",\"contentUrl\":\"https:\\\/\\\/bien-etreiris.ch\\\/wp-content\\\/uploads\\\/2025\\\/01\\\/acceuil-antiox.jpg\",\"width\":500,\"height\":333},{\"@type\":\"BreadcrumbList\",\"@id\":\"https:\\\/\\\/bien-etreiris.ch\\\/de\\\/antiox\\\/#breadcrumb\",\"itemListElement\":[{\"@type\":\"ListItem\",\"position\":1,\"name\":\"Home\",\"item\":\"https:\\\/\\\/bien-etreiris.ch\\\/de\\\/\"},{\"@type\":\"ListItem\",\"position\":2,\"name\":\"ANTIOX\"}]},{\"@type\":\"WebSite\",\"@id\":\"https:\\\/\\\/bien-etreiris.ch\\\/de\\\/#website\",\"url\":\"https:\\\/\\\/bien-etreiris.ch\\\/de\\\/\",\"name\":\"Bien-\u00eatre Iris\",\"description\":\"IHRE Gesundheit ist uns wichtig\",\"potentialAction\":[{\"@type\":\"SearchAction\",\"target\":{\"@type\":\"EntryPoint\",\"urlTemplate\":\"https:\\\/\\\/bien-etreiris.ch\\\/de\\\/?s={search_term_string}\"},\"query-input\":{\"@type\":\"PropertyValueSpecification\",\"valueRequired\":true,\"valueName\":\"search_term_string\"}}],\"inLanguage\":\"de\"}]}<\/script>\n<!-- \/ Yoast SEO plugin. -->","yoast_head_json":{"title":"ANTIOX - WOHLBEFINDEN","robots":{"index":"index","follow":"follow","max-snippet":"max-snippet:-1","max-image-preview":"max-image-preview:large","max-video-preview":"max-video-preview:-1"},"canonical":"https:\/\/bien-etreiris.ch\/de\/antiox\/","og_locale":"de_DE","og_type":"article","og_title":"ANTIOX - WOHLBEFINDEN","og_description":"ANTIOX &nbsp; &nbsp; &nbsp; &nbsp; Naturcanin JOUR APR\u00c8S JOUR est indiqu\u00e9 pour maintenir la sant\u00e9 g\u00e9n\u00e9rale de l'organisme, en soutenant les fonctions physiologiques et cognitives jour apr\u00e8s jour. Poids : 125 g&nbsp;&nbsp; CHF 19.00 &nbsp; &nbsp; &nbsp; Description du produit ANTIOX JOUR APR\u00c8S JOUR est indiqu\u00e9 pour maintenir la sant\u00e9 g\u00e9n\u00e9rale de l'organisme, en soutenant les fonctions physiologiques et cognitives&nbsp;Weiter lesen","og_url":"https:\/\/bien-etreiris.ch\/de\/antiox\/","og_site_name":"WOHLBEFINDEN","article_publisher":"https:\/\/www.facebook.com\/bienetreiris\/","article_modified_time":"2025-02-16T08:49:43+00:00","og_image":[{"width":500,"height":333,"url":"https:\/\/bien-etreiris.ch\/wp-content\/uploads\/2025\/01\/acceuil-antiox.jpg","type":"image\/jpeg"}],"twitter_misc":{"Gesch\u00e4tzte Lesezeit":"2\u00a0Minuten"},"schema":{"@context":"https:\/\/schema.org","@graph":[{"@type":"WebPage","@id":"https:\/\/bien-etreiris.ch\/de\/antiox\/","url":"https:\/\/bien-etreiris.ch\/de\/antiox\/","name":"ANTIOX - WOHLBEFINDEN","isPartOf":{"@id":"https:\/\/bien-etreiris.ch\/de\/#website"},"primaryImageOfPage":{"@id":"https:\/\/bien-etreiris.ch\/de\/antiox\/#primaryimage"},"image":{"@id":"https:\/\/bien-etreiris.ch\/de\/antiox\/#primaryimage"},"thumbnailUrl":"https:\/\/bien-etreiris.ch\/wp-content\/uploads\/2025\/01\/acceuil-antiox.jpg","datePublished":"2025-01-14T03:24:01+00:00","dateModified":"2025-02-16T08:49:43+00:00","breadcrumb":{"@id":"https:\/\/bien-etreiris.ch\/de\/antiox\/#breadcrumb"},"inLanguage":"de","potentialAction":[{"@type":"ReadAction","target":["https:\/\/bien-etreiris.ch\/de\/antiox\/"]}]},{"@type":"ImageObject","inLanguage":"de","@id":"https:\/\/bien-etreiris.ch\/de\/antiox\/#primaryimage","url":"https:\/\/bien-etreiris.ch\/wp-content\/uploads\/2025\/01\/acceuil-antiox.jpg","contentUrl":"https:\/\/bien-etreiris.ch\/wp-content\/uploads\/2025\/01\/acceuil-antiox.jpg","width":500,"height":333},{"@type":"BreadcrumbList","@id":"https:\/\/bien-etreiris.ch\/de\/antiox\/#breadcrumb","itemListElement":[{"@type":"ListItem","position":1,"name":"Home","item":"https:\/\/bien-etreiris.ch\/de\/"},{"@type":"ListItem","position":2,"name":"ANTIOX"}]},{"@type":"WebSite","@id":"https:\/\/bien-etreiris.ch\/de\/#website","url":"https:\/\/bien-etreiris.ch\/de\/","name":"Bien-\u00eatre Iris","description":"IHRE Gesundheit ist uns wichtig","potentialAction":[{"@type":"SearchAction","target":{"@type":"EntryPoint","urlTemplate":"https:\/\/bien-etreiris.ch\/de\/?s={search_term_string}"},"query-input":{"@type":"PropertyValueSpecification","valueRequired":true,"valueName":"search_term_string"}}],"inLanguage":"de"}]}},"_links":{"self":[{"href":"https:\/\/bien-etreiris.ch\/de\/wp-json\/wp\/v2\/pages\/95117","targetHints":{"allow":["GET"]}}],"collection":[{"href":"https:\/\/bien-etreiris.ch\/de\/wp-json\/wp\/v2\/pages"}],"about":[{"href":"https:\/\/bien-etreiris.ch\/de\/wp-json\/wp\/v2\/types\/page"}],"author":[{"embeddable":true,"href":"https:\/\/bien-etreiris.ch\/de\/wp-json\/wp\/v2\/users\/1"}],"replies":[{"embeddable":true,"href":"https:\/\/bien-etreiris.ch\/de\/wp-json\/wp\/v2\/comments?post=95117"}],"version-history":[{"count":3,"href":"https:\/\/bien-etreiris.ch\/de\/wp-json\/wp\/v2\/pages\/95117\/revisions"}],"predecessor-version":[{"id":96044,"href":"https:\/\/bien-etreiris.ch\/de\/wp-json\/wp\/v2\/pages\/95117\/revisions\/96044"}],"up":[{"embeddable":true,"href":"https:\/\/bien-etreiris.ch\/de\/wp-json\/wp\/v2\/pages\/96153"}],"wp:featuredmedia":[{"embeddable":true,"href":"https:\/\/bien-etreiris.ch\/de\/wp-json\/wp\/v2\/media\/95107"}],"wp:attachment":[{"href":"https:\/\/bien-etreiris.ch\/de\/wp-json\/wp\/v2\/media?parent=95117"}],"curies":[{"name":"wp","href":"https:\/\/api.w.org\/{rel}","templated":true}]}}