{"id":94968,"date":"2024-12-27T00:20:19","date_gmt":"2024-12-26T22:20:19","guid":{"rendered":"https:\/\/bien-etreiris.ch\/ratgeber-klarheit-beratung\/gesunder-lebensstil\/naehrstoffe\/lebensmittel\/tee\/thes-verts\/"},"modified":"2024-12-27T00:55:31","modified_gmt":"2024-12-26T22:55:31","slug":"gruentee","status":"publish","type":"page","link":"https:\/\/bien-etreiris.ch\/de\/ratgeber-klarheit-beratung\/gesunder-lebensstil\/naehrstoffe\/lebensmittel\/tee\/gruentee\/","title":{"rendered":"GR\u00dcNTEE"},"content":{"rendered":"\n<h2>Gr\u00fcntee<\/h2>\n\n\n\n<p>Beim Gr\u00fcntee oder auch Gr\u00fcner Tee sind im Gegensatz zum Schwarztee die Teebl\u00e4tter nicht fermentiert. Damit unterscheiden sich Gr\u00fcntee und Schwarztee in der Teezubereitung. Doch nicht nur in der Teezubereitung unterscheiden sich Gr\u00fcntee und Schwarztee sondern letztendlich auch im Geschmack, den Inhaltsstoffen und sogar in der Wirkung.<\/p>\n<p>&nbsp;<\/p>\n\n\n<h4>Die Herstellung von gr\u00fcnen Tees<\/h4>\n<p>Gr\u00fcne Tees sind nicht oxidierte Tees. Ihr Herstellungsprozess besteht aus drei Schritten.<\/p>\n<p>&nbsp;<\/p>\n<h4><em>1. Die R\u00f6stung<\/em><\/h4>\n<p>Dieser erste Schritt zielt darauf ab, die f\u00fcr die Oxidation verantwortlichen Enzyme im Blatt zu t\u00f6ten. Dazu werden die Bl\u00e4tter brutal auf eine Temperatur von \u00fcber 100 \u00b0C erhitzt, entweder trocken in Metallsch\u00fcsseln (chinesische Methode) oder mit Dampf (japanische Methode), wobei die Dauer zwischen 30 Sekunden und einigen Minuten variiert. Dadurch werden die Bl\u00e4tter geschmeidig und lassen sich leicht zum Rollen verarbeiten.<\/p>\n<p>&nbsp;<\/p>\n<h4><em>2. Das Rollen<\/em><\/h4>\n<p>Die Bl\u00e4tter werden dann in die Form eines St\u00e4bchens, einer Perle, einer Drehung oder sogar eines Teeblatts geformt, wie es zum Beispiel beim Long Jing der Fall ist. Dieser Vorgang kann kalt oder hei\u00df erfolgen, je nachdem, wie fein die Bl\u00e4tter gepfl\u00fcckt werden. Junge Triebe lassen sich leicht kalt rollen, da sie viel Wasser enthalten, im Gegensatz zu reiferen Bl\u00e4ttern, die unmittelbar nach dem R\u00f6sten, wenn sie noch heiss sind, gerollt werden m\u00fcssen.<\/p>\n<p>&nbsp;<\/p>\n<h4><em>3. Das Trocknen (Exsikkation)<\/em><\/h4>\n<p>Die Bl\u00e4tter werden anschliessend getrocknet, um die Stabilit\u00e4t des Geschmacks und eine gute Haltbarkeit zu gew\u00e4hrleisten. Dazu werden sie auf Trockengestelle gelegt, durch die 2 bis 3 Minuten lang heiss\u00dfe Luft str\u00f6mt. Die Bl\u00e4tter ruhen 30 Minuten lang und der Vorgang wird so lange wiederholt, bis sie nur noch 5-6 % Wasser enthalten.<\/p>\n<p>Schliesslich werden die Bl\u00e4tter sortiert, bevor sie verpackt werden.<\/p>\n<div>&nbsp;<\/div>\n<div>\n<h4>Gr\u00fcntee Sorten<\/h4>\n<p>Alle Sorten des Gr\u00fcntee hier vorzustellen ist gar nicht m\u00f6glich, da es mehr als 1000 Sorten geben soll. Die Hauptproduzenten von Gr\u00fcntee sind China und Japan. Dementsprechend unterscheidet sich der Gr\u00fcntee aus beiden L\u00e4ndern auch geschmacklich etwas.<\/p>\n<p>Ein paar Gr\u00fcnteesorten sind z.B.<\/p>\n<h4><em>aus Japan ...<\/em><\/h4>\n<ul>\n<li>Bancha<\/li>\n<li>Genmaicha<\/li>\n<li>Gyokuro<\/li>\n<li>Kabusecha<\/li>\n<li>Kukicha<\/li>\n<li>Matcha<\/li>\n<li>Sencha<\/li>\n<li>Yonkon<\/li>\n<li>Tamaryokucha (auch unter dem Namen Guricha bekannt)<\/li>\n<li>Fukamushicha<\/li>\n<\/ul>\n<p>&nbsp;<\/p>\n<h4><em>aus China ...<\/em><\/h4>\n<ul>\n<li>Chun Mee (sch\u00f6ne Augenbraue)<\/li>\n<li>Gunpowder<\/li>\n<li>Mao Feng (Haarspitzen)<\/li>\n<li>Pinyin <i><span lang=\"zh-Latn\">m\u00f2l\u00ec hu\u0101ch\u00e1<\/span><\/i>)<\/li>\n<li>Pi Lo Chun (Jadeschneke des Fr\u00fchlings)<\/li>\n<li>Lung Ching (Drachenbrunnentee)<\/li>\n<li>Liu An Gua Pian (Melonensamen)<\/li>\n<li>Tian Mu Quing Ding<\/li>\n<li>Yuncui<\/li>\n<\/ul>\n<p>&nbsp;<\/p>\n<p>&nbsp;<\/p>\n<p>&nbsp;<\/p>\n<h4>Zubereitung von Gr\u00fcntee<\/h4>\n<p>Wie schon gesagt unterscheidet sich der Gr\u00fcntee auch in der Zubereitung vom Schwarztee. So sollte das Wasser f\u00fcr den Aufguss beim Gr\u00fcntee h\u00f6chstens 90 \u00b0C besitzen. Als Minimum gibt man meist 50 \u00b0C an. Viel m\u00f6gen den Gr\u00fcntee bei einer Wassertemperatur von 70 \u00b0C, also der goldenen Mitte.<\/p>\n<p>Die 90 \u00b0C sind wichtig, da wenn das Wasser zu heiss ist, der Tee bitter und damit ungeniessbar wird. Die Hitze ist n\u00e4mlich daf\u00fcr verantwortlich, dass die im gr\u00fcnen Tee enthaltene Stoffe zersetzt werden, was den bitteren Geschmack ausl\u00f6st und dar\u00fcber hinaus auch mit sich bringt, dass die gesundheitlich wertvollen Wirkungen dadurch verloren gehen.<\/p>\n<p>Wie heiss das Wasser wirklich sein darf, h\u00e4ngt aber mit der verwendete Teesorte zusammen. Deshalb kann man hier durchaus auch mal die Temperatur des Wassers variieren.<\/p>\n<p>Die meisten Sorten gr\u00fcnen Tees sollten nicht l\u00e4nger als 30 bis 90 Sekunden ziehen. Wer hier wieder l\u00e4nger wartet riskiert, dass der Tee bitter wird.<\/p>\n<\/div>\n<p>&nbsp;<\/p>","protected":false},"excerpt":{"rendered":"<p>Gr\u00fcntee Beim Gr\u00fcntee oder auch Gr\u00fcner Tee sind im Gegensatz zum Schwarztee die Teebl\u00e4tter nicht fermentiert. Damit unterscheiden sich Gr\u00fcntee und Schwarztee in der Teezubereitung. Doch nicht nur in der Teezubereitung unterscheiden sich Gr\u00fcntee und Schwarztee sondern letztendlich auch im Geschmack, den Inhaltsstoffen und sogar in der Wirkung. &nbsp; Die Herstellung von gr\u00fcnen Tees Gr\u00fcne Tees sind nicht oxidierte Tees.&nbsp;<a href=\"https:\/\/bien-etreiris.ch\/de\/ratgeber-klarheit-beratung\/gesunder-lebensstil\/naehrstoffe\/lebensmittel\/tee\/gruentee\/\" class=\"read-more\">Weiter lesen<\/a><\/p>\n","protected":false},"author":1,"featured_media":55728,"parent":89172,"menu_order":417,"comment_status":"closed","ping_status":"closed","template":"page-with-child.php","meta":{"_acf_changed":false,"ngg_post_thumbnail":0,"footnotes":""},"class_list":["post-94968","page","type-page","status-publish","has-post-thumbnail","hentry"],"acf":[],"yoast_head":"<!-- This site is optimized with the Yoast SEO plugin v27.6 - https:\/\/yoast.com\/product\/yoast-seo-wordpress\/ -->\n<title>GR\u00dcNTEE - WOHLBEFINDEN<\/title>\n<meta name=\"robots\" content=\"index, follow, max-snippet:-1, max-image-preview:large, max-video-preview:-1\" \/>\n<link rel=\"canonical\" href=\"https:\/\/bien-etreiris.ch\/de\/ratgeber-klarheit-beratung\/gesunder-lebensstil\/naehrstoffe\/lebensmittel\/tee\/gruentee\/\" \/>\n<meta property=\"og:locale\" content=\"de_DE\" \/>\n<meta property=\"og:type\" content=\"article\" \/>\n<meta property=\"og:title\" content=\"GR\u00dcNTEE - WOHLBEFINDEN\" \/>\n<meta property=\"og:description\" content=\"Gr\u00fcntee Beim Gr\u00fcntee oder auch Gr\u00fcner Tee sind im Gegensatz zum Schwarztee die Teebl\u00e4tter nicht fermentiert. Damit unterscheiden sich Gr\u00fcntee und Schwarztee in der Teezubereitung. Doch nicht nur in der Teezubereitung unterscheiden sich Gr\u00fcntee und Schwarztee sondern letztendlich auch im Geschmack, den Inhaltsstoffen und sogar in der Wirkung. &nbsp; Die Herstellung von gr\u00fcnen Tees Gr\u00fcne Tees sind nicht oxidierte Tees.&nbsp;Weiter lesen\" \/>\n<meta property=\"og:url\" content=\"https:\/\/bien-etreiris.ch\/de\/ratgeber-klarheit-beratung\/gesunder-lebensstil\/naehrstoffe\/lebensmittel\/tee\/gruentee\/\" \/>\n<meta property=\"og:site_name\" content=\"WOHLBEFINDEN\" \/>\n<meta property=\"article:publisher\" content=\"https:\/\/www.facebook.com\/bienetreiris\/\" \/>\n<meta property=\"article:modified_time\" content=\"2024-12-26T22:55:31+00:00\" \/>\n<meta property=\"og:image\" content=\"https:\/\/bien-etreiris.ch\/wp-content\/uploads\/2022\/05\/Acceuil.jpg\" \/>\n\t<meta property=\"og:image:width\" content=\"500\" \/>\n\t<meta property=\"og:image:height\" content=\"332\" \/>\n\t<meta property=\"og:image:type\" content=\"image\/jpeg\" \/>\n<meta name=\"twitter:label1\" content=\"Gesch\u00e4tzte Lesezeit\" \/>\n\t<meta name=\"twitter:data1\" content=\"4\u00a0Minuten\" \/>\n<script type=\"application\/ld+json\" class=\"yoast-schema-graph\">{\"@context\":\"https:\\\/\\\/schema.org\",\"@graph\":[{\"@type\":\"WebPage\",\"@id\":\"https:\\\/\\\/bien-etreiris.ch\\\/de\\\/ratgeber-klarheit-beratung\\\/gesunder-lebensstil\\\/naehrstoffe\\\/lebensmittel\\\/tee\\\/gruentee\\\/\",\"url\":\"https:\\\/\\\/bien-etreiris.ch\\\/de\\\/ratgeber-klarheit-beratung\\\/gesunder-lebensstil\\\/naehrstoffe\\\/lebensmittel\\\/tee\\\/gruentee\\\/\",\"name\":\"GR\u00dcNTEE - WOHLBEFINDEN\",\"isPartOf\":{\"@id\":\"https:\\\/\\\/bien-etreiris.ch\\\/de\\\/#website\"},\"primaryImageOfPage\":{\"@id\":\"https:\\\/\\\/bien-etreiris.ch\\\/de\\\/ratgeber-klarheit-beratung\\\/gesunder-lebensstil\\\/naehrstoffe\\\/lebensmittel\\\/tee\\\/gruentee\\\/#primaryimage\"},\"image\":{\"@id\":\"https:\\\/\\\/bien-etreiris.ch\\\/de\\\/ratgeber-klarheit-beratung\\\/gesunder-lebensstil\\\/naehrstoffe\\\/lebensmittel\\\/tee\\\/gruentee\\\/#primaryimage\"},\"thumbnailUrl\":\"https:\\\/\\\/bien-etreiris.ch\\\/wp-content\\\/uploads\\\/2022\\\/05\\\/Acceuil.jpg\",\"datePublished\":\"2024-12-26T22:20:19+00:00\",\"dateModified\":\"2024-12-26T22:55:31+00:00\",\"breadcrumb\":{\"@id\":\"https:\\\/\\\/bien-etreiris.ch\\\/de\\\/ratgeber-klarheit-beratung\\\/gesunder-lebensstil\\\/naehrstoffe\\\/lebensmittel\\\/tee\\\/gruentee\\\/#breadcrumb\"},\"inLanguage\":\"de\",\"potentialAction\":[{\"@type\":\"ReadAction\",\"target\":[\"https:\\\/\\\/bien-etreiris.ch\\\/de\\\/ratgeber-klarheit-beratung\\\/gesunder-lebensstil\\\/naehrstoffe\\\/lebensmittel\\\/tee\\\/gruentee\\\/\"]}]},{\"@type\":\"ImageObject\",\"inLanguage\":\"de\",\"@id\":\"https:\\\/\\\/bien-etreiris.ch\\\/de\\\/ratgeber-klarheit-beratung\\\/gesunder-lebensstil\\\/naehrstoffe\\\/lebensmittel\\\/tee\\\/gruentee\\\/#primaryimage\",\"url\":\"https:\\\/\\\/bien-etreiris.ch\\\/wp-content\\\/uploads\\\/2022\\\/05\\\/Acceuil.jpg\",\"contentUrl\":\"https:\\\/\\\/bien-etreiris.ch\\\/wp-content\\\/uploads\\\/2022\\\/05\\\/Acceuil.jpg\",\"width\":500,\"height\":332},{\"@type\":\"BreadcrumbList\",\"@id\":\"https:\\\/\\\/bien-etreiris.ch\\\/de\\\/ratgeber-klarheit-beratung\\\/gesunder-lebensstil\\\/naehrstoffe\\\/lebensmittel\\\/tee\\\/gruentee\\\/#breadcrumb\",\"itemListElement\":[{\"@type\":\"ListItem\",\"position\":1,\"name\":\"Home\",\"item\":\"https:\\\/\\\/bien-etreiris.ch\\\/de\\\/\"},{\"@type\":\"ListItem\",\"position\":2,\"name\":\"RATGEBER &#038; KLARHEIT\",\"item\":\"https:\\\/\\\/bien-etreiris.ch\\\/de\\\/ratgeber-klarheit-beratung\\\/\"},{\"@type\":\"ListItem\",\"position\":3,\"name\":\"GESUNDER LEBENSSTIL\",\"item\":\"https:\\\/\\\/bien-etreiris.ch\\\/de\\\/ratgeber-klarheit-beratung\\\/gesunder-lebensstil\\\/\"},{\"@type\":\"ListItem\",\"position\":4,\"name\":\"N\u00c4HRSTOFFE\",\"item\":\"https:\\\/\\\/bien-etreiris.ch\\\/de\\\/ratgeber-klarheit-beratung\\\/naehrstoffe\\\/\"},{\"@type\":\"ListItem\",\"position\":5,\"name\":\"LEBENSMITTEL\",\"item\":\"https:\\\/\\\/bien-etreiris.ch\\\/de\\\/ratgeber-klarheit-beratung\\\/gesunder-lebensstil\\\/naehrstoffe\\\/lebensmittel\\\/\"},{\"@type\":\"ListItem\",\"position\":6,\"name\":\"TEE\",\"item\":\"https:\\\/\\\/bien-etreiris.ch\\\/de\\\/ratgeber-klarheit-beratung\\\/gesunder-lebensstil\\\/naehrstoffe\\\/lebensmittel\\\/tee\\\/\"},{\"@type\":\"ListItem\",\"position\":7,\"name\":\"GR\u00dcNTEE\"}]},{\"@type\":\"WebSite\",\"@id\":\"https:\\\/\\\/bien-etreiris.ch\\\/de\\\/#website\",\"url\":\"https:\\\/\\\/bien-etreiris.ch\\\/de\\\/\",\"name\":\"Bien-\u00eatre Iris\",\"description\":\"IHRE Gesundheit ist uns wichtig\",\"potentialAction\":[{\"@type\":\"SearchAction\",\"target\":{\"@type\":\"EntryPoint\",\"urlTemplate\":\"https:\\\/\\\/bien-etreiris.ch\\\/de\\\/?s={search_term_string}\"},\"query-input\":{\"@type\":\"PropertyValueSpecification\",\"valueRequired\":true,\"valueName\":\"search_term_string\"}}],\"inLanguage\":\"de\"}]}<\/script>\n<!-- \/ Yoast SEO plugin. -->","yoast_head_json":{"title":"GR\u00dcNTEE - WOHLBEFINDEN","robots":{"index":"index","follow":"follow","max-snippet":"max-snippet:-1","max-image-preview":"max-image-preview:large","max-video-preview":"max-video-preview:-1"},"canonical":"https:\/\/bien-etreiris.ch\/de\/ratgeber-klarheit-beratung\/gesunder-lebensstil\/naehrstoffe\/lebensmittel\/tee\/gruentee\/","og_locale":"de_DE","og_type":"article","og_title":"GR\u00dcNTEE - WOHLBEFINDEN","og_description":"Gr\u00fcntee Beim Gr\u00fcntee oder auch Gr\u00fcner Tee sind im Gegensatz zum Schwarztee die Teebl\u00e4tter nicht fermentiert. Damit unterscheiden sich Gr\u00fcntee und Schwarztee in der Teezubereitung. Doch nicht nur in der Teezubereitung unterscheiden sich Gr\u00fcntee und Schwarztee sondern letztendlich auch im Geschmack, den Inhaltsstoffen und sogar in der Wirkung. &nbsp; Die Herstellung von gr\u00fcnen Tees Gr\u00fcne Tees sind nicht oxidierte Tees.&nbsp;Weiter lesen","og_url":"https:\/\/bien-etreiris.ch\/de\/ratgeber-klarheit-beratung\/gesunder-lebensstil\/naehrstoffe\/lebensmittel\/tee\/gruentee\/","og_site_name":"WOHLBEFINDEN","article_publisher":"https:\/\/www.facebook.com\/bienetreiris\/","article_modified_time":"2024-12-26T22:55:31+00:00","og_image":[{"width":500,"height":332,"url":"https:\/\/bien-etreiris.ch\/wp-content\/uploads\/2022\/05\/Acceuil.jpg","type":"image\/jpeg"}],"twitter_misc":{"Gesch\u00e4tzte Lesezeit":"4\u00a0Minuten"},"schema":{"@context":"https:\/\/schema.org","@graph":[{"@type":"WebPage","@id":"https:\/\/bien-etreiris.ch\/de\/ratgeber-klarheit-beratung\/gesunder-lebensstil\/naehrstoffe\/lebensmittel\/tee\/gruentee\/","url":"https:\/\/bien-etreiris.ch\/de\/ratgeber-klarheit-beratung\/gesunder-lebensstil\/naehrstoffe\/lebensmittel\/tee\/gruentee\/","name":"GR\u00dcNTEE - WOHLBEFINDEN","isPartOf":{"@id":"https:\/\/bien-etreiris.ch\/de\/#website"},"primaryImageOfPage":{"@id":"https:\/\/bien-etreiris.ch\/de\/ratgeber-klarheit-beratung\/gesunder-lebensstil\/naehrstoffe\/lebensmittel\/tee\/gruentee\/#primaryimage"},"image":{"@id":"https:\/\/bien-etreiris.ch\/de\/ratgeber-klarheit-beratung\/gesunder-lebensstil\/naehrstoffe\/lebensmittel\/tee\/gruentee\/#primaryimage"},"thumbnailUrl":"https:\/\/bien-etreiris.ch\/wp-content\/uploads\/2022\/05\/Acceuil.jpg","datePublished":"2024-12-26T22:20:19+00:00","dateModified":"2024-12-26T22:55:31+00:00","breadcrumb":{"@id":"https:\/\/bien-etreiris.ch\/de\/ratgeber-klarheit-beratung\/gesunder-lebensstil\/naehrstoffe\/lebensmittel\/tee\/gruentee\/#breadcrumb"},"inLanguage":"de","potentialAction":[{"@type":"ReadAction","target":["https:\/\/bien-etreiris.ch\/de\/ratgeber-klarheit-beratung\/gesunder-lebensstil\/naehrstoffe\/lebensmittel\/tee\/gruentee\/"]}]},{"@type":"ImageObject","inLanguage":"de","@id":"https:\/\/bien-etreiris.ch\/de\/ratgeber-klarheit-beratung\/gesunder-lebensstil\/naehrstoffe\/lebensmittel\/tee\/gruentee\/#primaryimage","url":"https:\/\/bien-etreiris.ch\/wp-content\/uploads\/2022\/05\/Acceuil.jpg","contentUrl":"https:\/\/bien-etreiris.ch\/wp-content\/uploads\/2022\/05\/Acceuil.jpg","width":500,"height":332},{"@type":"BreadcrumbList","@id":"https:\/\/bien-etreiris.ch\/de\/ratgeber-klarheit-beratung\/gesunder-lebensstil\/naehrstoffe\/lebensmittel\/tee\/gruentee\/#breadcrumb","itemListElement":[{"@type":"ListItem","position":1,"name":"Home","item":"https:\/\/bien-etreiris.ch\/de\/"},{"@type":"ListItem","position":2,"name":"RATGEBER &#038; KLARHEIT","item":"https:\/\/bien-etreiris.ch\/de\/ratgeber-klarheit-beratung\/"},{"@type":"ListItem","position":3,"name":"GESUNDER LEBENSSTIL","item":"https:\/\/bien-etreiris.ch\/de\/ratgeber-klarheit-beratung\/gesunder-lebensstil\/"},{"@type":"ListItem","position":4,"name":"N\u00c4HRSTOFFE","item":"https:\/\/bien-etreiris.ch\/de\/ratgeber-klarheit-beratung\/naehrstoffe\/"},{"@type":"ListItem","position":5,"name":"LEBENSMITTEL","item":"https:\/\/bien-etreiris.ch\/de\/ratgeber-klarheit-beratung\/gesunder-lebensstil\/naehrstoffe\/lebensmittel\/"},{"@type":"ListItem","position":6,"name":"TEE","item":"https:\/\/bien-etreiris.ch\/de\/ratgeber-klarheit-beratung\/gesunder-lebensstil\/naehrstoffe\/lebensmittel\/tee\/"},{"@type":"ListItem","position":7,"name":"GR\u00dcNTEE"}]},{"@type":"WebSite","@id":"https:\/\/bien-etreiris.ch\/de\/#website","url":"https:\/\/bien-etreiris.ch\/de\/","name":"Bien-\u00eatre Iris","description":"IHRE Gesundheit ist uns wichtig","potentialAction":[{"@type":"SearchAction","target":{"@type":"EntryPoint","urlTemplate":"https:\/\/bien-etreiris.ch\/de\/?s={search_term_string}"},"query-input":{"@type":"PropertyValueSpecification","valueRequired":true,"valueName":"search_term_string"}}],"inLanguage":"de"}]}},"_links":{"self":[{"href":"https:\/\/bien-etreiris.ch\/de\/wp-json\/wp\/v2\/pages\/94968","targetHints":{"allow":["GET"]}}],"collection":[{"href":"https:\/\/bien-etreiris.ch\/de\/wp-json\/wp\/v2\/pages"}],"about":[{"href":"https:\/\/bien-etreiris.ch\/de\/wp-json\/wp\/v2\/types\/page"}],"author":[{"embeddable":true,"href":"https:\/\/bien-etreiris.ch\/de\/wp-json\/wp\/v2\/users\/1"}],"replies":[{"embeddable":true,"href":"https:\/\/bien-etreiris.ch\/de\/wp-json\/wp\/v2\/comments?post=94968"}],"version-history":[{"count":4,"href":"https:\/\/bien-etreiris.ch\/de\/wp-json\/wp\/v2\/pages\/94968\/revisions"}],"predecessor-version":[{"id":94980,"href":"https:\/\/bien-etreiris.ch\/de\/wp-json\/wp\/v2\/pages\/94968\/revisions\/94980"}],"up":[{"embeddable":true,"href":"https:\/\/bien-etreiris.ch\/de\/wp-json\/wp\/v2\/pages\/89172"}],"wp:featuredmedia":[{"embeddable":true,"href":"https:\/\/bien-etreiris.ch\/de\/wp-json\/wp\/v2\/media\/55728"}],"wp:attachment":[{"href":"https:\/\/bien-etreiris.ch\/de\/wp-json\/wp\/v2\/media?parent=94968"}],"curies":[{"name":"wp","href":"https:\/\/api.w.org\/{rel}","templated":true}]}}