{"id":94936,"date":"2024-12-26T21:00:02","date_gmt":"2024-12-26T19:00:02","guid":{"rendered":"https:\/\/bien-etreiris.ch\/pai-mu-tan\/"},"modified":"2024-12-27T00:07:49","modified_gmt":"2024-12-26T22:07:49","slug":"pai-mu-tan","status":"publish","type":"page","link":"https:\/\/bien-etreiris.ch\/de\/pai-mu-tan\/","title":{"rendered":"PAI MU TAN"},"content":{"rendered":"<h2>Pai Mu Tan<\/h2>\n<p>Pai Mu Tan ist ein weisser Tee, der seit Jahrhunderten ber\u00fchmt ist f\u00fcr seine heilende Wirkung und seinen milden, harmonischen Geschmack. Weisser Tee gilt als die edelste Teesorte und war fr\u00fcher dem chinesischen Kaiser und seinem Hof vorbehalten.<\/p>\n<p><img loading=\"lazy\" decoding=\"async\" src=\"https:\/\/vg01.met.vgwort.de\/na\/4bc1a7409e3245ce9dfe2a73d9ab699e\" alt=\"\" width=\"1\" height=\"1\"><\/p>\n<h4 id=\"was\">Was ist Pai Mu Tan?<\/h4>\n<p>Pai Mu Tan, auch <strong>White Peony<\/strong> (deutsch: <em>Weisse Pfingstrose<\/em>) oder <strong>Bai Mudan<\/strong> genannt, geh\u00f6rt neben dem Yin Zhen zu den hochwertigsten Sorten des weissen Tees. Er wird aus den Blattknospen und jungen Bl\u00e4ttern des Teestrauches gewonnen. Die Knospen sind mit einem weissen, haarigen Flaum \u00fcberzogen, dem der weisse Tee seinen Namen verdankt. In der Tasse hat der Tee hingegen keine weisse, sondern eine hellgelbe Farbe.<\/p>\n<p>&nbsp;<\/p>\n<h4 id=\"herkunft\">Wo wird Pai Mu Tan angebaut?<\/h4>\n<p>Die Ursprungsregion des Pai Mu Tan ist die chinesische Provinz Fujian. Pai Mu Tan aus Fujian zeichnet sich durch allerh\u00f6chste Qualit\u00e4t aus. Weitere Anbaugebiete liegen in anderen Regionen Chinas, in Sri Lanka und in Thailand.<\/p>\n<p>&nbsp;<\/p>\n<h4 id=\"herstellung\">Wie wird Pai Mu Tan hergestellt?<\/h4>\n<p>Pai Mu Tan wird wie alle weissen Teesorten sorgf\u00e4ltig von Hand gepfl\u00fcckt. Die geernteten Knospen und jungen Bl\u00e4tter werden anschliessend auf Bambusmatten ausgebreitet und je nach Wetterlage ein bis drei Tage in der Sonne getrocknet. Nur f\u00fcr ganz kurze Zeit - zwischen dreissig Minuten und drei Stunden - werden die Knospen und Bl\u00e4tter f\u00fcr die Oxidation gestapelt. Durch die Oxidation bilden sich neue Substanzen, die den Geschmack und Charakter eines Tees pr\u00e4gen. Aufgrund der sehr kurzen Oxidationszeit bleibt der Pai Mu Tan wie alle weissen Teesorten besonders mild im Aroma.<\/p>\n<p>Im Vergleich zu anderen Teesorten, wie gr\u00fcner Tee, schwarzer Tee oder auch Oolong ist der weisse Tee und damit auch der Pai Mu Tan am wenigsten verarbeitet.<\/p>\n<p>&nbsp;<\/p>\n<h4 id=\"geschmack\">Geschmack<\/h4>\n<p>Wie jeder gute weisse Tee zeichnet sich der Pai Mu Tan durch einen milden, harmonischen Geschmack aus und ist niemals bitter. Er ist dabei voller im Aroma als der Yin Zhen, die andere grosse weisse Teesorte, die nur aus Blattknospen hergestellt wird. Die im Pai Mu Tan mitverarbeiteten jungen Bl\u00e4tter verleihen ihm den gehaltvolleren Geschmack. Bei mehrmaligem Aufguss entfalten sich mit jedem Aufguss unterschiedliche Aromen: blumig, fein-s\u00fcsslich, leicht rauchig, feinherb.<\/p>\n<p>&nbsp;<\/p>\n<h4 id=\"wirkung\">Wirkung<\/h4>\n<p>Pai Mu Tan gilt als sehr gesund. Als weisser Tee enth\u00e4lt er verschiedene f\u00fcr den K\u00f6rper wertvolle Inhaltsstoffe wie Polyphenolen und Catechine, Theophyllin und Fluorid.<\/p>\n<p>&nbsp;<\/p>\n<h4>Polyphenolen und Catechine<\/h4>\n<p>Den sekund\u00e4ren Pflanzenstoffen <strong>Polyphenolen<\/strong> und <strong>Catechine<\/strong> werden diverse gesundheitsf\u00f6rdernde Wirkungen zugeschrieben. Sie sollen entz\u00fcndungshemmend sein, Herz-Kreislauf-Erkrankungen und sogar Krebserkrankungen vorbeugen. Als Antioxidantien sch\u00fctzen sie die Haut vor UV-Strahlung und vorzeitigen Alterungserscheinungen.<\/p>\n<p>&nbsp;<\/p>\n<h4>Theophyllin<\/h4>\n<p>Theophyllin erweitert die Bronchien. Es wirkt daher lindernd bei Atemwegserkrankungen und beugt diesen vor. Der Wirkstoff wird deshalb sogar alternativ in der Asthmatherapie eingesetzt.<\/p>\n<p>&nbsp;<\/p>\n<h4>Fluorid<\/h4>\n<p>Pai Mu Tan enth\u00e4lt mehr Fluorid in als die meisten anderen Lebensmittel. Fluorid st\u00e4rkt den Zahnschmelz und beugt der Entstehung von Karies vor.<\/p>\n<p>&nbsp;<\/p>\n<h4>Koffein<\/h4>\n<p>H\u00e4ufig wird behauptet, dass der weisse Tee kein Koffein beinhalten w\u00fcrde. Dies ist jedoch falsch, da auch er von derselben Teepflanze, wie der schwarze oder gr\u00fcne Tee stammt. Auch die Aussage, dass weisser Tee besonders wenig Koffein hat, stimmt so nicht ganz. Dementsprechend muss man auch beim Pai Mu Tan mit Koffein rechnen, sodass ihm ebenfalls eine anregende Wirkung zugesprochen werden kann. Ob der Pai Mu Tan also der ideale Tee f\u00fcr den sp\u00e4ten Abend ist, sollte man auf jeden Fall am besten einmal am Wochenende erst einmal probieren, um nicht unter der Woche pl\u00f6tzlich nicht mehr einschlafen zu k\u00f6nnen. Manche reagieren auf den Koffein st\u00e4rker als andere, insbesondere weil der Koffein im Pau Mu Tan zwar milder wirkt als bei Kaffee, daf\u00fcr aber l\u00e4nger anhaltend.<\/p>\n<p>&nbsp;<\/p>\n<h4 id=\"zubereitung\">Zubereitung<\/h4>\n<p>Die zarten Bl\u00e4tter und Knospen des Pai Mu Tan erfordern eine besonders sanfte Zubereitung. F\u00fcr den optimalen Geschmack und die Entfaltung der gesundheitsf\u00f6rdernden Wirkung sollte der Tee mit etwa 75 Grad warmen Wasser aufgegossen werden. Am besten verwendet man weiches Wasser mit geringem Kalkgehalt, um das milde, blumige Aroma nicht zu beeintr\u00e4chtigen. Pro Tasse rechnet man einen Teel\u00f6ffel Tee. Die Ziehzeit betr\u00e4gt ca. zwei bis drei Minuten. Der Pai Mu Tan kann mehrmals aufgegossen werden. Mit jedem Aufguss entwickeln sich neue Geschmacksnuancen.<\/p>\n<p>&nbsp;<\/p>\n<h4>Quelle :<\/h4>\n<p><a href=\"https:\/\/www.teelexikon.com\/pai-mu-tan.php\" target=\"_blank\" rel=\"noopener\">Teelexikon<\/a><\/p>\n\n","protected":false},"excerpt":{"rendered":"<p>Pai Mu Tan Pai Mu Tan ist ein weisser Tee, der seit Jahrhunderten ber\u00fchmt ist f\u00fcr seine heilende Wirkung und seinen milden, harmonischen Geschmack. Weisser Tee gilt als die edelste Teesorte und war fr\u00fcher dem chinesischen Kaiser und seinem Hof vorbehalten. Was ist Pai Mu Tan? Pai Mu Tan, auch White Peony (deutsch: Weisse Pfingstrose) oder Bai Mudan genannt, geh\u00f6rt&nbsp;<a href=\"https:\/\/bien-etreiris.ch\/de\/pai-mu-tan\/\" class=\"read-more\">Weiter lesen<\/a><\/p>\n","protected":false},"author":1,"featured_media":55728,"parent":0,"menu_order":423,"comment_status":"closed","ping_status":"closed","template":"page-with-child.php","meta":{"_acf_changed":false,"ngg_post_thumbnail":0,"footnotes":""},"class_list":["post-94936","page","type-page","status-publish","has-post-thumbnail","hentry"],"acf":[],"yoast_head":"<!-- This site is optimized with the Yoast SEO plugin v27.5 - https:\/\/yoast.com\/product\/yoast-seo-wordpress\/ -->\n<title>PAI MU TAN - WOHLBEFINDEN<\/title>\n<meta name=\"robots\" content=\"index, follow, max-snippet:-1, max-image-preview:large, max-video-preview:-1\" \/>\n<link rel=\"canonical\" href=\"https:\/\/bien-etreiris.ch\/de\/pai-mu-tan\/\" \/>\n<meta property=\"og:locale\" content=\"de_DE\" \/>\n<meta property=\"og:type\" content=\"article\" \/>\n<meta property=\"og:title\" content=\"PAI MU TAN - WOHLBEFINDEN\" \/>\n<meta property=\"og:description\" content=\"Pai Mu Tan Pai Mu Tan ist ein weisser Tee, der seit Jahrhunderten ber\u00fchmt ist f\u00fcr seine heilende Wirkung und seinen milden, harmonischen Geschmack. Weisser Tee gilt als die edelste Teesorte und war fr\u00fcher dem chinesischen Kaiser und seinem Hof vorbehalten. Was ist Pai Mu Tan? Pai Mu Tan, auch White Peony (deutsch: Weisse Pfingstrose) oder Bai Mudan genannt, geh\u00f6rt&nbsp;Weiter lesen\" \/>\n<meta property=\"og:url\" content=\"https:\/\/bien-etreiris.ch\/de\/pai-mu-tan\/\" \/>\n<meta property=\"og:site_name\" content=\"WOHLBEFINDEN\" \/>\n<meta property=\"article:publisher\" content=\"https:\/\/www.facebook.com\/bienetreiris\/\" \/>\n<meta property=\"article:modified_time\" content=\"2024-12-26T22:07:49+00:00\" \/>\n<meta property=\"og:image\" content=\"https:\/\/bien-etreiris.ch\/wp-content\/uploads\/2022\/05\/Acceuil.jpg\" \/>\n\t<meta property=\"og:image:width\" content=\"500\" \/>\n\t<meta property=\"og:image:height\" content=\"332\" \/>\n\t<meta property=\"og:image:type\" content=\"image\/jpeg\" \/>\n<meta name=\"twitter:label1\" content=\"Gesch\u00e4tzte Lesezeit\" \/>\n\t<meta name=\"twitter:data1\" content=\"4\u00a0Minuten\" \/>\n<script type=\"application\/ld+json\" class=\"yoast-schema-graph\">{\"@context\":\"https:\\\/\\\/schema.org\",\"@graph\":[{\"@type\":\"WebPage\",\"@id\":\"https:\\\/\\\/bien-etreiris.ch\\\/de\\\/pai-mu-tan\\\/\",\"url\":\"https:\\\/\\\/bien-etreiris.ch\\\/de\\\/pai-mu-tan\\\/\",\"name\":\"PAI MU TAN - WOHLBEFINDEN\",\"isPartOf\":{\"@id\":\"https:\\\/\\\/bien-etreiris.ch\\\/de\\\/#website\"},\"primaryImageOfPage\":{\"@id\":\"https:\\\/\\\/bien-etreiris.ch\\\/de\\\/pai-mu-tan\\\/#primaryimage\"},\"image\":{\"@id\":\"https:\\\/\\\/bien-etreiris.ch\\\/de\\\/pai-mu-tan\\\/#primaryimage\"},\"thumbnailUrl\":\"https:\\\/\\\/bien-etreiris.ch\\\/wp-content\\\/uploads\\\/2022\\\/05\\\/Acceuil.jpg\",\"datePublished\":\"2024-12-26T19:00:02+00:00\",\"dateModified\":\"2024-12-26T22:07:49+00:00\",\"breadcrumb\":{\"@id\":\"https:\\\/\\\/bien-etreiris.ch\\\/de\\\/pai-mu-tan\\\/#breadcrumb\"},\"inLanguage\":\"de\",\"potentialAction\":[{\"@type\":\"ReadAction\",\"target\":[\"https:\\\/\\\/bien-etreiris.ch\\\/de\\\/pai-mu-tan\\\/\"]}]},{\"@type\":\"ImageObject\",\"inLanguage\":\"de\",\"@id\":\"https:\\\/\\\/bien-etreiris.ch\\\/de\\\/pai-mu-tan\\\/#primaryimage\",\"url\":\"https:\\\/\\\/bien-etreiris.ch\\\/wp-content\\\/uploads\\\/2022\\\/05\\\/Acceuil.jpg\",\"contentUrl\":\"https:\\\/\\\/bien-etreiris.ch\\\/wp-content\\\/uploads\\\/2022\\\/05\\\/Acceuil.jpg\",\"width\":500,\"height\":332},{\"@type\":\"BreadcrumbList\",\"@id\":\"https:\\\/\\\/bien-etreiris.ch\\\/de\\\/pai-mu-tan\\\/#breadcrumb\",\"itemListElement\":[{\"@type\":\"ListItem\",\"position\":1,\"name\":\"Home\",\"item\":\"https:\\\/\\\/bien-etreiris.ch\\\/de\\\/\"},{\"@type\":\"ListItem\",\"position\":2,\"name\":\"PAI MU TAN\"}]},{\"@type\":\"WebSite\",\"@id\":\"https:\\\/\\\/bien-etreiris.ch\\\/de\\\/#website\",\"url\":\"https:\\\/\\\/bien-etreiris.ch\\\/de\\\/\",\"name\":\"Bien-\u00eatre Iris\",\"description\":\"IHRE Gesundheit ist uns wichtig\",\"potentialAction\":[{\"@type\":\"SearchAction\",\"target\":{\"@type\":\"EntryPoint\",\"urlTemplate\":\"https:\\\/\\\/bien-etreiris.ch\\\/de\\\/?s={search_term_string}\"},\"query-input\":{\"@type\":\"PropertyValueSpecification\",\"valueRequired\":true,\"valueName\":\"search_term_string\"}}],\"inLanguage\":\"de\"}]}<\/script>\n<!-- \/ Yoast SEO plugin. -->","yoast_head_json":{"title":"PAI MU TAN - WOHLBEFINDEN","robots":{"index":"index","follow":"follow","max-snippet":"max-snippet:-1","max-image-preview":"max-image-preview:large","max-video-preview":"max-video-preview:-1"},"canonical":"https:\/\/bien-etreiris.ch\/de\/pai-mu-tan\/","og_locale":"de_DE","og_type":"article","og_title":"PAI MU TAN - WOHLBEFINDEN","og_description":"Pai Mu Tan Pai Mu Tan ist ein weisser Tee, der seit Jahrhunderten ber\u00fchmt ist f\u00fcr seine heilende Wirkung und seinen milden, harmonischen Geschmack. Weisser Tee gilt als die edelste Teesorte und war fr\u00fcher dem chinesischen Kaiser und seinem Hof vorbehalten. Was ist Pai Mu Tan? Pai Mu Tan, auch White Peony (deutsch: Weisse Pfingstrose) oder Bai Mudan genannt, geh\u00f6rt&nbsp;Weiter lesen","og_url":"https:\/\/bien-etreiris.ch\/de\/pai-mu-tan\/","og_site_name":"WOHLBEFINDEN","article_publisher":"https:\/\/www.facebook.com\/bienetreiris\/","article_modified_time":"2024-12-26T22:07:49+00:00","og_image":[{"width":500,"height":332,"url":"https:\/\/bien-etreiris.ch\/wp-content\/uploads\/2022\/05\/Acceuil.jpg","type":"image\/jpeg"}],"twitter_misc":{"Gesch\u00e4tzte Lesezeit":"4\u00a0Minuten"},"schema":{"@context":"https:\/\/schema.org","@graph":[{"@type":"WebPage","@id":"https:\/\/bien-etreiris.ch\/de\/pai-mu-tan\/","url":"https:\/\/bien-etreiris.ch\/de\/pai-mu-tan\/","name":"PAI MU TAN - WOHLBEFINDEN","isPartOf":{"@id":"https:\/\/bien-etreiris.ch\/de\/#website"},"primaryImageOfPage":{"@id":"https:\/\/bien-etreiris.ch\/de\/pai-mu-tan\/#primaryimage"},"image":{"@id":"https:\/\/bien-etreiris.ch\/de\/pai-mu-tan\/#primaryimage"},"thumbnailUrl":"https:\/\/bien-etreiris.ch\/wp-content\/uploads\/2022\/05\/Acceuil.jpg","datePublished":"2024-12-26T19:00:02+00:00","dateModified":"2024-12-26T22:07:49+00:00","breadcrumb":{"@id":"https:\/\/bien-etreiris.ch\/de\/pai-mu-tan\/#breadcrumb"},"inLanguage":"de","potentialAction":[{"@type":"ReadAction","target":["https:\/\/bien-etreiris.ch\/de\/pai-mu-tan\/"]}]},{"@type":"ImageObject","inLanguage":"de","@id":"https:\/\/bien-etreiris.ch\/de\/pai-mu-tan\/#primaryimage","url":"https:\/\/bien-etreiris.ch\/wp-content\/uploads\/2022\/05\/Acceuil.jpg","contentUrl":"https:\/\/bien-etreiris.ch\/wp-content\/uploads\/2022\/05\/Acceuil.jpg","width":500,"height":332},{"@type":"BreadcrumbList","@id":"https:\/\/bien-etreiris.ch\/de\/pai-mu-tan\/#breadcrumb","itemListElement":[{"@type":"ListItem","position":1,"name":"Home","item":"https:\/\/bien-etreiris.ch\/de\/"},{"@type":"ListItem","position":2,"name":"PAI MU TAN"}]},{"@type":"WebSite","@id":"https:\/\/bien-etreiris.ch\/de\/#website","url":"https:\/\/bien-etreiris.ch\/de\/","name":"Bien-\u00eatre Iris","description":"IHRE Gesundheit ist uns wichtig","potentialAction":[{"@type":"SearchAction","target":{"@type":"EntryPoint","urlTemplate":"https:\/\/bien-etreiris.ch\/de\/?s={search_term_string}"},"query-input":{"@type":"PropertyValueSpecification","valueRequired":true,"valueName":"search_term_string"}}],"inLanguage":"de"}]}},"_links":{"self":[{"href":"https:\/\/bien-etreiris.ch\/de\/wp-json\/wp\/v2\/pages\/94936","targetHints":{"allow":["GET"]}}],"collection":[{"href":"https:\/\/bien-etreiris.ch\/de\/wp-json\/wp\/v2\/pages"}],"about":[{"href":"https:\/\/bien-etreiris.ch\/de\/wp-json\/wp\/v2\/types\/page"}],"author":[{"embeddable":true,"href":"https:\/\/bien-etreiris.ch\/de\/wp-json\/wp\/v2\/users\/1"}],"replies":[{"embeddable":true,"href":"https:\/\/bien-etreiris.ch\/de\/wp-json\/wp\/v2\/comments?post=94936"}],"version-history":[{"count":3,"href":"https:\/\/bien-etreiris.ch\/de\/wp-json\/wp\/v2\/pages\/94936\/revisions"}],"predecessor-version":[{"id":94962,"href":"https:\/\/bien-etreiris.ch\/de\/wp-json\/wp\/v2\/pages\/94936\/revisions\/94962"}],"wp:featuredmedia":[{"embeddable":true,"href":"https:\/\/bien-etreiris.ch\/de\/wp-json\/wp\/v2\/media\/55728"}],"wp:attachment":[{"href":"https:\/\/bien-etreiris.ch\/de\/wp-json\/wp\/v2\/media?parent=94936"}],"curies":[{"name":"wp","href":"https:\/\/api.w.org\/{rel}","templated":true}]}}