{"id":94685,"date":"2024-12-21T14:00:12","date_gmt":"2024-12-21T12:00:12","guid":{"rendered":"https:\/\/bien-etreiris.ch\/produktpraesentation\/aromatherapie\/synergien\/astrologique\/"},"modified":"2024-12-24T10:21:09","modified_gmt":"2024-12-24T08:21:09","slug":"astrologique","status":"publish","type":"page","link":"https:\/\/bien-etreiris.ch\/de\/produktpraesentation\/aromatherapie\/synergien\/astrologique\/","title":{"rendered":"ASTROLOGIQUE"},"content":{"rendered":"<h2>Astrologique<\/h2>\n\n\n<p>Pour chaque signe du zodiaque votre huile essentielle personnelle pour la lampe aromatique, le diffuseur d'ar\u00f4mes ou le stick parfum\u00e9 vous accompagnera tout au long de la journ\u00e9e et vous soutiendra dans votre \u00eatre individuel. Un cadeau personnel id\u00e9al.<\/p>\n<p>Chaque flacon de m\u00e9lange personnalis\u00e9 contient 10 ml et co\u00fbte 15,60 CHF.<\/p>\n<p>&nbsp;<\/p>\n<h4>Capricorne 22.12.-20.01.<\/h4>\n<p><img loading=\"lazy\" decoding=\"async\" class=\"wp-image-94859 alignleft\" src=\"https:\/\/bien-etreiris.ch\/wp-content\/uploads\/2024\/12\/Capricorne.jpg\" alt=\"\" width=\"182\" height=\"402\" srcset=\"https:\/\/bien-etreiris.ch\/wp-content\/uploads\/2024\/12\/Capricorne.jpg 315w, https:\/\/bien-etreiris.ch\/wp-content\/uploads\/2024\/12\/Capricorne-136x300.jpg 136w\" sizes=\"auto, (max-width: 182px) 100vw, 182px\" \/><\/p>\n<p>&nbsp;<\/p>\n<p>&nbsp;<\/p>\n<p>&nbsp;<\/p>\n<p>&nbsp;<\/p>\n<p>&nbsp;<\/p>\n<ul style=\"list-style-type: disc;\">\n<li>Pamplemousse<\/li>\n<li>Cypr\u00e8s<\/li>\n<li>Yang Yang<\/li>\n<li>V\u00e9tiver<\/li>\n<\/ul>\n<p>&nbsp;<\/p>\n<p>El\u00e9ment : Terre<br>Plan\u00e8te : Saturne<\/p>\n<p>&nbsp;<\/p>\n<hr>\n<h4>Verseau 21.01.-19.02.<\/h4>\n<ul style=\"list-style-type: disc;\">\n<li>Bergamote<\/li>\n<li>Patchouli<\/li>\n<li>Aiguille d'\u00e9pic\u00e9a<\/li>\n<li>Camomille<\/li>\n<\/ul>\n<p>&nbsp;<\/p>\n<p><br>El\u00e9ment : Air<br>Plan\u00e8te : Uranus<\/p>\n<p>&nbsp;<\/p>\n<hr>\n<h4>Poisson 20.02.-20.03<\/h4>\n<p><img loading=\"lazy\" decoding=\"async\" class=\"wp-image-94820 alignleft\" src=\"https:\/\/bien-etreiris.ch\/wp-content\/uploads\/2024\/12\/Poisson.jpg\" alt=\"\" width=\"178\" height=\"362\" srcset=\"https:\/\/bien-etreiris.ch\/wp-content\/uploads\/2024\/12\/Poisson.jpg 344w, https:\/\/bien-etreiris.ch\/wp-content\/uploads\/2024\/12\/Poisson-147x300.jpg 147w\" sizes=\"auto, (max-width: 178px) 100vw, 178px\" \/><\/p>\n<p>&nbsp;<\/p>\n<p>&nbsp;<\/p>\n<p>&nbsp;<\/p>\n<p>&nbsp;<\/p>\n<ul style=\"list-style-type: disc;\">\n<li>Bois de c\u00e8dre<\/li>\n<li>Mandarine<\/li>\n<li>Lavande<\/li>\n<li>Eucalyptus<\/li>\n<\/ul>\n<p>&nbsp;<\/p>\n<p><br>El\u00e9ment : Eau<br>Plan\u00e8te : Neptune<\/p>\n<p>&nbsp;<\/p>\n<p>&nbsp;<\/p>\n<hr>\n<h4>B\u00e9lier 21.03.- 20.04.<\/h4>\n<p><img loading=\"lazy\" decoding=\"async\" class=\"wp-image-94835 alignleft\" src=\"https:\/\/bien-etreiris.ch\/wp-content\/uploads\/2024\/12\/Belier.jpg\" alt=\"\" width=\"178\" height=\"412\" srcset=\"https:\/\/bien-etreiris.ch\/wp-content\/uploads\/2024\/12\/Belier.jpg 302w, https:\/\/bien-etreiris.ch\/wp-content\/uploads\/2024\/12\/Belier-129x300.jpg 129w\" sizes=\"auto, (max-width: 178px) 100vw, 178px\" \/><\/p>\n<p>&nbsp;<\/p>\n<p>&nbsp;<\/p>\n<p>&nbsp;<\/p>\n<p>&nbsp;<\/p>\n<p>&nbsp;<\/p>\n<ul style=\"list-style-type: disc;\">\n<li>Bois de c\u00e8dre<\/li>\n<li>G\u00e9ranium rosat<\/li>\n<li>Lime<\/li>\n<li>Lemongrass<\/li>\n<\/ul>\n<p>&nbsp;<\/p>\n<p><br>El\u00e9ment : Feu<br>Plan\u00e8te : Mars<\/p>\n<p>&nbsp;<\/p>\n<p>&nbsp;<\/p>\n<hr>\n<h4>Taureau 21.04.-20.05<\/h4>\n<ul style=\"list-style-type: disc;\">\n<li>Bois de c\u00e8dre<\/li>\n<li>Encens<\/li>\n<li>Lavandin<\/li>\n<li>Orange<\/li>\n<\/ul>\n<p>&nbsp;<\/p>\n<p>El\u00e9ment : Terre<br>Plan\u00e8te : V\u00e9nus<\/p>\n<p>&nbsp;<\/p>\n<p>&nbsp;<\/p>\n<hr>\n<h4>G\u00e9meaux 21.05. - 21.06.<\/h4>\n<ul style=\"list-style-type: disc;\">\n<li>Citron<\/li>\n<li>Lavande<\/li>\n<li>Eucalyptus<\/li>\n<li>Tulsi<\/li>\n<\/ul>\n<p>&nbsp;<\/p>\n<p>El\u00e9ment : Air<br>Plan\u00e8te : Mercure<\/p>\n<h4>&nbsp;<\/h4>\n<hr>\n<h4>Cancer 22.06 - 22.07<\/h4>\n\n\n<ul style=\"list-style-type: disc;\">\n<li>Orange<\/li>\n<li>Bergamote<\/li>\n<li>Benjoin<\/li>\n<li>Absolu de rose<\/li>\n<\/ul>\n<p>&nbsp;<\/p>\n<p>El\u00e9ment : Eau<br>Plan\u00e8te : Lune<\/p>\n<p>&nbsp;<\/p>\n<hr>\n<h4>Lion 23.07. -23.08.<\/h4>\n<p><img loading=\"lazy\" decoding=\"async\" class=\"wp-image-94852 alignleft\" src=\"https:\/\/bien-etreiris.ch\/wp-content\/uploads\/2024\/12\/Lion.jpg\" alt=\"\" width=\"182\" height=\"368\" srcset=\"https:\/\/bien-etreiris.ch\/wp-content\/uploads\/2024\/12\/Lion.jpg 346w, https:\/\/bien-etreiris.ch\/wp-content\/uploads\/2024\/12\/Lion-148x300.jpg 148w\" sizes=\"auto, (max-width: 182px) 100vw, 182px\" \/><\/p>\n<p>&nbsp;<\/p>\n<p>&nbsp;<\/p>\n<p>&nbsp;<\/p>\n<p>&nbsp;<\/p>\n<ul style=\"list-style-type: disc;\">\n<li>Bergamote<\/li>\n<li>Orange<\/li>\n<li>Lavande<\/li>\n<li>Ecorce de cannelle<\/li>\n<\/ul>\n<p>&nbsp;<\/p>\n<p>El\u00e9ment : Feu<br>Plan\u00e8te : Soleil<\/p>\n<p>&nbsp;<\/p>\n<hr>\n<h4>Vierge 24.08. - 23.09.<\/h4>\n<ul style=\"list-style-type: disc;\">\n<li>Mandarine<\/li>\n<li>Citron<\/li>\n<li>Lavande<\/li>\n<li>Bois de c\u00e8dre<\/li>\n<\/ul>\n<p>&nbsp;<\/p>\n<p>El\u00e9ment : Terre<br>Plan\u00e8te : Mercure<\/p>\n<p>&nbsp;<\/p>\n<p>&nbsp;<\/p>\n<hr>\n<h4>Balance 24.09. - 23.10.<\/h4>\n<p><img loading=\"lazy\" decoding=\"async\" class=\"wp-image-94842 alignleft\" src=\"https:\/\/bien-etreiris.ch\/wp-content\/uploads\/2024\/12\/Balance.jpg\" alt=\"\" width=\"171\" height=\"420\" srcset=\"https:\/\/bien-etreiris.ch\/wp-content\/uploads\/2024\/12\/Balance.jpg 285w, https:\/\/bien-etreiris.ch\/wp-content\/uploads\/2024\/12\/Balance-122x300.jpg 122w\" sizes=\"auto, (max-width: 171px) 100vw, 171px\" \/><\/p>\n\n\n<p>&nbsp;<\/p>\n<p>&nbsp;<\/p>\n<p>&nbsp;<\/p>\n<p>&nbsp;<\/p>\n<ul style=\"list-style-type: disc;\">\n<li>G\u00e9ranium rosat<\/li>\n<li>Pamplemousse<\/li>\n<li>Bois de santal<\/li>\n<li>Yang Yang<\/li>\n<\/ul>\n<p>&nbsp;<\/p>\n<p><br>El\u00e9ment : Air<br>Plan\u00e8te : V\u00e9nus<\/p>\n<p>&nbsp;<\/p>\n<p>&nbsp;<\/p>\n<hr>\n<h4>Scorpion 21.10. - 22.11.<\/h4>\n<ul style=\"list-style-type: disc;\">\n<li>Bergamote<\/li>\n<li>Bois de c\u00e8dre<\/li>\n<li>Encens<\/li>\n<li>Absolu de jasmin<\/li>\n<\/ul>\n<p>&nbsp;<\/p>\n<p><br>El\u00e9ment : Eau<br>Plan\u00e8te : Pluton<\/p>\n<p>&nbsp;<\/p>\n<p>&nbsp;<\/p>\n<hr>\n<h4>Sagittaire 23.11. - 21.12.<\/h4>\n\n\n\n<ul style=\"list-style-type: disc;\">\n<li>Citron<\/li>\n<li>Arve<\/li>\n<li>N\u00e9roli<\/li>\n<li>Poivre<\/li>\n<\/ul>\n<p>&nbsp;<\/p>\n<p><br>El\u00e9ment : Feu<br>Plan\u00e8te : Jupiter<\/p>\n<p>&nbsp;<\/p>\n<hr>\n<p>&nbsp;<\/p>\n","protected":false},"excerpt":{"rendered":"<p>Astrologique Pour chaque signe du zodiaque votre huile essentielle personnelle pour la lampe aromatique, le diffuseur d'ar\u00f4mes ou le stick parfum\u00e9 vous accompagnera tout au long de la journ\u00e9e et vous soutiendra dans votre \u00eatre individuel. Un cadeau personnel id\u00e9al. Chaque flacon de m\u00e9lange personnalis\u00e9 contient 10 ml et co\u00fbte 15,60 CHF. &nbsp; Capricorne 22.12.-20.01. &nbsp; &nbsp; &nbsp; &nbsp; &nbsp;&nbsp;<a href=\"https:\/\/bien-etreiris.ch\/de\/produktpraesentation\/aromatherapie\/synergien\/astrologique\/\" class=\"read-more\">Weiter lesen<\/a><\/p>\n","protected":false},"author":1,"featured_media":94675,"parent":60756,"menu_order":430,"comment_status":"closed","ping_status":"closed","template":"page-with-child.php","meta":{"_acf_changed":false,"ngg_post_thumbnail":0,"footnotes":""},"class_list":["post-94685","page","type-page","status-publish","has-post-thumbnail","hentry"],"acf":[],"yoast_head":"<!-- This site is optimized with the Yoast SEO plugin v27.4 - https:\/\/yoast.com\/product\/yoast-seo-wordpress\/ -->\n<title>ASTROLOGIQUE - WOHLBEFINDEN<\/title>\n<meta name=\"robots\" content=\"index, follow, max-snippet:-1, max-image-preview:large, max-video-preview:-1\" \/>\n<link rel=\"canonical\" href=\"https:\/\/bien-etreiris.ch\/de\/produktpraesentation\/aromatherapie\/synergien\/astrologique\/\" \/>\n<meta property=\"og:locale\" content=\"de_DE\" \/>\n<meta property=\"og:type\" content=\"article\" \/>\n<meta property=\"og:title\" content=\"ASTROLOGIQUE - WOHLBEFINDEN\" \/>\n<meta property=\"og:description\" content=\"Astrologique Pour chaque signe du zodiaque votre huile essentielle personnelle pour la lampe aromatique, le diffuseur d&#039;ar\u00f4mes ou le stick parfum\u00e9 vous accompagnera tout au long de la journ\u00e9e et vous soutiendra dans votre \u00eatre individuel. Un cadeau personnel id\u00e9al. Chaque flacon de m\u00e9lange personnalis\u00e9 contient 10 ml et co\u00fbte 15,60 CHF. &nbsp; Capricorne 22.12.-20.01. &nbsp; &nbsp; &nbsp; &nbsp; &nbsp;&nbsp;Weiter lesen\" \/>\n<meta property=\"og:url\" content=\"https:\/\/bien-etreiris.ch\/de\/produktpraesentation\/aromatherapie\/synergien\/astrologique\/\" \/>\n<meta property=\"og:site_name\" content=\"WOHLBEFINDEN\" \/>\n<meta property=\"article:publisher\" content=\"https:\/\/www.facebook.com\/bienetreiris\/\" \/>\n<meta property=\"article:modified_time\" content=\"2024-12-24T08:21:09+00:00\" \/>\n<meta property=\"og:image\" content=\"https:\/\/bien-etreiris.ch\/wp-content\/uploads\/2024\/12\/acceuil-signe-Astrologique.jpg\" \/>\n\t<meta property=\"og:image:width\" content=\"500\" \/>\n\t<meta property=\"og:image:height\" content=\"333\" \/>\n\t<meta property=\"og:image:type\" content=\"image\/jpeg\" \/>\n<meta name=\"twitter:label1\" content=\"Gesch\u00e4tzte Lesezeit\" \/>\n\t<meta name=\"twitter:data1\" content=\"2\u00a0Minuten\" \/>\n<script type=\"application\/ld+json\" class=\"yoast-schema-graph\">{\"@context\":\"https:\\\/\\\/schema.org\",\"@graph\":[{\"@type\":\"WebPage\",\"@id\":\"https:\\\/\\\/bien-etreiris.ch\\\/de\\\/produktpraesentation\\\/aromatherapie\\\/synergien\\\/astrologique\\\/\",\"url\":\"https:\\\/\\\/bien-etreiris.ch\\\/de\\\/produktpraesentation\\\/aromatherapie\\\/synergien\\\/astrologique\\\/\",\"name\":\"ASTROLOGIQUE - WOHLBEFINDEN\",\"isPartOf\":{\"@id\":\"https:\\\/\\\/bien-etreiris.ch\\\/de\\\/#website\"},\"primaryImageOfPage\":{\"@id\":\"https:\\\/\\\/bien-etreiris.ch\\\/de\\\/produktpraesentation\\\/aromatherapie\\\/synergien\\\/astrologique\\\/#primaryimage\"},\"image\":{\"@id\":\"https:\\\/\\\/bien-etreiris.ch\\\/de\\\/produktpraesentation\\\/aromatherapie\\\/synergien\\\/astrologique\\\/#primaryimage\"},\"thumbnailUrl\":\"https:\\\/\\\/bien-etreiris.ch\\\/wp-content\\\/uploads\\\/2024\\\/12\\\/acceuil-signe-Astrologique.jpg\",\"datePublished\":\"2024-12-21T12:00:12+00:00\",\"dateModified\":\"2024-12-24T08:21:09+00:00\",\"breadcrumb\":{\"@id\":\"https:\\\/\\\/bien-etreiris.ch\\\/de\\\/produktpraesentation\\\/aromatherapie\\\/synergien\\\/astrologique\\\/#breadcrumb\"},\"inLanguage\":\"de\",\"potentialAction\":[{\"@type\":\"ReadAction\",\"target\":[\"https:\\\/\\\/bien-etreiris.ch\\\/de\\\/produktpraesentation\\\/aromatherapie\\\/synergien\\\/astrologique\\\/\"]}]},{\"@type\":\"ImageObject\",\"inLanguage\":\"de\",\"@id\":\"https:\\\/\\\/bien-etreiris.ch\\\/de\\\/produktpraesentation\\\/aromatherapie\\\/synergien\\\/astrologique\\\/#primaryimage\",\"url\":\"https:\\\/\\\/bien-etreiris.ch\\\/wp-content\\\/uploads\\\/2024\\\/12\\\/acceuil-signe-Astrologique.jpg\",\"contentUrl\":\"https:\\\/\\\/bien-etreiris.ch\\\/wp-content\\\/uploads\\\/2024\\\/12\\\/acceuil-signe-Astrologique.jpg\",\"width\":500,\"height\":333},{\"@type\":\"BreadcrumbList\",\"@id\":\"https:\\\/\\\/bien-etreiris.ch\\\/de\\\/produktpraesentation\\\/aromatherapie\\\/synergien\\\/astrologique\\\/#breadcrumb\",\"itemListElement\":[{\"@type\":\"ListItem\",\"position\":1,\"name\":\"Home\",\"item\":\"https:\\\/\\\/bien-etreiris.ch\\\/de\\\/\"},{\"@type\":\"ListItem\",\"position\":2,\"name\":\"PRODUKTPR\u00c4SENTATION\",\"item\":\"https:\\\/\\\/bien-etreiris.ch\\\/de\\\/produktpraesentation\\\/\"},{\"@type\":\"ListItem\",\"position\":3,\"name\":\"AROMATHERAPIE\",\"item\":\"https:\\\/\\\/bien-etreiris.ch\\\/de\\\/produktpraesentation\\\/aromatherapie\\\/\"},{\"@type\":\"ListItem\",\"position\":4,\"name\":\"SYNERGIEN\",\"item\":\"https:\\\/\\\/bien-etreiris.ch\\\/de\\\/produktpraesentation\\\/aromatherapie\\\/synergien\\\/\"},{\"@type\":\"ListItem\",\"position\":5,\"name\":\"ASTROLOGIQUE\"}]},{\"@type\":\"WebSite\",\"@id\":\"https:\\\/\\\/bien-etreiris.ch\\\/de\\\/#website\",\"url\":\"https:\\\/\\\/bien-etreiris.ch\\\/de\\\/\",\"name\":\"Bien-\u00eatre Iris\",\"description\":\"IHRE Gesundheit ist uns wichtig\",\"potentialAction\":[{\"@type\":\"SearchAction\",\"target\":{\"@type\":\"EntryPoint\",\"urlTemplate\":\"https:\\\/\\\/bien-etreiris.ch\\\/de\\\/?s={search_term_string}\"},\"query-input\":{\"@type\":\"PropertyValueSpecification\",\"valueRequired\":true,\"valueName\":\"search_term_string\"}}],\"inLanguage\":\"de\"}]}<\/script>\n<!-- \/ Yoast SEO plugin. -->","yoast_head_json":{"title":"ASTROLOGIQUE - WOHLBEFINDEN","robots":{"index":"index","follow":"follow","max-snippet":"max-snippet:-1","max-image-preview":"max-image-preview:large","max-video-preview":"max-video-preview:-1"},"canonical":"https:\/\/bien-etreiris.ch\/de\/produktpraesentation\/aromatherapie\/synergien\/astrologique\/","og_locale":"de_DE","og_type":"article","og_title":"ASTROLOGIQUE - WOHLBEFINDEN","og_description":"Astrologique Pour chaque signe du zodiaque votre huile essentielle personnelle pour la lampe aromatique, le diffuseur d'ar\u00f4mes ou le stick parfum\u00e9 vous accompagnera tout au long de la journ\u00e9e et vous soutiendra dans votre \u00eatre individuel. Un cadeau personnel id\u00e9al. Chaque flacon de m\u00e9lange personnalis\u00e9 contient 10 ml et co\u00fbte 15,60 CHF. &nbsp; Capricorne 22.12.-20.01. &nbsp; &nbsp; &nbsp; &nbsp; &nbsp;&nbsp;Weiter lesen","og_url":"https:\/\/bien-etreiris.ch\/de\/produktpraesentation\/aromatherapie\/synergien\/astrologique\/","og_site_name":"WOHLBEFINDEN","article_publisher":"https:\/\/www.facebook.com\/bienetreiris\/","article_modified_time":"2024-12-24T08:21:09+00:00","og_image":[{"width":500,"height":333,"url":"https:\/\/bien-etreiris.ch\/wp-content\/uploads\/2024\/12\/acceuil-signe-Astrologique.jpg","type":"image\/jpeg"}],"twitter_misc":{"Gesch\u00e4tzte Lesezeit":"2\u00a0Minuten"},"schema":{"@context":"https:\/\/schema.org","@graph":[{"@type":"WebPage","@id":"https:\/\/bien-etreiris.ch\/de\/produktpraesentation\/aromatherapie\/synergien\/astrologique\/","url":"https:\/\/bien-etreiris.ch\/de\/produktpraesentation\/aromatherapie\/synergien\/astrologique\/","name":"ASTROLOGIQUE - WOHLBEFINDEN","isPartOf":{"@id":"https:\/\/bien-etreiris.ch\/de\/#website"},"primaryImageOfPage":{"@id":"https:\/\/bien-etreiris.ch\/de\/produktpraesentation\/aromatherapie\/synergien\/astrologique\/#primaryimage"},"image":{"@id":"https:\/\/bien-etreiris.ch\/de\/produktpraesentation\/aromatherapie\/synergien\/astrologique\/#primaryimage"},"thumbnailUrl":"https:\/\/bien-etreiris.ch\/wp-content\/uploads\/2024\/12\/acceuil-signe-Astrologique.jpg","datePublished":"2024-12-21T12:00:12+00:00","dateModified":"2024-12-24T08:21:09+00:00","breadcrumb":{"@id":"https:\/\/bien-etreiris.ch\/de\/produktpraesentation\/aromatherapie\/synergien\/astrologique\/#breadcrumb"},"inLanguage":"de","potentialAction":[{"@type":"ReadAction","target":["https:\/\/bien-etreiris.ch\/de\/produktpraesentation\/aromatherapie\/synergien\/astrologique\/"]}]},{"@type":"ImageObject","inLanguage":"de","@id":"https:\/\/bien-etreiris.ch\/de\/produktpraesentation\/aromatherapie\/synergien\/astrologique\/#primaryimage","url":"https:\/\/bien-etreiris.ch\/wp-content\/uploads\/2024\/12\/acceuil-signe-Astrologique.jpg","contentUrl":"https:\/\/bien-etreiris.ch\/wp-content\/uploads\/2024\/12\/acceuil-signe-Astrologique.jpg","width":500,"height":333},{"@type":"BreadcrumbList","@id":"https:\/\/bien-etreiris.ch\/de\/produktpraesentation\/aromatherapie\/synergien\/astrologique\/#breadcrumb","itemListElement":[{"@type":"ListItem","position":1,"name":"Home","item":"https:\/\/bien-etreiris.ch\/de\/"},{"@type":"ListItem","position":2,"name":"PRODUKTPR\u00c4SENTATION","item":"https:\/\/bien-etreiris.ch\/de\/produktpraesentation\/"},{"@type":"ListItem","position":3,"name":"AROMATHERAPIE","item":"https:\/\/bien-etreiris.ch\/de\/produktpraesentation\/aromatherapie\/"},{"@type":"ListItem","position":4,"name":"SYNERGIEN","item":"https:\/\/bien-etreiris.ch\/de\/produktpraesentation\/aromatherapie\/synergien\/"},{"@type":"ListItem","position":5,"name":"ASTROLOGIQUE"}]},{"@type":"WebSite","@id":"https:\/\/bien-etreiris.ch\/de\/#website","url":"https:\/\/bien-etreiris.ch\/de\/","name":"Bien-\u00eatre Iris","description":"IHRE Gesundheit ist uns wichtig","potentialAction":[{"@type":"SearchAction","target":{"@type":"EntryPoint","urlTemplate":"https:\/\/bien-etreiris.ch\/de\/?s={search_term_string}"},"query-input":{"@type":"PropertyValueSpecification","valueRequired":true,"valueName":"search_term_string"}}],"inLanguage":"de"}]}},"_links":{"self":[{"href":"https:\/\/bien-etreiris.ch\/de\/wp-json\/wp\/v2\/pages\/94685","targetHints":{"allow":["GET"]}}],"collection":[{"href":"https:\/\/bien-etreiris.ch\/de\/wp-json\/wp\/v2\/pages"}],"about":[{"href":"https:\/\/bien-etreiris.ch\/de\/wp-json\/wp\/v2\/types\/page"}],"author":[{"embeddable":true,"href":"https:\/\/bien-etreiris.ch\/de\/wp-json\/wp\/v2\/users\/1"}],"replies":[{"embeddable":true,"href":"https:\/\/bien-etreiris.ch\/de\/wp-json\/wp\/v2\/comments?post=94685"}],"version-history":[{"count":9,"href":"https:\/\/bien-etreiris.ch\/de\/wp-json\/wp\/v2\/pages\/94685\/revisions"}],"predecessor-version":[{"id":94864,"href":"https:\/\/bien-etreiris.ch\/de\/wp-json\/wp\/v2\/pages\/94685\/revisions\/94864"}],"up":[{"embeddable":true,"href":"https:\/\/bien-etreiris.ch\/de\/wp-json\/wp\/v2\/pages\/60756"}],"wp:featuredmedia":[{"embeddable":true,"href":"https:\/\/bien-etreiris.ch\/de\/wp-json\/wp\/v2\/media\/94675"}],"wp:attachment":[{"href":"https:\/\/bien-etreiris.ch\/de\/wp-json\/wp\/v2\/media?parent=94685"}],"curies":[{"name":"wp","href":"https:\/\/api.w.org\/{rel}","templated":true}]}}