{"id":94258,"date":"2024-12-14T12:48:02","date_gmt":"2024-12-14T10:48:02","guid":{"rendered":"https:\/\/bien-etreiris.ch\/ratgeber-klarheit-beratung\/gesunder-lebensstil\/naehrstoffe\/lebensmittel\/gewuerze\/sumac\/"},"modified":"2024-12-14T17:09:04","modified_gmt":"2024-12-14T15:09:04","slug":"sumach","status":"publish","type":"page","link":"https:\/\/bien-etreiris.ch\/de\/produktpraesentation\/gesundes-leben\/gesunde-lebensmittel\/zutaten-wohlbefinden\/gewuerze\/epices-pures\/sumach\/","title":{"rendered":"SUMACH"},"content":{"rendered":"<h2><strong>SUMACH - Rhus thypina<\/strong><\/h2>\n<p><img loading=\"lazy\" decoding=\"async\" class=\"wp-image-94260 aligncenter\" src=\"https:\/\/bien-etreiris.ch\/wp-content\/uploads\/2024\/12\/interieur-de-sumac.png\" alt=\"\" width=\"237\" height=\"236\" srcset=\"https:\/\/bien-etreiris.ch\/wp-content\/uploads\/2024\/12\/interieur-de-sumac.png 183w, https:\/\/bien-etreiris.ch\/wp-content\/uploads\/2024\/12\/interieur-de-sumac-150x150.png 150w\" sizes=\"auto, (max-width: 237px) 100vw, 237px\" \/>offen Verkauf 5 g CHF 0.30<\/p>\n<p>&nbsp;<\/p>\n<p><strong>Botanischer Name:<\/strong> Rhus thypina<\/p>\n<p><strong>Pflanzenfamilie:<\/strong> Anarkadiengew\u00e4chsen<\/p>\n<p><strong>Weitere Namen:<\/strong> Essigbaum, Gerbersumach, Sumak<\/p>\n<p><strong>Fruchtreife:<\/strong> August, September<\/p>\n<p>Sumach ist eines der ges\u00fcndesten Gew\u00fcrze, das in der Mittelmeerk\u00fcche benutzt wird.<\/p>\n<p>Wir haben die gesundheitlichen Vorteile von Sumach und wo und wie dieses Gew\u00fcrz verwendet wird, gesammelt.<\/p>\n<p>Sumach, oder auch Gerbersumach, wir vornehmlich im Orient und Vorderasien angebaut. Wild w\u00e4chst das Gew\u00fcrz auch in Zentralasien, Algerien und sogar auf den Kanarischen Inseln und in S\u00fcdeuropa und wird auch \u201eSizilianischer Zucker\u201c genannt.<\/p>\n<p>Die circa drei Meter hohen Pflanzen fallen mit ihren tiefroten Bl\u00fcten sofort auf. Es wird aus der roten Steinfrucht des immergr\u00fcnen F\u00e4rberbaums gewonnen. Die reifen Fr\u00fcchte werden im Fr\u00fchherbst geerntet, das Fruchtfleisch getrocknet und zu Pulver zerrieben. Bei uns ist er nahezu unbekannt, wird allerdings in letzter Zeit immer beliebter und das aus guten Gr\u00fcnden.<\/p>\n<p>Es ist eines der am meisten verwendeten Gew\u00fcrze in der t\u00fcrkischen K\u00fcche und wird vor allem in der T\u00fcrkei als Tischgew\u00fcrz verwendet. Auch ist Sumach f\u00fcr die Gesundheit sehr vorteilhaft.<\/p>\n<p>Sumach gilt aufgrund seines sehr hohen Anteils an Zitronen- und Apfels\u00e4ure als das sauerste Gew\u00fcrz. Es gibt den Gerichten und den Salaten ein s\u00e4uerliches Aroma und wird deshalb sehr gerne konsumiert, wie auf Bulgur, geschwellte Kartoffel, das Mischen von Zwiebeln mit Sumach sehr k\u00f6stlich und empfehlenswert. F\u00fcr Kisir, also Bulgursalat und Cigk\u00f6fte, also t\u00fcrkische Frikadellen, wird ca. 1\/2 TL Sumach empfohlen<\/p>\n<p>Das Gew\u00fcrz stammt aus dem \u00f6stlichen Mittelmeerraum. Dem Gew\u00fcrz wird eine gesundheitsf\u00f6rdernde Wirkung zugeschrieben: Es soll magenschonend und verdauungsf\u00f6rdernd wirken. Daher wird es gerne zu fettreichen Speisen gereicht.<\/p>\n<p><strong>Die Wirkung von Sumach:<\/strong><\/p>\n<p>Die in der Pflanze enthaltende Gerbstoffe haben eine positive Wirkung<\/p>\n<ul>\n<li>als Gew\u00fcrz f\u00f6rdert die Verdauung von fettreichen Speisen So ist das Kraut Magen schonend, f\u00f6rdert die Verdauung und beugt Verstopfungen vor.<\/li>\n<li>Zudem hat Sumach einen hohen Bestandteil an Antioxidantien, Omega-3 Fetts\u00e4uren und Vitamin C.<\/li>\n<\/ul>\n<p>.<\/p>\n","protected":false},"excerpt":{"rendered":"<p>SUMACH - Rhus thypina offen Verkauf 5 g CHF 0.30 &nbsp; Botanischer Name: Rhus thypina Pflanzenfamilie: Anarkadiengew\u00e4chsen Weitere Namen: Essigbaum, Gerbersumach, Sumak Fruchtreife: August, September Sumach ist eines der ges\u00fcndesten Gew\u00fcrze, das in der Mittelmeerk\u00fcche benutzt wird. Wir haben die gesundheitlichen Vorteile von Sumach und wo und wie dieses Gew\u00fcrz verwendet wird, gesammelt. Sumach, oder auch Gerbersumach, wir vornehmlich im&nbsp;<a href=\"https:\/\/bien-etreiris.ch\/de\/produktpraesentation\/gesundes-leben\/gesunde-lebensmittel\/zutaten-wohlbefinden\/gewuerze\/epices-pures\/sumach\/\" class=\"read-more\">Weiter lesen<\/a><\/p>\n","protected":false},"author":1,"featured_media":94255,"parent":98233,"menu_order":539,"comment_status":"closed","ping_status":"closed","template":"","meta":{"_acf_changed":false,"ngg_post_thumbnail":0,"footnotes":""},"class_list":["post-94258","page","type-page","status-publish","has-post-thumbnail","hentry"],"acf":[],"yoast_head":"<!-- This site is optimized with the Yoast SEO plugin v27.6 - https:\/\/yoast.com\/product\/yoast-seo-wordpress\/ -->\n<title>SUMACH - WOHLBEFINDEN<\/title>\n<meta name=\"robots\" content=\"index, follow, max-snippet:-1, max-image-preview:large, max-video-preview:-1\" \/>\n<link rel=\"canonical\" href=\"https:\/\/bien-etreiris.ch\/de\/produktpraesentation\/gesundes-leben\/gesunde-lebensmittel\/zutaten-wohlbefinden\/gewuerze\/sumach\/\" \/>\n<meta property=\"og:locale\" content=\"de_DE\" \/>\n<meta property=\"og:type\" content=\"article\" \/>\n<meta property=\"og:title\" content=\"SUMACH - WOHLBEFINDEN\" \/>\n<meta property=\"og:description\" content=\"SUMACH - Rhus thypina offen Verkauf 5 g CHF 0.30 &nbsp; Botanischer Name: Rhus thypina Pflanzenfamilie: Anarkadiengew\u00e4chsen Weitere Namen: Essigbaum, Gerbersumach, Sumak Fruchtreife: August, September Sumach ist eines der ges\u00fcndesten Gew\u00fcrze, das in der Mittelmeerk\u00fcche benutzt wird. Wir haben die gesundheitlichen Vorteile von Sumach und wo und wie dieses Gew\u00fcrz verwendet wird, gesammelt. Sumach, oder auch Gerbersumach, wir vornehmlich im&nbsp;Weiter lesen\" \/>\n<meta property=\"og:url\" content=\"https:\/\/bien-etreiris.ch\/de\/produktpraesentation\/gesundes-leben\/gesunde-lebensmittel\/zutaten-wohlbefinden\/gewuerze\/sumach\/\" \/>\n<meta property=\"og:site_name\" content=\"WOHLBEFINDEN\" \/>\n<meta property=\"article:publisher\" content=\"https:\/\/www.facebook.com\/bienetreiris\/\" \/>\n<meta property=\"article:modified_time\" content=\"2024-12-14T15:09:04+00:00\" \/>\n<meta property=\"og:image\" content=\"https:\/\/bien-etreiris.ch\/wp-content\/uploads\/2024\/12\/acceuil-Sumac.png\" \/>\n\t<meta property=\"og:image:width\" content=\"370\" \/>\n\t<meta property=\"og:image:height\" content=\"226\" \/>\n\t<meta property=\"og:image:type\" content=\"image\/png\" \/>\n<meta name=\"twitter:label1\" content=\"Gesch\u00e4tzte Lesezeit\" \/>\n\t<meta name=\"twitter:data1\" content=\"3\u00a0Minuten\" \/>\n<script type=\"application\/ld+json\" class=\"yoast-schema-graph\">{\"@context\":\"https:\\\/\\\/schema.org\",\"@graph\":[{\"@type\":\"WebPage\",\"@id\":\"https:\\\/\\\/bien-etreiris.ch\\\/de\\\/produktpraesentation\\\/gesundes-leben\\\/gesunde-lebensmittel\\\/zutaten-wohlbefinden\\\/gewuerze\\\/sumach\\\/\",\"url\":\"https:\\\/\\\/bien-etreiris.ch\\\/de\\\/produktpraesentation\\\/gesundes-leben\\\/gesunde-lebensmittel\\\/zutaten-wohlbefinden\\\/gewuerze\\\/sumach\\\/\",\"name\":\"SUMACH - WOHLBEFINDEN\",\"isPartOf\":{\"@id\":\"https:\\\/\\\/bien-etreiris.ch\\\/de\\\/#website\"},\"primaryImageOfPage\":{\"@id\":\"https:\\\/\\\/bien-etreiris.ch\\\/de\\\/produktpraesentation\\\/gesundes-leben\\\/gesunde-lebensmittel\\\/zutaten-wohlbefinden\\\/gewuerze\\\/sumach\\\/#primaryimage\"},\"image\":{\"@id\":\"https:\\\/\\\/bien-etreiris.ch\\\/de\\\/produktpraesentation\\\/gesundes-leben\\\/gesunde-lebensmittel\\\/zutaten-wohlbefinden\\\/gewuerze\\\/sumach\\\/#primaryimage\"},\"thumbnailUrl\":\"https:\\\/\\\/bien-etreiris.ch\\\/wp-content\\\/uploads\\\/2024\\\/12\\\/acceuil-Sumac.png\",\"datePublished\":\"2024-12-14T10:48:02+00:00\",\"dateModified\":\"2024-12-14T15:09:04+00:00\",\"breadcrumb\":{\"@id\":\"https:\\\/\\\/bien-etreiris.ch\\\/de\\\/produktpraesentation\\\/gesundes-leben\\\/gesunde-lebensmittel\\\/zutaten-wohlbefinden\\\/gewuerze\\\/sumach\\\/#breadcrumb\"},\"inLanguage\":\"de\",\"potentialAction\":[{\"@type\":\"ReadAction\",\"target\":[\"https:\\\/\\\/bien-etreiris.ch\\\/de\\\/produktpraesentation\\\/gesundes-leben\\\/gesunde-lebensmittel\\\/zutaten-wohlbefinden\\\/gewuerze\\\/sumach\\\/\"]}]},{\"@type\":\"ImageObject\",\"inLanguage\":\"de\",\"@id\":\"https:\\\/\\\/bien-etreiris.ch\\\/de\\\/produktpraesentation\\\/gesundes-leben\\\/gesunde-lebensmittel\\\/zutaten-wohlbefinden\\\/gewuerze\\\/sumach\\\/#primaryimage\",\"url\":\"https:\\\/\\\/bien-etreiris.ch\\\/wp-content\\\/uploads\\\/2024\\\/12\\\/acceuil-Sumac.png\",\"contentUrl\":\"https:\\\/\\\/bien-etreiris.ch\\\/wp-content\\\/uploads\\\/2024\\\/12\\\/acceuil-Sumac.png\",\"width\":370,\"height\":226},{\"@type\":\"BreadcrumbList\",\"@id\":\"https:\\\/\\\/bien-etreiris.ch\\\/de\\\/produktpraesentation\\\/gesundes-leben\\\/gesunde-lebensmittel\\\/zutaten-wohlbefinden\\\/gewuerze\\\/sumach\\\/#breadcrumb\",\"itemListElement\":[{\"@type\":\"ListItem\",\"position\":1,\"name\":\"Home\",\"item\":\"https:\\\/\\\/bien-etreiris.ch\\\/de\\\/\"},{\"@type\":\"ListItem\",\"position\":2,\"name\":\"PRODUKTPR\u00c4SENTATION\",\"item\":\"https:\\\/\\\/bien-etreiris.ch\\\/de\\\/produktpraesentation\\\/\"},{\"@type\":\"ListItem\",\"position\":3,\"name\":\"GESUNDES LEBEN\",\"item\":\"https:\\\/\\\/bien-etreiris.ch\\\/de\\\/produktpraesentation\\\/gesundes-leben\\\/\"},{\"@type\":\"ListItem\",\"position\":4,\"name\":\"GESUNDE LEBENSMITTEL\",\"item\":\"https:\\\/\\\/bien-etreiris.ch\\\/de\\\/produktpraesentation\\\/gesundes-leben\\\/gesunde-lebensmittel\\\/\"},{\"@type\":\"ListItem\",\"position\":5,\"name\":\"ZUTATEN\",\"item\":\"https:\\\/\\\/bien-etreiris.ch\\\/de\\\/produktpraesentation\\\/gesundes-leben\\\/gesunde-lebensmittel\\\/zutaten-wohlbefinden\\\/\"},{\"@type\":\"ListItem\",\"position\":6,\"name\":\"GEW\u00dcRZE\",\"item\":\"https:\\\/\\\/bien-etreiris.ch\\\/de\\\/produktpraesentation\\\/gesundes-leben\\\/gesunde-lebensmittel\\\/zutaten-wohlbefinden\\\/gewuerze\\\/\"},{\"@type\":\"ListItem\",\"position\":7,\"name\":\"SUMACH\"}]},{\"@type\":\"WebSite\",\"@id\":\"https:\\\/\\\/bien-etreiris.ch\\\/de\\\/#website\",\"url\":\"https:\\\/\\\/bien-etreiris.ch\\\/de\\\/\",\"name\":\"Bien-\u00eatre Iris\",\"description\":\"IHRE Gesundheit ist uns wichtig\",\"potentialAction\":[{\"@type\":\"SearchAction\",\"target\":{\"@type\":\"EntryPoint\",\"urlTemplate\":\"https:\\\/\\\/bien-etreiris.ch\\\/de\\\/?s={search_term_string}\"},\"query-input\":{\"@type\":\"PropertyValueSpecification\",\"valueRequired\":true,\"valueName\":\"search_term_string\"}}],\"inLanguage\":\"de\"}]}<\/script>\n<!-- \/ Yoast SEO plugin. -->","yoast_head_json":{"title":"SUMACH - WOHLBEFINDEN","robots":{"index":"index","follow":"follow","max-snippet":"max-snippet:-1","max-image-preview":"max-image-preview:large","max-video-preview":"max-video-preview:-1"},"canonical":"https:\/\/bien-etreiris.ch\/de\/produktpraesentation\/gesundes-leben\/gesunde-lebensmittel\/zutaten-wohlbefinden\/gewuerze\/sumach\/","og_locale":"de_DE","og_type":"article","og_title":"SUMACH - WOHLBEFINDEN","og_description":"SUMACH - Rhus thypina offen Verkauf 5 g CHF 0.30 &nbsp; Botanischer Name: Rhus thypina Pflanzenfamilie: Anarkadiengew\u00e4chsen Weitere Namen: Essigbaum, Gerbersumach, Sumak Fruchtreife: August, September Sumach ist eines der ges\u00fcndesten Gew\u00fcrze, das in der Mittelmeerk\u00fcche benutzt wird. Wir haben die gesundheitlichen Vorteile von Sumach und wo und wie dieses Gew\u00fcrz verwendet wird, gesammelt. Sumach, oder auch Gerbersumach, wir vornehmlich im&nbsp;Weiter lesen","og_url":"https:\/\/bien-etreiris.ch\/de\/produktpraesentation\/gesundes-leben\/gesunde-lebensmittel\/zutaten-wohlbefinden\/gewuerze\/sumach\/","og_site_name":"WOHLBEFINDEN","article_publisher":"https:\/\/www.facebook.com\/bienetreiris\/","article_modified_time":"2024-12-14T15:09:04+00:00","og_image":[{"width":370,"height":226,"url":"https:\/\/bien-etreiris.ch\/wp-content\/uploads\/2024\/12\/acceuil-Sumac.png","type":"image\/png"}],"twitter_misc":{"Gesch\u00e4tzte Lesezeit":"3\u00a0Minuten"},"schema":{"@context":"https:\/\/schema.org","@graph":[{"@type":"WebPage","@id":"https:\/\/bien-etreiris.ch\/de\/produktpraesentation\/gesundes-leben\/gesunde-lebensmittel\/zutaten-wohlbefinden\/gewuerze\/sumach\/","url":"https:\/\/bien-etreiris.ch\/de\/produktpraesentation\/gesundes-leben\/gesunde-lebensmittel\/zutaten-wohlbefinden\/gewuerze\/sumach\/","name":"SUMACH - WOHLBEFINDEN","isPartOf":{"@id":"https:\/\/bien-etreiris.ch\/de\/#website"},"primaryImageOfPage":{"@id":"https:\/\/bien-etreiris.ch\/de\/produktpraesentation\/gesundes-leben\/gesunde-lebensmittel\/zutaten-wohlbefinden\/gewuerze\/sumach\/#primaryimage"},"image":{"@id":"https:\/\/bien-etreiris.ch\/de\/produktpraesentation\/gesundes-leben\/gesunde-lebensmittel\/zutaten-wohlbefinden\/gewuerze\/sumach\/#primaryimage"},"thumbnailUrl":"https:\/\/bien-etreiris.ch\/wp-content\/uploads\/2024\/12\/acceuil-Sumac.png","datePublished":"2024-12-14T10:48:02+00:00","dateModified":"2024-12-14T15:09:04+00:00","breadcrumb":{"@id":"https:\/\/bien-etreiris.ch\/de\/produktpraesentation\/gesundes-leben\/gesunde-lebensmittel\/zutaten-wohlbefinden\/gewuerze\/sumach\/#breadcrumb"},"inLanguage":"de","potentialAction":[{"@type":"ReadAction","target":["https:\/\/bien-etreiris.ch\/de\/produktpraesentation\/gesundes-leben\/gesunde-lebensmittel\/zutaten-wohlbefinden\/gewuerze\/sumach\/"]}]},{"@type":"ImageObject","inLanguage":"de","@id":"https:\/\/bien-etreiris.ch\/de\/produktpraesentation\/gesundes-leben\/gesunde-lebensmittel\/zutaten-wohlbefinden\/gewuerze\/sumach\/#primaryimage","url":"https:\/\/bien-etreiris.ch\/wp-content\/uploads\/2024\/12\/acceuil-Sumac.png","contentUrl":"https:\/\/bien-etreiris.ch\/wp-content\/uploads\/2024\/12\/acceuil-Sumac.png","width":370,"height":226},{"@type":"BreadcrumbList","@id":"https:\/\/bien-etreiris.ch\/de\/produktpraesentation\/gesundes-leben\/gesunde-lebensmittel\/zutaten-wohlbefinden\/gewuerze\/sumach\/#breadcrumb","itemListElement":[{"@type":"ListItem","position":1,"name":"Home","item":"https:\/\/bien-etreiris.ch\/de\/"},{"@type":"ListItem","position":2,"name":"PRODUKTPR\u00c4SENTATION","item":"https:\/\/bien-etreiris.ch\/de\/produktpraesentation\/"},{"@type":"ListItem","position":3,"name":"GESUNDES LEBEN","item":"https:\/\/bien-etreiris.ch\/de\/produktpraesentation\/gesundes-leben\/"},{"@type":"ListItem","position":4,"name":"GESUNDE LEBENSMITTEL","item":"https:\/\/bien-etreiris.ch\/de\/produktpraesentation\/gesundes-leben\/gesunde-lebensmittel\/"},{"@type":"ListItem","position":5,"name":"ZUTATEN","item":"https:\/\/bien-etreiris.ch\/de\/produktpraesentation\/gesundes-leben\/gesunde-lebensmittel\/zutaten-wohlbefinden\/"},{"@type":"ListItem","position":6,"name":"GEW\u00dcRZE","item":"https:\/\/bien-etreiris.ch\/de\/produktpraesentation\/gesundes-leben\/gesunde-lebensmittel\/zutaten-wohlbefinden\/gewuerze\/"},{"@type":"ListItem","position":7,"name":"SUMACH"}]},{"@type":"WebSite","@id":"https:\/\/bien-etreiris.ch\/de\/#website","url":"https:\/\/bien-etreiris.ch\/de\/","name":"Bien-\u00eatre Iris","description":"IHRE Gesundheit ist uns wichtig","potentialAction":[{"@type":"SearchAction","target":{"@type":"EntryPoint","urlTemplate":"https:\/\/bien-etreiris.ch\/de\/?s={search_term_string}"},"query-input":{"@type":"PropertyValueSpecification","valueRequired":true,"valueName":"search_term_string"}}],"inLanguage":"de"}]}},"_links":{"self":[{"href":"https:\/\/bien-etreiris.ch\/de\/wp-json\/wp\/v2\/pages\/94258","targetHints":{"allow":["GET"]}}],"collection":[{"href":"https:\/\/bien-etreiris.ch\/de\/wp-json\/wp\/v2\/pages"}],"about":[{"href":"https:\/\/bien-etreiris.ch\/de\/wp-json\/wp\/v2\/types\/page"}],"author":[{"embeddable":true,"href":"https:\/\/bien-etreiris.ch\/de\/wp-json\/wp\/v2\/users\/1"}],"replies":[{"embeddable":true,"href":"https:\/\/bien-etreiris.ch\/de\/wp-json\/wp\/v2\/comments?post=94258"}],"version-history":[{"count":3,"href":"https:\/\/bien-etreiris.ch\/de\/wp-json\/wp\/v2\/pages\/94258\/revisions"}],"predecessor-version":[{"id":94268,"href":"https:\/\/bien-etreiris.ch\/de\/wp-json\/wp\/v2\/pages\/94258\/revisions\/94268"}],"up":[{"embeddable":true,"href":"https:\/\/bien-etreiris.ch\/de\/wp-json\/wp\/v2\/pages\/98233"}],"wp:featuredmedia":[{"embeddable":true,"href":"https:\/\/bien-etreiris.ch\/de\/wp-json\/wp\/v2\/media\/94255"}],"wp:attachment":[{"href":"https:\/\/bien-etreiris.ch\/de\/wp-json\/wp\/v2\/media?parent=94258"}],"curies":[{"name":"wp","href":"https:\/\/api.w.org\/{rel}","templated":true}]}}