{"id":94194,"date":"2024-12-13T22:40:36","date_gmt":"2024-12-13T20:40:36","guid":{"rendered":"https:\/\/bien-etreiris.ch\/ratgeber-klarheit-beratung\/gesunder-lebensstil\/naehrstoffe\/lebensmittel\/gemuese\/salades\/"},"modified":"2024-12-13T22:41:49","modified_gmt":"2024-12-13T20:41:49","slug":"salate","status":"publish","type":"page","link":"https:\/\/bien-etreiris.ch\/de\/ratgeber-klarheit-beratung\/gesunder-lebensstil\/naehrstoffe\/lebensmittel\/gemuese\/salate\/","title":{"rendered":"SALATE"},"content":{"rendered":"<h2 class=\"font-semibold\">Salate<\/h2>\n<div class=\"mt-2 category-teaser\">\n<p>Ein Salat ist eine Speise der Kalten K\u00fcche und kann pikant oder fruchtig-s\u00fcss sein. Salate bestehen aus zerkleinertem Gem\u00fcse und\/oder Obst ggf. mit anderen Zutaten; sie werden mit einer Salatsauce angemacht und fast immer kalt serviert (bis auf wenige Ausnahmen).<\/p>\n<p>Wir beschreiben die bekannten Sorten wie gr\u00fcnen Salat, Rucola oder Feldsalat sowie weniger verbreitete Varianten, die unter&nbsp; Gem\u00fcse gehen.<\/p>\n<p>&nbsp;<\/p>\n<\/div>\n","protected":false},"excerpt":{"rendered":"<p>Salate Ein Salat ist eine Speise der Kalten K\u00fcche und kann pikant oder fruchtig-s\u00fcss sein. Salate bestehen aus zerkleinertem Gem\u00fcse und\/oder Obst ggf. mit anderen Zutaten; sie werden mit einer Salatsauce angemacht und fast immer kalt serviert (bis auf wenige Ausnahmen). Wir beschreiben die bekannten Sorten wie gr\u00fcnen Salat, Rucola oder Feldsalat sowie weniger verbreitete Varianten, die unter&nbsp; Gem\u00fcse gehen.&nbsp;<a href=\"https:\/\/bien-etreiris.ch\/de\/ratgeber-klarheit-beratung\/gesunder-lebensstil\/naehrstoffe\/lebensmittel\/gemuese\/salate\/\" class=\"read-more\">Weiter lesen<\/a><\/p>\n","protected":false},"author":1,"featured_media":55728,"parent":73985,"menu_order":558,"comment_status":"closed","ping_status":"closed","template":"page-with-child.php","meta":{"_acf_changed":false,"ngg_post_thumbnail":0,"footnotes":""},"class_list":["post-94194","page","type-page","status-publish","has-post-thumbnail","hentry"],"acf":[],"yoast_head":"<!-- This site is optimized with the Yoast SEO plugin v27.6 - https:\/\/yoast.com\/product\/yoast-seo-wordpress\/ -->\n<title>SALATE - WOHLBEFINDEN<\/title>\n<meta name=\"robots\" content=\"index, follow, max-snippet:-1, max-image-preview:large, max-video-preview:-1\" \/>\n<link rel=\"canonical\" href=\"https:\/\/bien-etreiris.ch\/de\/ratgeber-klarheit-beratung\/gesunder-lebensstil\/naehrstoffe\/lebensmittel\/gemuese\/salate\/\" \/>\n<meta property=\"og:locale\" content=\"de_DE\" \/>\n<meta property=\"og:type\" content=\"article\" \/>\n<meta property=\"og:title\" content=\"SALATE - WOHLBEFINDEN\" \/>\n<meta property=\"og:description\" content=\"Salate Ein Salat ist eine Speise der Kalten K\u00fcche und kann pikant oder fruchtig-s\u00fcss sein. Salate bestehen aus zerkleinertem Gem\u00fcse und\/oder Obst ggf. mit anderen Zutaten; sie werden mit einer Salatsauce angemacht und fast immer kalt serviert (bis auf wenige Ausnahmen). Wir beschreiben die bekannten Sorten wie gr\u00fcnen Salat, Rucola oder Feldsalat sowie weniger verbreitete Varianten, die unter&nbsp; Gem\u00fcse gehen.&nbsp;Weiter lesen\" \/>\n<meta property=\"og:url\" content=\"https:\/\/bien-etreiris.ch\/de\/ratgeber-klarheit-beratung\/gesunder-lebensstil\/naehrstoffe\/lebensmittel\/gemuese\/salate\/\" \/>\n<meta property=\"og:site_name\" content=\"WOHLBEFINDEN\" \/>\n<meta property=\"article:publisher\" content=\"https:\/\/www.facebook.com\/bienetreiris\/\" \/>\n<meta property=\"article:modified_time\" content=\"2024-12-13T20:41:49+00:00\" \/>\n<meta property=\"og:image\" content=\"https:\/\/bien-etreiris.ch\/wp-content\/uploads\/2022\/05\/Acceuil.jpg\" \/>\n\t<meta property=\"og:image:width\" content=\"500\" \/>\n\t<meta property=\"og:image:height\" content=\"332\" \/>\n\t<meta property=\"og:image:type\" content=\"image\/jpeg\" \/>\n<meta name=\"twitter:label1\" content=\"Gesch\u00e4tzte Lesezeit\" \/>\n\t<meta name=\"twitter:data1\" content=\"1\u00a0Minute\" \/>\n<script type=\"application\/ld+json\" class=\"yoast-schema-graph\">{\"@context\":\"https:\\\/\\\/schema.org\",\"@graph\":[{\"@type\":\"WebPage\",\"@id\":\"https:\\\/\\\/bien-etreiris.ch\\\/de\\\/ratgeber-klarheit-beratung\\\/gesunder-lebensstil\\\/naehrstoffe\\\/lebensmittel\\\/gemuese\\\/salate\\\/\",\"url\":\"https:\\\/\\\/bien-etreiris.ch\\\/de\\\/ratgeber-klarheit-beratung\\\/gesunder-lebensstil\\\/naehrstoffe\\\/lebensmittel\\\/gemuese\\\/salate\\\/\",\"name\":\"SALATE - WOHLBEFINDEN\",\"isPartOf\":{\"@id\":\"https:\\\/\\\/bien-etreiris.ch\\\/de\\\/#website\"},\"primaryImageOfPage\":{\"@id\":\"https:\\\/\\\/bien-etreiris.ch\\\/de\\\/ratgeber-klarheit-beratung\\\/gesunder-lebensstil\\\/naehrstoffe\\\/lebensmittel\\\/gemuese\\\/salate\\\/#primaryimage\"},\"image\":{\"@id\":\"https:\\\/\\\/bien-etreiris.ch\\\/de\\\/ratgeber-klarheit-beratung\\\/gesunder-lebensstil\\\/naehrstoffe\\\/lebensmittel\\\/gemuese\\\/salate\\\/#primaryimage\"},\"thumbnailUrl\":\"https:\\\/\\\/bien-etreiris.ch\\\/wp-content\\\/uploads\\\/2022\\\/05\\\/Acceuil.jpg\",\"datePublished\":\"2024-12-13T20:40:36+00:00\",\"dateModified\":\"2024-12-13T20:41:49+00:00\",\"breadcrumb\":{\"@id\":\"https:\\\/\\\/bien-etreiris.ch\\\/de\\\/ratgeber-klarheit-beratung\\\/gesunder-lebensstil\\\/naehrstoffe\\\/lebensmittel\\\/gemuese\\\/salate\\\/#breadcrumb\"},\"inLanguage\":\"de\",\"potentialAction\":[{\"@type\":\"ReadAction\",\"target\":[\"https:\\\/\\\/bien-etreiris.ch\\\/de\\\/ratgeber-klarheit-beratung\\\/gesunder-lebensstil\\\/naehrstoffe\\\/lebensmittel\\\/gemuese\\\/salate\\\/\"]}]},{\"@type\":\"ImageObject\",\"inLanguage\":\"de\",\"@id\":\"https:\\\/\\\/bien-etreiris.ch\\\/de\\\/ratgeber-klarheit-beratung\\\/gesunder-lebensstil\\\/naehrstoffe\\\/lebensmittel\\\/gemuese\\\/salate\\\/#primaryimage\",\"url\":\"https:\\\/\\\/bien-etreiris.ch\\\/wp-content\\\/uploads\\\/2022\\\/05\\\/Acceuil.jpg\",\"contentUrl\":\"https:\\\/\\\/bien-etreiris.ch\\\/wp-content\\\/uploads\\\/2022\\\/05\\\/Acceuil.jpg\",\"width\":500,\"height\":332},{\"@type\":\"BreadcrumbList\",\"@id\":\"https:\\\/\\\/bien-etreiris.ch\\\/de\\\/ratgeber-klarheit-beratung\\\/gesunder-lebensstil\\\/naehrstoffe\\\/lebensmittel\\\/gemuese\\\/salate\\\/#breadcrumb\",\"itemListElement\":[{\"@type\":\"ListItem\",\"position\":1,\"name\":\"Home\",\"item\":\"https:\\\/\\\/bien-etreiris.ch\\\/de\\\/\"},{\"@type\":\"ListItem\",\"position\":2,\"name\":\"RATGEBER &#038; KLARHEIT\",\"item\":\"https:\\\/\\\/bien-etreiris.ch\\\/de\\\/ratgeber-klarheit-beratung\\\/\"},{\"@type\":\"ListItem\",\"position\":3,\"name\":\"GESUNDER LEBENSSTIL\",\"item\":\"https:\\\/\\\/bien-etreiris.ch\\\/de\\\/ratgeber-klarheit-beratung\\\/gesunder-lebensstil\\\/\"},{\"@type\":\"ListItem\",\"position\":4,\"name\":\"N\u00c4HRSTOFFE\",\"item\":\"https:\\\/\\\/bien-etreiris.ch\\\/de\\\/ratgeber-klarheit-beratung\\\/naehrstoffe\\\/\"},{\"@type\":\"ListItem\",\"position\":5,\"name\":\"LEBENSMITTEL\",\"item\":\"https:\\\/\\\/bien-etreiris.ch\\\/de\\\/ratgeber-klarheit-beratung\\\/gesunder-lebensstil\\\/naehrstoffe\\\/lebensmittel\\\/\"},{\"@type\":\"ListItem\",\"position\":6,\"name\":\"GEM\u00dcSE\",\"item\":\"https:\\\/\\\/bien-etreiris.ch\\\/de\\\/ratgeber-klarheit-beratung\\\/gesunder-lebensstil\\\/naehrstoffe\\\/gemuese\\\/\"},{\"@type\":\"ListItem\",\"position\":7,\"name\":\"SALATE\"}]},{\"@type\":\"WebSite\",\"@id\":\"https:\\\/\\\/bien-etreiris.ch\\\/de\\\/#website\",\"url\":\"https:\\\/\\\/bien-etreiris.ch\\\/de\\\/\",\"name\":\"Bien-\u00eatre Iris\",\"description\":\"IHRE Gesundheit ist uns wichtig\",\"potentialAction\":[{\"@type\":\"SearchAction\",\"target\":{\"@type\":\"EntryPoint\",\"urlTemplate\":\"https:\\\/\\\/bien-etreiris.ch\\\/de\\\/?s={search_term_string}\"},\"query-input\":{\"@type\":\"PropertyValueSpecification\",\"valueRequired\":true,\"valueName\":\"search_term_string\"}}],\"inLanguage\":\"de\"}]}<\/script>\n<!-- \/ Yoast SEO plugin. -->","yoast_head_json":{"title":"SALATE - WOHLBEFINDEN","robots":{"index":"index","follow":"follow","max-snippet":"max-snippet:-1","max-image-preview":"max-image-preview:large","max-video-preview":"max-video-preview:-1"},"canonical":"https:\/\/bien-etreiris.ch\/de\/ratgeber-klarheit-beratung\/gesunder-lebensstil\/naehrstoffe\/lebensmittel\/gemuese\/salate\/","og_locale":"de_DE","og_type":"article","og_title":"SALATE - WOHLBEFINDEN","og_description":"Salate Ein Salat ist eine Speise der Kalten K\u00fcche und kann pikant oder fruchtig-s\u00fcss sein. Salate bestehen aus zerkleinertem Gem\u00fcse und\/oder Obst ggf. mit anderen Zutaten; sie werden mit einer Salatsauce angemacht und fast immer kalt serviert (bis auf wenige Ausnahmen). Wir beschreiben die bekannten Sorten wie gr\u00fcnen Salat, Rucola oder Feldsalat sowie weniger verbreitete Varianten, die unter&nbsp; Gem\u00fcse gehen.&nbsp;Weiter lesen","og_url":"https:\/\/bien-etreiris.ch\/de\/ratgeber-klarheit-beratung\/gesunder-lebensstil\/naehrstoffe\/lebensmittel\/gemuese\/salate\/","og_site_name":"WOHLBEFINDEN","article_publisher":"https:\/\/www.facebook.com\/bienetreiris\/","article_modified_time":"2024-12-13T20:41:49+00:00","og_image":[{"width":500,"height":332,"url":"https:\/\/bien-etreiris.ch\/wp-content\/uploads\/2022\/05\/Acceuil.jpg","type":"image\/jpeg"}],"twitter_misc":{"Gesch\u00e4tzte Lesezeit":"1\u00a0Minute"},"schema":{"@context":"https:\/\/schema.org","@graph":[{"@type":"WebPage","@id":"https:\/\/bien-etreiris.ch\/de\/ratgeber-klarheit-beratung\/gesunder-lebensstil\/naehrstoffe\/lebensmittel\/gemuese\/salate\/","url":"https:\/\/bien-etreiris.ch\/de\/ratgeber-klarheit-beratung\/gesunder-lebensstil\/naehrstoffe\/lebensmittel\/gemuese\/salate\/","name":"SALATE - WOHLBEFINDEN","isPartOf":{"@id":"https:\/\/bien-etreiris.ch\/de\/#website"},"primaryImageOfPage":{"@id":"https:\/\/bien-etreiris.ch\/de\/ratgeber-klarheit-beratung\/gesunder-lebensstil\/naehrstoffe\/lebensmittel\/gemuese\/salate\/#primaryimage"},"image":{"@id":"https:\/\/bien-etreiris.ch\/de\/ratgeber-klarheit-beratung\/gesunder-lebensstil\/naehrstoffe\/lebensmittel\/gemuese\/salate\/#primaryimage"},"thumbnailUrl":"https:\/\/bien-etreiris.ch\/wp-content\/uploads\/2022\/05\/Acceuil.jpg","datePublished":"2024-12-13T20:40:36+00:00","dateModified":"2024-12-13T20:41:49+00:00","breadcrumb":{"@id":"https:\/\/bien-etreiris.ch\/de\/ratgeber-klarheit-beratung\/gesunder-lebensstil\/naehrstoffe\/lebensmittel\/gemuese\/salate\/#breadcrumb"},"inLanguage":"de","potentialAction":[{"@type":"ReadAction","target":["https:\/\/bien-etreiris.ch\/de\/ratgeber-klarheit-beratung\/gesunder-lebensstil\/naehrstoffe\/lebensmittel\/gemuese\/salate\/"]}]},{"@type":"ImageObject","inLanguage":"de","@id":"https:\/\/bien-etreiris.ch\/de\/ratgeber-klarheit-beratung\/gesunder-lebensstil\/naehrstoffe\/lebensmittel\/gemuese\/salate\/#primaryimage","url":"https:\/\/bien-etreiris.ch\/wp-content\/uploads\/2022\/05\/Acceuil.jpg","contentUrl":"https:\/\/bien-etreiris.ch\/wp-content\/uploads\/2022\/05\/Acceuil.jpg","width":500,"height":332},{"@type":"BreadcrumbList","@id":"https:\/\/bien-etreiris.ch\/de\/ratgeber-klarheit-beratung\/gesunder-lebensstil\/naehrstoffe\/lebensmittel\/gemuese\/salate\/#breadcrumb","itemListElement":[{"@type":"ListItem","position":1,"name":"Home","item":"https:\/\/bien-etreiris.ch\/de\/"},{"@type":"ListItem","position":2,"name":"RATGEBER &#038; KLARHEIT","item":"https:\/\/bien-etreiris.ch\/de\/ratgeber-klarheit-beratung\/"},{"@type":"ListItem","position":3,"name":"GESUNDER LEBENSSTIL","item":"https:\/\/bien-etreiris.ch\/de\/ratgeber-klarheit-beratung\/gesunder-lebensstil\/"},{"@type":"ListItem","position":4,"name":"N\u00c4HRSTOFFE","item":"https:\/\/bien-etreiris.ch\/de\/ratgeber-klarheit-beratung\/naehrstoffe\/"},{"@type":"ListItem","position":5,"name":"LEBENSMITTEL","item":"https:\/\/bien-etreiris.ch\/de\/ratgeber-klarheit-beratung\/gesunder-lebensstil\/naehrstoffe\/lebensmittel\/"},{"@type":"ListItem","position":6,"name":"GEM\u00dcSE","item":"https:\/\/bien-etreiris.ch\/de\/ratgeber-klarheit-beratung\/gesunder-lebensstil\/naehrstoffe\/gemuese\/"},{"@type":"ListItem","position":7,"name":"SALATE"}]},{"@type":"WebSite","@id":"https:\/\/bien-etreiris.ch\/de\/#website","url":"https:\/\/bien-etreiris.ch\/de\/","name":"Bien-\u00eatre Iris","description":"IHRE Gesundheit ist uns wichtig","potentialAction":[{"@type":"SearchAction","target":{"@type":"EntryPoint","urlTemplate":"https:\/\/bien-etreiris.ch\/de\/?s={search_term_string}"},"query-input":{"@type":"PropertyValueSpecification","valueRequired":true,"valueName":"search_term_string"}}],"inLanguage":"de"}]}},"_links":{"self":[{"href":"https:\/\/bien-etreiris.ch\/de\/wp-json\/wp\/v2\/pages\/94194","targetHints":{"allow":["GET"]}}],"collection":[{"href":"https:\/\/bien-etreiris.ch\/de\/wp-json\/wp\/v2\/pages"}],"about":[{"href":"https:\/\/bien-etreiris.ch\/de\/wp-json\/wp\/v2\/types\/page"}],"author":[{"embeddable":true,"href":"https:\/\/bien-etreiris.ch\/de\/wp-json\/wp\/v2\/users\/1"}],"replies":[{"embeddable":true,"href":"https:\/\/bien-etreiris.ch\/de\/wp-json\/wp\/v2\/comments?post=94194"}],"version-history":[{"count":2,"href":"https:\/\/bien-etreiris.ch\/de\/wp-json\/wp\/v2\/pages\/94194\/revisions"}],"predecessor-version":[{"id":94197,"href":"https:\/\/bien-etreiris.ch\/de\/wp-json\/wp\/v2\/pages\/94194\/revisions\/94197"}],"up":[{"embeddable":true,"href":"https:\/\/bien-etreiris.ch\/de\/wp-json\/wp\/v2\/pages\/73985"}],"wp:featuredmedia":[{"embeddable":true,"href":"https:\/\/bien-etreiris.ch\/de\/wp-json\/wp\/v2\/media\/55728"}],"wp:attachment":[{"href":"https:\/\/bien-etreiris.ch\/de\/wp-json\/wp\/v2\/media?parent=94194"}],"curies":[{"name":"wp","href":"https:\/\/api.w.org\/{rel}","templated":true}]}}