{"id":94021,"date":"2024-12-13T08:46:25","date_gmt":"2024-12-13T06:46:25","guid":{"rendered":"https:\/\/bien-etreiris.ch\/ratgeber-klarheit-beratung\/gesunder-lebensstil\/naehrstoffe\/substanzen\/hydrates-de-carbone\/"},"modified":"2024-12-13T08:47:58","modified_gmt":"2024-12-13T06:47:58","slug":"kohlenhydrate","status":"publish","type":"page","link":"https:\/\/bien-etreiris.ch\/de\/ratgeber-klarheit-beratung\/gesunder-lebensstil\/naehrstoffe\/substanzen\/kohlenhydrate\/","title":{"rendered":"KOHLENHYDRATE"},"content":{"rendered":"<h2 class=\"font-semibold\">Kohlenhydrate<\/h2>\n<div class=\"mt-2 category-teaser\">Kohlenhydrate sind eine wichtige Energiequelle f\u00fcr den K\u00f6rper. Gesunde Kohlenhydrate wie Vollkornprodukte liefern Ballaststoffe und andere N\u00e4hrstoffe, die Ihr K\u00f6rper braucht. In diesen Artikeln werden wir \u00fcber einige der besten Kohlenhydrate sprechen, die Sie in Ihre Ern\u00e4hrung aufnehmen sollten<\/div>\n","protected":false},"excerpt":{"rendered":"<p>Kohlenhydrate Kohlenhydrate sind eine wichtige Energiequelle f\u00fcr den K\u00f6rper. Gesunde Kohlenhydrate wie Vollkornprodukte liefern Ballaststoffe und andere N\u00e4hrstoffe, die Ihr K\u00f6rper braucht. In diesen Artikeln werden wir \u00fcber einige der besten Kohlenhydrate sprechen, die Sie in Ihre Ern\u00e4hrung aufnehmen sollten<\/p>\n","protected":false},"author":1,"featured_media":55728,"parent":85902,"menu_order":602,"comment_status":"closed","ping_status":"closed","template":"page-with-child.php","meta":{"_acf_changed":false,"ngg_post_thumbnail":0,"footnotes":""},"class_list":["post-94021","page","type-page","status-publish","has-post-thumbnail","hentry"],"acf":[],"yoast_head":"<!-- This site is optimized with the Yoast SEO plugin v27.5 - https:\/\/yoast.com\/product\/yoast-seo-wordpress\/ -->\n<title>KOHLENHYDRATE - WOHLBEFINDEN<\/title>\n<meta name=\"robots\" content=\"index, follow, max-snippet:-1, max-image-preview:large, max-video-preview:-1\" \/>\n<link rel=\"canonical\" href=\"https:\/\/bien-etreiris.ch\/de\/ratgeber-klarheit-beratung\/gesunder-lebensstil\/naehrstoffe\/substanzen\/kohlenhydrate\/\" \/>\n<meta property=\"og:locale\" content=\"de_DE\" \/>\n<meta property=\"og:type\" content=\"article\" \/>\n<meta property=\"og:title\" content=\"KOHLENHYDRATE - WOHLBEFINDEN\" \/>\n<meta property=\"og:description\" content=\"Kohlenhydrate Kohlenhydrate sind eine wichtige Energiequelle f\u00fcr den K\u00f6rper. Gesunde Kohlenhydrate wie Vollkornprodukte liefern Ballaststoffe und andere N\u00e4hrstoffe, die Ihr K\u00f6rper braucht. In diesen Artikeln werden wir \u00fcber einige der besten Kohlenhydrate sprechen, die Sie in Ihre Ern\u00e4hrung aufnehmen sollten\" \/>\n<meta property=\"og:url\" content=\"https:\/\/bien-etreiris.ch\/de\/ratgeber-klarheit-beratung\/gesunder-lebensstil\/naehrstoffe\/substanzen\/kohlenhydrate\/\" \/>\n<meta property=\"og:site_name\" content=\"WOHLBEFINDEN\" \/>\n<meta property=\"article:publisher\" content=\"https:\/\/www.facebook.com\/bienetreiris\/\" \/>\n<meta property=\"article:modified_time\" content=\"2024-12-13T06:47:58+00:00\" \/>\n<meta property=\"og:image\" content=\"https:\/\/bien-etreiris.ch\/wp-content\/uploads\/2022\/05\/Acceuil.jpg\" \/>\n\t<meta property=\"og:image:width\" content=\"500\" \/>\n\t<meta property=\"og:image:height\" content=\"332\" \/>\n\t<meta property=\"og:image:type\" content=\"image\/jpeg\" \/>\n<meta name=\"twitter:label1\" content=\"Gesch\u00e4tzte Lesezeit\" \/>\n\t<meta name=\"twitter:data1\" content=\"1\u00a0Minute\" \/>\n<script type=\"application\/ld+json\" class=\"yoast-schema-graph\">{\"@context\":\"https:\\\/\\\/schema.org\",\"@graph\":[{\"@type\":\"WebPage\",\"@id\":\"https:\\\/\\\/bien-etreiris.ch\\\/de\\\/ratgeber-klarheit-beratung\\\/gesunder-lebensstil\\\/naehrstoffe\\\/substanzen\\\/kohlenhydrate\\\/\",\"url\":\"https:\\\/\\\/bien-etreiris.ch\\\/de\\\/ratgeber-klarheit-beratung\\\/gesunder-lebensstil\\\/naehrstoffe\\\/substanzen\\\/kohlenhydrate\\\/\",\"name\":\"KOHLENHYDRATE - WOHLBEFINDEN\",\"isPartOf\":{\"@id\":\"https:\\\/\\\/bien-etreiris.ch\\\/de\\\/#website\"},\"primaryImageOfPage\":{\"@id\":\"https:\\\/\\\/bien-etreiris.ch\\\/de\\\/ratgeber-klarheit-beratung\\\/gesunder-lebensstil\\\/naehrstoffe\\\/substanzen\\\/kohlenhydrate\\\/#primaryimage\"},\"image\":{\"@id\":\"https:\\\/\\\/bien-etreiris.ch\\\/de\\\/ratgeber-klarheit-beratung\\\/gesunder-lebensstil\\\/naehrstoffe\\\/substanzen\\\/kohlenhydrate\\\/#primaryimage\"},\"thumbnailUrl\":\"https:\\\/\\\/bien-etreiris.ch\\\/wp-content\\\/uploads\\\/2022\\\/05\\\/Acceuil.jpg\",\"datePublished\":\"2024-12-13T06:46:25+00:00\",\"dateModified\":\"2024-12-13T06:47:58+00:00\",\"breadcrumb\":{\"@id\":\"https:\\\/\\\/bien-etreiris.ch\\\/de\\\/ratgeber-klarheit-beratung\\\/gesunder-lebensstil\\\/naehrstoffe\\\/substanzen\\\/kohlenhydrate\\\/#breadcrumb\"},\"inLanguage\":\"de\",\"potentialAction\":[{\"@type\":\"ReadAction\",\"target\":[\"https:\\\/\\\/bien-etreiris.ch\\\/de\\\/ratgeber-klarheit-beratung\\\/gesunder-lebensstil\\\/naehrstoffe\\\/substanzen\\\/kohlenhydrate\\\/\"]}]},{\"@type\":\"ImageObject\",\"inLanguage\":\"de\",\"@id\":\"https:\\\/\\\/bien-etreiris.ch\\\/de\\\/ratgeber-klarheit-beratung\\\/gesunder-lebensstil\\\/naehrstoffe\\\/substanzen\\\/kohlenhydrate\\\/#primaryimage\",\"url\":\"https:\\\/\\\/bien-etreiris.ch\\\/wp-content\\\/uploads\\\/2022\\\/05\\\/Acceuil.jpg\",\"contentUrl\":\"https:\\\/\\\/bien-etreiris.ch\\\/wp-content\\\/uploads\\\/2022\\\/05\\\/Acceuil.jpg\",\"width\":500,\"height\":332},{\"@type\":\"BreadcrumbList\",\"@id\":\"https:\\\/\\\/bien-etreiris.ch\\\/de\\\/ratgeber-klarheit-beratung\\\/gesunder-lebensstil\\\/naehrstoffe\\\/substanzen\\\/kohlenhydrate\\\/#breadcrumb\",\"itemListElement\":[{\"@type\":\"ListItem\",\"position\":1,\"name\":\"Home\",\"item\":\"https:\\\/\\\/bien-etreiris.ch\\\/de\\\/\"},{\"@type\":\"ListItem\",\"position\":2,\"name\":\"RATGEBER &#038; KLARHEIT\",\"item\":\"https:\\\/\\\/bien-etreiris.ch\\\/de\\\/ratgeber-klarheit-beratung\\\/\"},{\"@type\":\"ListItem\",\"position\":3,\"name\":\"GESUNDER LEBENSSTIL\",\"item\":\"https:\\\/\\\/bien-etreiris.ch\\\/de\\\/ratgeber-klarheit-beratung\\\/gesunder-lebensstil\\\/\"},{\"@type\":\"ListItem\",\"position\":4,\"name\":\"N\u00c4HRSTOFFE\",\"item\":\"https:\\\/\\\/bien-etreiris.ch\\\/de\\\/ratgeber-klarheit-beratung\\\/naehrstoffe\\\/\"},{\"@type\":\"ListItem\",\"position\":5,\"name\":\"SUBSTANZEN\",\"item\":\"https:\\\/\\\/bien-etreiris.ch\\\/de\\\/ratgeber-klarheit-beratung\\\/gesunder-lebensstil\\\/naehrstoffe\\\/substanzen\\\/\"},{\"@type\":\"ListItem\",\"position\":6,\"name\":\"KOHLENHYDRATE\"}]},{\"@type\":\"WebSite\",\"@id\":\"https:\\\/\\\/bien-etreiris.ch\\\/de\\\/#website\",\"url\":\"https:\\\/\\\/bien-etreiris.ch\\\/de\\\/\",\"name\":\"Bien-\u00eatre Iris\",\"description\":\"IHRE Gesundheit ist uns wichtig\",\"potentialAction\":[{\"@type\":\"SearchAction\",\"target\":{\"@type\":\"EntryPoint\",\"urlTemplate\":\"https:\\\/\\\/bien-etreiris.ch\\\/de\\\/?s={search_term_string}\"},\"query-input\":{\"@type\":\"PropertyValueSpecification\",\"valueRequired\":true,\"valueName\":\"search_term_string\"}}],\"inLanguage\":\"de\"}]}<\/script>\n<!-- \/ Yoast SEO plugin. -->","yoast_head_json":{"title":"KOHLENHYDRATE - WOHLBEFINDEN","robots":{"index":"index","follow":"follow","max-snippet":"max-snippet:-1","max-image-preview":"max-image-preview:large","max-video-preview":"max-video-preview:-1"},"canonical":"https:\/\/bien-etreiris.ch\/de\/ratgeber-klarheit-beratung\/gesunder-lebensstil\/naehrstoffe\/substanzen\/kohlenhydrate\/","og_locale":"de_DE","og_type":"article","og_title":"KOHLENHYDRATE - WOHLBEFINDEN","og_description":"Kohlenhydrate Kohlenhydrate sind eine wichtige Energiequelle f\u00fcr den K\u00f6rper. Gesunde Kohlenhydrate wie Vollkornprodukte liefern Ballaststoffe und andere N\u00e4hrstoffe, die Ihr K\u00f6rper braucht. In diesen Artikeln werden wir \u00fcber einige der besten Kohlenhydrate sprechen, die Sie in Ihre Ern\u00e4hrung aufnehmen sollten","og_url":"https:\/\/bien-etreiris.ch\/de\/ratgeber-klarheit-beratung\/gesunder-lebensstil\/naehrstoffe\/substanzen\/kohlenhydrate\/","og_site_name":"WOHLBEFINDEN","article_publisher":"https:\/\/www.facebook.com\/bienetreiris\/","article_modified_time":"2024-12-13T06:47:58+00:00","og_image":[{"width":500,"height":332,"url":"https:\/\/bien-etreiris.ch\/wp-content\/uploads\/2022\/05\/Acceuil.jpg","type":"image\/jpeg"}],"twitter_misc":{"Gesch\u00e4tzte Lesezeit":"1\u00a0Minute"},"schema":{"@context":"https:\/\/schema.org","@graph":[{"@type":"WebPage","@id":"https:\/\/bien-etreiris.ch\/de\/ratgeber-klarheit-beratung\/gesunder-lebensstil\/naehrstoffe\/substanzen\/kohlenhydrate\/","url":"https:\/\/bien-etreiris.ch\/de\/ratgeber-klarheit-beratung\/gesunder-lebensstil\/naehrstoffe\/substanzen\/kohlenhydrate\/","name":"KOHLENHYDRATE - WOHLBEFINDEN","isPartOf":{"@id":"https:\/\/bien-etreiris.ch\/de\/#website"},"primaryImageOfPage":{"@id":"https:\/\/bien-etreiris.ch\/de\/ratgeber-klarheit-beratung\/gesunder-lebensstil\/naehrstoffe\/substanzen\/kohlenhydrate\/#primaryimage"},"image":{"@id":"https:\/\/bien-etreiris.ch\/de\/ratgeber-klarheit-beratung\/gesunder-lebensstil\/naehrstoffe\/substanzen\/kohlenhydrate\/#primaryimage"},"thumbnailUrl":"https:\/\/bien-etreiris.ch\/wp-content\/uploads\/2022\/05\/Acceuil.jpg","datePublished":"2024-12-13T06:46:25+00:00","dateModified":"2024-12-13T06:47:58+00:00","breadcrumb":{"@id":"https:\/\/bien-etreiris.ch\/de\/ratgeber-klarheit-beratung\/gesunder-lebensstil\/naehrstoffe\/substanzen\/kohlenhydrate\/#breadcrumb"},"inLanguage":"de","potentialAction":[{"@type":"ReadAction","target":["https:\/\/bien-etreiris.ch\/de\/ratgeber-klarheit-beratung\/gesunder-lebensstil\/naehrstoffe\/substanzen\/kohlenhydrate\/"]}]},{"@type":"ImageObject","inLanguage":"de","@id":"https:\/\/bien-etreiris.ch\/de\/ratgeber-klarheit-beratung\/gesunder-lebensstil\/naehrstoffe\/substanzen\/kohlenhydrate\/#primaryimage","url":"https:\/\/bien-etreiris.ch\/wp-content\/uploads\/2022\/05\/Acceuil.jpg","contentUrl":"https:\/\/bien-etreiris.ch\/wp-content\/uploads\/2022\/05\/Acceuil.jpg","width":500,"height":332},{"@type":"BreadcrumbList","@id":"https:\/\/bien-etreiris.ch\/de\/ratgeber-klarheit-beratung\/gesunder-lebensstil\/naehrstoffe\/substanzen\/kohlenhydrate\/#breadcrumb","itemListElement":[{"@type":"ListItem","position":1,"name":"Home","item":"https:\/\/bien-etreiris.ch\/de\/"},{"@type":"ListItem","position":2,"name":"RATGEBER &#038; KLARHEIT","item":"https:\/\/bien-etreiris.ch\/de\/ratgeber-klarheit-beratung\/"},{"@type":"ListItem","position":3,"name":"GESUNDER LEBENSSTIL","item":"https:\/\/bien-etreiris.ch\/de\/ratgeber-klarheit-beratung\/gesunder-lebensstil\/"},{"@type":"ListItem","position":4,"name":"N\u00c4HRSTOFFE","item":"https:\/\/bien-etreiris.ch\/de\/ratgeber-klarheit-beratung\/naehrstoffe\/"},{"@type":"ListItem","position":5,"name":"SUBSTANZEN","item":"https:\/\/bien-etreiris.ch\/de\/ratgeber-klarheit-beratung\/gesunder-lebensstil\/naehrstoffe\/substanzen\/"},{"@type":"ListItem","position":6,"name":"KOHLENHYDRATE"}]},{"@type":"WebSite","@id":"https:\/\/bien-etreiris.ch\/de\/#website","url":"https:\/\/bien-etreiris.ch\/de\/","name":"Bien-\u00eatre Iris","description":"IHRE Gesundheit ist uns wichtig","potentialAction":[{"@type":"SearchAction","target":{"@type":"EntryPoint","urlTemplate":"https:\/\/bien-etreiris.ch\/de\/?s={search_term_string}"},"query-input":{"@type":"PropertyValueSpecification","valueRequired":true,"valueName":"search_term_string"}}],"inLanguage":"de"}]}},"_links":{"self":[{"href":"https:\/\/bien-etreiris.ch\/de\/wp-json\/wp\/v2\/pages\/94021","targetHints":{"allow":["GET"]}}],"collection":[{"href":"https:\/\/bien-etreiris.ch\/de\/wp-json\/wp\/v2\/pages"}],"about":[{"href":"https:\/\/bien-etreiris.ch\/de\/wp-json\/wp\/v2\/types\/page"}],"author":[{"embeddable":true,"href":"https:\/\/bien-etreiris.ch\/de\/wp-json\/wp\/v2\/users\/1"}],"replies":[{"embeddable":true,"href":"https:\/\/bien-etreiris.ch\/de\/wp-json\/wp\/v2\/comments?post=94021"}],"version-history":[{"count":2,"href":"https:\/\/bien-etreiris.ch\/de\/wp-json\/wp\/v2\/pages\/94021\/revisions"}],"predecessor-version":[{"id":94024,"href":"https:\/\/bien-etreiris.ch\/de\/wp-json\/wp\/v2\/pages\/94021\/revisions\/94024"}],"up":[{"embeddable":true,"href":"https:\/\/bien-etreiris.ch\/de\/wp-json\/wp\/v2\/pages\/85902"}],"wp:featuredmedia":[{"embeddable":true,"href":"https:\/\/bien-etreiris.ch\/de\/wp-json\/wp\/v2\/media\/55728"}],"wp:attachment":[{"href":"https:\/\/bien-etreiris.ch\/de\/wp-json\/wp\/v2\/media?parent=94021"}],"curies":[{"name":"wp","href":"https:\/\/api.w.org\/{rel}","templated":true}]}}