{"id":93991,"date":"2024-12-13T07:47:28","date_gmt":"2024-12-13T05:47:28","guid":{"rendered":"https:\/\/bien-etreiris.ch\/ratgeber-klarheit-beratung\/gesunder-lebensstil\/naehrstoffe\/substanzen\/proteines\/"},"modified":"2024-12-13T07:50:35","modified_gmt":"2024-12-13T05:50:35","slug":"proteine","status":"publish","type":"page","link":"https:\/\/bien-etreiris.ch\/de\/ratgeber-klarheit-beratung\/gesunder-lebensstil\/naehrstoffe\/substanzen\/proteine\/","title":{"rendered":"PROTEINE"},"content":{"rendered":"<h2 class=\"font-semibold\">Proteine<\/h2>\n<div class=\"mt-2 category-teaser\">Ohne Proteine, auch Eiweiss genannt, ist kein Leben m\u00f6glich. Die lebenswichtigen Aminos\u00e4uren, aus denen die Eiweisse aufgebaut sind, sollten ausschliesslich in nat\u00fcrlicher, gut verdaulicher Form zugef\u00fchrt werden. Hier finden Sie alle Informationen rund um das Thema Proteine.<\/div>\n\n","protected":false},"excerpt":{"rendered":"<p>Proteine Ohne Proteine, auch Eiweiss genannt, ist kein Leben m\u00f6glich. Die lebenswichtigen Aminos\u00e4uren, aus denen die Eiweisse aufgebaut sind, sollten ausschliesslich in nat\u00fcrlicher, gut verdaulicher Form zugef\u00fchrt werden. Hier finden Sie alle Informationen rund um das Thema Proteine.<\/p>\n","protected":false},"author":1,"featured_media":55728,"parent":85902,"menu_order":610,"comment_status":"closed","ping_status":"closed","template":"page-with-child.php","meta":{"_acf_changed":false,"ngg_post_thumbnail":0,"footnotes":""},"class_list":["post-93991","page","type-page","status-publish","has-post-thumbnail","hentry"],"acf":[],"yoast_head":"<!-- This site is optimized with the Yoast SEO plugin v27.5 - https:\/\/yoast.com\/product\/yoast-seo-wordpress\/ -->\n<title>PROTEINE - WOHLBEFINDEN<\/title>\n<meta name=\"robots\" content=\"index, follow, max-snippet:-1, max-image-preview:large, max-video-preview:-1\" \/>\n<link rel=\"canonical\" href=\"https:\/\/bien-etreiris.ch\/de\/ratgeber-klarheit-beratung\/gesunder-lebensstil\/naehrstoffe\/substanzen\/proteine\/\" \/>\n<meta property=\"og:locale\" content=\"de_DE\" \/>\n<meta property=\"og:type\" content=\"article\" \/>\n<meta property=\"og:title\" content=\"PROTEINE - WOHLBEFINDEN\" \/>\n<meta property=\"og:description\" content=\"Proteine Ohne Proteine, auch Eiweiss genannt, ist kein Leben m\u00f6glich. Die lebenswichtigen Aminos\u00e4uren, aus denen die Eiweisse aufgebaut sind, sollten ausschliesslich in nat\u00fcrlicher, gut verdaulicher Form zugef\u00fchrt werden. Hier finden Sie alle Informationen rund um das Thema Proteine.\" \/>\n<meta property=\"og:url\" content=\"https:\/\/bien-etreiris.ch\/de\/ratgeber-klarheit-beratung\/gesunder-lebensstil\/naehrstoffe\/substanzen\/proteine\/\" \/>\n<meta property=\"og:site_name\" content=\"WOHLBEFINDEN\" \/>\n<meta property=\"article:publisher\" content=\"https:\/\/www.facebook.com\/bienetreiris\/\" \/>\n<meta property=\"article:modified_time\" content=\"2024-12-13T05:50:35+00:00\" \/>\n<meta property=\"og:image\" content=\"https:\/\/bien-etreiris.ch\/wp-content\/uploads\/2022\/05\/Acceuil.jpg\" \/>\n\t<meta property=\"og:image:width\" content=\"500\" \/>\n\t<meta property=\"og:image:height\" content=\"332\" \/>\n\t<meta property=\"og:image:type\" content=\"image\/jpeg\" \/>\n<meta name=\"twitter:label1\" content=\"Gesch\u00e4tzte Lesezeit\" \/>\n\t<meta name=\"twitter:data1\" content=\"1\u00a0Minute\" \/>\n<script type=\"application\/ld+json\" class=\"yoast-schema-graph\">{\"@context\":\"https:\\\/\\\/schema.org\",\"@graph\":[{\"@type\":\"WebPage\",\"@id\":\"https:\\\/\\\/bien-etreiris.ch\\\/de\\\/ratgeber-klarheit-beratung\\\/gesunder-lebensstil\\\/naehrstoffe\\\/substanzen\\\/proteine\\\/\",\"url\":\"https:\\\/\\\/bien-etreiris.ch\\\/de\\\/ratgeber-klarheit-beratung\\\/gesunder-lebensstil\\\/naehrstoffe\\\/substanzen\\\/proteine\\\/\",\"name\":\"PROTEINE - WOHLBEFINDEN\",\"isPartOf\":{\"@id\":\"https:\\\/\\\/bien-etreiris.ch\\\/de\\\/#website\"},\"primaryImageOfPage\":{\"@id\":\"https:\\\/\\\/bien-etreiris.ch\\\/de\\\/ratgeber-klarheit-beratung\\\/gesunder-lebensstil\\\/naehrstoffe\\\/substanzen\\\/proteine\\\/#primaryimage\"},\"image\":{\"@id\":\"https:\\\/\\\/bien-etreiris.ch\\\/de\\\/ratgeber-klarheit-beratung\\\/gesunder-lebensstil\\\/naehrstoffe\\\/substanzen\\\/proteine\\\/#primaryimage\"},\"thumbnailUrl\":\"https:\\\/\\\/bien-etreiris.ch\\\/wp-content\\\/uploads\\\/2022\\\/05\\\/Acceuil.jpg\",\"datePublished\":\"2024-12-13T05:47:28+00:00\",\"dateModified\":\"2024-12-13T05:50:35+00:00\",\"breadcrumb\":{\"@id\":\"https:\\\/\\\/bien-etreiris.ch\\\/de\\\/ratgeber-klarheit-beratung\\\/gesunder-lebensstil\\\/naehrstoffe\\\/substanzen\\\/proteine\\\/#breadcrumb\"},\"inLanguage\":\"de\",\"potentialAction\":[{\"@type\":\"ReadAction\",\"target\":[\"https:\\\/\\\/bien-etreiris.ch\\\/de\\\/ratgeber-klarheit-beratung\\\/gesunder-lebensstil\\\/naehrstoffe\\\/substanzen\\\/proteine\\\/\"]}]},{\"@type\":\"ImageObject\",\"inLanguage\":\"de\",\"@id\":\"https:\\\/\\\/bien-etreiris.ch\\\/de\\\/ratgeber-klarheit-beratung\\\/gesunder-lebensstil\\\/naehrstoffe\\\/substanzen\\\/proteine\\\/#primaryimage\",\"url\":\"https:\\\/\\\/bien-etreiris.ch\\\/wp-content\\\/uploads\\\/2022\\\/05\\\/Acceuil.jpg\",\"contentUrl\":\"https:\\\/\\\/bien-etreiris.ch\\\/wp-content\\\/uploads\\\/2022\\\/05\\\/Acceuil.jpg\",\"width\":500,\"height\":332},{\"@type\":\"BreadcrumbList\",\"@id\":\"https:\\\/\\\/bien-etreiris.ch\\\/de\\\/ratgeber-klarheit-beratung\\\/gesunder-lebensstil\\\/naehrstoffe\\\/substanzen\\\/proteine\\\/#breadcrumb\",\"itemListElement\":[{\"@type\":\"ListItem\",\"position\":1,\"name\":\"Home\",\"item\":\"https:\\\/\\\/bien-etreiris.ch\\\/de\\\/\"},{\"@type\":\"ListItem\",\"position\":2,\"name\":\"RATGEBER &#038; KLARHEIT\",\"item\":\"https:\\\/\\\/bien-etreiris.ch\\\/de\\\/ratgeber-klarheit-beratung\\\/\"},{\"@type\":\"ListItem\",\"position\":3,\"name\":\"GESUNDER LEBENSSTIL\",\"item\":\"https:\\\/\\\/bien-etreiris.ch\\\/de\\\/ratgeber-klarheit-beratung\\\/gesunder-lebensstil\\\/\"},{\"@type\":\"ListItem\",\"position\":4,\"name\":\"N\u00c4HRSTOFFE\",\"item\":\"https:\\\/\\\/bien-etreiris.ch\\\/de\\\/ratgeber-klarheit-beratung\\\/naehrstoffe\\\/\"},{\"@type\":\"ListItem\",\"position\":5,\"name\":\"SUBSTANZEN\",\"item\":\"https:\\\/\\\/bien-etreiris.ch\\\/de\\\/ratgeber-klarheit-beratung\\\/gesunder-lebensstil\\\/naehrstoffe\\\/substanzen\\\/\"},{\"@type\":\"ListItem\",\"position\":6,\"name\":\"PROTEINE\"}]},{\"@type\":\"WebSite\",\"@id\":\"https:\\\/\\\/bien-etreiris.ch\\\/de\\\/#website\",\"url\":\"https:\\\/\\\/bien-etreiris.ch\\\/de\\\/\",\"name\":\"Bien-\u00eatre Iris\",\"description\":\"IHRE Gesundheit ist uns wichtig\",\"potentialAction\":[{\"@type\":\"SearchAction\",\"target\":{\"@type\":\"EntryPoint\",\"urlTemplate\":\"https:\\\/\\\/bien-etreiris.ch\\\/de\\\/?s={search_term_string}\"},\"query-input\":{\"@type\":\"PropertyValueSpecification\",\"valueRequired\":true,\"valueName\":\"search_term_string\"}}],\"inLanguage\":\"de\"}]}<\/script>\n<!-- \/ Yoast SEO plugin. -->","yoast_head_json":{"title":"PROTEINE - WOHLBEFINDEN","robots":{"index":"index","follow":"follow","max-snippet":"max-snippet:-1","max-image-preview":"max-image-preview:large","max-video-preview":"max-video-preview:-1"},"canonical":"https:\/\/bien-etreiris.ch\/de\/ratgeber-klarheit-beratung\/gesunder-lebensstil\/naehrstoffe\/substanzen\/proteine\/","og_locale":"de_DE","og_type":"article","og_title":"PROTEINE - WOHLBEFINDEN","og_description":"Proteine Ohne Proteine, auch Eiweiss genannt, ist kein Leben m\u00f6glich. Die lebenswichtigen Aminos\u00e4uren, aus denen die Eiweisse aufgebaut sind, sollten ausschliesslich in nat\u00fcrlicher, gut verdaulicher Form zugef\u00fchrt werden. Hier finden Sie alle Informationen rund um das Thema Proteine.","og_url":"https:\/\/bien-etreiris.ch\/de\/ratgeber-klarheit-beratung\/gesunder-lebensstil\/naehrstoffe\/substanzen\/proteine\/","og_site_name":"WOHLBEFINDEN","article_publisher":"https:\/\/www.facebook.com\/bienetreiris\/","article_modified_time":"2024-12-13T05:50:35+00:00","og_image":[{"width":500,"height":332,"url":"https:\/\/bien-etreiris.ch\/wp-content\/uploads\/2022\/05\/Acceuil.jpg","type":"image\/jpeg"}],"twitter_misc":{"Gesch\u00e4tzte Lesezeit":"1\u00a0Minute"},"schema":{"@context":"https:\/\/schema.org","@graph":[{"@type":"WebPage","@id":"https:\/\/bien-etreiris.ch\/de\/ratgeber-klarheit-beratung\/gesunder-lebensstil\/naehrstoffe\/substanzen\/proteine\/","url":"https:\/\/bien-etreiris.ch\/de\/ratgeber-klarheit-beratung\/gesunder-lebensstil\/naehrstoffe\/substanzen\/proteine\/","name":"PROTEINE - WOHLBEFINDEN","isPartOf":{"@id":"https:\/\/bien-etreiris.ch\/de\/#website"},"primaryImageOfPage":{"@id":"https:\/\/bien-etreiris.ch\/de\/ratgeber-klarheit-beratung\/gesunder-lebensstil\/naehrstoffe\/substanzen\/proteine\/#primaryimage"},"image":{"@id":"https:\/\/bien-etreiris.ch\/de\/ratgeber-klarheit-beratung\/gesunder-lebensstil\/naehrstoffe\/substanzen\/proteine\/#primaryimage"},"thumbnailUrl":"https:\/\/bien-etreiris.ch\/wp-content\/uploads\/2022\/05\/Acceuil.jpg","datePublished":"2024-12-13T05:47:28+00:00","dateModified":"2024-12-13T05:50:35+00:00","breadcrumb":{"@id":"https:\/\/bien-etreiris.ch\/de\/ratgeber-klarheit-beratung\/gesunder-lebensstil\/naehrstoffe\/substanzen\/proteine\/#breadcrumb"},"inLanguage":"de","potentialAction":[{"@type":"ReadAction","target":["https:\/\/bien-etreiris.ch\/de\/ratgeber-klarheit-beratung\/gesunder-lebensstil\/naehrstoffe\/substanzen\/proteine\/"]}]},{"@type":"ImageObject","inLanguage":"de","@id":"https:\/\/bien-etreiris.ch\/de\/ratgeber-klarheit-beratung\/gesunder-lebensstil\/naehrstoffe\/substanzen\/proteine\/#primaryimage","url":"https:\/\/bien-etreiris.ch\/wp-content\/uploads\/2022\/05\/Acceuil.jpg","contentUrl":"https:\/\/bien-etreiris.ch\/wp-content\/uploads\/2022\/05\/Acceuil.jpg","width":500,"height":332},{"@type":"BreadcrumbList","@id":"https:\/\/bien-etreiris.ch\/de\/ratgeber-klarheit-beratung\/gesunder-lebensstil\/naehrstoffe\/substanzen\/proteine\/#breadcrumb","itemListElement":[{"@type":"ListItem","position":1,"name":"Home","item":"https:\/\/bien-etreiris.ch\/de\/"},{"@type":"ListItem","position":2,"name":"RATGEBER &#038; KLARHEIT","item":"https:\/\/bien-etreiris.ch\/de\/ratgeber-klarheit-beratung\/"},{"@type":"ListItem","position":3,"name":"GESUNDER LEBENSSTIL","item":"https:\/\/bien-etreiris.ch\/de\/ratgeber-klarheit-beratung\/gesunder-lebensstil\/"},{"@type":"ListItem","position":4,"name":"N\u00c4HRSTOFFE","item":"https:\/\/bien-etreiris.ch\/de\/ratgeber-klarheit-beratung\/naehrstoffe\/"},{"@type":"ListItem","position":5,"name":"SUBSTANZEN","item":"https:\/\/bien-etreiris.ch\/de\/ratgeber-klarheit-beratung\/gesunder-lebensstil\/naehrstoffe\/substanzen\/"},{"@type":"ListItem","position":6,"name":"PROTEINE"}]},{"@type":"WebSite","@id":"https:\/\/bien-etreiris.ch\/de\/#website","url":"https:\/\/bien-etreiris.ch\/de\/","name":"Bien-\u00eatre Iris","description":"IHRE Gesundheit ist uns wichtig","potentialAction":[{"@type":"SearchAction","target":{"@type":"EntryPoint","urlTemplate":"https:\/\/bien-etreiris.ch\/de\/?s={search_term_string}"},"query-input":{"@type":"PropertyValueSpecification","valueRequired":true,"valueName":"search_term_string"}}],"inLanguage":"de"}]}},"_links":{"self":[{"href":"https:\/\/bien-etreiris.ch\/de\/wp-json\/wp\/v2\/pages\/93991","targetHints":{"allow":["GET"]}}],"collection":[{"href":"https:\/\/bien-etreiris.ch\/de\/wp-json\/wp\/v2\/pages"}],"about":[{"href":"https:\/\/bien-etreiris.ch\/de\/wp-json\/wp\/v2\/types\/page"}],"author":[{"embeddable":true,"href":"https:\/\/bien-etreiris.ch\/de\/wp-json\/wp\/v2\/users\/1"}],"replies":[{"embeddable":true,"href":"https:\/\/bien-etreiris.ch\/de\/wp-json\/wp\/v2\/comments?post=93991"}],"version-history":[{"count":3,"href":"https:\/\/bien-etreiris.ch\/de\/wp-json\/wp\/v2\/pages\/93991\/revisions"}],"predecessor-version":[{"id":93995,"href":"https:\/\/bien-etreiris.ch\/de\/wp-json\/wp\/v2\/pages\/93991\/revisions\/93995"}],"up":[{"embeddable":true,"href":"https:\/\/bien-etreiris.ch\/de\/wp-json\/wp\/v2\/pages\/85902"}],"wp:featuredmedia":[{"embeddable":true,"href":"https:\/\/bien-etreiris.ch\/de\/wp-json\/wp\/v2\/media\/55728"}],"wp:attachment":[{"href":"https:\/\/bien-etreiris.ch\/de\/wp-json\/wp\/v2\/media?parent=93991"}],"curies":[{"name":"wp","href":"https:\/\/api.w.org\/{rel}","templated":true}]}}