{"id":93582,"date":"2024-12-11T05:26:06","date_gmt":"2024-12-11T03:26:06","guid":{"rendered":"https:\/\/bien-etreiris.ch\/ratgeber-klarheit-beratung\/mehr-erfahren\/neuigkeiten\/ernaehrung\/"},"modified":"2024-12-11T05:27:06","modified_gmt":"2024-12-11T03:27:06","slug":"ernaehrung","status":"publish","type":"page","link":"https:\/\/bien-etreiris.ch\/de\/ratgeber-klarheit-beratung\/mehr-erfahren\/neuigkeiten\/ernaehrung\/","title":{"rendered":"ERN\u00c4HRUNG"},"content":{"rendered":"<h2 class=\"font-semibold\">Ern\u00e4hrung<\/h2>\n<div class=\"mt-2 category-teaser\">Die neuesten Ern\u00e4hrungsnachrichten aus der Entwicklung sind die zentrale Quelle f\u00fcr alle Ihre Ern\u00e4hrungs- und Gesundheitsbed\u00fcrfnisse. Finden Sie heraus, was in der Welt der Wissenschaft \u00fcber Ern\u00e4hrung mit Artikeln von f\u00fchrenden Experten passiert.<\/div>\n<div>&nbsp;<\/div>\n<div>&nbsp;<\/div>\n\n","protected":false},"excerpt":{"rendered":"<p>Ern\u00e4hrung Die neuesten Ern\u00e4hrungsnachrichten aus der Entwicklung sind die zentrale Quelle f\u00fcr alle Ihre Ern\u00e4hrungs- und Gesundheitsbed\u00fcrfnisse. Finden Sie heraus, was in der Welt der Wissenschaft \u00fcber Ern\u00e4hrung mit Artikeln von f\u00fchrenden Experten passiert. &nbsp; &nbsp;<\/p>\n","protected":false},"author":1,"featured_media":55728,"parent":93574,"menu_order":715,"comment_status":"closed","ping_status":"closed","template":"page-with-child.php","meta":{"_acf_changed":false,"ngg_post_thumbnail":0,"footnotes":""},"class_list":["post-93582","page","type-page","status-publish","has-post-thumbnail","hentry"],"acf":[],"yoast_head":"<!-- This site is optimized with the Yoast SEO plugin v27.3 - https:\/\/yoast.com\/product\/yoast-seo-wordpress\/ -->\n<title>ERN\u00c4HRUNG - WOHLBEFINDEN<\/title>\n<meta name=\"robots\" content=\"index, follow, max-snippet:-1, max-image-preview:large, max-video-preview:-1\" \/>\n<link rel=\"canonical\" href=\"https:\/\/bien-etreiris.ch\/de\/ratgeber-klarheit-beratung\/mehr-erfahren\/neuigkeiten\/ernaehrung\/\" \/>\n<meta property=\"og:locale\" content=\"de_DE\" \/>\n<meta property=\"og:type\" content=\"article\" \/>\n<meta property=\"og:title\" content=\"ERN\u00c4HRUNG - WOHLBEFINDEN\" \/>\n<meta property=\"og:description\" content=\"Ern\u00e4hrung Die neuesten Ern\u00e4hrungsnachrichten aus der Entwicklung sind die zentrale Quelle f\u00fcr alle Ihre Ern\u00e4hrungs- und Gesundheitsbed\u00fcrfnisse. Finden Sie heraus, was in der Welt der Wissenschaft \u00fcber Ern\u00e4hrung mit Artikeln von f\u00fchrenden Experten passiert. &nbsp; &nbsp;\" \/>\n<meta property=\"og:url\" content=\"https:\/\/bien-etreiris.ch\/de\/ratgeber-klarheit-beratung\/mehr-erfahren\/neuigkeiten\/ernaehrung\/\" \/>\n<meta property=\"og:site_name\" content=\"WOHLBEFINDEN\" \/>\n<meta property=\"article:publisher\" content=\"https:\/\/www.facebook.com\/bienetreiris\/\" \/>\n<meta property=\"article:modified_time\" content=\"2024-12-11T03:27:06+00:00\" \/>\n<meta property=\"og:image\" content=\"https:\/\/bien-etreiris.ch\/wp-content\/uploads\/2022\/05\/Acceuil.jpg\" \/>\n\t<meta property=\"og:image:width\" content=\"500\" \/>\n\t<meta property=\"og:image:height\" content=\"332\" \/>\n\t<meta property=\"og:image:type\" content=\"image\/jpeg\" \/>\n<meta name=\"twitter:label1\" content=\"Gesch\u00e4tzte Lesezeit\" \/>\n\t<meta name=\"twitter:data1\" content=\"1\u00a0Minute\" \/>\n<script type=\"application\/ld+json\" class=\"yoast-schema-graph\">{\"@context\":\"https:\\\/\\\/schema.org\",\"@graph\":[{\"@type\":\"WebPage\",\"@id\":\"https:\\\/\\\/bien-etreiris.ch\\\/de\\\/ratgeber-klarheit-beratung\\\/mehr-erfahren\\\/neuigkeiten\\\/ernaehrung\\\/\",\"url\":\"https:\\\/\\\/bien-etreiris.ch\\\/de\\\/ratgeber-klarheit-beratung\\\/mehr-erfahren\\\/neuigkeiten\\\/ernaehrung\\\/\",\"name\":\"ERN\u00c4HRUNG - WOHLBEFINDEN\",\"isPartOf\":{\"@id\":\"https:\\\/\\\/bien-etreiris.ch\\\/de\\\/#website\"},\"primaryImageOfPage\":{\"@id\":\"https:\\\/\\\/bien-etreiris.ch\\\/de\\\/ratgeber-klarheit-beratung\\\/mehr-erfahren\\\/neuigkeiten\\\/ernaehrung\\\/#primaryimage\"},\"image\":{\"@id\":\"https:\\\/\\\/bien-etreiris.ch\\\/de\\\/ratgeber-klarheit-beratung\\\/mehr-erfahren\\\/neuigkeiten\\\/ernaehrung\\\/#primaryimage\"},\"thumbnailUrl\":\"https:\\\/\\\/bien-etreiris.ch\\\/wp-content\\\/uploads\\\/2022\\\/05\\\/Acceuil.jpg\",\"datePublished\":\"2024-12-11T03:26:06+00:00\",\"dateModified\":\"2024-12-11T03:27:06+00:00\",\"breadcrumb\":{\"@id\":\"https:\\\/\\\/bien-etreiris.ch\\\/de\\\/ratgeber-klarheit-beratung\\\/mehr-erfahren\\\/neuigkeiten\\\/ernaehrung\\\/#breadcrumb\"},\"inLanguage\":\"de\",\"potentialAction\":[{\"@type\":\"ReadAction\",\"target\":[\"https:\\\/\\\/bien-etreiris.ch\\\/de\\\/ratgeber-klarheit-beratung\\\/mehr-erfahren\\\/neuigkeiten\\\/ernaehrung\\\/\"]}]},{\"@type\":\"ImageObject\",\"inLanguage\":\"de\",\"@id\":\"https:\\\/\\\/bien-etreiris.ch\\\/de\\\/ratgeber-klarheit-beratung\\\/mehr-erfahren\\\/neuigkeiten\\\/ernaehrung\\\/#primaryimage\",\"url\":\"https:\\\/\\\/bien-etreiris.ch\\\/wp-content\\\/uploads\\\/2022\\\/05\\\/Acceuil.jpg\",\"contentUrl\":\"https:\\\/\\\/bien-etreiris.ch\\\/wp-content\\\/uploads\\\/2022\\\/05\\\/Acceuil.jpg\",\"width\":500,\"height\":332},{\"@type\":\"BreadcrumbList\",\"@id\":\"https:\\\/\\\/bien-etreiris.ch\\\/de\\\/ratgeber-klarheit-beratung\\\/mehr-erfahren\\\/neuigkeiten\\\/ernaehrung\\\/#breadcrumb\",\"itemListElement\":[{\"@type\":\"ListItem\",\"position\":1,\"name\":\"Home\",\"item\":\"https:\\\/\\\/bien-etreiris.ch\\\/de\\\/\"},{\"@type\":\"ListItem\",\"position\":2,\"name\":\"RATGEBER &#038; KLARHEIT\",\"item\":\"https:\\\/\\\/bien-etreiris.ch\\\/de\\\/ratgeber-klarheit-beratung\\\/\"},{\"@type\":\"ListItem\",\"position\":3,\"name\":\"MEHR ERFAHREN\",\"item\":\"https:\\\/\\\/bien-etreiris.ch\\\/de\\\/ratgeber-klarheit-beratung\\\/mehr-erfahren\\\/\"},{\"@type\":\"ListItem\",\"position\":4,\"name\":\"NEUIGKEITEN\",\"item\":\"https:\\\/\\\/bien-etreiris.ch\\\/de\\\/ratgeber-klarheit-beratung\\\/mehr-erfahren\\\/neuigkeiten\\\/\"},{\"@type\":\"ListItem\",\"position\":5,\"name\":\"ERN\u00c4HRUNG\"}]},{\"@type\":\"WebSite\",\"@id\":\"https:\\\/\\\/bien-etreiris.ch\\\/de\\\/#website\",\"url\":\"https:\\\/\\\/bien-etreiris.ch\\\/de\\\/\",\"name\":\"Bien-\u00eatre Iris\",\"description\":\"IHRE Gesundheit ist uns wichtig\",\"potentialAction\":[{\"@type\":\"SearchAction\",\"target\":{\"@type\":\"EntryPoint\",\"urlTemplate\":\"https:\\\/\\\/bien-etreiris.ch\\\/de\\\/?s={search_term_string}\"},\"query-input\":{\"@type\":\"PropertyValueSpecification\",\"valueRequired\":true,\"valueName\":\"search_term_string\"}}],\"inLanguage\":\"de\"}]}<\/script>\n<!-- \/ Yoast SEO plugin. -->","yoast_head_json":{"title":"ERN\u00c4HRUNG - WOHLBEFINDEN","robots":{"index":"index","follow":"follow","max-snippet":"max-snippet:-1","max-image-preview":"max-image-preview:large","max-video-preview":"max-video-preview:-1"},"canonical":"https:\/\/bien-etreiris.ch\/de\/ratgeber-klarheit-beratung\/mehr-erfahren\/neuigkeiten\/ernaehrung\/","og_locale":"de_DE","og_type":"article","og_title":"ERN\u00c4HRUNG - WOHLBEFINDEN","og_description":"Ern\u00e4hrung Die neuesten Ern\u00e4hrungsnachrichten aus der Entwicklung sind die zentrale Quelle f\u00fcr alle Ihre Ern\u00e4hrungs- und Gesundheitsbed\u00fcrfnisse. Finden Sie heraus, was in der Welt der Wissenschaft \u00fcber Ern\u00e4hrung mit Artikeln von f\u00fchrenden Experten passiert. &nbsp; &nbsp;","og_url":"https:\/\/bien-etreiris.ch\/de\/ratgeber-klarheit-beratung\/mehr-erfahren\/neuigkeiten\/ernaehrung\/","og_site_name":"WOHLBEFINDEN","article_publisher":"https:\/\/www.facebook.com\/bienetreiris\/","article_modified_time":"2024-12-11T03:27:06+00:00","og_image":[{"width":500,"height":332,"url":"https:\/\/bien-etreiris.ch\/wp-content\/uploads\/2022\/05\/Acceuil.jpg","type":"image\/jpeg"}],"twitter_misc":{"Gesch\u00e4tzte Lesezeit":"1\u00a0Minute"},"schema":{"@context":"https:\/\/schema.org","@graph":[{"@type":"WebPage","@id":"https:\/\/bien-etreiris.ch\/de\/ratgeber-klarheit-beratung\/mehr-erfahren\/neuigkeiten\/ernaehrung\/","url":"https:\/\/bien-etreiris.ch\/de\/ratgeber-klarheit-beratung\/mehr-erfahren\/neuigkeiten\/ernaehrung\/","name":"ERN\u00c4HRUNG - WOHLBEFINDEN","isPartOf":{"@id":"https:\/\/bien-etreiris.ch\/de\/#website"},"primaryImageOfPage":{"@id":"https:\/\/bien-etreiris.ch\/de\/ratgeber-klarheit-beratung\/mehr-erfahren\/neuigkeiten\/ernaehrung\/#primaryimage"},"image":{"@id":"https:\/\/bien-etreiris.ch\/de\/ratgeber-klarheit-beratung\/mehr-erfahren\/neuigkeiten\/ernaehrung\/#primaryimage"},"thumbnailUrl":"https:\/\/bien-etreiris.ch\/wp-content\/uploads\/2022\/05\/Acceuil.jpg","datePublished":"2024-12-11T03:26:06+00:00","dateModified":"2024-12-11T03:27:06+00:00","breadcrumb":{"@id":"https:\/\/bien-etreiris.ch\/de\/ratgeber-klarheit-beratung\/mehr-erfahren\/neuigkeiten\/ernaehrung\/#breadcrumb"},"inLanguage":"de","potentialAction":[{"@type":"ReadAction","target":["https:\/\/bien-etreiris.ch\/de\/ratgeber-klarheit-beratung\/mehr-erfahren\/neuigkeiten\/ernaehrung\/"]}]},{"@type":"ImageObject","inLanguage":"de","@id":"https:\/\/bien-etreiris.ch\/de\/ratgeber-klarheit-beratung\/mehr-erfahren\/neuigkeiten\/ernaehrung\/#primaryimage","url":"https:\/\/bien-etreiris.ch\/wp-content\/uploads\/2022\/05\/Acceuil.jpg","contentUrl":"https:\/\/bien-etreiris.ch\/wp-content\/uploads\/2022\/05\/Acceuil.jpg","width":500,"height":332},{"@type":"BreadcrumbList","@id":"https:\/\/bien-etreiris.ch\/de\/ratgeber-klarheit-beratung\/mehr-erfahren\/neuigkeiten\/ernaehrung\/#breadcrumb","itemListElement":[{"@type":"ListItem","position":1,"name":"Home","item":"https:\/\/bien-etreiris.ch\/de\/"},{"@type":"ListItem","position":2,"name":"RATGEBER &#038; KLARHEIT","item":"https:\/\/bien-etreiris.ch\/de\/ratgeber-klarheit-beratung\/"},{"@type":"ListItem","position":3,"name":"MEHR ERFAHREN","item":"https:\/\/bien-etreiris.ch\/de\/ratgeber-klarheit-beratung\/mehr-erfahren\/"},{"@type":"ListItem","position":4,"name":"NEUIGKEITEN","item":"https:\/\/bien-etreiris.ch\/de\/ratgeber-klarheit-beratung\/mehr-erfahren\/neuigkeiten\/"},{"@type":"ListItem","position":5,"name":"ERN\u00c4HRUNG"}]},{"@type":"WebSite","@id":"https:\/\/bien-etreiris.ch\/de\/#website","url":"https:\/\/bien-etreiris.ch\/de\/","name":"Bien-\u00eatre Iris","description":"IHRE Gesundheit ist uns wichtig","potentialAction":[{"@type":"SearchAction","target":{"@type":"EntryPoint","urlTemplate":"https:\/\/bien-etreiris.ch\/de\/?s={search_term_string}"},"query-input":{"@type":"PropertyValueSpecification","valueRequired":true,"valueName":"search_term_string"}}],"inLanguage":"de"}]}},"_links":{"self":[{"href":"https:\/\/bien-etreiris.ch\/de\/wp-json\/wp\/v2\/pages\/93582","targetHints":{"allow":["GET"]}}],"collection":[{"href":"https:\/\/bien-etreiris.ch\/de\/wp-json\/wp\/v2\/pages"}],"about":[{"href":"https:\/\/bien-etreiris.ch\/de\/wp-json\/wp\/v2\/types\/page"}],"author":[{"embeddable":true,"href":"https:\/\/bien-etreiris.ch\/de\/wp-json\/wp\/v2\/users\/1"}],"replies":[{"embeddable":true,"href":"https:\/\/bien-etreiris.ch\/de\/wp-json\/wp\/v2\/comments?post=93582"}],"version-history":[{"count":2,"href":"https:\/\/bien-etreiris.ch\/de\/wp-json\/wp\/v2\/pages\/93582\/revisions"}],"predecessor-version":[{"id":93585,"href":"https:\/\/bien-etreiris.ch\/de\/wp-json\/wp\/v2\/pages\/93582\/revisions\/93585"}],"up":[{"embeddable":true,"href":"https:\/\/bien-etreiris.ch\/de\/wp-json\/wp\/v2\/pages\/93574"}],"wp:featuredmedia":[{"embeddable":true,"href":"https:\/\/bien-etreiris.ch\/de\/wp-json\/wp\/v2\/media\/55728"}],"wp:attachment":[{"href":"https:\/\/bien-etreiris.ch\/de\/wp-json\/wp\/v2\/media?parent=93582"}],"curies":[{"name":"wp","href":"https:\/\/api.w.org\/{rel}","templated":true}]}}