{"id":93211,"date":"2024-12-01T01:51:44","date_gmt":"2024-11-30T23:51:44","guid":{"rendered":"https:\/\/bien-etreiris.ch\/ratgeber-klarheit-beratung\/natuerliche-heilmittel\/kranheiten-a-z\/magen-darm-erkrankungen\/troubles-gastrique\/"},"modified":"2024-12-01T01:54:10","modified_gmt":"2024-11-30T23:54:10","slug":"magenbeschwerden","status":"publish","type":"page","link":"https:\/\/bien-etreiris.ch\/de\/ratgeber-klarheit-beratung\/natuerliche-heilmittel\/kranheiten-a-z\/magen-darm-erkrankungen\/magenbeschwerden\/","title":{"rendered":"MAGENBESCHWERDEN"},"content":{"rendered":"<h2>Magenbeschwerden<\/h2>\n<p>Magenbeschwerden k\u00f6nnen ein unangenehmes und belastendes Problem sein. Wir bieten Ihnen fundierte Informationen zu Symptomen wie Sodbrennen, \u00dcbelkeit und Magenschmerzen sowie Tipps zur Linderung und Vorbeugung. Entdecken Sie nat\u00fcrliche Hausmittel, eine ausgewogene Ern\u00e4hrung und andere effektive Massnahmen, um Ihre Magengesundheit zu verbessern.<\/p>\n","protected":false},"excerpt":{"rendered":"<p>Magenbeschwerden Magenbeschwerden k\u00f6nnen ein unangenehmes und belastendes Problem sein. Wir bieten Ihnen fundierte Informationen zu Symptomen wie Sodbrennen, \u00dcbelkeit und Magenschmerzen sowie Tipps zur Linderung und Vorbeugung. Entdecken Sie nat\u00fcrliche Hausmittel, eine ausgewogene Ern\u00e4hrung und andere effektive Massnahmen, um Ihre Magengesundheit zu verbessern.<\/p>\n","protected":false},"author":1,"featured_media":93208,"parent":71294,"menu_order":825,"comment_status":"closed","ping_status":"closed","template":"page-with-child.php","meta":{"_acf_changed":false,"ngg_post_thumbnail":0,"footnotes":""},"class_list":["post-93211","page","type-page","status-publish","has-post-thumbnail","hentry"],"acf":[],"yoast_head":"<!-- This site is optimized with the Yoast SEO plugin v27.5 - https:\/\/yoast.com\/product\/yoast-seo-wordpress\/ -->\n<title>MAGENBESCHWERDEN - WOHLBEFINDEN<\/title>\n<meta name=\"robots\" content=\"index, follow, max-snippet:-1, max-image-preview:large, max-video-preview:-1\" \/>\n<link rel=\"canonical\" href=\"https:\/\/bien-etreiris.ch\/de\/ratgeber-klarheit-beratung\/natuerliche-heilmittel\/kranheiten-a-z\/magen-darm-erkrankungen\/magenbeschwerden\/\" \/>\n<meta property=\"og:locale\" content=\"de_DE\" \/>\n<meta property=\"og:type\" content=\"article\" \/>\n<meta property=\"og:title\" content=\"MAGENBESCHWERDEN - WOHLBEFINDEN\" \/>\n<meta property=\"og:description\" content=\"Magenbeschwerden Magenbeschwerden k\u00f6nnen ein unangenehmes und belastendes Problem sein. Wir bieten Ihnen fundierte Informationen zu Symptomen wie Sodbrennen, \u00dcbelkeit und Magenschmerzen sowie Tipps zur Linderung und Vorbeugung. Entdecken Sie nat\u00fcrliche Hausmittel, eine ausgewogene Ern\u00e4hrung und andere effektive Massnahmen, um Ihre Magengesundheit zu verbessern.\" \/>\n<meta property=\"og:url\" content=\"https:\/\/bien-etreiris.ch\/de\/ratgeber-klarheit-beratung\/natuerliche-heilmittel\/kranheiten-a-z\/magen-darm-erkrankungen\/magenbeschwerden\/\" \/>\n<meta property=\"og:site_name\" content=\"WOHLBEFINDEN\" \/>\n<meta property=\"article:publisher\" content=\"https:\/\/www.facebook.com\/bienetreiris\/\" \/>\n<meta property=\"article:modified_time\" content=\"2024-11-30T23:54:10+00:00\" \/>\n<meta property=\"og:image\" content=\"https:\/\/bien-etreiris.ch\/wp-content\/uploads\/2024\/12\/acceuil-troubles-gastriques.jpg\" \/>\n\t<meta property=\"og:image:width\" content=\"500\" \/>\n\t<meta property=\"og:image:height\" content=\"333\" \/>\n\t<meta property=\"og:image:type\" content=\"image\/jpeg\" \/>\n<meta name=\"twitter:label1\" content=\"Gesch\u00e4tzte Lesezeit\" \/>\n\t<meta name=\"twitter:data1\" content=\"1\u00a0Minute\" \/>\n<script type=\"application\/ld+json\" class=\"yoast-schema-graph\">{\"@context\":\"https:\\\/\\\/schema.org\",\"@graph\":[{\"@type\":\"WebPage\",\"@id\":\"https:\\\/\\\/bien-etreiris.ch\\\/de\\\/ratgeber-klarheit-beratung\\\/natuerliche-heilmittel\\\/kranheiten-a-z\\\/magen-darm-erkrankungen\\\/magenbeschwerden\\\/\",\"url\":\"https:\\\/\\\/bien-etreiris.ch\\\/de\\\/ratgeber-klarheit-beratung\\\/natuerliche-heilmittel\\\/kranheiten-a-z\\\/magen-darm-erkrankungen\\\/magenbeschwerden\\\/\",\"name\":\"MAGENBESCHWERDEN - WOHLBEFINDEN\",\"isPartOf\":{\"@id\":\"https:\\\/\\\/bien-etreiris.ch\\\/de\\\/#website\"},\"primaryImageOfPage\":{\"@id\":\"https:\\\/\\\/bien-etreiris.ch\\\/de\\\/ratgeber-klarheit-beratung\\\/natuerliche-heilmittel\\\/kranheiten-a-z\\\/magen-darm-erkrankungen\\\/magenbeschwerden\\\/#primaryimage\"},\"image\":{\"@id\":\"https:\\\/\\\/bien-etreiris.ch\\\/de\\\/ratgeber-klarheit-beratung\\\/natuerliche-heilmittel\\\/kranheiten-a-z\\\/magen-darm-erkrankungen\\\/magenbeschwerden\\\/#primaryimage\"},\"thumbnailUrl\":\"https:\\\/\\\/bien-etreiris.ch\\\/wp-content\\\/uploads\\\/2024\\\/12\\\/acceuil-troubles-gastriques.jpg\",\"datePublished\":\"2024-11-30T23:51:44+00:00\",\"dateModified\":\"2024-11-30T23:54:10+00:00\",\"breadcrumb\":{\"@id\":\"https:\\\/\\\/bien-etreiris.ch\\\/de\\\/ratgeber-klarheit-beratung\\\/natuerliche-heilmittel\\\/kranheiten-a-z\\\/magen-darm-erkrankungen\\\/magenbeschwerden\\\/#breadcrumb\"},\"inLanguage\":\"de\",\"potentialAction\":[{\"@type\":\"ReadAction\",\"target\":[\"https:\\\/\\\/bien-etreiris.ch\\\/de\\\/ratgeber-klarheit-beratung\\\/natuerliche-heilmittel\\\/kranheiten-a-z\\\/magen-darm-erkrankungen\\\/magenbeschwerden\\\/\"]}]},{\"@type\":\"ImageObject\",\"inLanguage\":\"de\",\"@id\":\"https:\\\/\\\/bien-etreiris.ch\\\/de\\\/ratgeber-klarheit-beratung\\\/natuerliche-heilmittel\\\/kranheiten-a-z\\\/magen-darm-erkrankungen\\\/magenbeschwerden\\\/#primaryimage\",\"url\":\"https:\\\/\\\/bien-etreiris.ch\\\/wp-content\\\/uploads\\\/2024\\\/12\\\/acceuil-troubles-gastriques.jpg\",\"contentUrl\":\"https:\\\/\\\/bien-etreiris.ch\\\/wp-content\\\/uploads\\\/2024\\\/12\\\/acceuil-troubles-gastriques.jpg\",\"width\":500,\"height\":333},{\"@type\":\"BreadcrumbList\",\"@id\":\"https:\\\/\\\/bien-etreiris.ch\\\/de\\\/ratgeber-klarheit-beratung\\\/natuerliche-heilmittel\\\/kranheiten-a-z\\\/magen-darm-erkrankungen\\\/magenbeschwerden\\\/#breadcrumb\",\"itemListElement\":[{\"@type\":\"ListItem\",\"position\":1,\"name\":\"Home\",\"item\":\"https:\\\/\\\/bien-etreiris.ch\\\/de\\\/\"},{\"@type\":\"ListItem\",\"position\":2,\"name\":\"RATGEBER &#038; KLARHEIT\",\"item\":\"https:\\\/\\\/bien-etreiris.ch\\\/de\\\/ratgeber-klarheit-beratung\\\/\"},{\"@type\":\"ListItem\",\"position\":3,\"name\":\"NAT\u00dcRLICHE SUBSTANZEN\",\"item\":\"https:\\\/\\\/bien-etreiris.ch\\\/de\\\/ratgeber-klarheit-beratung\\\/natuerliche-heilmittel\\\/\"},{\"@type\":\"ListItem\",\"position\":4,\"name\":\"KRANKHEITEN A &#8211; Z\",\"item\":\"https:\\\/\\\/bien-etreiris.ch\\\/de\\\/ratgeber-klarheit-beratung\\\/natuerliche-heilmittel\\\/kranheiten-a-z\\\/\"},{\"@type\":\"ListItem\",\"position\":5,\"name\":\"MAGEN &#8211; DARM&#8230;\",\"item\":\"https:\\\/\\\/bien-etreiris.ch\\\/de\\\/ratgeber-klarheit-beratung\\\/natuerliche-heilmittel\\\/kranheiten-a-z\\\/magen-darm-erkrankungen\\\/\"},{\"@type\":\"ListItem\",\"position\":6,\"name\":\"MAGENBESCHWERDEN\"}]},{\"@type\":\"WebSite\",\"@id\":\"https:\\\/\\\/bien-etreiris.ch\\\/de\\\/#website\",\"url\":\"https:\\\/\\\/bien-etreiris.ch\\\/de\\\/\",\"name\":\"Bien-\u00eatre Iris\",\"description\":\"IHRE Gesundheit ist uns wichtig\",\"potentialAction\":[{\"@type\":\"SearchAction\",\"target\":{\"@type\":\"EntryPoint\",\"urlTemplate\":\"https:\\\/\\\/bien-etreiris.ch\\\/de\\\/?s={search_term_string}\"},\"query-input\":{\"@type\":\"PropertyValueSpecification\",\"valueRequired\":true,\"valueName\":\"search_term_string\"}}],\"inLanguage\":\"de\"}]}<\/script>\n<!-- \/ Yoast SEO plugin. -->","yoast_head_json":{"title":"MAGENBESCHWERDEN - WOHLBEFINDEN","robots":{"index":"index","follow":"follow","max-snippet":"max-snippet:-1","max-image-preview":"max-image-preview:large","max-video-preview":"max-video-preview:-1"},"canonical":"https:\/\/bien-etreiris.ch\/de\/ratgeber-klarheit-beratung\/natuerliche-heilmittel\/kranheiten-a-z\/magen-darm-erkrankungen\/magenbeschwerden\/","og_locale":"de_DE","og_type":"article","og_title":"MAGENBESCHWERDEN - WOHLBEFINDEN","og_description":"Magenbeschwerden Magenbeschwerden k\u00f6nnen ein unangenehmes und belastendes Problem sein. Wir bieten Ihnen fundierte Informationen zu Symptomen wie Sodbrennen, \u00dcbelkeit und Magenschmerzen sowie Tipps zur Linderung und Vorbeugung. Entdecken Sie nat\u00fcrliche Hausmittel, eine ausgewogene Ern\u00e4hrung und andere effektive Massnahmen, um Ihre Magengesundheit zu verbessern.","og_url":"https:\/\/bien-etreiris.ch\/de\/ratgeber-klarheit-beratung\/natuerliche-heilmittel\/kranheiten-a-z\/magen-darm-erkrankungen\/magenbeschwerden\/","og_site_name":"WOHLBEFINDEN","article_publisher":"https:\/\/www.facebook.com\/bienetreiris\/","article_modified_time":"2024-11-30T23:54:10+00:00","og_image":[{"width":500,"height":333,"url":"https:\/\/bien-etreiris.ch\/wp-content\/uploads\/2024\/12\/acceuil-troubles-gastriques.jpg","type":"image\/jpeg"}],"twitter_misc":{"Gesch\u00e4tzte Lesezeit":"1\u00a0Minute"},"schema":{"@context":"https:\/\/schema.org","@graph":[{"@type":"WebPage","@id":"https:\/\/bien-etreiris.ch\/de\/ratgeber-klarheit-beratung\/natuerliche-heilmittel\/kranheiten-a-z\/magen-darm-erkrankungen\/magenbeschwerden\/","url":"https:\/\/bien-etreiris.ch\/de\/ratgeber-klarheit-beratung\/natuerliche-heilmittel\/kranheiten-a-z\/magen-darm-erkrankungen\/magenbeschwerden\/","name":"MAGENBESCHWERDEN - WOHLBEFINDEN","isPartOf":{"@id":"https:\/\/bien-etreiris.ch\/de\/#website"},"primaryImageOfPage":{"@id":"https:\/\/bien-etreiris.ch\/de\/ratgeber-klarheit-beratung\/natuerliche-heilmittel\/kranheiten-a-z\/magen-darm-erkrankungen\/magenbeschwerden\/#primaryimage"},"image":{"@id":"https:\/\/bien-etreiris.ch\/de\/ratgeber-klarheit-beratung\/natuerliche-heilmittel\/kranheiten-a-z\/magen-darm-erkrankungen\/magenbeschwerden\/#primaryimage"},"thumbnailUrl":"https:\/\/bien-etreiris.ch\/wp-content\/uploads\/2024\/12\/acceuil-troubles-gastriques.jpg","datePublished":"2024-11-30T23:51:44+00:00","dateModified":"2024-11-30T23:54:10+00:00","breadcrumb":{"@id":"https:\/\/bien-etreiris.ch\/de\/ratgeber-klarheit-beratung\/natuerliche-heilmittel\/kranheiten-a-z\/magen-darm-erkrankungen\/magenbeschwerden\/#breadcrumb"},"inLanguage":"de","potentialAction":[{"@type":"ReadAction","target":["https:\/\/bien-etreiris.ch\/de\/ratgeber-klarheit-beratung\/natuerliche-heilmittel\/kranheiten-a-z\/magen-darm-erkrankungen\/magenbeschwerden\/"]}]},{"@type":"ImageObject","inLanguage":"de","@id":"https:\/\/bien-etreiris.ch\/de\/ratgeber-klarheit-beratung\/natuerliche-heilmittel\/kranheiten-a-z\/magen-darm-erkrankungen\/magenbeschwerden\/#primaryimage","url":"https:\/\/bien-etreiris.ch\/wp-content\/uploads\/2024\/12\/acceuil-troubles-gastriques.jpg","contentUrl":"https:\/\/bien-etreiris.ch\/wp-content\/uploads\/2024\/12\/acceuil-troubles-gastriques.jpg","width":500,"height":333},{"@type":"BreadcrumbList","@id":"https:\/\/bien-etreiris.ch\/de\/ratgeber-klarheit-beratung\/natuerliche-heilmittel\/kranheiten-a-z\/magen-darm-erkrankungen\/magenbeschwerden\/#breadcrumb","itemListElement":[{"@type":"ListItem","position":1,"name":"Home","item":"https:\/\/bien-etreiris.ch\/de\/"},{"@type":"ListItem","position":2,"name":"RATGEBER &#038; KLARHEIT","item":"https:\/\/bien-etreiris.ch\/de\/ratgeber-klarheit-beratung\/"},{"@type":"ListItem","position":3,"name":"NAT\u00dcRLICHE SUBSTANZEN","item":"https:\/\/bien-etreiris.ch\/de\/ratgeber-klarheit-beratung\/natuerliche-heilmittel\/"},{"@type":"ListItem","position":4,"name":"KRANKHEITEN A &#8211; Z","item":"https:\/\/bien-etreiris.ch\/de\/ratgeber-klarheit-beratung\/natuerliche-heilmittel\/kranheiten-a-z\/"},{"@type":"ListItem","position":5,"name":"MAGEN &#8211; DARM&#8230;","item":"https:\/\/bien-etreiris.ch\/de\/ratgeber-klarheit-beratung\/natuerliche-heilmittel\/kranheiten-a-z\/magen-darm-erkrankungen\/"},{"@type":"ListItem","position":6,"name":"MAGENBESCHWERDEN"}]},{"@type":"WebSite","@id":"https:\/\/bien-etreiris.ch\/de\/#website","url":"https:\/\/bien-etreiris.ch\/de\/","name":"Bien-\u00eatre Iris","description":"IHRE Gesundheit ist uns wichtig","potentialAction":[{"@type":"SearchAction","target":{"@type":"EntryPoint","urlTemplate":"https:\/\/bien-etreiris.ch\/de\/?s={search_term_string}"},"query-input":{"@type":"PropertyValueSpecification","valueRequired":true,"valueName":"search_term_string"}}],"inLanguage":"de"}]}},"_links":{"self":[{"href":"https:\/\/bien-etreiris.ch\/de\/wp-json\/wp\/v2\/pages\/93211","targetHints":{"allow":["GET"]}}],"collection":[{"href":"https:\/\/bien-etreiris.ch\/de\/wp-json\/wp\/v2\/pages"}],"about":[{"href":"https:\/\/bien-etreiris.ch\/de\/wp-json\/wp\/v2\/types\/page"}],"author":[{"embeddable":true,"href":"https:\/\/bien-etreiris.ch\/de\/wp-json\/wp\/v2\/users\/1"}],"replies":[{"embeddable":true,"href":"https:\/\/bien-etreiris.ch\/de\/wp-json\/wp\/v2\/comments?post=93211"}],"version-history":[{"count":3,"href":"https:\/\/bien-etreiris.ch\/de\/wp-json\/wp\/v2\/pages\/93211\/revisions"}],"predecessor-version":[{"id":93215,"href":"https:\/\/bien-etreiris.ch\/de\/wp-json\/wp\/v2\/pages\/93211\/revisions\/93215"}],"up":[{"embeddable":true,"href":"https:\/\/bien-etreiris.ch\/de\/wp-json\/wp\/v2\/pages\/71294"}],"wp:featuredmedia":[{"embeddable":true,"href":"https:\/\/bien-etreiris.ch\/de\/wp-json\/wp\/v2\/media\/93208"}],"wp:attachment":[{"href":"https:\/\/bien-etreiris.ch\/de\/wp-json\/wp\/v2\/media?parent=93211"}],"curies":[{"name":"wp","href":"https:\/\/api.w.org\/{rel}","templated":true}]}}