{"id":93171,"date":"2024-12-01T01:17:41","date_gmt":"2024-11-30T23:17:41","guid":{"rendered":"https:\/\/bien-etreiris.ch\/ratgeber-klarheit-beratung\/lebensberatung\/abnehmen\/apercu\/"},"modified":"2024-12-01T01:19:27","modified_gmt":"2024-11-30T23:19:27","slug":"uebersicht","status":"publish","type":"page","link":"https:\/\/bien-etreiris.ch\/de\/ratgeber-klarheit-beratung\/lebensberatung\/abnehmen\/uebersicht\/","title":{"rendered":"\u00dcBERSICHT"},"content":{"rendered":"<h2 class=\"font-semibold\">Abnehmen \u00dcbersicht<\/h2>\n<div class=\"mt-2 category-teaser\">\n<p>Gewichtsverlust kann Ihre Gesundheit und Ihr Wohlbefinden erheblich verbessern. Mit einer ausgewogenen Ern\u00e4hrung und regelm\u00e4ssiger Bewegung k\u00f6nnen Sie effektiv abnehmen und sich ges\u00fcnder f\u00fchlen. Wir unterst\u00fctzen Sie auf Ihrem Weg mit wissenschaftlichen Fakten und ganzheitlichen Ratschl\u00e4gen.<\/p>\n<\/div>\n","protected":false},"excerpt":{"rendered":"<p>Abnehmen \u00dcbersicht Gewichtsverlust kann Ihre Gesundheit und Ihr Wohlbefinden erheblich verbessern. Mit einer ausgewogenen Ern\u00e4hrung und regelm\u00e4ssiger Bewegung k\u00f6nnen Sie effektiv abnehmen und sich ges\u00fcnder f\u00fchlen. Wir unterst\u00fctzen Sie auf Ihrem Weg mit wissenschaftlichen Fakten und ganzheitlichen Ratschl\u00e4gen.<\/p>\n","protected":false},"author":1,"featured_media":55728,"parent":93160,"menu_order":834,"comment_status":"closed","ping_status":"closed","template":"page-with-child.php","meta":{"_acf_changed":false,"ngg_post_thumbnail":0,"footnotes":""},"class_list":["post-93171","page","type-page","status-publish","has-post-thumbnail","hentry"],"acf":[],"yoast_head":"<!-- This site is optimized with the Yoast SEO plugin v27.5 - https:\/\/yoast.com\/product\/yoast-seo-wordpress\/ -->\n<title>\u00dcBERSICHT - WOHLBEFINDEN<\/title>\n<meta name=\"robots\" content=\"index, follow, max-snippet:-1, max-image-preview:large, max-video-preview:-1\" \/>\n<link rel=\"canonical\" href=\"https:\/\/bien-etreiris.ch\/de\/ratgeber-klarheit-beratung\/lebensberatung\/abnehmen\/uebersicht\/\" \/>\n<meta property=\"og:locale\" content=\"de_DE\" \/>\n<meta property=\"og:type\" content=\"article\" \/>\n<meta property=\"og:title\" content=\"\u00dcBERSICHT - WOHLBEFINDEN\" \/>\n<meta property=\"og:description\" content=\"Abnehmen \u00dcbersicht Gewichtsverlust kann Ihre Gesundheit und Ihr Wohlbefinden erheblich verbessern. Mit einer ausgewogenen Ern\u00e4hrung und regelm\u00e4ssiger Bewegung k\u00f6nnen Sie effektiv abnehmen und sich ges\u00fcnder f\u00fchlen. Wir unterst\u00fctzen Sie auf Ihrem Weg mit wissenschaftlichen Fakten und ganzheitlichen Ratschl\u00e4gen.\" \/>\n<meta property=\"og:url\" content=\"https:\/\/bien-etreiris.ch\/de\/ratgeber-klarheit-beratung\/lebensberatung\/abnehmen\/uebersicht\/\" \/>\n<meta property=\"og:site_name\" content=\"WOHLBEFINDEN\" \/>\n<meta property=\"article:publisher\" content=\"https:\/\/www.facebook.com\/bienetreiris\/\" \/>\n<meta property=\"article:modified_time\" content=\"2024-11-30T23:19:27+00:00\" \/>\n<meta property=\"og:image\" content=\"https:\/\/bien-etreiris.ch\/wp-content\/uploads\/2022\/05\/Acceuil.jpg\" \/>\n\t<meta property=\"og:image:width\" content=\"500\" \/>\n\t<meta property=\"og:image:height\" content=\"332\" \/>\n\t<meta property=\"og:image:type\" content=\"image\/jpeg\" \/>\n<meta name=\"twitter:label1\" content=\"Gesch\u00e4tzte Lesezeit\" \/>\n\t<meta name=\"twitter:data1\" content=\"1\u00a0Minute\" \/>\n<script type=\"application\/ld+json\" class=\"yoast-schema-graph\">{\"@context\":\"https:\\\/\\\/schema.org\",\"@graph\":[{\"@type\":\"WebPage\",\"@id\":\"https:\\\/\\\/bien-etreiris.ch\\\/de\\\/ratgeber-klarheit-beratung\\\/lebensberatung\\\/abnehmen\\\/uebersicht\\\/\",\"url\":\"https:\\\/\\\/bien-etreiris.ch\\\/de\\\/ratgeber-klarheit-beratung\\\/lebensberatung\\\/abnehmen\\\/uebersicht\\\/\",\"name\":\"\u00dcBERSICHT - WOHLBEFINDEN\",\"isPartOf\":{\"@id\":\"https:\\\/\\\/bien-etreiris.ch\\\/de\\\/#website\"},\"primaryImageOfPage\":{\"@id\":\"https:\\\/\\\/bien-etreiris.ch\\\/de\\\/ratgeber-klarheit-beratung\\\/lebensberatung\\\/abnehmen\\\/uebersicht\\\/#primaryimage\"},\"image\":{\"@id\":\"https:\\\/\\\/bien-etreiris.ch\\\/de\\\/ratgeber-klarheit-beratung\\\/lebensberatung\\\/abnehmen\\\/uebersicht\\\/#primaryimage\"},\"thumbnailUrl\":\"https:\\\/\\\/bien-etreiris.ch\\\/wp-content\\\/uploads\\\/2022\\\/05\\\/Acceuil.jpg\",\"datePublished\":\"2024-11-30T23:17:41+00:00\",\"dateModified\":\"2024-11-30T23:19:27+00:00\",\"breadcrumb\":{\"@id\":\"https:\\\/\\\/bien-etreiris.ch\\\/de\\\/ratgeber-klarheit-beratung\\\/lebensberatung\\\/abnehmen\\\/uebersicht\\\/#breadcrumb\"},\"inLanguage\":\"de\",\"potentialAction\":[{\"@type\":\"ReadAction\",\"target\":[\"https:\\\/\\\/bien-etreiris.ch\\\/de\\\/ratgeber-klarheit-beratung\\\/lebensberatung\\\/abnehmen\\\/uebersicht\\\/\"]}]},{\"@type\":\"ImageObject\",\"inLanguage\":\"de\",\"@id\":\"https:\\\/\\\/bien-etreiris.ch\\\/de\\\/ratgeber-klarheit-beratung\\\/lebensberatung\\\/abnehmen\\\/uebersicht\\\/#primaryimage\",\"url\":\"https:\\\/\\\/bien-etreiris.ch\\\/wp-content\\\/uploads\\\/2022\\\/05\\\/Acceuil.jpg\",\"contentUrl\":\"https:\\\/\\\/bien-etreiris.ch\\\/wp-content\\\/uploads\\\/2022\\\/05\\\/Acceuil.jpg\",\"width\":500,\"height\":332},{\"@type\":\"BreadcrumbList\",\"@id\":\"https:\\\/\\\/bien-etreiris.ch\\\/de\\\/ratgeber-klarheit-beratung\\\/lebensberatung\\\/abnehmen\\\/uebersicht\\\/#breadcrumb\",\"itemListElement\":[{\"@type\":\"ListItem\",\"position\":1,\"name\":\"Home\",\"item\":\"https:\\\/\\\/bien-etreiris.ch\\\/de\\\/\"},{\"@type\":\"ListItem\",\"position\":2,\"name\":\"RATGEBER &#038; KLARHEIT\",\"item\":\"https:\\\/\\\/bien-etreiris.ch\\\/de\\\/ratgeber-klarheit-beratung\\\/\"},{\"@type\":\"ListItem\",\"position\":3,\"name\":\"LEBENSBERATUNG\",\"item\":\"https:\\\/\\\/bien-etreiris.ch\\\/de\\\/ratgeber-klarheit-beratung\\\/lebensberatung\\\/\"},{\"@type\":\"ListItem\",\"position\":4,\"name\":\"ABNEHMEN\",\"item\":\"https:\\\/\\\/bien-etreiris.ch\\\/de\\\/ratgeber-klarheit-beratung\\\/lebensberatung\\\/abnehmen\\\/\"},{\"@type\":\"ListItem\",\"position\":5,\"name\":\"\u00dcBERSICHT\"}]},{\"@type\":\"WebSite\",\"@id\":\"https:\\\/\\\/bien-etreiris.ch\\\/de\\\/#website\",\"url\":\"https:\\\/\\\/bien-etreiris.ch\\\/de\\\/\",\"name\":\"Bien-\u00eatre Iris\",\"description\":\"IHRE Gesundheit ist uns wichtig\",\"potentialAction\":[{\"@type\":\"SearchAction\",\"target\":{\"@type\":\"EntryPoint\",\"urlTemplate\":\"https:\\\/\\\/bien-etreiris.ch\\\/de\\\/?s={search_term_string}\"},\"query-input\":{\"@type\":\"PropertyValueSpecification\",\"valueRequired\":true,\"valueName\":\"search_term_string\"}}],\"inLanguage\":\"de\"}]}<\/script>\n<!-- \/ Yoast SEO plugin. -->","yoast_head_json":{"title":"\u00dcBERSICHT - WOHLBEFINDEN","robots":{"index":"index","follow":"follow","max-snippet":"max-snippet:-1","max-image-preview":"max-image-preview:large","max-video-preview":"max-video-preview:-1"},"canonical":"https:\/\/bien-etreiris.ch\/de\/ratgeber-klarheit-beratung\/lebensberatung\/abnehmen\/uebersicht\/","og_locale":"de_DE","og_type":"article","og_title":"\u00dcBERSICHT - WOHLBEFINDEN","og_description":"Abnehmen \u00dcbersicht Gewichtsverlust kann Ihre Gesundheit und Ihr Wohlbefinden erheblich verbessern. Mit einer ausgewogenen Ern\u00e4hrung und regelm\u00e4ssiger Bewegung k\u00f6nnen Sie effektiv abnehmen und sich ges\u00fcnder f\u00fchlen. Wir unterst\u00fctzen Sie auf Ihrem Weg mit wissenschaftlichen Fakten und ganzheitlichen Ratschl\u00e4gen.","og_url":"https:\/\/bien-etreiris.ch\/de\/ratgeber-klarheit-beratung\/lebensberatung\/abnehmen\/uebersicht\/","og_site_name":"WOHLBEFINDEN","article_publisher":"https:\/\/www.facebook.com\/bienetreiris\/","article_modified_time":"2024-11-30T23:19:27+00:00","og_image":[{"width":500,"height":332,"url":"https:\/\/bien-etreiris.ch\/wp-content\/uploads\/2022\/05\/Acceuil.jpg","type":"image\/jpeg"}],"twitter_misc":{"Gesch\u00e4tzte Lesezeit":"1\u00a0Minute"},"schema":{"@context":"https:\/\/schema.org","@graph":[{"@type":"WebPage","@id":"https:\/\/bien-etreiris.ch\/de\/ratgeber-klarheit-beratung\/lebensberatung\/abnehmen\/uebersicht\/","url":"https:\/\/bien-etreiris.ch\/de\/ratgeber-klarheit-beratung\/lebensberatung\/abnehmen\/uebersicht\/","name":"\u00dcBERSICHT - WOHLBEFINDEN","isPartOf":{"@id":"https:\/\/bien-etreiris.ch\/de\/#website"},"primaryImageOfPage":{"@id":"https:\/\/bien-etreiris.ch\/de\/ratgeber-klarheit-beratung\/lebensberatung\/abnehmen\/uebersicht\/#primaryimage"},"image":{"@id":"https:\/\/bien-etreiris.ch\/de\/ratgeber-klarheit-beratung\/lebensberatung\/abnehmen\/uebersicht\/#primaryimage"},"thumbnailUrl":"https:\/\/bien-etreiris.ch\/wp-content\/uploads\/2022\/05\/Acceuil.jpg","datePublished":"2024-11-30T23:17:41+00:00","dateModified":"2024-11-30T23:19:27+00:00","breadcrumb":{"@id":"https:\/\/bien-etreiris.ch\/de\/ratgeber-klarheit-beratung\/lebensberatung\/abnehmen\/uebersicht\/#breadcrumb"},"inLanguage":"de","potentialAction":[{"@type":"ReadAction","target":["https:\/\/bien-etreiris.ch\/de\/ratgeber-klarheit-beratung\/lebensberatung\/abnehmen\/uebersicht\/"]}]},{"@type":"ImageObject","inLanguage":"de","@id":"https:\/\/bien-etreiris.ch\/de\/ratgeber-klarheit-beratung\/lebensberatung\/abnehmen\/uebersicht\/#primaryimage","url":"https:\/\/bien-etreiris.ch\/wp-content\/uploads\/2022\/05\/Acceuil.jpg","contentUrl":"https:\/\/bien-etreiris.ch\/wp-content\/uploads\/2022\/05\/Acceuil.jpg","width":500,"height":332},{"@type":"BreadcrumbList","@id":"https:\/\/bien-etreiris.ch\/de\/ratgeber-klarheit-beratung\/lebensberatung\/abnehmen\/uebersicht\/#breadcrumb","itemListElement":[{"@type":"ListItem","position":1,"name":"Home","item":"https:\/\/bien-etreiris.ch\/de\/"},{"@type":"ListItem","position":2,"name":"RATGEBER &#038; KLARHEIT","item":"https:\/\/bien-etreiris.ch\/de\/ratgeber-klarheit-beratung\/"},{"@type":"ListItem","position":3,"name":"LEBENSBERATUNG","item":"https:\/\/bien-etreiris.ch\/de\/ratgeber-klarheit-beratung\/lebensberatung\/"},{"@type":"ListItem","position":4,"name":"ABNEHMEN","item":"https:\/\/bien-etreiris.ch\/de\/ratgeber-klarheit-beratung\/lebensberatung\/abnehmen\/"},{"@type":"ListItem","position":5,"name":"\u00dcBERSICHT"}]},{"@type":"WebSite","@id":"https:\/\/bien-etreiris.ch\/de\/#website","url":"https:\/\/bien-etreiris.ch\/de\/","name":"Bien-\u00eatre Iris","description":"IHRE Gesundheit ist uns wichtig","potentialAction":[{"@type":"SearchAction","target":{"@type":"EntryPoint","urlTemplate":"https:\/\/bien-etreiris.ch\/de\/?s={search_term_string}"},"query-input":{"@type":"PropertyValueSpecification","valueRequired":true,"valueName":"search_term_string"}}],"inLanguage":"de"}]}},"_links":{"self":[{"href":"https:\/\/bien-etreiris.ch\/de\/wp-json\/wp\/v2\/pages\/93171","targetHints":{"allow":["GET"]}}],"collection":[{"href":"https:\/\/bien-etreiris.ch\/de\/wp-json\/wp\/v2\/pages"}],"about":[{"href":"https:\/\/bien-etreiris.ch\/de\/wp-json\/wp\/v2\/types\/page"}],"author":[{"embeddable":true,"href":"https:\/\/bien-etreiris.ch\/de\/wp-json\/wp\/v2\/users\/1"}],"replies":[{"embeddable":true,"href":"https:\/\/bien-etreiris.ch\/de\/wp-json\/wp\/v2\/comments?post=93171"}],"version-history":[{"count":2,"href":"https:\/\/bien-etreiris.ch\/de\/wp-json\/wp\/v2\/pages\/93171\/revisions"}],"predecessor-version":[{"id":93174,"href":"https:\/\/bien-etreiris.ch\/de\/wp-json\/wp\/v2\/pages\/93171\/revisions\/93174"}],"up":[{"embeddable":true,"href":"https:\/\/bien-etreiris.ch\/de\/wp-json\/wp\/v2\/pages\/93160"}],"wp:featuredmedia":[{"embeddable":true,"href":"https:\/\/bien-etreiris.ch\/de\/wp-json\/wp\/v2\/media\/55728"}],"wp:attachment":[{"href":"https:\/\/bien-etreiris.ch\/de\/wp-json\/wp\/v2\/media?parent=93171"}],"curies":[{"name":"wp","href":"https:\/\/api.w.org\/{rel}","templated":true}]}}