{"id":92905,"date":"2024-11-30T10:25:27","date_gmt":"2024-11-30T08:25:27","guid":{"rendered":"https:\/\/bien-etreiris.ch\/naturcanin\/"},"modified":"2025-02-16T15:55:58","modified_gmt":"2025-02-16T13:55:58","slug":"naturcanin","status":"publish","type":"page","link":"https:\/\/bien-etreiris.ch\/de\/unsere-marken\/naturcanin\/","title":{"rendered":"NATURCANIN"},"content":{"rendered":"\n<h2>Naturcanin pour le bien-\u00eatre de votre compagnon \u00e0 quatre pattes<\/h2>\n\n\n\n<h4>Nous vous aidons \u00e0 trouver une alimentation \u00e9quilibr\u00e9e<\/h4>\n<p>Naturcanin a \u00e9t\u00e9 d\u00e9velopp\u00e9 dans le but de vous aider \u00e0 assurer le bien-\u00eatre psychophysique de votre compagnon \u00e0 quatre pattes. En plus de produits 100 % naturels pour une alimentation \u00e9quilibr\u00e9e, Naturcanin vous aide \u00e0 pr\u00e9venir et \u00e0 gu\u00e9rir les maladies gr\u00e2ce \u00e0 des produits \u00e0 base de fleurs, d'herbes et d'huiles.<\/p>\n<p>&nbsp;<\/p>\n<p>&nbsp;<\/p>\n<p><img loading=\"lazy\" decoding=\"async\" class=\"wp-image-92897 alignleft\" src=\"https:\/\/bien-etreiris.ch\/wp-content\/uploads\/2024\/11\/barf.jpg\" alt=\"\" width=\"398\" height=\"265\" srcset=\"https:\/\/bien-etreiris.ch\/wp-content\/uploads\/2024\/11\/barf.jpg 500w, https:\/\/bien-etreiris.ch\/wp-content\/uploads\/2024\/11\/barf-300x200.jpg 300w\" sizes=\"auto, (max-width: 398px) 100vw, 398px\" \/><\/p>\n<p>&nbsp;<\/p>\n<h2>&nbsp;<\/h2>\n<h2>&nbsp;<\/h2>\n<h2>&nbsp;<\/h2>\n<h2>&nbsp;<\/h2>\n<h2>&nbsp;<\/h2>\n<h2>&nbsp;<\/h2>\n<h2>Qu'est-ce que l'alimentation BARF ?<\/h2>\n<p>Le nom de ce r\u00e9gime provient de l'abr\u00e9viation \u00ab Biologisch angemessene Rohkost \u00bb (aliments crus biologiques adapt\u00e9s). Comme son nom l'indique, ce r\u00e9gime consiste \u00e0 nourrir nos amis \u00e0 fourrure avec des aliments crus, avec de la viande de diff\u00e9rents animaux tels que le porc, le b\u0153uf, le poulet, le saumon, etc. Dans la composition du menu, on trouve \u00e9galement d'autres produits tels que des os de viande, des organes, des abats, des fruits et des l\u00e9gumes. Le plus important dans ce type d'alimentation est que la nourriture de nos animaux de compagnie soit exempte de conservateurs, de colorants et de toutes sortes d'additifs qui sont normalement contenus dans les aliments transform\u00e9s. De plus, la nourriture ne perd pas ses propri\u00e9t\u00e9s et ses nutriments lorsqu'elle est consomm\u00e9e crue.<\/p>\n<p>&nbsp;<\/p>\n<p>&nbsp;<\/p>\n<p>&nbsp;<\/p>\n<h4>LA PHYTOTH\u00c9RAPIE SOIGNE VOTRE CHIEN AVEC DES PRODUITS NATURELS<\/h4>\n<p>La phytoth\u00e9rapie vous permet d'assurer le bien-\u00eatre physique et mental de votre chien gr\u00e2ce \u00e0 l'utilisation de produits 100 % naturels, sans additifs ni conservateurs.<\/p>\n<p>&nbsp;<\/p>\n<h5><img loading=\"lazy\" decoding=\"async\" class=\"wp-image-92894 alignleft\" src=\"https:\/\/bien-etreiris.ch\/wp-content\/uploads\/2024\/11\/naurcanin-Phyto.jpg\" alt=\"\" width=\"404\" height=\"278\" srcset=\"https:\/\/bien-etreiris.ch\/wp-content\/uploads\/2024\/11\/naurcanin-Phyto.jpg 800w, https:\/\/bien-etreiris.ch\/wp-content\/uploads\/2024\/11\/naurcanin-Phyto-300x206.jpg 300w, https:\/\/bien-etreiris.ch\/wp-content\/uploads\/2024\/11\/naurcanin-Phyto-768x528.jpg 768w\" sizes=\"auto, (max-width: 404px) 100vw, 404px\" \/><\/h5>\n<h5>&nbsp;<\/h5>\n<h5>&nbsp;<\/h5>\n<p>&nbsp;<\/p>\n<p>&nbsp;<\/p>\n<p>&nbsp;<\/p>\n<p>&nbsp;<\/p>\n<p>&nbsp;<\/p>\n<p>&nbsp;<\/p>\n<p>&nbsp;<\/p>\n<h4>Qu'est-ce que la phytoth\u00e9rapie ?<\/h4>\n<p><b>La phytoth\u00e9rapie<\/b> est l'utilisation de plantes ou d'extraits de plantes pour traiter des maladies ou pour maintenir le bien-\u00eatre psychophysique.<\/p>\n<p>Chez Naturcanin, nous avons d\u00e9velopp\u00e9 7 r\u00e9f\u00e9rences de produits th\u00e9rapeutiques diff\u00e9rents dans le but de soulager les sympt\u00f4mes, de pr\u00e9venir les maladies et de maintenir la sant\u00e9 de votre chien.<\/p>\n<p>Les plantes que nous utilisons pour la fabrication de nos produits sont de qualit\u00e9 humaine, 100 % naturelles et sans additifs ni conservateurs.<\/p>\n<p>&nbsp;<\/p>\n<p>&nbsp;<\/p>\n<p>&nbsp;<\/p>\n<p>&nbsp;<\/p>\n<p><img loading=\"lazy\" decoding=\"async\" class=\"wp-image-92900 alignright\" src=\"https:\/\/bien-etreiris.ch\/wp-content\/uploads\/2024\/11\/huiles.jpg\" alt=\"\" width=\"398\" height=\"265\" srcset=\"https:\/\/bien-etreiris.ch\/wp-content\/uploads\/2024\/11\/huiles.jpg 500w, https:\/\/bien-etreiris.ch\/wp-content\/uploads\/2024\/11\/huiles-300x200.jpg 300w\" sizes=\"auto, (max-width: 398px) 100vw, 398px\" \/><\/p>\n<h4>Nos huiles sp\u00e9ciales pour vos compagnons \u00e0 quatre pattes<\/h4>\n<p>Source d'acides gras OMEGA 3 et OMEGA 6, riche en EPA et DHA<\/p>\n<p>(acides gras sains pr\u00e9sents dans le poisson et les crustac\u00e9s).<\/p>\n<p>Teneur \u00e9lev\u00e9e en min\u00e9raux. Utile pendant la grossesse pour le d\u00e9veloppement<\/p>\n<p>mental du f\u0153tus. Apporte \u00e9nergie et force (bon pour les chiens faibles, malades,<\/p>\n<p>chiots et chats). R\u00e9gule le taux de cholest\u00e9rol, diminue les triglyc\u00e9rides et la tension art\u00e9rielle.<\/p>\n<p>R\u00e9gule le syst\u00e8me immunitaire. R\u00e9duit les risques cardiovasculaires.<\/p>\n<p>&nbsp;<\/p>\n<h2>NOS PRODUITS<\/h2>\n<h2><a href=\"https:\/\/bien-etreiris.ch\/de\/produktpraesentation\/zoom-die-welt-der-tiere\/nutrition-animale\/snacks\/\" target=\"_blank\" rel=\"noopener\"><em>SNACK<\/em><\/a><\/h2>\n<p>Anchois<\/p>\n<p>Chips de thon<\/p>\n<p>C\u00f4te de agneau<\/p>\n<p>Foie de boeuf<\/p>\n<p>Langue de b\u0153uf<\/p>\n<p>\u0152sophage de b\u0153uf<\/p>\n<p>Oreilles de agneau avec poil<\/p>\n<p>Oreilles de b\u0153uf<\/p>\n<p>Pattes de lapin avec fourrure<\/p>\n<p>Pattes de porc<\/p>\n<p>Peau de nuque de b\u0153uf \u00e0 poil<\/p>\n<p>Peau de nuque de b\u0153uf sans poil<\/p>\n<p>Pieds de poules<\/p>\n<p>Poumon de b\u0153uf<\/p>\n<p>Queue de b\u0153uf<\/p>\n<p>Roul\u00e9 de Saumon<\/p>\n<p>Sabot de b\u0153uf<\/p>\n<p>T\u00eate de canard<\/p>\n<p>Tranch\u00e9e de agneau<\/p>\n<p>Tranch\u00e9e de b\u0153uf (15 cm)<\/p>\n<p>Tranch\u00e9e de b\u0153uf en morceaux<\/p>\n<p>Tripes vertes de mouton<\/p>\n<p>&nbsp;<\/p>\n<h4>PYTHOTHERAPIE<\/h4>\n<h2><a href=\"https:\/\/bien-etreiris.ch\/de\/antiox\/\" target=\"_blank\" rel=\"noopener\">Antitox<\/a><\/h2>\n<h2><a href=\"https:\/\/bien-etreiris.ch\/de\/articular\/\" target=\"_blank\" rel=\"noopener\">Articular<\/a><\/h2>\n<h2><a href=\"https:\/\/bien-etreiris.ch\/de\/detox\/\" target=\"_blank\" rel=\"noopener\">DETOX<\/a><\/h2>\n<h2><a href=\"https:\/\/bien-etreiris.ch\/de\/digestivo\/\" target=\"_blank\" rel=\"noopener\">DIGESTIVO<\/a><\/h2>\n<h2><a href=\"https:\/\/bien-etreiris.ch\/de\/pelo-y-piel\/\" target=\"_blank\" rel=\"noopener\">PELO Y PIEL<\/a><\/h2>\n<h2><a href=\"https:\/\/bien-etreiris.ch\/de\/renal\/\" target=\"_blank\" rel=\"noopener\">RENAL<\/a><\/h2>\n<h2><a href=\"https:\/\/bien-etreiris.ch\/de\/senior\/\" target=\"_blank\" rel=\"noopener\">SENIOR<\/a><\/h2>\n<p>&nbsp;<\/p>\n<h4>&nbsp;<\/h4>\n<p>&nbsp;<\/p>\n<p>&nbsp;<\/p>\n<p>&nbsp;<\/p>\n<p>&nbsp;<\/p>\n<p>&nbsp;<\/p>\n<p>&nbsp;<\/p>\n<p>&nbsp;<\/p>\n<h4>&nbsp;<\/h4>\n<h4>&nbsp;<\/h4>\n<h4>&nbsp;<\/h4>\n<h4>&nbsp;<\/h4>\n<p>&nbsp;<\/p>\n<h4>&nbsp;<\/h4>\n<p>&nbsp;<\/p>\n\n\n","protected":false},"excerpt":{"rendered":"<p>Naturcanin pour le bien-\u00eatre de votre compagnon \u00e0 quatre pattes Nous vous aidons \u00e0 trouver une alimentation \u00e9quilibr\u00e9e Naturcanin a \u00e9t\u00e9 d\u00e9velopp\u00e9 dans le but de vous aider \u00e0 assurer le bien-\u00eatre psychophysique de votre compagnon \u00e0 quatre pattes. En plus de produits 100 % naturels pour une alimentation \u00e9quilibr\u00e9e, Naturcanin vous aide \u00e0 pr\u00e9venir et \u00e0 gu\u00e9rir les maladies&nbsp;<a href=\"https:\/\/bien-etreiris.ch\/de\/unsere-marken\/naturcanin\/\" class=\"read-more\">Weiter lesen<\/a><\/p>\n","protected":false},"author":1,"featured_media":92893,"parent":44406,"menu_order":907,"comment_status":"closed","ping_status":"closed","template":"page-with-child.php","meta":{"_acf_changed":false,"ngg_post_thumbnail":0,"footnotes":""},"class_list":["post-92905","page","type-page","status-publish","has-post-thumbnail","hentry"],"acf":[],"yoast_head":"<!-- This site is optimized with the Yoast SEO plugin v27.4 - https:\/\/yoast.com\/product\/yoast-seo-wordpress\/ -->\n<title>NATURCANIN - WOHLBEFINDEN<\/title>\n<meta name=\"robots\" content=\"index, follow, max-snippet:-1, max-image-preview:large, max-video-preview:-1\" \/>\n<link rel=\"canonical\" href=\"https:\/\/bien-etreiris.ch\/de\/unsere-marken\/naturcanin\/\" \/>\n<meta property=\"og:locale\" content=\"de_DE\" \/>\n<meta property=\"og:type\" content=\"article\" \/>\n<meta property=\"og:title\" content=\"NATURCANIN - WOHLBEFINDEN\" \/>\n<meta property=\"og:description\" content=\"Naturcanin pour le bien-\u00eatre de votre compagnon \u00e0 quatre pattes Nous vous aidons \u00e0 trouver une alimentation \u00e9quilibr\u00e9e Naturcanin a \u00e9t\u00e9 d\u00e9velopp\u00e9 dans le but de vous aider \u00e0 assurer le bien-\u00eatre psychophysique de votre compagnon \u00e0 quatre pattes. En plus de produits 100 % naturels pour une alimentation \u00e9quilibr\u00e9e, Naturcanin vous aide \u00e0 pr\u00e9venir et \u00e0 gu\u00e9rir les maladies&nbsp;Weiter lesen\" \/>\n<meta property=\"og:url\" content=\"https:\/\/bien-etreiris.ch\/de\/unsere-marken\/naturcanin\/\" \/>\n<meta property=\"og:site_name\" content=\"WOHLBEFINDEN\" \/>\n<meta property=\"article:publisher\" content=\"https:\/\/www.facebook.com\/bienetreiris\/\" \/>\n<meta property=\"article:modified_time\" content=\"2025-02-16T13:55:58+00:00\" \/>\n<meta property=\"og:image\" content=\"https:\/\/bien-etreiris.ch\/wp-content\/uploads\/2024\/11\/Natur-Canine.jpg\" \/>\n\t<meta property=\"og:image:width\" content=\"500\" \/>\n\t<meta property=\"og:image:height\" content=\"333\" \/>\n\t<meta property=\"og:image:type\" content=\"image\/jpeg\" \/>\n<meta name=\"twitter:label1\" content=\"Gesch\u00e4tzte Lesezeit\" \/>\n\t<meta name=\"twitter:data1\" content=\"4\u00a0Minuten\" \/>\n<script type=\"application\/ld+json\" class=\"yoast-schema-graph\">{\"@context\":\"https:\\\/\\\/schema.org\",\"@graph\":[{\"@type\":\"WebPage\",\"@id\":\"https:\\\/\\\/bien-etreiris.ch\\\/de\\\/unsere-marken\\\/naturcanin\\\/\",\"url\":\"https:\\\/\\\/bien-etreiris.ch\\\/de\\\/unsere-marken\\\/naturcanin\\\/\",\"name\":\"NATURCANIN - WOHLBEFINDEN\",\"isPartOf\":{\"@id\":\"https:\\\/\\\/bien-etreiris.ch\\\/de\\\/#website\"},\"primaryImageOfPage\":{\"@id\":\"https:\\\/\\\/bien-etreiris.ch\\\/de\\\/unsere-marken\\\/naturcanin\\\/#primaryimage\"},\"image\":{\"@id\":\"https:\\\/\\\/bien-etreiris.ch\\\/de\\\/unsere-marken\\\/naturcanin\\\/#primaryimage\"},\"thumbnailUrl\":\"https:\\\/\\\/bien-etreiris.ch\\\/wp-content\\\/uploads\\\/2024\\\/11\\\/Natur-Canine.jpg\",\"datePublished\":\"2024-11-30T08:25:27+00:00\",\"dateModified\":\"2025-02-16T13:55:58+00:00\",\"breadcrumb\":{\"@id\":\"https:\\\/\\\/bien-etreiris.ch\\\/de\\\/unsere-marken\\\/naturcanin\\\/#breadcrumb\"},\"inLanguage\":\"de\",\"potentialAction\":[{\"@type\":\"ReadAction\",\"target\":[\"https:\\\/\\\/bien-etreiris.ch\\\/de\\\/unsere-marken\\\/naturcanin\\\/\"]}]},{\"@type\":\"ImageObject\",\"inLanguage\":\"de\",\"@id\":\"https:\\\/\\\/bien-etreiris.ch\\\/de\\\/unsere-marken\\\/naturcanin\\\/#primaryimage\",\"url\":\"https:\\\/\\\/bien-etreiris.ch\\\/wp-content\\\/uploads\\\/2024\\\/11\\\/Natur-Canine.jpg\",\"contentUrl\":\"https:\\\/\\\/bien-etreiris.ch\\\/wp-content\\\/uploads\\\/2024\\\/11\\\/Natur-Canine.jpg\",\"width\":500,\"height\":333},{\"@type\":\"BreadcrumbList\",\"@id\":\"https:\\\/\\\/bien-etreiris.ch\\\/de\\\/unsere-marken\\\/naturcanin\\\/#breadcrumb\",\"itemListElement\":[{\"@type\":\"ListItem\",\"position\":1,\"name\":\"Home\",\"item\":\"https:\\\/\\\/bien-etreiris.ch\\\/de\\\/\"},{\"@type\":\"ListItem\",\"position\":2,\"name\":\"UNSERE MARKEN\",\"item\":\"https:\\\/\\\/bien-etreiris.ch\\\/de\\\/unsere-marken\\\/\"},{\"@type\":\"ListItem\",\"position\":3,\"name\":\"NATURCANIN\"}]},{\"@type\":\"WebSite\",\"@id\":\"https:\\\/\\\/bien-etreiris.ch\\\/de\\\/#website\",\"url\":\"https:\\\/\\\/bien-etreiris.ch\\\/de\\\/\",\"name\":\"Bien-\u00eatre Iris\",\"description\":\"IHRE Gesundheit ist uns wichtig\",\"potentialAction\":[{\"@type\":\"SearchAction\",\"target\":{\"@type\":\"EntryPoint\",\"urlTemplate\":\"https:\\\/\\\/bien-etreiris.ch\\\/de\\\/?s={search_term_string}\"},\"query-input\":{\"@type\":\"PropertyValueSpecification\",\"valueRequired\":true,\"valueName\":\"search_term_string\"}}],\"inLanguage\":\"de\"}]}<\/script>\n<!-- \/ Yoast SEO plugin. -->","yoast_head_json":{"title":"NATURCANIN - WOHLBEFINDEN","robots":{"index":"index","follow":"follow","max-snippet":"max-snippet:-1","max-image-preview":"max-image-preview:large","max-video-preview":"max-video-preview:-1"},"canonical":"https:\/\/bien-etreiris.ch\/de\/unsere-marken\/naturcanin\/","og_locale":"de_DE","og_type":"article","og_title":"NATURCANIN - WOHLBEFINDEN","og_description":"Naturcanin pour le bien-\u00eatre de votre compagnon \u00e0 quatre pattes Nous vous aidons \u00e0 trouver une alimentation \u00e9quilibr\u00e9e Naturcanin a \u00e9t\u00e9 d\u00e9velopp\u00e9 dans le but de vous aider \u00e0 assurer le bien-\u00eatre psychophysique de votre compagnon \u00e0 quatre pattes. En plus de produits 100 % naturels pour une alimentation \u00e9quilibr\u00e9e, Naturcanin vous aide \u00e0 pr\u00e9venir et \u00e0 gu\u00e9rir les maladies&nbsp;Weiter lesen","og_url":"https:\/\/bien-etreiris.ch\/de\/unsere-marken\/naturcanin\/","og_site_name":"WOHLBEFINDEN","article_publisher":"https:\/\/www.facebook.com\/bienetreiris\/","article_modified_time":"2025-02-16T13:55:58+00:00","og_image":[{"width":500,"height":333,"url":"https:\/\/bien-etreiris.ch\/wp-content\/uploads\/2024\/11\/Natur-Canine.jpg","type":"image\/jpeg"}],"twitter_misc":{"Gesch\u00e4tzte Lesezeit":"4\u00a0Minuten"},"schema":{"@context":"https:\/\/schema.org","@graph":[{"@type":"WebPage","@id":"https:\/\/bien-etreiris.ch\/de\/unsere-marken\/naturcanin\/","url":"https:\/\/bien-etreiris.ch\/de\/unsere-marken\/naturcanin\/","name":"NATURCANIN - WOHLBEFINDEN","isPartOf":{"@id":"https:\/\/bien-etreiris.ch\/de\/#website"},"primaryImageOfPage":{"@id":"https:\/\/bien-etreiris.ch\/de\/unsere-marken\/naturcanin\/#primaryimage"},"image":{"@id":"https:\/\/bien-etreiris.ch\/de\/unsere-marken\/naturcanin\/#primaryimage"},"thumbnailUrl":"https:\/\/bien-etreiris.ch\/wp-content\/uploads\/2024\/11\/Natur-Canine.jpg","datePublished":"2024-11-30T08:25:27+00:00","dateModified":"2025-02-16T13:55:58+00:00","breadcrumb":{"@id":"https:\/\/bien-etreiris.ch\/de\/unsere-marken\/naturcanin\/#breadcrumb"},"inLanguage":"de","potentialAction":[{"@type":"ReadAction","target":["https:\/\/bien-etreiris.ch\/de\/unsere-marken\/naturcanin\/"]}]},{"@type":"ImageObject","inLanguage":"de","@id":"https:\/\/bien-etreiris.ch\/de\/unsere-marken\/naturcanin\/#primaryimage","url":"https:\/\/bien-etreiris.ch\/wp-content\/uploads\/2024\/11\/Natur-Canine.jpg","contentUrl":"https:\/\/bien-etreiris.ch\/wp-content\/uploads\/2024\/11\/Natur-Canine.jpg","width":500,"height":333},{"@type":"BreadcrumbList","@id":"https:\/\/bien-etreiris.ch\/de\/unsere-marken\/naturcanin\/#breadcrumb","itemListElement":[{"@type":"ListItem","position":1,"name":"Home","item":"https:\/\/bien-etreiris.ch\/de\/"},{"@type":"ListItem","position":2,"name":"UNSERE MARKEN","item":"https:\/\/bien-etreiris.ch\/de\/unsere-marken\/"},{"@type":"ListItem","position":3,"name":"NATURCANIN"}]},{"@type":"WebSite","@id":"https:\/\/bien-etreiris.ch\/de\/#website","url":"https:\/\/bien-etreiris.ch\/de\/","name":"Bien-\u00eatre Iris","description":"IHRE Gesundheit ist uns wichtig","potentialAction":[{"@type":"SearchAction","target":{"@type":"EntryPoint","urlTemplate":"https:\/\/bien-etreiris.ch\/de\/?s={search_term_string}"},"query-input":{"@type":"PropertyValueSpecification","valueRequired":true,"valueName":"search_term_string"}}],"inLanguage":"de"}]}},"_links":{"self":[{"href":"https:\/\/bien-etreiris.ch\/de\/wp-json\/wp\/v2\/pages\/92905","targetHints":{"allow":["GET"]}}],"collection":[{"href":"https:\/\/bien-etreiris.ch\/de\/wp-json\/wp\/v2\/pages"}],"about":[{"href":"https:\/\/bien-etreiris.ch\/de\/wp-json\/wp\/v2\/types\/page"}],"author":[{"embeddable":true,"href":"https:\/\/bien-etreiris.ch\/de\/wp-json\/wp\/v2\/users\/1"}],"replies":[{"embeddable":true,"href":"https:\/\/bien-etreiris.ch\/de\/wp-json\/wp\/v2\/comments?post=92905"}],"version-history":[{"count":10,"href":"https:\/\/bien-etreiris.ch\/de\/wp-json\/wp\/v2\/pages\/92905\/revisions"}],"predecessor-version":[{"id":96142,"href":"https:\/\/bien-etreiris.ch\/de\/wp-json\/wp\/v2\/pages\/92905\/revisions\/96142"}],"up":[{"embeddable":true,"href":"https:\/\/bien-etreiris.ch\/de\/wp-json\/wp\/v2\/pages\/44406"}],"wp:featuredmedia":[{"embeddable":true,"href":"https:\/\/bien-etreiris.ch\/de\/wp-json\/wp\/v2\/media\/92893"}],"wp:attachment":[{"href":"https:\/\/bien-etreiris.ch\/de\/wp-json\/wp\/v2\/media?parent=92905"}],"curies":[{"name":"wp","href":"https:\/\/api.w.org\/{rel}","templated":true}]}}