{"id":92657,"date":"2024-11-21T11:37:30","date_gmt":"2024-11-21T09:37:30","guid":{"rendered":"https:\/\/bien-etreiris.ch\/ratgeber-klarheit-beratung\/gesunder-lebensstil\/naehrstoffe\/ernaehrungsformen\/low-carb\/"},"modified":"2024-11-21T11:38:35","modified_gmt":"2024-11-21T09:38:35","slug":"low-carb","status":"publish","type":"page","link":"https:\/\/bien-etreiris.ch\/de\/ratgeber-klarheit-beratung\/gesunder-lebensstil\/naehrstoffe\/ernaehrungsformen\/low-carb\/","title":{"rendered":"LOW CARB"},"content":{"rendered":"<h2 class=\"font-semibold\">Low Carb Ern\u00e4hrung<\/h2>\n<div class=\"mt-2 category-teaser\">\n<div>Die vegane Low Carb Ern\u00e4hrung kombiniert pflanzliche Lebensmittel mit einem reduzierten Kohlenhydratanteil. Sie f\u00f6rdert Gewichtsverlust, stabilen Blutzucker, ein gesundes Herz und bietet eine vielf\u00e4ltige N\u00e4hrstoffversorgung.<\/div>\n<div>&nbsp;<\/div>\n<div>Der Schl\u00fcssel liegt in der Auswahl proteinreicher pflanzlicher Lebensmittel, gesunder Fette und ballaststoffreicher Gem\u00fcsearten, w\u00e4hrend man sich bewusst f\u00fcr komplexe Kohlenhydrate und unverarbeitete Lebensmittel entscheidet. Eine ausgewogene vegane Low Carb Di\u00e4t kann langfristige gesundheitliche Vorteile bieten und das Wohlbefinden steigern.<\/div>\n<\/div>\n","protected":false},"excerpt":{"rendered":"<p>Low Carb Ern\u00e4hrung Die vegane Low Carb Ern\u00e4hrung kombiniert pflanzliche Lebensmittel mit einem reduzierten Kohlenhydratanteil. Sie f\u00f6rdert Gewichtsverlust, stabilen Blutzucker, ein gesundes Herz und bietet eine vielf\u00e4ltige N\u00e4hrstoffversorgung. &nbsp; Der Schl\u00fcssel liegt in der Auswahl proteinreicher pflanzlicher Lebensmittel, gesunder Fette und ballaststoffreicher Gem\u00fcsearten, w\u00e4hrend man sich bewusst f\u00fcr komplexe Kohlenhydrate und unverarbeitete Lebensmittel entscheidet. Eine ausgewogene vegane Low Carb Di\u00e4t&nbsp;<a href=\"https:\/\/bien-etreiris.ch\/de\/ratgeber-klarheit-beratung\/gesunder-lebensstil\/naehrstoffe\/ernaehrungsformen\/low-carb\/\" class=\"read-more\">Weiter lesen<\/a><\/p>\n","protected":false},"author":1,"featured_media":92654,"parent":80105,"menu_order":955,"comment_status":"closed","ping_status":"closed","template":"page-with-child.php","meta":{"_acf_changed":false,"ngg_post_thumbnail":0,"footnotes":""},"class_list":["post-92657","page","type-page","status-publish","has-post-thumbnail","hentry"],"acf":[],"yoast_head":"<!-- This site is optimized with the Yoast SEO plugin v27.6 - https:\/\/yoast.com\/product\/yoast-seo-wordpress\/ -->\n<title>LOW CARB - WOHLBEFINDEN<\/title>\n<meta name=\"robots\" content=\"index, follow, max-snippet:-1, max-image-preview:large, max-video-preview:-1\" \/>\n<link rel=\"canonical\" href=\"https:\/\/bien-etreiris.ch\/de\/ratgeber-klarheit-beratung\/gesunder-lebensstil\/naehrstoffe\/ernaehrungsformen\/low-carb\/\" \/>\n<meta property=\"og:locale\" content=\"de_DE\" \/>\n<meta property=\"og:type\" content=\"article\" \/>\n<meta property=\"og:title\" content=\"LOW CARB - WOHLBEFINDEN\" \/>\n<meta property=\"og:description\" content=\"Low Carb Ern\u00e4hrung Die vegane Low Carb Ern\u00e4hrung kombiniert pflanzliche Lebensmittel mit einem reduzierten Kohlenhydratanteil. Sie f\u00f6rdert Gewichtsverlust, stabilen Blutzucker, ein gesundes Herz und bietet eine vielf\u00e4ltige N\u00e4hrstoffversorgung. &nbsp; Der Schl\u00fcssel liegt in der Auswahl proteinreicher pflanzlicher Lebensmittel, gesunder Fette und ballaststoffreicher Gem\u00fcsearten, w\u00e4hrend man sich bewusst f\u00fcr komplexe Kohlenhydrate und unverarbeitete Lebensmittel entscheidet. Eine ausgewogene vegane Low Carb Di\u00e4t&nbsp;Weiter lesen\" \/>\n<meta property=\"og:url\" content=\"https:\/\/bien-etreiris.ch\/de\/ratgeber-klarheit-beratung\/gesunder-lebensstil\/naehrstoffe\/ernaehrungsformen\/low-carb\/\" \/>\n<meta property=\"og:site_name\" content=\"WOHLBEFINDEN\" \/>\n<meta property=\"article:publisher\" content=\"https:\/\/www.facebook.com\/bienetreiris\/\" \/>\n<meta property=\"article:modified_time\" content=\"2024-11-21T09:38:35+00:00\" \/>\n<meta property=\"og:image\" content=\"https:\/\/bien-etreiris.ch\/wp-content\/uploads\/2024\/11\/acceuil-Low-Carb.jpg\" \/>\n\t<meta property=\"og:image:width\" content=\"500\" \/>\n\t<meta property=\"og:image:height\" content=\"333\" \/>\n\t<meta property=\"og:image:type\" content=\"image\/jpeg\" \/>\n<meta name=\"twitter:label1\" content=\"Gesch\u00e4tzte Lesezeit\" \/>\n\t<meta name=\"twitter:data1\" content=\"1\u00a0Minute\" \/>\n<script type=\"application\/ld+json\" class=\"yoast-schema-graph\">{\"@context\":\"https:\\\/\\\/schema.org\",\"@graph\":[{\"@type\":\"WebPage\",\"@id\":\"https:\\\/\\\/bien-etreiris.ch\\\/de\\\/ratgeber-klarheit-beratung\\\/gesunder-lebensstil\\\/naehrstoffe\\\/ernaehrungsformen\\\/low-carb\\\/\",\"url\":\"https:\\\/\\\/bien-etreiris.ch\\\/de\\\/ratgeber-klarheit-beratung\\\/gesunder-lebensstil\\\/naehrstoffe\\\/ernaehrungsformen\\\/low-carb\\\/\",\"name\":\"LOW CARB - WOHLBEFINDEN\",\"isPartOf\":{\"@id\":\"https:\\\/\\\/bien-etreiris.ch\\\/de\\\/#website\"},\"primaryImageOfPage\":{\"@id\":\"https:\\\/\\\/bien-etreiris.ch\\\/de\\\/ratgeber-klarheit-beratung\\\/gesunder-lebensstil\\\/naehrstoffe\\\/ernaehrungsformen\\\/low-carb\\\/#primaryimage\"},\"image\":{\"@id\":\"https:\\\/\\\/bien-etreiris.ch\\\/de\\\/ratgeber-klarheit-beratung\\\/gesunder-lebensstil\\\/naehrstoffe\\\/ernaehrungsformen\\\/low-carb\\\/#primaryimage\"},\"thumbnailUrl\":\"https:\\\/\\\/bien-etreiris.ch\\\/wp-content\\\/uploads\\\/2024\\\/11\\\/acceuil-Low-Carb.jpg\",\"datePublished\":\"2024-11-21T09:37:30+00:00\",\"dateModified\":\"2024-11-21T09:38:35+00:00\",\"breadcrumb\":{\"@id\":\"https:\\\/\\\/bien-etreiris.ch\\\/de\\\/ratgeber-klarheit-beratung\\\/gesunder-lebensstil\\\/naehrstoffe\\\/ernaehrungsformen\\\/low-carb\\\/#breadcrumb\"},\"inLanguage\":\"de\",\"potentialAction\":[{\"@type\":\"ReadAction\",\"target\":[\"https:\\\/\\\/bien-etreiris.ch\\\/de\\\/ratgeber-klarheit-beratung\\\/gesunder-lebensstil\\\/naehrstoffe\\\/ernaehrungsformen\\\/low-carb\\\/\"]}]},{\"@type\":\"ImageObject\",\"inLanguage\":\"de\",\"@id\":\"https:\\\/\\\/bien-etreiris.ch\\\/de\\\/ratgeber-klarheit-beratung\\\/gesunder-lebensstil\\\/naehrstoffe\\\/ernaehrungsformen\\\/low-carb\\\/#primaryimage\",\"url\":\"https:\\\/\\\/bien-etreiris.ch\\\/wp-content\\\/uploads\\\/2024\\\/11\\\/acceuil-Low-Carb.jpg\",\"contentUrl\":\"https:\\\/\\\/bien-etreiris.ch\\\/wp-content\\\/uploads\\\/2024\\\/11\\\/acceuil-Low-Carb.jpg\",\"width\":500,\"height\":333},{\"@type\":\"BreadcrumbList\",\"@id\":\"https:\\\/\\\/bien-etreiris.ch\\\/de\\\/ratgeber-klarheit-beratung\\\/gesunder-lebensstil\\\/naehrstoffe\\\/ernaehrungsformen\\\/low-carb\\\/#breadcrumb\",\"itemListElement\":[{\"@type\":\"ListItem\",\"position\":1,\"name\":\"Home\",\"item\":\"https:\\\/\\\/bien-etreiris.ch\\\/de\\\/\"},{\"@type\":\"ListItem\",\"position\":2,\"name\":\"RATGEBER &#038; KLARHEIT\",\"item\":\"https:\\\/\\\/bien-etreiris.ch\\\/de\\\/ratgeber-klarheit-beratung\\\/\"},{\"@type\":\"ListItem\",\"position\":3,\"name\":\"GESUNDER LEBENSSTIL\",\"item\":\"https:\\\/\\\/bien-etreiris.ch\\\/de\\\/ratgeber-klarheit-beratung\\\/gesunder-lebensstil\\\/\"},{\"@type\":\"ListItem\",\"position\":4,\"name\":\"N\u00c4HRSTOFFE\",\"item\":\"https:\\\/\\\/bien-etreiris.ch\\\/de\\\/ratgeber-klarheit-beratung\\\/naehrstoffe\\\/\"},{\"@type\":\"ListItem\",\"position\":5,\"name\":\"ERN\u00c4HRUNGSFORMEN\",\"item\":\"https:\\\/\\\/bien-etreiris.ch\\\/de\\\/ratgeber-klarheit-beratung\\\/gesunder-lebensstil\\\/naehrstoffe\\\/ernaehrungsformen\\\/\"},{\"@type\":\"ListItem\",\"position\":6,\"name\":\"LOW CARB\"}]},{\"@type\":\"WebSite\",\"@id\":\"https:\\\/\\\/bien-etreiris.ch\\\/de\\\/#website\",\"url\":\"https:\\\/\\\/bien-etreiris.ch\\\/de\\\/\",\"name\":\"Bien-\u00eatre Iris\",\"description\":\"IHRE Gesundheit ist uns wichtig\",\"potentialAction\":[{\"@type\":\"SearchAction\",\"target\":{\"@type\":\"EntryPoint\",\"urlTemplate\":\"https:\\\/\\\/bien-etreiris.ch\\\/de\\\/?s={search_term_string}\"},\"query-input\":{\"@type\":\"PropertyValueSpecification\",\"valueRequired\":true,\"valueName\":\"search_term_string\"}}],\"inLanguage\":\"de\"}]}<\/script>\n<!-- \/ Yoast SEO plugin. -->","yoast_head_json":{"title":"LOW CARB - WOHLBEFINDEN","robots":{"index":"index","follow":"follow","max-snippet":"max-snippet:-1","max-image-preview":"max-image-preview:large","max-video-preview":"max-video-preview:-1"},"canonical":"https:\/\/bien-etreiris.ch\/de\/ratgeber-klarheit-beratung\/gesunder-lebensstil\/naehrstoffe\/ernaehrungsformen\/low-carb\/","og_locale":"de_DE","og_type":"article","og_title":"LOW CARB - WOHLBEFINDEN","og_description":"Low Carb Ern\u00e4hrung Die vegane Low Carb Ern\u00e4hrung kombiniert pflanzliche Lebensmittel mit einem reduzierten Kohlenhydratanteil. Sie f\u00f6rdert Gewichtsverlust, stabilen Blutzucker, ein gesundes Herz und bietet eine vielf\u00e4ltige N\u00e4hrstoffversorgung. &nbsp; Der Schl\u00fcssel liegt in der Auswahl proteinreicher pflanzlicher Lebensmittel, gesunder Fette und ballaststoffreicher Gem\u00fcsearten, w\u00e4hrend man sich bewusst f\u00fcr komplexe Kohlenhydrate und unverarbeitete Lebensmittel entscheidet. Eine ausgewogene vegane Low Carb Di\u00e4t&nbsp;Weiter lesen","og_url":"https:\/\/bien-etreiris.ch\/de\/ratgeber-klarheit-beratung\/gesunder-lebensstil\/naehrstoffe\/ernaehrungsformen\/low-carb\/","og_site_name":"WOHLBEFINDEN","article_publisher":"https:\/\/www.facebook.com\/bienetreiris\/","article_modified_time":"2024-11-21T09:38:35+00:00","og_image":[{"width":500,"height":333,"url":"https:\/\/bien-etreiris.ch\/wp-content\/uploads\/2024\/11\/acceuil-Low-Carb.jpg","type":"image\/jpeg"}],"twitter_misc":{"Gesch\u00e4tzte Lesezeit":"1\u00a0Minute"},"schema":{"@context":"https:\/\/schema.org","@graph":[{"@type":"WebPage","@id":"https:\/\/bien-etreiris.ch\/de\/ratgeber-klarheit-beratung\/gesunder-lebensstil\/naehrstoffe\/ernaehrungsformen\/low-carb\/","url":"https:\/\/bien-etreiris.ch\/de\/ratgeber-klarheit-beratung\/gesunder-lebensstil\/naehrstoffe\/ernaehrungsformen\/low-carb\/","name":"LOW CARB - WOHLBEFINDEN","isPartOf":{"@id":"https:\/\/bien-etreiris.ch\/de\/#website"},"primaryImageOfPage":{"@id":"https:\/\/bien-etreiris.ch\/de\/ratgeber-klarheit-beratung\/gesunder-lebensstil\/naehrstoffe\/ernaehrungsformen\/low-carb\/#primaryimage"},"image":{"@id":"https:\/\/bien-etreiris.ch\/de\/ratgeber-klarheit-beratung\/gesunder-lebensstil\/naehrstoffe\/ernaehrungsformen\/low-carb\/#primaryimage"},"thumbnailUrl":"https:\/\/bien-etreiris.ch\/wp-content\/uploads\/2024\/11\/acceuil-Low-Carb.jpg","datePublished":"2024-11-21T09:37:30+00:00","dateModified":"2024-11-21T09:38:35+00:00","breadcrumb":{"@id":"https:\/\/bien-etreiris.ch\/de\/ratgeber-klarheit-beratung\/gesunder-lebensstil\/naehrstoffe\/ernaehrungsformen\/low-carb\/#breadcrumb"},"inLanguage":"de","potentialAction":[{"@type":"ReadAction","target":["https:\/\/bien-etreiris.ch\/de\/ratgeber-klarheit-beratung\/gesunder-lebensstil\/naehrstoffe\/ernaehrungsformen\/low-carb\/"]}]},{"@type":"ImageObject","inLanguage":"de","@id":"https:\/\/bien-etreiris.ch\/de\/ratgeber-klarheit-beratung\/gesunder-lebensstil\/naehrstoffe\/ernaehrungsformen\/low-carb\/#primaryimage","url":"https:\/\/bien-etreiris.ch\/wp-content\/uploads\/2024\/11\/acceuil-Low-Carb.jpg","contentUrl":"https:\/\/bien-etreiris.ch\/wp-content\/uploads\/2024\/11\/acceuil-Low-Carb.jpg","width":500,"height":333},{"@type":"BreadcrumbList","@id":"https:\/\/bien-etreiris.ch\/de\/ratgeber-klarheit-beratung\/gesunder-lebensstil\/naehrstoffe\/ernaehrungsformen\/low-carb\/#breadcrumb","itemListElement":[{"@type":"ListItem","position":1,"name":"Home","item":"https:\/\/bien-etreiris.ch\/de\/"},{"@type":"ListItem","position":2,"name":"RATGEBER &#038; KLARHEIT","item":"https:\/\/bien-etreiris.ch\/de\/ratgeber-klarheit-beratung\/"},{"@type":"ListItem","position":3,"name":"GESUNDER LEBENSSTIL","item":"https:\/\/bien-etreiris.ch\/de\/ratgeber-klarheit-beratung\/gesunder-lebensstil\/"},{"@type":"ListItem","position":4,"name":"N\u00c4HRSTOFFE","item":"https:\/\/bien-etreiris.ch\/de\/ratgeber-klarheit-beratung\/naehrstoffe\/"},{"@type":"ListItem","position":5,"name":"ERN\u00c4HRUNGSFORMEN","item":"https:\/\/bien-etreiris.ch\/de\/ratgeber-klarheit-beratung\/gesunder-lebensstil\/naehrstoffe\/ernaehrungsformen\/"},{"@type":"ListItem","position":6,"name":"LOW CARB"}]},{"@type":"WebSite","@id":"https:\/\/bien-etreiris.ch\/de\/#website","url":"https:\/\/bien-etreiris.ch\/de\/","name":"Bien-\u00eatre Iris","description":"IHRE Gesundheit ist uns wichtig","potentialAction":[{"@type":"SearchAction","target":{"@type":"EntryPoint","urlTemplate":"https:\/\/bien-etreiris.ch\/de\/?s={search_term_string}"},"query-input":{"@type":"PropertyValueSpecification","valueRequired":true,"valueName":"search_term_string"}}],"inLanguage":"de"}]}},"_links":{"self":[{"href":"https:\/\/bien-etreiris.ch\/de\/wp-json\/wp\/v2\/pages\/92657","targetHints":{"allow":["GET"]}}],"collection":[{"href":"https:\/\/bien-etreiris.ch\/de\/wp-json\/wp\/v2\/pages"}],"about":[{"href":"https:\/\/bien-etreiris.ch\/de\/wp-json\/wp\/v2\/types\/page"}],"author":[{"embeddable":true,"href":"https:\/\/bien-etreiris.ch\/de\/wp-json\/wp\/v2\/users\/1"}],"replies":[{"embeddable":true,"href":"https:\/\/bien-etreiris.ch\/de\/wp-json\/wp\/v2\/comments?post=92657"}],"version-history":[{"count":2,"href":"https:\/\/bien-etreiris.ch\/de\/wp-json\/wp\/v2\/pages\/92657\/revisions"}],"predecessor-version":[{"id":92660,"href":"https:\/\/bien-etreiris.ch\/de\/wp-json\/wp\/v2\/pages\/92657\/revisions\/92660"}],"up":[{"embeddable":true,"href":"https:\/\/bien-etreiris.ch\/de\/wp-json\/wp\/v2\/pages\/80105"}],"wp:featuredmedia":[{"embeddable":true,"href":"https:\/\/bien-etreiris.ch\/de\/wp-json\/wp\/v2\/media\/92654"}],"wp:attachment":[{"href":"https:\/\/bien-etreiris.ch\/de\/wp-json\/wp\/v2\/media?parent=92657"}],"curies":[{"name":"wp","href":"https:\/\/api.w.org\/{rel}","templated":true}]}}