{"id":92475,"date":"2024-11-19T20:14:13","date_gmt":"2024-11-19T18:14:13","guid":{"rendered":"https:\/\/bien-etreiris.ch\/ratgeber-klarheit-beratung\/natuerliche-heilmittel\/kranheiten-a-z\/lungenerkrankungen\/asthma\/alcool-une-mauvaise-combinaison\/"},"modified":"2024-11-22T00:17:40","modified_gmt":"2024-11-21T22:17:40","slug":"asthma-und-alkohol","status":"publish","type":"page","link":"https:\/\/bien-etreiris.ch\/de\/ratgeber-klarheit-beratung\/natuerliche-heilmittel\/kranheiten-a-z\/lungenerkrankungen\/asthma\/asthma-und-alkohol\/","title":{"rendered":"ASTHMA &amp; ALKOHOL"},"content":{"rendered":"<div class=\"relative sm:rounded-md sm:overflow-hidden\">\n<div class=\"relative bg-white rounded-t-2xl sm:rounded-none print:rounded-none p-6 space-y-4 break-word\">\n<h2>Asthma und Alkohol - Eine schlechte Kombination<\/h2>\n<p class=\"content\">Asthma kann von vielen Faktoren beeinflusst werden. So k\u00f6nnen beispielsweise manche Medikamente zu einer Asthmaattacke f\u00fchren. Auch Wetterextreme oder Stress. Dabei f\u00fchrt nicht jeder Ausl\u00f6ser bei jedem Asthmatiker zu Asthmasymptomen. Asthma verl\u00e4uft sehr individuell. Alkohol kann bei manchen Asthmabetroffenen jedoch eine Asthmaattacke ausl\u00f6sen oder bestehende Asthmasymptome verschlimmern. Falls Sie Asthmatiker sind, achten Sie verst\u00e4rkt darauf, ob es Ihnen nach dem abendlichen Glas Wein oder Bier schlechter geht als zuvor.<\/p>\n<\/div>\n<\/div>\n<div class=\"bg-white px-6 sm:py-6 sm:rounded-md noprint\">\n<p>&nbsp;<\/p>\n<\/div>\n<div class=\"content\">\n<h4 id=\"asthma_alkohol_kann_attacken_auslsen\">Asthma: Alkohol kann Attacken ausl\u00f6sen<\/h4>\n<p><span style=\"color: #99cc00;\">Asthma<\/span> ist eine Erkrankung, die 25 Millionen Menschen allein in den USA betrifft. In Deutschland sind es 5 Prozent der Erwachsenen, 7 Prozent der Jugendlichen und 10 Prozent der Kinder, die an Asthma leiden. In der Schweiz sind die Zahlen \u00e4hnlich. 5 Prozent der Gesamtbev\u00f6lkerung z\u00e4hlt dort zu den Asthmatikern.<\/p>\n<p>M\u00f6glicherweise w\u00e4ren die Zahlen geringer, wenn Betroffene weniger <a href=\"https:\/\/bien-etreiris.ch\/de\/ratgeber-klarheit-beratung\/lebensberatung\/sucht\/alcool\/effets-nocifs\/\" target=\"_blank\" rel=\"noopener\"><span style=\"color: #99cc00;\">Alkohol<\/span> <\/a>konsumieren w\u00fcrden, da dieser Asthmaattacken ausl\u00f6sen kann, was aber vielen Asthmatikern gar nicht bewusst ist.<\/p>\n<p>Bei Asthma verkrampfen sich die Atemwege und das Atmen wird erschwert. Bei manchen Menschen ist dieser Zustand nur vor\u00fcbergehend. Wird er jedoch chronisch, dann entz\u00fcnden sich die Atemwege und verengen sich langfristig.<\/p>\n<p>Zu den Asthma-Symptomen geh\u00f6ren Brustenge, chronischer Husten bei Nacht, pfeifender Atem und Schwierigkeiten beim Durchatmen.<\/p>\n<p>Meist beginnt Asthma schon in der Kindheit und kann sich dann auch \"auswachsen\". Bleibt die Krankheit aber bestehen, hat die Schulmedizin keine Heilung parat, lediglich Medikamente, mit denen man die Krankheit unter Kontrolle halten kann. Wichtig ist in jedem Fall, m\u00f6glichst alles zu unternehmen, um einem Asthmaanfall vorzubeugen.<\/p>\n<p>Dazu geh\u00f6rt es nat\u00fcrlich in erster Linie, dass man \u2013 sofern m\u00f6glich \u2013 in Frage kommende Trigger (Ausl\u00f6ser) vermeidet, also Dinge, von denen man weiss, dass sie bei einem selbst einen Asthmaanfall ausl\u00f6sen k\u00f6nnen.<\/p>\n<h4 class=\"clear-both pt-4\">&nbsp;<\/h4>\n<h4 id=\"trigger_mgliche_auslser_von_asthmaattacken\">Trigger: M\u00f6gliche Ausl\u00f6ser von Asthmaattacken<\/h4>\n<p>Zu den Triggern von Asthma k\u00f6nnten die folgenden geh\u00f6ren:<\/p>\n<ol>\n<li data-list=\"bullet\">Schadstoffe aus der Luft (Umweltschadstoffe, Chemikalien, Tabakrauch etc.)<\/li>\n<li data-list=\"bullet\">Die \u00fcblichen Allergene, wie Hausstaubmilben, Schimmel, Tierhaare etc.<\/li>\n<li data-list=\"bullet\">Stress<\/li>\n<li data-list=\"bullet\">Wetterextreme, wie grosse Hitze oder sehr kalte Tage<\/li>\n<li data-list=\"bullet\">Manche Medikamente inkl. frei verk\u00e4ufliche Medikamente wie z. B. Aspirin und <span style=\"color: #99cc00;\"><a style=\"color: #99cc00;\" href=\"https:\/\/bien-etreiris.ch\/de\/ratgeber-klarheit-beratung\/lebensberatung\/medikamente\/paracetamol\/\" target=\"_blank\" rel=\"noopener\">Paracetamol<\/a><\/span><\/li>\n<li data-list=\"bullet\">Viele weitere sehr individuelle Trigger, weswegen \u00c4rzte ihren Patienten oft raten, ein sog. Asthmatagebuch zu f\u00fchren. Dort hinein schreiben die Betroffenen ihre Symptome und das, was sie kurz vor einer Asthmaattacke gegessen, getan oder getrunken hatten. Alkoholgenuss beispielsweise kann zu diesen Triggern geh\u00f6ren.<\/li>\n<\/ol>\n<p>&nbsp;<\/p>\n<h4 id=\"alkohol_und_asthma\">Alkohol und Asthma<\/h4>\n<p>Alkohol als Trigger von Asthma? Besonders viele wissenschaftliche Untersuchungen gibt es dazu jedoch noch nicht.<\/p>\n<p>Eine der gr\u00f6ssten diesbez\u00fcglichen Studien erschien im <em>Journal of Allergy and Clinical Immunology<\/em> ( <a href=\"https:\/\/www.jacionline.org\/article\/S0091-6749(00)25009-4\/fulltext\" target=\"_blank\" rel=\"noopener\" data-auto-event-observed=\"true\">2<\/a> ) und wurde mit mehr als 350 Erwachsenen durchgef\u00fchrt. Bei 33 Prozent galt Alkohol als Trigger, der bei diesen Personen mindestens schon f\u00fcr zwei Asthmaanf\u00e4lle verantwortlich war:<\/p>\n<ol>\n<li data-list=\"bullet\">Wein gilt im Zusammenhang mit Asthma als besonders allergen.<\/li>\n<li data-list=\"bullet\">Meist traten die Asthmasymptome innerhalb von einer Stunde nach Alkoholgenuss auf.<\/li>\n<li data-list=\"bullet\">Die meisten Asthmasymptome, die nach Alkoholgenuss auftraten, wurden als mild bis mittelm\u00e4ssig beschrieben.<\/li>\n<\/ol>\n<p>&nbsp;<\/p>\n<h4 id=\"alkoholische_getrnke_enthalten_schwefel_und_histamine\">Alkoholische Getr\u00e4nke enthalten Schwefel und Histamine<\/h4>\n<p>Die Forscher vermuten, dass es insbesondere zwei Bestandteile in alkoholischen Getr\u00e4nken sein k\u00f6nnen, die als allergen gelten und daher auch zu einer Asthmaattacke beitragen k\u00f6nnen: Schwefelverbindungen (Sulfite) und<span style=\"color: #99cc00;\"><a style=\"color: #99cc00;\" href=\"https:\/\/bien-etreiris.ch\/de\/ratgeber-klarheit-beratung\/natuerliche-heilmittel\/fehlfunktion-der-steuerung\/allergien-und-unvertraeglichkeiten\/intoleranz\/histamine\/\" target=\"_blank\" rel=\"noopener\"> Histamine<\/a><\/span>.<\/p>\n<p>Sulfite werden als Konservierungsmittel eingesetzt, z. B. in Wein und Bier, aber auch in manchen anderen Lebensmitteln. Asthmatiker sind h\u00e4ufig ganz besonders empfindlich, was Sulfite angeht.<\/p>\n<p>Histamine bilden sich im Verlauf von G\u00e4rprozessen, also bei der Entstehung von Alkohol und finden sich daher in nahezu allen alkoholischen Getr\u00e4nken, einschliesslich Lik\u00f6re, Bier, Wein etc.<\/p>\n<div class=\"clear-both pt-4\">&nbsp;<\/div>\n<\/div>\n<div class=\"content\">\n<h4 id=\"alkohol_kann_asthmasymptomen_verstrken\">Alkohol kann Asthmasymptomen verst\u00e4rken<\/h4>\n<p>Alkohol kann nicht nur Asthmaattacken ausl\u00f6sen, sondern auch die typischen Asthmasymptome verst\u00e4rken. Alkohol verhindert beispielsweise einen erholsamen Schlaf, verschlechtert sportliche Leistungen und st\u00f6rt die Konzentration bei der Arbeit oder in der Schule. Alle diese Probleme sind h\u00e4ufig schon allein durch das Asthma vorhanden und werden jetzt vom Alkohol verschlimmert.<\/p>\n<p>&nbsp;<\/p>\n<h4 id=\"gibt_es_fr_asthmatiker_alkoholische_getrnke_die_nicht_ganz_so_schlimm_sind\">Gibt es f\u00fcr Asthmatiker alkoholische Getr\u00e4nke, die nicht ganz so schlimm sind?<\/h4>\n<p>Nat\u00fcrlich reagieren nicht alle Asthmatiker auf dieselben Trigger und somit auch nicht in jedem Fall auf Alkohol. Falls Sie jedoch zu den Alkohol empfindlichen Asthmatikern geh\u00f6ren, k\u00f6nnte es sein, dass Sie wissen m\u00f6chten, ob es vielleicht alkoholische Getr\u00e4nke gibt, die sich nicht ganz so gravierend auf Ihr Asthma auswirken.<\/p>\n<p>Der oben genannten Studie gem\u00e4ss ist Wein ganz offensichtlich das alkoholische Getr\u00e4nk mit dem h\u00f6chsten Allergiepotential, gefolgt von Bier.<\/p>\n<p>Die Alkoholmenge ist oft ebenfalls entscheidend. W\u00e4hrend es Asthmatiker gibt, die kein einziges Glas Rotwein vertragen, gibt es andere, die erst mit dem dritten Glas einen Asthmaattacke bekommen. Es kommt darauf an, welche Schwefel- oder Histamin menge Sie ben\u00f6tigen, um mit asthmatischen Beschwerden zu reagieren.<\/p>\n<p>Sie k\u00f6nnten biologisch erzeugte Weine und Biere ausprobieren, da diese weniger oder gar keine Schwefelzus\u00e4tze enthalten.<\/p>\n<p>Weitere Informationen zur ganzheitlichen Therapie bei Asthma finden Sie hier:<\/p>\n<ol>\n<li data-list=\"bullet\"><span style=\"color: #99cc00;\"><a style=\"color: #99cc00;\" href=\"https:\/\/bien-etreiris.ch\/de\/ratgeber-klarheit-beratung\/natuerliche-heilmittel\/kranheiten-a-z\/lungenerkrankungen\/asthma\/kraeuter-gegen-asthma\/\" target=\"_blank\" rel=\"noopener\">Kr\u00e4uter gegen Asthma<\/a><\/span><\/li>\n<li data-list=\"bullet\"><span style=\"color: #99cc00;\"><a style=\"color: #99cc00;\" href=\"https:\/\/bien-etreiris.ch\/de\/ratgeber-klarheit-beratung\/natuerliche-heilmittel\/kranheiten-a-z\/lungenerkrankungen\/asthma\/carence-en-vitamine-d\/\" target=\"_blank\" rel=\"noopener\">Vitamin D bei Asthma<\/a><\/span><\/li>\n<li data-list=\"bullet\"><span style=\"color: #99cc00;\"><a style=\"color: #99cc00;\" href=\"https:\/\/bien-etreiris.ch\/de\/ratgeber-klarheit-beratung\/natuerliche-heilmittel\/zusatzthemen\/kinder\/asthme\/\" target=\"_blank\" rel=\"noopener\">Kinder mit Asthma \u2013 Sieben ganzheitliche Massnahmen helfen<\/a><\/span><\/li>\n<\/ol>\n<p>&nbsp;<\/p>\n<\/div>\n<div class=\"mt-6 noprint p-8 rounded-lg shadow-md text-lg\">\n<p class=\"text-gray-800 mb-4\">&nbsp;<\/p>\n<\/div>\n<div class=\"mt-6 noprint\">\n<h4>Wichtiger Hinweis<\/h4>\n<p>Dieser Artikel wurde auf Grundlage (zur Zeit der Ver\u00f6ffentlichung) aktueller Studien verfasst und von MedizinerInnen gepr\u00fcft, darf aber nicht zur Selbstdiagnose oder Selbstbehandlung genutzt werden, ersetzt also nicht den Besuch bei Ihrem Arzt. Besprechen Sie daher jede Massnahme (ob aus diesem oder einem anderen unserer Artikel) immer zuerst mit Ihrem Arzt.<\/p>\n<\/div>\n<div class=\"flex flex-row items-center justify-between mt-6 noprint\">&nbsp;<\/div>\n<h4>Quellen :<\/h4>\n<div class=\"accordion__content svelte-sxgadj\">\n<div class=\"px-2 sources\">\n<ol>\n<li data-list=\"bullet\"><a href=\"https:\/\/www.zentrum-der-gesundheit.de\/krankheiten\/lungenerkrankungen\/asthma-uebersicht\/asthma-alkohol\" target=\"_blank\" rel=\"noopener\">Zentrum der Gesundheit<\/a> - Autor: <a class=\"font-semibold mr-1 after:content-[','] last:after:hidden\" href=\"https:\/\/www.zentrum-der-gesundheit.de\/autoren\/1493\" data-auto-event-observed=\"true\">Carina Rehberg - <\/a>Fach\u00e4rztliche Pr\u00fcfung: <a class=\"font-semibold\" href=\"https:\/\/www.zentrum-der-gesundheit.de\/aerztliche-pruefung\" data-auto-event-observed=\"true\">Gert Dorschner - <\/a>Stand: 29 Februar 2024<\/li>\n<li data-list=\"bullet\">Nall, Rachel. \"Alcohol and Asthma: What's the Connection?\" <em>Medical News Today<\/em>. MediLexicon, Intl., 13 Oct. 2016, (Alkohol und Asthma: Wie ist die Verbindung?)<\/li>\n<\/ol>\n<\/div>\n<\/div>\n","protected":false},"excerpt":{"rendered":"<p>Asthma und Alkohol - Eine schlechte Kombination Asthma kann von vielen Faktoren beeinflusst werden. So k\u00f6nnen beispielsweise manche Medikamente zu einer Asthmaattacke f\u00fchren. Auch Wetterextreme oder Stress. Dabei f\u00fchrt nicht jeder Ausl\u00f6ser bei jedem Asthmatiker zu Asthmasymptomen. Asthma verl\u00e4uft sehr individuell. Alkohol kann bei manchen Asthmabetroffenen jedoch eine Asthmaattacke ausl\u00f6sen oder bestehende Asthmasymptome verschlimmern. Falls Sie Asthmatiker sind, achten Sie&nbsp;<a href=\"https:\/\/bien-etreiris.ch\/de\/ratgeber-klarheit-beratung\/natuerliche-heilmittel\/kranheiten-a-z\/lungenerkrankungen\/asthma\/asthma-und-alkohol\/\" class=\"read-more\">Weiter lesen<\/a><\/p>\n","protected":false},"author":1,"featured_media":55728,"parent":71425,"menu_order":1013,"comment_status":"closed","ping_status":"closed","template":"page-with-child.php","meta":{"_acf_changed":false,"ngg_post_thumbnail":0,"footnotes":""},"class_list":["post-92475","page","type-page","status-publish","has-post-thumbnail","hentry"],"acf":[],"yoast_head":"<!-- This site is optimized with the Yoast SEO plugin v27.5 - https:\/\/yoast.com\/product\/yoast-seo-wordpress\/ -->\n<title>ASTHMA &amp; ALKOHOL - WOHLBEFINDEN<\/title>\n<meta name=\"robots\" content=\"index, follow, max-snippet:-1, max-image-preview:large, max-video-preview:-1\" \/>\n<link rel=\"canonical\" href=\"https:\/\/bien-etreiris.ch\/de\/ratgeber-klarheit-beratung\/natuerliche-heilmittel\/kranheiten-a-z\/lungenerkrankungen\/asthma\/asthma-und-alkohol\/\" \/>\n<meta property=\"og:locale\" content=\"de_DE\" \/>\n<meta property=\"og:type\" content=\"article\" \/>\n<meta property=\"og:title\" content=\"ASTHMA &amp; ALKOHOL - WOHLBEFINDEN\" \/>\n<meta property=\"og:description\" content=\"Asthma und Alkohol - Eine schlechte Kombination Asthma kann von vielen Faktoren beeinflusst werden. So k\u00f6nnen beispielsweise manche Medikamente zu einer Asthmaattacke f\u00fchren. Auch Wetterextreme oder Stress. Dabei f\u00fchrt nicht jeder Ausl\u00f6ser bei jedem Asthmatiker zu Asthmasymptomen. Asthma verl\u00e4uft sehr individuell. Alkohol kann bei manchen Asthmabetroffenen jedoch eine Asthmaattacke ausl\u00f6sen oder bestehende Asthmasymptome verschlimmern. Falls Sie Asthmatiker sind, achten Sie&nbsp;Weiter lesen\" \/>\n<meta property=\"og:url\" content=\"https:\/\/bien-etreiris.ch\/de\/ratgeber-klarheit-beratung\/natuerliche-heilmittel\/kranheiten-a-z\/lungenerkrankungen\/asthma\/asthma-und-alkohol\/\" \/>\n<meta property=\"og:site_name\" content=\"WOHLBEFINDEN\" \/>\n<meta property=\"article:publisher\" content=\"https:\/\/www.facebook.com\/bienetreiris\/\" \/>\n<meta property=\"article:modified_time\" content=\"2024-11-21T22:17:40+00:00\" \/>\n<meta property=\"og:image\" content=\"https:\/\/bien-etreiris.ch\/wp-content\/uploads\/2022\/05\/Acceuil.jpg\" \/>\n\t<meta property=\"og:image:width\" content=\"500\" \/>\n\t<meta property=\"og:image:height\" content=\"332\" \/>\n\t<meta property=\"og:image:type\" content=\"image\/jpeg\" \/>\n<meta name=\"twitter:label1\" content=\"Gesch\u00e4tzte Lesezeit\" \/>\n\t<meta name=\"twitter:data1\" content=\"6\u00a0Minuten\" \/>\n<script type=\"application\/ld+json\" class=\"yoast-schema-graph\">{\"@context\":\"https:\\\/\\\/schema.org\",\"@graph\":[{\"@type\":\"WebPage\",\"@id\":\"https:\\\/\\\/bien-etreiris.ch\\\/de\\\/ratgeber-klarheit-beratung\\\/natuerliche-heilmittel\\\/kranheiten-a-z\\\/lungenerkrankungen\\\/asthma\\\/asthma-und-alkohol\\\/\",\"url\":\"https:\\\/\\\/bien-etreiris.ch\\\/de\\\/ratgeber-klarheit-beratung\\\/natuerliche-heilmittel\\\/kranheiten-a-z\\\/lungenerkrankungen\\\/asthma\\\/asthma-und-alkohol\\\/\",\"name\":\"ASTHMA &amp; ALKOHOL - WOHLBEFINDEN\",\"isPartOf\":{\"@id\":\"https:\\\/\\\/bien-etreiris.ch\\\/de\\\/#website\"},\"primaryImageOfPage\":{\"@id\":\"https:\\\/\\\/bien-etreiris.ch\\\/de\\\/ratgeber-klarheit-beratung\\\/natuerliche-heilmittel\\\/kranheiten-a-z\\\/lungenerkrankungen\\\/asthma\\\/asthma-und-alkohol\\\/#primaryimage\"},\"image\":{\"@id\":\"https:\\\/\\\/bien-etreiris.ch\\\/de\\\/ratgeber-klarheit-beratung\\\/natuerliche-heilmittel\\\/kranheiten-a-z\\\/lungenerkrankungen\\\/asthma\\\/asthma-und-alkohol\\\/#primaryimage\"},\"thumbnailUrl\":\"https:\\\/\\\/bien-etreiris.ch\\\/wp-content\\\/uploads\\\/2022\\\/05\\\/Acceuil.jpg\",\"datePublished\":\"2024-11-19T18:14:13+00:00\",\"dateModified\":\"2024-11-21T22:17:40+00:00\",\"breadcrumb\":{\"@id\":\"https:\\\/\\\/bien-etreiris.ch\\\/de\\\/ratgeber-klarheit-beratung\\\/natuerliche-heilmittel\\\/kranheiten-a-z\\\/lungenerkrankungen\\\/asthma\\\/asthma-und-alkohol\\\/#breadcrumb\"},\"inLanguage\":\"de\",\"potentialAction\":[{\"@type\":\"ReadAction\",\"target\":[\"https:\\\/\\\/bien-etreiris.ch\\\/de\\\/ratgeber-klarheit-beratung\\\/natuerliche-heilmittel\\\/kranheiten-a-z\\\/lungenerkrankungen\\\/asthma\\\/asthma-und-alkohol\\\/\"]}]},{\"@type\":\"ImageObject\",\"inLanguage\":\"de\",\"@id\":\"https:\\\/\\\/bien-etreiris.ch\\\/de\\\/ratgeber-klarheit-beratung\\\/natuerliche-heilmittel\\\/kranheiten-a-z\\\/lungenerkrankungen\\\/asthma\\\/asthma-und-alkohol\\\/#primaryimage\",\"url\":\"https:\\\/\\\/bien-etreiris.ch\\\/wp-content\\\/uploads\\\/2022\\\/05\\\/Acceuil.jpg\",\"contentUrl\":\"https:\\\/\\\/bien-etreiris.ch\\\/wp-content\\\/uploads\\\/2022\\\/05\\\/Acceuil.jpg\",\"width\":500,\"height\":332},{\"@type\":\"BreadcrumbList\",\"@id\":\"https:\\\/\\\/bien-etreiris.ch\\\/de\\\/ratgeber-klarheit-beratung\\\/natuerliche-heilmittel\\\/kranheiten-a-z\\\/lungenerkrankungen\\\/asthma\\\/asthma-und-alkohol\\\/#breadcrumb\",\"itemListElement\":[{\"@type\":\"ListItem\",\"position\":1,\"name\":\"Home\",\"item\":\"https:\\\/\\\/bien-etreiris.ch\\\/de\\\/\"},{\"@type\":\"ListItem\",\"position\":2,\"name\":\"RATGEBER &#038; KLARHEIT\",\"item\":\"https:\\\/\\\/bien-etreiris.ch\\\/de\\\/ratgeber-klarheit-beratung\\\/\"},{\"@type\":\"ListItem\",\"position\":3,\"name\":\"NAT\u00dcRLICHE SUBSTANZEN\",\"item\":\"https:\\\/\\\/bien-etreiris.ch\\\/de\\\/ratgeber-klarheit-beratung\\\/natuerliche-heilmittel\\\/\"},{\"@type\":\"ListItem\",\"position\":4,\"name\":\"KRANKHEITEN A &#8211; Z\",\"item\":\"https:\\\/\\\/bien-etreiris.ch\\\/de\\\/ratgeber-klarheit-beratung\\\/natuerliche-heilmittel\\\/kranheiten-a-z\\\/\"},{\"@type\":\"ListItem\",\"position\":5,\"name\":\"LUNGENERKRANKUNGEN\",\"item\":\"https:\\\/\\\/bien-etreiris.ch\\\/de\\\/ratgeber-klarheit-beratung\\\/natuerliche-heilmittel\\\/kranheiten-a-z\\\/lungenerkrankungen\\\/\"},{\"@type\":\"ListItem\",\"position\":6,\"name\":\"ASTHMA\",\"item\":\"https:\\\/\\\/bien-etreiris.ch\\\/de\\\/ratgeber-klarheit-beratung\\\/natuerliche-heilmittel\\\/kranheiten-a-z\\\/lungenerkrankungen\\\/asthma\\\/\"},{\"@type\":\"ListItem\",\"position\":7,\"name\":\"ASTHMA &amp; ALKOHOL\"}]},{\"@type\":\"WebSite\",\"@id\":\"https:\\\/\\\/bien-etreiris.ch\\\/de\\\/#website\",\"url\":\"https:\\\/\\\/bien-etreiris.ch\\\/de\\\/\",\"name\":\"Bien-\u00eatre Iris\",\"description\":\"IHRE Gesundheit ist uns wichtig\",\"potentialAction\":[{\"@type\":\"SearchAction\",\"target\":{\"@type\":\"EntryPoint\",\"urlTemplate\":\"https:\\\/\\\/bien-etreiris.ch\\\/de\\\/?s={search_term_string}\"},\"query-input\":{\"@type\":\"PropertyValueSpecification\",\"valueRequired\":true,\"valueName\":\"search_term_string\"}}],\"inLanguage\":\"de\"}]}<\/script>\n<!-- \/ Yoast SEO plugin. -->","yoast_head_json":{"title":"ASTHMA &amp; ALKOHOL - WOHLBEFINDEN","robots":{"index":"index","follow":"follow","max-snippet":"max-snippet:-1","max-image-preview":"max-image-preview:large","max-video-preview":"max-video-preview:-1"},"canonical":"https:\/\/bien-etreiris.ch\/de\/ratgeber-klarheit-beratung\/natuerliche-heilmittel\/kranheiten-a-z\/lungenerkrankungen\/asthma\/asthma-und-alkohol\/","og_locale":"de_DE","og_type":"article","og_title":"ASTHMA &amp; ALKOHOL - WOHLBEFINDEN","og_description":"Asthma und Alkohol - Eine schlechte Kombination Asthma kann von vielen Faktoren beeinflusst werden. So k\u00f6nnen beispielsweise manche Medikamente zu einer Asthmaattacke f\u00fchren. Auch Wetterextreme oder Stress. Dabei f\u00fchrt nicht jeder Ausl\u00f6ser bei jedem Asthmatiker zu Asthmasymptomen. Asthma verl\u00e4uft sehr individuell. Alkohol kann bei manchen Asthmabetroffenen jedoch eine Asthmaattacke ausl\u00f6sen oder bestehende Asthmasymptome verschlimmern. Falls Sie Asthmatiker sind, achten Sie&nbsp;Weiter lesen","og_url":"https:\/\/bien-etreiris.ch\/de\/ratgeber-klarheit-beratung\/natuerliche-heilmittel\/kranheiten-a-z\/lungenerkrankungen\/asthma\/asthma-und-alkohol\/","og_site_name":"WOHLBEFINDEN","article_publisher":"https:\/\/www.facebook.com\/bienetreiris\/","article_modified_time":"2024-11-21T22:17:40+00:00","og_image":[{"width":500,"height":332,"url":"https:\/\/bien-etreiris.ch\/wp-content\/uploads\/2022\/05\/Acceuil.jpg","type":"image\/jpeg"}],"twitter_misc":{"Gesch\u00e4tzte Lesezeit":"6\u00a0Minuten"},"schema":{"@context":"https:\/\/schema.org","@graph":[{"@type":"WebPage","@id":"https:\/\/bien-etreiris.ch\/de\/ratgeber-klarheit-beratung\/natuerliche-heilmittel\/kranheiten-a-z\/lungenerkrankungen\/asthma\/asthma-und-alkohol\/","url":"https:\/\/bien-etreiris.ch\/de\/ratgeber-klarheit-beratung\/natuerliche-heilmittel\/kranheiten-a-z\/lungenerkrankungen\/asthma\/asthma-und-alkohol\/","name":"ASTHMA &amp; ALKOHOL - WOHLBEFINDEN","isPartOf":{"@id":"https:\/\/bien-etreiris.ch\/de\/#website"},"primaryImageOfPage":{"@id":"https:\/\/bien-etreiris.ch\/de\/ratgeber-klarheit-beratung\/natuerliche-heilmittel\/kranheiten-a-z\/lungenerkrankungen\/asthma\/asthma-und-alkohol\/#primaryimage"},"image":{"@id":"https:\/\/bien-etreiris.ch\/de\/ratgeber-klarheit-beratung\/natuerliche-heilmittel\/kranheiten-a-z\/lungenerkrankungen\/asthma\/asthma-und-alkohol\/#primaryimage"},"thumbnailUrl":"https:\/\/bien-etreiris.ch\/wp-content\/uploads\/2022\/05\/Acceuil.jpg","datePublished":"2024-11-19T18:14:13+00:00","dateModified":"2024-11-21T22:17:40+00:00","breadcrumb":{"@id":"https:\/\/bien-etreiris.ch\/de\/ratgeber-klarheit-beratung\/natuerliche-heilmittel\/kranheiten-a-z\/lungenerkrankungen\/asthma\/asthma-und-alkohol\/#breadcrumb"},"inLanguage":"de","potentialAction":[{"@type":"ReadAction","target":["https:\/\/bien-etreiris.ch\/de\/ratgeber-klarheit-beratung\/natuerliche-heilmittel\/kranheiten-a-z\/lungenerkrankungen\/asthma\/asthma-und-alkohol\/"]}]},{"@type":"ImageObject","inLanguage":"de","@id":"https:\/\/bien-etreiris.ch\/de\/ratgeber-klarheit-beratung\/natuerliche-heilmittel\/kranheiten-a-z\/lungenerkrankungen\/asthma\/asthma-und-alkohol\/#primaryimage","url":"https:\/\/bien-etreiris.ch\/wp-content\/uploads\/2022\/05\/Acceuil.jpg","contentUrl":"https:\/\/bien-etreiris.ch\/wp-content\/uploads\/2022\/05\/Acceuil.jpg","width":500,"height":332},{"@type":"BreadcrumbList","@id":"https:\/\/bien-etreiris.ch\/de\/ratgeber-klarheit-beratung\/natuerliche-heilmittel\/kranheiten-a-z\/lungenerkrankungen\/asthma\/asthma-und-alkohol\/#breadcrumb","itemListElement":[{"@type":"ListItem","position":1,"name":"Home","item":"https:\/\/bien-etreiris.ch\/de\/"},{"@type":"ListItem","position":2,"name":"RATGEBER &#038; KLARHEIT","item":"https:\/\/bien-etreiris.ch\/de\/ratgeber-klarheit-beratung\/"},{"@type":"ListItem","position":3,"name":"NAT\u00dcRLICHE SUBSTANZEN","item":"https:\/\/bien-etreiris.ch\/de\/ratgeber-klarheit-beratung\/natuerliche-heilmittel\/"},{"@type":"ListItem","position":4,"name":"KRANKHEITEN A &#8211; Z","item":"https:\/\/bien-etreiris.ch\/de\/ratgeber-klarheit-beratung\/natuerliche-heilmittel\/kranheiten-a-z\/"},{"@type":"ListItem","position":5,"name":"LUNGENERKRANKUNGEN","item":"https:\/\/bien-etreiris.ch\/de\/ratgeber-klarheit-beratung\/natuerliche-heilmittel\/kranheiten-a-z\/lungenerkrankungen\/"},{"@type":"ListItem","position":6,"name":"ASTHMA","item":"https:\/\/bien-etreiris.ch\/de\/ratgeber-klarheit-beratung\/natuerliche-heilmittel\/kranheiten-a-z\/lungenerkrankungen\/asthma\/"},{"@type":"ListItem","position":7,"name":"ASTHMA &amp; ALKOHOL"}]},{"@type":"WebSite","@id":"https:\/\/bien-etreiris.ch\/de\/#website","url":"https:\/\/bien-etreiris.ch\/de\/","name":"Bien-\u00eatre Iris","description":"IHRE Gesundheit ist uns wichtig","potentialAction":[{"@type":"SearchAction","target":{"@type":"EntryPoint","urlTemplate":"https:\/\/bien-etreiris.ch\/de\/?s={search_term_string}"},"query-input":{"@type":"PropertyValueSpecification","valueRequired":true,"valueName":"search_term_string"}}],"inLanguage":"de"}]}},"_links":{"self":[{"href":"https:\/\/bien-etreiris.ch\/de\/wp-json\/wp\/v2\/pages\/92475","targetHints":{"allow":["GET"]}}],"collection":[{"href":"https:\/\/bien-etreiris.ch\/de\/wp-json\/wp\/v2\/pages"}],"about":[{"href":"https:\/\/bien-etreiris.ch\/de\/wp-json\/wp\/v2\/types\/page"}],"author":[{"embeddable":true,"href":"https:\/\/bien-etreiris.ch\/de\/wp-json\/wp\/v2\/users\/1"}],"replies":[{"embeddable":true,"href":"https:\/\/bien-etreiris.ch\/de\/wp-json\/wp\/v2\/comments?post=92475"}],"version-history":[{"count":4,"href":"https:\/\/bien-etreiris.ch\/de\/wp-json\/wp\/v2\/pages\/92475\/revisions"}],"predecessor-version":[{"id":92732,"href":"https:\/\/bien-etreiris.ch\/de\/wp-json\/wp\/v2\/pages\/92475\/revisions\/92732"}],"up":[{"embeddable":true,"href":"https:\/\/bien-etreiris.ch\/de\/wp-json\/wp\/v2\/pages\/71425"}],"wp:featuredmedia":[{"embeddable":true,"href":"https:\/\/bien-etreiris.ch\/de\/wp-json\/wp\/v2\/media\/55728"}],"wp:attachment":[{"href":"https:\/\/bien-etreiris.ch\/de\/wp-json\/wp\/v2\/media?parent=92475"}],"curies":[{"name":"wp","href":"https:\/\/api.w.org\/{rel}","templated":true}]}}