{"id":91931,"date":"2024-11-03T01:10:07","date_gmt":"2024-11-02T23:10:07","guid":{"rendered":"https:\/\/bien-etreiris.ch\/theiere-avec-tasse\/"},"modified":"2024-11-03T01:11:36","modified_gmt":"2024-11-02T23:11:36","slug":"theiere-avec-tasse","status":"publish","type":"page","link":"https:\/\/bien-etreiris.ch\/de\/theiere-avec-tasse\/","title":{"rendered":"THEIERE AVEC TASSE"},"content":{"rendered":"<h2>Th\u00e9i\u00e8re avec tasse<\/h2>\n<p>&nbsp;<\/p>\n<h4>Th\u00e9 pour un seul Sakura<\/h4>\n<p><img loading=\"lazy\" decoding=\"async\" class=\"alignnone size-full wp-image-91923\" src=\"https:\/\/bien-etreiris.ch\/wp-content\/uploads\/2024\/11\/acceuil-royal-tea-1.jpg\" alt=\"\" width=\"500\" height=\"333\" srcset=\"https:\/\/bien-etreiris.ch\/wp-content\/uploads\/2024\/11\/acceuil-royal-tea-1.jpg 500w, https:\/\/bien-etreiris.ch\/wp-content\/uploads\/2024\/11\/acceuil-royal-tea-1-300x200.jpg 300w\" sizes=\"auto, (max-width: 500px) 100vw, 500px\" \/> 1 set <strong>CHF<\/strong><\/p>\n<p>Ce set est tout ce dont vous avez besoin pour votre go\u00fbter en solo. Versez votre th\u00e9 de la th\u00e9i\u00e8re ci-dessus dans la tasse ci-dessous et profitez d'un moment de d\u00e9tente.<\/p>\n<p>&nbsp;<\/p>\n<p>&nbsp;<\/p>\n<hr>\n<h2>Th\u00e9 pour une personne Grues<\/h2>\n<p><img loading=\"lazy\" decoding=\"async\" class=\"alignnone size-full wp-image-91926\" src=\"https:\/\/bien-etreiris.ch\/wp-content\/uploads\/2024\/11\/acceuil-royal-tea-2.jpg\" alt=\"\" width=\"500\" height=\"333\" srcset=\"https:\/\/bien-etreiris.ch\/wp-content\/uploads\/2024\/11\/acceuil-royal-tea-2.jpg 500w, https:\/\/bien-etreiris.ch\/wp-content\/uploads\/2024\/11\/acceuil-royal-tea-2-300x200.jpg 300w\" sizes=\"auto, (max-width: 500px) 100vw, 500px\" \/> 1 Set <strong>CHF<\/strong><\/p>\n<p>Ce set est tout ce dont vous avez besoin pour votre th\u00e9 en solitaire. Versez votre th\u00e9 de la th\u00e9i\u00e8re du dessus dans la tasse du dessous et profitez d'un moment de d\u00e9tente.<\/p>\n\n\n\n","protected":false},"excerpt":{"rendered":"<p>Th\u00e9i\u00e8re avec tasse &nbsp; Th\u00e9 pour un seul Sakura 1 set CHF Ce set est tout ce dont vous avez besoin pour votre go\u00fbter en solo. Versez votre th\u00e9 de la th\u00e9i\u00e8re ci-dessus dans la tasse ci-dessous et profitez d'un moment de d\u00e9tente. &nbsp; &nbsp; Th\u00e9 pour une personne Grues 1 Set CHF Ce set est tout ce dont vous&nbsp;<a href=\"https:\/\/bien-etreiris.ch\/de\/theiere-avec-tasse\/\" class=\"read-more\">Weiter lesen<\/a><\/p>\n","protected":false},"author":1,"featured_media":91925,"parent":0,"menu_order":1062,"comment_status":"closed","ping_status":"closed","template":"page-with-child.php","meta":{"_acf_changed":false,"ngg_post_thumbnail":0,"footnotes":""},"class_list":["post-91931","page","type-page","status-publish","has-post-thumbnail","hentry"],"acf":[],"yoast_head":"<!-- This site is optimized with the Yoast SEO plugin v27.4 - https:\/\/yoast.com\/product\/yoast-seo-wordpress\/ -->\n<title>THEIERE AVEC TASSE - WOHLBEFINDEN<\/title>\n<meta name=\"robots\" content=\"index, follow, max-snippet:-1, max-image-preview:large, max-video-preview:-1\" \/>\n<link rel=\"canonical\" href=\"https:\/\/bien-etreiris.ch\/de\/theiere-avec-tasse\/\" \/>\n<meta property=\"og:locale\" content=\"de_DE\" \/>\n<meta property=\"og:type\" content=\"article\" \/>\n<meta property=\"og:title\" content=\"THEIERE AVEC TASSE - WOHLBEFINDEN\" \/>\n<meta property=\"og:description\" content=\"Th\u00e9i\u00e8re avec tasse &nbsp; Th\u00e9 pour un seul Sakura 1 set CHF Ce set est tout ce dont vous avez besoin pour votre go\u00fbter en solo. Versez votre th\u00e9 de la th\u00e9i\u00e8re ci-dessus dans la tasse ci-dessous et profitez d&#039;un moment de d\u00e9tente. &nbsp; &nbsp; Th\u00e9 pour une personne Grues 1 Set CHF Ce set est tout ce dont vous&nbsp;Weiter lesen\" \/>\n<meta property=\"og:url\" content=\"https:\/\/bien-etreiris.ch\/de\/theiere-avec-tasse\/\" \/>\n<meta property=\"og:site_name\" content=\"WOHLBEFINDEN\" \/>\n<meta property=\"article:publisher\" content=\"https:\/\/www.facebook.com\/bienetreiris\/\" \/>\n<meta property=\"article:modified_time\" content=\"2024-11-02T23:11:36+00:00\" \/>\n<meta property=\"og:image\" content=\"https:\/\/bien-etreiris.ch\/wp-content\/uploads\/2024\/11\/acceuil-royal-tea-1.jpg\" \/>\n\t<meta property=\"og:image:width\" content=\"500\" \/>\n\t<meta property=\"og:image:height\" content=\"333\" \/>\n\t<meta property=\"og:image:type\" content=\"image\/jpeg\" \/>\n<meta name=\"twitter:label1\" content=\"Gesch\u00e4tzte Lesezeit\" \/>\n\t<meta name=\"twitter:data1\" content=\"2\u00a0Minuten\" \/>\n<script type=\"application\/ld+json\" class=\"yoast-schema-graph\">{\"@context\":\"https:\\\/\\\/schema.org\",\"@graph\":[{\"@type\":\"WebPage\",\"@id\":\"https:\\\/\\\/bien-etreiris.ch\\\/de\\\/theiere-avec-tasse\\\/\",\"url\":\"https:\\\/\\\/bien-etreiris.ch\\\/de\\\/theiere-avec-tasse\\\/\",\"name\":\"THEIERE AVEC TASSE - WOHLBEFINDEN\",\"isPartOf\":{\"@id\":\"https:\\\/\\\/bien-etreiris.ch\\\/de\\\/#website\"},\"primaryImageOfPage\":{\"@id\":\"https:\\\/\\\/bien-etreiris.ch\\\/de\\\/theiere-avec-tasse\\\/#primaryimage\"},\"image\":{\"@id\":\"https:\\\/\\\/bien-etreiris.ch\\\/de\\\/theiere-avec-tasse\\\/#primaryimage\"},\"thumbnailUrl\":\"https:\\\/\\\/bien-etreiris.ch\\\/wp-content\\\/uploads\\\/2024\\\/11\\\/acceuil-royal-tea-1.jpg\",\"datePublished\":\"2024-11-02T23:10:07+00:00\",\"dateModified\":\"2024-11-02T23:11:36+00:00\",\"breadcrumb\":{\"@id\":\"https:\\\/\\\/bien-etreiris.ch\\\/de\\\/theiere-avec-tasse\\\/#breadcrumb\"},\"inLanguage\":\"de\",\"potentialAction\":[{\"@type\":\"ReadAction\",\"target\":[\"https:\\\/\\\/bien-etreiris.ch\\\/de\\\/theiere-avec-tasse\\\/\"]}]},{\"@type\":\"ImageObject\",\"inLanguage\":\"de\",\"@id\":\"https:\\\/\\\/bien-etreiris.ch\\\/de\\\/theiere-avec-tasse\\\/#primaryimage\",\"url\":\"https:\\\/\\\/bien-etreiris.ch\\\/wp-content\\\/uploads\\\/2024\\\/11\\\/acceuil-royal-tea-1.jpg\",\"contentUrl\":\"https:\\\/\\\/bien-etreiris.ch\\\/wp-content\\\/uploads\\\/2024\\\/11\\\/acceuil-royal-tea-1.jpg\",\"width\":500,\"height\":333},{\"@type\":\"BreadcrumbList\",\"@id\":\"https:\\\/\\\/bien-etreiris.ch\\\/de\\\/theiere-avec-tasse\\\/#breadcrumb\",\"itemListElement\":[{\"@type\":\"ListItem\",\"position\":1,\"name\":\"Home\",\"item\":\"https:\\\/\\\/bien-etreiris.ch\\\/de\\\/\"},{\"@type\":\"ListItem\",\"position\":2,\"name\":\"THEIERE AVEC TASSE\"}]},{\"@type\":\"WebSite\",\"@id\":\"https:\\\/\\\/bien-etreiris.ch\\\/de\\\/#website\",\"url\":\"https:\\\/\\\/bien-etreiris.ch\\\/de\\\/\",\"name\":\"Bien-\u00eatre Iris\",\"description\":\"IHRE Gesundheit ist uns wichtig\",\"potentialAction\":[{\"@type\":\"SearchAction\",\"target\":{\"@type\":\"EntryPoint\",\"urlTemplate\":\"https:\\\/\\\/bien-etreiris.ch\\\/de\\\/?s={search_term_string}\"},\"query-input\":{\"@type\":\"PropertyValueSpecification\",\"valueRequired\":true,\"valueName\":\"search_term_string\"}}],\"inLanguage\":\"de\"}]}<\/script>\n<!-- \/ Yoast SEO plugin. -->","yoast_head_json":{"title":"THEIERE AVEC TASSE - WOHLBEFINDEN","robots":{"index":"index","follow":"follow","max-snippet":"max-snippet:-1","max-image-preview":"max-image-preview:large","max-video-preview":"max-video-preview:-1"},"canonical":"https:\/\/bien-etreiris.ch\/de\/theiere-avec-tasse\/","og_locale":"de_DE","og_type":"article","og_title":"THEIERE AVEC TASSE - WOHLBEFINDEN","og_description":"Th\u00e9i\u00e8re avec tasse &nbsp; Th\u00e9 pour un seul Sakura 1 set CHF Ce set est tout ce dont vous avez besoin pour votre go\u00fbter en solo. Versez votre th\u00e9 de la th\u00e9i\u00e8re ci-dessus dans la tasse ci-dessous et profitez d'un moment de d\u00e9tente. &nbsp; &nbsp; Th\u00e9 pour une personne Grues 1 Set CHF Ce set est tout ce dont vous&nbsp;Weiter lesen","og_url":"https:\/\/bien-etreiris.ch\/de\/theiere-avec-tasse\/","og_site_name":"WOHLBEFINDEN","article_publisher":"https:\/\/www.facebook.com\/bienetreiris\/","article_modified_time":"2024-11-02T23:11:36+00:00","og_image":[{"width":500,"height":333,"url":"https:\/\/bien-etreiris.ch\/wp-content\/uploads\/2024\/11\/acceuil-royal-tea-1.jpg","type":"image\/jpeg"}],"twitter_misc":{"Gesch\u00e4tzte Lesezeit":"2\u00a0Minuten"},"schema":{"@context":"https:\/\/schema.org","@graph":[{"@type":"WebPage","@id":"https:\/\/bien-etreiris.ch\/de\/theiere-avec-tasse\/","url":"https:\/\/bien-etreiris.ch\/de\/theiere-avec-tasse\/","name":"THEIERE AVEC TASSE - WOHLBEFINDEN","isPartOf":{"@id":"https:\/\/bien-etreiris.ch\/de\/#website"},"primaryImageOfPage":{"@id":"https:\/\/bien-etreiris.ch\/de\/theiere-avec-tasse\/#primaryimage"},"image":{"@id":"https:\/\/bien-etreiris.ch\/de\/theiere-avec-tasse\/#primaryimage"},"thumbnailUrl":"https:\/\/bien-etreiris.ch\/wp-content\/uploads\/2024\/11\/acceuil-royal-tea-1.jpg","datePublished":"2024-11-02T23:10:07+00:00","dateModified":"2024-11-02T23:11:36+00:00","breadcrumb":{"@id":"https:\/\/bien-etreiris.ch\/de\/theiere-avec-tasse\/#breadcrumb"},"inLanguage":"de","potentialAction":[{"@type":"ReadAction","target":["https:\/\/bien-etreiris.ch\/de\/theiere-avec-tasse\/"]}]},{"@type":"ImageObject","inLanguage":"de","@id":"https:\/\/bien-etreiris.ch\/de\/theiere-avec-tasse\/#primaryimage","url":"https:\/\/bien-etreiris.ch\/wp-content\/uploads\/2024\/11\/acceuil-royal-tea-1.jpg","contentUrl":"https:\/\/bien-etreiris.ch\/wp-content\/uploads\/2024\/11\/acceuil-royal-tea-1.jpg","width":500,"height":333},{"@type":"BreadcrumbList","@id":"https:\/\/bien-etreiris.ch\/de\/theiere-avec-tasse\/#breadcrumb","itemListElement":[{"@type":"ListItem","position":1,"name":"Home","item":"https:\/\/bien-etreiris.ch\/de\/"},{"@type":"ListItem","position":2,"name":"THEIERE AVEC TASSE"}]},{"@type":"WebSite","@id":"https:\/\/bien-etreiris.ch\/de\/#website","url":"https:\/\/bien-etreiris.ch\/de\/","name":"Bien-\u00eatre Iris","description":"IHRE Gesundheit ist uns wichtig","potentialAction":[{"@type":"SearchAction","target":{"@type":"EntryPoint","urlTemplate":"https:\/\/bien-etreiris.ch\/de\/?s={search_term_string}"},"query-input":{"@type":"PropertyValueSpecification","valueRequired":true,"valueName":"search_term_string"}}],"inLanguage":"de"}]}},"_links":{"self":[{"href":"https:\/\/bien-etreiris.ch\/de\/wp-json\/wp\/v2\/pages\/91931","targetHints":{"allow":["GET"]}}],"collection":[{"href":"https:\/\/bien-etreiris.ch\/de\/wp-json\/wp\/v2\/pages"}],"about":[{"href":"https:\/\/bien-etreiris.ch\/de\/wp-json\/wp\/v2\/types\/page"}],"author":[{"embeddable":true,"href":"https:\/\/bien-etreiris.ch\/de\/wp-json\/wp\/v2\/users\/1"}],"replies":[{"embeddable":true,"href":"https:\/\/bien-etreiris.ch\/de\/wp-json\/wp\/v2\/comments?post=91931"}],"version-history":[{"count":2,"href":"https:\/\/bien-etreiris.ch\/de\/wp-json\/wp\/v2\/pages\/91931\/revisions"}],"predecessor-version":[{"id":91936,"href":"https:\/\/bien-etreiris.ch\/de\/wp-json\/wp\/v2\/pages\/91931\/revisions\/91936"}],"wp:featuredmedia":[{"embeddable":true,"href":"https:\/\/bien-etreiris.ch\/de\/wp-json\/wp\/v2\/media\/91925"}],"wp:attachment":[{"href":"https:\/\/bien-etreiris.ch\/de\/wp-json\/wp\/v2\/media?parent=91931"}],"curies":[{"name":"wp","href":"https:\/\/api.w.org\/{rel}","templated":true}]}}