{"id":91906,"date":"2024-11-03T00:31:53","date_gmt":"2024-11-02T22:31:53","guid":{"rendered":"https:\/\/bien-etreiris.ch\/filtre-en-porcelaine\/"},"modified":"2024-11-03T00:56:14","modified_gmt":"2024-11-02T22:56:14","slug":"filtre-en-porcelaine","status":"publish","type":"page","link":"https:\/\/bien-etreiris.ch\/de\/filtre-en-porcelaine\/","title":{"rendered":"FILTRE EN PORCELAINE"},"content":{"rendered":"<h2>Tasses \u00e0 th\u00e9 avec filtre-en-porcelaine<\/h2>\n<h4>Ces tasse permettent de pr\u00e9parer sa propre tasse de th\u00e9.<\/h4>\n<p>&nbsp;<\/p>\n<h2>Tasse \u00e0 th\u00e9 Sakura<\/h2>\n<p><img loading=\"lazy\" decoding=\"async\" class=\"wp-image-91895 alignleft\" src=\"https:\/\/bien-etreiris.ch\/wp-content\/uploads\/2024\/11\/Sakura.jpg\" alt=\"\" width=\"319\" height=\"316\" srcset=\"https:\/\/bien-etreiris.ch\/wp-content\/uploads\/2024\/11\/Sakura.jpg 480w, https:\/\/bien-etreiris.ch\/wp-content\/uploads\/2024\/11\/Sakura-300x297.jpg 300w, https:\/\/bien-etreiris.ch\/wp-content\/uploads\/2024\/11\/Sakura-150x150.jpg 150w\" sizes=\"auto, (max-width: 319px) 100vw, 319px\" \/><\/p>\n\n\n\n<h4>&nbsp;<\/h4>\n<p>&nbsp;<\/p>\n<h4><a href=\"https:\/\/bien-etreiris.ch\/nos-marques\/royaltea\/\" target=\"_blank\" rel=\"noopener\">ROYAL TEA<\/a><\/h4>\n<p>1 pi\u00e8ce CHF<\/p>\n<p>&nbsp;<\/p>\n<p>&nbsp;<\/p>\n<p>Le design de cette tasse \u00e0 th\u00e9 en porcelaine a \u00e9t\u00e9 inspir\u00e9 par la tradition japonaise du <em>hanami<\/em>: la c\u00e9l\u00e9bration de la floraison des cerisiers, connus sous le nom de <em>Sakura<\/em>. Filtre \u00e0 th\u00e9 en porcelaine inclus.<\/p>\n<p>&nbsp;<\/p>\n<p>&nbsp;<\/p>\n<hr>\n<h2>Tasse \u00e0 th\u00e9 dessin magnolia vert<\/h2>\n<p><img loading=\"lazy\" decoding=\"async\" class=\"wp-image-91898 alignleft\" src=\"https:\/\/bien-etreiris.ch\/wp-content\/uploads\/2024\/11\/magnolia-vert.jpg\" alt=\"\" width=\"327\" height=\"296\" srcset=\"https:\/\/bien-etreiris.ch\/wp-content\/uploads\/2024\/11\/magnolia-vert.jpg 483w, https:\/\/bien-etreiris.ch\/wp-content\/uploads\/2024\/11\/magnolia-vert-300x271.jpg 300w\" sizes=\"auto, (max-width: 327px) 100vw, 327px\" \/><\/p>\n<h3>&nbsp;<\/h3>\n<h3>&nbsp;<\/h3>\n<h4>&nbsp;<\/h4>\n<h4><a href=\"https:\/\/bien-etreiris.ch\/nos-marques\/royaltea\/\" target=\"_blank\" rel=\"noopener\">ROYAL TEA<\/a><\/h4>\n<p>1 pi\u00e8ce <strong>CHF<\/strong><\/p>\n<p>&nbsp;<\/p>\n<p>Arbre en fleurs sur fond vert fonc\u00e9. Cette tasse \u00e0 th\u00e9 se combine bien avec la tasse \u00e0 th\u00e9 magnolia bleue 6007500.<\/p>\n<p>Utilisez le <strong>filtre en porcelaine<\/strong> \u00e0 l'int\u00e9rieur de la tasse pour pr\u00e9parer votre th\u00e9 pr\u00e9f\u00e9r\u00e9 \u00e0 partir de feuilles de th\u00e9 s\u00e9ch\u00e9es.<\/p>\n<p>&nbsp;<\/p>\n<hr>\n<h2>Tasse \u00e0 th\u00e9 dessin magnolia bleu<\/h2>\n<p><img loading=\"lazy\" decoding=\"async\" class=\"wp-image-91901 alignleft\" src=\"https:\/\/bien-etreiris.ch\/wp-content\/uploads\/2024\/11\/magnolia-bleu.jpg\" alt=\"\" width=\"322\" height=\"344\" srcset=\"https:\/\/bien-etreiris.ch\/wp-content\/uploads\/2024\/11\/magnolia-bleu.jpg 476w, https:\/\/bien-etreiris.ch\/wp-content\/uploads\/2024\/11\/magnolia-bleu-281x300.jpg 281w\" sizes=\"auto, (max-width: 322px) 100vw, 322px\" \/><\/p>\n\n\n\n<p>&nbsp;<\/p>\n<p>&nbsp;<\/p>\n<h4><a href=\"https:\/\/bien-etreiris.ch\/nos-marques\/royaltea\/\" target=\"_blank\" rel=\"noopener\">ROYAL TEA<\/a><\/h4>\n<p>1 pi\u00e8ce <strong>CHF<\/strong><\/p>\n<p>&nbsp;<\/p>\n<p>&nbsp;<\/p>\n<p>Arbre en fleurs sur fond vert fonc\u00e9. Cette tasse \u00e0 th\u00e9 se combine bien avec la tasse \u00e0 th\u00e9 magnolia bleue 6007500.<\/p>\n<p>Utilisez le <strong>filtre en porcelaine<\/strong> \u00e0 l'int\u00e9rieur de la tasse pour pr\u00e9parer votre th\u00e9 pr\u00e9f\u00e9r\u00e9 \u00e0 partir de feuilles de th\u00e9 s\u00e9ch\u00e9es.<\/p>\n<p>&nbsp;<\/p>\n<p>&nbsp;<\/p>","protected":false},"excerpt":{"rendered":"<p>Tasses \u00e0 th\u00e9 avec filtre-en-porcelaine Ces tasse permettent de pr\u00e9parer sa propre tasse de th\u00e9. &nbsp; Tasse \u00e0 th\u00e9 Sakura &nbsp; &nbsp; ROYAL TEA 1 pi\u00e8ce CHF &nbsp; &nbsp; Le design de cette tasse \u00e0 th\u00e9 en porcelaine a \u00e9t\u00e9 inspir\u00e9 par la tradition japonaise du hanami: la c\u00e9l\u00e9bration de la floraison des cerisiers, connus sous le nom de Sakura.&nbsp;<a href=\"https:\/\/bien-etreiris.ch\/de\/filtre-en-porcelaine\/\" class=\"read-more\">Weiter lesen<\/a><\/p>\n","protected":false},"author":1,"featured_media":91894,"parent":0,"menu_order":1066,"comment_status":"closed","ping_status":"closed","template":"page-with-child.php","meta":{"_acf_changed":false,"ngg_post_thumbnail":0,"footnotes":""},"class_list":["post-91906","page","type-page","status-publish","has-post-thumbnail","hentry"],"acf":[],"yoast_head":"<!-- This site is optimized with the Yoast SEO plugin v27.4 - https:\/\/yoast.com\/product\/yoast-seo-wordpress\/ -->\n<title>FILTRE EN PORCELAINE - WOHLBEFINDEN<\/title>\n<meta name=\"robots\" content=\"index, follow, max-snippet:-1, max-image-preview:large, max-video-preview:-1\" \/>\n<link rel=\"canonical\" href=\"https:\/\/bien-etreiris.ch\/de\/filtre-en-porcelaine\/\" \/>\n<meta property=\"og:locale\" content=\"de_DE\" \/>\n<meta property=\"og:type\" content=\"article\" \/>\n<meta property=\"og:title\" content=\"FILTRE EN PORCELAINE - WOHLBEFINDEN\" \/>\n<meta property=\"og:description\" content=\"Tasses \u00e0 th\u00e9 avec filtre-en-porcelaine Ces tasse permettent de pr\u00e9parer sa propre tasse de th\u00e9. &nbsp; Tasse \u00e0 th\u00e9 Sakura &nbsp; &nbsp; ROYAL TEA 1 pi\u00e8ce CHF &nbsp; &nbsp; Le design de cette tasse \u00e0 th\u00e9 en porcelaine a \u00e9t\u00e9 inspir\u00e9 par la tradition japonaise du hanami: la c\u00e9l\u00e9bration de la floraison des cerisiers, connus sous le nom de Sakura.&nbsp;Weiter lesen\" \/>\n<meta property=\"og:url\" content=\"https:\/\/bien-etreiris.ch\/de\/filtre-en-porcelaine\/\" \/>\n<meta property=\"og:site_name\" content=\"WOHLBEFINDEN\" \/>\n<meta property=\"article:publisher\" content=\"https:\/\/www.facebook.com\/bienetreiris\/\" \/>\n<meta property=\"article:modified_time\" content=\"2024-11-02T22:56:14+00:00\" \/>\n<meta property=\"og:image\" content=\"https:\/\/bien-etreiris.ch\/wp-content\/uploads\/2024\/11\/acceuil-filtre-en-porcelaine.jpg\" \/>\n\t<meta property=\"og:image:width\" content=\"500\" \/>\n\t<meta property=\"og:image:height\" content=\"333\" \/>\n\t<meta property=\"og:image:type\" content=\"image\/jpeg\" \/>\n<meta name=\"twitter:label1\" content=\"Gesch\u00e4tzte Lesezeit\" \/>\n\t<meta name=\"twitter:data1\" content=\"2\u00a0Minuten\" \/>\n<script type=\"application\/ld+json\" class=\"yoast-schema-graph\">{\"@context\":\"https:\\\/\\\/schema.org\",\"@graph\":[{\"@type\":\"WebPage\",\"@id\":\"https:\\\/\\\/bien-etreiris.ch\\\/de\\\/filtre-en-porcelaine\\\/\",\"url\":\"https:\\\/\\\/bien-etreiris.ch\\\/de\\\/filtre-en-porcelaine\\\/\",\"name\":\"FILTRE EN PORCELAINE - WOHLBEFINDEN\",\"isPartOf\":{\"@id\":\"https:\\\/\\\/bien-etreiris.ch\\\/de\\\/#website\"},\"primaryImageOfPage\":{\"@id\":\"https:\\\/\\\/bien-etreiris.ch\\\/de\\\/filtre-en-porcelaine\\\/#primaryimage\"},\"image\":{\"@id\":\"https:\\\/\\\/bien-etreiris.ch\\\/de\\\/filtre-en-porcelaine\\\/#primaryimage\"},\"thumbnailUrl\":\"https:\\\/\\\/bien-etreiris.ch\\\/wp-content\\\/uploads\\\/2024\\\/11\\\/acceuil-filtre-en-porcelaine.jpg\",\"datePublished\":\"2024-11-02T22:31:53+00:00\",\"dateModified\":\"2024-11-02T22:56:14+00:00\",\"breadcrumb\":{\"@id\":\"https:\\\/\\\/bien-etreiris.ch\\\/de\\\/filtre-en-porcelaine\\\/#breadcrumb\"},\"inLanguage\":\"de\",\"potentialAction\":[{\"@type\":\"ReadAction\",\"target\":[\"https:\\\/\\\/bien-etreiris.ch\\\/de\\\/filtre-en-porcelaine\\\/\"]}]},{\"@type\":\"ImageObject\",\"inLanguage\":\"de\",\"@id\":\"https:\\\/\\\/bien-etreiris.ch\\\/de\\\/filtre-en-porcelaine\\\/#primaryimage\",\"url\":\"https:\\\/\\\/bien-etreiris.ch\\\/wp-content\\\/uploads\\\/2024\\\/11\\\/acceuil-filtre-en-porcelaine.jpg\",\"contentUrl\":\"https:\\\/\\\/bien-etreiris.ch\\\/wp-content\\\/uploads\\\/2024\\\/11\\\/acceuil-filtre-en-porcelaine.jpg\",\"width\":500,\"height\":333},{\"@type\":\"BreadcrumbList\",\"@id\":\"https:\\\/\\\/bien-etreiris.ch\\\/de\\\/filtre-en-porcelaine\\\/#breadcrumb\",\"itemListElement\":[{\"@type\":\"ListItem\",\"position\":1,\"name\":\"Home\",\"item\":\"https:\\\/\\\/bien-etreiris.ch\\\/de\\\/\"},{\"@type\":\"ListItem\",\"position\":2,\"name\":\"FILTRE EN PORCELAINE\"}]},{\"@type\":\"WebSite\",\"@id\":\"https:\\\/\\\/bien-etreiris.ch\\\/de\\\/#website\",\"url\":\"https:\\\/\\\/bien-etreiris.ch\\\/de\\\/\",\"name\":\"Bien-\u00eatre Iris\",\"description\":\"IHRE Gesundheit ist uns wichtig\",\"potentialAction\":[{\"@type\":\"SearchAction\",\"target\":{\"@type\":\"EntryPoint\",\"urlTemplate\":\"https:\\\/\\\/bien-etreiris.ch\\\/de\\\/?s={search_term_string}\"},\"query-input\":{\"@type\":\"PropertyValueSpecification\",\"valueRequired\":true,\"valueName\":\"search_term_string\"}}],\"inLanguage\":\"de\"}]}<\/script>\n<!-- \/ Yoast SEO plugin. -->","yoast_head_json":{"title":"FILTRE EN PORCELAINE - WOHLBEFINDEN","robots":{"index":"index","follow":"follow","max-snippet":"max-snippet:-1","max-image-preview":"max-image-preview:large","max-video-preview":"max-video-preview:-1"},"canonical":"https:\/\/bien-etreiris.ch\/de\/filtre-en-porcelaine\/","og_locale":"de_DE","og_type":"article","og_title":"FILTRE EN PORCELAINE - WOHLBEFINDEN","og_description":"Tasses \u00e0 th\u00e9 avec filtre-en-porcelaine Ces tasse permettent de pr\u00e9parer sa propre tasse de th\u00e9. &nbsp; Tasse \u00e0 th\u00e9 Sakura &nbsp; &nbsp; ROYAL TEA 1 pi\u00e8ce CHF &nbsp; &nbsp; Le design de cette tasse \u00e0 th\u00e9 en porcelaine a \u00e9t\u00e9 inspir\u00e9 par la tradition japonaise du hanami: la c\u00e9l\u00e9bration de la floraison des cerisiers, connus sous le nom de Sakura.&nbsp;Weiter lesen","og_url":"https:\/\/bien-etreiris.ch\/de\/filtre-en-porcelaine\/","og_site_name":"WOHLBEFINDEN","article_publisher":"https:\/\/www.facebook.com\/bienetreiris\/","article_modified_time":"2024-11-02T22:56:14+00:00","og_image":[{"width":500,"height":333,"url":"https:\/\/bien-etreiris.ch\/wp-content\/uploads\/2024\/11\/acceuil-filtre-en-porcelaine.jpg","type":"image\/jpeg"}],"twitter_misc":{"Gesch\u00e4tzte Lesezeit":"2\u00a0Minuten"},"schema":{"@context":"https:\/\/schema.org","@graph":[{"@type":"WebPage","@id":"https:\/\/bien-etreiris.ch\/de\/filtre-en-porcelaine\/","url":"https:\/\/bien-etreiris.ch\/de\/filtre-en-porcelaine\/","name":"FILTRE EN PORCELAINE - WOHLBEFINDEN","isPartOf":{"@id":"https:\/\/bien-etreiris.ch\/de\/#website"},"primaryImageOfPage":{"@id":"https:\/\/bien-etreiris.ch\/de\/filtre-en-porcelaine\/#primaryimage"},"image":{"@id":"https:\/\/bien-etreiris.ch\/de\/filtre-en-porcelaine\/#primaryimage"},"thumbnailUrl":"https:\/\/bien-etreiris.ch\/wp-content\/uploads\/2024\/11\/acceuil-filtre-en-porcelaine.jpg","datePublished":"2024-11-02T22:31:53+00:00","dateModified":"2024-11-02T22:56:14+00:00","breadcrumb":{"@id":"https:\/\/bien-etreiris.ch\/de\/filtre-en-porcelaine\/#breadcrumb"},"inLanguage":"de","potentialAction":[{"@type":"ReadAction","target":["https:\/\/bien-etreiris.ch\/de\/filtre-en-porcelaine\/"]}]},{"@type":"ImageObject","inLanguage":"de","@id":"https:\/\/bien-etreiris.ch\/de\/filtre-en-porcelaine\/#primaryimage","url":"https:\/\/bien-etreiris.ch\/wp-content\/uploads\/2024\/11\/acceuil-filtre-en-porcelaine.jpg","contentUrl":"https:\/\/bien-etreiris.ch\/wp-content\/uploads\/2024\/11\/acceuil-filtre-en-porcelaine.jpg","width":500,"height":333},{"@type":"BreadcrumbList","@id":"https:\/\/bien-etreiris.ch\/de\/filtre-en-porcelaine\/#breadcrumb","itemListElement":[{"@type":"ListItem","position":1,"name":"Home","item":"https:\/\/bien-etreiris.ch\/de\/"},{"@type":"ListItem","position":2,"name":"FILTRE EN PORCELAINE"}]},{"@type":"WebSite","@id":"https:\/\/bien-etreiris.ch\/de\/#website","url":"https:\/\/bien-etreiris.ch\/de\/","name":"Bien-\u00eatre Iris","description":"IHRE Gesundheit ist uns wichtig","potentialAction":[{"@type":"SearchAction","target":{"@type":"EntryPoint","urlTemplate":"https:\/\/bien-etreiris.ch\/de\/?s={search_term_string}"},"query-input":{"@type":"PropertyValueSpecification","valueRequired":true,"valueName":"search_term_string"}}],"inLanguage":"de"}]}},"_links":{"self":[{"href":"https:\/\/bien-etreiris.ch\/de\/wp-json\/wp\/v2\/pages\/91906","targetHints":{"allow":["GET"]}}],"collection":[{"href":"https:\/\/bien-etreiris.ch\/de\/wp-json\/wp\/v2\/pages"}],"about":[{"href":"https:\/\/bien-etreiris.ch\/de\/wp-json\/wp\/v2\/types\/page"}],"author":[{"embeddable":true,"href":"https:\/\/bien-etreiris.ch\/de\/wp-json\/wp\/v2\/users\/1"}],"replies":[{"embeddable":true,"href":"https:\/\/bien-etreiris.ch\/de\/wp-json\/wp\/v2\/comments?post=91906"}],"version-history":[{"count":3,"href":"https:\/\/bien-etreiris.ch\/de\/wp-json\/wp\/v2\/pages\/91906\/revisions"}],"predecessor-version":[{"id":91921,"href":"https:\/\/bien-etreiris.ch\/de\/wp-json\/wp\/v2\/pages\/91906\/revisions\/91921"}],"wp:featuredmedia":[{"embeddable":true,"href":"https:\/\/bien-etreiris.ch\/de\/wp-json\/wp\/v2\/media\/91894"}],"wp:attachment":[{"href":"https:\/\/bien-etreiris.ch\/de\/wp-json\/wp\/v2\/media?parent=91906"}],"curies":[{"name":"wp","href":"https:\/\/api.w.org\/{rel}","templated":true}]}}