{"id":91876,"date":"2024-11-03T00:08:01","date_gmt":"2024-11-02T22:08:01","guid":{"rendered":"https:\/\/bien-etreiris.ch\/tasses-sans-anse\/"},"modified":"2024-11-03T00:08:33","modified_gmt":"2024-11-02T22:08:33","slug":"tasses-sans-anse","status":"publish","type":"page","link":"https:\/\/bien-etreiris.ch\/de\/tasses-sans-anse\/","title":{"rendered":"TASSES SANS ANSE"},"content":{"rendered":"<h2>Tasses sans anse<\/h2>\n<p>Enfin du temps pour vous-m\u00eame \u2013 enfin du temps pour une petite pause de la vie quotidienne! Le Teaeve vous donne un sentiment de s\u00e9curit\u00e9 et de nombreux moments de bien-\u00eatre. Peu importe si vous \u00eates \u00e0 la maison sur le canap\u00e9 ou au bureau. C\u2019est le cadeau id\u00e9al pour vous-m\u00eame ou vos amis les plus chers. Parce que quoi de mieux que de boire du th\u00e9? C\u2019est tr\u00e8s simple: le savourer chaud, fra\u00eechement infus\u00e9 et avec tout l\u2019ar\u00f4me! De pr\u00e9f\u00e9rence \u00e0 partir d\u2019une tasse qui rend cela possible gr\u00e2ce \u00e0 sa taille et son ing\u00e9nieux design int\u00e9rieur avec la cr\u00e9pine en acier inoxydable facilement amovible. Mais vous tomberez probablement d\u00e9j\u00e0 amoureux de son ext\u00e9rieur. Les nombreux dessins artistiques sont agr\u00e9ables \u00e0 l\u2019\u0153il \u2013 et la surface lisse de la porcelaine \u00e0 double paroi \u00e0 vos mains. La prochaine pause th\u00e9 est \u00e0 venir.<\/p>\n<p>&nbsp;<\/p>\n<h2 class=\"product-detail-description-title\">Teaeve Mandala Ebony<\/h2>\n<p><img loading=\"lazy\" decoding=\"async\" class=\"wp-image-91376 alignleft\" src=\"https:\/\/bien-etreiris.ch\/wp-content\/uploads\/2024\/10\/Mandala-1.jpg\" alt=\"\" width=\"306\" height=\"306\" srcset=\"https:\/\/bien-etreiris.ch\/wp-content\/uploads\/2024\/10\/Mandala-1.jpg 1000w, https:\/\/bien-etreiris.ch\/wp-content\/uploads\/2024\/10\/Mandala-1-300x300.jpg 300w, https:\/\/bien-etreiris.ch\/wp-content\/uploads\/2024\/10\/Mandala-1-150x150.jpg 150w, https:\/\/bien-etreiris.ch\/wp-content\/uploads\/2024\/10\/Mandala-1-768x768.jpg 768w\" sizes=\"auto, (max-width: 306px) 100vw, 306px\" \/><\/p>\n<p>&nbsp;<\/p>\n<p>&nbsp;<\/p>\n<h4><a href=\"https:\/\/bien-etreiris.ch\/de\/unsere-marken\/eigenart\/\" target=\"_blank\" rel=\"noopener\">EIGENART<\/a><\/h4>\n<ul>\n<li><span class=\"feature-text\">Tasse en porcelaine \u00e0 double paroi <\/span><\/li>\n<li class=\"list-group-item bg-transparent\"><span class=\"feature-text\">Grande cr\u00e9pine en acier inoxydable <\/span><\/li>\n<li class=\"list-group-item bg-transparent\"><span class=\"feature-text\"> Pour une pr\u00e9paration optimale du th\u00e9 <\/span><\/li>\n<li class=\"list-group-item bg-transparent\"><span class=\"feature-text\"> Poign\u00e9e avec prise pour le retrait du tamis <\/span><\/li>\n<li class=\"list-group-item bg-transparent\"><span class=\"feature-text\"> Couvercle pour l\u2019isolation thermique <\/span><\/li>\n<li class=\"list-group-item bg-transparent\"><span class=\"feature-text\"> Couvercle comme surface de rangement pour la cr\u00e9pine <\/span><\/li>\n<li class=\"list-group-item bg-transparent\"><span class=\"feature-text\"> Environ 350 ml <\/span><\/li>\n<li class=\"list-group-item bg-transparent\"><span class=\"feature-text\"> Hauteur approx.13 cm <\/span><\/li>\n<\/ul>\n<p>1 pi\u00e8ce <strong>CHF 27.90<\/strong><\/p>\n<p>&nbsp;<\/p>\n<p>&nbsp;<\/p>\n<p>&nbsp;<\/p>\n<h4 class=\"product-detail-description-title\">Informations sur le produit \"Teaeve Mandala Ebony\"<\/h4>\n<div class=\"product-detail-description-text\">\n<p>La tasse en porcelaine \u00e0 double paroi est une exp\u00e9rience haptique et un plaisir \u00e0 tenir. La grande passoire en acier inoxydable aux perforations d\u00e9taill\u00e9es est parfaite pour le d\u00e9veloppement id\u00e9al de l'ar\u00f4me du th\u00e9.<\/p>\n<p>Le couvercle en porcelaine assorti peut \u00eatre utilis\u00e9 pour couvrir et servir de surface de repos pour la passoire en acier inoxydable.<\/p>\n<p>Pour que vous puissiez profiter longtemps de ce design, nous vous recommandons de laver le TEAEVE \u00e0 la main. Ne convient pas au micro-ondes.<\/p>\n<h6><strong>L\u2019ensemble comprend:<\/strong><\/h6>\n<ul>\n<li>Tasse en porcelaine \u00e0 double paroi<\/li>\n<li>Couvercle en porcelaine assorti<\/li>\n<li>Filtre en acier inoxydable de haute qualit\u00e9<\/li>\n<li>Bo\u00eete-cadeau exclusive<\/li>\n<\/ul>\n<\/div>\n","protected":false},"excerpt":{"rendered":"<p>Tasses sans anse Enfin du temps pour vous-m\u00eame \u2013 enfin du temps pour une petite pause de la vie quotidienne! Le Teaeve vous donne un sentiment de s\u00e9curit\u00e9 et de nombreux moments de bien-\u00eatre. Peu importe si vous \u00eates \u00e0 la maison sur le canap\u00e9 ou au bureau. C\u2019est le cadeau id\u00e9al pour vous-m\u00eame ou vos amis les plus chers.&nbsp;<a href=\"https:\/\/bien-etreiris.ch\/de\/tasses-sans-anse\/\" class=\"read-more\">Weiter lesen<\/a><\/p>\n","protected":false},"author":1,"featured_media":91873,"parent":0,"menu_order":1073,"comment_status":"closed","ping_status":"closed","template":"page-with-child.php","meta":{"_acf_changed":false,"ngg_post_thumbnail":0,"footnotes":""},"class_list":["post-91876","page","type-page","status-publish","has-post-thumbnail","hentry"],"acf":[],"yoast_head":"<!-- This site is optimized with the Yoast SEO plugin v27.4 - https:\/\/yoast.com\/product\/yoast-seo-wordpress\/ -->\n<title>TASSES SANS ANSE - WOHLBEFINDEN<\/title>\n<meta name=\"robots\" content=\"index, follow, max-snippet:-1, max-image-preview:large, max-video-preview:-1\" \/>\n<link rel=\"canonical\" href=\"https:\/\/bien-etreiris.ch\/de\/tasses-sans-anse\/\" \/>\n<meta property=\"og:locale\" content=\"de_DE\" \/>\n<meta property=\"og:type\" content=\"article\" \/>\n<meta property=\"og:title\" content=\"TASSES SANS ANSE - WOHLBEFINDEN\" \/>\n<meta property=\"og:description\" content=\"Tasses sans anse Enfin du temps pour vous-m\u00eame \u2013 enfin du temps pour une petite pause de la vie quotidienne! Le Teaeve vous donne un sentiment de s\u00e9curit\u00e9 et de nombreux moments de bien-\u00eatre. Peu importe si vous \u00eates \u00e0 la maison sur le canap\u00e9 ou au bureau. C\u2019est le cadeau id\u00e9al pour vous-m\u00eame ou vos amis les plus chers.&nbsp;Weiter lesen\" \/>\n<meta property=\"og:url\" content=\"https:\/\/bien-etreiris.ch\/de\/tasses-sans-anse\/\" \/>\n<meta property=\"og:site_name\" content=\"WOHLBEFINDEN\" \/>\n<meta property=\"article:publisher\" content=\"https:\/\/www.facebook.com\/bienetreiris\/\" \/>\n<meta property=\"article:modified_time\" content=\"2024-11-02T22:08:33+00:00\" \/>\n<meta property=\"og:image\" content=\"https:\/\/bien-etreiris.ch\/wp-content\/uploads\/2024\/11\/acceuil-tasses-sans-anse.jpg\" \/>\n\t<meta property=\"og:image:width\" content=\"500\" \/>\n\t<meta property=\"og:image:height\" content=\"333\" \/>\n\t<meta property=\"og:image:type\" content=\"image\/jpeg\" \/>\n<meta name=\"twitter:label1\" content=\"Gesch\u00e4tzte Lesezeit\" \/>\n\t<meta name=\"twitter:data1\" content=\"2\u00a0Minuten\" \/>\n<script type=\"application\/ld+json\" class=\"yoast-schema-graph\">{\"@context\":\"https:\\\/\\\/schema.org\",\"@graph\":[{\"@type\":\"WebPage\",\"@id\":\"https:\\\/\\\/bien-etreiris.ch\\\/de\\\/tasses-sans-anse\\\/\",\"url\":\"https:\\\/\\\/bien-etreiris.ch\\\/de\\\/tasses-sans-anse\\\/\",\"name\":\"TASSES SANS ANSE - WOHLBEFINDEN\",\"isPartOf\":{\"@id\":\"https:\\\/\\\/bien-etreiris.ch\\\/de\\\/#website\"},\"primaryImageOfPage\":{\"@id\":\"https:\\\/\\\/bien-etreiris.ch\\\/de\\\/tasses-sans-anse\\\/#primaryimage\"},\"image\":{\"@id\":\"https:\\\/\\\/bien-etreiris.ch\\\/de\\\/tasses-sans-anse\\\/#primaryimage\"},\"thumbnailUrl\":\"https:\\\/\\\/bien-etreiris.ch\\\/wp-content\\\/uploads\\\/2024\\\/11\\\/acceuil-tasses-sans-anse.jpg\",\"datePublished\":\"2024-11-02T22:08:01+00:00\",\"dateModified\":\"2024-11-02T22:08:33+00:00\",\"breadcrumb\":{\"@id\":\"https:\\\/\\\/bien-etreiris.ch\\\/de\\\/tasses-sans-anse\\\/#breadcrumb\"},\"inLanguage\":\"de\",\"potentialAction\":[{\"@type\":\"ReadAction\",\"target\":[\"https:\\\/\\\/bien-etreiris.ch\\\/de\\\/tasses-sans-anse\\\/\"]}]},{\"@type\":\"ImageObject\",\"inLanguage\":\"de\",\"@id\":\"https:\\\/\\\/bien-etreiris.ch\\\/de\\\/tasses-sans-anse\\\/#primaryimage\",\"url\":\"https:\\\/\\\/bien-etreiris.ch\\\/wp-content\\\/uploads\\\/2024\\\/11\\\/acceuil-tasses-sans-anse.jpg\",\"contentUrl\":\"https:\\\/\\\/bien-etreiris.ch\\\/wp-content\\\/uploads\\\/2024\\\/11\\\/acceuil-tasses-sans-anse.jpg\",\"width\":500,\"height\":333},{\"@type\":\"BreadcrumbList\",\"@id\":\"https:\\\/\\\/bien-etreiris.ch\\\/de\\\/tasses-sans-anse\\\/#breadcrumb\",\"itemListElement\":[{\"@type\":\"ListItem\",\"position\":1,\"name\":\"Home\",\"item\":\"https:\\\/\\\/bien-etreiris.ch\\\/de\\\/\"},{\"@type\":\"ListItem\",\"position\":2,\"name\":\"TASSES SANS ANSE\"}]},{\"@type\":\"WebSite\",\"@id\":\"https:\\\/\\\/bien-etreiris.ch\\\/de\\\/#website\",\"url\":\"https:\\\/\\\/bien-etreiris.ch\\\/de\\\/\",\"name\":\"Bien-\u00eatre Iris\",\"description\":\"IHRE Gesundheit ist uns wichtig\",\"potentialAction\":[{\"@type\":\"SearchAction\",\"target\":{\"@type\":\"EntryPoint\",\"urlTemplate\":\"https:\\\/\\\/bien-etreiris.ch\\\/de\\\/?s={search_term_string}\"},\"query-input\":{\"@type\":\"PropertyValueSpecification\",\"valueRequired\":true,\"valueName\":\"search_term_string\"}}],\"inLanguage\":\"de\"}]}<\/script>\n<!-- \/ Yoast SEO plugin. -->","yoast_head_json":{"title":"TASSES SANS ANSE - WOHLBEFINDEN","robots":{"index":"index","follow":"follow","max-snippet":"max-snippet:-1","max-image-preview":"max-image-preview:large","max-video-preview":"max-video-preview:-1"},"canonical":"https:\/\/bien-etreiris.ch\/de\/tasses-sans-anse\/","og_locale":"de_DE","og_type":"article","og_title":"TASSES SANS ANSE - WOHLBEFINDEN","og_description":"Tasses sans anse Enfin du temps pour vous-m\u00eame \u2013 enfin du temps pour une petite pause de la vie quotidienne! Le Teaeve vous donne un sentiment de s\u00e9curit\u00e9 et de nombreux moments de bien-\u00eatre. Peu importe si vous \u00eates \u00e0 la maison sur le canap\u00e9 ou au bureau. C\u2019est le cadeau id\u00e9al pour vous-m\u00eame ou vos amis les plus chers.&nbsp;Weiter lesen","og_url":"https:\/\/bien-etreiris.ch\/de\/tasses-sans-anse\/","og_site_name":"WOHLBEFINDEN","article_publisher":"https:\/\/www.facebook.com\/bienetreiris\/","article_modified_time":"2024-11-02T22:08:33+00:00","og_image":[{"width":500,"height":333,"url":"https:\/\/bien-etreiris.ch\/wp-content\/uploads\/2024\/11\/acceuil-tasses-sans-anse.jpg","type":"image\/jpeg"}],"twitter_misc":{"Gesch\u00e4tzte Lesezeit":"2\u00a0Minuten"},"schema":{"@context":"https:\/\/schema.org","@graph":[{"@type":"WebPage","@id":"https:\/\/bien-etreiris.ch\/de\/tasses-sans-anse\/","url":"https:\/\/bien-etreiris.ch\/de\/tasses-sans-anse\/","name":"TASSES SANS ANSE - WOHLBEFINDEN","isPartOf":{"@id":"https:\/\/bien-etreiris.ch\/de\/#website"},"primaryImageOfPage":{"@id":"https:\/\/bien-etreiris.ch\/de\/tasses-sans-anse\/#primaryimage"},"image":{"@id":"https:\/\/bien-etreiris.ch\/de\/tasses-sans-anse\/#primaryimage"},"thumbnailUrl":"https:\/\/bien-etreiris.ch\/wp-content\/uploads\/2024\/11\/acceuil-tasses-sans-anse.jpg","datePublished":"2024-11-02T22:08:01+00:00","dateModified":"2024-11-02T22:08:33+00:00","breadcrumb":{"@id":"https:\/\/bien-etreiris.ch\/de\/tasses-sans-anse\/#breadcrumb"},"inLanguage":"de","potentialAction":[{"@type":"ReadAction","target":["https:\/\/bien-etreiris.ch\/de\/tasses-sans-anse\/"]}]},{"@type":"ImageObject","inLanguage":"de","@id":"https:\/\/bien-etreiris.ch\/de\/tasses-sans-anse\/#primaryimage","url":"https:\/\/bien-etreiris.ch\/wp-content\/uploads\/2024\/11\/acceuil-tasses-sans-anse.jpg","contentUrl":"https:\/\/bien-etreiris.ch\/wp-content\/uploads\/2024\/11\/acceuil-tasses-sans-anse.jpg","width":500,"height":333},{"@type":"BreadcrumbList","@id":"https:\/\/bien-etreiris.ch\/de\/tasses-sans-anse\/#breadcrumb","itemListElement":[{"@type":"ListItem","position":1,"name":"Home","item":"https:\/\/bien-etreiris.ch\/de\/"},{"@type":"ListItem","position":2,"name":"TASSES SANS ANSE"}]},{"@type":"WebSite","@id":"https:\/\/bien-etreiris.ch\/de\/#website","url":"https:\/\/bien-etreiris.ch\/de\/","name":"Bien-\u00eatre Iris","description":"IHRE Gesundheit ist uns wichtig","potentialAction":[{"@type":"SearchAction","target":{"@type":"EntryPoint","urlTemplate":"https:\/\/bien-etreiris.ch\/de\/?s={search_term_string}"},"query-input":{"@type":"PropertyValueSpecification","valueRequired":true,"valueName":"search_term_string"}}],"inLanguage":"de"}]}},"_links":{"self":[{"href":"https:\/\/bien-etreiris.ch\/de\/wp-json\/wp\/v2\/pages\/91876","targetHints":{"allow":["GET"]}}],"collection":[{"href":"https:\/\/bien-etreiris.ch\/de\/wp-json\/wp\/v2\/pages"}],"about":[{"href":"https:\/\/bien-etreiris.ch\/de\/wp-json\/wp\/v2\/types\/page"}],"author":[{"embeddable":true,"href":"https:\/\/bien-etreiris.ch\/de\/wp-json\/wp\/v2\/users\/1"}],"replies":[{"embeddable":true,"href":"https:\/\/bien-etreiris.ch\/de\/wp-json\/wp\/v2\/comments?post=91876"}],"version-history":[{"count":1,"href":"https:\/\/bien-etreiris.ch\/de\/wp-json\/wp\/v2\/pages\/91876\/revisions"}],"predecessor-version":[{"id":91878,"href":"https:\/\/bien-etreiris.ch\/de\/wp-json\/wp\/v2\/pages\/91876\/revisions\/91878"}],"wp:featuredmedia":[{"embeddable":true,"href":"https:\/\/bien-etreiris.ch\/de\/wp-json\/wp\/v2\/media\/91873"}],"wp:attachment":[{"href":"https:\/\/bien-etreiris.ch\/de\/wp-json\/wp\/v2\/media?parent=91876"}],"curies":[{"name":"wp","href":"https:\/\/api.w.org\/{rel}","templated":true}]}}