{"id":91353,"date":"2024-10-31T12:32:45","date_gmt":"2024-10-31T10:32:45","guid":{"rendered":"https:\/\/bien-etreiris.ch\/produktpraesentation\/gesundes-leben\/nahrungsergaenzungsmittel\/pflanzenheilkunde-gleichgewicht-durch-heilpflanzen\/zubehoer-fuer-die-phytotherapie\/teezubehoer\/verres-a-double-paroi\/"},"modified":"2024-11-01T12:18:30","modified_gmt":"2024-11-01T10:18:30","slug":"verres-a-double-paroi","status":"publish","type":"page","link":"https:\/\/bien-etreiris.ch\/de\/produktpraesentation\/gesundes-leben\/nahrungsergaenzungsmittel\/pflanzenheilkunde-gleichgewicht-durch-heilpflanzen\/zubehoer-fuer-die-phytotherapie\/teezubehoer\/verres-a-double-paroi\/","title":{"rendered":"VERRES A DOUBLE PAROI"},"content":{"rendered":"\n<h2>Verres <span class=\"feature-text\">en borosilicate<\/span> \u00e0 double paroi<\/h2>\n\n\n\n<p><img loading=\"lazy\" decoding=\"async\" class=\"wp-image-91348 alignleft\" src=\"https:\/\/bien-etreiris.ch\/wp-content\/uploads\/2024\/10\/verres.jpg\" alt=\"\" width=\"460\" height=\"479\" srcset=\"https:\/\/bien-etreiris.ch\/wp-content\/uploads\/2024\/10\/verres.jpg 616w, https:\/\/bien-etreiris.ch\/wp-content\/uploads\/2024\/10\/verres-288x300.jpg 288w\" sizes=\"auto, (max-width: 460px) 100vw, 460px\" \/><\/p>\n\n\n<p>&nbsp;<\/p>\n<p>&nbsp;<\/p>\n<p>&nbsp;<\/p>\n<p>&nbsp;<\/p>\n<p>&nbsp;<\/p>\n<p>&nbsp;<\/p>\n<h4><a href=\"https:\/\/bien-etreiris.ch\/de\/unsere-marken\/eigenart\/\" target=\"_blank\" rel=\"noopener\">EIGENART<\/a><\/h4>\n<ul style=\"list-style-type: disc;\">\n<li class=\"list-group-item bg-transparent\"><span class=\"feature-text\">verre en borosilicate \u00e0 double paroi <\/span><\/li>\n<li class=\"list-group-item bg-transparent\"><span class=\"feature-text\"> convient pour les boissons chaudes et froides, capacit\u00e9 de remplissage 250ml <\/span><\/li>\n<li class=\"list-group-item bg-transparent\"><span class=\"feature-text\"> convient pour les filtres Teaeve <\/span><\/li>\n<li class=\"list-group-item bg-transparent\"><span class=\"feature-text\"> impression int\u00e9rieure brillante <\/span><\/li>\n<li class=\"list-group-item bg-transparent\"><span class=\"feature-text\"> emballage cadeau <\/span><\/li>\n<\/ul>\n<p>1 pi\u00e8ce <strong>CHF 10.50<\/strong><\/p>\n<p>&nbsp;<\/p>\n<p>&nbsp;<\/p>\n<h4>Informations sur le produit \"Lyn Amami\"<\/h4>\n<p>Des moments de pur plaisir ! Que ce soit en hiver pour votre th\u00e9 pr\u00e9f\u00e9r\u00e9 ou en \u00e9t\u00e9 pour un spritzer rafra\u00eechissant, les verres de la s\u00e9rie Lyn sont parfaitement adapt\u00e9s aux boissons chaudes et froides gr\u00e2ce \u00e0 l'utilisation de verre borosilicat\u00e9 r\u00e9sistant \u00e0 la temp\u00e9rature. Les verres \u00e0 double paroi ne convainquent pas seulement par leur forme conique qui flatte la main, mais attirent aussi l'attention sur votre table gr\u00e2ce \u00e0 leur impression complexe avec des d\u00e9cors s\u00e9lectionn\u00e9s sur le verre int\u00e9rieur.<\/p>\n<p>Vous avez \u00e9galement besoin d'un tamis pour votre pr\u00e9paration de th\u00e9 en vrac ? Le filtre \u00e0 th\u00e9 Teaeve, qui s'adapte parfaitement au Lyn et offre beaucoup de place pour le d\u00e9veloppement de l'ar\u00f4me du th\u00e9, est le compl\u00e9ment id\u00e9al.<\/p>","protected":false},"excerpt":{"rendered":"<p>Verres en borosilicate \u00e0 double paroi &nbsp; &nbsp; &nbsp; &nbsp; &nbsp; &nbsp; EIGENART verre en borosilicate \u00e0 double paroi convient pour les boissons chaudes et froides, capacit\u00e9 de remplissage 250ml convient pour les filtres Teaeve impression int\u00e9rieure brillante emballage cadeau 1 pi\u00e8ce CHF 10.50 &nbsp; &nbsp; Informations sur le produit \"Lyn Amami\" Des moments de pur plaisir ! Que ce&nbsp;<a href=\"https:\/\/bien-etreiris.ch\/de\/produktpraesentation\/gesundes-leben\/nahrungsergaenzungsmittel\/pflanzenheilkunde-gleichgewicht-durch-heilpflanzen\/zubehoer-fuer-die-phytotherapie\/teezubehoer\/verres-a-double-paroi\/\" class=\"read-more\">Weiter lesen<\/a><\/p>\n","protected":false},"author":1,"featured_media":91343,"parent":36481,"menu_order":1121,"comment_status":"closed","ping_status":"closed","template":"page-with-child.php","meta":{"_acf_changed":false,"ngg_post_thumbnail":0,"footnotes":""},"class_list":["post-91353","page","type-page","status-publish","has-post-thumbnail","hentry"],"acf":[],"yoast_head":"<!-- This site is optimized with the Yoast SEO plugin v27.6 - https:\/\/yoast.com\/product\/yoast-seo-wordpress\/ -->\n<title>VERRES A DOUBLE PAROI - WOHLBEFINDEN<\/title>\n<meta name=\"robots\" content=\"index, follow, max-snippet:-1, max-image-preview:large, max-video-preview:-1\" \/>\n<link rel=\"canonical\" href=\"https:\/\/bien-etreiris.ch\/de\/produktpraesentation\/gesundes-leben\/nahrungsergaenzungsmittel\/pflanzenheilkunde-gleichgewicht-durch-heilpflanzen\/zubehoer-fuer-die-phytotherapie\/teezubehoer\/verres-a-double-paroi\/\" \/>\n<meta property=\"og:locale\" content=\"de_DE\" \/>\n<meta property=\"og:type\" content=\"article\" \/>\n<meta property=\"og:title\" content=\"VERRES A DOUBLE PAROI - WOHLBEFINDEN\" \/>\n<meta property=\"og:description\" content=\"Verres en borosilicate \u00e0 double paroi &nbsp; &nbsp; &nbsp; &nbsp; &nbsp; &nbsp; EIGENART verre en borosilicate \u00e0 double paroi convient pour les boissons chaudes et froides, capacit\u00e9 de remplissage 250ml convient pour les filtres Teaeve impression int\u00e9rieure brillante emballage cadeau 1 pi\u00e8ce CHF 10.50 &nbsp; &nbsp; Informations sur le produit &quot;Lyn Amami&quot; Des moments de pur plaisir ! Que ce&nbsp;Weiter lesen\" \/>\n<meta property=\"og:url\" content=\"https:\/\/bien-etreiris.ch\/de\/produktpraesentation\/gesundes-leben\/nahrungsergaenzungsmittel\/pflanzenheilkunde-gleichgewicht-durch-heilpflanzen\/zubehoer-fuer-die-phytotherapie\/teezubehoer\/verres-a-double-paroi\/\" \/>\n<meta property=\"og:site_name\" content=\"WOHLBEFINDEN\" \/>\n<meta property=\"article:publisher\" content=\"https:\/\/www.facebook.com\/bienetreiris\/\" \/>\n<meta property=\"article:modified_time\" content=\"2024-11-01T10:18:30+00:00\" \/>\n<meta property=\"og:image\" content=\"https:\/\/bien-etreiris.ch\/wp-content\/uploads\/2024\/10\/acceuil-Verres-a-double-paroi.jpg\" \/>\n\t<meta property=\"og:image:width\" content=\"500\" \/>\n\t<meta property=\"og:image:height\" content=\"333\" \/>\n\t<meta property=\"og:image:type\" content=\"image\/jpeg\" \/>\n<meta name=\"twitter:label1\" content=\"Gesch\u00e4tzte Lesezeit\" \/>\n\t<meta name=\"twitter:data1\" content=\"2\u00a0Minuten\" \/>\n<script type=\"application\/ld+json\" class=\"yoast-schema-graph\">{\"@context\":\"https:\\\/\\\/schema.org\",\"@graph\":[{\"@type\":\"WebPage\",\"@id\":\"https:\\\/\\\/bien-etreiris.ch\\\/de\\\/produktpraesentation\\\/gesundes-leben\\\/nahrungsergaenzungsmittel\\\/pflanzenheilkunde-gleichgewicht-durch-heilpflanzen\\\/zubehoer-fuer-die-phytotherapie\\\/teezubehoer\\\/verres-a-double-paroi\\\/\",\"url\":\"https:\\\/\\\/bien-etreiris.ch\\\/de\\\/produktpraesentation\\\/gesundes-leben\\\/nahrungsergaenzungsmittel\\\/pflanzenheilkunde-gleichgewicht-durch-heilpflanzen\\\/zubehoer-fuer-die-phytotherapie\\\/teezubehoer\\\/verres-a-double-paroi\\\/\",\"name\":\"VERRES A DOUBLE PAROI - WOHLBEFINDEN\",\"isPartOf\":{\"@id\":\"https:\\\/\\\/bien-etreiris.ch\\\/de\\\/#website\"},\"primaryImageOfPage\":{\"@id\":\"https:\\\/\\\/bien-etreiris.ch\\\/de\\\/produktpraesentation\\\/gesundes-leben\\\/nahrungsergaenzungsmittel\\\/pflanzenheilkunde-gleichgewicht-durch-heilpflanzen\\\/zubehoer-fuer-die-phytotherapie\\\/teezubehoer\\\/verres-a-double-paroi\\\/#primaryimage\"},\"image\":{\"@id\":\"https:\\\/\\\/bien-etreiris.ch\\\/de\\\/produktpraesentation\\\/gesundes-leben\\\/nahrungsergaenzungsmittel\\\/pflanzenheilkunde-gleichgewicht-durch-heilpflanzen\\\/zubehoer-fuer-die-phytotherapie\\\/teezubehoer\\\/verres-a-double-paroi\\\/#primaryimage\"},\"thumbnailUrl\":\"https:\\\/\\\/bien-etreiris.ch\\\/wp-content\\\/uploads\\\/2024\\\/10\\\/acceuil-Verres-a-double-paroi.jpg\",\"datePublished\":\"2024-10-31T10:32:45+00:00\",\"dateModified\":\"2024-11-01T10:18:30+00:00\",\"breadcrumb\":{\"@id\":\"https:\\\/\\\/bien-etreiris.ch\\\/de\\\/produktpraesentation\\\/gesundes-leben\\\/nahrungsergaenzungsmittel\\\/pflanzenheilkunde-gleichgewicht-durch-heilpflanzen\\\/zubehoer-fuer-die-phytotherapie\\\/teezubehoer\\\/verres-a-double-paroi\\\/#breadcrumb\"},\"inLanguage\":\"de\",\"potentialAction\":[{\"@type\":\"ReadAction\",\"target\":[\"https:\\\/\\\/bien-etreiris.ch\\\/de\\\/produktpraesentation\\\/gesundes-leben\\\/nahrungsergaenzungsmittel\\\/pflanzenheilkunde-gleichgewicht-durch-heilpflanzen\\\/zubehoer-fuer-die-phytotherapie\\\/teezubehoer\\\/verres-a-double-paroi\\\/\"]}]},{\"@type\":\"ImageObject\",\"inLanguage\":\"de\",\"@id\":\"https:\\\/\\\/bien-etreiris.ch\\\/de\\\/produktpraesentation\\\/gesundes-leben\\\/nahrungsergaenzungsmittel\\\/pflanzenheilkunde-gleichgewicht-durch-heilpflanzen\\\/zubehoer-fuer-die-phytotherapie\\\/teezubehoer\\\/verres-a-double-paroi\\\/#primaryimage\",\"url\":\"https:\\\/\\\/bien-etreiris.ch\\\/wp-content\\\/uploads\\\/2024\\\/10\\\/acceuil-Verres-a-double-paroi.jpg\",\"contentUrl\":\"https:\\\/\\\/bien-etreiris.ch\\\/wp-content\\\/uploads\\\/2024\\\/10\\\/acceuil-Verres-a-double-paroi.jpg\",\"width\":500,\"height\":333},{\"@type\":\"BreadcrumbList\",\"@id\":\"https:\\\/\\\/bien-etreiris.ch\\\/de\\\/produktpraesentation\\\/gesundes-leben\\\/nahrungsergaenzungsmittel\\\/pflanzenheilkunde-gleichgewicht-durch-heilpflanzen\\\/zubehoer-fuer-die-phytotherapie\\\/teezubehoer\\\/verres-a-double-paroi\\\/#breadcrumb\",\"itemListElement\":[{\"@type\":\"ListItem\",\"position\":1,\"name\":\"Home\",\"item\":\"https:\\\/\\\/bien-etreiris.ch\\\/de\\\/\"},{\"@type\":\"ListItem\",\"position\":2,\"name\":\"PRODUKTPR\u00c4SENTATION\",\"item\":\"https:\\\/\\\/bien-etreiris.ch\\\/de\\\/produktpraesentation\\\/\"},{\"@type\":\"ListItem\",\"position\":3,\"name\":\"GESUNDES LEBEN\",\"item\":\"https:\\\/\\\/bien-etreiris.ch\\\/de\\\/produktpraesentation\\\/gesundes-leben\\\/\"},{\"@type\":\"ListItem\",\"position\":4,\"name\":\"NAHRUNGSERG\u00c4NZUNG\",\"item\":\"https:\\\/\\\/bien-etreiris.ch\\\/de\\\/produktpraesentation\\\/gesundes-leben\\\/nahrungsergaenzungsmittel\\\/\"},{\"@type\":\"ListItem\",\"position\":5,\"name\":\"PFLANZENHEILKUNDE\",\"item\":\"https:\\\/\\\/bien-etreiris.ch\\\/de\\\/produktpraesentation\\\/gesundes-leben\\\/nahrungsergaenzungsmittel\\\/pflanzenheilkunde-gleichgewicht-durch-heilpflanzen\\\/\"},{\"@type\":\"ListItem\",\"position\":6,\"name\":\"ZUBEH\u00d6R\",\"item\":\"https:\\\/\\\/bien-etreiris.ch\\\/de\\\/produktpraesentation\\\/gesundes-leben\\\/nahrungsergaenzungsmittel\\\/pflanzenheilkunde-gleichgewicht-durch-heilpflanzen\\\/zubehoer-fuer-die-phytotherapie\\\/\"},{\"@type\":\"ListItem\",\"position\":7,\"name\":\"TEEZUBEH\u00d6R\",\"item\":\"https:\\\/\\\/bien-etreiris.ch\\\/de\\\/produktpraesentation\\\/gesundes-leben\\\/nahrungsergaenzungsmittel\\\/pflanzenheilkunde-gleichgewicht-durch-heilpflanzen\\\/zubehoer-fuer-die-phytotherapie\\\/teezubehoer\\\/\"},{\"@type\":\"ListItem\",\"position\":8,\"name\":\"VERRES A DOUBLE PAROI\"}]},{\"@type\":\"WebSite\",\"@id\":\"https:\\\/\\\/bien-etreiris.ch\\\/de\\\/#website\",\"url\":\"https:\\\/\\\/bien-etreiris.ch\\\/de\\\/\",\"name\":\"Bien-\u00eatre Iris\",\"description\":\"IHRE Gesundheit ist uns wichtig\",\"potentialAction\":[{\"@type\":\"SearchAction\",\"target\":{\"@type\":\"EntryPoint\",\"urlTemplate\":\"https:\\\/\\\/bien-etreiris.ch\\\/de\\\/?s={search_term_string}\"},\"query-input\":{\"@type\":\"PropertyValueSpecification\",\"valueRequired\":true,\"valueName\":\"search_term_string\"}}],\"inLanguage\":\"de\"}]}<\/script>\n<!-- \/ Yoast SEO plugin. -->","yoast_head_json":{"title":"VERRES A DOUBLE PAROI - WOHLBEFINDEN","robots":{"index":"index","follow":"follow","max-snippet":"max-snippet:-1","max-image-preview":"max-image-preview:large","max-video-preview":"max-video-preview:-1"},"canonical":"https:\/\/bien-etreiris.ch\/de\/produktpraesentation\/gesundes-leben\/nahrungsergaenzungsmittel\/pflanzenheilkunde-gleichgewicht-durch-heilpflanzen\/zubehoer-fuer-die-phytotherapie\/teezubehoer\/verres-a-double-paroi\/","og_locale":"de_DE","og_type":"article","og_title":"VERRES A DOUBLE PAROI - WOHLBEFINDEN","og_description":"Verres en borosilicate \u00e0 double paroi &nbsp; &nbsp; &nbsp; &nbsp; &nbsp; &nbsp; EIGENART verre en borosilicate \u00e0 double paroi convient pour les boissons chaudes et froides, capacit\u00e9 de remplissage 250ml convient pour les filtres Teaeve impression int\u00e9rieure brillante emballage cadeau 1 pi\u00e8ce CHF 10.50 &nbsp; &nbsp; Informations sur le produit \"Lyn Amami\" Des moments de pur plaisir ! Que ce&nbsp;Weiter lesen","og_url":"https:\/\/bien-etreiris.ch\/de\/produktpraesentation\/gesundes-leben\/nahrungsergaenzungsmittel\/pflanzenheilkunde-gleichgewicht-durch-heilpflanzen\/zubehoer-fuer-die-phytotherapie\/teezubehoer\/verres-a-double-paroi\/","og_site_name":"WOHLBEFINDEN","article_publisher":"https:\/\/www.facebook.com\/bienetreiris\/","article_modified_time":"2024-11-01T10:18:30+00:00","og_image":[{"width":500,"height":333,"url":"https:\/\/bien-etreiris.ch\/wp-content\/uploads\/2024\/10\/acceuil-Verres-a-double-paroi.jpg","type":"image\/jpeg"}],"twitter_misc":{"Gesch\u00e4tzte Lesezeit":"2\u00a0Minuten"},"schema":{"@context":"https:\/\/schema.org","@graph":[{"@type":"WebPage","@id":"https:\/\/bien-etreiris.ch\/de\/produktpraesentation\/gesundes-leben\/nahrungsergaenzungsmittel\/pflanzenheilkunde-gleichgewicht-durch-heilpflanzen\/zubehoer-fuer-die-phytotherapie\/teezubehoer\/verres-a-double-paroi\/","url":"https:\/\/bien-etreiris.ch\/de\/produktpraesentation\/gesundes-leben\/nahrungsergaenzungsmittel\/pflanzenheilkunde-gleichgewicht-durch-heilpflanzen\/zubehoer-fuer-die-phytotherapie\/teezubehoer\/verres-a-double-paroi\/","name":"VERRES A DOUBLE PAROI - WOHLBEFINDEN","isPartOf":{"@id":"https:\/\/bien-etreiris.ch\/de\/#website"},"primaryImageOfPage":{"@id":"https:\/\/bien-etreiris.ch\/de\/produktpraesentation\/gesundes-leben\/nahrungsergaenzungsmittel\/pflanzenheilkunde-gleichgewicht-durch-heilpflanzen\/zubehoer-fuer-die-phytotherapie\/teezubehoer\/verres-a-double-paroi\/#primaryimage"},"image":{"@id":"https:\/\/bien-etreiris.ch\/de\/produktpraesentation\/gesundes-leben\/nahrungsergaenzungsmittel\/pflanzenheilkunde-gleichgewicht-durch-heilpflanzen\/zubehoer-fuer-die-phytotherapie\/teezubehoer\/verres-a-double-paroi\/#primaryimage"},"thumbnailUrl":"https:\/\/bien-etreiris.ch\/wp-content\/uploads\/2024\/10\/acceuil-Verres-a-double-paroi.jpg","datePublished":"2024-10-31T10:32:45+00:00","dateModified":"2024-11-01T10:18:30+00:00","breadcrumb":{"@id":"https:\/\/bien-etreiris.ch\/de\/produktpraesentation\/gesundes-leben\/nahrungsergaenzungsmittel\/pflanzenheilkunde-gleichgewicht-durch-heilpflanzen\/zubehoer-fuer-die-phytotherapie\/teezubehoer\/verres-a-double-paroi\/#breadcrumb"},"inLanguage":"de","potentialAction":[{"@type":"ReadAction","target":["https:\/\/bien-etreiris.ch\/de\/produktpraesentation\/gesundes-leben\/nahrungsergaenzungsmittel\/pflanzenheilkunde-gleichgewicht-durch-heilpflanzen\/zubehoer-fuer-die-phytotherapie\/teezubehoer\/verres-a-double-paroi\/"]}]},{"@type":"ImageObject","inLanguage":"de","@id":"https:\/\/bien-etreiris.ch\/de\/produktpraesentation\/gesundes-leben\/nahrungsergaenzungsmittel\/pflanzenheilkunde-gleichgewicht-durch-heilpflanzen\/zubehoer-fuer-die-phytotherapie\/teezubehoer\/verres-a-double-paroi\/#primaryimage","url":"https:\/\/bien-etreiris.ch\/wp-content\/uploads\/2024\/10\/acceuil-Verres-a-double-paroi.jpg","contentUrl":"https:\/\/bien-etreiris.ch\/wp-content\/uploads\/2024\/10\/acceuil-Verres-a-double-paroi.jpg","width":500,"height":333},{"@type":"BreadcrumbList","@id":"https:\/\/bien-etreiris.ch\/de\/produktpraesentation\/gesundes-leben\/nahrungsergaenzungsmittel\/pflanzenheilkunde-gleichgewicht-durch-heilpflanzen\/zubehoer-fuer-die-phytotherapie\/teezubehoer\/verres-a-double-paroi\/#breadcrumb","itemListElement":[{"@type":"ListItem","position":1,"name":"Home","item":"https:\/\/bien-etreiris.ch\/de\/"},{"@type":"ListItem","position":2,"name":"PRODUKTPR\u00c4SENTATION","item":"https:\/\/bien-etreiris.ch\/de\/produktpraesentation\/"},{"@type":"ListItem","position":3,"name":"GESUNDES LEBEN","item":"https:\/\/bien-etreiris.ch\/de\/produktpraesentation\/gesundes-leben\/"},{"@type":"ListItem","position":4,"name":"NAHRUNGSERG\u00c4NZUNG","item":"https:\/\/bien-etreiris.ch\/de\/produktpraesentation\/gesundes-leben\/nahrungsergaenzungsmittel\/"},{"@type":"ListItem","position":5,"name":"PFLANZENHEILKUNDE","item":"https:\/\/bien-etreiris.ch\/de\/produktpraesentation\/gesundes-leben\/nahrungsergaenzungsmittel\/pflanzenheilkunde-gleichgewicht-durch-heilpflanzen\/"},{"@type":"ListItem","position":6,"name":"ZUBEH\u00d6R","item":"https:\/\/bien-etreiris.ch\/de\/produktpraesentation\/gesundes-leben\/nahrungsergaenzungsmittel\/pflanzenheilkunde-gleichgewicht-durch-heilpflanzen\/zubehoer-fuer-die-phytotherapie\/"},{"@type":"ListItem","position":7,"name":"TEEZUBEH\u00d6R","item":"https:\/\/bien-etreiris.ch\/de\/produktpraesentation\/gesundes-leben\/nahrungsergaenzungsmittel\/pflanzenheilkunde-gleichgewicht-durch-heilpflanzen\/zubehoer-fuer-die-phytotherapie\/teezubehoer\/"},{"@type":"ListItem","position":8,"name":"VERRES A DOUBLE PAROI"}]},{"@type":"WebSite","@id":"https:\/\/bien-etreiris.ch\/de\/#website","url":"https:\/\/bien-etreiris.ch\/de\/","name":"Bien-\u00eatre Iris","description":"IHRE Gesundheit ist uns wichtig","potentialAction":[{"@type":"SearchAction","target":{"@type":"EntryPoint","urlTemplate":"https:\/\/bien-etreiris.ch\/de\/?s={search_term_string}"},"query-input":{"@type":"PropertyValueSpecification","valueRequired":true,"valueName":"search_term_string"}}],"inLanguage":"de"}]}},"_links":{"self":[{"href":"https:\/\/bien-etreiris.ch\/de\/wp-json\/wp\/v2\/pages\/91353","targetHints":{"allow":["GET"]}}],"collection":[{"href":"https:\/\/bien-etreiris.ch\/de\/wp-json\/wp\/v2\/pages"}],"about":[{"href":"https:\/\/bien-etreiris.ch\/de\/wp-json\/wp\/v2\/types\/page"}],"author":[{"embeddable":true,"href":"https:\/\/bien-etreiris.ch\/de\/wp-json\/wp\/v2\/users\/1"}],"replies":[{"embeddable":true,"href":"https:\/\/bien-etreiris.ch\/de\/wp-json\/wp\/v2\/comments?post=91353"}],"version-history":[{"count":6,"href":"https:\/\/bien-etreiris.ch\/de\/wp-json\/wp\/v2\/pages\/91353\/revisions"}],"predecessor-version":[{"id":91459,"href":"https:\/\/bien-etreiris.ch\/de\/wp-json\/wp\/v2\/pages\/91353\/revisions\/91459"}],"up":[{"embeddable":true,"href":"https:\/\/bien-etreiris.ch\/de\/wp-json\/wp\/v2\/pages\/36481"}],"wp:featuredmedia":[{"embeddable":true,"href":"https:\/\/bien-etreiris.ch\/de\/wp-json\/wp\/v2\/media\/91343"}],"wp:attachment":[{"href":"https:\/\/bien-etreiris.ch\/de\/wp-json\/wp\/v2\/media?parent=91353"}],"curies":[{"name":"wp","href":"https:\/\/api.w.org\/{rel}","templated":true}]}}