{"id":91324,"date":"2024-10-31T11:45:36","date_gmt":"2024-10-31T09:45:36","guid":{"rendered":"https:\/\/bien-etreiris.ch\/produktpraesentation\/gesundes-leben\/nahrungsergaenzungsmittel\/pflanzenheilkunde-gleichgewicht-durch-heilpflanzen\/zubehoer-fuer-die-phytotherapie\/teezubehoer\/carafes\/"},"modified":"2024-11-01T11:33:38","modified_gmt":"2024-11-01T09:33:38","slug":"carafes","status":"publish","type":"page","link":"https:\/\/bien-etreiris.ch\/de\/produktpraesentation\/gesundes-leben\/nahrungsergaenzungsmittel\/pflanzenheilkunde-gleichgewicht-durch-heilpflanzen\/zubehoer-fuer-die-phytotherapie\/teezubehoer\/carafes\/","title":{"rendered":"CARAFES"},"content":{"rendered":"\n<h2>Carafe \"Eve Amami\"<\/h2>\n\n\n\n<p>&nbsp;<\/p>\n<p><img loading=\"lazy\" decoding=\"async\" class=\"wp-image-91319 alignleft\" src=\"https:\/\/bien-etreiris.ch\/wp-content\/uploads\/2024\/10\/Glaskaraffe-Eve-Amami-.jpg\" alt=\"\" width=\"424\" height=\"411\" srcset=\"https:\/\/bien-etreiris.ch\/wp-content\/uploads\/2024\/10\/Glaskaraffe-Eve-Amami-.jpg 761w, https:\/\/bien-etreiris.ch\/wp-content\/uploads\/2024\/10\/Glaskaraffe-Eve-Amami--300x291.jpg 300w\" sizes=\"auto, (max-width: 424px) 100vw, 424px\" \/><\/p>\n\n\n\n<div class=\"product-detail-container product-detail-width-container\">&nbsp;<\/div>\n<div>&nbsp;<\/div>\n<div>&nbsp;<\/div>\n<div>&nbsp;<\/div>\n<div>&nbsp;<\/div>\n<h4><a href=\"https:\/\/bien-etreiris.ch\/de\/unsere-marken\/eigenart\/\" target=\"_blank\" rel=\"noopener\">EIGENART<\/a><\/h4>\n<div>&nbsp;<\/div>\n<div class=\"product-detail-container product-detail-width-container\"><span class=\"product-detail-label product-detail-width-label\">Largeur: <\/span> <span class=\"product-detail-width\"> 100 mm <\/span><\/div>\n<div class=\"product-detail-container product-detail-height-container\"><span class=\"product-detail-label product-detail-height-label\"> Hauteur: <\/span> <span class=\"product-detail-height\"> 300 mm <\/span><\/div>\n<div class=\"product-detail-container product-detail-weight-container\"><span class=\"product-detail-label product-detail-weight-label\"> Poids: <\/span> <span class=\"product-detail-weight\"> 0.835 kg <\/span><\/div>\n<div>1 pi\u00e8ce <strong>CHF 65.00<\/strong><\/div>\n<div class=\"nb_payship_container nb_shipicons_detail\">\n<div class=\"container\">\n<div class=\"row\">\n<div class=\"nb_payship_shipping col-sm-12\">&nbsp;<\/div>\n<\/div>\n<\/div>\n<\/div>\n<div class=\"product-detail-features mt-4 mb-4\">\n<h4 class=\"product-detail-features-headline h4\">Avantages<\/h4>\n<\/div>\n<ul style=\"list-style-type: disc;\">\n<li class=\"list-group-item bg-transparent\"><span class=\"feature-text\"> Pour 1,25 litres <\/span><\/li>\n<li class=\"list-group-item bg-transparent\"><span class=\"feature-text\"> Pour pr\u00e9parer du th\u00e9 ou du caf\u00e9 <\/span><\/li>\n<li class=\"list-group-item bg-transparent\"><span class=\"feature-text\"> Avec une passoire amovible en acier inoxydable. Verre borosilicate neutre en go\u00fbt et r\u00e9sistant \u00e0 la temp\u00e9rature <\/span><\/li>\n<li class=\"list-group-item bg-transparent\"><span class=\"feature-text\"> Fermeture automatique de l\u2019inclinaison <\/span><\/li>\n<li class=\"list-group-item bg-transparent\"><span class=\"feature-text\"> Couvercle avec passoire int\u00e9gr\u00e9e <\/span><\/li>\n<li class=\"list-group-item bg-transparent\"><span class=\"feature-text\"> Pour l\u2019eau infus\u00e9e ou la limonade maison <\/span><\/li>\n<li class=\"list-group-item bg-transparent\"><span class=\"feature-text\"> Pochette et sous-verre assortis en simili-cuir v\u00e9g\u00e9tal <\/span><\/li>\n<li class=\"list-group-item bg-transparent\"><span class=\"feature-text\"> S\u2019adapte \u00e0 presque toutes les portes de r\u00e9frig\u00e9rateur <\/span><\/li>\n<\/ul>\n\n\n\n\n\n<p>&nbsp;<\/p>\n<div class=\"offcanvas-body\">\n<div class=\"product-detail-description tab-pane-container\">\n<h4 class=\"product-detail-description-title\">Informations sur le produit \"Eve Amami\"<\/h4>\n<div class=\"product-detail-description-text\">\n<p>L\u2019EVE fait tout en un ! Pr\u00e9parez votre th\u00e9 ou votre caf\u00e9 pr\u00e9f\u00e9r\u00e9 directement dans l\u2019EVE \u201cCherry Blossom\u201d.<\/p>\n<p>Le tamis en acier inoxydable perfor\u00e9 au laser est id\u00e9al, que ce soit pour une mouture tr\u00e8s fine ou pour des feuilles de th\u00e9 plus grosses. Notre verre borosilicat\u00e9 de haute qualit\u00e9 supporte facilement les temp\u00e9ratures les plus diverses.<\/p>\n<p>Pour les boissons chaudes, la manchette en cuir v\u00e9g\u00e9talien prot\u00e8ge tes mains de la chaleur. Le dessous de verre de couleur assortie est \u00e9galement compris dans le set.<\/p>\n<p>Un couvercle basculant de haute qualit\u00e9 en acier inoxydable permet de verser sans gouttes et poss\u00e8de \u00e9galement un filtre int\u00e9gr\u00e9.<\/p>\n<p>Avec l\u2019Ice-Cooler (vendu s\u00e9par\u00e9ment), tu peux rafra\u00eechir tes boissons sans les diluer.<\/p>\n<\/div>\n<\/div>\n<\/div>\n","protected":false},"excerpt":{"rendered":"<p>Carafe \"Eve Amami\" &nbsp; &nbsp; &nbsp; &nbsp; &nbsp; &nbsp; EIGENART &nbsp; Largeur: 100 mm Hauteur: 300 mm Poids: 0.835 kg 1 pi\u00e8ce CHF 65.00 &nbsp; Avantages Pour 1,25 litres Pour pr\u00e9parer du th\u00e9 ou du caf\u00e9 Avec une passoire amovible en acier inoxydable. Verre borosilicate neutre en go\u00fbt et r\u00e9sistant \u00e0 la temp\u00e9rature Fermeture automatique de l\u2019inclinaison Couvercle avec passoire&nbsp;<a href=\"https:\/\/bien-etreiris.ch\/de\/produktpraesentation\/gesundes-leben\/nahrungsergaenzungsmittel\/pflanzenheilkunde-gleichgewicht-durch-heilpflanzen\/zubehoer-fuer-die-phytotherapie\/teezubehoer\/carafes\/\" class=\"read-more\">Weiter lesen<\/a><\/p>\n","protected":false},"author":1,"featured_media":91329,"parent":36481,"menu_order":1125,"comment_status":"closed","ping_status":"closed","template":"page-with-child.php","meta":{"_acf_changed":false,"ngg_post_thumbnail":0,"footnotes":""},"class_list":["post-91324","page","type-page","status-publish","has-post-thumbnail","hentry"],"acf":[],"yoast_head":"<!-- This site is optimized with the Yoast SEO plugin v27.6 - https:\/\/yoast.com\/product\/yoast-seo-wordpress\/ -->\n<title>CARAFES - WOHLBEFINDEN<\/title>\n<meta name=\"robots\" content=\"index, follow, max-snippet:-1, max-image-preview:large, max-video-preview:-1\" \/>\n<link rel=\"canonical\" href=\"https:\/\/bien-etreiris.ch\/de\/produktpraesentation\/gesundes-leben\/nahrungsergaenzungsmittel\/pflanzenheilkunde-gleichgewicht-durch-heilpflanzen\/zubehoer-fuer-die-phytotherapie\/teezubehoer\/carafes\/\" \/>\n<meta property=\"og:locale\" content=\"de_DE\" \/>\n<meta property=\"og:type\" content=\"article\" \/>\n<meta property=\"og:title\" content=\"CARAFES - WOHLBEFINDEN\" \/>\n<meta property=\"og:description\" content=\"Carafe &quot;Eve Amami&quot; &nbsp; &nbsp; &nbsp; &nbsp; &nbsp; &nbsp; EIGENART &nbsp; Largeur: 100 mm Hauteur: 300 mm Poids: 0.835 kg 1 pi\u00e8ce CHF 65.00 &nbsp; Avantages Pour 1,25 litres Pour pr\u00e9parer du th\u00e9 ou du caf\u00e9 Avec une passoire amovible en acier inoxydable. Verre borosilicate neutre en go\u00fbt et r\u00e9sistant \u00e0 la temp\u00e9rature Fermeture automatique de l\u2019inclinaison Couvercle avec passoire&nbsp;Weiter lesen\" \/>\n<meta property=\"og:url\" content=\"https:\/\/bien-etreiris.ch\/de\/produktpraesentation\/gesundes-leben\/nahrungsergaenzungsmittel\/pflanzenheilkunde-gleichgewicht-durch-heilpflanzen\/zubehoer-fuer-die-phytotherapie\/teezubehoer\/carafes\/\" \/>\n<meta property=\"og:site_name\" content=\"WOHLBEFINDEN\" \/>\n<meta property=\"article:publisher\" content=\"https:\/\/www.facebook.com\/bienetreiris\/\" \/>\n<meta property=\"article:modified_time\" content=\"2024-11-01T09:33:38+00:00\" \/>\n<meta property=\"og:image\" content=\"https:\/\/bien-etreiris.ch\/wp-content\/uploads\/2024\/10\/acceuil-carafe.png\" \/>\n\t<meta property=\"og:image:width\" content=\"500\" \/>\n\t<meta property=\"og:image:height\" content=\"333\" \/>\n\t<meta property=\"og:image:type\" content=\"image\/png\" \/>\n<meta name=\"twitter:label1\" content=\"Gesch\u00e4tzte Lesezeit\" \/>\n\t<meta name=\"twitter:data1\" content=\"2\u00a0Minuten\" \/>\n<script type=\"application\/ld+json\" class=\"yoast-schema-graph\">{\"@context\":\"https:\\\/\\\/schema.org\",\"@graph\":[{\"@type\":\"WebPage\",\"@id\":\"https:\\\/\\\/bien-etreiris.ch\\\/de\\\/produktpraesentation\\\/gesundes-leben\\\/nahrungsergaenzungsmittel\\\/pflanzenheilkunde-gleichgewicht-durch-heilpflanzen\\\/zubehoer-fuer-die-phytotherapie\\\/teezubehoer\\\/carafes\\\/\",\"url\":\"https:\\\/\\\/bien-etreiris.ch\\\/de\\\/produktpraesentation\\\/gesundes-leben\\\/nahrungsergaenzungsmittel\\\/pflanzenheilkunde-gleichgewicht-durch-heilpflanzen\\\/zubehoer-fuer-die-phytotherapie\\\/teezubehoer\\\/carafes\\\/\",\"name\":\"CARAFES - WOHLBEFINDEN\",\"isPartOf\":{\"@id\":\"https:\\\/\\\/bien-etreiris.ch\\\/de\\\/#website\"},\"primaryImageOfPage\":{\"@id\":\"https:\\\/\\\/bien-etreiris.ch\\\/de\\\/produktpraesentation\\\/gesundes-leben\\\/nahrungsergaenzungsmittel\\\/pflanzenheilkunde-gleichgewicht-durch-heilpflanzen\\\/zubehoer-fuer-die-phytotherapie\\\/teezubehoer\\\/carafes\\\/#primaryimage\"},\"image\":{\"@id\":\"https:\\\/\\\/bien-etreiris.ch\\\/de\\\/produktpraesentation\\\/gesundes-leben\\\/nahrungsergaenzungsmittel\\\/pflanzenheilkunde-gleichgewicht-durch-heilpflanzen\\\/zubehoer-fuer-die-phytotherapie\\\/teezubehoer\\\/carafes\\\/#primaryimage\"},\"thumbnailUrl\":\"https:\\\/\\\/bien-etreiris.ch\\\/wp-content\\\/uploads\\\/2024\\\/10\\\/acceuil-carafe.png\",\"datePublished\":\"2024-10-31T09:45:36+00:00\",\"dateModified\":\"2024-11-01T09:33:38+00:00\",\"breadcrumb\":{\"@id\":\"https:\\\/\\\/bien-etreiris.ch\\\/de\\\/produktpraesentation\\\/gesundes-leben\\\/nahrungsergaenzungsmittel\\\/pflanzenheilkunde-gleichgewicht-durch-heilpflanzen\\\/zubehoer-fuer-die-phytotherapie\\\/teezubehoer\\\/carafes\\\/#breadcrumb\"},\"inLanguage\":\"de\",\"potentialAction\":[{\"@type\":\"ReadAction\",\"target\":[\"https:\\\/\\\/bien-etreiris.ch\\\/de\\\/produktpraesentation\\\/gesundes-leben\\\/nahrungsergaenzungsmittel\\\/pflanzenheilkunde-gleichgewicht-durch-heilpflanzen\\\/zubehoer-fuer-die-phytotherapie\\\/teezubehoer\\\/carafes\\\/\"]}]},{\"@type\":\"ImageObject\",\"inLanguage\":\"de\",\"@id\":\"https:\\\/\\\/bien-etreiris.ch\\\/de\\\/produktpraesentation\\\/gesundes-leben\\\/nahrungsergaenzungsmittel\\\/pflanzenheilkunde-gleichgewicht-durch-heilpflanzen\\\/zubehoer-fuer-die-phytotherapie\\\/teezubehoer\\\/carafes\\\/#primaryimage\",\"url\":\"https:\\\/\\\/bien-etreiris.ch\\\/wp-content\\\/uploads\\\/2024\\\/10\\\/acceuil-carafe.png\",\"contentUrl\":\"https:\\\/\\\/bien-etreiris.ch\\\/wp-content\\\/uploads\\\/2024\\\/10\\\/acceuil-carafe.png\",\"width\":500,\"height\":333},{\"@type\":\"BreadcrumbList\",\"@id\":\"https:\\\/\\\/bien-etreiris.ch\\\/de\\\/produktpraesentation\\\/gesundes-leben\\\/nahrungsergaenzungsmittel\\\/pflanzenheilkunde-gleichgewicht-durch-heilpflanzen\\\/zubehoer-fuer-die-phytotherapie\\\/teezubehoer\\\/carafes\\\/#breadcrumb\",\"itemListElement\":[{\"@type\":\"ListItem\",\"position\":1,\"name\":\"Home\",\"item\":\"https:\\\/\\\/bien-etreiris.ch\\\/de\\\/\"},{\"@type\":\"ListItem\",\"position\":2,\"name\":\"PRODUKTPR\u00c4SENTATION\",\"item\":\"https:\\\/\\\/bien-etreiris.ch\\\/de\\\/produktpraesentation\\\/\"},{\"@type\":\"ListItem\",\"position\":3,\"name\":\"GESUNDES LEBEN\",\"item\":\"https:\\\/\\\/bien-etreiris.ch\\\/de\\\/produktpraesentation\\\/gesundes-leben\\\/\"},{\"@type\":\"ListItem\",\"position\":4,\"name\":\"NAHRUNGSERG\u00c4NZUNG\",\"item\":\"https:\\\/\\\/bien-etreiris.ch\\\/de\\\/produktpraesentation\\\/gesundes-leben\\\/nahrungsergaenzungsmittel\\\/\"},{\"@type\":\"ListItem\",\"position\":5,\"name\":\"PFLANZENHEILKUNDE\",\"item\":\"https:\\\/\\\/bien-etreiris.ch\\\/de\\\/produktpraesentation\\\/gesundes-leben\\\/nahrungsergaenzungsmittel\\\/pflanzenheilkunde-gleichgewicht-durch-heilpflanzen\\\/\"},{\"@type\":\"ListItem\",\"position\":6,\"name\":\"ZUBEH\u00d6R\",\"item\":\"https:\\\/\\\/bien-etreiris.ch\\\/de\\\/produktpraesentation\\\/gesundes-leben\\\/nahrungsergaenzungsmittel\\\/pflanzenheilkunde-gleichgewicht-durch-heilpflanzen\\\/zubehoer-fuer-die-phytotherapie\\\/\"},{\"@type\":\"ListItem\",\"position\":7,\"name\":\"TEEZUBEH\u00d6R\",\"item\":\"https:\\\/\\\/bien-etreiris.ch\\\/de\\\/produktpraesentation\\\/gesundes-leben\\\/nahrungsergaenzungsmittel\\\/pflanzenheilkunde-gleichgewicht-durch-heilpflanzen\\\/zubehoer-fuer-die-phytotherapie\\\/teezubehoer\\\/\"},{\"@type\":\"ListItem\",\"position\":8,\"name\":\"CARAFES\"}]},{\"@type\":\"WebSite\",\"@id\":\"https:\\\/\\\/bien-etreiris.ch\\\/de\\\/#website\",\"url\":\"https:\\\/\\\/bien-etreiris.ch\\\/de\\\/\",\"name\":\"Bien-\u00eatre Iris\",\"description\":\"IHRE Gesundheit ist uns wichtig\",\"potentialAction\":[{\"@type\":\"SearchAction\",\"target\":{\"@type\":\"EntryPoint\",\"urlTemplate\":\"https:\\\/\\\/bien-etreiris.ch\\\/de\\\/?s={search_term_string}\"},\"query-input\":{\"@type\":\"PropertyValueSpecification\",\"valueRequired\":true,\"valueName\":\"search_term_string\"}}],\"inLanguage\":\"de\"}]}<\/script>\n<!-- \/ Yoast SEO plugin. -->","yoast_head_json":{"title":"CARAFES - WOHLBEFINDEN","robots":{"index":"index","follow":"follow","max-snippet":"max-snippet:-1","max-image-preview":"max-image-preview:large","max-video-preview":"max-video-preview:-1"},"canonical":"https:\/\/bien-etreiris.ch\/de\/produktpraesentation\/gesundes-leben\/nahrungsergaenzungsmittel\/pflanzenheilkunde-gleichgewicht-durch-heilpflanzen\/zubehoer-fuer-die-phytotherapie\/teezubehoer\/carafes\/","og_locale":"de_DE","og_type":"article","og_title":"CARAFES - WOHLBEFINDEN","og_description":"Carafe \"Eve Amami\" &nbsp; &nbsp; &nbsp; &nbsp; &nbsp; &nbsp; EIGENART &nbsp; Largeur: 100 mm Hauteur: 300 mm Poids: 0.835 kg 1 pi\u00e8ce CHF 65.00 &nbsp; Avantages Pour 1,25 litres Pour pr\u00e9parer du th\u00e9 ou du caf\u00e9 Avec une passoire amovible en acier inoxydable. Verre borosilicate neutre en go\u00fbt et r\u00e9sistant \u00e0 la temp\u00e9rature Fermeture automatique de l\u2019inclinaison Couvercle avec passoire&nbsp;Weiter lesen","og_url":"https:\/\/bien-etreiris.ch\/de\/produktpraesentation\/gesundes-leben\/nahrungsergaenzungsmittel\/pflanzenheilkunde-gleichgewicht-durch-heilpflanzen\/zubehoer-fuer-die-phytotherapie\/teezubehoer\/carafes\/","og_site_name":"WOHLBEFINDEN","article_publisher":"https:\/\/www.facebook.com\/bienetreiris\/","article_modified_time":"2024-11-01T09:33:38+00:00","og_image":[{"width":500,"height":333,"url":"https:\/\/bien-etreiris.ch\/wp-content\/uploads\/2024\/10\/acceuil-carafe.png","type":"image\/png"}],"twitter_misc":{"Gesch\u00e4tzte Lesezeit":"2\u00a0Minuten"},"schema":{"@context":"https:\/\/schema.org","@graph":[{"@type":"WebPage","@id":"https:\/\/bien-etreiris.ch\/de\/produktpraesentation\/gesundes-leben\/nahrungsergaenzungsmittel\/pflanzenheilkunde-gleichgewicht-durch-heilpflanzen\/zubehoer-fuer-die-phytotherapie\/teezubehoer\/carafes\/","url":"https:\/\/bien-etreiris.ch\/de\/produktpraesentation\/gesundes-leben\/nahrungsergaenzungsmittel\/pflanzenheilkunde-gleichgewicht-durch-heilpflanzen\/zubehoer-fuer-die-phytotherapie\/teezubehoer\/carafes\/","name":"CARAFES - WOHLBEFINDEN","isPartOf":{"@id":"https:\/\/bien-etreiris.ch\/de\/#website"},"primaryImageOfPage":{"@id":"https:\/\/bien-etreiris.ch\/de\/produktpraesentation\/gesundes-leben\/nahrungsergaenzungsmittel\/pflanzenheilkunde-gleichgewicht-durch-heilpflanzen\/zubehoer-fuer-die-phytotherapie\/teezubehoer\/carafes\/#primaryimage"},"image":{"@id":"https:\/\/bien-etreiris.ch\/de\/produktpraesentation\/gesundes-leben\/nahrungsergaenzungsmittel\/pflanzenheilkunde-gleichgewicht-durch-heilpflanzen\/zubehoer-fuer-die-phytotherapie\/teezubehoer\/carafes\/#primaryimage"},"thumbnailUrl":"https:\/\/bien-etreiris.ch\/wp-content\/uploads\/2024\/10\/acceuil-carafe.png","datePublished":"2024-10-31T09:45:36+00:00","dateModified":"2024-11-01T09:33:38+00:00","breadcrumb":{"@id":"https:\/\/bien-etreiris.ch\/de\/produktpraesentation\/gesundes-leben\/nahrungsergaenzungsmittel\/pflanzenheilkunde-gleichgewicht-durch-heilpflanzen\/zubehoer-fuer-die-phytotherapie\/teezubehoer\/carafes\/#breadcrumb"},"inLanguage":"de","potentialAction":[{"@type":"ReadAction","target":["https:\/\/bien-etreiris.ch\/de\/produktpraesentation\/gesundes-leben\/nahrungsergaenzungsmittel\/pflanzenheilkunde-gleichgewicht-durch-heilpflanzen\/zubehoer-fuer-die-phytotherapie\/teezubehoer\/carafes\/"]}]},{"@type":"ImageObject","inLanguage":"de","@id":"https:\/\/bien-etreiris.ch\/de\/produktpraesentation\/gesundes-leben\/nahrungsergaenzungsmittel\/pflanzenheilkunde-gleichgewicht-durch-heilpflanzen\/zubehoer-fuer-die-phytotherapie\/teezubehoer\/carafes\/#primaryimage","url":"https:\/\/bien-etreiris.ch\/wp-content\/uploads\/2024\/10\/acceuil-carafe.png","contentUrl":"https:\/\/bien-etreiris.ch\/wp-content\/uploads\/2024\/10\/acceuil-carafe.png","width":500,"height":333},{"@type":"BreadcrumbList","@id":"https:\/\/bien-etreiris.ch\/de\/produktpraesentation\/gesundes-leben\/nahrungsergaenzungsmittel\/pflanzenheilkunde-gleichgewicht-durch-heilpflanzen\/zubehoer-fuer-die-phytotherapie\/teezubehoer\/carafes\/#breadcrumb","itemListElement":[{"@type":"ListItem","position":1,"name":"Home","item":"https:\/\/bien-etreiris.ch\/de\/"},{"@type":"ListItem","position":2,"name":"PRODUKTPR\u00c4SENTATION","item":"https:\/\/bien-etreiris.ch\/de\/produktpraesentation\/"},{"@type":"ListItem","position":3,"name":"GESUNDES LEBEN","item":"https:\/\/bien-etreiris.ch\/de\/produktpraesentation\/gesundes-leben\/"},{"@type":"ListItem","position":4,"name":"NAHRUNGSERG\u00c4NZUNG","item":"https:\/\/bien-etreiris.ch\/de\/produktpraesentation\/gesundes-leben\/nahrungsergaenzungsmittel\/"},{"@type":"ListItem","position":5,"name":"PFLANZENHEILKUNDE","item":"https:\/\/bien-etreiris.ch\/de\/produktpraesentation\/gesundes-leben\/nahrungsergaenzungsmittel\/pflanzenheilkunde-gleichgewicht-durch-heilpflanzen\/"},{"@type":"ListItem","position":6,"name":"ZUBEH\u00d6R","item":"https:\/\/bien-etreiris.ch\/de\/produktpraesentation\/gesundes-leben\/nahrungsergaenzungsmittel\/pflanzenheilkunde-gleichgewicht-durch-heilpflanzen\/zubehoer-fuer-die-phytotherapie\/"},{"@type":"ListItem","position":7,"name":"TEEZUBEH\u00d6R","item":"https:\/\/bien-etreiris.ch\/de\/produktpraesentation\/gesundes-leben\/nahrungsergaenzungsmittel\/pflanzenheilkunde-gleichgewicht-durch-heilpflanzen\/zubehoer-fuer-die-phytotherapie\/teezubehoer\/"},{"@type":"ListItem","position":8,"name":"CARAFES"}]},{"@type":"WebSite","@id":"https:\/\/bien-etreiris.ch\/de\/#website","url":"https:\/\/bien-etreiris.ch\/de\/","name":"Bien-\u00eatre Iris","description":"IHRE Gesundheit ist uns wichtig","potentialAction":[{"@type":"SearchAction","target":{"@type":"EntryPoint","urlTemplate":"https:\/\/bien-etreiris.ch\/de\/?s={search_term_string}"},"query-input":{"@type":"PropertyValueSpecification","valueRequired":true,"valueName":"search_term_string"}}],"inLanguage":"de"}]}},"_links":{"self":[{"href":"https:\/\/bien-etreiris.ch\/de\/wp-json\/wp\/v2\/pages\/91324","targetHints":{"allow":["GET"]}}],"collection":[{"href":"https:\/\/bien-etreiris.ch\/de\/wp-json\/wp\/v2\/pages"}],"about":[{"href":"https:\/\/bien-etreiris.ch\/de\/wp-json\/wp\/v2\/types\/page"}],"author":[{"embeddable":true,"href":"https:\/\/bien-etreiris.ch\/de\/wp-json\/wp\/v2\/users\/1"}],"replies":[{"embeddable":true,"href":"https:\/\/bien-etreiris.ch\/de\/wp-json\/wp\/v2\/comments?post=91324"}],"version-history":[{"count":4,"href":"https:\/\/bien-etreiris.ch\/de\/wp-json\/wp\/v2\/pages\/91324\/revisions"}],"predecessor-version":[{"id":91449,"href":"https:\/\/bien-etreiris.ch\/de\/wp-json\/wp\/v2\/pages\/91324\/revisions\/91449"}],"up":[{"embeddable":true,"href":"https:\/\/bien-etreiris.ch\/de\/wp-json\/wp\/v2\/pages\/36481"}],"wp:featuredmedia":[{"embeddable":true,"href":"https:\/\/bien-etreiris.ch\/de\/wp-json\/wp\/v2\/media\/91329"}],"wp:attachment":[{"href":"https:\/\/bien-etreiris.ch\/de\/wp-json\/wp\/v2\/media?parent=91324"}],"curies":[{"name":"wp","href":"https:\/\/api.w.org\/{rel}","templated":true}]}}