{"id":91312,"date":"2024-10-31T11:20:48","date_gmt":"2024-10-31T09:20:48","guid":{"rendered":"https:\/\/bien-etreiris.ch\/unsere-marken\/eigenart\/"},"modified":"2024-11-02T00:13:38","modified_gmt":"2024-11-01T22:13:38","slug":"eigenart","status":"publish","type":"page","link":"https:\/\/bien-etreiris.ch\/de\/unsere-marken\/eigenart\/","title":{"rendered":"EIGENART"},"content":{"rendered":"\n<div class=\"cms-section boxed cms-section-overlay  pos-0 cms-section-default\" data-zen-scroll-animation=\"true\" data-zen-scroll-animation-options=\"{&quot;animationDuration&quot;:&quot;1s&quot;,&quot;animationDelay&quot;:&quot;0.25s&quot;,&quot;cols&quot;:{&quot;XS&quot;:&quot;2&quot;,&quot;SM&quot;:&quot;2&quot;,&quot;MD&quot;:&quot;2&quot;,&quot;LG&quot;:&quot;3&quot;,&quot;XL&quot;:&quot;4&quot;,&quot;XXL&quot;:&quot;4&quot;}}\">\n<div class=\"cms-section-default boxed\">\n<div class=\"cms-block content-teaser-text pos-0 cms-block-text\">\n<div class=\"cms-block-container\">\n<div class=\"cms-block-container-row row cms-row \">\n<div class=\"col-12\" data-cms-element-id=\"ce1bf4f47ace4cd9ad85f5aa49c1b8a5\">\n<div class=\"cms-element-text\">\n<h2><img loading=\"lazy\" decoding=\"async\" class=\"alignnone  wp-image-91307\" src=\"https:\/\/bien-etreiris.ch\/wp-content\/uploads\/2024\/10\/photo-acceuil.jpg\" alt=\"\" width=\"814\" height=\"319\" srcset=\"https:\/\/bien-etreiris.ch\/wp-content\/uploads\/2024\/10\/photo-acceuil.jpg 600w, https:\/\/bien-etreiris.ch\/wp-content\/uploads\/2024\/10\/photo-acceuil-300x118.jpg 300w\" sizes=\"auto, (max-width: 814px) 100vw, 814px\" \/><\/h2>\n<h2>Bienvenue dans notre monde unique<\/h2>\n<p>Le monde est beau. Pas toujours et pas partout. Mais chaque jour, nous essayons \u00e0 notre fa\u00e7on de les rendre un peu meilleurs, plus joyeux, plus harmonieux, plus sains et plus agr\u00e9ables \u00e0 vivre. Avec notre passion pour les formes esth\u00e9tiques, les couleurs attrayantes, les designs innovants et les mat\u00e9riaux de haute qualit\u00e9. Avec notre souci du d\u00e9tail, des id\u00e9es et des produits innovants. Enfin, notre engagement clair en faveur de la durabilit\u00e9, notre engagement et notre action sur le terrain en faveur d\u2019une protection visible de la nature et de l\u2019environnement.<\/p>\n<p>C\u2019est ce qui nous pousse. Nos collaborateurs, nos partenaires, nos fournisseurs et nos clients. Tous ensemble. Rejoignez-nous et devenez une partie active de notre monde unique.<\/p>\n<p>Bienvenue dans le monde de EIGENART.<\/p>\n<\/div>\n<p>&nbsp;<\/p>\n<p>ors de la s\u00e9lection de nos mat\u00e9riaux, nous accordons la plus grande importance aux mati\u00e8res premi\u00e8res qualitatives et renouvelables, qui doivent non seulement garantir la long\u00e9vit\u00e9 de nos produits, mais aussi \u00eatre respectueuses de notre plan\u00e8te. \u2028 Afin de r\u00e9duire notre empreinte, nous repensons constamment nos processus et le choix de nos produits dans le cadre de notre travail quotidien. Cela implique d'une part que nous consommions moins et d'autre part que nous investissions davantage : Dans une protection active de l'environnement. En effet, depuis que nous nous sommes install\u00e9s sur le site de Bergisch Gladbach en 2015, nous voyons le nombre d'arbres diminuer continuellement.&nbsp; C'est pourquoi nous avons d\u00e9cid\u00e9 de nous engager dans ce domaine si proche de nous et de nos collaborateurs et de contrer le d\u00e9p\u00e9rissement des arbres de ces derni\u00e8res ann\u00e9es en reboisant des zones consid\u00e9rables dans les environs avec la for\u00eat EIGENART. Jusqu'\u00e0 pr\u00e9sent, nous avons d\u00e9j\u00e0 plant\u00e9 plus de 18000 arbres.&nbsp;<a href=\"https:\/\/eigenart.store\/fr\/retail\/navigation\/f21e59d92c01499190ecefffea15c49b\" target=\"_self\" rel=\"noreferrer noopener\"><b><span style=\"color: #f1f2f1;\">En savoir plus sur notre responsabilit\u00e9<\/span><\/b><\/a><b><\/b><\/p>\n<\/div>\n<\/div>\n<\/div>\n<\/div>\n<\/div>\n<\/div>\n\n\n\n\n\n<h2>&nbsp;<\/h2>\n<h2><a href=\"https:\/\/bien-etreiris.ch\/presentations-des-produits\/vie-saine\/complements-alimentaires\/phytotherapie\/accessoires-phytotherapie\/accessoires-pour-le-the\/carafes\/\" target=\"_blank\" rel=\"noopener\">CARAFE<\/a><\/h2>\n<h2><a href=\"https:\/\/bien-etreiris.ch\/presentations-des-produits\/vie-saine\/complements-alimentaires\/phytotherapie\/accessoires-phytotherapie\/accessoires-pour-le-the\/boites-metalliques-case\/\" target=\"_blank\" rel=\"noopener\">BO\u00ceTES<\/a><\/h2>\n<h2><a href=\"https:\/\/bien-etreiris.ch\/presentations-des-produits\/vie-saine\/complements-alimentaires\/phytotherapie\/accessoires-phytotherapie\/accessoires-pour-le-the\/tasses-avec-filtre\/\" target=\"_blank\" rel=\"noopener\">TASSES AVEC FILTRE<\/a><\/h2>\n<h2><a href=\"https:\/\/bien-etreiris.ch\/presentations-des-produits\/vie-saine\/complements-alimentaires\/phytotherapie\/accessoires-phytotherapie\/accessoires-pour-le-the\/verres-a-double-paroi\/\" target=\"_blank\" rel=\"noopener\">VERRES A DOUBLE PAROI<\/a><\/h2>\n","protected":false},"excerpt":{"rendered":"<p>Bienvenue dans notre monde unique Le monde est beau. Pas toujours et pas partout. Mais chaque jour, nous essayons \u00e0 notre fa\u00e7on de les rendre un peu meilleurs, plus joyeux, plus harmonieux, plus sains et plus agr\u00e9ables \u00e0 vivre. Avec notre passion pour les formes esth\u00e9tiques, les couleurs attrayantes, les designs innovants et les mat\u00e9riaux de haute qualit\u00e9. Avec notre&nbsp;<a href=\"https:\/\/bien-etreiris.ch\/de\/unsere-marken\/eigenart\/\" class=\"read-more\">Weiter lesen<\/a><\/p>\n","protected":false},"author":1,"featured_media":91306,"parent":44406,"menu_order":1128,"comment_status":"closed","ping_status":"closed","template":"page-with-child.php","meta":{"_acf_changed":false,"ngg_post_thumbnail":0,"footnotes":""},"class_list":["post-91312","page","type-page","status-publish","has-post-thumbnail","hentry"],"acf":[],"yoast_head":"<!-- This site is optimized with the Yoast SEO plugin v27.6 - https:\/\/yoast.com\/product\/yoast-seo-wordpress\/ -->\n<title>EIGENART - WOHLBEFINDEN<\/title>\n<meta name=\"robots\" content=\"index, follow, max-snippet:-1, max-image-preview:large, max-video-preview:-1\" \/>\n<link rel=\"canonical\" href=\"https:\/\/bien-etreiris.ch\/de\/unsere-marken\/eigenart\/\" \/>\n<meta property=\"og:locale\" content=\"de_DE\" \/>\n<meta property=\"og:type\" content=\"article\" \/>\n<meta property=\"og:title\" content=\"EIGENART - WOHLBEFINDEN\" \/>\n<meta property=\"og:description\" content=\"Bienvenue dans notre monde unique Le monde est beau. Pas toujours et pas partout. Mais chaque jour, nous essayons \u00e0 notre fa\u00e7on de les rendre un peu meilleurs, plus joyeux, plus harmonieux, plus sains et plus agr\u00e9ables \u00e0 vivre. Avec notre passion pour les formes esth\u00e9tiques, les couleurs attrayantes, les designs innovants et les mat\u00e9riaux de haute qualit\u00e9. Avec notre&nbsp;Weiter lesen\" \/>\n<meta property=\"og:url\" content=\"https:\/\/bien-etreiris.ch\/de\/unsere-marken\/eigenart\/\" \/>\n<meta property=\"og:site_name\" content=\"WOHLBEFINDEN\" \/>\n<meta property=\"article:publisher\" content=\"https:\/\/www.facebook.com\/bienetreiris\/\" \/>\n<meta property=\"article:modified_time\" content=\"2024-11-01T22:13:38+00:00\" \/>\n<meta property=\"og:image\" content=\"https:\/\/bien-etreiris.ch\/wp-content\/uploads\/2024\/10\/eigenart.jpg\" \/>\n\t<meta property=\"og:image:width\" content=\"500\" \/>\n\t<meta property=\"og:image:height\" content=\"333\" \/>\n\t<meta property=\"og:image:type\" content=\"image\/jpeg\" \/>\n<meta name=\"twitter:label1\" content=\"Gesch\u00e4tzte Lesezeit\" \/>\n\t<meta name=\"twitter:data1\" content=\"2\u00a0Minuten\" \/>\n<script type=\"application\/ld+json\" class=\"yoast-schema-graph\">{\"@context\":\"https:\\\/\\\/schema.org\",\"@graph\":[{\"@type\":\"WebPage\",\"@id\":\"https:\\\/\\\/bien-etreiris.ch\\\/de\\\/unsere-marken\\\/eigenart\\\/\",\"url\":\"https:\\\/\\\/bien-etreiris.ch\\\/de\\\/unsere-marken\\\/eigenart\\\/\",\"name\":\"EIGENART - WOHLBEFINDEN\",\"isPartOf\":{\"@id\":\"https:\\\/\\\/bien-etreiris.ch\\\/de\\\/#website\"},\"primaryImageOfPage\":{\"@id\":\"https:\\\/\\\/bien-etreiris.ch\\\/de\\\/unsere-marken\\\/eigenart\\\/#primaryimage\"},\"image\":{\"@id\":\"https:\\\/\\\/bien-etreiris.ch\\\/de\\\/unsere-marken\\\/eigenart\\\/#primaryimage\"},\"thumbnailUrl\":\"https:\\\/\\\/bien-etreiris.ch\\\/wp-content\\\/uploads\\\/2024\\\/10\\\/eigenart.jpg\",\"datePublished\":\"2024-10-31T09:20:48+00:00\",\"dateModified\":\"2024-11-01T22:13:38+00:00\",\"breadcrumb\":{\"@id\":\"https:\\\/\\\/bien-etreiris.ch\\\/de\\\/unsere-marken\\\/eigenart\\\/#breadcrumb\"},\"inLanguage\":\"de\",\"potentialAction\":[{\"@type\":\"ReadAction\",\"target\":[\"https:\\\/\\\/bien-etreiris.ch\\\/de\\\/unsere-marken\\\/eigenart\\\/\"]}]},{\"@type\":\"ImageObject\",\"inLanguage\":\"de\",\"@id\":\"https:\\\/\\\/bien-etreiris.ch\\\/de\\\/unsere-marken\\\/eigenart\\\/#primaryimage\",\"url\":\"https:\\\/\\\/bien-etreiris.ch\\\/wp-content\\\/uploads\\\/2024\\\/10\\\/eigenart.jpg\",\"contentUrl\":\"https:\\\/\\\/bien-etreiris.ch\\\/wp-content\\\/uploads\\\/2024\\\/10\\\/eigenart.jpg\",\"width\":500,\"height\":333},{\"@type\":\"BreadcrumbList\",\"@id\":\"https:\\\/\\\/bien-etreiris.ch\\\/de\\\/unsere-marken\\\/eigenart\\\/#breadcrumb\",\"itemListElement\":[{\"@type\":\"ListItem\",\"position\":1,\"name\":\"Home\",\"item\":\"https:\\\/\\\/bien-etreiris.ch\\\/de\\\/\"},{\"@type\":\"ListItem\",\"position\":2,\"name\":\"UNSERE MARKEN\",\"item\":\"https:\\\/\\\/bien-etreiris.ch\\\/de\\\/unsere-marken\\\/\"},{\"@type\":\"ListItem\",\"position\":3,\"name\":\"EIGENART\"}]},{\"@type\":\"WebSite\",\"@id\":\"https:\\\/\\\/bien-etreiris.ch\\\/de\\\/#website\",\"url\":\"https:\\\/\\\/bien-etreiris.ch\\\/de\\\/\",\"name\":\"Bien-\u00eatre Iris\",\"description\":\"IHRE Gesundheit ist uns wichtig\",\"potentialAction\":[{\"@type\":\"SearchAction\",\"target\":{\"@type\":\"EntryPoint\",\"urlTemplate\":\"https:\\\/\\\/bien-etreiris.ch\\\/de\\\/?s={search_term_string}\"},\"query-input\":{\"@type\":\"PropertyValueSpecification\",\"valueRequired\":true,\"valueName\":\"search_term_string\"}}],\"inLanguage\":\"de\"}]}<\/script>\n<!-- \/ Yoast SEO plugin. -->","yoast_head_json":{"title":"EIGENART - WOHLBEFINDEN","robots":{"index":"index","follow":"follow","max-snippet":"max-snippet:-1","max-image-preview":"max-image-preview:large","max-video-preview":"max-video-preview:-1"},"canonical":"https:\/\/bien-etreiris.ch\/de\/unsere-marken\/eigenart\/","og_locale":"de_DE","og_type":"article","og_title":"EIGENART - WOHLBEFINDEN","og_description":"Bienvenue dans notre monde unique Le monde est beau. Pas toujours et pas partout. Mais chaque jour, nous essayons \u00e0 notre fa\u00e7on de les rendre un peu meilleurs, plus joyeux, plus harmonieux, plus sains et plus agr\u00e9ables \u00e0 vivre. Avec notre passion pour les formes esth\u00e9tiques, les couleurs attrayantes, les designs innovants et les mat\u00e9riaux de haute qualit\u00e9. Avec notre&nbsp;Weiter lesen","og_url":"https:\/\/bien-etreiris.ch\/de\/unsere-marken\/eigenart\/","og_site_name":"WOHLBEFINDEN","article_publisher":"https:\/\/www.facebook.com\/bienetreiris\/","article_modified_time":"2024-11-01T22:13:38+00:00","og_image":[{"width":500,"height":333,"url":"https:\/\/bien-etreiris.ch\/wp-content\/uploads\/2024\/10\/eigenart.jpg","type":"image\/jpeg"}],"twitter_misc":{"Gesch\u00e4tzte Lesezeit":"2\u00a0Minuten"},"schema":{"@context":"https:\/\/schema.org","@graph":[{"@type":"WebPage","@id":"https:\/\/bien-etreiris.ch\/de\/unsere-marken\/eigenart\/","url":"https:\/\/bien-etreiris.ch\/de\/unsere-marken\/eigenart\/","name":"EIGENART - WOHLBEFINDEN","isPartOf":{"@id":"https:\/\/bien-etreiris.ch\/de\/#website"},"primaryImageOfPage":{"@id":"https:\/\/bien-etreiris.ch\/de\/unsere-marken\/eigenart\/#primaryimage"},"image":{"@id":"https:\/\/bien-etreiris.ch\/de\/unsere-marken\/eigenart\/#primaryimage"},"thumbnailUrl":"https:\/\/bien-etreiris.ch\/wp-content\/uploads\/2024\/10\/eigenart.jpg","datePublished":"2024-10-31T09:20:48+00:00","dateModified":"2024-11-01T22:13:38+00:00","breadcrumb":{"@id":"https:\/\/bien-etreiris.ch\/de\/unsere-marken\/eigenart\/#breadcrumb"},"inLanguage":"de","potentialAction":[{"@type":"ReadAction","target":["https:\/\/bien-etreiris.ch\/de\/unsere-marken\/eigenart\/"]}]},{"@type":"ImageObject","inLanguage":"de","@id":"https:\/\/bien-etreiris.ch\/de\/unsere-marken\/eigenart\/#primaryimage","url":"https:\/\/bien-etreiris.ch\/wp-content\/uploads\/2024\/10\/eigenart.jpg","contentUrl":"https:\/\/bien-etreiris.ch\/wp-content\/uploads\/2024\/10\/eigenart.jpg","width":500,"height":333},{"@type":"BreadcrumbList","@id":"https:\/\/bien-etreiris.ch\/de\/unsere-marken\/eigenart\/#breadcrumb","itemListElement":[{"@type":"ListItem","position":1,"name":"Home","item":"https:\/\/bien-etreiris.ch\/de\/"},{"@type":"ListItem","position":2,"name":"UNSERE MARKEN","item":"https:\/\/bien-etreiris.ch\/de\/unsere-marken\/"},{"@type":"ListItem","position":3,"name":"EIGENART"}]},{"@type":"WebSite","@id":"https:\/\/bien-etreiris.ch\/de\/#website","url":"https:\/\/bien-etreiris.ch\/de\/","name":"Bien-\u00eatre Iris","description":"IHRE Gesundheit ist uns wichtig","potentialAction":[{"@type":"SearchAction","target":{"@type":"EntryPoint","urlTemplate":"https:\/\/bien-etreiris.ch\/de\/?s={search_term_string}"},"query-input":{"@type":"PropertyValueSpecification","valueRequired":true,"valueName":"search_term_string"}}],"inLanguage":"de"}]}},"_links":{"self":[{"href":"https:\/\/bien-etreiris.ch\/de\/wp-json\/wp\/v2\/pages\/91312","targetHints":{"allow":["GET"]}}],"collection":[{"href":"https:\/\/bien-etreiris.ch\/de\/wp-json\/wp\/v2\/pages"}],"about":[{"href":"https:\/\/bien-etreiris.ch\/de\/wp-json\/wp\/v2\/types\/page"}],"author":[{"embeddable":true,"href":"https:\/\/bien-etreiris.ch\/de\/wp-json\/wp\/v2\/users\/1"}],"replies":[{"embeddable":true,"href":"https:\/\/bien-etreiris.ch\/de\/wp-json\/wp\/v2\/comments?post=91312"}],"version-history":[{"count":5,"href":"https:\/\/bien-etreiris.ch\/de\/wp-json\/wp\/v2\/pages\/91312\/revisions"}],"predecessor-version":[{"id":91486,"href":"https:\/\/bien-etreiris.ch\/de\/wp-json\/wp\/v2\/pages\/91312\/revisions\/91486"}],"up":[{"embeddable":true,"href":"https:\/\/bien-etreiris.ch\/de\/wp-json\/wp\/v2\/pages\/44406"}],"wp:featuredmedia":[{"embeddable":true,"href":"https:\/\/bien-etreiris.ch\/de\/wp-json\/wp\/v2\/media\/91306"}],"wp:attachment":[{"href":"https:\/\/bien-etreiris.ch\/de\/wp-json\/wp\/v2\/media?parent=91312"}],"curies":[{"name":"wp","href":"https:\/\/api.w.org\/{rel}","templated":true}]}}