{"id":91275,"date":"2024-10-13T04:13:35","date_gmt":"2024-10-13T02:13:35","guid":{"rendered":"https:\/\/bien-etreiris.ch\/produktpraesentation\/gesundes-leben\/electrobiologie\/proteger-eviter\/ecouteurs-et-accessoires\/casque-stereo-anti-radiations\/"},"modified":"2024-10-13T05:16:05","modified_gmt":"2024-10-13T03:16:05","slug":"casque-stereo-anti-radiations","status":"publish","type":"page","link":"https:\/\/bien-etreiris.ch\/de\/produktpraesentation\/gesundes-leben\/electrobiologie\/proteger-eviter\/ecouteurs-et-accessoires\/casque-stereo-anti-radiations\/","title":{"rendered":"CASQUE STEREO"},"content":{"rendered":"<h2>Casque st\u00e9r\u00e9o anti-radiations avec technologie de gestion de l'air, transmission du son, blanc. Avec une prise jack de 3,5 mm.<\/h2>\n<p><img loading=\"lazy\" decoding=\"async\" class=\"alignnone  wp-image-91263\" src=\"https:\/\/bien-etreiris.ch\/wp-content\/uploads\/2024\/10\/ecouteur-blanc.jpg\" alt=\"\" width=\"366\" height=\"319\" srcset=\"https:\/\/bien-etreiris.ch\/wp-content\/uploads\/2024\/10\/ecouteur-blanc.jpg 357w, https:\/\/bien-etreiris.ch\/wp-content\/uploads\/2024\/10\/ecouteur-blanc-300x261.jpg 300w\" sizes=\"auto, (max-width: 366px) 100vw, 366px\" \/><img loading=\"lazy\" decoding=\"async\" class=\"alignnone size-full wp-image-91267\" src=\"https:\/\/bien-etreiris.ch\/wp-content\/uploads\/2024\/10\/ecouteur-noir.jpg\" alt=\"\" width=\"320\" height=\"320\" srcset=\"https:\/\/bien-etreiris.ch\/wp-content\/uploads\/2024\/10\/ecouteur-noir.jpg 320w, https:\/\/bien-etreiris.ch\/wp-content\/uploads\/2024\/10\/ecouteur-noir-300x300.jpg 300w, https:\/\/bien-etreiris.ch\/wp-content\/uploads\/2024\/10\/ecouteur-noir-150x150.jpg 150w\" sizes=\"auto, (max-width: 320px) 100vw, 320px\" \/><\/p>\n<p>Le casque interrompt le rayonnement du t\u00e9l\u00e9phone portable coupl\u00e9 au c\u00e2ble, de sorte qu'il ne soit pas transmis jusqu'\u00e0 l'oreille. 1 pi\u00e8ce noir ou blanc&nbsp; <strong>CHF 95.00<\/strong><\/p>\n<p>&nbsp;<\/p>\n<h4>\u00cates vous pr\u00e9occup\u00e9 par les effets des radiations de la t\u00e9l\u00e9phonie Mobile<\/h4>\n<p>Tout produit \u00e9lectronique g\u00e9n\u00e8re des rayonnements \u00e9lectromagn\u00e9tiques (CEM). Les CEM peuvent endommager l'ADN, provoquer des cancers du cerveau, des maux de t\u00eate, des acouph\u00e8nes, des troubles du sommeil, l'infertilit\u00e9, des d\u00e9ficiences immunitaires, des leuc\u00e9mies. L'Organisation mondiale de la sant\u00e9 qualifie les CEM de canc\u00e9rig\u00e8nes de classe 2B. En fait, les grandes compagnies d'assurance mondiales refusent d'assurer les fabricants de t\u00e9l\u00e9phones contre les r\u00e9clamations de sant\u00e9.<\/p>\n<p>Les t\u00e9l\u00e9phones portables ou les \u00e9couteurs utilisant la technologie radio peuvent provoquer des tumeurs c\u00e9r\u00e9brales. Utilisez nos \u00e9couteurs \u00e0 tube d'air pour r\u00e9duire consid\u00e9rablement les radiations.<\/p>\n<p>&nbsp;<\/p>\n<p><a href=\"https:\/\/bien-etreiris.ch\/wp-content\/uploads\/2024\/10\/Eloigner-le-telephone-portable-de-la-tete.pdf\" target=\"_blank\" rel=\"noopener\"><span style=\"color: #ff0000;\">Lisez ici pourquoi vous ne devriez pas porter un t\u00e9l\u00e9phone portable \u00e0 l'oreille en pdf<\/span><\/a><\/p>\n<p>&nbsp;<\/p>\n<p><strong>Commandez les accessoires en m\u00eame temps :<\/strong> Adaptateur Lightning original Apple pour prise casque de 3,5 mm . Avec cet adaptateur, tu peux connecter des appareils Lightning \u00e0 des accessoires qui ont une prise audio de 3,5 mm.<\/p>\n\n\n\n","protected":false},"excerpt":{"rendered":"<p>Casque st\u00e9r\u00e9o anti-radiations avec technologie de gestion de l'air, transmission du son, blanc. Avec une prise jack de 3,5 mm. Le casque interrompt le rayonnement du t\u00e9l\u00e9phone portable coupl\u00e9 au c\u00e2ble, de sorte qu'il ne soit pas transmis jusqu'\u00e0 l'oreille. 1 pi\u00e8ce noir ou blanc&nbsp; CHF 95.00 &nbsp; \u00cates vous pr\u00e9occup\u00e9 par les effets des radiations de la t\u00e9l\u00e9phonie Mobile&nbsp;<a href=\"https:\/\/bien-etreiris.ch\/de\/produktpraesentation\/gesundes-leben\/electrobiologie\/proteger-eviter\/ecouteurs-et-accessoires\/casque-stereo-anti-radiations\/\" class=\"read-more\">Weiter lesen<\/a><\/p>\n","protected":false},"author":1,"featured_media":91273,"parent":90907,"menu_order":1132,"comment_status":"closed","ping_status":"closed","template":"page-with-child.php","meta":{"_acf_changed":false,"ngg_post_thumbnail":0,"footnotes":""},"class_list":["post-91275","page","type-page","status-publish","has-post-thumbnail","hentry"],"acf":[],"yoast_head":"<!-- This site is optimized with the Yoast SEO plugin v27.5 - https:\/\/yoast.com\/product\/yoast-seo-wordpress\/ -->\n<title>CASQUE STEREO - WOHLBEFINDEN<\/title>\n<meta name=\"robots\" content=\"index, follow, max-snippet:-1, max-image-preview:large, max-video-preview:-1\" \/>\n<link rel=\"canonical\" href=\"https:\/\/bien-etreiris.ch\/de\/produktpraesentation\/gesundes-leben\/electrobiologie\/proteger-eviter\/ecouteurs-et-accessoires\/casque-stereo-anti-radiations\/\" \/>\n<meta property=\"og:locale\" content=\"de_DE\" \/>\n<meta property=\"og:type\" content=\"article\" \/>\n<meta property=\"og:title\" content=\"CASQUE STEREO - WOHLBEFINDEN\" \/>\n<meta property=\"og:description\" content=\"Casque st\u00e9r\u00e9o anti-radiations avec technologie de gestion de l&#039;air, transmission du son, blanc. Avec une prise jack de 3,5 mm. Le casque interrompt le rayonnement du t\u00e9l\u00e9phone portable coupl\u00e9 au c\u00e2ble, de sorte qu&#039;il ne soit pas transmis jusqu&#039;\u00e0 l&#039;oreille. 1 pi\u00e8ce noir ou blanc&nbsp; CHF 95.00 &nbsp; \u00cates vous pr\u00e9occup\u00e9 par les effets des radiations de la t\u00e9l\u00e9phonie Mobile&nbsp;Weiter lesen\" \/>\n<meta property=\"og:url\" content=\"https:\/\/bien-etreiris.ch\/de\/produktpraesentation\/gesundes-leben\/electrobiologie\/proteger-eviter\/ecouteurs-et-accessoires\/casque-stereo-anti-radiations\/\" \/>\n<meta property=\"og:site_name\" content=\"WOHLBEFINDEN\" \/>\n<meta property=\"article:publisher\" content=\"https:\/\/www.facebook.com\/bienetreiris\/\" \/>\n<meta property=\"article:modified_time\" content=\"2024-10-13T03:16:05+00:00\" \/>\n<meta property=\"og:image\" content=\"https:\/\/bien-etreiris.ch\/wp-content\/uploads\/2024\/10\/acceuil-casques.jpg\" \/>\n\t<meta property=\"og:image:width\" content=\"500\" \/>\n\t<meta property=\"og:image:height\" content=\"333\" \/>\n\t<meta property=\"og:image:type\" content=\"image\/jpeg\" \/>\n<meta name=\"twitter:label1\" content=\"Gesch\u00e4tzte Lesezeit\" \/>\n\t<meta name=\"twitter:data1\" content=\"2\u00a0Minuten\" \/>\n<script type=\"application\/ld+json\" class=\"yoast-schema-graph\">{\"@context\":\"https:\\\/\\\/schema.org\",\"@graph\":[{\"@type\":\"WebPage\",\"@id\":\"https:\\\/\\\/bien-etreiris.ch\\\/de\\\/produktpraesentation\\\/gesundes-leben\\\/electrobiologie\\\/proteger-eviter\\\/ecouteurs-et-accessoires\\\/casque-stereo-anti-radiations\\\/\",\"url\":\"https:\\\/\\\/bien-etreiris.ch\\\/de\\\/produktpraesentation\\\/gesundes-leben\\\/electrobiologie\\\/proteger-eviter\\\/ecouteurs-et-accessoires\\\/casque-stereo-anti-radiations\\\/\",\"name\":\"CASQUE STEREO - WOHLBEFINDEN\",\"isPartOf\":{\"@id\":\"https:\\\/\\\/bien-etreiris.ch\\\/de\\\/#website\"},\"primaryImageOfPage\":{\"@id\":\"https:\\\/\\\/bien-etreiris.ch\\\/de\\\/produktpraesentation\\\/gesundes-leben\\\/electrobiologie\\\/proteger-eviter\\\/ecouteurs-et-accessoires\\\/casque-stereo-anti-radiations\\\/#primaryimage\"},\"image\":{\"@id\":\"https:\\\/\\\/bien-etreiris.ch\\\/de\\\/produktpraesentation\\\/gesundes-leben\\\/electrobiologie\\\/proteger-eviter\\\/ecouteurs-et-accessoires\\\/casque-stereo-anti-radiations\\\/#primaryimage\"},\"thumbnailUrl\":\"https:\\\/\\\/bien-etreiris.ch\\\/wp-content\\\/uploads\\\/2024\\\/10\\\/acceuil-casques.jpg\",\"datePublished\":\"2024-10-13T02:13:35+00:00\",\"dateModified\":\"2024-10-13T03:16:05+00:00\",\"breadcrumb\":{\"@id\":\"https:\\\/\\\/bien-etreiris.ch\\\/de\\\/produktpraesentation\\\/gesundes-leben\\\/electrobiologie\\\/proteger-eviter\\\/ecouteurs-et-accessoires\\\/casque-stereo-anti-radiations\\\/#breadcrumb\"},\"inLanguage\":\"de\",\"potentialAction\":[{\"@type\":\"ReadAction\",\"target\":[\"https:\\\/\\\/bien-etreiris.ch\\\/de\\\/produktpraesentation\\\/gesundes-leben\\\/electrobiologie\\\/proteger-eviter\\\/ecouteurs-et-accessoires\\\/casque-stereo-anti-radiations\\\/\"]}]},{\"@type\":\"ImageObject\",\"inLanguage\":\"de\",\"@id\":\"https:\\\/\\\/bien-etreiris.ch\\\/de\\\/produktpraesentation\\\/gesundes-leben\\\/electrobiologie\\\/proteger-eviter\\\/ecouteurs-et-accessoires\\\/casque-stereo-anti-radiations\\\/#primaryimage\",\"url\":\"https:\\\/\\\/bien-etreiris.ch\\\/wp-content\\\/uploads\\\/2024\\\/10\\\/acceuil-casques.jpg\",\"contentUrl\":\"https:\\\/\\\/bien-etreiris.ch\\\/wp-content\\\/uploads\\\/2024\\\/10\\\/acceuil-casques.jpg\",\"width\":500,\"height\":333},{\"@type\":\"BreadcrumbList\",\"@id\":\"https:\\\/\\\/bien-etreiris.ch\\\/de\\\/produktpraesentation\\\/gesundes-leben\\\/electrobiologie\\\/proteger-eviter\\\/ecouteurs-et-accessoires\\\/casque-stereo-anti-radiations\\\/#breadcrumb\",\"itemListElement\":[{\"@type\":\"ListItem\",\"position\":1,\"name\":\"Home\",\"item\":\"https:\\\/\\\/bien-etreiris.ch\\\/de\\\/\"},{\"@type\":\"ListItem\",\"position\":2,\"name\":\"PRODUKTPR\u00c4SENTATION\",\"item\":\"https:\\\/\\\/bien-etreiris.ch\\\/de\\\/produktpraesentation\\\/\"},{\"@type\":\"ListItem\",\"position\":3,\"name\":\"GESUNDES LEBEN\",\"item\":\"https:\\\/\\\/bien-etreiris.ch\\\/de\\\/produktpraesentation\\\/gesundes-leben\\\/\"},{\"@type\":\"ListItem\",\"position\":4,\"name\":\"ELECTROBIOLOGIE\",\"item\":\"https:\\\/\\\/bien-etreiris.ch\\\/de\\\/produktpraesentation\\\/gesundes-leben\\\/electrobiologie\\\/\"},{\"@type\":\"ListItem\",\"position\":5,\"name\":\"PROTEGER-EVITER\",\"item\":\"https:\\\/\\\/bien-etreiris.ch\\\/de\\\/produktpraesentation\\\/gesundes-leben\\\/electrobiologie\\\/proteger-eviter\\\/\"},{\"@type\":\"ListItem\",\"position\":6,\"name\":\"ECOUTEURS &#8230;\",\"item\":\"https:\\\/\\\/bien-etreiris.ch\\\/de\\\/produktpraesentation\\\/gesundes-leben\\\/electrobiologie\\\/proteger-eviter\\\/ecouteurs-et-accessoires\\\/\"},{\"@type\":\"ListItem\",\"position\":7,\"name\":\"CASQUE STEREO\"}]},{\"@type\":\"WebSite\",\"@id\":\"https:\\\/\\\/bien-etreiris.ch\\\/de\\\/#website\",\"url\":\"https:\\\/\\\/bien-etreiris.ch\\\/de\\\/\",\"name\":\"Bien-\u00eatre Iris\",\"description\":\"IHRE Gesundheit ist uns wichtig\",\"potentialAction\":[{\"@type\":\"SearchAction\",\"target\":{\"@type\":\"EntryPoint\",\"urlTemplate\":\"https:\\\/\\\/bien-etreiris.ch\\\/de\\\/?s={search_term_string}\"},\"query-input\":{\"@type\":\"PropertyValueSpecification\",\"valueRequired\":true,\"valueName\":\"search_term_string\"}}],\"inLanguage\":\"de\"}]}<\/script>\n<!-- \/ Yoast SEO plugin. -->","yoast_head_json":{"title":"CASQUE STEREO - WOHLBEFINDEN","robots":{"index":"index","follow":"follow","max-snippet":"max-snippet:-1","max-image-preview":"max-image-preview:large","max-video-preview":"max-video-preview:-1"},"canonical":"https:\/\/bien-etreiris.ch\/de\/produktpraesentation\/gesundes-leben\/electrobiologie\/proteger-eviter\/ecouteurs-et-accessoires\/casque-stereo-anti-radiations\/","og_locale":"de_DE","og_type":"article","og_title":"CASQUE STEREO - WOHLBEFINDEN","og_description":"Casque st\u00e9r\u00e9o anti-radiations avec technologie de gestion de l'air, transmission du son, blanc. Avec une prise jack de 3,5 mm. Le casque interrompt le rayonnement du t\u00e9l\u00e9phone portable coupl\u00e9 au c\u00e2ble, de sorte qu'il ne soit pas transmis jusqu'\u00e0 l'oreille. 1 pi\u00e8ce noir ou blanc&nbsp; CHF 95.00 &nbsp; \u00cates vous pr\u00e9occup\u00e9 par les effets des radiations de la t\u00e9l\u00e9phonie Mobile&nbsp;Weiter lesen","og_url":"https:\/\/bien-etreiris.ch\/de\/produktpraesentation\/gesundes-leben\/electrobiologie\/proteger-eviter\/ecouteurs-et-accessoires\/casque-stereo-anti-radiations\/","og_site_name":"WOHLBEFINDEN","article_publisher":"https:\/\/www.facebook.com\/bienetreiris\/","article_modified_time":"2024-10-13T03:16:05+00:00","og_image":[{"width":500,"height":333,"url":"https:\/\/bien-etreiris.ch\/wp-content\/uploads\/2024\/10\/acceuil-casques.jpg","type":"image\/jpeg"}],"twitter_misc":{"Gesch\u00e4tzte Lesezeit":"2\u00a0Minuten"},"schema":{"@context":"https:\/\/schema.org","@graph":[{"@type":"WebPage","@id":"https:\/\/bien-etreiris.ch\/de\/produktpraesentation\/gesundes-leben\/electrobiologie\/proteger-eviter\/ecouteurs-et-accessoires\/casque-stereo-anti-radiations\/","url":"https:\/\/bien-etreiris.ch\/de\/produktpraesentation\/gesundes-leben\/electrobiologie\/proteger-eviter\/ecouteurs-et-accessoires\/casque-stereo-anti-radiations\/","name":"CASQUE STEREO - WOHLBEFINDEN","isPartOf":{"@id":"https:\/\/bien-etreiris.ch\/de\/#website"},"primaryImageOfPage":{"@id":"https:\/\/bien-etreiris.ch\/de\/produktpraesentation\/gesundes-leben\/electrobiologie\/proteger-eviter\/ecouteurs-et-accessoires\/casque-stereo-anti-radiations\/#primaryimage"},"image":{"@id":"https:\/\/bien-etreiris.ch\/de\/produktpraesentation\/gesundes-leben\/electrobiologie\/proteger-eviter\/ecouteurs-et-accessoires\/casque-stereo-anti-radiations\/#primaryimage"},"thumbnailUrl":"https:\/\/bien-etreiris.ch\/wp-content\/uploads\/2024\/10\/acceuil-casques.jpg","datePublished":"2024-10-13T02:13:35+00:00","dateModified":"2024-10-13T03:16:05+00:00","breadcrumb":{"@id":"https:\/\/bien-etreiris.ch\/de\/produktpraesentation\/gesundes-leben\/electrobiologie\/proteger-eviter\/ecouteurs-et-accessoires\/casque-stereo-anti-radiations\/#breadcrumb"},"inLanguage":"de","potentialAction":[{"@type":"ReadAction","target":["https:\/\/bien-etreiris.ch\/de\/produktpraesentation\/gesundes-leben\/electrobiologie\/proteger-eviter\/ecouteurs-et-accessoires\/casque-stereo-anti-radiations\/"]}]},{"@type":"ImageObject","inLanguage":"de","@id":"https:\/\/bien-etreiris.ch\/de\/produktpraesentation\/gesundes-leben\/electrobiologie\/proteger-eviter\/ecouteurs-et-accessoires\/casque-stereo-anti-radiations\/#primaryimage","url":"https:\/\/bien-etreiris.ch\/wp-content\/uploads\/2024\/10\/acceuil-casques.jpg","contentUrl":"https:\/\/bien-etreiris.ch\/wp-content\/uploads\/2024\/10\/acceuil-casques.jpg","width":500,"height":333},{"@type":"BreadcrumbList","@id":"https:\/\/bien-etreiris.ch\/de\/produktpraesentation\/gesundes-leben\/electrobiologie\/proteger-eviter\/ecouteurs-et-accessoires\/casque-stereo-anti-radiations\/#breadcrumb","itemListElement":[{"@type":"ListItem","position":1,"name":"Home","item":"https:\/\/bien-etreiris.ch\/de\/"},{"@type":"ListItem","position":2,"name":"PRODUKTPR\u00c4SENTATION","item":"https:\/\/bien-etreiris.ch\/de\/produktpraesentation\/"},{"@type":"ListItem","position":3,"name":"GESUNDES LEBEN","item":"https:\/\/bien-etreiris.ch\/de\/produktpraesentation\/gesundes-leben\/"},{"@type":"ListItem","position":4,"name":"ELECTROBIOLOGIE","item":"https:\/\/bien-etreiris.ch\/de\/produktpraesentation\/gesundes-leben\/electrobiologie\/"},{"@type":"ListItem","position":5,"name":"PROTEGER-EVITER","item":"https:\/\/bien-etreiris.ch\/de\/produktpraesentation\/gesundes-leben\/electrobiologie\/proteger-eviter\/"},{"@type":"ListItem","position":6,"name":"ECOUTEURS &#8230;","item":"https:\/\/bien-etreiris.ch\/de\/produktpraesentation\/gesundes-leben\/electrobiologie\/proteger-eviter\/ecouteurs-et-accessoires\/"},{"@type":"ListItem","position":7,"name":"CASQUE STEREO"}]},{"@type":"WebSite","@id":"https:\/\/bien-etreiris.ch\/de\/#website","url":"https:\/\/bien-etreiris.ch\/de\/","name":"Bien-\u00eatre Iris","description":"IHRE Gesundheit ist uns wichtig","potentialAction":[{"@type":"SearchAction","target":{"@type":"EntryPoint","urlTemplate":"https:\/\/bien-etreiris.ch\/de\/?s={search_term_string}"},"query-input":{"@type":"PropertyValueSpecification","valueRequired":true,"valueName":"search_term_string"}}],"inLanguage":"de"}]}},"_links":{"self":[{"href":"https:\/\/bien-etreiris.ch\/de\/wp-json\/wp\/v2\/pages\/91275","targetHints":{"allow":["GET"]}}],"collection":[{"href":"https:\/\/bien-etreiris.ch\/de\/wp-json\/wp\/v2\/pages"}],"about":[{"href":"https:\/\/bien-etreiris.ch\/de\/wp-json\/wp\/v2\/types\/page"}],"author":[{"embeddable":true,"href":"https:\/\/bien-etreiris.ch\/de\/wp-json\/wp\/v2\/users\/1"}],"replies":[{"embeddable":true,"href":"https:\/\/bien-etreiris.ch\/de\/wp-json\/wp\/v2\/comments?post=91275"}],"version-history":[{"count":1,"href":"https:\/\/bien-etreiris.ch\/de\/wp-json\/wp\/v2\/pages\/91275\/revisions"}],"predecessor-version":[{"id":91278,"href":"https:\/\/bien-etreiris.ch\/de\/wp-json\/wp\/v2\/pages\/91275\/revisions\/91278"}],"up":[{"embeddable":true,"href":"https:\/\/bien-etreiris.ch\/de\/wp-json\/wp\/v2\/pages\/90907"}],"wp:featuredmedia":[{"embeddable":true,"href":"https:\/\/bien-etreiris.ch\/de\/wp-json\/wp\/v2\/media\/91273"}],"wp:attachment":[{"href":"https:\/\/bien-etreiris.ch\/de\/wp-json\/wp\/v2\/media?parent=91275"}],"curies":[{"name":"wp","href":"https:\/\/api.w.org\/{rel}","templated":true}]}}