{"id":91180,"date":"2024-10-11T23:33:56","date_gmt":"2024-10-11T21:33:56","guid":{"rendered":"https:\/\/bien-etreiris.ch\/produktpraesentation\/gesundes-leben\/electrobiologie\/proteger-eviter\/tissus-de-protection\/max-wear\/"},"modified":"2024-10-12T21:35:35","modified_gmt":"2024-10-12T19:35:35","slug":"swiss-shield-max-wear","status":"publish","type":"page","link":"https:\/\/bien-etreiris.ch\/de\/produktpraesentation\/gesundes-leben\/electrobiologie\/proteger-eviter\/tissus-de-protection\/swiss-shield-max-wear\/","title":{"rendered":"MAX WEAR"},"content":{"rendered":"\n<h2>Swiss-Shield MAX-WEAR Tissu de protection, pour v\u00eatements, sacs de couchage 44 dB etc.<br><br><\/h2>\n<p><img loading=\"lazy\" decoding=\"async\" class=\"wp-image-91219 alignleft\" src=\"https:\/\/bien-etreiris.ch\/wp-content\/uploads\/2024\/10\/max-wear.jpg\" alt=\"\" width=\"459\" height=\"306\" srcset=\"https:\/\/bien-etreiris.ch\/wp-content\/uploads\/2024\/10\/max-wear.jpg 500w, https:\/\/bien-etreiris.ch\/wp-content\/uploads\/2024\/10\/max-wear-300x200.jpg 300w\" sizes=\"auto, (max-width: 459px) 100vw, 459px\" \/><\/p>\n<p>&nbsp;<\/p>\n<p>&nbsp;<\/p>\n<p>&nbsp;<\/p>\n<p>&nbsp;<\/p>\n<p>Tissu MAX-WEAR m\u00e8tre lin\u00e9aire \u00e0<\/p>\n<p>150 cm de largeur<\/p>\n<p><strong>Att\u00e9nuation du blindage 44 \u00e0 1 Ghz<\/strong><\/p>\n<p>Tissu en coton l\u00e9ger de haute qualit\u00e9 avec toutes les propri\u00e9t\u00e9s textiles.<\/p>\n<p>&nbsp;<\/p>\n<p>&nbsp;<\/p>\n<h4>NOUVEAU ! Tissu de blindage Swiss-Shield MAX-WEAR, pour les v\u00eatements, les sacs de couchage 44dB, etc.<\/h4>\n<p><strong>Est coup\u00e9 selon les sp\u00e9cifications du client, une reprise n'est pas possible !<\/strong><\/p>\n<p><strong>Quantit\u00e9 minimale de commande : 1 m\u00e8tre courant <\/strong><\/p>\n<p>Wear Mati\u00e8res premi\u00e8res : 90 % coton, 9,5 % cuivre, 0,5 % argent,<\/p>\n<p><strong>Imbattable en mati\u00e8re de protection, de durabilit\u00e9 et de dur\u00e9e de vie, le nouveau tissu Swiss Shield MAX Wear !<\/strong><\/p>\n<p>Mat\u00e9riaux :<\/p>\n<p>Mati\u00e8res premi\u00e8res MAX-WEAR : 70 % coton, 28,5 % cuivre, 1,5 % argent 3x plus de fils d'argent que le tissu Wear. Blindage plus \u00e9lev\u00e9 qu'Ultima.<\/p>\n<ul>\n<li><strong>Att\u00e9nuation du blindage : 44 dB<\/strong>, double couche 54 dB<\/li>\n<\/ul>\n<p><strong>en comparaison :<\/strong><\/p>\n<p>Ultima mati\u00e8res premi\u00e8res : 82 % coton, 17 % cuivre, 1 % argent,<\/p>\n<ul>\n<li><strong>Att\u00e9nuation du blindage : 42 dB, double couche 54 dB<\/strong><\/li>\n<\/ul>\n<p>Wear Mati\u00e8res premi\u00e8res : 90 % coton, 9,5 % cuivre, 0,5 % argent,<\/p>\n<ul>\n<li><strong>att\u00e9nuation du blindage : 28 dB<\/strong><\/li>\n<\/ul>\n<p>Naturel Mati\u00e8res premi\u00e8res : 82 % coton, 17 % cuivre, 1 % argent<\/p>\n<ul>\n<li><strong>Att\u00e9nuation du blindage : 40 dB<\/strong><\/li>\n<\/ul>\n<p>&nbsp;<\/p>\n<h4>MAX Wear<\/h4>\n<p>Fibre de coton avec un fil de cuivre fil\u00e9 tr\u00e8s fin de 0,02 mm argent\u00e9 et laqu\u00e9 PU.<\/p>\n<h4>Surface<\/h4>\n<p>Non conducteur (laqu\u00e9 PU)<\/p>\n<h4>Type<\/h4>\n<p>Tissu - textile d\u00e9coratif<\/p>\n<h4>Description<\/h4>\n<p>Tissu en coton l\u00e9ger de haute qualit\u00e9 avec toutes les propri\u00e9t\u00e9s textiles.<\/p>\n<h4>Test<\/h4>\n<p>Oeko-Test 100 Cl. 1 (sous-v\u00eatements pour b\u00e9b\u00e9s) Institut suisse de recherche textile STR, Prof. Dipl.-Ing. P. Pauli\/Universit\u00e9 de l'arm\u00e9e allemande Munich selon MIL-STD 285 et IEEE-Standard 299-1997<\/p>\n<h4>Application<\/h4>\n<p>V\u00eatements, literie, sacs de couchage<\/p>\n<h4>Donn\u00e9es techniques<\/h4>\n<ul style=\"list-style-type: disc;\">\n<li><strong>Largeur : 150 cm, +\/- 2 cm<\/strong><\/li>\n<li>Longueur : au m\u00e8tre<\/li>\n<li><strong>Att\u00e9nuation de l'\u00e9cran : 44 dB<\/strong>, double couche 54 dB<\/li>\n<li>Couleur : \u00e9cru-blanc<\/li>\n<li>Mati\u00e8res premi\u00e8res : 70 % coton, 28.5 % cuivre, 1.5 % argent<\/li>\n<li>Grammage : 130 g\/m<\/li>\n<li>Stabilit\u00e9 dimensionnelle : +\/- 3<\/li>\n<\/ul>\n<p>&nbsp;<\/p>\n<h4>Entretien<\/h4>\n<p>Lavage en douceur \u00e0 30\u00b0C | Repassage sans vapeur \u00e0 l'\u00e9tape 1 | Ne pas s\u00e9cher au s\u00e8che-linge | Ne pas blanchir | Ne pas nettoyer \u00e0 sec |<\/p>\n<p>Les fils Swiss Shield Wear, qui sont transform\u00e9s en textiles, assurent une protection efficace contre les champs \u00e9lectromagn\u00e9tiques. Il prot\u00e8ge \u00e0 plus de 99% \u00e0 1,9 GHz contre les ondes \u00e9lectromagn\u00e9tiques.<\/p>\n<p>M\u00eame apr\u00e8s un long port et un lavage. Le fil de cuivre argent\u00e9 et laqu\u00e9 PU est entour\u00e9 de coton et n'est donc pas en contact avec le corps.<\/p>\n<p>Swiss Shield Wear ne convainc pas seulement par son efficacit\u00e9 scientifiquement prouv\u00e9e. Le tissu r\u00e9pond \u00e9galement aux exigences esth\u00e9tiques les plus \u00e9lev\u00e9es. Il se caract\u00e9rise par sa l\u00e9g\u00e8ret\u00e9, sa brillance \u00e9l\u00e9gante et son toucher doux et velout\u00e9.<\/p>\n<p>Le nom <span style=\"color: #99cc00;\"><a style=\"color: #99cc00;\" href=\"https:\/\/bien-etreiris.ch\/de\/unsere-marken\/swiss-shield\/\" target=\"_blank\" rel=\"noopener\">Swiss Shield\u00ae<\/a><\/span> est synonyme de fils high-tech uniques au monde, brevet\u00e9s et dot\u00e9s de propri\u00e9t\u00e9s particuli\u00e8res.<\/p>\n<p><strong>Vous souhaitez en savoir plus sur ce produit ?<\/strong><br><strong>N'h\u00e9sitez pas \u00e0 nous le demander, nous nous ferons un plaisir de vous conseiller !<\/strong><\/p>\n<p>&nbsp;<\/p>\n\n\n\n\n","protected":false},"excerpt":{"rendered":"<p>Swiss-Shield MAX-WEAR Tissu de protection, pour v\u00eatements, sacs de couchage 44 dB etc. &nbsp; &nbsp; &nbsp; &nbsp; Tissu MAX-WEAR m\u00e8tre lin\u00e9aire \u00e0 150 cm de largeur Att\u00e9nuation du blindage 44 \u00e0 1 Ghz Tissu en coton l\u00e9ger de haute qualit\u00e9 avec toutes les propri\u00e9t\u00e9s textiles. &nbsp; &nbsp; NOUVEAU ! Tissu de blindage Swiss-Shield MAX-WEAR, pour les v\u00eatements, les sacs de&nbsp;<a href=\"https:\/\/bien-etreiris.ch\/de\/produktpraesentation\/gesundes-leben\/electrobiologie\/proteger-eviter\/tissus-de-protection\/swiss-shield-max-wear\/\" class=\"read-more\">Weiter lesen<\/a><\/p>\n","protected":false},"author":1,"featured_media":91177,"parent":90842,"menu_order":1134,"comment_status":"closed","ping_status":"closed","template":"page-with-child.php","meta":{"_acf_changed":false,"ngg_post_thumbnail":0,"footnotes":""},"class_list":["post-91180","page","type-page","status-publish","has-post-thumbnail","hentry"],"acf":[],"yoast_head":"<!-- This site is optimized with the Yoast SEO plugin v27.5 - https:\/\/yoast.com\/product\/yoast-seo-wordpress\/ -->\n<title>MAX WEAR - WOHLBEFINDEN<\/title>\n<meta name=\"robots\" content=\"index, follow, max-snippet:-1, max-image-preview:large, max-video-preview:-1\" \/>\n<link rel=\"canonical\" href=\"https:\/\/bien-etreiris.ch\/de\/produktpraesentation\/gesundes-leben\/electrobiologie\/proteger-eviter\/tissus-de-protection\/swiss-shield-max-wear\/\" \/>\n<meta property=\"og:locale\" content=\"de_DE\" \/>\n<meta property=\"og:type\" content=\"article\" \/>\n<meta property=\"og:title\" content=\"MAX WEAR - WOHLBEFINDEN\" \/>\n<meta property=\"og:description\" content=\"Swiss-Shield MAX-WEAR Tissu de protection, pour v\u00eatements, sacs de couchage 44 dB etc. &nbsp; &nbsp; &nbsp; &nbsp; Tissu MAX-WEAR m\u00e8tre lin\u00e9aire \u00e0 150 cm de largeur Att\u00e9nuation du blindage 44 \u00e0 1 Ghz Tissu en coton l\u00e9ger de haute qualit\u00e9 avec toutes les propri\u00e9t\u00e9s textiles. &nbsp; &nbsp; NOUVEAU ! Tissu de blindage Swiss-Shield MAX-WEAR, pour les v\u00eatements, les sacs de&nbsp;Weiter lesen\" \/>\n<meta property=\"og:url\" content=\"https:\/\/bien-etreiris.ch\/de\/produktpraesentation\/gesundes-leben\/electrobiologie\/proteger-eviter\/tissus-de-protection\/swiss-shield-max-wear\/\" \/>\n<meta property=\"og:site_name\" content=\"WOHLBEFINDEN\" \/>\n<meta property=\"article:publisher\" content=\"https:\/\/www.facebook.com\/bienetreiris\/\" \/>\n<meta property=\"article:modified_time\" content=\"2024-10-12T19:35:35+00:00\" \/>\n<meta property=\"og:image\" content=\"https:\/\/bien-etreiris.ch\/wp-content\/uploads\/2024\/10\/acceuil-Max-Wear-1.jpg\" \/>\n\t<meta property=\"og:image:width\" content=\"500\" \/>\n\t<meta property=\"og:image:height\" content=\"333\" \/>\n\t<meta property=\"og:image:type\" content=\"image\/jpeg\" \/>\n<meta name=\"twitter:label1\" content=\"Gesch\u00e4tzte Lesezeit\" \/>\n\t<meta name=\"twitter:data1\" content=\"3\u00a0Minuten\" \/>\n<script type=\"application\/ld+json\" class=\"yoast-schema-graph\">{\"@context\":\"https:\\\/\\\/schema.org\",\"@graph\":[{\"@type\":\"WebPage\",\"@id\":\"https:\\\/\\\/bien-etreiris.ch\\\/de\\\/produktpraesentation\\\/gesundes-leben\\\/electrobiologie\\\/proteger-eviter\\\/tissus-de-protection\\\/swiss-shield-max-wear\\\/\",\"url\":\"https:\\\/\\\/bien-etreiris.ch\\\/de\\\/produktpraesentation\\\/gesundes-leben\\\/electrobiologie\\\/proteger-eviter\\\/tissus-de-protection\\\/swiss-shield-max-wear\\\/\",\"name\":\"MAX WEAR - WOHLBEFINDEN\",\"isPartOf\":{\"@id\":\"https:\\\/\\\/bien-etreiris.ch\\\/de\\\/#website\"},\"primaryImageOfPage\":{\"@id\":\"https:\\\/\\\/bien-etreiris.ch\\\/de\\\/produktpraesentation\\\/gesundes-leben\\\/electrobiologie\\\/proteger-eviter\\\/tissus-de-protection\\\/swiss-shield-max-wear\\\/#primaryimage\"},\"image\":{\"@id\":\"https:\\\/\\\/bien-etreiris.ch\\\/de\\\/produktpraesentation\\\/gesundes-leben\\\/electrobiologie\\\/proteger-eviter\\\/tissus-de-protection\\\/swiss-shield-max-wear\\\/#primaryimage\"},\"thumbnailUrl\":\"https:\\\/\\\/bien-etreiris.ch\\\/wp-content\\\/uploads\\\/2024\\\/10\\\/acceuil-Max-Wear-1.jpg\",\"datePublished\":\"2024-10-11T21:33:56+00:00\",\"dateModified\":\"2024-10-12T19:35:35+00:00\",\"breadcrumb\":{\"@id\":\"https:\\\/\\\/bien-etreiris.ch\\\/de\\\/produktpraesentation\\\/gesundes-leben\\\/electrobiologie\\\/proteger-eviter\\\/tissus-de-protection\\\/swiss-shield-max-wear\\\/#breadcrumb\"},\"inLanguage\":\"de\",\"potentialAction\":[{\"@type\":\"ReadAction\",\"target\":[\"https:\\\/\\\/bien-etreiris.ch\\\/de\\\/produktpraesentation\\\/gesundes-leben\\\/electrobiologie\\\/proteger-eviter\\\/tissus-de-protection\\\/swiss-shield-max-wear\\\/\"]}]},{\"@type\":\"ImageObject\",\"inLanguage\":\"de\",\"@id\":\"https:\\\/\\\/bien-etreiris.ch\\\/de\\\/produktpraesentation\\\/gesundes-leben\\\/electrobiologie\\\/proteger-eviter\\\/tissus-de-protection\\\/swiss-shield-max-wear\\\/#primaryimage\",\"url\":\"https:\\\/\\\/bien-etreiris.ch\\\/wp-content\\\/uploads\\\/2024\\\/10\\\/acceuil-Max-Wear-1.jpg\",\"contentUrl\":\"https:\\\/\\\/bien-etreiris.ch\\\/wp-content\\\/uploads\\\/2024\\\/10\\\/acceuil-Max-Wear-1.jpg\",\"width\":500,\"height\":333},{\"@type\":\"BreadcrumbList\",\"@id\":\"https:\\\/\\\/bien-etreiris.ch\\\/de\\\/produktpraesentation\\\/gesundes-leben\\\/electrobiologie\\\/proteger-eviter\\\/tissus-de-protection\\\/swiss-shield-max-wear\\\/#breadcrumb\",\"itemListElement\":[{\"@type\":\"ListItem\",\"position\":1,\"name\":\"Home\",\"item\":\"https:\\\/\\\/bien-etreiris.ch\\\/de\\\/\"},{\"@type\":\"ListItem\",\"position\":2,\"name\":\"PRODUKTPR\u00c4SENTATION\",\"item\":\"https:\\\/\\\/bien-etreiris.ch\\\/de\\\/produktpraesentation\\\/\"},{\"@type\":\"ListItem\",\"position\":3,\"name\":\"GESUNDES LEBEN\",\"item\":\"https:\\\/\\\/bien-etreiris.ch\\\/de\\\/produktpraesentation\\\/gesundes-leben\\\/\"},{\"@type\":\"ListItem\",\"position\":4,\"name\":\"ELECTROBIOLOGIE\",\"item\":\"https:\\\/\\\/bien-etreiris.ch\\\/de\\\/produktpraesentation\\\/gesundes-leben\\\/electrobiologie\\\/\"},{\"@type\":\"ListItem\",\"position\":5,\"name\":\"PROTEGER-EVITER\",\"item\":\"https:\\\/\\\/bien-etreiris.ch\\\/de\\\/produktpraesentation\\\/gesundes-leben\\\/electrobiologie\\\/proteger-eviter\\\/\"},{\"@type\":\"ListItem\",\"position\":6,\"name\":\"TISSUS\",\"item\":\"https:\\\/\\\/bien-etreiris.ch\\\/de\\\/produktpraesentation\\\/gesundes-leben\\\/electrobiologie\\\/proteger-eviter\\\/tissus-de-protection\\\/\"},{\"@type\":\"ListItem\",\"position\":7,\"name\":\"MAX WEAR\"}]},{\"@type\":\"WebSite\",\"@id\":\"https:\\\/\\\/bien-etreiris.ch\\\/de\\\/#website\",\"url\":\"https:\\\/\\\/bien-etreiris.ch\\\/de\\\/\",\"name\":\"Bien-\u00eatre Iris\",\"description\":\"IHRE Gesundheit ist uns wichtig\",\"potentialAction\":[{\"@type\":\"SearchAction\",\"target\":{\"@type\":\"EntryPoint\",\"urlTemplate\":\"https:\\\/\\\/bien-etreiris.ch\\\/de\\\/?s={search_term_string}\"},\"query-input\":{\"@type\":\"PropertyValueSpecification\",\"valueRequired\":true,\"valueName\":\"search_term_string\"}}],\"inLanguage\":\"de\"}]}<\/script>\n<!-- \/ Yoast SEO plugin. -->","yoast_head_json":{"title":"MAX WEAR - WOHLBEFINDEN","robots":{"index":"index","follow":"follow","max-snippet":"max-snippet:-1","max-image-preview":"max-image-preview:large","max-video-preview":"max-video-preview:-1"},"canonical":"https:\/\/bien-etreiris.ch\/de\/produktpraesentation\/gesundes-leben\/electrobiologie\/proteger-eviter\/tissus-de-protection\/swiss-shield-max-wear\/","og_locale":"de_DE","og_type":"article","og_title":"MAX WEAR - WOHLBEFINDEN","og_description":"Swiss-Shield MAX-WEAR Tissu de protection, pour v\u00eatements, sacs de couchage 44 dB etc. &nbsp; &nbsp; &nbsp; &nbsp; Tissu MAX-WEAR m\u00e8tre lin\u00e9aire \u00e0 150 cm de largeur Att\u00e9nuation du blindage 44 \u00e0 1 Ghz Tissu en coton l\u00e9ger de haute qualit\u00e9 avec toutes les propri\u00e9t\u00e9s textiles. &nbsp; &nbsp; NOUVEAU ! Tissu de blindage Swiss-Shield MAX-WEAR, pour les v\u00eatements, les sacs de&nbsp;Weiter lesen","og_url":"https:\/\/bien-etreiris.ch\/de\/produktpraesentation\/gesundes-leben\/electrobiologie\/proteger-eviter\/tissus-de-protection\/swiss-shield-max-wear\/","og_site_name":"WOHLBEFINDEN","article_publisher":"https:\/\/www.facebook.com\/bienetreiris\/","article_modified_time":"2024-10-12T19:35:35+00:00","og_image":[{"width":500,"height":333,"url":"https:\/\/bien-etreiris.ch\/wp-content\/uploads\/2024\/10\/acceuil-Max-Wear-1.jpg","type":"image\/jpeg"}],"twitter_misc":{"Gesch\u00e4tzte Lesezeit":"3\u00a0Minuten"},"schema":{"@context":"https:\/\/schema.org","@graph":[{"@type":"WebPage","@id":"https:\/\/bien-etreiris.ch\/de\/produktpraesentation\/gesundes-leben\/electrobiologie\/proteger-eviter\/tissus-de-protection\/swiss-shield-max-wear\/","url":"https:\/\/bien-etreiris.ch\/de\/produktpraesentation\/gesundes-leben\/electrobiologie\/proteger-eviter\/tissus-de-protection\/swiss-shield-max-wear\/","name":"MAX WEAR - WOHLBEFINDEN","isPartOf":{"@id":"https:\/\/bien-etreiris.ch\/de\/#website"},"primaryImageOfPage":{"@id":"https:\/\/bien-etreiris.ch\/de\/produktpraesentation\/gesundes-leben\/electrobiologie\/proteger-eviter\/tissus-de-protection\/swiss-shield-max-wear\/#primaryimage"},"image":{"@id":"https:\/\/bien-etreiris.ch\/de\/produktpraesentation\/gesundes-leben\/electrobiologie\/proteger-eviter\/tissus-de-protection\/swiss-shield-max-wear\/#primaryimage"},"thumbnailUrl":"https:\/\/bien-etreiris.ch\/wp-content\/uploads\/2024\/10\/acceuil-Max-Wear-1.jpg","datePublished":"2024-10-11T21:33:56+00:00","dateModified":"2024-10-12T19:35:35+00:00","breadcrumb":{"@id":"https:\/\/bien-etreiris.ch\/de\/produktpraesentation\/gesundes-leben\/electrobiologie\/proteger-eviter\/tissus-de-protection\/swiss-shield-max-wear\/#breadcrumb"},"inLanguage":"de","potentialAction":[{"@type":"ReadAction","target":["https:\/\/bien-etreiris.ch\/de\/produktpraesentation\/gesundes-leben\/electrobiologie\/proteger-eviter\/tissus-de-protection\/swiss-shield-max-wear\/"]}]},{"@type":"ImageObject","inLanguage":"de","@id":"https:\/\/bien-etreiris.ch\/de\/produktpraesentation\/gesundes-leben\/electrobiologie\/proteger-eviter\/tissus-de-protection\/swiss-shield-max-wear\/#primaryimage","url":"https:\/\/bien-etreiris.ch\/wp-content\/uploads\/2024\/10\/acceuil-Max-Wear-1.jpg","contentUrl":"https:\/\/bien-etreiris.ch\/wp-content\/uploads\/2024\/10\/acceuil-Max-Wear-1.jpg","width":500,"height":333},{"@type":"BreadcrumbList","@id":"https:\/\/bien-etreiris.ch\/de\/produktpraesentation\/gesundes-leben\/electrobiologie\/proteger-eviter\/tissus-de-protection\/swiss-shield-max-wear\/#breadcrumb","itemListElement":[{"@type":"ListItem","position":1,"name":"Home","item":"https:\/\/bien-etreiris.ch\/de\/"},{"@type":"ListItem","position":2,"name":"PRODUKTPR\u00c4SENTATION","item":"https:\/\/bien-etreiris.ch\/de\/produktpraesentation\/"},{"@type":"ListItem","position":3,"name":"GESUNDES LEBEN","item":"https:\/\/bien-etreiris.ch\/de\/produktpraesentation\/gesundes-leben\/"},{"@type":"ListItem","position":4,"name":"ELECTROBIOLOGIE","item":"https:\/\/bien-etreiris.ch\/de\/produktpraesentation\/gesundes-leben\/electrobiologie\/"},{"@type":"ListItem","position":5,"name":"PROTEGER-EVITER","item":"https:\/\/bien-etreiris.ch\/de\/produktpraesentation\/gesundes-leben\/electrobiologie\/proteger-eviter\/"},{"@type":"ListItem","position":6,"name":"TISSUS","item":"https:\/\/bien-etreiris.ch\/de\/produktpraesentation\/gesundes-leben\/electrobiologie\/proteger-eviter\/tissus-de-protection\/"},{"@type":"ListItem","position":7,"name":"MAX WEAR"}]},{"@type":"WebSite","@id":"https:\/\/bien-etreiris.ch\/de\/#website","url":"https:\/\/bien-etreiris.ch\/de\/","name":"Bien-\u00eatre Iris","description":"IHRE Gesundheit ist uns wichtig","potentialAction":[{"@type":"SearchAction","target":{"@type":"EntryPoint","urlTemplate":"https:\/\/bien-etreiris.ch\/de\/?s={search_term_string}"},"query-input":{"@type":"PropertyValueSpecification","valueRequired":true,"valueName":"search_term_string"}}],"inLanguage":"de"}]}},"_links":{"self":[{"href":"https:\/\/bien-etreiris.ch\/de\/wp-json\/wp\/v2\/pages\/91180","targetHints":{"allow":["GET"]}}],"collection":[{"href":"https:\/\/bien-etreiris.ch\/de\/wp-json\/wp\/v2\/pages"}],"about":[{"href":"https:\/\/bien-etreiris.ch\/de\/wp-json\/wp\/v2\/types\/page"}],"author":[{"embeddable":true,"href":"https:\/\/bien-etreiris.ch\/de\/wp-json\/wp\/v2\/users\/1"}],"replies":[{"embeddable":true,"href":"https:\/\/bien-etreiris.ch\/de\/wp-json\/wp\/v2\/comments?post=91180"}],"version-history":[{"count":7,"href":"https:\/\/bien-etreiris.ch\/de\/wp-json\/wp\/v2\/pages\/91180\/revisions"}],"predecessor-version":[{"id":91238,"href":"https:\/\/bien-etreiris.ch\/de\/wp-json\/wp\/v2\/pages\/91180\/revisions\/91238"}],"up":[{"embeddable":true,"href":"https:\/\/bien-etreiris.ch\/de\/wp-json\/wp\/v2\/pages\/90842"}],"wp:featuredmedia":[{"embeddable":true,"href":"https:\/\/bien-etreiris.ch\/de\/wp-json\/wp\/v2\/media\/91177"}],"wp:attachment":[{"href":"https:\/\/bien-etreiris.ch\/de\/wp-json\/wp\/v2\/media?parent=91180"}],"curies":[{"name":"wp","href":"https:\/\/api.w.org\/{rel}","templated":true}]}}