{"id":91171,"date":"2024-10-11T23:31:18","date_gmt":"2024-10-11T21:31:18","guid":{"rendered":"https:\/\/bien-etreiris.ch\/produktpraesentation\/gesundes-leben\/electrobiologie\/proteger-eviter\/tissus-de-protection\/daylite\/"},"modified":"2024-10-12T21:04:15","modified_gmt":"2024-10-12T19:04:15","slug":"daylite","status":"publish","type":"page","link":"https:\/\/bien-etreiris.ch\/de\/produktpraesentation\/gesundes-leben\/electrobiologie\/proteger-eviter\/tissus-de-protection\/daylite\/","title":{"rendered":"DAYLITE"},"content":{"rendered":"\n<h2>Swiss Shield Daylite pour rideaux, s\u00e9parations de pi\u00e8ces ou baldaquins, meilleure perm\u00e9abilit\u00e9 \u00e0 l'air<\/h2>\n<p><img loading=\"lazy\" decoding=\"async\" class=\"size-full wp-image-91206 alignleft\" src=\"https:\/\/bien-etreiris.ch\/wp-content\/uploads\/2024\/10\/Daylite.jpg\" alt=\"\" width=\"270\" height=\"270\" srcset=\"https:\/\/bien-etreiris.ch\/wp-content\/uploads\/2024\/10\/Daylite.jpg 270w, https:\/\/bien-etreiris.ch\/wp-content\/uploads\/2024\/10\/Daylite-150x150.jpg 150w\" sizes=\"auto, (max-width: 270px) 100vw, 270px\" \/><\/p>\n<p>&nbsp;<\/p>\n<p>&nbsp;<\/p>\n<p>&nbsp;<\/p>\n<p>Les tissus Swiss Shield\u00ae ne contiennent pas de nanoparticules d'argent, de nickel ou d'autres m\u00e9taux ou substances nocives susceptibles de provoquer des r\u00e9actions allergiques.<\/p>\n<p>Swiss Shield Daylite 260 cm tissu au m\u00e8tre <strong>CHF 89.00<\/strong><\/p>\n<p>Trevira\u00ae 92% polyester, 8% cuivre \/ argent)<\/p>\n<p>&nbsp;<\/p>\n<p>&nbsp;<\/p>\n<p>Swiss-Shield\u00ae Daylite est un tissu hautement perm\u00e9able \u00e0 la lumi\u00e8re et \u00e0 l'air en Trevira\u00ae (polyester, 8% cuivre \/ argent) pour la protection contre les champs \u00e9lectromagn\u00e9tiques \u00e0 haute fr\u00e9quence (HF). Application typique comme store ou pour coudre un baldaquin de lit. Non conducteur d'\u00e9lectricit\u00e9.<\/p>\n<p>Blindage plus faible que Naturell ou Ultima.<\/p>\n<p>D\u00e9coup\u00e9 selon les sp\u00e9cifications du client, aucune reprise n'est possible ! Quantit\u00e9 minimale de commande : 1 m\u00e8tre courant.<\/p>\n<p>Veuillez noter que le tissu r\u00e9tr\u00e9cit de 3-4% en longueur et en largeur lors du premier lavage.<\/p>\n<p>Largeur du l\u00e9 : 260 cm, prix au m\u00e8tre courant.<\/p>\n<p>Couleur blanc Poids 65 g\/m2<\/p>\n<p>Swiss Shield Daylite Att\u00e9nuation de l'\u00e9cran : 30 dB, en deux couches 34 dB \u00e0 1 Ghz.<\/p>\n<p>Depuis 1998, les tissus sont \u00e9galement vendus sous forme de rideaux. Ceux-ci sont lav\u00e9s plusieurs fois par an et restent n\u00e9anmoins parfaitement fonctionnels. Une mauvaise qualit\u00e9 de l'eau ne d\u00e9truira pas les tissus Swiss Shield. En revanche, les tissus en nylon argent\u00e9 de nos concurrents s'ab\u00eement en cas de mouvement, de mauvaise qualit\u00e9 de l'eau, par exemple \u00e0 cause du soufre, d'une teneur plus \u00e9lev\u00e9e en fluorure et de valeurs PH basses.<\/p>\n<p>Nos tissus de protection peuvent \u00eatre trait\u00e9s comme n'importe quel autre tissu en coton fin. Vous n'avez pas besoin de prendre des pr\u00e9cautions particuli\u00e8res. Vous pouvez laver votre tissu Swiss Shield \u00e0 30\u00b0C ou 40\u00b0C avec des produits de lavage normaux. Le tissu ne doit pas \u00eatre s\u00e9ch\u00e9 au s\u00e8che-linge, mais peut \u00eatre repass\u00e9 \u00e0 chaleur moyenne.<\/p>\n<p>Les effets nocifs des CEM HF ont d\u00e9j\u00e0 \u00e9t\u00e9 prouv\u00e9s, <span style=\"color: #99cc00;\"><a style=\"color: #99cc00;\" href=\"https:\/\/www.emfdata.org\/de\/studienueberblick\">voir les \u00e9tudes<\/a>.<\/span> <br>Avec les tissus de protection r\u00e9fl\u00e9chissants de Swiss Shield, vous pouvez lutter contre ces dangers.<br>Examen de nos tissus Swiss Shield, rapports d'essai et expertises<br>Pourquoi choisir nos <strong>tissus Swiss Shield<\/strong>?<\/p>\n<ul>\n<li><strong>Certificats Oekotex<\/strong> (sous-v\u00eatements pour b\u00e9b\u00e9s)<\/li>\n<li>Haute att\u00e9nuation de l'\u00e9cran pour un tissu en coton<\/li>\n<li>Excellent rapport qualit\u00e9\/prix<\/li>\n<li>Classement qualit\u00e9 : tr\u00e8s \u00e9lev\u00e9<\/li>\n<\/ul>\n<p>D\u00e9lai de livraison : en stock, livraison imm\u00e9diate<\/p>\n<p>&nbsp;<\/p>\n\n\n","protected":false},"excerpt":{"rendered":"<p>Swiss Shield Daylite pour rideaux, s\u00e9parations de pi\u00e8ces ou baldaquins, meilleure perm\u00e9abilit\u00e9 \u00e0 l'air &nbsp; &nbsp; &nbsp; Les tissus Swiss Shield\u00ae ne contiennent pas de nanoparticules d'argent, de nickel ou d'autres m\u00e9taux ou substances nocives susceptibles de provoquer des r\u00e9actions allergiques. Swiss Shield Daylite 260 cm tissu au m\u00e8tre CHF 89.00 Trevira\u00ae 92% polyester, 8% cuivre \/ argent) &nbsp; &nbsp;&nbsp;<a href=\"https:\/\/bien-etreiris.ch\/de\/produktpraesentation\/gesundes-leben\/electrobiologie\/proteger-eviter\/tissus-de-protection\/daylite\/\" class=\"read-more\">Weiter lesen<\/a><\/p>\n","protected":false},"author":1,"featured_media":91168,"parent":90842,"menu_order":1137,"comment_status":"closed","ping_status":"closed","template":"page-with-child.php","meta":{"_acf_changed":false,"ngg_post_thumbnail":0,"footnotes":""},"class_list":["post-91171","page","type-page","status-publish","has-post-thumbnail","hentry"],"acf":[],"yoast_head":"<!-- This site is optimized with the Yoast SEO plugin v27.5 - https:\/\/yoast.com\/product\/yoast-seo-wordpress\/ -->\n<title>DAYLITE - WOHLBEFINDEN<\/title>\n<meta name=\"robots\" content=\"index, follow, max-snippet:-1, max-image-preview:large, max-video-preview:-1\" \/>\n<link rel=\"canonical\" href=\"https:\/\/bien-etreiris.ch\/de\/produktpraesentation\/gesundes-leben\/electrobiologie\/proteger-eviter\/tissus-de-protection\/daylite\/\" \/>\n<meta property=\"og:locale\" content=\"de_DE\" \/>\n<meta property=\"og:type\" content=\"article\" \/>\n<meta property=\"og:title\" content=\"DAYLITE - WOHLBEFINDEN\" \/>\n<meta property=\"og:description\" content=\"Swiss Shield Daylite pour rideaux, s\u00e9parations de pi\u00e8ces ou baldaquins, meilleure perm\u00e9abilit\u00e9 \u00e0 l&#039;air &nbsp; &nbsp; &nbsp; Les tissus Swiss Shield\u00ae ne contiennent pas de nanoparticules d&#039;argent, de nickel ou d&#039;autres m\u00e9taux ou substances nocives susceptibles de provoquer des r\u00e9actions allergiques. Swiss Shield Daylite 260 cm tissu au m\u00e8tre CHF 89.00 Trevira\u00ae 92% polyester, 8% cuivre \/ argent) &nbsp; &nbsp;&nbsp;Weiter lesen\" \/>\n<meta property=\"og:url\" content=\"https:\/\/bien-etreiris.ch\/de\/produktpraesentation\/gesundes-leben\/electrobiologie\/proteger-eviter\/tissus-de-protection\/daylite\/\" \/>\n<meta property=\"og:site_name\" content=\"WOHLBEFINDEN\" \/>\n<meta property=\"article:publisher\" content=\"https:\/\/www.facebook.com\/bienetreiris\/\" \/>\n<meta property=\"article:modified_time\" content=\"2024-10-12T19:04:15+00:00\" \/>\n<meta property=\"og:image\" content=\"https:\/\/bien-etreiris.ch\/wp-content\/uploads\/2024\/10\/acceuil-Daylite-1.jpg\" \/>\n\t<meta property=\"og:image:width\" content=\"500\" \/>\n\t<meta property=\"og:image:height\" content=\"333\" \/>\n\t<meta property=\"og:image:type\" content=\"image\/jpeg\" \/>\n<meta name=\"twitter:label1\" content=\"Gesch\u00e4tzte Lesezeit\" \/>\n\t<meta name=\"twitter:data1\" content=\"3\u00a0Minuten\" \/>\n<script type=\"application\/ld+json\" class=\"yoast-schema-graph\">{\"@context\":\"https:\\\/\\\/schema.org\",\"@graph\":[{\"@type\":\"WebPage\",\"@id\":\"https:\\\/\\\/bien-etreiris.ch\\\/de\\\/produktpraesentation\\\/gesundes-leben\\\/electrobiologie\\\/proteger-eviter\\\/tissus-de-protection\\\/daylite\\\/\",\"url\":\"https:\\\/\\\/bien-etreiris.ch\\\/de\\\/produktpraesentation\\\/gesundes-leben\\\/electrobiologie\\\/proteger-eviter\\\/tissus-de-protection\\\/daylite\\\/\",\"name\":\"DAYLITE - WOHLBEFINDEN\",\"isPartOf\":{\"@id\":\"https:\\\/\\\/bien-etreiris.ch\\\/de\\\/#website\"},\"primaryImageOfPage\":{\"@id\":\"https:\\\/\\\/bien-etreiris.ch\\\/de\\\/produktpraesentation\\\/gesundes-leben\\\/electrobiologie\\\/proteger-eviter\\\/tissus-de-protection\\\/daylite\\\/#primaryimage\"},\"image\":{\"@id\":\"https:\\\/\\\/bien-etreiris.ch\\\/de\\\/produktpraesentation\\\/gesundes-leben\\\/electrobiologie\\\/proteger-eviter\\\/tissus-de-protection\\\/daylite\\\/#primaryimage\"},\"thumbnailUrl\":\"https:\\\/\\\/bien-etreiris.ch\\\/wp-content\\\/uploads\\\/2024\\\/10\\\/acceuil-Daylite-1.jpg\",\"datePublished\":\"2024-10-11T21:31:18+00:00\",\"dateModified\":\"2024-10-12T19:04:15+00:00\",\"breadcrumb\":{\"@id\":\"https:\\\/\\\/bien-etreiris.ch\\\/de\\\/produktpraesentation\\\/gesundes-leben\\\/electrobiologie\\\/proteger-eviter\\\/tissus-de-protection\\\/daylite\\\/#breadcrumb\"},\"inLanguage\":\"de\",\"potentialAction\":[{\"@type\":\"ReadAction\",\"target\":[\"https:\\\/\\\/bien-etreiris.ch\\\/de\\\/produktpraesentation\\\/gesundes-leben\\\/electrobiologie\\\/proteger-eviter\\\/tissus-de-protection\\\/daylite\\\/\"]}]},{\"@type\":\"ImageObject\",\"inLanguage\":\"de\",\"@id\":\"https:\\\/\\\/bien-etreiris.ch\\\/de\\\/produktpraesentation\\\/gesundes-leben\\\/electrobiologie\\\/proteger-eviter\\\/tissus-de-protection\\\/daylite\\\/#primaryimage\",\"url\":\"https:\\\/\\\/bien-etreiris.ch\\\/wp-content\\\/uploads\\\/2024\\\/10\\\/acceuil-Daylite-1.jpg\",\"contentUrl\":\"https:\\\/\\\/bien-etreiris.ch\\\/wp-content\\\/uploads\\\/2024\\\/10\\\/acceuil-Daylite-1.jpg\",\"width\":500,\"height\":333},{\"@type\":\"BreadcrumbList\",\"@id\":\"https:\\\/\\\/bien-etreiris.ch\\\/de\\\/produktpraesentation\\\/gesundes-leben\\\/electrobiologie\\\/proteger-eviter\\\/tissus-de-protection\\\/daylite\\\/#breadcrumb\",\"itemListElement\":[{\"@type\":\"ListItem\",\"position\":1,\"name\":\"Home\",\"item\":\"https:\\\/\\\/bien-etreiris.ch\\\/de\\\/\"},{\"@type\":\"ListItem\",\"position\":2,\"name\":\"PRODUKTPR\u00c4SENTATION\",\"item\":\"https:\\\/\\\/bien-etreiris.ch\\\/de\\\/produktpraesentation\\\/\"},{\"@type\":\"ListItem\",\"position\":3,\"name\":\"GESUNDES LEBEN\",\"item\":\"https:\\\/\\\/bien-etreiris.ch\\\/de\\\/produktpraesentation\\\/gesundes-leben\\\/\"},{\"@type\":\"ListItem\",\"position\":4,\"name\":\"ELECTROBIOLOGIE\",\"item\":\"https:\\\/\\\/bien-etreiris.ch\\\/de\\\/produktpraesentation\\\/gesundes-leben\\\/electrobiologie\\\/\"},{\"@type\":\"ListItem\",\"position\":5,\"name\":\"PROTEGER-EVITER\",\"item\":\"https:\\\/\\\/bien-etreiris.ch\\\/de\\\/produktpraesentation\\\/gesundes-leben\\\/electrobiologie\\\/proteger-eviter\\\/\"},{\"@type\":\"ListItem\",\"position\":6,\"name\":\"TISSUS\",\"item\":\"https:\\\/\\\/bien-etreiris.ch\\\/de\\\/produktpraesentation\\\/gesundes-leben\\\/electrobiologie\\\/proteger-eviter\\\/tissus-de-protection\\\/\"},{\"@type\":\"ListItem\",\"position\":7,\"name\":\"DAYLITE\"}]},{\"@type\":\"WebSite\",\"@id\":\"https:\\\/\\\/bien-etreiris.ch\\\/de\\\/#website\",\"url\":\"https:\\\/\\\/bien-etreiris.ch\\\/de\\\/\",\"name\":\"Bien-\u00eatre Iris\",\"description\":\"IHRE Gesundheit ist uns wichtig\",\"potentialAction\":[{\"@type\":\"SearchAction\",\"target\":{\"@type\":\"EntryPoint\",\"urlTemplate\":\"https:\\\/\\\/bien-etreiris.ch\\\/de\\\/?s={search_term_string}\"},\"query-input\":{\"@type\":\"PropertyValueSpecification\",\"valueRequired\":true,\"valueName\":\"search_term_string\"}}],\"inLanguage\":\"de\"}]}<\/script>\n<!-- \/ Yoast SEO plugin. -->","yoast_head_json":{"title":"DAYLITE - WOHLBEFINDEN","robots":{"index":"index","follow":"follow","max-snippet":"max-snippet:-1","max-image-preview":"max-image-preview:large","max-video-preview":"max-video-preview:-1"},"canonical":"https:\/\/bien-etreiris.ch\/de\/produktpraesentation\/gesundes-leben\/electrobiologie\/proteger-eviter\/tissus-de-protection\/daylite\/","og_locale":"de_DE","og_type":"article","og_title":"DAYLITE - WOHLBEFINDEN","og_description":"Swiss Shield Daylite pour rideaux, s\u00e9parations de pi\u00e8ces ou baldaquins, meilleure perm\u00e9abilit\u00e9 \u00e0 l'air &nbsp; &nbsp; &nbsp; Les tissus Swiss Shield\u00ae ne contiennent pas de nanoparticules d'argent, de nickel ou d'autres m\u00e9taux ou substances nocives susceptibles de provoquer des r\u00e9actions allergiques. Swiss Shield Daylite 260 cm tissu au m\u00e8tre CHF 89.00 Trevira\u00ae 92% polyester, 8% cuivre \/ argent) &nbsp; &nbsp;&nbsp;Weiter lesen","og_url":"https:\/\/bien-etreiris.ch\/de\/produktpraesentation\/gesundes-leben\/electrobiologie\/proteger-eviter\/tissus-de-protection\/daylite\/","og_site_name":"WOHLBEFINDEN","article_publisher":"https:\/\/www.facebook.com\/bienetreiris\/","article_modified_time":"2024-10-12T19:04:15+00:00","og_image":[{"width":500,"height":333,"url":"https:\/\/bien-etreiris.ch\/wp-content\/uploads\/2024\/10\/acceuil-Daylite-1.jpg","type":"image\/jpeg"}],"twitter_misc":{"Gesch\u00e4tzte Lesezeit":"3\u00a0Minuten"},"schema":{"@context":"https:\/\/schema.org","@graph":[{"@type":"WebPage","@id":"https:\/\/bien-etreiris.ch\/de\/produktpraesentation\/gesundes-leben\/electrobiologie\/proteger-eviter\/tissus-de-protection\/daylite\/","url":"https:\/\/bien-etreiris.ch\/de\/produktpraesentation\/gesundes-leben\/electrobiologie\/proteger-eviter\/tissus-de-protection\/daylite\/","name":"DAYLITE - WOHLBEFINDEN","isPartOf":{"@id":"https:\/\/bien-etreiris.ch\/de\/#website"},"primaryImageOfPage":{"@id":"https:\/\/bien-etreiris.ch\/de\/produktpraesentation\/gesundes-leben\/electrobiologie\/proteger-eviter\/tissus-de-protection\/daylite\/#primaryimage"},"image":{"@id":"https:\/\/bien-etreiris.ch\/de\/produktpraesentation\/gesundes-leben\/electrobiologie\/proteger-eviter\/tissus-de-protection\/daylite\/#primaryimage"},"thumbnailUrl":"https:\/\/bien-etreiris.ch\/wp-content\/uploads\/2024\/10\/acceuil-Daylite-1.jpg","datePublished":"2024-10-11T21:31:18+00:00","dateModified":"2024-10-12T19:04:15+00:00","breadcrumb":{"@id":"https:\/\/bien-etreiris.ch\/de\/produktpraesentation\/gesundes-leben\/electrobiologie\/proteger-eviter\/tissus-de-protection\/daylite\/#breadcrumb"},"inLanguage":"de","potentialAction":[{"@type":"ReadAction","target":["https:\/\/bien-etreiris.ch\/de\/produktpraesentation\/gesundes-leben\/electrobiologie\/proteger-eviter\/tissus-de-protection\/daylite\/"]}]},{"@type":"ImageObject","inLanguage":"de","@id":"https:\/\/bien-etreiris.ch\/de\/produktpraesentation\/gesundes-leben\/electrobiologie\/proteger-eviter\/tissus-de-protection\/daylite\/#primaryimage","url":"https:\/\/bien-etreiris.ch\/wp-content\/uploads\/2024\/10\/acceuil-Daylite-1.jpg","contentUrl":"https:\/\/bien-etreiris.ch\/wp-content\/uploads\/2024\/10\/acceuil-Daylite-1.jpg","width":500,"height":333},{"@type":"BreadcrumbList","@id":"https:\/\/bien-etreiris.ch\/de\/produktpraesentation\/gesundes-leben\/electrobiologie\/proteger-eviter\/tissus-de-protection\/daylite\/#breadcrumb","itemListElement":[{"@type":"ListItem","position":1,"name":"Home","item":"https:\/\/bien-etreiris.ch\/de\/"},{"@type":"ListItem","position":2,"name":"PRODUKTPR\u00c4SENTATION","item":"https:\/\/bien-etreiris.ch\/de\/produktpraesentation\/"},{"@type":"ListItem","position":3,"name":"GESUNDES LEBEN","item":"https:\/\/bien-etreiris.ch\/de\/produktpraesentation\/gesundes-leben\/"},{"@type":"ListItem","position":4,"name":"ELECTROBIOLOGIE","item":"https:\/\/bien-etreiris.ch\/de\/produktpraesentation\/gesundes-leben\/electrobiologie\/"},{"@type":"ListItem","position":5,"name":"PROTEGER-EVITER","item":"https:\/\/bien-etreiris.ch\/de\/produktpraesentation\/gesundes-leben\/electrobiologie\/proteger-eviter\/"},{"@type":"ListItem","position":6,"name":"TISSUS","item":"https:\/\/bien-etreiris.ch\/de\/produktpraesentation\/gesundes-leben\/electrobiologie\/proteger-eviter\/tissus-de-protection\/"},{"@type":"ListItem","position":7,"name":"DAYLITE"}]},{"@type":"WebSite","@id":"https:\/\/bien-etreiris.ch\/de\/#website","url":"https:\/\/bien-etreiris.ch\/de\/","name":"Bien-\u00eatre Iris","description":"IHRE Gesundheit ist uns wichtig","potentialAction":[{"@type":"SearchAction","target":{"@type":"EntryPoint","urlTemplate":"https:\/\/bien-etreiris.ch\/de\/?s={search_term_string}"},"query-input":{"@type":"PropertyValueSpecification","valueRequired":true,"valueName":"search_term_string"}}],"inLanguage":"de"}]}},"_links":{"self":[{"href":"https:\/\/bien-etreiris.ch\/de\/wp-json\/wp\/v2\/pages\/91171","targetHints":{"allow":["GET"]}}],"collection":[{"href":"https:\/\/bien-etreiris.ch\/de\/wp-json\/wp\/v2\/pages"}],"about":[{"href":"https:\/\/bien-etreiris.ch\/de\/wp-json\/wp\/v2\/types\/page"}],"author":[{"embeddable":true,"href":"https:\/\/bien-etreiris.ch\/de\/wp-json\/wp\/v2\/users\/1"}],"replies":[{"embeddable":true,"href":"https:\/\/bien-etreiris.ch\/de\/wp-json\/wp\/v2\/comments?post=91171"}],"version-history":[{"count":3,"href":"https:\/\/bien-etreiris.ch\/de\/wp-json\/wp\/v2\/pages\/91171\/revisions"}],"predecessor-version":[{"id":91214,"href":"https:\/\/bien-etreiris.ch\/de\/wp-json\/wp\/v2\/pages\/91171\/revisions\/91214"}],"up":[{"embeddable":true,"href":"https:\/\/bien-etreiris.ch\/de\/wp-json\/wp\/v2\/pages\/90842"}],"wp:featuredmedia":[{"embeddable":true,"href":"https:\/\/bien-etreiris.ch\/de\/wp-json\/wp\/v2\/media\/91168"}],"wp:attachment":[{"href":"https:\/\/bien-etreiris.ch\/de\/wp-json\/wp\/v2\/media?parent=91171"}],"curies":[{"name":"wp","href":"https:\/\/api.w.org\/{rel}","templated":true}]}}