{"id":91158,"date":"2024-10-11T23:25:58","date_gmt":"2024-10-11T21:25:58","guid":{"rendered":"https:\/\/bien-etreiris.ch\/produktpraesentation\/gesundes-leben\/electrobiologie\/proteger-eviter\/ultima\/"},"modified":"2024-10-12T20:53:20","modified_gmt":"2024-10-12T18:53:20","slug":"swiss-shield-ultima","status":"publish","type":"page","link":"https:\/\/bien-etreiris.ch\/de\/produktpraesentation\/gesundes-leben\/electrobiologie\/proteger-eviter\/tissus-de-protection\/swiss-shield-ultima\/","title":{"rendered":"ULTIMA"},"content":{"rendered":"\n<h2>Swiss Shield Ultima 41db 250cm pour baldaquins, rideaux ou s\u00e9parations de pi\u00e8ces, blindage HF maximal<br><br><\/h2>\n<p><img loading=\"lazy\" decoding=\"async\" class=\"wp-image-91187 alignleft\" src=\"https:\/\/bien-etreiris.ch\/wp-content\/uploads\/2024\/10\/Ultima.jpg\" alt=\"\" width=\"300\" height=\"450\" srcset=\"https:\/\/bien-etreiris.ch\/wp-content\/uploads\/2024\/10\/Ultima.jpg 427w, https:\/\/bien-etreiris.ch\/wp-content\/uploads\/2024\/10\/Ultima-200x300.jpg 200w\" sizes=\"auto, (max-width: 300px) 100vw, 300px\" \/><\/p>\n<p>&nbsp;<\/p>\n<p>&nbsp;<\/p>\n<p>&nbsp;<\/p>\n<p>&nbsp;<\/p>\n<p>&nbsp;<\/p>\n<p>&nbsp;<\/p>\n<p>Swiss Shield\u00ae ne s\u00e9duit pas seulement par son efficacit\u00e9 scientifiquement prouv\u00e9e, mais r\u00e9pond \u00e9galement aux exigences esth\u00e9tiques les plus \u00e9lev\u00e9es et est connu pour sa l\u00e9g\u00e8ret\u00e9, sa brillance \u00e9l\u00e9gante et son toucher doux et velout\u00e9. Les fils Swiss Shield\u00ae, transform\u00e9s en tissus, assurent une protection efficace contre les champs \u00e9lectromagn\u00e9tiques.<\/p>\n<p>&nbsp;<\/p>\n<p>Largeur du l\u00e9 : 250 cm, prix au m\u00e8tre courant <strong>CHF 137.00<\/strong><\/p>\n<p>Couleur Nature (\u00e9cru\/blanc) Poids par unit\u00e9 de surface 85 g\/m\u00b2.<\/p>\n<p>&nbsp;<\/p>\n<p>&nbsp;<\/p>\n<p>&nbsp;<\/p>\n<h6>Swiss-Shield Ultima<\/h6>\n<p>est un tissu en coton finement tiss\u00e9 pour la protection contre les champs \u00e9lectromagn\u00e9tiques \u00e0 haute fr\u00e9quence (HF). Application typique comme tissu pour rideaux. Non conducteur d'\u00e9lectricit\u00e9.<\/p>\n<p>Ultima prot\u00e8ge davantage que Swiss Shield Naturell, mais laisse passer un peu moins de lumi\u00e8re et d'air.<\/p>\n<h6>Att\u00e9nuation du blindage Swiss-Shield Ultima : 41 dB, double couche 54 dB \u00e0 1 Ghz.<\/h6>\n<p>&nbsp;<\/p>\n<p>Veuillez noter que le tissu r\u00e9tr\u00e9cit de 3-4% en longueur et en largeur lors du premier lavage.<\/p>\n<p>&nbsp;<\/p>\n<p>Depuis 1998, les tissus sont \u00e9galement vendus sous forme de rideaux. Ceux-ci sont lav\u00e9s plusieurs fois par an et restent n\u00e9anmoins parfaitement fonctionnels. Une mauvaise qualit\u00e9 de l'eau ne d\u00e9truira pas les tissus Swiss Shield. En revanche, les tissus en nylon argent\u00e9 de nos concurrents s'ab\u00eement en cas de mouvement, de mauvaise qualit\u00e9 de l'eau, par exemple \u00e0 cause du soufre, d'une teneur plus \u00e9lev\u00e9e en fluorure et de faibles valeurs de PH.<\/p>\n<p>NATURELL&#x2122; de Swiss-Shield\u00ae est un tissu en coton \u00e9cologique semi-transparent (18 % de cuivre \/ argent) destin\u00e9 \u00e0 prot\u00e9ger contre les champs \u00e9lectromagn\u00e9tiques (HF) \u00e0 haute fr\u00e9quence. Application typique comme tissu pour rideaux et baldaquins. Non conducteur d'\u00e9lectricit\u00e9.<\/p>\n<p>Nos tissus de blindage peuvent \u00eatre trait\u00e9s comme n'importe quel autre tissu en coton fin. Vous n'avez pas besoin de prendre des pr\u00e9cautions particuli\u00e8res. Vous pouvez laver votre tissu Swiss Shield \u00e0 30\u00b0C ou 40\u00b0C avec des produits de lavage normaux. Le tissu ne doit pas \u00eatre s\u00e9ch\u00e9 au s\u00e8che-linge, mais peut \u00eatre repass\u00e9 \u00e0 chaleur moyenne.<\/p>\n<p>Les effets nocifs des CEM HF ont d\u00e9j\u00e0 \u00e9t\u00e9 prouv\u00e9s, <span style=\"color: #99cc00;\"><a style=\"color: #99cc00;\" href=\"https:\/\/www.emfdata.org\/de\/studienueberblick\" target=\"_blank\" rel=\"noopener\">voir les \u00e9tudes<\/a><\/span>. <br>Avec les tissus de protection r\u00e9fl\u00e9chissants de Swiss Shield, vous pouvez lutter contre ces dangers.<br><strong>Examen de nos tissus Swiss Shield, rapports d'essai et expertises<\/strong><br>Pourquoi choisir nos tissus<strong> Swiss Shield<\/strong>?<\/p>\n<ul>\n<li><strong>Certificats Oekotex<\/strong> (sous-v\u00eatements pour b\u00e9b\u00e9s)<\/li>\n<li>Haute att\u00e9nuation de l'\u00e9cran pour un tissu en coton<\/li>\n<li>Excellent rapport qualit\u00e9\/prix<\/li>\n<li>Classement qualit\u00e9 : tr\u00e8s \u00e9lev\u00e9<\/li>\n<\/ul>\n\n\n\n\n","protected":false},"excerpt":{"rendered":"<p>Swiss Shield Ultima 41db 250cm pour baldaquins, rideaux ou s\u00e9parations de pi\u00e8ces, blindage HF maximal &nbsp; &nbsp; &nbsp; &nbsp; &nbsp; &nbsp; Swiss Shield\u00ae ne s\u00e9duit pas seulement par son efficacit\u00e9 scientifiquement prouv\u00e9e, mais r\u00e9pond \u00e9galement aux exigences esth\u00e9tiques les plus \u00e9lev\u00e9es et est connu pour sa l\u00e9g\u00e8ret\u00e9, sa brillance \u00e9l\u00e9gante et son toucher doux et velout\u00e9. Les fils Swiss Shield\u00ae,&nbsp;<a href=\"https:\/\/bien-etreiris.ch\/de\/produktpraesentation\/gesundes-leben\/electrobiologie\/proteger-eviter\/tissus-de-protection\/swiss-shield-ultima\/\" class=\"read-more\">Weiter lesen<\/a><\/p>\n","protected":false},"author":1,"featured_media":91155,"parent":90842,"menu_order":1139,"comment_status":"closed","ping_status":"closed","template":"page-with-child.php","meta":{"_acf_changed":false,"ngg_post_thumbnail":0,"footnotes":""},"class_list":["post-91158","page","type-page","status-publish","has-post-thumbnail","hentry"],"acf":[],"yoast_head":"<!-- This site is optimized with the Yoast SEO plugin v27.5 - https:\/\/yoast.com\/product\/yoast-seo-wordpress\/ -->\n<title>ULTIMA - WOHLBEFINDEN<\/title>\n<meta name=\"robots\" content=\"index, follow, max-snippet:-1, max-image-preview:large, max-video-preview:-1\" \/>\n<link rel=\"canonical\" href=\"https:\/\/bien-etreiris.ch\/de\/produktpraesentation\/gesundes-leben\/electrobiologie\/proteger-eviter\/tissus-de-protection\/swiss-shield-ultima\/\" \/>\n<meta property=\"og:locale\" content=\"de_DE\" \/>\n<meta property=\"og:type\" content=\"article\" \/>\n<meta property=\"og:title\" content=\"ULTIMA - WOHLBEFINDEN\" \/>\n<meta property=\"og:description\" content=\"Swiss Shield Ultima 41db 250cm pour baldaquins, rideaux ou s\u00e9parations de pi\u00e8ces, blindage HF maximal &nbsp; &nbsp; &nbsp; &nbsp; &nbsp; &nbsp; Swiss Shield\u00ae ne s\u00e9duit pas seulement par son efficacit\u00e9 scientifiquement prouv\u00e9e, mais r\u00e9pond \u00e9galement aux exigences esth\u00e9tiques les plus \u00e9lev\u00e9es et est connu pour sa l\u00e9g\u00e8ret\u00e9, sa brillance \u00e9l\u00e9gante et son toucher doux et velout\u00e9. Les fils Swiss Shield\u00ae,&nbsp;Weiter lesen\" \/>\n<meta property=\"og:url\" content=\"https:\/\/bien-etreiris.ch\/de\/produktpraesentation\/gesundes-leben\/electrobiologie\/proteger-eviter\/tissus-de-protection\/swiss-shield-ultima\/\" \/>\n<meta property=\"og:site_name\" content=\"WOHLBEFINDEN\" \/>\n<meta property=\"article:publisher\" content=\"https:\/\/www.facebook.com\/bienetreiris\/\" \/>\n<meta property=\"article:modified_time\" content=\"2024-10-12T18:53:20+00:00\" \/>\n<meta property=\"og:image\" content=\"https:\/\/bien-etreiris.ch\/wp-content\/uploads\/2024\/10\/acceuil-Ultima-1.jpg\" \/>\n\t<meta property=\"og:image:width\" content=\"500\" \/>\n\t<meta property=\"og:image:height\" content=\"333\" \/>\n\t<meta property=\"og:image:type\" content=\"image\/jpeg\" \/>\n<meta name=\"twitter:label1\" content=\"Gesch\u00e4tzte Lesezeit\" \/>\n\t<meta name=\"twitter:data1\" content=\"3\u00a0Minuten\" \/>\n<script type=\"application\/ld+json\" class=\"yoast-schema-graph\">{\"@context\":\"https:\\\/\\\/schema.org\",\"@graph\":[{\"@type\":\"WebPage\",\"@id\":\"https:\\\/\\\/bien-etreiris.ch\\\/de\\\/produktpraesentation\\\/gesundes-leben\\\/electrobiologie\\\/proteger-eviter\\\/tissus-de-protection\\\/swiss-shield-ultima\\\/\",\"url\":\"https:\\\/\\\/bien-etreiris.ch\\\/de\\\/produktpraesentation\\\/gesundes-leben\\\/electrobiologie\\\/proteger-eviter\\\/tissus-de-protection\\\/swiss-shield-ultima\\\/\",\"name\":\"ULTIMA - WOHLBEFINDEN\",\"isPartOf\":{\"@id\":\"https:\\\/\\\/bien-etreiris.ch\\\/de\\\/#website\"},\"primaryImageOfPage\":{\"@id\":\"https:\\\/\\\/bien-etreiris.ch\\\/de\\\/produktpraesentation\\\/gesundes-leben\\\/electrobiologie\\\/proteger-eviter\\\/tissus-de-protection\\\/swiss-shield-ultima\\\/#primaryimage\"},\"image\":{\"@id\":\"https:\\\/\\\/bien-etreiris.ch\\\/de\\\/produktpraesentation\\\/gesundes-leben\\\/electrobiologie\\\/proteger-eviter\\\/tissus-de-protection\\\/swiss-shield-ultima\\\/#primaryimage\"},\"thumbnailUrl\":\"https:\\\/\\\/bien-etreiris.ch\\\/wp-content\\\/uploads\\\/2024\\\/10\\\/acceuil-Ultima-1.jpg\",\"datePublished\":\"2024-10-11T21:25:58+00:00\",\"dateModified\":\"2024-10-12T18:53:20+00:00\",\"breadcrumb\":{\"@id\":\"https:\\\/\\\/bien-etreiris.ch\\\/de\\\/produktpraesentation\\\/gesundes-leben\\\/electrobiologie\\\/proteger-eviter\\\/tissus-de-protection\\\/swiss-shield-ultima\\\/#breadcrumb\"},\"inLanguage\":\"de\",\"potentialAction\":[{\"@type\":\"ReadAction\",\"target\":[\"https:\\\/\\\/bien-etreiris.ch\\\/de\\\/produktpraesentation\\\/gesundes-leben\\\/electrobiologie\\\/proteger-eviter\\\/tissus-de-protection\\\/swiss-shield-ultima\\\/\"]}]},{\"@type\":\"ImageObject\",\"inLanguage\":\"de\",\"@id\":\"https:\\\/\\\/bien-etreiris.ch\\\/de\\\/produktpraesentation\\\/gesundes-leben\\\/electrobiologie\\\/proteger-eviter\\\/tissus-de-protection\\\/swiss-shield-ultima\\\/#primaryimage\",\"url\":\"https:\\\/\\\/bien-etreiris.ch\\\/wp-content\\\/uploads\\\/2024\\\/10\\\/acceuil-Ultima-1.jpg\",\"contentUrl\":\"https:\\\/\\\/bien-etreiris.ch\\\/wp-content\\\/uploads\\\/2024\\\/10\\\/acceuil-Ultima-1.jpg\",\"width\":500,\"height\":333},{\"@type\":\"BreadcrumbList\",\"@id\":\"https:\\\/\\\/bien-etreiris.ch\\\/de\\\/produktpraesentation\\\/gesundes-leben\\\/electrobiologie\\\/proteger-eviter\\\/tissus-de-protection\\\/swiss-shield-ultima\\\/#breadcrumb\",\"itemListElement\":[{\"@type\":\"ListItem\",\"position\":1,\"name\":\"Home\",\"item\":\"https:\\\/\\\/bien-etreiris.ch\\\/de\\\/\"},{\"@type\":\"ListItem\",\"position\":2,\"name\":\"PRODUKTPR\u00c4SENTATION\",\"item\":\"https:\\\/\\\/bien-etreiris.ch\\\/de\\\/produktpraesentation\\\/\"},{\"@type\":\"ListItem\",\"position\":3,\"name\":\"GESUNDES LEBEN\",\"item\":\"https:\\\/\\\/bien-etreiris.ch\\\/de\\\/produktpraesentation\\\/gesundes-leben\\\/\"},{\"@type\":\"ListItem\",\"position\":4,\"name\":\"ELECTROBIOLOGIE\",\"item\":\"https:\\\/\\\/bien-etreiris.ch\\\/de\\\/produktpraesentation\\\/gesundes-leben\\\/electrobiologie\\\/\"},{\"@type\":\"ListItem\",\"position\":5,\"name\":\"PROTEGER-EVITER\",\"item\":\"https:\\\/\\\/bien-etreiris.ch\\\/de\\\/produktpraesentation\\\/gesundes-leben\\\/electrobiologie\\\/proteger-eviter\\\/\"},{\"@type\":\"ListItem\",\"position\":6,\"name\":\"TISSUS\",\"item\":\"https:\\\/\\\/bien-etreiris.ch\\\/de\\\/produktpraesentation\\\/gesundes-leben\\\/electrobiologie\\\/proteger-eviter\\\/tissus-de-protection\\\/\"},{\"@type\":\"ListItem\",\"position\":7,\"name\":\"ULTIMA\"}]},{\"@type\":\"WebSite\",\"@id\":\"https:\\\/\\\/bien-etreiris.ch\\\/de\\\/#website\",\"url\":\"https:\\\/\\\/bien-etreiris.ch\\\/de\\\/\",\"name\":\"Bien-\u00eatre Iris\",\"description\":\"IHRE Gesundheit ist uns wichtig\",\"potentialAction\":[{\"@type\":\"SearchAction\",\"target\":{\"@type\":\"EntryPoint\",\"urlTemplate\":\"https:\\\/\\\/bien-etreiris.ch\\\/de\\\/?s={search_term_string}\"},\"query-input\":{\"@type\":\"PropertyValueSpecification\",\"valueRequired\":true,\"valueName\":\"search_term_string\"}}],\"inLanguage\":\"de\"}]}<\/script>\n<!-- \/ Yoast SEO plugin. -->","yoast_head_json":{"title":"ULTIMA - WOHLBEFINDEN","robots":{"index":"index","follow":"follow","max-snippet":"max-snippet:-1","max-image-preview":"max-image-preview:large","max-video-preview":"max-video-preview:-1"},"canonical":"https:\/\/bien-etreiris.ch\/de\/produktpraesentation\/gesundes-leben\/electrobiologie\/proteger-eviter\/tissus-de-protection\/swiss-shield-ultima\/","og_locale":"de_DE","og_type":"article","og_title":"ULTIMA - WOHLBEFINDEN","og_description":"Swiss Shield Ultima 41db 250cm pour baldaquins, rideaux ou s\u00e9parations de pi\u00e8ces, blindage HF maximal &nbsp; &nbsp; &nbsp; &nbsp; &nbsp; &nbsp; Swiss Shield\u00ae ne s\u00e9duit pas seulement par son efficacit\u00e9 scientifiquement prouv\u00e9e, mais r\u00e9pond \u00e9galement aux exigences esth\u00e9tiques les plus \u00e9lev\u00e9es et est connu pour sa l\u00e9g\u00e8ret\u00e9, sa brillance \u00e9l\u00e9gante et son toucher doux et velout\u00e9. Les fils Swiss Shield\u00ae,&nbsp;Weiter lesen","og_url":"https:\/\/bien-etreiris.ch\/de\/produktpraesentation\/gesundes-leben\/electrobiologie\/proteger-eviter\/tissus-de-protection\/swiss-shield-ultima\/","og_site_name":"WOHLBEFINDEN","article_publisher":"https:\/\/www.facebook.com\/bienetreiris\/","article_modified_time":"2024-10-12T18:53:20+00:00","og_image":[{"width":500,"height":333,"url":"https:\/\/bien-etreiris.ch\/wp-content\/uploads\/2024\/10\/acceuil-Ultima-1.jpg","type":"image\/jpeg"}],"twitter_misc":{"Gesch\u00e4tzte Lesezeit":"3\u00a0Minuten"},"schema":{"@context":"https:\/\/schema.org","@graph":[{"@type":"WebPage","@id":"https:\/\/bien-etreiris.ch\/de\/produktpraesentation\/gesundes-leben\/electrobiologie\/proteger-eviter\/tissus-de-protection\/swiss-shield-ultima\/","url":"https:\/\/bien-etreiris.ch\/de\/produktpraesentation\/gesundes-leben\/electrobiologie\/proteger-eviter\/tissus-de-protection\/swiss-shield-ultima\/","name":"ULTIMA - WOHLBEFINDEN","isPartOf":{"@id":"https:\/\/bien-etreiris.ch\/de\/#website"},"primaryImageOfPage":{"@id":"https:\/\/bien-etreiris.ch\/de\/produktpraesentation\/gesundes-leben\/electrobiologie\/proteger-eviter\/tissus-de-protection\/swiss-shield-ultima\/#primaryimage"},"image":{"@id":"https:\/\/bien-etreiris.ch\/de\/produktpraesentation\/gesundes-leben\/electrobiologie\/proteger-eviter\/tissus-de-protection\/swiss-shield-ultima\/#primaryimage"},"thumbnailUrl":"https:\/\/bien-etreiris.ch\/wp-content\/uploads\/2024\/10\/acceuil-Ultima-1.jpg","datePublished":"2024-10-11T21:25:58+00:00","dateModified":"2024-10-12T18:53:20+00:00","breadcrumb":{"@id":"https:\/\/bien-etreiris.ch\/de\/produktpraesentation\/gesundes-leben\/electrobiologie\/proteger-eviter\/tissus-de-protection\/swiss-shield-ultima\/#breadcrumb"},"inLanguage":"de","potentialAction":[{"@type":"ReadAction","target":["https:\/\/bien-etreiris.ch\/de\/produktpraesentation\/gesundes-leben\/electrobiologie\/proteger-eviter\/tissus-de-protection\/swiss-shield-ultima\/"]}]},{"@type":"ImageObject","inLanguage":"de","@id":"https:\/\/bien-etreiris.ch\/de\/produktpraesentation\/gesundes-leben\/electrobiologie\/proteger-eviter\/tissus-de-protection\/swiss-shield-ultima\/#primaryimage","url":"https:\/\/bien-etreiris.ch\/wp-content\/uploads\/2024\/10\/acceuil-Ultima-1.jpg","contentUrl":"https:\/\/bien-etreiris.ch\/wp-content\/uploads\/2024\/10\/acceuil-Ultima-1.jpg","width":500,"height":333},{"@type":"BreadcrumbList","@id":"https:\/\/bien-etreiris.ch\/de\/produktpraesentation\/gesundes-leben\/electrobiologie\/proteger-eviter\/tissus-de-protection\/swiss-shield-ultima\/#breadcrumb","itemListElement":[{"@type":"ListItem","position":1,"name":"Home","item":"https:\/\/bien-etreiris.ch\/de\/"},{"@type":"ListItem","position":2,"name":"PRODUKTPR\u00c4SENTATION","item":"https:\/\/bien-etreiris.ch\/de\/produktpraesentation\/"},{"@type":"ListItem","position":3,"name":"GESUNDES LEBEN","item":"https:\/\/bien-etreiris.ch\/de\/produktpraesentation\/gesundes-leben\/"},{"@type":"ListItem","position":4,"name":"ELECTROBIOLOGIE","item":"https:\/\/bien-etreiris.ch\/de\/produktpraesentation\/gesundes-leben\/electrobiologie\/"},{"@type":"ListItem","position":5,"name":"PROTEGER-EVITER","item":"https:\/\/bien-etreiris.ch\/de\/produktpraesentation\/gesundes-leben\/electrobiologie\/proteger-eviter\/"},{"@type":"ListItem","position":6,"name":"TISSUS","item":"https:\/\/bien-etreiris.ch\/de\/produktpraesentation\/gesundes-leben\/electrobiologie\/proteger-eviter\/tissus-de-protection\/"},{"@type":"ListItem","position":7,"name":"ULTIMA"}]},{"@type":"WebSite","@id":"https:\/\/bien-etreiris.ch\/de\/#website","url":"https:\/\/bien-etreiris.ch\/de\/","name":"Bien-\u00eatre Iris","description":"IHRE Gesundheit ist uns wichtig","potentialAction":[{"@type":"SearchAction","target":{"@type":"EntryPoint","urlTemplate":"https:\/\/bien-etreiris.ch\/de\/?s={search_term_string}"},"query-input":{"@type":"PropertyValueSpecification","valueRequired":true,"valueName":"search_term_string"}}],"inLanguage":"de"}]}},"_links":{"self":[{"href":"https:\/\/bien-etreiris.ch\/de\/wp-json\/wp\/v2\/pages\/91158","targetHints":{"allow":["GET"]}}],"collection":[{"href":"https:\/\/bien-etreiris.ch\/de\/wp-json\/wp\/v2\/pages"}],"about":[{"href":"https:\/\/bien-etreiris.ch\/de\/wp-json\/wp\/v2\/types\/page"}],"author":[{"embeddable":true,"href":"https:\/\/bien-etreiris.ch\/de\/wp-json\/wp\/v2\/users\/1"}],"replies":[{"embeddable":true,"href":"https:\/\/bien-etreiris.ch\/de\/wp-json\/wp\/v2\/comments?post=91158"}],"version-history":[{"count":7,"href":"https:\/\/bien-etreiris.ch\/de\/wp-json\/wp\/v2\/pages\/91158\/revisions"}],"predecessor-version":[{"id":91204,"href":"https:\/\/bien-etreiris.ch\/de\/wp-json\/wp\/v2\/pages\/91158\/revisions\/91204"}],"up":[{"embeddable":true,"href":"https:\/\/bien-etreiris.ch\/de\/wp-json\/wp\/v2\/pages\/90842"}],"wp:featuredmedia":[{"embeddable":true,"href":"https:\/\/bien-etreiris.ch\/de\/wp-json\/wp\/v2\/media\/91155"}],"wp:attachment":[{"href":"https:\/\/bien-etreiris.ch\/de\/wp-json\/wp\/v2\/media?parent=91158"}],"curies":[{"name":"wp","href":"https:\/\/api.w.org\/{rel}","templated":true}]}}