{"id":91149,"date":"2024-10-11T23:22:49","date_gmt":"2024-10-11T21:22:49","guid":{"rendered":"https:\/\/bien-etreiris.ch\/produktpraesentation\/gesundes-leben\/electrobiologie\/proteger-eviter\/tissus-de-protection\/sanustex\/"},"modified":"2024-10-11T23:23:38","modified_gmt":"2024-10-11T21:23:38","slug":"sanustex","status":"publish","type":"page","link":"https:\/\/bien-etreiris.ch\/de\/produktpraesentation\/gesundes-leben\/electrobiologie\/proteger-eviter\/tissus-de-protection\/sanustex\/","title":{"rendered":"SANUSTEX"},"content":{"rendered":"<h2><strong>Sanustex tissu de blindage haut HF et BF &gt; 75dB 108cm, conducteur <em>doit \u00eatre mis \u00e0 la terre<\/em>.<\/strong><\/h2>\n<p><img loading=\"lazy\" decoding=\"async\" class=\"size-full wp-image-91144 alignleft\" src=\"https:\/\/bien-etreiris.ch\/wp-content\/uploads\/2024\/10\/Sanutex-1.jpg\" alt=\"\" width=\"322\" height=\"322\" srcset=\"https:\/\/bien-etreiris.ch\/wp-content\/uploads\/2024\/10\/Sanutex-1.jpg 322w, https:\/\/bien-etreiris.ch\/wp-content\/uploads\/2024\/10\/Sanutex-1-300x300.jpg 300w, https:\/\/bien-etreiris.ch\/wp-content\/uploads\/2024\/10\/Sanutex-1-150x150.jpg 150w\" sizes=\"auto, (max-width: 322px) 100vw, 322px\" \/><\/p>\n<p>&nbsp;<\/p>\n<p>&nbsp;<\/p>\n<p><strong>Sanustex Tissu de 71-84dB \u00e9lectromagn\u00e9tique HF et BF extr\u00eamement \u00e9lev\u00e9 (23 % cuivre, 20 % nickel, 57 % polyester) excellent blindage dans la plage de 30-400 MHz.&nbsp;<\/strong><\/p>\n<p>1 m\u00e8tre largeur 108 +\/- 2 cm de large<\/p>\n<p><strong>Quantit\u00e9 minimale de commande : 1 m\u00e8tre&nbsp;CHF 60.00<\/strong><\/p>\n<p>&nbsp;<\/p>\n<p>&nbsp;<\/p>\n<p>&nbsp;<\/p>\n<p>Les produits en cuivre et en nickel peuvent se d\u00e9colorer avec le temps ! Ce n'est pas un motif de r\u00e9clamation !<\/p>\n<p>Si vous souffrez d'une allergie au cuivre ou au nickel, nous vous d\u00e9conseillons d'utiliser ce produit.<\/p>\n<p>&nbsp;<\/p>\n<table style=\"width: 20.3532%;\" width=\"21%\">\n<thead>\n<tr>\n<td style=\"width: 4.34783%; border-style: solid; border-color: #0ceb26;\" width=\"2%\"><strong>MHz<\/strong><\/td>\n<td style=\"width: 0.0686888%; border-style: solid; border-color: #0ceb26;\" width=\"4%\"><strong>dB<\/strong><\/td>\n<td style=\"width: 1.21359%; border-style: solid; border-color: #0ceb26;\" width=\"2%\"><strong>MHz<\/strong><\/td>\n<td style=\"width: 5.71429%; border-style: solid; border-color: #0ceb26;\" width=\"2%\"><strong>dB<\/strong><\/td>\n<\/tr>\n<tr>\n<td style=\"width: 4.34783%; border-style: solid; border-color: #0ceb26;\" width=\"2%\">30<\/td>\n<td style=\"width: 0.0686888%; border-style: solid; border-color: #0ceb26;\" width=\"4%\">75.1<\/td>\n<td style=\"width: 1.21359%; border-style: solid; border-color: #0ceb26;\" width=\"2%\">500<\/td>\n<td style=\"width: 5.71429%; border-style: solid; border-color: #0ceb26;\" width=\"2%\">85.4<\/td>\n<\/tr>\n<tr>\n<td style=\"width: 4.34783%; border-style: solid; border-color: #0ceb26;\" width=\"2%\">40<\/td>\n<td style=\"width: 0.0686888%; border-style: solid; border-color: #0ceb26;\" width=\"4%\">78.2<\/td>\n<td style=\"width: 1.21359%; border-style: solid; border-color: #0ceb26;\" width=\"2%\">600<\/td>\n<td style=\"width: 5.71429%; border-style: solid; border-color: #0ceb26;\" width=\"2%\">88.5<\/td>\n<\/tr>\n<tr>\n<td style=\"width: 4.34783%; border-style: solid; border-color: #0ceb26;\" width=\"2%\">50<\/td>\n<td style=\"width: 0.0686888%; border-style: solid; border-color: #0ceb26;\" width=\"4%\">81.3<\/td>\n<td style=\"width: 1.21359%; border-style: solid; border-color: #0ceb26;\" width=\"2%\">700<\/td>\n<td style=\"width: 5.71429%; border-style: solid; border-color: #0ceb26;\" width=\"2%\">89.8<\/td>\n<\/tr>\n<tr>\n<td style=\"width: 4.34783%; border-style: solid; border-color: #0ceb26;\" width=\"2%\">60<\/td>\n<td style=\"width: 0.0686888%; border-style: solid; border-color: #0ceb26;\" width=\"4%\">80.3<\/td>\n<td style=\"width: 1.21359%; border-style: solid; border-color: #0ceb26;\" width=\"2%\">800<\/td>\n<td style=\"width: 5.71429%; border-style: solid; border-color: #0ceb26;\" width=\"2%\">91.5<\/td>\n<\/tr>\n<tr>\n<td style=\"width: 4.34783%; border-style: solid; border-color: #0ceb26;\" width=\"2%\">70<\/td>\n<td style=\"width: 0.0686888%; border-style: solid; border-color: #0ceb26;\" width=\"4%\">80.7<\/td>\n<td style=\"width: 1.21359%; border-style: solid; border-color: #0ceb26;\" width=\"2%\">900<\/td>\n<td style=\"width: 5.71429%; border-style: solid; border-color: #0ceb26;\" width=\"2%\">92<\/td>\n<\/tr>\n<tr>\n<td style=\"width: 4.34783%; border-style: solid; border-color: #0ceb26;\" width=\"2%\">80<\/td>\n<td style=\"width: 0.0686888%; border-style: solid; border-color: #0ceb26;\" width=\"4%\">81.5<\/td>\n<td style=\"width: 1.21359%; border-style: solid; border-color: #0ceb26;\" width=\"2%\">1000<\/td>\n<td style=\"width: 5.71429%; border-style: solid; border-color: #0ceb26;\" width=\"2%\">92.5<\/td>\n<\/tr>\n<tr>\n<td style=\"width: 4.34783%; border-style: solid; border-color: #0ceb26;\" width=\"2%\">90<\/td>\n<td style=\"width: 0.0686888%; border-style: solid; border-color: #0ceb26;\" width=\"4%\">80.2<\/td>\n<td style=\"width: 1.21359%; border-style: solid; border-color: #0ceb26;\" width=\"2%\">1100<\/td>\n<td style=\"width: 5.71429%; border-style: solid; border-color: #0ceb26;\" width=\"2%\">91.3<\/td>\n<\/tr>\n<tr>\n<td style=\"width: 4.34783%; border-style: solid; border-color: #0ceb26;\" width=\"2%\">100<\/td>\n<td style=\"width: 0.0686888%; border-style: solid; border-color: #0ceb26;\" width=\"4%\">79.9<\/td>\n<td style=\"width: 1.21359%; border-style: solid; border-color: #0ceb26;\" width=\"2%\">1200<\/td>\n<td style=\"width: 5.71429%; border-style: solid; border-color: #0ceb26;\" width=\"2%\">89.8<\/td>\n<\/tr>\n<tr>\n<td style=\"width: 4.34783%; border-style: solid; border-color: #0ceb26;\" width=\"2%\">200<\/td>\n<td style=\"width: 0.0686888%; border-style: solid; border-color: #0ceb26;\" width=\"4%\">83.9<\/td>\n<td style=\"width: 1.21359%; border-style: solid; border-color: #0ceb26;\" width=\"2%\">1300<\/td>\n<td style=\"width: 5.71429%; border-style: solid; border-color: #0ceb26;\" width=\"2%\">89.8<\/td>\n<\/tr>\n<tr>\n<td style=\"width: 4.34783%; border-style: solid; border-color: #0ceb26;\" width=\"2%\">300<\/td>\n<td style=\"width: 0.0686888%; border-style: solid; border-color: #0ceb26;\" width=\"4%\">83<\/td>\n<td style=\"width: 1.21359%; border-style: solid; border-color: #0ceb26;\" width=\"2%\">1400<\/td>\n<td style=\"width: 5.71429%; border-style: solid; border-color: #0ceb26;\" width=\"2%\">88.1<\/td>\n<\/tr>\n<tr>\n<td style=\"width: 4.34783%; border-style: solid; border-color: #0ceb26;\" width=\"2%\">400<\/td>\n<td style=\"width: 0.0686888%; border-style: solid; border-color: #0ceb26;\" width=\"4%\">82.4<\/td>\n<td style=\"width: 1.21359%; border-style: solid; border-color: #0ceb26;\" width=\"2%\">1500<\/td>\n<td style=\"width: 5.71429%; border-style: solid; border-color: #0ceb26;\" width=\"2%\">91.7<\/td>\n<\/tr>\n<\/thead>\n<\/table>\n<p><strong>&nbsp;<\/strong><\/p>\n<p><strong>&nbsp;<\/strong><\/p>\n<h4><strong>Domaines d'application :<\/strong><\/h4>\n<ul style=\"list-style-type: disc;\">\n<li>Rideaux<\/li>\n<li>Panneaux<\/li>\n<li>Pochettes pour t\u00e9l\u00e9phone portable<\/li>\n<li>Sacs pour ordinateurs portables<\/li>\n<li>Blindage d'appareils techniques<\/li>\n<li>Blindage d'appareils m\u00e9dicaux<\/li>\n<li>Housses ext\u00e9rieures de sacs de couchage<\/li>\n<li>Partiellement adapt\u00e9 aux v\u00eatements de protection<\/li>\n<li>Protection RFID<\/li>\n<\/ul>\n<h4>&nbsp;<\/h4>\n<h4><strong>Entretien :<\/strong><\/h4>\n<p>lavable en machine \u00e0 l'eau froide \u00e0 30 degr\u00e9s maximum, pas de repassage, pas de blanchiment, pas de nettoyage \u00e0 sec<\/p>\n<p>Domaines d'application : Tapis de sol, support de matelas<\/p>\n<p>Conducteur \u00e9lectrique. Doit \u00eatre contact\u00e9 et mis \u00e0 la terre pour la protection contre les champs \u00e9lectriques alternatifs (BF) ! Nous recommandons de le faire :<\/p>\n<p>&nbsp;<\/p>\n<h4><strong>Mise \u00e0 la terre<\/strong><\/h4>\n<ul>\n<li><strong>1 plaque de mise \u00e0 la terre viss\u00e9e GS <\/strong>et un <strong>c\u00e2ble de mise \u00e0 la terre GC 2,5 mm div. longueurs<\/strong> transparent, tr\u00e8s flexible. (Non compris dans la livraison).<\/li>\n<li>Le c\u00e2ble de mise \u00e0 la terre jusqu'\u00e0 la prise de courant est raccord\u00e9 \u00e0 la plaque de mise \u00e0 la terre.<\/li>\n<li>Longueurs disponibles : GC-20 (20 cm), GC-100 (1 m), GC-200 (2 m), GC-500 (5 m), GC- 1000 (10 m).<\/li>\n<li><strong>Prise de terre (Suisse), Prise de terre Europe<\/strong><\/li>\n<\/ul>\n<p>&nbsp;<\/p>\n<p>Avant de commander des produits qui doivent \u00eatre mis \u00e0 la terre, veuillez v\u00e9rifier aupr\u00e8s d'un \u00e9lectricien sp\u00e9cialis\u00e9 si votre appartement ou votre maison est adapt\u00e9 \u00e0 une mise \u00e0 la terre. La mise \u00e0 la terre doit imp\u00e9rativement \u00eatre contr\u00f4l\u00e9e par un sp\u00e9cialiste (\u00e9lectricien). Il y a danger de mort !<\/p>\n<p>&nbsp;<\/p>\n","protected":false},"excerpt":{"rendered":"<p>Sanustex tissu de blindage haut HF et BF &gt; 75dB 108cm, conducteur doit \u00eatre mis \u00e0 la terre. &nbsp; &nbsp; Sanustex Tissu de 71-84dB \u00e9lectromagn\u00e9tique HF et BF extr\u00eamement \u00e9lev\u00e9 (23 % cuivre, 20 % nickel, 57 % polyester) excellent blindage dans la plage de 30-400 MHz.&nbsp; 1 m\u00e8tre largeur 108 +\/- 2 cm de large Quantit\u00e9 minimale de commande&nbsp;<a href=\"https:\/\/bien-etreiris.ch\/de\/produktpraesentation\/gesundes-leben\/electrobiologie\/proteger-eviter\/tissus-de-protection\/sanustex\/\" class=\"read-more\">Weiter lesen<\/a><\/p>\n","protected":false},"author":1,"featured_media":91143,"parent":90842,"menu_order":1144,"comment_status":"closed","ping_status":"closed","template":"page-with-child.php","meta":{"_acf_changed":false,"ngg_post_thumbnail":0,"footnotes":""},"class_list":["post-91149","page","type-page","status-publish","has-post-thumbnail","hentry"],"acf":[],"yoast_head":"<!-- This site is optimized with the Yoast SEO plugin v27.5 - https:\/\/yoast.com\/product\/yoast-seo-wordpress\/ -->\n<title>SANUSTEX - WOHLBEFINDEN<\/title>\n<meta name=\"robots\" content=\"index, follow, max-snippet:-1, max-image-preview:large, max-video-preview:-1\" \/>\n<link rel=\"canonical\" href=\"https:\/\/bien-etreiris.ch\/de\/produktpraesentation\/gesundes-leben\/electrobiologie\/proteger-eviter\/tissus-de-protection\/sanustex\/\" \/>\n<meta property=\"og:locale\" content=\"de_DE\" \/>\n<meta property=\"og:type\" content=\"article\" \/>\n<meta property=\"og:title\" content=\"SANUSTEX - WOHLBEFINDEN\" \/>\n<meta property=\"og:description\" content=\"Sanustex tissu de blindage haut HF et BF &gt; 75dB 108cm, conducteur doit \u00eatre mis \u00e0 la terre. &nbsp; &nbsp; Sanustex Tissu de 71-84dB \u00e9lectromagn\u00e9tique HF et BF extr\u00eamement \u00e9lev\u00e9 (23 % cuivre, 20 % nickel, 57 % polyester) excellent blindage dans la plage de 30-400 MHz.&nbsp; 1 m\u00e8tre largeur 108 +\/- 2 cm de large Quantit\u00e9 minimale de commande&nbsp;Weiter lesen\" \/>\n<meta property=\"og:url\" content=\"https:\/\/bien-etreiris.ch\/de\/produktpraesentation\/gesundes-leben\/electrobiologie\/proteger-eviter\/tissus-de-protection\/sanustex\/\" \/>\n<meta property=\"og:site_name\" content=\"WOHLBEFINDEN\" \/>\n<meta property=\"article:publisher\" content=\"https:\/\/www.facebook.com\/bienetreiris\/\" \/>\n<meta property=\"article:modified_time\" content=\"2024-10-11T21:23:38+00:00\" \/>\n<meta property=\"og:image\" content=\"https:\/\/bien-etreiris.ch\/wp-content\/uploads\/2024\/10\/acceuil-Sanutex-1.jpg\" \/>\n\t<meta property=\"og:image:width\" content=\"500\" \/>\n\t<meta property=\"og:image:height\" content=\"333\" \/>\n\t<meta property=\"og:image:type\" content=\"image\/jpeg\" \/>\n<meta name=\"twitter:label1\" content=\"Gesch\u00e4tzte Lesezeit\" \/>\n\t<meta name=\"twitter:data1\" content=\"3\u00a0Minuten\" \/>\n<script type=\"application\/ld+json\" class=\"yoast-schema-graph\">{\"@context\":\"https:\\\/\\\/schema.org\",\"@graph\":[{\"@type\":\"WebPage\",\"@id\":\"https:\\\/\\\/bien-etreiris.ch\\\/de\\\/produktpraesentation\\\/gesundes-leben\\\/electrobiologie\\\/proteger-eviter\\\/tissus-de-protection\\\/sanustex\\\/\",\"url\":\"https:\\\/\\\/bien-etreiris.ch\\\/de\\\/produktpraesentation\\\/gesundes-leben\\\/electrobiologie\\\/proteger-eviter\\\/tissus-de-protection\\\/sanustex\\\/\",\"name\":\"SANUSTEX - WOHLBEFINDEN\",\"isPartOf\":{\"@id\":\"https:\\\/\\\/bien-etreiris.ch\\\/de\\\/#website\"},\"primaryImageOfPage\":{\"@id\":\"https:\\\/\\\/bien-etreiris.ch\\\/de\\\/produktpraesentation\\\/gesundes-leben\\\/electrobiologie\\\/proteger-eviter\\\/tissus-de-protection\\\/sanustex\\\/#primaryimage\"},\"image\":{\"@id\":\"https:\\\/\\\/bien-etreiris.ch\\\/de\\\/produktpraesentation\\\/gesundes-leben\\\/electrobiologie\\\/proteger-eviter\\\/tissus-de-protection\\\/sanustex\\\/#primaryimage\"},\"thumbnailUrl\":\"https:\\\/\\\/bien-etreiris.ch\\\/wp-content\\\/uploads\\\/2024\\\/10\\\/acceuil-Sanutex-1.jpg\",\"datePublished\":\"2024-10-11T21:22:49+00:00\",\"dateModified\":\"2024-10-11T21:23:38+00:00\",\"breadcrumb\":{\"@id\":\"https:\\\/\\\/bien-etreiris.ch\\\/de\\\/produktpraesentation\\\/gesundes-leben\\\/electrobiologie\\\/proteger-eviter\\\/tissus-de-protection\\\/sanustex\\\/#breadcrumb\"},\"inLanguage\":\"de\",\"potentialAction\":[{\"@type\":\"ReadAction\",\"target\":[\"https:\\\/\\\/bien-etreiris.ch\\\/de\\\/produktpraesentation\\\/gesundes-leben\\\/electrobiologie\\\/proteger-eviter\\\/tissus-de-protection\\\/sanustex\\\/\"]}]},{\"@type\":\"ImageObject\",\"inLanguage\":\"de\",\"@id\":\"https:\\\/\\\/bien-etreiris.ch\\\/de\\\/produktpraesentation\\\/gesundes-leben\\\/electrobiologie\\\/proteger-eviter\\\/tissus-de-protection\\\/sanustex\\\/#primaryimage\",\"url\":\"https:\\\/\\\/bien-etreiris.ch\\\/wp-content\\\/uploads\\\/2024\\\/10\\\/acceuil-Sanutex-1.jpg\",\"contentUrl\":\"https:\\\/\\\/bien-etreiris.ch\\\/wp-content\\\/uploads\\\/2024\\\/10\\\/acceuil-Sanutex-1.jpg\",\"width\":500,\"height\":333},{\"@type\":\"BreadcrumbList\",\"@id\":\"https:\\\/\\\/bien-etreiris.ch\\\/de\\\/produktpraesentation\\\/gesundes-leben\\\/electrobiologie\\\/proteger-eviter\\\/tissus-de-protection\\\/sanustex\\\/#breadcrumb\",\"itemListElement\":[{\"@type\":\"ListItem\",\"position\":1,\"name\":\"Home\",\"item\":\"https:\\\/\\\/bien-etreiris.ch\\\/de\\\/\"},{\"@type\":\"ListItem\",\"position\":2,\"name\":\"PRODUKTPR\u00c4SENTATION\",\"item\":\"https:\\\/\\\/bien-etreiris.ch\\\/de\\\/produktpraesentation\\\/\"},{\"@type\":\"ListItem\",\"position\":3,\"name\":\"GESUNDES LEBEN\",\"item\":\"https:\\\/\\\/bien-etreiris.ch\\\/de\\\/produktpraesentation\\\/gesundes-leben\\\/\"},{\"@type\":\"ListItem\",\"position\":4,\"name\":\"ELECTROBIOLOGIE\",\"item\":\"https:\\\/\\\/bien-etreiris.ch\\\/de\\\/produktpraesentation\\\/gesundes-leben\\\/electrobiologie\\\/\"},{\"@type\":\"ListItem\",\"position\":5,\"name\":\"PROTEGER-EVITER\",\"item\":\"https:\\\/\\\/bien-etreiris.ch\\\/de\\\/produktpraesentation\\\/gesundes-leben\\\/electrobiologie\\\/proteger-eviter\\\/\"},{\"@type\":\"ListItem\",\"position\":6,\"name\":\"TISSUS\",\"item\":\"https:\\\/\\\/bien-etreiris.ch\\\/de\\\/produktpraesentation\\\/gesundes-leben\\\/electrobiologie\\\/proteger-eviter\\\/tissus-de-protection\\\/\"},{\"@type\":\"ListItem\",\"position\":7,\"name\":\"SANUSTEX\"}]},{\"@type\":\"WebSite\",\"@id\":\"https:\\\/\\\/bien-etreiris.ch\\\/de\\\/#website\",\"url\":\"https:\\\/\\\/bien-etreiris.ch\\\/de\\\/\",\"name\":\"Bien-\u00eatre Iris\",\"description\":\"IHRE Gesundheit ist uns wichtig\",\"potentialAction\":[{\"@type\":\"SearchAction\",\"target\":{\"@type\":\"EntryPoint\",\"urlTemplate\":\"https:\\\/\\\/bien-etreiris.ch\\\/de\\\/?s={search_term_string}\"},\"query-input\":{\"@type\":\"PropertyValueSpecification\",\"valueRequired\":true,\"valueName\":\"search_term_string\"}}],\"inLanguage\":\"de\"}]}<\/script>\n<!-- \/ Yoast SEO plugin. -->","yoast_head_json":{"title":"SANUSTEX - WOHLBEFINDEN","robots":{"index":"index","follow":"follow","max-snippet":"max-snippet:-1","max-image-preview":"max-image-preview:large","max-video-preview":"max-video-preview:-1"},"canonical":"https:\/\/bien-etreiris.ch\/de\/produktpraesentation\/gesundes-leben\/electrobiologie\/proteger-eviter\/tissus-de-protection\/sanustex\/","og_locale":"de_DE","og_type":"article","og_title":"SANUSTEX - WOHLBEFINDEN","og_description":"Sanustex tissu de blindage haut HF et BF &gt; 75dB 108cm, conducteur doit \u00eatre mis \u00e0 la terre. &nbsp; &nbsp; Sanustex Tissu de 71-84dB \u00e9lectromagn\u00e9tique HF et BF extr\u00eamement \u00e9lev\u00e9 (23 % cuivre, 20 % nickel, 57 % polyester) excellent blindage dans la plage de 30-400 MHz.&nbsp; 1 m\u00e8tre largeur 108 +\/- 2 cm de large Quantit\u00e9 minimale de commande&nbsp;Weiter lesen","og_url":"https:\/\/bien-etreiris.ch\/de\/produktpraesentation\/gesundes-leben\/electrobiologie\/proteger-eviter\/tissus-de-protection\/sanustex\/","og_site_name":"WOHLBEFINDEN","article_publisher":"https:\/\/www.facebook.com\/bienetreiris\/","article_modified_time":"2024-10-11T21:23:38+00:00","og_image":[{"width":500,"height":333,"url":"https:\/\/bien-etreiris.ch\/wp-content\/uploads\/2024\/10\/acceuil-Sanutex-1.jpg","type":"image\/jpeg"}],"twitter_misc":{"Gesch\u00e4tzte Lesezeit":"3\u00a0Minuten"},"schema":{"@context":"https:\/\/schema.org","@graph":[{"@type":"WebPage","@id":"https:\/\/bien-etreiris.ch\/de\/produktpraesentation\/gesundes-leben\/electrobiologie\/proteger-eviter\/tissus-de-protection\/sanustex\/","url":"https:\/\/bien-etreiris.ch\/de\/produktpraesentation\/gesundes-leben\/electrobiologie\/proteger-eviter\/tissus-de-protection\/sanustex\/","name":"SANUSTEX - WOHLBEFINDEN","isPartOf":{"@id":"https:\/\/bien-etreiris.ch\/de\/#website"},"primaryImageOfPage":{"@id":"https:\/\/bien-etreiris.ch\/de\/produktpraesentation\/gesundes-leben\/electrobiologie\/proteger-eviter\/tissus-de-protection\/sanustex\/#primaryimage"},"image":{"@id":"https:\/\/bien-etreiris.ch\/de\/produktpraesentation\/gesundes-leben\/electrobiologie\/proteger-eviter\/tissus-de-protection\/sanustex\/#primaryimage"},"thumbnailUrl":"https:\/\/bien-etreiris.ch\/wp-content\/uploads\/2024\/10\/acceuil-Sanutex-1.jpg","datePublished":"2024-10-11T21:22:49+00:00","dateModified":"2024-10-11T21:23:38+00:00","breadcrumb":{"@id":"https:\/\/bien-etreiris.ch\/de\/produktpraesentation\/gesundes-leben\/electrobiologie\/proteger-eviter\/tissus-de-protection\/sanustex\/#breadcrumb"},"inLanguage":"de","potentialAction":[{"@type":"ReadAction","target":["https:\/\/bien-etreiris.ch\/de\/produktpraesentation\/gesundes-leben\/electrobiologie\/proteger-eviter\/tissus-de-protection\/sanustex\/"]}]},{"@type":"ImageObject","inLanguage":"de","@id":"https:\/\/bien-etreiris.ch\/de\/produktpraesentation\/gesundes-leben\/electrobiologie\/proteger-eviter\/tissus-de-protection\/sanustex\/#primaryimage","url":"https:\/\/bien-etreiris.ch\/wp-content\/uploads\/2024\/10\/acceuil-Sanutex-1.jpg","contentUrl":"https:\/\/bien-etreiris.ch\/wp-content\/uploads\/2024\/10\/acceuil-Sanutex-1.jpg","width":500,"height":333},{"@type":"BreadcrumbList","@id":"https:\/\/bien-etreiris.ch\/de\/produktpraesentation\/gesundes-leben\/electrobiologie\/proteger-eviter\/tissus-de-protection\/sanustex\/#breadcrumb","itemListElement":[{"@type":"ListItem","position":1,"name":"Home","item":"https:\/\/bien-etreiris.ch\/de\/"},{"@type":"ListItem","position":2,"name":"PRODUKTPR\u00c4SENTATION","item":"https:\/\/bien-etreiris.ch\/de\/produktpraesentation\/"},{"@type":"ListItem","position":3,"name":"GESUNDES LEBEN","item":"https:\/\/bien-etreiris.ch\/de\/produktpraesentation\/gesundes-leben\/"},{"@type":"ListItem","position":4,"name":"ELECTROBIOLOGIE","item":"https:\/\/bien-etreiris.ch\/de\/produktpraesentation\/gesundes-leben\/electrobiologie\/"},{"@type":"ListItem","position":5,"name":"PROTEGER-EVITER","item":"https:\/\/bien-etreiris.ch\/de\/produktpraesentation\/gesundes-leben\/electrobiologie\/proteger-eviter\/"},{"@type":"ListItem","position":6,"name":"TISSUS","item":"https:\/\/bien-etreiris.ch\/de\/produktpraesentation\/gesundes-leben\/electrobiologie\/proteger-eviter\/tissus-de-protection\/"},{"@type":"ListItem","position":7,"name":"SANUSTEX"}]},{"@type":"WebSite","@id":"https:\/\/bien-etreiris.ch\/de\/#website","url":"https:\/\/bien-etreiris.ch\/de\/","name":"Bien-\u00eatre Iris","description":"IHRE Gesundheit ist uns wichtig","potentialAction":[{"@type":"SearchAction","target":{"@type":"EntryPoint","urlTemplate":"https:\/\/bien-etreiris.ch\/de\/?s={search_term_string}"},"query-input":{"@type":"PropertyValueSpecification","valueRequired":true,"valueName":"search_term_string"}}],"inLanguage":"de"}]}},"_links":{"self":[{"href":"https:\/\/bien-etreiris.ch\/de\/wp-json\/wp\/v2\/pages\/91149","targetHints":{"allow":["GET"]}}],"collection":[{"href":"https:\/\/bien-etreiris.ch\/de\/wp-json\/wp\/v2\/pages"}],"about":[{"href":"https:\/\/bien-etreiris.ch\/de\/wp-json\/wp\/v2\/types\/page"}],"author":[{"embeddable":true,"href":"https:\/\/bien-etreiris.ch\/de\/wp-json\/wp\/v2\/users\/1"}],"replies":[{"embeddable":true,"href":"https:\/\/bien-etreiris.ch\/de\/wp-json\/wp\/v2\/comments?post=91149"}],"version-history":[{"count":1,"href":"https:\/\/bien-etreiris.ch\/de\/wp-json\/wp\/v2\/pages\/91149\/revisions"}],"predecessor-version":[{"id":91151,"href":"https:\/\/bien-etreiris.ch\/de\/wp-json\/wp\/v2\/pages\/91149\/revisions\/91151"}],"up":[{"embeddable":true,"href":"https:\/\/bien-etreiris.ch\/de\/wp-json\/wp\/v2\/pages\/90842"}],"wp:featuredmedia":[{"embeddable":true,"href":"https:\/\/bien-etreiris.ch\/de\/wp-json\/wp\/v2\/media\/91143"}],"wp:attachment":[{"href":"https:\/\/bien-etreiris.ch\/de\/wp-json\/wp\/v2\/media?parent=91149"}],"curies":[{"name":"wp","href":"https:\/\/api.w.org\/{rel}","templated":true}]}}