{"id":90963,"date":"2024-10-10T01:13:59","date_gmt":"2024-10-09T23:13:59","guid":{"rendered":"https:\/\/bien-etreiris.ch\/produktpraesentation\/gesundes-leben\/electrobiologie\/proteger-eviter\/appareils\/detecteur-de-bracelet-micro\/"},"modified":"2024-10-10T01:25:36","modified_gmt":"2024-10-09T23:25:36","slug":"detecteur-de-bracelet-micro","status":"publish","type":"page","link":"https:\/\/bien-etreiris.ch\/de\/produktpraesentation\/gesundes-leben\/electrobiologie\/proteger-eviter\/appareils\/detecteur-de-bracelet-micro\/","title":{"rendered":"DETECTEUR"},"content":{"rendered":"<h2>Le d\u00e9tecteur de bracelet d'alarme HF portable Son et s\u00e9curit\u00e9 MICRO<\/h2>\n<p>&nbsp;<\/p>\n<p><img loading=\"lazy\" decoding=\"async\" class=\"wp-image-90968  alignleft\" src=\"https:\/\/bien-etreiris.ch\/wp-content\/uploads\/2024\/10\/boite-1.jpg\" alt=\"\" width=\"212\" height=\"239\" srcset=\"https:\/\/bien-etreiris.ch\/wp-content\/uploads\/2024\/10\/boite-1.jpg 338w, https:\/\/bien-etreiris.ch\/wp-content\/uploads\/2024\/10\/boite-1-266x300.jpg 266w\" sizes=\"auto, (max-width: 212px) 100vw, 212px\" \/>Le premier de son genre, le d\u00e9tecteur Safe and Sound Micro RF haute fr\u00e9quence, est un d\u00e9tecteur portable de type bracelet. Gamme de fr\u00e9quences de 700 MHz \u00e0 9 GHz.<\/p>\n<p><b>D\u00e9tecteur portable son MICRO CHF 339.00<\/b><\/p>\n<p>D\u00e9tecteur RF certifi\u00e9 par NEMKO avec une gamme de fr\u00e9quences compl\u00e8te de 700 MHz \u00e0 9 GHz.<\/p>\n<p>Le premier de son genre, le d\u00e9tecteur Safe and Sound Micro RF, est un d\u00e9tecteur portable \u00e0 bracelet. Cet appareil est un produit innovant de notre propre conception et de notre propre technologie et vous avertit par une l\u00e9g\u00e8re vibration lorsque le rayonnement ambiant sans fil d\u00e9passe votre niveau d'exposition souhait\u00e9.<\/p>\n<p>En outre, les LED de couleur indiquent l'intensit\u00e9 de l'exposition aux rayonnements en appuyant sur un bouton.<\/p>\n<p>&nbsp;<\/p>\n<h4>CARACTERISTIQUES<\/h4>\n<ul>\n<li>Design dans le style d'une montre-bracelet. Le bracelet est noir et en silicone.<\/li>\n<li>Fonction d'alarme r\u00e9glable sur huit niveaux de vibration diff\u00e9rents. Il peut \u00e9galement \u00eatre r\u00e9gl\u00e9 sur quatre amplitudes de vibration diff\u00e9rentes.<\/li>\n<li>Des indicateurs lumineux LED \u00e0 code couleur ont identifi\u00e9 huit niveaux d'effort :<\/li>\n<\/ul>\n<p>&nbsp;<\/p>\n<h4>DETAILS<\/h4>\n<ul>\n<li>D\u00e9tecte les RF dans les limites de 700 MHz et 9 GHz - y compris les radiations de la t\u00e9l\u00e9phonie mobile 5G, les t\u00e9l\u00e9phones sans fil, les t\u00e9l\u00e9phones portables, les tours de t\u00e9l\u00e9phonie mobile, les moniteurs pour b\u00e9b\u00e9s, les compteurs intelligents, les appareils Bluetooth, les routeurs WLAN (\u00e0 la fois 2,4 et 5 GHz), les fours \u00e0 micro-ondes, les consoles de jeux vid\u00e9o et les radars d'a\u00e9roport.<\/li>\n<li>Laboratoire de test RF certifi\u00e9 - NEMKO<\/li>\n<li>Utilise une technologie de mesure de pointe et est sensible \u00e0 moins de 1 <sup>\u00b5W\/m2<\/sup><\/li>\n<li>Pas d'\u00e9mission de CEM, con\u00e7u pour les personnes hypersensibles \u00e0 l'\u00e9lectricit\u00e9<\/li>\n<li>Biocompatible - Conforme aux exigences de l'USP classe I-VI et aux directives de la FDA am\u00e9ricaine pour les appareils \u00e0 surface cutan\u00e9e intacte<\/li>\n<li>Bracelet : 36 mm x 31 mm x 11 mm (1,4\u00ab x 1,2 \u00bb x 0,4\")<\/li>\n<li>Fonctionne sur batterie ; 1 batterie lithium-ion rechargeable offre 1 \u00e0 3 jours de surveillance (avant recharge)<\/li>\n<li>Con\u00e7u au Canada ; fabriqu\u00e9 au Canada et aux \u00c9tats-Unis<\/li>\n<li>D\u00e9tecteur HF \/ Alarme HF<\/li>\n<\/ul>\n<p>&nbsp;<\/p>\n<h4>SPECIFICATIONS<\/h4>\n<ul>\n<li>Gamme compl\u00e8te de fr\u00e9quences de l'appareil de mesure : 700MHz - 9GHz<\/li>\n<li>Pr\u00e9cision : Certifi\u00e9 par une tierce partie - rapport de test inclus<\/li>\n<li>Plage de mesure : &lt;0.<sup>1\u03bcW\/m2<\/sup> \u00e0 &gt;1 000 000 <sup>\u00b5W\/m2<\/sup><\/li>\n<li>Taux d'\u00e9chantillonnage : &lt;5 \u03bcs<\/li>\n<\/ul>\n<p>&nbsp;<\/p>\n<h4>CONTENU DE LA LIVRAISON<\/h4>\n<ul>\n<li>Micro-d\u00e9tecteur HF \/ alarme HF s\u00fbr et solide<\/li>\n<li>Bracelet en silicone<\/li>\n<li>Chargeur USB et c\u00e2ble de charge<\/li>\n<li>1 batterie lithium-ion rechargeable (incluse dans l'appareil)<\/li>\n<li>Manuel d'utilisation<\/li>\n<li>2 ans de garantie<\/li>\n<\/ul>\n<p>&nbsp;<\/p>\n<h4>APPLICATIONS<\/h4>\n<ul>\n<li>Soyez averti chaque fois que votre exposition aux RF d\u00e9passe un niveau souhait\u00e9.<\/li>\n<li>Personnalisable avec 8 niveaux de vibration diff\u00e9rents.<\/li>\n<li>D\u00e9termination rapide des RF pr\u00e9sentes dans votre environnement dans les limites de 700 MHz et 9 GHz par simple pression sur un bouton.<\/li>\n<li>Quelques-unes des sources les plus courantes que l'appareil de mesure peut d\u00e9tecter :<\/li>\n<li>\u00c9missions de compteurs intelligents<\/li>\n<li>Routeurs WLAN (aussi bien les canaux 2,4 que 5 GHz)<\/li>\n<li>Antennes de t\u00e9l\u00e9phonie mobile, <b>2G, 3G, 4G<\/b> et <b>5G<\/b><\/li>\n<li>\u00c9missions des t\u00e9l\u00e9phones portables<\/li>\n<li>T\u00e9l\u00e9phones domestiques sans fil<\/li>\n<li>Appareils Bluetooth<\/li>\n<li>Moniteurs pour b\u00e9b\u00e9<\/li>\n<li>Radars d'a\u00e9roports<\/li>\n<li>D\u00e9tection de fuites dans les fours \u00e0 micro-ondes<\/li>\n<li>Consoles de jeux vid\u00e9o<\/li>\n<\/ul>\n<p>&nbsp;<\/p>\n<p><span style=\"color: #ff0000;\">AVERTISSEMENT<\/span><\/p>\n<p><span style=\"color: #ff0000;\">Le Safe &amp; Sound MICRO n'est pas con\u00e7u pour \u00eatre mouill\u00e9. Le circuit imprim\u00e9 interne est recouvert d'un rev\u00eatement protecteur pour prot\u00e9ger la plupart des circuits, mais pas la batterie. Le circuit imprim\u00e9 comporte \u00e9galement un disque indicateur d'humidit\u00e9. La garantie est annul\u00e9e si ce disque indicateur est entr\u00e9 en contact avec de l'eau.<\/span><\/p>\n","protected":false},"excerpt":{"rendered":"<p>Le d\u00e9tecteur de bracelet d'alarme HF portable Son et s\u00e9curit\u00e9 MICRO &nbsp; Le premier de son genre, le d\u00e9tecteur Safe and Sound Micro RF haute fr\u00e9quence, est un d\u00e9tecteur portable de type bracelet. Gamme de fr\u00e9quences de 700 MHz \u00e0 9 GHz. D\u00e9tecteur portable son MICRO CHF 339.00 D\u00e9tecteur RF certifi\u00e9 par NEMKO avec une gamme de fr\u00e9quences compl\u00e8te de&nbsp;<a href=\"https:\/\/bien-etreiris.ch\/de\/produktpraesentation\/gesundes-leben\/electrobiologie\/proteger-eviter\/appareils\/detecteur-de-bracelet-micro\/\" class=\"read-more\">Weiter lesen<\/a><\/p>\n","protected":false},"author":1,"featured_media":90960,"parent":90748,"menu_order":1185,"comment_status":"closed","ping_status":"closed","template":"page-with-child.php","meta":{"_acf_changed":false,"ngg_post_thumbnail":0,"footnotes":""},"class_list":["post-90963","page","type-page","status-publish","has-post-thumbnail","hentry"],"acf":[],"yoast_head":"<!-- This site is optimized with the Yoast SEO plugin v27.5 - https:\/\/yoast.com\/product\/yoast-seo-wordpress\/ -->\n<title>DETECTEUR - WOHLBEFINDEN<\/title>\n<meta name=\"robots\" content=\"index, follow, max-snippet:-1, max-image-preview:large, max-video-preview:-1\" \/>\n<link rel=\"canonical\" href=\"https:\/\/bien-etreiris.ch\/de\/produktpraesentation\/gesundes-leben\/electrobiologie\/proteger-eviter\/appareils\/detecteur-de-bracelet-micro\/\" \/>\n<meta property=\"og:locale\" content=\"de_DE\" \/>\n<meta property=\"og:type\" content=\"article\" \/>\n<meta property=\"og:title\" content=\"DETECTEUR - WOHLBEFINDEN\" \/>\n<meta property=\"og:description\" content=\"Le d\u00e9tecteur de bracelet d&#039;alarme HF portable Son et s\u00e9curit\u00e9 MICRO &nbsp; Le premier de son genre, le d\u00e9tecteur Safe and Sound Micro RF haute fr\u00e9quence, est un d\u00e9tecteur portable de type bracelet. Gamme de fr\u00e9quences de 700 MHz \u00e0 9 GHz. D\u00e9tecteur portable son MICRO CHF 339.00 D\u00e9tecteur RF certifi\u00e9 par NEMKO avec une gamme de fr\u00e9quences compl\u00e8te de&nbsp;Weiter lesen\" \/>\n<meta property=\"og:url\" content=\"https:\/\/bien-etreiris.ch\/de\/produktpraesentation\/gesundes-leben\/electrobiologie\/proteger-eviter\/appareils\/detecteur-de-bracelet-micro\/\" \/>\n<meta property=\"og:site_name\" content=\"WOHLBEFINDEN\" \/>\n<meta property=\"article:publisher\" content=\"https:\/\/www.facebook.com\/bienetreiris\/\" \/>\n<meta property=\"article:modified_time\" content=\"2024-10-09T23:25:36+00:00\" \/>\n<meta property=\"og:image\" content=\"https:\/\/bien-etreiris.ch\/wp-content\/uploads\/2024\/10\/acceuil-micro-detecteur.jpg\" \/>\n\t<meta property=\"og:image:width\" content=\"500\" \/>\n\t<meta property=\"og:image:height\" content=\"333\" \/>\n\t<meta property=\"og:image:type\" content=\"image\/jpeg\" \/>\n<meta name=\"twitter:label1\" content=\"Gesch\u00e4tzte Lesezeit\" \/>\n\t<meta name=\"twitter:data1\" content=\"1\u00a0Minute\" \/>\n<script type=\"application\/ld+json\" class=\"yoast-schema-graph\">{\"@context\":\"https:\\\/\\\/schema.org\",\"@graph\":[{\"@type\":\"WebPage\",\"@id\":\"https:\\\/\\\/bien-etreiris.ch\\\/de\\\/produktpraesentation\\\/gesundes-leben\\\/electrobiologie\\\/proteger-eviter\\\/appareils\\\/detecteur-de-bracelet-micro\\\/\",\"url\":\"https:\\\/\\\/bien-etreiris.ch\\\/de\\\/produktpraesentation\\\/gesundes-leben\\\/electrobiologie\\\/proteger-eviter\\\/appareils\\\/detecteur-de-bracelet-micro\\\/\",\"name\":\"DETECTEUR - WOHLBEFINDEN\",\"isPartOf\":{\"@id\":\"https:\\\/\\\/bien-etreiris.ch\\\/de\\\/#website\"},\"primaryImageOfPage\":{\"@id\":\"https:\\\/\\\/bien-etreiris.ch\\\/de\\\/produktpraesentation\\\/gesundes-leben\\\/electrobiologie\\\/proteger-eviter\\\/appareils\\\/detecteur-de-bracelet-micro\\\/#primaryimage\"},\"image\":{\"@id\":\"https:\\\/\\\/bien-etreiris.ch\\\/de\\\/produktpraesentation\\\/gesundes-leben\\\/electrobiologie\\\/proteger-eviter\\\/appareils\\\/detecteur-de-bracelet-micro\\\/#primaryimage\"},\"thumbnailUrl\":\"https:\\\/\\\/bien-etreiris.ch\\\/wp-content\\\/uploads\\\/2024\\\/10\\\/acceuil-micro-detecteur.jpg\",\"datePublished\":\"2024-10-09T23:13:59+00:00\",\"dateModified\":\"2024-10-09T23:25:36+00:00\",\"breadcrumb\":{\"@id\":\"https:\\\/\\\/bien-etreiris.ch\\\/de\\\/produktpraesentation\\\/gesundes-leben\\\/electrobiologie\\\/proteger-eviter\\\/appareils\\\/detecteur-de-bracelet-micro\\\/#breadcrumb\"},\"inLanguage\":\"de\",\"potentialAction\":[{\"@type\":\"ReadAction\",\"target\":[\"https:\\\/\\\/bien-etreiris.ch\\\/de\\\/produktpraesentation\\\/gesundes-leben\\\/electrobiologie\\\/proteger-eviter\\\/appareils\\\/detecteur-de-bracelet-micro\\\/\"]}]},{\"@type\":\"ImageObject\",\"inLanguage\":\"de\",\"@id\":\"https:\\\/\\\/bien-etreiris.ch\\\/de\\\/produktpraesentation\\\/gesundes-leben\\\/electrobiologie\\\/proteger-eviter\\\/appareils\\\/detecteur-de-bracelet-micro\\\/#primaryimage\",\"url\":\"https:\\\/\\\/bien-etreiris.ch\\\/wp-content\\\/uploads\\\/2024\\\/10\\\/acceuil-micro-detecteur.jpg\",\"contentUrl\":\"https:\\\/\\\/bien-etreiris.ch\\\/wp-content\\\/uploads\\\/2024\\\/10\\\/acceuil-micro-detecteur.jpg\",\"width\":500,\"height\":333},{\"@type\":\"BreadcrumbList\",\"@id\":\"https:\\\/\\\/bien-etreiris.ch\\\/de\\\/produktpraesentation\\\/gesundes-leben\\\/electrobiologie\\\/proteger-eviter\\\/appareils\\\/detecteur-de-bracelet-micro\\\/#breadcrumb\",\"itemListElement\":[{\"@type\":\"ListItem\",\"position\":1,\"name\":\"Home\",\"item\":\"https:\\\/\\\/bien-etreiris.ch\\\/de\\\/\"},{\"@type\":\"ListItem\",\"position\":2,\"name\":\"PRODUKTPR\u00c4SENTATION\",\"item\":\"https:\\\/\\\/bien-etreiris.ch\\\/de\\\/produktpraesentation\\\/\"},{\"@type\":\"ListItem\",\"position\":3,\"name\":\"GESUNDES LEBEN\",\"item\":\"https:\\\/\\\/bien-etreiris.ch\\\/de\\\/produktpraesentation\\\/gesundes-leben\\\/\"},{\"@type\":\"ListItem\",\"position\":4,\"name\":\"ELECTROBIOLOGIE\",\"item\":\"https:\\\/\\\/bien-etreiris.ch\\\/de\\\/produktpraesentation\\\/gesundes-leben\\\/electrobiologie\\\/\"},{\"@type\":\"ListItem\",\"position\":5,\"name\":\"PROTEGER-EVITER\",\"item\":\"https:\\\/\\\/bien-etreiris.ch\\\/de\\\/produktpraesentation\\\/gesundes-leben\\\/electrobiologie\\\/proteger-eviter\\\/\"},{\"@type\":\"ListItem\",\"position\":6,\"name\":\"APPAREILS &#8230;\",\"item\":\"https:\\\/\\\/bien-etreiris.ch\\\/de\\\/produktpraesentation\\\/gesundes-leben\\\/electrobiologie\\\/proteger-eviter\\\/appareils\\\/\"},{\"@type\":\"ListItem\",\"position\":7,\"name\":\"DETECTEUR\"}]},{\"@type\":\"WebSite\",\"@id\":\"https:\\\/\\\/bien-etreiris.ch\\\/de\\\/#website\",\"url\":\"https:\\\/\\\/bien-etreiris.ch\\\/de\\\/\",\"name\":\"Bien-\u00eatre Iris\",\"description\":\"IHRE Gesundheit ist uns wichtig\",\"potentialAction\":[{\"@type\":\"SearchAction\",\"target\":{\"@type\":\"EntryPoint\",\"urlTemplate\":\"https:\\\/\\\/bien-etreiris.ch\\\/de\\\/?s={search_term_string}\"},\"query-input\":{\"@type\":\"PropertyValueSpecification\",\"valueRequired\":true,\"valueName\":\"search_term_string\"}}],\"inLanguage\":\"de\"}]}<\/script>\n<!-- \/ Yoast SEO plugin. -->","yoast_head_json":{"title":"DETECTEUR - WOHLBEFINDEN","robots":{"index":"index","follow":"follow","max-snippet":"max-snippet:-1","max-image-preview":"max-image-preview:large","max-video-preview":"max-video-preview:-1"},"canonical":"https:\/\/bien-etreiris.ch\/de\/produktpraesentation\/gesundes-leben\/electrobiologie\/proteger-eviter\/appareils\/detecteur-de-bracelet-micro\/","og_locale":"de_DE","og_type":"article","og_title":"DETECTEUR - WOHLBEFINDEN","og_description":"Le d\u00e9tecteur de bracelet d'alarme HF portable Son et s\u00e9curit\u00e9 MICRO &nbsp; Le premier de son genre, le d\u00e9tecteur Safe and Sound Micro RF haute fr\u00e9quence, est un d\u00e9tecteur portable de type bracelet. Gamme de fr\u00e9quences de 700 MHz \u00e0 9 GHz. D\u00e9tecteur portable son MICRO CHF 339.00 D\u00e9tecteur RF certifi\u00e9 par NEMKO avec une gamme de fr\u00e9quences compl\u00e8te de&nbsp;Weiter lesen","og_url":"https:\/\/bien-etreiris.ch\/de\/produktpraesentation\/gesundes-leben\/electrobiologie\/proteger-eviter\/appareils\/detecteur-de-bracelet-micro\/","og_site_name":"WOHLBEFINDEN","article_publisher":"https:\/\/www.facebook.com\/bienetreiris\/","article_modified_time":"2024-10-09T23:25:36+00:00","og_image":[{"width":500,"height":333,"url":"https:\/\/bien-etreiris.ch\/wp-content\/uploads\/2024\/10\/acceuil-micro-detecteur.jpg","type":"image\/jpeg"}],"twitter_misc":{"Gesch\u00e4tzte Lesezeit":"1\u00a0Minute"},"schema":{"@context":"https:\/\/schema.org","@graph":[{"@type":"WebPage","@id":"https:\/\/bien-etreiris.ch\/de\/produktpraesentation\/gesundes-leben\/electrobiologie\/proteger-eviter\/appareils\/detecteur-de-bracelet-micro\/","url":"https:\/\/bien-etreiris.ch\/de\/produktpraesentation\/gesundes-leben\/electrobiologie\/proteger-eviter\/appareils\/detecteur-de-bracelet-micro\/","name":"DETECTEUR - WOHLBEFINDEN","isPartOf":{"@id":"https:\/\/bien-etreiris.ch\/de\/#website"},"primaryImageOfPage":{"@id":"https:\/\/bien-etreiris.ch\/de\/produktpraesentation\/gesundes-leben\/electrobiologie\/proteger-eviter\/appareils\/detecteur-de-bracelet-micro\/#primaryimage"},"image":{"@id":"https:\/\/bien-etreiris.ch\/de\/produktpraesentation\/gesundes-leben\/electrobiologie\/proteger-eviter\/appareils\/detecteur-de-bracelet-micro\/#primaryimage"},"thumbnailUrl":"https:\/\/bien-etreiris.ch\/wp-content\/uploads\/2024\/10\/acceuil-micro-detecteur.jpg","datePublished":"2024-10-09T23:13:59+00:00","dateModified":"2024-10-09T23:25:36+00:00","breadcrumb":{"@id":"https:\/\/bien-etreiris.ch\/de\/produktpraesentation\/gesundes-leben\/electrobiologie\/proteger-eviter\/appareils\/detecteur-de-bracelet-micro\/#breadcrumb"},"inLanguage":"de","potentialAction":[{"@type":"ReadAction","target":["https:\/\/bien-etreiris.ch\/de\/produktpraesentation\/gesundes-leben\/electrobiologie\/proteger-eviter\/appareils\/detecteur-de-bracelet-micro\/"]}]},{"@type":"ImageObject","inLanguage":"de","@id":"https:\/\/bien-etreiris.ch\/de\/produktpraesentation\/gesundes-leben\/electrobiologie\/proteger-eviter\/appareils\/detecteur-de-bracelet-micro\/#primaryimage","url":"https:\/\/bien-etreiris.ch\/wp-content\/uploads\/2024\/10\/acceuil-micro-detecteur.jpg","contentUrl":"https:\/\/bien-etreiris.ch\/wp-content\/uploads\/2024\/10\/acceuil-micro-detecteur.jpg","width":500,"height":333},{"@type":"BreadcrumbList","@id":"https:\/\/bien-etreiris.ch\/de\/produktpraesentation\/gesundes-leben\/electrobiologie\/proteger-eviter\/appareils\/detecteur-de-bracelet-micro\/#breadcrumb","itemListElement":[{"@type":"ListItem","position":1,"name":"Home","item":"https:\/\/bien-etreiris.ch\/de\/"},{"@type":"ListItem","position":2,"name":"PRODUKTPR\u00c4SENTATION","item":"https:\/\/bien-etreiris.ch\/de\/produktpraesentation\/"},{"@type":"ListItem","position":3,"name":"GESUNDES LEBEN","item":"https:\/\/bien-etreiris.ch\/de\/produktpraesentation\/gesundes-leben\/"},{"@type":"ListItem","position":4,"name":"ELECTROBIOLOGIE","item":"https:\/\/bien-etreiris.ch\/de\/produktpraesentation\/gesundes-leben\/electrobiologie\/"},{"@type":"ListItem","position":5,"name":"PROTEGER-EVITER","item":"https:\/\/bien-etreiris.ch\/de\/produktpraesentation\/gesundes-leben\/electrobiologie\/proteger-eviter\/"},{"@type":"ListItem","position":6,"name":"APPAREILS &#8230;","item":"https:\/\/bien-etreiris.ch\/de\/produktpraesentation\/gesundes-leben\/electrobiologie\/proteger-eviter\/appareils\/"},{"@type":"ListItem","position":7,"name":"DETECTEUR"}]},{"@type":"WebSite","@id":"https:\/\/bien-etreiris.ch\/de\/#website","url":"https:\/\/bien-etreiris.ch\/de\/","name":"Bien-\u00eatre Iris","description":"IHRE Gesundheit ist uns wichtig","potentialAction":[{"@type":"SearchAction","target":{"@type":"EntryPoint","urlTemplate":"https:\/\/bien-etreiris.ch\/de\/?s={search_term_string}"},"query-input":{"@type":"PropertyValueSpecification","valueRequired":true,"valueName":"search_term_string"}}],"inLanguage":"de"}]}},"_links":{"self":[{"href":"https:\/\/bien-etreiris.ch\/de\/wp-json\/wp\/v2\/pages\/90963","targetHints":{"allow":["GET"]}}],"collection":[{"href":"https:\/\/bien-etreiris.ch\/de\/wp-json\/wp\/v2\/pages"}],"about":[{"href":"https:\/\/bien-etreiris.ch\/de\/wp-json\/wp\/v2\/types\/page"}],"author":[{"embeddable":true,"href":"https:\/\/bien-etreiris.ch\/de\/wp-json\/wp\/v2\/users\/1"}],"replies":[{"embeddable":true,"href":"https:\/\/bien-etreiris.ch\/de\/wp-json\/wp\/v2\/comments?post=90963"}],"version-history":[{"count":2,"href":"https:\/\/bien-etreiris.ch\/de\/wp-json\/wp\/v2\/pages\/90963\/revisions"}],"predecessor-version":[{"id":90976,"href":"https:\/\/bien-etreiris.ch\/de\/wp-json\/wp\/v2\/pages\/90963\/revisions\/90976"}],"up":[{"embeddable":true,"href":"https:\/\/bien-etreiris.ch\/de\/wp-json\/wp\/v2\/pages\/90748"}],"wp:featuredmedia":[{"embeddable":true,"href":"https:\/\/bien-etreiris.ch\/de\/wp-json\/wp\/v2\/media\/90960"}],"wp:attachment":[{"href":"https:\/\/bien-etreiris.ch\/de\/wp-json\/wp\/v2\/media?parent=90963"}],"curies":[{"name":"wp","href":"https:\/\/api.w.org\/{rel}","templated":true}]}}